{"id":10636,"date":"2022-11-14T13:04:35","date_gmt":"2022-11-14T12:04:35","guid":{"rendered":"https:\/\/lfsportevents.pl\/openfutsal2024\/?page_id=10636"},"modified":"2025-02-03T18:30:16","modified_gmt":"2025-02-03T17:30:16","slug":"terminarz-wyniki","status":"publish","type":"page","link":"https:\/\/lfsportevents.pl\/openfutsal2024\/turniej-walentynkowy\/terminarz-wyniki\/","title":{"rendered":"Terminarz \/ Wyniki"},"content":{"rendered":"<p>&#x26bd; <strong><span style=\"color: #993300;\">GRUPA A:<\/span><\/strong><br \/>\n1. Mak-Bud (12 pkt) AWANS<br \/>\n2. Galacticos Team (9 pkt) AWANS<br \/>\n3. Pabud (4 pkt)<br \/>\n4. Black Sheeps (2 pkt)<br \/>\n5. Drink Team (1 pkt)<\/p>\n<p>&#x26bd;<span style=\"color: #993300;\"><strong> GRUPA B:<\/strong><\/span><br \/>\n1. Olimp Team (10 pkt) AWANS<br \/>\n2. La Nepiwo (7 pkt) AWANS<br \/>\n3. KNiZ\/Resimdo (6 pkt)<br \/>\n4. Alkoboye (5 pkt)<br \/>\n5. Jako Tako Team (0 pkt)<\/p>\n<p>&#x1f449; <strong><span style=\"color: #993300;\">GRUPA A<\/span><\/strong><br \/>\nDRINK TEAM : BLACK SHEEPS 1:1<br \/>\nGALACTICOS TEAM : PABUD 1:0<br \/>\nMAK-BUD : BLACK SHEEPS 2:1<br \/>\nDRINK TEAM : GALACTICOS TEAM 1:2<br \/>\nMAK-BUD : PABUD 2:0<br \/>\nGALACTICOS TEAM : BLACK SHEEPS 4:1<br \/>\nMAK-BUD : DRINK TEAM 4:0<br \/>\nBLACK SHEEPS : PABUD 3:3<br \/>\nGALACTICOS TEAM : MAK-BUD 1:4<br \/>\nPABUD : DRINK TEAM 4:3<\/p>\n<p>&#x1f449; <strong><span style=\"color: #993300;\">GRUPA B<\/span><\/strong><br \/>\nALKOBOYE : JAKO TAKO TEAM 1:0<br \/>\nKNIZ\/RESIMDO : LA NEPIWO 0:2<br \/>\nOLIMP TEAM : JAKO TAKO TEAM 8:0<br \/>\nALKOBOYE : KNIZ\/RESIMDO 1:2<br \/>\nOLIMP TEAM : LA NEPIWO 2:1<br \/>\n<span style=\"color: #993300;\">KNIZ\/RESIMDO<\/span> : JAKO TAKO TEAM 7:0<br \/>\nOLIMP TEAM : ALKOBOYE 0:0<br \/>\nJAKO TAKO TEAM : LA NEPIWO 1:3<br \/>\nKNIZ\/RESIMDO : OLIMP TEAM 0:4<br \/>\nLA NEPIWO : ALKOBOYE 1:1<\/p>\n<p>&#x26bd; <strong><span style=\"color: #993300;\">GRUPA C:<\/span><\/strong><br \/>\n1. Rolbud (12 pkt) AWANS<br \/>\n2. Agrom Bud Team (7 pkt) AWANS<br \/>\n3. Alu4U (4 pkt)<br \/>\n4. Family Team (3 pkt)<br \/>\n5. MP Walkower (3 pkt)<\/p>\n<p>&#x26bd; <strong><span style=\"color: #993300;\">GRUPA D:<\/span><\/strong><br \/>\n1. StalUp (10 pkt) AWANS<br \/>\n2. Gold Team\/Meble Lorek (7 pkt) AWANS<br \/>\n3. Baz Pal (6 pkt)<br \/>\n4. KKS Stava (3 pkt)<br \/>\n5. San Escobar (1 pkt)<\/p>\n<p>&#x1f449; <strong><span style=\"color: #993300;\">GRUPA C<\/span><\/strong><br \/>\nROLBUD : MP WALKOWER 1:0<br \/>\nALU4U : FAMILY TEAM 2:1<br \/>\nAGROM BUD TEAM : MP WALKOWER 4:1<br \/>\nROLBUD : ALU4U 1:0<br \/>\nAGROM BUD TEAM : FAMILY TEAM 1:0<br \/>\nALU4U : MP WALKOWER 2:7<br \/>\nAGROM BUD TEAM : ROLBUD 0:1<br \/>\nMP WALKOWER : FAMILY TEAM 2:5<br \/>\nALU4U : AGROM BUD TEAM 0:0<br \/>\nFAMILY TEAM : ROLBUD 0:2<\/p>\n<p>&#x1f449;<strong><span style=\"color: #993300;\"> GRUPA D<\/span><\/strong><br \/>\nBAZ PAL : GOLD TEAM\/MEBLE LOREK 2:2<br \/>\nKKS STAVA : SAN ESCOBAR 3:0<br \/>\nSTALUP : GOLD TEAM\/MEBLE LOREK 2:1<br \/>\nBAZ PAL : KKS STAVA 4:0<br \/>\nSTALUP : SAN ESCOBAR 7:2<br \/>\nKKS STAVA : GOLD TEAM\/MEBLE LOREK 1:4<br \/>\nSTALUP : BAZ PAL 0:0<br \/>\nGOLD TEAM\/MEBLE LOREK : SAN ESCOBAR 3:1<br \/>\nKKS STAVA : STALUP 1:4<br \/>\nSAN ESCOBAR : BAZ PAL 1:1<\/p>\n<p>&#x1f449; <strong><span style=\"color: #993300;\">\u0106WIER\u0106FINA\u0141Y<\/span><\/strong><br \/>\nMAK-BUD : GOLD TEAM\/MEBLE LOREK 3:0<br \/>\nOLIMP TEAM : AGROM BUD TEAM 1:0<br \/>\nROLBUD : LA NEPIWO 0:2<br \/>\nSTALUP : GALACTICOS TEAM 1:3<\/p>\n<p>&#x1f449;<strong><span style=\"color: #993300;\"> P\u00d3\u0141FINA\u0141Y<\/span><\/strong><br \/>\nMAK-BUD : OLIMP TEAM 1:3<br \/>\nGALACTICOS TEAM : LA NEPIWO 2:1<\/p>\n<p>&#x1f449; <strong><span style=\"color: #993300;\">MECZ O 3 MIEJSCE<\/span><\/strong><br \/>\nMAK-BUD : LA NEPIWO 2:2 (k. 2:3)<\/p>\n<p>&#x1f449; <strong><span style=\"color: #993300;\">FINA\u0141<\/span><\/strong><br \/>\nOLIMP TEAM : GALACTICOS TEAM 3:1<\/p>\n","protected":false},"excerpt":{"rendered":"<p>&#x26bd; GRUPA A: 1. Mak-Bud (12 pkt) AWANS 2. Galacticos Team (9 pkt) AWANS 3. Pabud (4 pkt) 4. Black Sheeps (2 pkt) 5. Drink Team (1 pkt) &#x26bd; GRUPA B: 1. Olimp Team (10 pkt) AWANS 2. La Nepiwo (7 pkt) AWANS 3. KNiZ\/Resimdo (6 pkt) 4. Alkoboye (5 pkt) 5. Jako Tako Team [&hellip;]<\/p>\n","protected":false},"author":1,"featured_media":0,"parent":10628,"menu_order":0,"comment_status":"closed","ping_status":"closed","template":"","meta":[],"_links":{"self":[{"href":"https:\/\/lfsportevents.pl\/openfutsal2024\/wp-json\/wp\/v2\/pages\/10636"}],"collection":[{"href":"https:\/\/lfsportevents.pl\/openfutsal2024\/wp-json\/wp\/v2\/pages"}],"about":[{"href":"https:\/\/lfsportevents.pl\/openfutsal2024\/wp-json\/wp\/v2\/types\/page"}],"author":[{"embeddable":true,"href":"https:\/\/lfsportevents.pl\/openfutsal2024\/wp-json\/wp\/v2\/users\/1"}],"replies":[{"embeddable":true,"href":"https:\/\/lfsportevents.pl\/openfutsal2024\/wp-json\/wp\/v2\/comments?post=10636"}],"version-history":[{"count":3,"href":"https:\/\/lfsportevents.pl\/openfutsal2024\/wp-json\/wp\/v2\/pages\/10636\/revisions"}],"predecessor-version":[{"id":12887,"href":"https:\/\/lfsportevents.pl\/openfutsal2024\/wp-json\/wp\/v2\/pages\/10636\/revisions\/12887"}],"up":[{"embeddable":true,"href":"https:\/\/lfsportevents.pl\/openfutsal2024\/wp-json\/wp\/v2\/pages\/10628"}],"wp:attachment":[{"href":"https:\/\/lfsportevents.pl\/openfutsal2024\/wp-json\/wp\/v2\/media?parent=10636"}],"curies":[{"name":"wp","href":"https:\/\/api.w.org\/{rel}","templated":true}]}}