{"id":10610,"date":"2022-11-14T12:59:53","date_gmt":"2022-11-14T11:59:53","guid":{"rendered":"https:\/\/lfsportevents.pl\/openfutsal2024\/?page_id=10610"},"modified":"2025-01-13T14:57:32","modified_gmt":"2025-01-13T13:57:32","slug":"terminarz-wyniki","status":"publish","type":"page","link":"https:\/\/lfsportevents.pl\/openfutsal2024\/turniej-noworoczny\/terminarz-wyniki\/","title":{"rendered":"Terminarz \/ Wyniki"},"content":{"rendered":"<p>&#x1f449; <strong><span style=\"color: #993300;\">GRUPA A \u2013 GRUPA B<\/span><\/strong><br \/>\nBAZ PAL : GOLD TEAM\/MEBLE LOREK 0:1<br \/>\nDRINK TEAM : DOMEX STARA WIE\u015a 3:1<br \/>\nTRUCHCIK LIBUSZA : SAN ESCOBAR 5:1<br \/>\nMAK-BUD : MP WALKOWER 2:1<br \/>\nBAZ PAL : DOMEX STARA WIE\u015a 7:2<br \/>\nDRINK TEAM : GOLD TEAM\/MEBLE LOREK 1:0<br \/>\nTRUCHCIK LIBUSZA : MP WALKOWER 2:3<br \/>\nMAK-BUD : SAN ESCOBAR 4:2<br \/>\nDRINK TEAM : BAZ PAL 1:1<br \/>\nGOLD TEAM\/MEBLE LOREK : DOMEX STARA WIE\u015a 2:1<br \/>\nSAN ESCOBAR : MP WALKOWER 1:4<br \/>\nMAK-BUD : TRUCHCIK LIBUSZA 5:0<\/p>\n<p>&#x26bd;<strong><span style=\"color: #993300;\"> GRUPA A:<\/span><\/strong><br \/>\n1. Drink Team (7 pkt) AWANS<br \/>\n2. Gold Team\/Meble Lorek (6 pkt) AWANS<br \/>\n3. Baz Pal (4 pkt)<br \/>\n4. Domex Stara Wie\u015b (0 pkt)<\/p>\n<p>&#x26bd;<strong><span style=\"color: #993300;\"> GRUPA B:<\/span><\/strong><br \/>\n1. Mak-Bud (9 pkt) AWANS<br \/>\n2. MP Walkower (6 pkt) AWANS<br \/>\n3. Truchcik Libusza (3 pkt)<br \/>\n4. San Escobar (0 pkt)<\/p>\n<p>&#x1f449;<strong><span style=\"color: #993300;\"> GRUPA C \u2013 GRUPA D<\/span><\/strong><br \/>\nAGROM BUD TEAM : FAMILY TEAM 1:0<br \/>\nOLIMP TEAM : ALEX ZAKLICZYN 2:1<br \/>\nALKOBOYE : BURKINA FASO 2:0<br \/>\nLA NEPIWO : JAKO TAKO TEAM 5:0<br \/>\nAGROM BUD TEAM : ALEX ZAKLICZYN 2:0<br \/>\nOLIMP TEAM : FAMILY TEAM 8:0<br \/>\nALKOBOYE : JAKO TAKO TEAM 5:0<br \/>\nLA NEPIWO : BURKINA FASO 0:3<br \/>\nOLIMP TEAM : AGROM BUD TEAM 3:1<br \/>\nFAMILY TEAM : ALEX ZAKLICZYN 2:4<br \/>\nBURKINA FASO : JAKO TAKO TEAM 2:0<br \/>\nLA NEPIWO : ALKOBOYE 0:3<\/p>\n<p>&#x26bd; <strong><span style=\"color: #993300;\">GRUPA C:<\/span><\/strong><br \/>\n1. Olimp Team (9 pkt) AWANS<br \/>\n2. Agrom Bud Team (6 pkt) AWANS<br \/>\n3. Alex Zakliczyn (3 pkt)<br \/>\n4. Family Team (0 pkt)<\/p>\n<p>&#x26bd; <strong><span style=\"color: #993300;\">GRUPA D:<\/span><\/strong><br \/>\n1. Alkoboye (9 pkt) AWANS<br \/>\n2. Burkina Faso (6 pkt) AWANS<br \/>\n3. La Nepiwo (3 pkt)<br \/>\n4. Jako Tako Team (0 pkt)<\/p>\n<p>&#x1f449; <strong><span style=\"color: #993300;\">GRUPA E \u2013 GRUPA F<\/span><\/strong><br \/>\nROLBUD : KKS STAVA 1:0<br \/>\nSTALUP : FIZJO FORMA 1:0<br \/>\nGALACTICOS TEAM : ALU4U 2:1<br \/>\nPABUD : KNIZ\/RESIMDO 1:2<br \/>\nROLBUD : FIZJO FORMA 5:0<br \/>\nSTALUP : KKS STAVA 3:0<br \/>\nGALACTICOS TEAM : KNIZ\/RESIMDO 1:0<br \/>\nPABUD : ALU4U 0:0<br \/>\nSTALUP : ROLBUD 3:0<br \/>\nKKS STAVA : FIZJO FORMA 1:1<br \/>\nALU4U : KNIZ\/RESIMDO 1:2<br \/>\nPABUD : GALACTICOS TEAM 2:0<\/p>\n<p>&#x26bd; <strong><span style=\"color: #993300;\">GRUPA E:<\/span><\/strong><br \/>\n1. StalUp (9 pkt) AWANS<br \/>\n2. Rolbud (6 pkt) AWANS<br \/>\n3. KKS Stava (1 pkt)<br \/>\n4. Fizjo Forma (1 pkt)<\/p>\n<p>&#x26bd;<strong><span style=\"color: #993300;\"> GRUPA F:<\/span><\/strong><br \/>\n1. Galacticos Team (6 pkt) AWANS<br \/>\n2. KNiZ\/Resimdo (6 pkt) AWANS<br \/>\n3. Pabud (4 pkt)<br \/>\n4. Alu4u (1 pkt)<\/p>\n<p>&#x1f449; <strong><span style=\"color: #993300;\">\u0106WIER\u0106FINA\u0141Y<\/span><\/strong><br \/>\nDRINK TEAM : KNIZ\/RESIMDO 2:2 (k. 2:3)<br \/>\nMAK-BUD : ROLBUD 2:1<br \/>\nOLIMP TEAM : BURKINA FASO 2:1<br \/>\nALKOBOYE : AGROM BUD TEAM 0:0 (k. 1:3)<br \/>\nSTALUP : MP WALKOWER 1:0<br \/>\nGALACTICOS TEAM : GOLD TEAM\/MEBLE LOREK 1:0<\/p>\n<p>&#x1f449; <strong><span style=\"color: #993300;\">P\u00d3\u0141FINA\u0141Y<\/span><\/strong><br \/>\nKNIZ\/RESIMDO : MAK-BUD 0:0 (k. 2:3)<br \/>\nOLIMP TEAM : AGROM BUD TEAM 0:0 (k. 5:4)<br \/>\nSTALUP : GALACTICOS TEAM 3:0<\/p>\n<p>&#x1f449; <strong><span style=\"color: #993300;\">FINA\u0141Y<\/span><\/strong><br \/>\nMAK-BUD : OLIPM TEAM 1:1<br \/>\nSTALUP : MAK-BUD 1:1<br \/>\nOLIMP TEAM : STALUP 4:1<\/p>\n","protected":false},"excerpt":{"rendered":"<p>&#x1f449; GRUPA A \u2013 GRUPA B BAZ PAL : GOLD TEAM\/MEBLE LOREK 0:1 DRINK TEAM : DOMEX STARA WIE\u015a 3:1 TRUCHCIK LIBUSZA : SAN ESCOBAR 5:1 MAK-BUD : MP WALKOWER 2:1 BAZ PAL : DOMEX STARA WIE\u015a 7:2 DRINK TEAM : GOLD TEAM\/MEBLE LOREK 1:0 TRUCHCIK LIBUSZA : MP WALKOWER 2:3 MAK-BUD : SAN ESCOBAR [&hellip;]<\/p>\n","protected":false},"author":1,"featured_media":0,"parent":10602,"menu_order":0,"comment_status":"closed","ping_status":"closed","template":"","meta":[],"_links":{"self":[{"href":"https:\/\/lfsportevents.pl\/openfutsal2024\/wp-json\/wp\/v2\/pages\/10610"}],"collection":[{"href":"https:\/\/lfsportevents.pl\/openfutsal2024\/wp-json\/wp\/v2\/pages"}],"about":[{"href":"https:\/\/lfsportevents.pl\/openfutsal2024\/wp-json\/wp\/v2\/types\/page"}],"author":[{"embeddable":true,"href":"https:\/\/lfsportevents.pl\/openfutsal2024\/wp-json\/wp\/v2\/users\/1"}],"replies":[{"embeddable":true,"href":"https:\/\/lfsportevents.pl\/openfutsal2024\/wp-json\/wp\/v2\/comments?post=10610"}],"version-history":[{"count":2,"href":"https:\/\/lfsportevents.pl\/openfutsal2024\/wp-json\/wp\/v2\/pages\/10610\/revisions"}],"predecessor-version":[{"id":12831,"href":"https:\/\/lfsportevents.pl\/openfutsal2024\/wp-json\/wp\/v2\/pages\/10610\/revisions\/12831"}],"up":[{"embeddable":true,"href":"https:\/\/lfsportevents.pl\/openfutsal2024\/wp-json\/wp\/v2\/pages\/10602"}],"wp:attachment":[{"href":"https:\/\/lfsportevents.pl\/openfutsal2024\/wp-json\/wp\/v2\/media?parent=10610"}],"curies":[{"name":"wp","href":"https:\/\/api.w.org\/{rel}","templated":true}]}}