{"id":10584,"date":"2022-11-14T12:54:24","date_gmt":"2022-11-14T11:54:24","guid":{"rendered":"https:\/\/lfsportevents.pl\/openfutsal2024\/?page_id=10584"},"modified":"2024-12-27T17:09:09","modified_gmt":"2024-12-27T16:09:09","slug":"terminarz-wyniki","status":"publish","type":"page","link":"https:\/\/lfsportevents.pl\/openfutsal2024\/turniej-mikolajkowy\/terminarz-wyniki\/","title":{"rendered":"Terminarz \/ Wyniki"},"content":{"rendered":"<div class=\"x11i5rnm xat24cr x1mh8g0r x1vvkbs xtlvy1s x126k92a\">\n<div dir=\"auto\">\n<p><span class=\"x1xsqp64 xiy17q3 x1o6pynw x19co3pv xdj266r xcwd3tp xat24cr x39eecv x2b8uid\" data-testid=\"emoji\"><span class=\"xexx8yu xn5pp95 x18d9i69 x2fxd7x x3jgonx x1bhl96m\">&#x1f449;<\/span><\/span><strong><span style=\"color: #993300;\"> GRUPA A &#8211; GRUPA B<\/span><\/strong><br \/>\nBYSEK TEAM : PABUD 0:3<br \/>\nGALACTICOS TEAM : ALU4U 2:0<br \/>\nBLACK SHEEPS : ALEX ZAKLICZYN 2:2<br \/>\nDRINK TEAM : DOMEX STARA WIE\u015a 2:1<br \/>\nBYSEK TEAM : ALU4U 1:0<br \/>\nGALACTICOS TEAM : PABUD 0:0<br \/>\nBLACK SHEEPS : DOMEX STARA WIE\u015a 1:2<br \/>\nDRINK TEAM : ALEX ZAKLICZYN 2:0<br \/>\nGALACTICOS TEAM : BYSEK TEAM 5:1<br \/>\nPABUD : ALU4U 4:1<br \/>\nALEX ZAKLICZYN : DOMEX STARA WIE\u015a 3:1<br \/>\nDRINK TEAM : BLACK SHEEPS 4:5<\/p>\n<p><span class=\"x1xsqp64 xiy17q3 x1o6pynw x19co3pv xdj266r xcwd3tp xat24cr x39eecv x2b8uid\" data-testid=\"emoji\"><span class=\"xexx8yu xn5pp95 x18d9i69 x2fxd7x x3jgonx x1bhl96m\">&#x26bd;<\/span><\/span> <strong><span style=\"color: #993300;\">GRUPA A:<\/span><\/strong><br \/>\n1. Pabud (7 pkt) AWANS<br \/>\n2. Galacticos Team (7 pkt) AWANS<br \/>\n3. Bysek Team (3 pkt)<br \/>\n4. Alu4U (0 pkt)<\/p>\n<p><span class=\"x1xsqp64 xiy17q3 x1o6pynw x19co3pv xdj266r xcwd3tp xat24cr x39eecv x2b8uid\" data-testid=\"emoji\"><span class=\"xexx8yu xn5pp95 x18d9i69 x2fxd7x x3jgonx x1bhl96m\">&#x26bd;<\/span><\/span> <strong><span style=\"color: #993300;\">GRUPA B:<\/span><\/strong><br \/>\n1. Drink Team (6 pkt) AWANS<br \/>\n2. Black Sheeps (4 pkt) AWANS<br \/>\n3. Alex Zakliczyn (4 pkt)<br \/>\n4. Domex Stara Wie\u015b (3 pkt)<\/p>\n<p><span class=\"x1xsqp64 xiy17q3 x1o6pynw x19co3pv xdj266r xcwd3tp xat24cr x39eecv x2b8uid\" data-testid=\"emoji\"><span class=\"xexx8yu xn5pp95 x18d9i69 x2fxd7x x3jgonx x1bhl96m\">&#x1f449;<\/span><\/span> <strong><span style=\"color: #993300;\">GRUPA C &#8211; GRUPA D<\/span><\/strong><br \/>\nSAN ESCOBAR : ROLBUD 2:0<br \/>\nKNIZ\/RESIMDO : FC KING 3:0<br \/>\nAGROM BUD TEAM : FAMILY TEAM 2:0<br \/>\nOLIMP TEAM : FIZJO FORMA 5:2<br \/>\nSAN ESCOBAR : FC KING 2:1<br \/>\nKNIZ\/RESIMDO : ROLBUD 1:2<br \/>\nAGROM BUD TEAM : FIZJO FORMA 3:0<br \/>\nOLIMP TEAM : FAMILY TEAM 6:3<br \/>\nKNIZ\/RESIMDO : SAN ESCOBAR 4:0<br \/>\nROLBUD : FC KING 5:0<br \/>\nFAMILY TEAM : FIZJO FORMA 3:6<br \/>\nOLIMP TEAM : AGROM BUD TEAM 0:0<\/p>\n<p><span class=\"x1xsqp64 xiy17q3 x1o6pynw x19co3pv xdj266r xcwd3tp xat24cr x39eecv x2b8uid\" data-testid=\"emoji\"><span class=\"xexx8yu xn5pp95 x18d9i69 x2fxd7x x3jgonx x1bhl96m\">&#x26bd;<\/span><\/span> <strong><span style=\"color: #993300;\">GRUPA C:<\/span><\/strong><br \/>\n1. KNiZ\/Resimdo (6 pkt) AWANS<br \/>\n2. Rolbud (6 pkt) AWANS<br \/>\n3. San Escobar (6 pkt)<br \/>\n4. FC King (0 pkt)<\/p>\n<p><span class=\"x1xsqp64 xiy17q3 x1o6pynw x19co3pv xdj266r xcwd3tp xat24cr x39eecv x2b8uid\" data-testid=\"emoji\"><span class=\"xexx8yu xn5pp95 x18d9i69 x2fxd7x x3jgonx x1bhl96m\">&#x26bd;<\/span><\/span> <strong><span style=\"color: #993300;\">GRUPA D:<\/span><\/strong><br \/>\n1. Olimp Team (7 pkt) AWANS<br \/>\n2. Agrom Bud Team (7 pkt) AWANS<br \/>\n3. Fizjo Forma (3 pkt)<br \/>\n4. Family Team (0 pkt)<\/p>\n<\/div>\n<\/div>\n<p>&#x1f449; <strong><span style=\"color: #993300;\">GRUPA E &#8211; GRUPA F<\/span><\/strong><br \/>\nBAMBO : MP WALKOWER 0:2<br \/>\nSTALUP : BURKINA FASO 4:1<br \/>\nKKS STAVA : KADECI TEAM 2:1<br \/>\nLA NEPIWO : ALKOBOYE 3:1<br \/>\nBAMBO : BURKINA FASO 2:1<br \/>\nSTALUP : MP WALKOWER 3:0<br \/>\nKKS STAVA : ALKOBOYE 2:3<br \/>\nLA NEPIWO : KADECI TEAM 3:0<br \/>\nSTALUP : BAMBO 4:0<br \/>\nMP WALKOWER : BURKINA FASO 1:1<br \/>\nKADECI TEAM : ALKOBOYE 0:3<br \/>\nLA NEPIWO : KKS STAVA 1:1<\/p>\n<p>&#x26bd; <strong><span style=\"color: #993300;\">GRUPA E:<\/span><\/strong><br \/>\n1. StalUp (9 pkt) AWANS<br \/>\n2. MP Walkower (4 pkt) AWANS<br \/>\n3. Bambo (3 pkt)<br \/>\n4. Burkina Faso (1 pkt)<\/p>\n<p>&#x26bd; <strong><span style=\"color: #993300;\">GRUPA F:<\/span><\/strong><br \/>\n1. La Nepiwo (7 pkt) AWANS<br \/>\n2. Alkoboye (6 pkt) AWANS<br \/>\n3. KKS Stava (4 pkt)<br \/>\n4. Kadeci Team (0 pkt)<\/p>\n<p>&#x1f449; <strong><span style=\"color: #993300;\">GRUPA G &#8211; GRUPA H<\/span><\/strong><br \/>\nKS NIEPODLEG\u0141O\u015aCI : GOLD TEAM\/MEBLE LOREK 0:9<br \/>\nBAZ PAL : CHLEJPIONS LEAGUE 9:0<br \/>\nAJAK UNITED MIELEC : JAKO TAKO TEAM 1:1<br \/>\nMAK-BUD : CZARNI NA FALI 7:0<br \/>\nKS NIEPODLEG\u0141O\u015aCI : CHLEJPIONS LEAGUE 1:2<br \/>\nBAZ PAL : GOLD TEAM\/MEBLE LOREK 0:2<br \/>\nAJAK UNITED MIELEC : CZARNI NA FALI 1:2<br \/>\nMAK-BUD : JAKO TAKO TEAM 4:1<br \/>\nBAZ PAL : KS NIEPODLEG\u0141O\u015aCI 7:0<br \/>\nGOLD TEAM\/MEBLE LOREK : CHLEJPIONS LEAGUE 8:0<br \/>\nJAKO TAKO TEAM : CZARNI NA FALI 1:1<br \/>\nMAK-BUD : AJAK UNITED MIELEC 8:0<\/p>\n<p>&#x26bd; <strong><span style=\"color: #993300;\">GRUPA G:<\/span><\/strong><br \/>\n1. Gold Team\/Meble Lorek (9 pkt) AWANS<br \/>\n2. Baz Pal (6 pkt) AWANS<br \/>\n3. Chlejpions League (3 pkt)<br \/>\n4. KS Niepodleg\u0142o\u015bci (0 pkt)<\/p>\n<p>&#x26bd; <strong><span style=\"color: #993300;\">GRUPA H:<\/span><\/strong><br \/>\n1. Mak-Bud (9 pkt) AWANS<br \/>\n2. Czarni Na Fali (4 pkt) AWANS<br \/>\n3. Jako Tako Team (2 pkt)<br \/>\n4. Ajak United Mielec (1 pkt)<\/p>\n<p><span style=\"color: #993300;\">&#x1f449;<strong> 1\/8<\/strong><\/span><br \/>\nPABUD : CZARNI NA FALI 4:0<br \/>\nDRINK TEAM : BAZ PAL 4:0<br \/>\nKNIZ\/RESIMDO : ALKOBOYE 0:1<br \/>\nOLIMP TEAM : MP WALKOWER 1:0<br \/>\nSTALUP : AGROM BUD TEAM 2:0<br \/>\nLA NEPIWO : ROLBUD 1:1 (k. 2:1)<br \/>\nGOLD TEAM : BLACK SHEEPS 1:1 (k. 2:3)<br \/>\nMAK-BUD : GALACTICOS TEAM 1:0<\/p>\n<p>&#x1f449;<strong><span style=\"color: #993300;\"> \u0106WIER\u0106FINA\u0141Y<\/span><\/strong><br \/>\nPABUD : DRINK TEAM 1:0<br \/>\nALKOBOYE : OLIMP TEAM 1:3<br \/>\nSTALUP : LA NEPIWO 2:0<br \/>\nBLACK SHEEPS : MAK-BUD 1:2<\/p>\n<p>&#x1f449;<strong><span style=\"color: #993300;\"> P\u00d3\u0141FINA\u0141Y<\/span><\/strong><br \/>\nPABUD : OLIPM TEAM 0:2<br \/>\nSTALUP : MAK-BUD 3:1<\/p>\n<p>&#x1f449; <strong><span style=\"color: #993300;\">MECZ O 3 MIEJSCE<\/span><\/strong><br \/>\nMAK-BUD : PABUD 5:1<\/p>\n<p>&#x1f449;<strong><span style=\"color: #993300;\"> FINA\u0141<\/span><\/strong><br \/>\nSTALUP : OLIMP TEAM 0:1<\/p>\n","protected":false},"excerpt":{"rendered":"<p>&#x1f449; GRUPA A &#8211; GRUPA B BYSEK TEAM : PABUD 0:3 GALACTICOS TEAM : ALU4U 2:0 BLACK SHEEPS : ALEX ZAKLICZYN 2:2 DRINK TEAM : DOMEX STARA WIE\u015a 2:1 BYSEK TEAM : ALU4U 1:0 GALACTICOS TEAM : PABUD 0:0 BLACK SHEEPS : DOMEX STARA WIE\u015a 1:2 DRINK TEAM : ALEX ZAKLICZYN 2:0 GALACTICOS TEAM : [&hellip;]<\/p>\n","protected":false},"author":1,"featured_media":0,"parent":10576,"menu_order":0,"comment_status":"closed","ping_status":"closed","template":"","meta":[],"_links":{"self":[{"href":"https:\/\/lfsportevents.pl\/openfutsal2024\/wp-json\/wp\/v2\/pages\/10584"}],"collection":[{"href":"https:\/\/lfsportevents.pl\/openfutsal2024\/wp-json\/wp\/v2\/pages"}],"about":[{"href":"https:\/\/lfsportevents.pl\/openfutsal2024\/wp-json\/wp\/v2\/types\/page"}],"author":[{"embeddable":true,"href":"https:\/\/lfsportevents.pl\/openfutsal2024\/wp-json\/wp\/v2\/users\/1"}],"replies":[{"embeddable":true,"href":"https:\/\/lfsportevents.pl\/openfutsal2024\/wp-json\/wp\/v2\/comments?post=10584"}],"version-history":[{"count":3,"href":"https:\/\/lfsportevents.pl\/openfutsal2024\/wp-json\/wp\/v2\/pages\/10584\/revisions"}],"predecessor-version":[{"id":12793,"href":"https:\/\/lfsportevents.pl\/openfutsal2024\/wp-json\/wp\/v2\/pages\/10584\/revisions\/12793"}],"up":[{"embeddable":true,"href":"https:\/\/lfsportevents.pl\/openfutsal2024\/wp-json\/wp\/v2\/pages\/10576"}],"wp:attachment":[{"href":"https:\/\/lfsportevents.pl\/openfutsal2024\/wp-json\/wp\/v2\/media?parent=10584"}],"curies":[{"name":"wp","href":"https:\/\/api.w.org\/{rel}","templated":true}]}}