{"id":10556,"date":"2022-11-14T12:28:18","date_gmt":"2022-11-14T11:28:18","guid":{"rendered":"https:\/\/lfsportevents.pl\/openfutsal2024\/?page_id=10556"},"modified":"2024-11-26T15:27:40","modified_gmt":"2024-11-26T14:27:40","slug":"terminarz-wyniki","status":"publish","type":"page","link":"https:\/\/lfsportevents.pl\/openfutsal2024\/turniej-jesienny\/terminarz-wyniki\/","title":{"rendered":"Terminarz \/ Wyniki"},"content":{"rendered":"<div class=\"x11i5rnm xat24cr x1mh8g0r x1vvkbs xtlvy1s x126k92a\">\n<div dir=\"auto\"><span style=\"color: #993300;\"><span class=\"html-span xexx8yu x4uap5 x18d9i69 xkhd6sd x1hl2dhg x16tdsg8 x1vvkbs x3nfvp2 x1j61x8r x1fcty0u xdj266r xat24cr xgzva0m xhhsvwb xxymvpz xlup9mm x1kky2od\"><img loading=\"lazy\" class=\"xz74otr\" src=\"https:\/\/static.xx.fbcdn.net\/images\/emoji.php\/v9\/t51\/1\/16\/1f449.png\" alt=\"&#x1f449;\" width=\"16\" height=\"16\" \/><\/span><strong> GRUPA A &#8211; GRUPA B<\/strong><\/span><\/div>\n<div dir=\"auto\">SAN ESCOBAR : BAZ PAL <span style=\"color: #ff0000;\"><strong>2:2<\/strong><\/span><\/div>\n<div dir=\"auto\">PABUD : OLIMP TEAM\u00a0<span style=\"color: #ff0000;\"><strong>1:5<\/strong><\/span><\/div>\n<div dir=\"auto\">LA NEPIWO : FAMILY TEAM <span style=\"color: #ff0000;\"><strong>0:0<\/strong><\/span><\/div>\n<div dir=\"auto\">MAK-BUD : ALKOBOYE <span style=\"color: #ff0000;\"><strong>1:1<\/strong><\/span><\/div>\n<div dir=\"auto\">SAN ESCOBAR : OLIMP TEAM <strong><span style=\"color: #ff0000;\">0:0<\/span><\/strong><\/div>\n<div dir=\"auto\">PABUD : BAZ PAL\u00a0<span style=\"color: #ff0000;\"><strong>1:2<\/strong><\/span><\/div>\n<div dir=\"auto\">LA NEPIWO : ALKOBOYE <strong><span style=\"color: #ff0000;\">1:1<\/span><\/strong><\/div>\n<div dir=\"auto\">MAK-BUD : FAMILY TEAM <strong><span style=\"color: #ff0000;\">2:0<\/span><\/strong><\/div>\n<div dir=\"auto\">PABUD : SAN ESCOBAR\u00a0<span style=\"color: #ff0000;\"><strong>0:1<\/strong><\/span><\/div>\n<div dir=\"auto\">BAZ PAL : OLIMP TEAM <strong><span style=\"color: #ff0000;\">0:0<\/span><\/strong><\/div>\n<div dir=\"auto\">FAMILY TEAM : ALKOBOYE <span style=\"color: #ff0000;\"><strong>4:2<\/strong><\/span><\/div>\n<div dir=\"auto\">MAK-BUD : LA NEPIWO <strong><span style=\"color: #ff0000;\">0:1<\/span><\/strong><\/div>\n<div dir=\"auto\"><\/div>\n<\/div>\n<div class=\"x11i5rnm xat24cr x1mh8g0r x1vvkbs xtlvy1s x126k92a\">\n<div dir=\"auto\"><strong><span style=\"color: #993300;\"><span class=\"html-span xexx8yu x4uap5 x18d9i69 xkhd6sd x1hl2dhg x16tdsg8 x1vvkbs x3nfvp2 x1j61x8r x1fcty0u xdj266r xat24cr xgzva0m xhhsvwb xxymvpz xlup9mm x1kky2od\"><img loading=\"lazy\" class=\"xz74otr\" src=\"https:\/\/static.xx.fbcdn.net\/images\/emoji.php\/v9\/t51\/1\/16\/1f449.png\" alt=\"&#x1f449;\" width=\"16\" height=\"16\" \/><\/span> GRUPA C &#8211; GRUPA D<\/span><\/strong><\/div>\n<div dir=\"auto\">KADECI : KNIZ\/RESIMDO <strong><span style=\"color: #ff0000;\">0:3<\/span><\/strong><\/div>\n<div dir=\"auto\">DRINK TEAM : MP WALKOWER <span style=\"color: #ff0000;\"><strong>2:0<\/strong><\/span><\/div>\n<div dir=\"auto\">KISZKA UNITED : BURKINA FASO <span style=\"color: #ff0000;\"><strong>1:5<\/strong><\/span><\/div>\n<div dir=\"auto\">STALUP : KKS STAVA <span style=\"color: #ff0000;\"><strong>2:0<\/strong><\/span><\/div>\n<div dir=\"auto\">KADECI : MP WALKOWER <span style=\"color: #ff0000;\"><strong>1:4<\/strong><\/span><\/div>\n<div dir=\"auto\">DRINK TEAM : KNIZ\/RESIMDO <span style=\"color: #ff0000;\"><strong>2:1<\/strong><\/span><\/div>\n<div dir=\"auto\">KISZKA UNITED : KKS STAVA <span style=\"color: #ff0000;\"><strong>0:3\u00a0<\/strong><\/span><\/div>\n<div dir=\"auto\">STALUP : BURKINA FASO <span style=\"color: #ff0000;\"><strong>1:1<\/strong><\/span><\/div>\n<div dir=\"auto\">DRINK TEAM : KADECI <span style=\"color: #ff0000;\"><strong>3:1<\/strong><\/span><\/div>\n<div dir=\"auto\">KNIZ\/RESIMDO : MP WALKOWER <span style=\"color: #ff0000;\"><strong>1:0<\/strong><\/span><\/div>\n<div dir=\"auto\">BURKINA FASO : KKS STAVA <span style=\"color: #ff0000;\"><strong>5:0<\/strong><\/span><\/div>\n<div dir=\"auto\">STALUP : KISZKA UNITED <strong><span style=\"color: #ff0000;\">12:0<\/span><\/strong><\/div>\n<div dir=\"auto\"><\/div>\n<\/div>\n<div class=\"x11i5rnm xat24cr x1mh8g0r x1vvkbs xtlvy1s x126k92a\">\n<div dir=\"auto\"><strong><span style=\"color: #993300;\"><span class=\"html-span xexx8yu x4uap5 x18d9i69 xkhd6sd x1hl2dhg x16tdsg8 x1vvkbs x3nfvp2 x1j61x8r x1fcty0u xdj266r xat24cr xgzva0m xhhsvwb xxymvpz xlup9mm x1kky2od\"><img loading=\"lazy\" class=\"xz74otr\" src=\"https:\/\/static.xx.fbcdn.net\/images\/emoji.php\/v9\/t51\/1\/16\/1f449.png\" alt=\"&#x1f449;\" width=\"16\" height=\"16\" \/><\/span> GRUPA E &#8211; GRUPA F<\/span><\/strong><\/div>\n<div dir=\"auto\">ALEX ZAKLICZYN : ALU4YOU <strong><span style=\"color: #ff0000;\">0:1<\/span><\/strong><\/div>\n<div dir=\"auto\">GALACTICOS TEAM : RZYGA BONITO <span style=\"color: #ff0000;\"><strong>3:0<\/strong><\/span><\/div>\n<div dir=\"auto\">HAL-MONT : AGROM BUD TEAM<span style=\"color: #ff0000;\"><strong> 3:3<\/strong><\/span><\/div>\n<div dir=\"auto\">GOLD TEAM\/MEBLE LOREK : ROLBUD <span style=\"color: #ff0000;\"><strong>1:2<\/strong><\/span><\/div>\n<div dir=\"auto\">ALEX ZAKLICZYN : RZYGA BONITO <span style=\"color: #ff0000;\"><strong>7:0<\/strong><\/span><\/div>\n<div dir=\"auto\">GALACTICOS TEAM : ALU4YOU <span style=\"color: #ff0000;\"><strong>2:1<\/strong><\/span><\/div>\n<div dir=\"auto\">HAL-MONT : ROLBUD<span style=\"color: #ff0000;\"><strong> 3:1<\/strong><\/span><\/div>\n<div dir=\"auto\">GOLD TEAM\/MEBLE LOREK : AGROM BUD TEAM <span style=\"color: #ff0000;\"><strong>2:2<\/strong><\/span><\/div>\n<div dir=\"auto\">GALACTICOS TEAM : ALEX ZAKLICZYN <span style=\"color: #ff0000;\"><strong>3:0<\/strong><\/span><\/div>\n<div dir=\"auto\">ALU4YOU : RZYGA BONITO <span style=\"color: #ff0000;\"><strong>6:0<\/strong><\/span><\/div>\n<div dir=\"auto\">AGROM BUD TEAM : ROLBUD<strong><span style=\"color: #ff0000;\"> 3:0<\/span><\/strong><\/div>\n<div dir=\"auto\">GOLD TEAM\/MEBLE LOREK : HAL-MONT <strong><span style=\"color: #ff0000;\">0:1<\/span><\/strong><\/div>\n<div dir=\"auto\"><\/div>\n<\/div>\n<div class=\"x11i5rnm xat24cr x1mh8g0r x1vvkbs xtlvy1s x126k92a\">\n<div dir=\"auto\"><span class=\"html-span xexx8yu x4uap5 x18d9i69 xkhd6sd x1hl2dhg x16tdsg8 x1vvkbs x3nfvp2 x1j61x8r x1fcty0u xdj266r xat24cr xgzva0m xhhsvwb xxymvpz xlup9mm x1kky2od\"><img loading=\"lazy\" class=\"xz74otr\" src=\"https:\/\/static.xx.fbcdn.net\/images\/emoji.php\/v9\/t51\/1\/16\/1f449.png\" alt=\"&#x1f449;\" width=\"16\" height=\"16\" \/><\/span><strong><span style=\"color: #993300;\"> \u0106WIER\u0106FINA\u0141Y<\/span><\/strong><\/div>\n<div dir=\"auto\">OLIMP TEAM : AGROM BUD TEAM <span style=\"color: #ff0000;\"><strong>4:0<\/strong><\/span><\/div>\n<div dir=\"auto\">LA NEPIWO : ALU4U <strong><span style=\"color: #ff0000;\">3:0<\/span><\/strong><\/div>\n<div dir=\"auto\">DRINK TEAM : BURKINA FASO <span style=\"color: #ff0000;\"><strong>2:0<\/strong><\/span><\/div>\n<div dir=\"auto\">STALUP : KNIZ <span style=\"color: #ff0000;\"><strong>1:0<\/strong><\/span><\/div>\n<div dir=\"auto\">GALACTICOS TEAM : MAK-BUD <span style=\"color: #ff0000;\"><strong>1:1 (k.1:2)<\/strong><\/span><\/div>\n<div dir=\"auto\">HAL-MONT : BAZ PAL <strong><span style=\"color: #ff0000;\">1:0<\/span><\/strong><\/div>\n<div dir=\"auto\"><\/div>\n<\/div>\n<div class=\"x11i5rnm xat24cr x1mh8g0r x1vvkbs xtlvy1s x126k92a\">\n<div dir=\"auto\"><span class=\"html-span xexx8yu x4uap5 x18d9i69 xkhd6sd x1hl2dhg x16tdsg8 x1vvkbs x3nfvp2 x1j61x8r x1fcty0u xdj266r xat24cr xgzva0m xhhsvwb xxymvpz xlup9mm x1kky2od\"><img loading=\"lazy\" class=\"xz74otr\" src=\"https:\/\/static.xx.fbcdn.net\/images\/emoji.php\/v9\/t51\/1\/16\/1f449.png\" alt=\"&#x1f449;\" width=\"16\" height=\"16\" \/><\/span> <strong><span style=\"color: #993300;\">P\u00d3\u0141FINA\u0141Y<\/span><\/strong><\/div>\n<div dir=\"auto\">OLIMP TEAM : LA NEPIWO <span style=\"color: #ff0000;\"><strong>2:0<\/strong><\/span><\/div>\n<div dir=\"auto\">DRINK TEAM : STALUP <span style=\"color: #ff0000;\"><strong>2:0<\/strong><\/span><\/div>\n<div dir=\"auto\">MAK-BUD : HAL-MONT <span style=\"color: #ff0000;\"><strong>0:1<\/strong><\/span><\/div>\n<div dir=\"auto\"><\/div>\n<\/div>\n<div class=\"x11i5rnm xat24cr x1mh8g0r x1vvkbs xtlvy1s x126k92a\">\n<div dir=\"auto\"><span class=\"html-span xexx8yu x4uap5 x18d9i69 xkhd6sd x1hl2dhg x16tdsg8 x1vvkbs x3nfvp2 x1j61x8r x1fcty0u xdj266r xat24cr xgzva0m xhhsvwb xxymvpz xlup9mm x1kky2od\"><img loading=\"lazy\" class=\"xz74otr\" src=\"https:\/\/static.xx.fbcdn.net\/images\/emoji.php\/v9\/t51\/1\/16\/1f449.png\" alt=\"&#x1f449;\" width=\"16\" height=\"16\" \/><\/span> <span style=\"color: #993300;\"><strong>FINA\u0141Y<\/strong><\/span><\/div>\n<div dir=\"auto\">OLIMP TEAM : DRINK TEAM <span style=\"color: #ff0000;\"><strong>2:1<\/strong><\/span><\/div>\n<div dir=\"auto\">OLIMP TEAM : HAL-MONT <span style=\"color: #ff0000;\"><strong>2:0<\/strong><\/span><\/div>\n<div dir=\"auto\">DRINK TEAM : HAL-MONT <strong><span style=\"color: #ff0000;\">2:2<\/span><\/strong><\/div>\n<\/div>\n","protected":false},"excerpt":{"rendered":"<p>GRUPA A &#8211; GRUPA B SAN ESCOBAR : BAZ PAL 2:2 PABUD : OLIMP TEAM\u00a01:5 LA NEPIWO : FAMILY TEAM 0:0 MAK-BUD : ALKOBOYE 1:1 SAN ESCOBAR : OLIMP TEAM 0:0 PABUD : BAZ PAL\u00a01:2 LA NEPIWO : ALKOBOYE 1:1 MAK-BUD : FAMILY TEAM 2:0 PABUD : SAN ESCOBAR\u00a00:1 BAZ PAL : OLIMP TEAM 0:0 [&hellip;]<\/p>\n","protected":false},"author":1,"featured_media":0,"parent":10548,"menu_order":0,"comment_status":"closed","ping_status":"closed","template":"","meta":[],"_links":{"self":[{"href":"https:\/\/lfsportevents.pl\/openfutsal2024\/wp-json\/wp\/v2\/pages\/10556"}],"collection":[{"href":"https:\/\/lfsportevents.pl\/openfutsal2024\/wp-json\/wp\/v2\/pages"}],"about":[{"href":"https:\/\/lfsportevents.pl\/openfutsal2024\/wp-json\/wp\/v2\/types\/page"}],"author":[{"embeddable":true,"href":"https:\/\/lfsportevents.pl\/openfutsal2024\/wp-json\/wp\/v2\/users\/1"}],"replies":[{"embeddable":true,"href":"https:\/\/lfsportevents.pl\/openfutsal2024\/wp-json\/wp\/v2\/comments?post=10556"}],"version-history":[{"count":2,"href":"https:\/\/lfsportevents.pl\/openfutsal2024\/wp-json\/wp\/v2\/pages\/10556\/revisions"}],"predecessor-version":[{"id":12704,"href":"https:\/\/lfsportevents.pl\/openfutsal2024\/wp-json\/wp\/v2\/pages\/10556\/revisions\/12704"}],"up":[{"embeddable":true,"href":"https:\/\/lfsportevents.pl\/openfutsal2024\/wp-json\/wp\/v2\/pages\/10548"}],"wp:attachment":[{"href":"https:\/\/lfsportevents.pl\/openfutsal2024\/wp-json\/wp\/v2\/media?parent=10556"}],"curies":[{"name":"wp","href":"https:\/\/api.w.org\/{rel}","templated":true}]}}