{"id":5142,"date":"2016-10-24T10:48:45","date_gmt":"2016-10-24T08:48:45","guid":{"rendered":"https:\/\/lfsportevents.pl\/openfutsal2023\/?page_id=5142"},"modified":"2024-01-29T11:10:16","modified_gmt":"2024-01-29T10:10:16","slug":"statystyki-kolejek","status":"publish","type":"page","link":"https:\/\/lfsportevents.pl\/openfutsal2023\/statystyki-kolejek\/","title":{"rendered":"Statystyki Turniej\u00f3w"},"content":{"rendered":"<h2><strong><span style=\"color: #993300;\">TURNIEJ JESIENNY (26 LISTOPAD 2023)<\/span><\/strong><\/h2>\n<p><strong>Ilo\u015b\u0107\u00a0dru\u017cyn:<\/strong><span style=\"color: #993300;\"><strong> 24<\/strong><\/span><br \/>\n<strong>Ilo\u015b\u0107 meczy:<\/strong><span style=\"color: #993300;\"><strong>\u00a0<\/strong><\/span><span style=\"color: #993300;\"><strong>48<\/strong><\/span><br \/>\n<strong>Ilo\u015b\u0107 goli:<\/strong><strong>\u00a0<span style=\"color: #993300;\">159<\/span><\/strong><br \/>\n<strong>Ilo\u015b\u0107 \u015brednia goli na mecz:<\/strong><strong>\u00a0<span style=\"color: #993300;\">3,31<\/span><\/strong><br \/>\n<strong>Ilo\u015b\u0107 \u017c\u00f3\u0142tych kartek:<\/strong><strong>\u00a0<span style=\"color: #993300;\">13<\/span><\/strong><br \/>\n<strong>Ilo\u015b\u0107 czerwonych kartek:<\/strong><strong>\u00a0<span style=\"color: #993300;\">0<\/span><\/strong><br \/>\n<strong>Ilo\u015b\u0107 wygranych:<\/strong><strong>\u00a0<span style=\"color: #993300;\">38<\/span><\/strong><br \/>\n<strong>Ilo\u015b\u0107 remis\u00f3w :<\/strong><strong>\u00a0<span style=\"color: #993300;\">10<\/span><\/strong><br \/>\n<strong>Walkowery:<\/strong><strong>\u00a0<span style=\"color: #993300;\">3<\/span><\/strong><br \/>\n<strong>Najwi\u0119cej goli strzelonych w meczu: <span style=\"color: #993300;\">9 goli (San Escobar &#8211; Uran 7:2)<\/span><\/strong><br \/>\n<strong>Najwy\u017csza wygrana:<\/strong><strong>\u00a0<span style=\"color: #993300;\">7:0 (Gold Team\/Meble Lorek &#8211; LaNepiwo)<\/span><\/strong><\/p>\n<h2><strong><span style=\"color: #993300;\">TURNIEJ MIKO\u0141AJKOWY (17 GRUDZIE\u0143 2024)<\/span><\/strong><\/h2>\n<p><strong>Ilo\u015b\u0107\u00a0dru\u017cyn:<\/strong><span style=\"color: #993300;\"><strong> 24<\/strong><\/span><br \/>\n<strong>Ilo\u015b\u0107 meczy:<\/strong><span style=\"color: #993300;\"><strong>\u00a0<\/strong><\/span><span style=\"color: #993300;\"><strong>48<\/strong><\/span><br \/>\n<strong>Ilo\u015b\u0107 goli:<\/strong><strong>\u00a0<span style=\"color: #993300;\">190<\/span><\/strong><br \/>\n<strong>Ilo\u015b\u0107 \u015brednia goli na mecz:<\/strong><strong>\u00a0<span style=\"color: #993300;\">3,96<\/span><\/strong><br \/>\n<strong>Ilo\u015b\u0107 \u017c\u00f3\u0142tych kartek:<\/strong><strong>\u00a0<span style=\"color: #993300;\">9<\/span><\/strong><br \/>\n<strong>Ilo\u015b\u0107 czerwonych kartek:<\/strong><strong>\u00a0<span style=\"color: #993300;\">0<\/span><\/strong><br \/>\n<strong>Ilo\u015b\u0107 wygranych:<\/strong><strong>\u00a0<span style=\"color: #993300;\">43<\/span><\/strong><br \/>\n<strong>Ilo\u015b\u0107 remis\u00f3w :<\/strong><strong>\u00a0<span style=\"color: #993300;\">5<\/span><\/strong><br \/>\n<strong>Walkowery:<\/strong><strong>\u00a0<span style=\"color: #993300;\">0<\/span><\/strong><br \/>\n<strong>Najwi\u0119cej goli strzelonych w meczu: <span style=\"color: #993300;\">7 goli (Drink Team &#8211; Bysek Team 7:0)<\/span><\/strong><br \/>\n<strong>Najwy\u017csza wygrana:<\/strong><strong>\u00a0<span style=\"color: #993300;\">7:0 (Drink Team &#8211; Bysek Team)<\/span><\/strong><\/p>\n<h2><strong><span style=\"color: #993300;\">TURNIEJ NOWOROCZNY (14 STYCZE\u0143 2024)<\/span><\/strong><\/h2>\n<p><strong>Ilo\u015b\u0107\u00a0dru\u017cyn:<\/strong><span style=\"color: #993300;\"><strong> 24<\/strong><\/span><br \/>\n<strong>Ilo\u015b\u0107 meczy:<\/strong><span style=\"color: #993300;\"><strong>\u00a0<\/strong><\/span><span style=\"color: #993300;\"><strong>48<\/strong><\/span><br \/>\n<strong>Ilo\u015b\u0107 goli:<\/strong><strong>\u00a0<span style=\"color: #993300;\">141<\/span><\/strong><br \/>\n<strong>Ilo\u015b\u0107 \u015brednia goli na mecz:<\/strong><strong>\u00a0<span style=\"color: #993300;\">2,93<\/span><\/strong><br \/>\n<strong>Ilo\u015b\u0107 \u017c\u00f3\u0142tych kartek:<\/strong><strong>\u00a0<span style=\"color: #993300;\">11<\/span><\/strong><br \/>\n<strong>Ilo\u015b\u0107 czerwonych kartek:<\/strong><strong>\u00a0<span style=\"color: #993300;\">1<\/span><\/strong><br \/>\n<strong>Ilo\u015b\u0107 wygranych:<\/strong><strong>\u00a0<span style=\"color: #993300;\">35<\/span><\/strong><br \/>\n<strong>Ilo\u015b\u0107 remis\u00f3w :<\/strong><strong>\u00a0<span style=\"color: #993300;\">13<\/span><\/strong><br \/>\n<strong>Walkowery:<\/strong><strong>\u00a0<span style=\"color: #993300;\">0<\/span><\/strong><br \/>\n<strong>Najwi\u0119cej goli strzelonych w meczu: <span style=\"color: #993300;\">8 goli (Repre Bardejov &#8211; WLKTeam 8:0)<\/span><\/strong><br \/>\n<strong>Najwy\u017csza wygrana:<\/strong><strong><span style=\"color: #993300;\"> 8:0 (Repre Bardejov &#8211; WLKTeam)<\/span><\/strong><\/p>\n<p>&nbsp;<\/p>\n<p>&nbsp;<\/p>\n","protected":false},"excerpt":{"rendered":"<p>TURNIEJ JESIENNY (26 LISTOPAD 2023) Ilo\u015b\u0107\u00a0dru\u017cyn: 24 Ilo\u015b\u0107 meczy:\u00a048 Ilo\u015b\u0107 goli:\u00a0159 Ilo\u015b\u0107 \u015brednia goli na mecz:\u00a03,31 Ilo\u015b\u0107 \u017c\u00f3\u0142tych kartek:\u00a013 Ilo\u015b\u0107 czerwonych kartek:\u00a00 Ilo\u015b\u0107 wygranych:\u00a038 Ilo\u015b\u0107 remis\u00f3w :\u00a010 Walkowery:\u00a03 Najwi\u0119cej goli strzelonych w meczu: 9 goli (San Escobar &#8211; Uran 7:2) Najwy\u017csza wygrana:\u00a07:0 (Gold Team\/Meble Lorek &#8211; LaNepiwo) TURNIEJ MIKO\u0141AJKOWY (17 GRUDZIE\u0143 2024) Ilo\u015b\u0107\u00a0dru\u017cyn: 24 Ilo\u015b\u0107 [&hellip;]<\/p>\n","protected":false},"author":1,"featured_media":0,"parent":0,"menu_order":0,"comment_status":"closed","ping_status":"closed","template":"","meta":[],"_links":{"self":[{"href":"https:\/\/lfsportevents.pl\/openfutsal2023\/wp-json\/wp\/v2\/pages\/5142"}],"collection":[{"href":"https:\/\/lfsportevents.pl\/openfutsal2023\/wp-json\/wp\/v2\/pages"}],"about":[{"href":"https:\/\/lfsportevents.pl\/openfutsal2023\/wp-json\/wp\/v2\/types\/page"}],"author":[{"embeddable":true,"href":"https:\/\/lfsportevents.pl\/openfutsal2023\/wp-json\/wp\/v2\/users\/1"}],"replies":[{"embeddable":true,"href":"https:\/\/lfsportevents.pl\/openfutsal2023\/wp-json\/wp\/v2\/comments?post=5142"}],"version-history":[{"count":2,"href":"https:\/\/lfsportevents.pl\/openfutsal2023\/wp-json\/wp\/v2\/pages\/5142\/revisions"}],"predecessor-version":[{"id":12511,"href":"https:\/\/lfsportevents.pl\/openfutsal2023\/wp-json\/wp\/v2\/pages\/5142\/revisions\/12511"}],"wp:attachment":[{"href":"https:\/\/lfsportevents.pl\/openfutsal2023\/wp-json\/wp\/v2\/media?parent=5142"}],"curies":[{"name":"wp","href":"https:\/\/api.w.org\/{rel}","templated":true}]}}