{"id":270,"date":"2016-01-25T19:32:27","date_gmt":"2016-01-25T18:32:27","guid":{"rendered":"https:\/\/lfsportevents.pl\/openfutsal2023\/?page_id=270"},"modified":"2022-12-02T19:31:04","modified_gmt":"2022-12-02T18:31:04","slug":"statystyki-druzyn","status":"publish","type":"page","link":"https:\/\/lfsportevents.pl\/openfutsal2023\/statystyki-druzyn\/","title":{"rendered":"Statystyki dru\u017cyn"},"content":{"rendered":"<div class=\"legenda\">\n<p>&nbsp;<\/p>\n<p>Legenda:<\/p>\n<div class=\"item\"><b>M<\/b> = Mecze Rozegrane<\/div>\n<div class=\"item\"><b> Pkt<\/b> = Punkty<\/div>\n<div class=\"item\"><b> YC<\/b> = \u017b\u00f3\u0142te kartki<\/div>\n<div class=\"item\"><b> RC<\/b> = Czerwone kartki<\/div>\n<div class=\"item\"><b> Z<\/b> = Zwyci\u0119stwa<\/div>\n<div class=\"item\"><b> R<\/b> = Remisy<\/div>\n<div class=\"item\"><b> P<\/b> = Pora\u017cki<\/div>\n<div class=\"item\"><b> BZ<\/b> = Bramki zdobyte<\/div>\n<div class=\"item\"><b> BS<\/b> = Bramki stracone<\/div>\n<div class=\"item\"><b> +\/-<\/b> = R\u00f3\u017cnica bramek<\/div>\n<div><\/div>\n<\/div>\n<div class=\"sportspress\"><div class=\"sp-template sp-template-league-table\">\n\t<h4 class=\"sp-table-caption\">Statystyki dru\u017cyn<\/h4><div class=\"sp-table-wrapper\"><table class=\"sp-league-table sp-data-table sp-sortable-table sp-scrollable-table sp-paginated-table\" data-sp-rows=\"40\"><thead><tr><th class=\"data-rank\">Pozycja<\/th><th class=\"data-name\">Klub<\/th><th class=\"data-p\">M<\/th><th class=\"data-pts\">Pkt<\/th><th class=\"data-yellow\">YC<\/th><th class=\"data-rc\">RC<\/th><th class=\"data-w\">Z<\/th><th class=\"data-d\">R<\/th><th class=\"data-l\">P<\/th><th class=\"data-f\">BZ<\/th><th class=\"data-a\">BS<\/th><th class=\"data-gd\">+\/-<\/th><\/tr><\/thead><tbody><tr class=\"odd sp-row-no-0\"><td class=\"data-rank\" data-label=\"Pozycja\">1<\/td><td class=\"data-name\" data-label=\"Klub\"><a href=\"https:\/\/lfsportevents.pl\/openfutsal2023\/team\/mak-bud\/\">Mak-Bud<\/a><\/td><td class=\"data-p\" data-label=\"M\">18<\/td><td class=\"data-pts\" data-label=\"Pkt\">43<\/td><td class=\"data-yellow\" data-label=\"YC\">1<\/td><td class=\"data-rc\" data-label=\"RC\">0<\/td><td class=\"data-w\" data-label=\"Z\">14<\/td><td class=\"data-d\" data-label=\"R\">1<\/td><td class=\"data-l\" data-label=\"P\">3<\/td><td class=\"data-f\" data-label=\"BZ\">62<\/td><td class=\"data-a\" data-label=\"BS\">10<\/td><td class=\"data-gd\" data-label=\"+\/-\">52<\/td><\/tr><tr class=\"even sp-row-no-1\"><td class=\"data-rank\" data-label=\"Pozycja\">2<\/td><td class=\"data-name\" data-label=\"Klub\"><a href=\"https:\/\/lfsportevents.pl\/openfutsal2023\/team\/kamex\/\">Dom Weselny Sylwia<\/a><\/td><td class=\"data-p\" data-label=\"M\">15<\/td><td class=\"data-pts\" data-label=\"Pkt\">32<\/td><td class=\"data-yellow\" data-label=\"YC\">0<\/td><td class=\"data-rc\" data-label=\"RC\">0<\/td><td class=\"data-w\" data-label=\"Z\">9<\/td><td class=\"data-d\" data-label=\"R\">5<\/td><td class=\"data-l\" data-label=\"P\">1<\/td><td class=\"data-f\" data-label=\"BZ\">37<\/td><td class=\"data-a\" data-label=\"BS\">12<\/td><td class=\"data-gd\" data-label=\"+\/-\">25<\/td><\/tr><tr class=\"odd sp-row-no-2\"><td class=\"data-rank\" data-label=\"Pozycja\">3<\/td><td class=\"data-name\" data-label=\"Klub\"><a href=\"https:\/\/lfsportevents.pl\/openfutsal2023\/team\/alex-zakliczyn\/\">Alex Zakliczyn<\/a><\/td><td class=\"data-p\" data-label=\"M\">17<\/td><td class=\"data-pts\" data-label=\"Pkt\">31<\/td><td class=\"data-yellow\" data-label=\"YC\">3<\/td><td class=\"data-rc\" data-label=\"RC\">0<\/td><td class=\"data-w\" data-label=\"Z\">9<\/td><td class=\"data-d\" data-label=\"R\">4<\/td><td class=\"data-l\" data-label=\"P\">4<\/td><td class=\"data-f\" data-label=\"BZ\">27<\/td><td class=\"data-a\" data-label=\"BS\">18<\/td><td class=\"data-gd\" data-label=\"+\/-\">9<\/td><\/tr><tr class=\"even sp-row-no-3\"><td class=\"data-rank\" data-label=\"Pozycja\">4<\/td><td class=\"data-name\" data-label=\"Klub\"><a href=\"https:\/\/lfsportevents.pl\/openfutsal2023\/team\/galacticos-team\/\">Galacticos Team<\/a><\/td><td class=\"data-p\" data-label=\"M\">15<\/td><td class=\"data-pts\" data-label=\"Pkt\">30<\/td><td class=\"data-yellow\" data-label=\"YC\">1<\/td><td class=\"data-rc\" data-label=\"RC\">0<\/td><td class=\"data-w\" data-label=\"Z\">9<\/td><td class=\"data-d\" data-label=\"R\">3<\/td><td class=\"data-l\" data-label=\"P\">3<\/td><td class=\"data-f\" data-label=\"BZ\">30<\/td><td class=\"data-a\" data-label=\"BS\">16<\/td><td class=\"data-gd\" data-label=\"+\/-\">14<\/td><\/tr><tr class=\"odd sp-row-no-4\"><td class=\"data-rank\" data-label=\"Pozycja\">5<\/td><td class=\"data-name\" data-label=\"Klub\"><a href=\"https:\/\/lfsportevents.pl\/openfutsal2023\/team\/stalup\/\">StalUp<\/a><\/td><td class=\"data-p\" data-label=\"M\">15<\/td><td class=\"data-pts\" data-label=\"Pkt\">30<\/td><td class=\"data-yellow\" data-label=\"YC\">3<\/td><td class=\"data-rc\" data-label=\"RC\">0<\/td><td class=\"data-w\" data-label=\"Z\">9<\/td><td class=\"data-d\" data-label=\"R\">3<\/td><td class=\"data-l\" data-label=\"P\">3<\/td><td class=\"data-f\" data-label=\"BZ\">27<\/td><td class=\"data-a\" data-label=\"BS\">14<\/td><td class=\"data-gd\" data-label=\"+\/-\">13<\/td><\/tr><tr class=\"even sp-row-no-5\"><td class=\"data-rank\" data-label=\"Pozycja\">6<\/td><td class=\"data-name\" data-label=\"Klub\"><a href=\"https:\/\/lfsportevents.pl\/openfutsal2023\/team\/baz-pal\/\">Baz Pal<\/a><\/td><td class=\"data-p\" data-label=\"M\">12<\/td><td class=\"data-pts\" data-label=\"Pkt\">24<\/td><td class=\"data-yellow\" data-label=\"YC\">3<\/td><td class=\"data-rc\" data-label=\"RC\">0<\/td><td class=\"data-w\" data-label=\"Z\">7<\/td><td class=\"data-d\" data-label=\"R\">3<\/td><td class=\"data-l\" data-label=\"P\">2<\/td><td class=\"data-f\" data-label=\"BZ\">19<\/td><td class=\"data-a\" data-label=\"BS\">12<\/td><td class=\"data-gd\" data-label=\"+\/-\">7<\/td><\/tr><tr class=\"odd sp-row-no-6\"><td class=\"data-rank\" data-label=\"Pozycja\">7<\/td><td class=\"data-name\" data-label=\"Klub\"><a href=\"https:\/\/lfsportevents.pl\/openfutsal2023\/team\/drink-team\/\">Drink Team<\/a><\/td><td class=\"data-p\" data-label=\"M\">13<\/td><td class=\"data-pts\" data-label=\"Pkt\">23<\/td><td class=\"data-yellow\" data-label=\"YC\">4<\/td><td class=\"data-rc\" data-label=\"RC\">1<\/td><td class=\"data-w\" data-label=\"Z\">7<\/td><td class=\"data-d\" data-label=\"R\">2<\/td><td class=\"data-l\" data-label=\"P\">4<\/td><td class=\"data-f\" data-label=\"BZ\">38<\/td><td class=\"data-a\" data-label=\"BS\">20<\/td><td class=\"data-gd\" data-label=\"+\/-\">18<\/td><\/tr><tr class=\"even sp-row-no-7\"><td class=\"data-rank\" data-label=\"Pozycja\">8<\/td><td class=\"data-name\" data-label=\"Klub\"><a href=\"https:\/\/lfsportevents.pl\/openfutsal2023\/team\/gold-team\/\">Gold Team\/Meble Lorek<\/a><\/td><td class=\"data-p\" data-label=\"M\">12<\/td><td class=\"data-pts\" data-label=\"Pkt\">22<\/td><td class=\"data-yellow\" data-label=\"YC\">0<\/td><td class=\"data-rc\" data-label=\"RC\">0<\/td><td class=\"data-w\" data-label=\"Z\">6<\/td><td class=\"data-d\" data-label=\"R\">4<\/td><td class=\"data-l\" data-label=\"P\">2<\/td><td class=\"data-f\" data-label=\"BZ\">23<\/td><td class=\"data-a\" data-label=\"BS\">8<\/td><td class=\"data-gd\" data-label=\"+\/-\">15<\/td><\/tr><tr class=\"odd sp-row-no-8\"><td class=\"data-rank\" data-label=\"Pozycja\">9<\/td><td class=\"data-name\" data-label=\"Klub\"><a href=\"https:\/\/lfsportevents.pl\/openfutsal2023\/team\/san-escobar\/\">San Escobar<\/a><\/td><td class=\"data-p\" data-label=\"M\">12<\/td><td class=\"data-pts\" data-label=\"Pkt\">20<\/td><td class=\"data-yellow\" data-label=\"YC\">8<\/td><td class=\"data-rc\" data-label=\"RC\">1<\/td><td class=\"data-w\" data-label=\"Z\">6<\/td><td class=\"data-d\" data-label=\"R\">2<\/td><td class=\"data-l\" data-label=\"P\">4<\/td><td class=\"data-f\" data-label=\"BZ\">38<\/td><td class=\"data-a\" data-label=\"BS\">15<\/td><td class=\"data-gd\" data-label=\"+\/-\">23<\/td><\/tr><tr class=\"even sp-row-no-9\"><td class=\"data-rank\" data-label=\"Pozycja\">10<\/td><td class=\"data-name\" data-label=\"Klub\"><a href=\"https:\/\/lfsportevents.pl\/openfutsal2023\/team\/pabud\/\">Pabud<\/a><\/td><td class=\"data-p\" data-label=\"M\">12<\/td><td class=\"data-pts\" data-label=\"Pkt\">20<\/td><td class=\"data-yellow\" data-label=\"YC\">1<\/td><td class=\"data-rc\" data-label=\"RC\">0<\/td><td class=\"data-w\" data-label=\"Z\">6<\/td><td class=\"data-d\" data-label=\"R\">2<\/td><td class=\"data-l\" data-label=\"P\">4<\/td><td class=\"data-f\" data-label=\"BZ\">20<\/td><td class=\"data-a\" data-label=\"BS\">8<\/td><td class=\"data-gd\" data-label=\"+\/-\">12<\/td><\/tr><tr class=\"odd sp-row-no-10\"><td class=\"data-rank\" data-label=\"Pozycja\">11<\/td><td class=\"data-name\" data-label=\"Klub\"><a href=\"https:\/\/lfsportevents.pl\/openfutsal2023\/team\/repre-bardejov\/\">Repre Bardejov<\/a><\/td><td class=\"data-p\" data-label=\"M\">9<\/td><td class=\"data-pts\" data-label=\"Pkt\">12<\/td><td class=\"data-yellow\" data-label=\"YC\">1<\/td><td class=\"data-rc\" data-label=\"RC\">1<\/td><td class=\"data-w\" data-label=\"Z\">3<\/td><td class=\"data-d\" data-label=\"R\">3<\/td><td class=\"data-l\" data-label=\"P\">3<\/td><td class=\"data-f\" data-label=\"BZ\">12<\/td><td class=\"data-a\" data-label=\"BS\">8<\/td><td class=\"data-gd\" data-label=\"+\/-\">4<\/td><\/tr><tr class=\"even sp-row-no-11\"><td class=\"data-rank\" data-label=\"Pozycja\">12<\/td><td class=\"data-name\" data-label=\"Klub\"><a href=\"https:\/\/lfsportevents.pl\/openfutsal2023\/team\/agrom-wola\/\">Agrom Wola<\/a><\/td><td class=\"data-p\" data-label=\"M\">10<\/td><td class=\"data-pts\" data-label=\"Pkt\">12<\/td><td class=\"data-yellow\" data-label=\"YC\">2<\/td><td class=\"data-rc\" data-label=\"RC\">0<\/td><td class=\"data-w\" data-label=\"Z\">3<\/td><td class=\"data-d\" data-label=\"R\">3<\/td><td class=\"data-l\" data-label=\"P\">4<\/td><td class=\"data-f\" data-label=\"BZ\">14<\/td><td class=\"data-a\" data-label=\"BS\">17<\/td><td class=\"data-gd\" data-label=\"+\/-\">-3<\/td><\/tr><tr class=\"odd sp-row-no-12\"><td class=\"data-rank\" data-label=\"Pozycja\">13<\/td><td class=\"data-name\" data-label=\"Klub\"><a href=\"https:\/\/lfsportevents.pl\/openfutsal2023\/team\/family-team\/\">Family Team<\/a><\/td><td class=\"data-p\" data-label=\"M\">10<\/td><td class=\"data-pts\" data-label=\"Pkt\">12<\/td><td class=\"data-yellow\" data-label=\"YC\">2<\/td><td class=\"data-rc\" data-label=\"RC\">0<\/td><td class=\"data-w\" data-label=\"Z\">3<\/td><td class=\"data-d\" data-label=\"R\">3<\/td><td class=\"data-l\" data-label=\"P\">4<\/td><td class=\"data-f\" data-label=\"BZ\">15<\/td><td class=\"data-a\" data-label=\"BS\">19<\/td><td class=\"data-gd\" data-label=\"+\/-\">-4<\/td><\/tr><tr class=\"even sp-row-no-13\"><td class=\"data-rank\" data-label=\"Pozycja\">14<\/td><td class=\"data-name\" data-label=\"Klub\"><a href=\"https:\/\/lfsportevents.pl\/openfutsal2023\/team\/kniz\/\">KNiZ<\/a><\/td><td class=\"data-p\" data-label=\"M\">7<\/td><td class=\"data-pts\" data-label=\"Pkt\">11<\/td><td class=\"data-yellow\" data-label=\"YC\">1<\/td><td class=\"data-rc\" data-label=\"RC\">0<\/td><td class=\"data-w\" data-label=\"Z\">3<\/td><td class=\"data-d\" data-label=\"R\">2<\/td><td class=\"data-l\" data-label=\"P\">2<\/td><td class=\"data-f\" data-label=\"BZ\">10<\/td><td class=\"data-a\" data-label=\"BS\">7<\/td><td class=\"data-gd\" data-label=\"+\/-\">3<\/td><\/tr><tr class=\"odd sp-row-no-14\"><td class=\"data-rank\" data-label=\"Pozycja\">15<\/td><td class=\"data-name\" data-label=\"Klub\"><a href=\"https:\/\/lfsportevents.pl\/openfutsal2023\/team\/silvestria-gorlice\/\">Husaria \u0141u\u017cna<\/a><\/td><td class=\"data-p\" data-label=\"M\">7<\/td><td class=\"data-pts\" data-label=\"Pkt\">11<\/td><td class=\"data-yellow\" data-label=\"YC\">2<\/td><td class=\"data-rc\" data-label=\"RC\">0<\/td><td class=\"data-w\" data-label=\"Z\">3<\/td><td class=\"data-d\" data-label=\"R\">2<\/td><td class=\"data-l\" data-label=\"P\">2<\/td><td class=\"data-f\" data-label=\"BZ\">16<\/td><td class=\"data-a\" data-label=\"BS\">16<\/td><td class=\"data-gd\" data-label=\"+\/-\">0<\/td><\/tr><tr class=\"even sp-row-no-15\"><td class=\"data-rank\" data-label=\"Pozycja\">16<\/td><td class=\"data-name\" data-label=\"Klub\"><a href=\"https:\/\/lfsportevents.pl\/openfutsal2023\/team\/alkoboye\/\">Alkoboy&#8217;e<\/a><\/td><td class=\"data-p\" data-label=\"M\">7<\/td><td class=\"data-pts\" data-label=\"Pkt\">10<\/td><td class=\"data-yellow\" data-label=\"YC\">0<\/td><td class=\"data-rc\" data-label=\"RC\">0<\/td><td class=\"data-w\" data-label=\"Z\">3<\/td><td class=\"data-d\" data-label=\"R\">1<\/td><td class=\"data-l\" data-label=\"P\">3<\/td><td class=\"data-f\" data-label=\"BZ\">11<\/td><td class=\"data-a\" data-label=\"BS\">14<\/td><td class=\"data-gd\" data-label=\"+\/-\">-3<\/td><\/tr><tr class=\"odd sp-row-no-16\"><td class=\"data-rank\" data-label=\"Pozycja\">17<\/td><td class=\"data-name\" data-label=\"Klub\"><a href=\"https:\/\/lfsportevents.pl\/openfutsal2023\/team\/podmuch-palestyna\/\">Podmuch Palestyna<\/a><\/td><td class=\"data-p\" data-label=\"M\">10<\/td><td class=\"data-pts\" data-label=\"Pkt\">10<\/td><td class=\"data-yellow\" data-label=\"YC\">1<\/td><td class=\"data-rc\" data-label=\"RC\">0<\/td><td class=\"data-w\" data-label=\"Z\">3<\/td><td class=\"data-d\" data-label=\"R\">1<\/td><td class=\"data-l\" data-label=\"P\">6<\/td><td class=\"data-f\" data-label=\"BZ\">11<\/td><td class=\"data-a\" data-label=\"BS\">23<\/td><td class=\"data-gd\" data-label=\"+\/-\">-12<\/td><\/tr><tr class=\"even sp-row-no-17\"><td class=\"data-rank\" data-label=\"Pozycja\">18<\/td><td class=\"data-name\" data-label=\"Klub\"><a href=\"https:\/\/lfsportevents.pl\/openfutsal2023\/team\/mabel-team\/\">Mabel Team<\/a><\/td><td class=\"data-p\" data-label=\"M\">10<\/td><td class=\"data-pts\" data-label=\"Pkt\">9<\/td><td class=\"data-yellow\" data-label=\"YC\">2<\/td><td class=\"data-rc\" data-label=\"RC\">0<\/td><td class=\"data-w\" data-label=\"Z\">2<\/td><td class=\"data-d\" data-label=\"R\">3<\/td><td class=\"data-l\" data-label=\"P\">5<\/td><td class=\"data-f\" data-label=\"BZ\">14<\/td><td class=\"data-a\" data-label=\"BS\">20<\/td><td class=\"data-gd\" data-label=\"+\/-\">-6<\/td><\/tr><tr class=\"odd sp-row-no-18\"><td class=\"data-rank\" data-label=\"Pozycja\">19<\/td><td class=\"data-name\" data-label=\"Klub\"><a href=\"https:\/\/lfsportevents.pl\/openfutsal2023\/team\/jwcleats\/\">Jwcleats<\/a><\/td><td class=\"data-p\" data-label=\"M\">4<\/td><td class=\"data-pts\" data-label=\"Pkt\">7<\/td><td class=\"data-yellow\" data-label=\"YC\">2<\/td><td class=\"data-rc\" data-label=\"RC\">0<\/td><td class=\"data-w\" data-label=\"Z\">2<\/td><td class=\"data-d\" data-label=\"R\">1<\/td><td class=\"data-l\" data-label=\"P\">1<\/td><td class=\"data-f\" data-label=\"BZ\">7<\/td><td class=\"data-a\" data-label=\"BS\">10<\/td><td class=\"data-gd\" data-label=\"+\/-\">-3<\/td><\/tr><tr class=\"even sp-row-no-19\"><td class=\"data-rank\" data-label=\"Pozycja\">20<\/td><td class=\"data-name\" data-label=\"Klub\"><a href=\"https:\/\/lfsportevents.pl\/openfutsal2023\/team\/nitus\/\">Nitus<\/a><\/td><td class=\"data-p\" data-label=\"M\">9<\/td><td class=\"data-pts\" data-label=\"Pkt\">7<\/td><td class=\"data-yellow\" data-label=\"YC\">0<\/td><td class=\"data-rc\" data-label=\"RC\">0<\/td><td class=\"data-w\" data-label=\"Z\">2<\/td><td class=\"data-d\" data-label=\"R\">1<\/td><td class=\"data-l\" data-label=\"P\">6<\/td><td class=\"data-f\" data-label=\"BZ\">7<\/td><td class=\"data-a\" data-label=\"BS\">17<\/td><td class=\"data-gd\" data-label=\"+\/-\">-10<\/td><\/tr><tr class=\"odd sp-row-no-20\"><td class=\"data-rank\" data-label=\"Pozycja\">21<\/td><td class=\"data-name\" data-label=\"Klub\"><a href=\"https:\/\/lfsportevents.pl\/openfutsal2023\/team\/fifoczki\/\">Fifoczki<\/a><\/td><td class=\"data-p\" data-label=\"M\">6<\/td><td class=\"data-pts\" data-label=\"Pkt\">6<\/td><td class=\"data-yellow\" data-label=\"YC\">0<\/td><td class=\"data-rc\" data-label=\"RC\">0<\/td><td class=\"data-w\" data-label=\"Z\">2<\/td><td class=\"data-d\" data-label=\"R\">0<\/td><td class=\"data-l\" data-label=\"P\">4<\/td><td class=\"data-f\" data-label=\"BZ\">8<\/td><td class=\"data-a\" data-label=\"BS\">11<\/td><td class=\"data-gd\" data-label=\"+\/-\">-3<\/td><\/tr><tr class=\"even sp-row-no-21\"><td class=\"data-rank\" data-label=\"Pozycja\">22<\/td><td class=\"data-name\" data-label=\"Klub\"><a href=\"https:\/\/lfsportevents.pl\/openfutsal2023\/team\/inter-styl\/\">Inter-Styl<\/a><\/td><td class=\"data-p\" data-label=\"M\">10<\/td><td class=\"data-pts\" data-label=\"Pkt\">6<\/td><td class=\"data-yellow\" data-label=\"YC\">0<\/td><td class=\"data-rc\" data-label=\"RC\">0<\/td><td class=\"data-w\" data-label=\"Z\">2<\/td><td class=\"data-d\" data-label=\"R\">0<\/td><td class=\"data-l\" data-label=\"P\">8<\/td><td class=\"data-f\" data-label=\"BZ\">9<\/td><td class=\"data-a\" data-label=\"BS\">28<\/td><td class=\"data-gd\" data-label=\"+\/-\">-19<\/td><\/tr><tr class=\"odd sp-row-no-22\"><td class=\"data-rank\" data-label=\"Pozycja\">23<\/td><td class=\"data-name\" data-label=\"Klub\"><a href=\"https:\/\/lfsportevents.pl\/openfutsal2023\/team\/lanepiwo\/\">La Nepiwo<\/a><\/td><td class=\"data-p\" data-label=\"M\">9<\/td><td class=\"data-pts\" data-label=\"Pkt\">5<\/td><td class=\"data-yellow\" data-label=\"YC\">4<\/td><td class=\"data-rc\" data-label=\"RC\">0<\/td><td class=\"data-w\" data-label=\"Z\">1<\/td><td class=\"data-d\" data-label=\"R\">2<\/td><td class=\"data-l\" data-label=\"P\">6<\/td><td class=\"data-f\" data-label=\"BZ\">7<\/td><td class=\"data-a\" data-label=\"BS\">28<\/td><td class=\"data-gd\" data-label=\"+\/-\">-21<\/td><\/tr><tr class=\"even sp-row-no-23\"><td class=\"data-rank\" data-label=\"Pozycja\">24<\/td><td class=\"data-name\" data-label=\"Klub\"><a href=\"https:\/\/lfsportevents.pl\/openfutsal2023\/team\/zalesianka-team\/\">Zalasowa Team<\/a><\/td><td class=\"data-p\" data-label=\"M\">3<\/td><td class=\"data-pts\" data-label=\"Pkt\">4<\/td><td class=\"data-yellow\" data-label=\"YC\">0<\/td><td class=\"data-rc\" data-label=\"RC\">0<\/td><td class=\"data-w\" data-label=\"Z\">1<\/td><td class=\"data-d\" data-label=\"R\">1<\/td><td class=\"data-l\" data-label=\"P\">1<\/td><td class=\"data-f\" data-label=\"BZ\">5<\/td><td class=\"data-a\" data-label=\"BS\">3<\/td><td class=\"data-gd\" data-label=\"+\/-\">2<\/td><\/tr><tr class=\"odd sp-row-no-24\"><td class=\"data-rank\" data-label=\"Pozycja\">25<\/td><td class=\"data-name\" data-label=\"Klub\"><a href=\"https:\/\/lfsportevents.pl\/openfutsal2023\/team\/uran\/\">Uran<\/a><\/td><td class=\"data-p\" data-label=\"M\">3<\/td><td class=\"data-pts\" data-label=\"Pkt\">3<\/td><td class=\"data-yellow\" data-label=\"YC\">0<\/td><td class=\"data-rc\" data-label=\"RC\">0<\/td><td class=\"data-w\" data-label=\"Z\">1<\/td><td class=\"data-d\" data-label=\"R\">0<\/td><td class=\"data-l\" data-label=\"P\">2<\/td><td class=\"data-f\" data-label=\"BZ\">7<\/td><td class=\"data-a\" data-label=\"BS\">10<\/td><td class=\"data-gd\" data-label=\"+\/-\">-3<\/td><\/tr><tr class=\"even sp-row-no-25\"><td class=\"data-rank\" data-label=\"Pozycja\">26<\/td><td class=\"data-name\" data-label=\"Klub\"><a href=\"https:\/\/lfsportevents.pl\/openfutsal2023\/team\/bysek-team\/\">Bysek Team<\/a><\/td><td class=\"data-p\" data-label=\"M\">6<\/td><td class=\"data-pts\" data-label=\"Pkt\">3<\/td><td class=\"data-yellow\" data-label=\"YC\">2<\/td><td class=\"data-rc\" data-label=\"RC\">0<\/td><td class=\"data-w\" data-label=\"Z\">0<\/td><td class=\"data-d\" data-label=\"R\">3<\/td><td class=\"data-l\" data-label=\"P\">3<\/td><td class=\"data-f\" data-label=\"BZ\">3<\/td><td class=\"data-a\" data-label=\"BS\">18<\/td><td class=\"data-gd\" data-label=\"+\/-\">-15<\/td><\/tr><tr class=\"odd sp-row-no-26\"><td class=\"data-rank\" data-label=\"Pozycja\">27<\/td><td class=\"data-name\" data-label=\"Klub\"><a href=\"https:\/\/lfsportevents.pl\/openfutsal2023\/team\/kks-stava\/\">KKS Stava<\/a><\/td><td class=\"data-p\" data-label=\"M\">3<\/td><td class=\"data-pts\" data-label=\"Pkt\">1<\/td><td class=\"data-yellow\" data-label=\"YC\">1<\/td><td class=\"data-rc\" data-label=\"RC\">0<\/td><td class=\"data-w\" data-label=\"Z\">0<\/td><td class=\"data-d\" data-label=\"R\">1<\/td><td class=\"data-l\" data-label=\"P\">2<\/td><td class=\"data-f\" data-label=\"BZ\">1<\/td><td class=\"data-a\" data-label=\"BS\">7<\/td><td class=\"data-gd\" data-label=\"+\/-\">-6<\/td><\/tr><tr class=\"even sp-row-no-27\"><td class=\"data-rank\" data-label=\"Pozycja\">28<\/td><td class=\"data-name\" data-label=\"Klub\"><a href=\"https:\/\/lfsportevents.pl\/openfutsal2023\/team\/ekogroszek-team\/\">Ekogroszek Team<\/a><\/td><td class=\"data-p\" data-label=\"M\">3<\/td><td class=\"data-pts\" data-label=\"Pkt\">0<\/td><td class=\"data-yellow\" data-label=\"YC\">0<\/td><td class=\"data-rc\" data-label=\"RC\">0<\/td><td class=\"data-w\" data-label=\"Z\">0<\/td><td class=\"data-d\" data-label=\"R\">0<\/td><td class=\"data-l\" data-label=\"P\">3<\/td><td class=\"data-f\" data-label=\"BZ\">4<\/td><td class=\"data-a\" data-label=\"BS\">11<\/td><td class=\"data-gd\" data-label=\"+\/-\">-7<\/td><\/tr><tr class=\"odd sp-row-no-28\"><td class=\"data-rank\" data-label=\"Pozycja\">29<\/td><td class=\"data-name\" data-label=\"Klub\"><a href=\"https:\/\/lfsportevents.pl\/openfutsal2023\/team\/ac-materace\/\">AC Materace<\/a><\/td><td class=\"data-p\" data-label=\"M\">3<\/td><td class=\"data-pts\" data-label=\"Pkt\">0<\/td><td class=\"data-yellow\" data-label=\"YC\">0<\/td><td class=\"data-rc\" data-label=\"RC\">0<\/td><td class=\"data-w\" data-label=\"Z\">0<\/td><td class=\"data-d\" data-label=\"R\">0<\/td><td class=\"data-l\" data-label=\"P\">3<\/td><td class=\"data-f\" data-label=\"BZ\">3<\/td><td class=\"data-a\" data-label=\"BS\">11<\/td><td class=\"data-gd\" data-label=\"+\/-\">-8<\/td><\/tr><tr class=\"even sp-row-no-29\"><td class=\"data-rank\" data-label=\"Pozycja\">30<\/td><td class=\"data-name\" data-label=\"Klub\"><a href=\"https:\/\/lfsportevents.pl\/openfutsal2023\/team\/rzyga-bonito\/\">Rzyga Bonito<\/a><\/td><td class=\"data-p\" data-label=\"M\">3<\/td><td class=\"data-pts\" data-label=\"Pkt\">0<\/td><td class=\"data-yellow\" data-label=\"YC\">1<\/td><td class=\"data-rc\" data-label=\"RC\">0<\/td><td class=\"data-w\" data-label=\"Z\">0<\/td><td class=\"data-d\" data-label=\"R\">0<\/td><td class=\"data-l\" data-label=\"P\">3<\/td><td class=\"data-f\" data-label=\"BZ\">1<\/td><td class=\"data-a\" data-label=\"BS\">10<\/td><td class=\"data-gd\" data-label=\"+\/-\">-9<\/td><\/tr><tr class=\"odd sp-row-no-30\"><td class=\"data-rank\" data-label=\"Pozycja\">31<\/td><td class=\"data-name\" data-label=\"Klub\"><a href=\"https:\/\/lfsportevents.pl\/openfutsal2023\/team\/kadeci-team\/\">Kadeci Team<\/a><\/td><td class=\"data-p\" data-label=\"M\">6<\/td><td class=\"data-pts\" data-label=\"Pkt\">0<\/td><td class=\"data-yellow\" data-label=\"YC\">0<\/td><td class=\"data-rc\" data-label=\"RC\">0<\/td><td class=\"data-w\" data-label=\"Z\">0<\/td><td class=\"data-d\" data-label=\"R\">0<\/td><td class=\"data-l\" data-label=\"P\">6<\/td><td class=\"data-f\" data-label=\"BZ\">3<\/td><td class=\"data-a\" data-label=\"BS\">17<\/td><td class=\"data-gd\" data-label=\"+\/-\">-14<\/td><\/tr><tr class=\"even sp-row-no-31\"><td class=\"data-rank\" data-label=\"Pozycja\">32<\/td><td class=\"data-name\" data-label=\"Klub\"><a href=\"https:\/\/lfsportevents.pl\/openfutsal2023\/team\/innet\/\">Innet<\/a><\/td><td class=\"data-p\" data-label=\"M\">3<\/td><td class=\"data-pts\" data-label=\"Pkt\">0<\/td><td class=\"data-yellow\" data-label=\"YC\">0<\/td><td class=\"data-rc\" data-label=\"RC\">0<\/td><td class=\"data-w\" data-label=\"Z\">0<\/td><td class=\"data-d\" data-label=\"R\">0<\/td><td class=\"data-l\" data-label=\"P\">3<\/td><td class=\"data-f\" data-label=\"BZ\">0<\/td><td class=\"data-a\" data-label=\"BS\">15<\/td><td class=\"data-gd\" data-label=\"+\/-\">-15<\/td><\/tr><tr class=\"odd sp-row-no-32\"><td class=\"data-rank\" data-label=\"Pozycja\">33<\/td><td class=\"data-name\" data-label=\"Klub\"><a href=\"https:\/\/lfsportevents.pl\/openfutsal2023\/team\/alum-plast\/\">Alum-Plast<\/a><\/td><td class=\"data-p\" data-label=\"M\">3<\/td><td class=\"data-pts\" data-label=\"Pkt\">0<\/td><td class=\"data-yellow\" data-label=\"YC\">0<\/td><td class=\"data-rc\" data-label=\"RC\">0<\/td><td class=\"data-w\" data-label=\"Z\">0<\/td><td class=\"data-d\" data-label=\"R\">0<\/td><td class=\"data-l\" data-label=\"P\">3<\/td><td class=\"data-f\" data-label=\"BZ\">0<\/td><td class=\"data-a\" data-label=\"BS\">17<\/td><td class=\"data-gd\" data-label=\"+\/-\">-17<\/td><\/tr><tr class=\"even sp-row-no-33\"><td class=\"data-rank\" data-label=\"Pozycja\">34<\/td><td class=\"data-name\" data-label=\"Klub\"><a href=\"https:\/\/lfsportevents.pl\/openfutsal2023\/team\/wlkteam\/\">WLKTeam<\/a><\/td><td class=\"data-p\" data-label=\"M\">3<\/td><td class=\"data-pts\" data-label=\"Pkt\">0<\/td><td class=\"data-yellow\" data-label=\"YC\">0<\/td><td class=\"data-rc\" data-label=\"RC\">0<\/td><td class=\"data-w\" data-label=\"Z\">0<\/td><td class=\"data-d\" data-label=\"R\">0<\/td><td class=\"data-l\" data-label=\"P\">3<\/td><td class=\"data-f\" data-label=\"BZ\">0<\/td><td class=\"data-a\" data-label=\"BS\">19<\/td><td class=\"data-gd\" data-label=\"+\/-\">-19<\/td><\/tr><\/tbody><\/table><\/div><\/div>\n<\/div>\n","protected":false},"excerpt":{"rendered":"<p>&nbsp; Legenda: M = Mecze Rozegrane Pkt = Punkty YC = \u017b\u00f3\u0142te kartki RC = Czerwone kartki Z = Zwyci\u0119stwa R = Remisy P = Pora\u017cki BZ = Bramki zdobyte BS = Bramki stracone +\/- = R\u00f3\u017cnica bramek<\/p>\n","protected":false},"author":1,"featured_media":0,"parent":0,"menu_order":0,"comment_status":"closed","ping_status":"closed","template":"","meta":[],"_links":{"self":[{"href":"https:\/\/lfsportevents.pl\/openfutsal2023\/wp-json\/wp\/v2\/pages\/270"}],"collection":[{"href":"https:\/\/lfsportevents.pl\/openfutsal2023\/wp-json\/wp\/v2\/pages"}],"about":[{"href":"https:\/\/lfsportevents.pl\/openfutsal2023\/wp-json\/wp\/v2\/types\/page"}],"author":[{"embeddable":true,"href":"https:\/\/lfsportevents.pl\/openfutsal2023\/wp-json\/wp\/v2\/users\/1"}],"replies":[{"embeddable":true,"href":"https:\/\/lfsportevents.pl\/openfutsal2023\/wp-json\/wp\/v2\/comments?post=270"}],"version-history":[{"count":3,"href":"https:\/\/lfsportevents.pl\/openfutsal2023\/wp-json\/wp\/v2\/pages\/270\/revisions"}],"predecessor-version":[{"id":11117,"href":"https:\/\/lfsportevents.pl\/openfutsal2023\/wp-json\/wp\/v2\/pages\/270\/revisions\/11117"}],"wp:attachment":[{"href":"https:\/\/lfsportevents.pl\/openfutsal2023\/wp-json\/wp\/v2\/media?parent=270"}],"curies":[{"name":"wp","href":"https:\/\/api.w.org\/{rel}","templated":true}]}}