{"id":10636,"date":"2022-11-14T13:04:35","date_gmt":"2022-11-14T12:04:35","guid":{"rendered":"https:\/\/lfsportevents.pl\/openfutsal2023\/?page_id=10636"},"modified":"2024-02-10T09:58:12","modified_gmt":"2024-02-10T08:58:12","slug":"terminarz-wyniki","status":"publish","type":"page","link":"https:\/\/lfsportevents.pl\/openfutsal2023\/turniej-walentynkowy\/terminarz-wyniki\/","title":{"rendered":"Terminarz \/ Wyniki"},"content":{"rendered":"<h2><strong><span style=\"color: #993300;\">Grupa<\/span> <span style=\"color: #ff0000;\">A<\/span><\/strong> \u2013\u00a0<strong><span style=\"color: #993300;\">Grupa<\/span> <span style=\"color: #ff0000;\">B<\/span><\/strong><\/h2>\n<p><span style=\"color: #993300;\">08:00<\/span>\u00a0\u00a0\u00a0 INTER-STYL : PABUD<br \/>\n<span style=\"color: #993300;\">08:15<\/span>\u00a0\u00a0\u00a0 KNIZ : MAK-BUD<br \/>\n<span style=\"color: #993300;\">08:30<\/span>\u00a0\u00a0\u00a0 GOLD TEAM\/MEBLE LOREK : EKOGROSZEK TEAM<br \/>\n<span style=\"color: #993300;\">08:45\u00a0<\/span>\u00a0\u00a0 GALACTICOS TEAM : HAL-MONT<br \/>\n<span style=\"color: #993300;\">09:00<\/span>\u00a0\u00a0\u00a0 INTER-STYL : MAK-BUD<br \/>\n<span style=\"color: #993300;\">09:15<\/span>\u00a0\u00a0\u00a0 KNIZ : PABUD<br \/>\n<span style=\"color: #993300;\">09:30<\/span>\u00a0\u00a0\u00a0 GOLD TEAM\/MEBLE LOREK : HAL-MONT<br \/>\n<span style=\"color: #993300;\">09:45<\/span>\u00a0\u00a0\u00a0 GALACTICOS TEAM : EKOGROSZEK TEAM<br \/>\n<span style=\"color: #993300;\">10:00<\/span>\u00a0\u00a0\u00a0 KNIZ : INTER-STYL<br \/>\n<span style=\"color: #993300;\">10:15<\/span>\u00a0\u00a0\u00a0 PABUD : MAK-BUD<br \/>\n<span style=\"color: #993300;\">10:30<\/span>\u00a0\u00a0\u00a0 EKOGROSZEK TEAM : HAL-MONT<br \/>\n<span style=\"color: #993300;\">10:45<\/span>\u00a0\u00a0\u00a0 GALACTICOS TEAM : GOLD TEAM\/MEBLE LOREK<\/p>\n<h2><strong><span style=\"color: #993300;\">Grupa<\/span><span style=\"color: #ff0000;\"> c<\/span><\/strong> \u2013<span style=\"color: #993300;\">\u00a0<\/span><strong><span style=\"color: #993300;\">Grupa<\/span> <span style=\"color: #ff0000;\">d<\/span><\/strong><\/h2>\n<p><span style=\"color: #993300;\">11:15\u00a0<\/span>\u00a0\u00a0 KS STAVA : STALUP<br \/>\n<span style=\"color: #993300;\">11:30<\/span>\u00a0\u00a0\u00a0 DOM WESELNY SYLWIA : NITUS<br \/>\n<span style=\"color: #993300;\">11:45\u00a0<\/span>\u00a0\u00a0 WLKTEAM : MARIO TEAM<br \/>\n<span style=\"color: #993300;\">12:00<\/span>\u00a0\u00a0\u00a0 ALEX ZAKLICZYN : PODMUCH PALESTYNA<br \/>\n<span style=\"color: #993300;\">12:15<\/span>\u00a0\u00a0\u00a0 KS STAVA : NITUS<br \/>\n<span style=\"color: #993300;\">12:30<\/span>\u00a0\u00a0\u00a0 DOM WESELNY SYLWIA : STALUP<br \/>\n<span style=\"color: #993300;\">12:45\u00a0<\/span>\u00a0\u00a0 WLKTEAM : PODMUCH PALESTYNA<br \/>\n<span style=\"color: #993300;\">13:00\u00a0<\/span>\u00a0\u00a0 ALEX ZAKLICZYN : MARIO TEAM<br \/>\n<span style=\"color: #993300;\">13:15\u00a0<\/span>\u00a0\u00a0 DOM WESELNY SYLWIA : KS STAVA<br \/>\n<span style=\"color: #993300;\">13:30<\/span>\u00a0\u00a0\u00a0 STALUP : NITUS<br \/>\n<span style=\"color: #993300;\">13:45<\/span>\u00a0\u00a0\u00a0 MARIO TEAM : PODMUCH PALESTYNA<br \/>\n<span style=\"color: #993300;\">14:00<\/span>\u00a0\u00a0\u00a0 ALEX ZAKLICZYN : WLKTEAM<\/p>\n<h2><strong><span style=\"color: #993300;\">Grupa<\/span> <span style=\"color: #ff0000;\">e<\/span><\/strong> \u2013\u00a0<strong><span style=\"color: #993300;\">Grupa<\/span> <span style=\"color: #ff0000;\">f<\/span><\/strong><\/h2>\n<p><span style=\"color: #993300;\">14:30\u00a0<\/span>\u00a0\u00a0 PROTEL : DRINK TEAM<br \/>\n<span style=\"color: #993300;\">14:45<\/span>\u00a0\u00a0\u00a0 REPRE BARDEJOV : SAN ESCOBAR<br \/>\n<span style=\"color: #993300;\">15:00\u00a0\u00a0\u00a0<\/span> BAZ PAL : MABEL TEAM<br \/>\n<span style=\"color: #993300;\">15:15<\/span>\u00a0\u00a0\u00a0 FAMILY TEAM : LA NEPIWO<br \/>\n<span style=\"color: #993300;\">15:30<\/span>\u00a0\u00a0\u00a0 PROTEL : SAN ESCOBAR<br \/>\n<span style=\"color: #993300;\">15:45<\/span>\u00a0\u00a0\u00a0 REPRE BARDEJOV : DRINK TEAM<br \/>\n<span style=\"color: #993300;\">16:00\u00a0<\/span>\u00a0\u00a0 BAZ PAL : LA NEPIWO<br \/>\n<span style=\"color: #993300;\">16:15\u00a0<\/span>\u00a0\u00a0 FAMILY TEAM : MABEL TEAM<br \/>\n<span style=\"color: #993300;\">16:30<\/span>\u00a0\u00a0\u00a0 REPRE BARDEJOV : PROTEL<br \/>\n<span style=\"color: #993300;\">16:45<\/span>\u00a0\u00a0\u00a0 DRINK TEAM : SAN ESCOBAR<br \/>\n<span style=\"color: #993300;\">17:00<\/span>\u00a0\u00a0\u00a0 MABEL TEAM : LA NEPIWO<br \/>\n<span style=\"color: #993300;\">17:15\u00a0<\/span>\u00a0\u00a0 FAMILY TEAM : BAZ PAL<\/p>\n<h2><span style=\"color: #993300;\"><strong>\u0106WIER\u0106FINA\u0141Y<\/strong><\/span><\/h2>\n<p><span style=\"color: #993300;\">17:45<\/span>\u00a0 (1) A1 \u2013 F2<br \/>\n<span style=\"color: #993300;\">18:00<\/span>\u00a0 (2) B1 \u2013 E2<br \/>\n<span style=\"color: #993300;\">18:15<\/span>\u00a0 (3) C1 \u2013 D2<br \/>\n<span style=\"color: #993300;\">18:30<\/span>\u00a0 (4) D1 \u2013 C2<br \/>\n<span style=\"color: #993300;\">18:45<\/span>\u00a0 (5) E1 \u2013 B2<br \/>\n<span style=\"color: #993300;\">19:00<\/span>\u00a0 (6) F1 \u2013 A2<\/p>\n<h2><span style=\"color: #993300;\"><strong>P\u00d3\u0141FINA\u0141Y<\/strong><\/span><\/h2>\n<p><span style=\"color: #993300;\">19:15<\/span>\u00a0 (7) Zwyci\u0119zca (1) i (2)<br \/>\n<span style=\"color: #993300;\">19:30<\/span>\u00a0 (8) Zwyci\u0119zca (3) i (4)<br \/>\n<span style=\"color: #993300;\">19:45<\/span>\u00a0 (9) Zwyci\u0119zca (5) i (6)<\/p>\n<h2><span style=\"color: #993300;\"><strong>FINA\u0141\u00a0<\/strong><\/span><\/h2>\n<p><span style=\"color: #993300;\">20:00\u00a0<\/span> (10) Zwyci\u0119zcy (7) i (8)<br \/>\n<span style=\"color: #993300;\">20:15<\/span>\u00a0 (11) Zwyci\u0119zcy (9) i (7)<br \/>\n<span style=\"color: #993300;\">20:30<\/span>\u00a0 (12) Zwyci\u0119zcy (8) i (9)<\/p>\n<p>&nbsp;<\/p>\n","protected":false},"excerpt":{"rendered":"<p>Grupa A \u2013\u00a0Grupa B 08:00\u00a0\u00a0\u00a0 INTER-STYL : PABUD 08:15\u00a0\u00a0\u00a0 KNIZ : MAK-BUD 08:30\u00a0\u00a0\u00a0 GOLD TEAM\/MEBLE LOREK : EKOGROSZEK TEAM 08:45\u00a0\u00a0\u00a0 GALACTICOS TEAM : HAL-MONT 09:00\u00a0\u00a0\u00a0 INTER-STYL : MAK-BUD 09:15\u00a0\u00a0\u00a0 KNIZ : PABUD 09:30\u00a0\u00a0\u00a0 GOLD TEAM\/MEBLE LOREK : HAL-MONT 09:45\u00a0\u00a0\u00a0 GALACTICOS TEAM : EKOGROSZEK TEAM 10:00\u00a0\u00a0\u00a0 KNIZ : INTER-STYL 10:15\u00a0\u00a0\u00a0 PABUD : MAK-BUD 10:30\u00a0\u00a0\u00a0 EKOGROSZEK TEAM [&hellip;]<\/p>\n","protected":false},"author":1,"featured_media":0,"parent":10628,"menu_order":0,"comment_status":"closed","ping_status":"closed","template":"","meta":[],"_links":{"self":[{"href":"https:\/\/lfsportevents.pl\/openfutsal2023\/wp-json\/wp\/v2\/pages\/10636"}],"collection":[{"href":"https:\/\/lfsportevents.pl\/openfutsal2023\/wp-json\/wp\/v2\/pages"}],"about":[{"href":"https:\/\/lfsportevents.pl\/openfutsal2023\/wp-json\/wp\/v2\/types\/page"}],"author":[{"embeddable":true,"href":"https:\/\/lfsportevents.pl\/openfutsal2023\/wp-json\/wp\/v2\/users\/1"}],"replies":[{"embeddable":true,"href":"https:\/\/lfsportevents.pl\/openfutsal2023\/wp-json\/wp\/v2\/comments?post=10636"}],"version-history":[{"count":3,"href":"https:\/\/lfsportevents.pl\/openfutsal2023\/wp-json\/wp\/v2\/pages\/10636\/revisions"}],"predecessor-version":[{"id":12532,"href":"https:\/\/lfsportevents.pl\/openfutsal2023\/wp-json\/wp\/v2\/pages\/10636\/revisions\/12532"}],"up":[{"embeddable":true,"href":"https:\/\/lfsportevents.pl\/openfutsal2023\/wp-json\/wp\/v2\/pages\/10628"}],"wp:attachment":[{"href":"https:\/\/lfsportevents.pl\/openfutsal2023\/wp-json\/wp\/v2\/media?parent=10636"}],"curies":[{"name":"wp","href":"https:\/\/api.w.org\/{rel}","templated":true}]}}