{"id":10550,"date":"2022-11-14T12:27:00","date_gmt":"2022-11-14T11:27:00","guid":{"rendered":"https:\/\/lfsportevents.pl\/openfutsal2023\/?page_id=10550"},"modified":"2023-11-01T20:57:36","modified_gmt":"2023-11-01T19:57:36","slug":"zapisz-druzyne","status":"publish","type":"page","link":"https:\/\/lfsportevents.pl\/openfutsal2023\/turniej-jesienny\/zapisz-druzyne\/","title":{"rendered":"Zapisz dru\u017cyn\u0119"},"content":{"rendered":"<div>\n<ul>\n<li style=\"text-align: justify;\"><strong><span style=\"color: #ff0000;\">ZAPISZ<\/span><\/strong> dru\u017cyn\u0119 do rozgrywek <strong><span style=\"color: #ff0000;\">PABUD OPEN FUTSAL<\/span><\/strong>, w kategorii <span style=\"color: #ff0000;\"><strong>OPEN<\/strong><\/span> (bez limitu czynnych zawodnik\u00f3w). <span style=\"color: #ff0000;\"><strong>TURNIEJ JESIENNY<\/strong><\/span>\u00a0 zostanie rozegrany 26 listopada 2023 roku, na hali sportowej w \u0141\u0105cku. Godziny rozpocz\u0119cia turnieju oraz system rozgrywek, podamy po zapisach. Zg\u0142oszenia dru\u017cyn przyjmujemy do 24 listopada 2023.<\/li>\n<li style=\"text-align: justify;\">Na ka\u017cdym turnieju, dla trzech najlepszych zespo\u0142\u00f3w przewidujemy nagrody w formie puchar\u00f3w i dyplom\u00f3w oraz dyplomy dla ka\u017cdej z dru\u017cyn. Nagrodzimy r\u00f3wnie\u017c MVP czyli najlepszego zawodnika.<\/li>\n<li style=\"text-align: justify;\">Turniej Jesienny b\u0119dzie pierwszym z czterech organizowanych w ramach Pabud Open Futsal 2023\/24. Opr\u00f3cz mo\u017cliwo\u015bci wygrania poszczeg\u00f3lnych turniej\u00f3w, ka\u017cda dru\u017cyna b\u0119dzie zdobywa\u0107 punkty do Rankingu Klasyfikacyjnego, kt\u00f3ry b\u0119dzie zlicza\u0142 zdobycze punktowe z ka\u017cdych czterech gier. Trzy dru\u017cyny kt\u00f3re zbior\u0105 najwi\u0119cej punkt\u00f3w na koniec ostatniego turnieju, dostan\u0105 dodatkowo nagrody klasyfikacyjne w postaci puchar\u00f3w, medali, dyplom\u00f3w, zdj\u0119\u0107 oraz nagr\u00f3d finansowych. Najlepsi zawodnicy ca\u0142ego cyklu otrzymaj\u0105 statuetki i dyplom w kategoriach indywidualnymi m.in. kr\u00f3l strzelc\u00f3w, najlepszy asystent, najlepszy bramkarz, najlepszy Kanadyjczyk, najlepszy obro\u0144ca.<\/li>\n<\/ul>\n<h5 style=\"text-align: center;\">JU\u017b DZI\u015a ZAPISZ SI\u0118 NA TURNIEJ jesienny i nast\u0119pne&#x2757;&#xfe0f;&#x2757;&#xfe0f;&#x2757;&#xfe0f;decyduje kolejno\u015b\u0107 zg\u0142osze\u0144. <strong>Kupuj\u0105c wszystkie lub kilka turniej\u00f3w, masz gwarancj\u0119 udzia\u0142u<\/strong><span style=\"color: #993300;\"><strong><span style=\"color: #ff0000;\">.<\/span><\/strong><\/span><\/h5>\n<h5 style=\"text-align: center;\"><span style=\"color: #993300;\"><strong><span style=\"color: #ff0000;\">KOSZT: 350 z\u0142 za jeden turniej. <\/span>\u00a0<\/strong><\/span><\/h5>\n<h4 style=\"text-align: center;\"><span style=\"color: #ff0000;\">Na ka\u017cdym turnieju, dru\u017cynY otrzymUJ\u0104 pocz\u0119stunek w formie pizzy od naszego sponsora<\/span><\/h4>\n<h5 style=\"text-align: center;\"><span style=\"color: #ff0000;\"> <img loading=\"lazy\" class=\"alignnone wp-image-10689 \" src=\"https:\/\/lfsportevents.pl\/openfutsal2023\/wp-content\/uploads\/2022\/11\/PH_logo-150x150.jpg\" alt=\"\" width=\"85\" height=\"85\" srcset=\"https:\/\/lfsportevents.pl\/openfutsal2023\/wp-content\/uploads\/2022\/11\/PH_logo-150x150.jpg 150w, https:\/\/lfsportevents.pl\/openfutsal2023\/wp-content\/uploads\/2022\/11\/PH_logo-300x300.jpg 300w, https:\/\/lfsportevents.pl\/openfutsal2023\/wp-content\/uploads\/2022\/11\/PH_logo-1024x1024.jpg 1024w, https:\/\/lfsportevents.pl\/openfutsal2023\/wp-content\/uploads\/2022\/11\/PH_logo-768x768.jpg 768w, https:\/\/lfsportevents.pl\/openfutsal2023\/wp-content\/uploads\/2022\/11\/PH_logo-128x128.jpg 128w, https:\/\/lfsportevents.pl\/openfutsal2023\/wp-content\/uploads\/2022\/11\/PH_logo-32x32.jpg 32w, https:\/\/lfsportevents.pl\/openfutsal2023\/wp-content\/uploads\/2022\/11\/PH_logo-48x48.jpg 48w, https:\/\/lfsportevents.pl\/openfutsal2023\/wp-content\/uploads\/2022\/11\/PH_logo-250x250.jpg 250w, https:\/\/lfsportevents.pl\/openfutsal2023\/wp-content\/uploads\/2022\/11\/PH_logo-550x550.jpg 550w, https:\/\/lfsportevents.pl\/openfutsal2023\/wp-content\/uploads\/2022\/11\/PH_logo-800x800.jpg 800w, https:\/\/lfsportevents.pl\/openfutsal2023\/wp-content\/uploads\/2022\/11\/PH_logo-180x180.jpg 180w, https:\/\/lfsportevents.pl\/openfutsal2023\/wp-content\/uploads\/2022\/11\/PH_logo-500x500.jpg 500w, https:\/\/lfsportevents.pl\/openfutsal2023\/wp-content\/uploads\/2022\/11\/PH_logo.jpg 1134w\" sizes=\"(max-width: 85px) 100vw, 85px\" \/><\/span><\/h5>\n<h3 style=\"text-align: center;\"><span style=\"color: #0000ff;\">NOWO\u015a\u0106 !!! PRZYGOTOWALI\u015aMY DLA WAS DARMOWY BUFET KAWOWY I HERBACIANY.<\/span><\/h3>\n<h2 style=\"text-align: center;\"><strong><span style=\"color: #ff0000;\">JAK ZG\u0141OSI\u0106 DRU\u017bYN\u0118 ???<\/span><\/strong><br \/>\n<span style=\"color: #ff0000;\">Telefonicznie:<\/span> 500 758 968<br \/>\n<span style=\"color: #ff0000;\">Mailowo:<\/span> biuro@lfsportevents.PL<br \/>\n<span style=\"color: #ff0000;\">Poprzez poni\u017cszy formularz\u00a0<\/span><\/h2>\n<p>Pola oznaczone (*) s\u0105 wymagane.<\/p>\n<div role=\"form\" class=\"wpcf7\" id=\"wpcf7-f156-o1\" lang=\"pl-PL\" dir=\"ltr\">\n<div class=\"screen-reader-response\"><p role=\"status\" aria-live=\"polite\" aria-atomic=\"true\"><\/p> <ul><\/ul><\/div>\n<form action=\"\/openfutsal2023\/wp-json\/wp\/v2\/pages\/10550#wpcf7-f156-o1\" method=\"post\" class=\"wpcf7-form init\" novalidate=\"novalidate\" data-status=\"init\">\n<div style=\"display: none;\">\n<input type=\"hidden\" name=\"_wpcf7\" value=\"156\" \/>\n<input type=\"hidden\" name=\"_wpcf7_version\" value=\"5.5.6\" \/>\n<input type=\"hidden\" name=\"_wpcf7_locale\" value=\"pl_PL\" \/>\n<input type=\"hidden\" name=\"_wpcf7_unit_tag\" value=\"wpcf7-f156-o1\" \/>\n<input type=\"hidden\" name=\"_wpcf7_container_post\" value=\"0\" \/>\n<input type=\"hidden\" name=\"_wpcf7_posted_data_hash\" value=\"\" \/>\n<\/div>\n<p>Imi\u0119 i nazwisko (*)<br \/>\n    <span class=\"wpcf7-form-control-wrap your-name\"><input type=\"text\" name=\"your-name\" value=\"\" size=\"40\" class=\"wpcf7-form-control wpcf7-text wpcf7-validates-as-required\" aria-required=\"true\" aria-invalid=\"false\" \/><\/span> <\/p>\n<p>Adres email (*)<br \/>\n    <span class=\"wpcf7-form-control-wrap your-email\"><input type=\"email\" name=\"your-email\" value=\"\" size=\"40\" class=\"wpcf7-form-control wpcf7-text wpcf7-email wpcf7-validates-as-required wpcf7-validates-as-email\" aria-required=\"true\" aria-invalid=\"false\" \/><\/span> <\/p>\n<p>Telefon<br \/>\n    <span class=\"wpcf7-form-control-wrap your-phone\"><input type=\"text\" name=\"your-phone\" value=\"\" size=\"40\" class=\"wpcf7-form-control wpcf7-text wpcf7-validates-as-required\" aria-required=\"true\" aria-invalid=\"false\" \/><\/span> <\/p>\n<p>Temat (*)<br \/>\n    <span class=\"wpcf7-form-control-wrap your-subject\"><input type=\"text\" name=\"your-subject\" value=\"\" size=\"40\" class=\"wpcf7-form-control wpcf7-text\" aria-invalid=\"false\" \/><\/span> <\/p>\n<p>Tre\u015b\u0107 wiadomo\u015bci (*)<br \/>\n    <span class=\"wpcf7-form-control-wrap your-message\"><textarea name=\"your-message\" cols=\"35\" rows=\"10\" class=\"wpcf7-form-control wpcf7-textarea\" aria-invalid=\"false\"><\/textarea><\/span> <\/p>\n<p><input type=\"submit\" value=\"Wy\u015blij\" class=\"wpcf7-form-control has-spinner wpcf7-submit\" \/><\/p>\n<div class=\"wpcf7-response-output\" aria-hidden=\"true\"><\/div><\/form><\/div>\n<\/div>\n<div>\n<div class=\"border\">\u0141ukasz Fr\u0105czek \u2013 organizator i koordynator rozgrywek<br \/>\nTel. 500-758-968<br \/>\ne-mail: biuro@lfsportevents.pl<\/div>\n<h4>Dane firmy<\/h4>\n<p><strong>\u0141F SPORT EVENTS<\/strong><br \/>\n\u0141ukasz Fr\u0105czek<br \/>\nStad\u0142a 116<br \/>\n33-386 Podegrodzie,<br \/>\nNIP: 734-342-55-01,<br \/>\nREGON 363916060<br \/>\ntel. 500758968,<br \/>\ne-mail: <a href=\"mailto:biuro@lfsportevents.pl\">biuro@lfsportevents.pl<\/a><br \/>\nKonto bankowe: ING Bank \u015al\u0105ski nr: 06 1050 1722 1000 0092 2340 9153<\/p>\n<p>&nbsp;<\/p>\n<\/div>\n","protected":false},"excerpt":{"rendered":"<p>ZAPISZ dru\u017cyn\u0119 do rozgrywek PABUD OPEN FUTSAL, w kategorii OPEN (bez limitu czynnych zawodnik\u00f3w). TURNIEJ JESIENNY\u00a0 zostanie rozegrany 26 listopada 2023 roku, na hali sportowej w \u0141\u0105cku. Godziny rozpocz\u0119cia turnieju oraz system rozgrywek, podamy po zapisach. Zg\u0142oszenia dru\u017cyn przyjmujemy do 24 listopada 2023. Na ka\u017cdym turnieju, dla trzech najlepszych zespo\u0142\u00f3w przewidujemy nagrody w formie puchar\u00f3w [&hellip;]<\/p>\n","protected":false},"author":1,"featured_media":0,"parent":10548,"menu_order":0,"comment_status":"closed","ping_status":"closed","template":"","meta":[],"_links":{"self":[{"href":"https:\/\/lfsportevents.pl\/openfutsal2023\/wp-json\/wp\/v2\/pages\/10550"}],"collection":[{"href":"https:\/\/lfsportevents.pl\/openfutsal2023\/wp-json\/wp\/v2\/pages"}],"about":[{"href":"https:\/\/lfsportevents.pl\/openfutsal2023\/wp-json\/wp\/v2\/types\/page"}],"author":[{"embeddable":true,"href":"https:\/\/lfsportevents.pl\/openfutsal2023\/wp-json\/wp\/v2\/users\/1"}],"replies":[{"embeddable":true,"href":"https:\/\/lfsportevents.pl\/openfutsal2023\/wp-json\/wp\/v2\/comments?post=10550"}],"version-history":[{"count":3,"href":"https:\/\/lfsportevents.pl\/openfutsal2023\/wp-json\/wp\/v2\/pages\/10550\/revisions"}],"predecessor-version":[{"id":11821,"href":"https:\/\/lfsportevents.pl\/openfutsal2023\/wp-json\/wp\/v2\/pages\/10550\/revisions\/11821"}],"up":[{"embeddable":true,"href":"https:\/\/lfsportevents.pl\/openfutsal2023\/wp-json\/wp\/v2\/pages\/10548"}],"wp:attachment":[{"href":"https:\/\/lfsportevents.pl\/openfutsal2023\/wp-json\/wp\/v2\/media?parent=10550"}],"curies":[{"name":"wp","href":"https:\/\/api.w.org\/{rel}","templated":true}]}}