{"id":7064,"date":"2017-01-02T13:03:41","date_gmt":"2017-01-02T12:03:41","guid":{"rendered":"https:\/\/lfsportevents.pl\/openfutsal2022\/?page_id=7064"},"modified":"2023-02-13T21:51:24","modified_gmt":"2023-02-13T20:51:24","slug":"ranking","status":"publish","type":"page","link":"https:\/\/lfsportevents.pl\/openfutsal2022\/ranking\/","title":{"rendered":"Ranking"},"content":{"rendered":"<h2 style=\"text-align: center;\"><strong>RANKING KLASYFIKACYJNY PO<\/strong><strong style=\"color: #993300; font-family: Oswald, sans-serif; font-size: 28px; text-align: center; text-transform: uppercase;\"><span style=\"color: #ff0000;\"> WSZYSTKICH TURNIEJACH<\/span><\/strong><\/h2>\n<table width=\"623\">\n<tbody>\n<tr>\n<td width=\"54\"><strong><span style=\"color: #993300;\">MIEJSCE<\/span><\/strong><\/td>\n<td width=\"146\"><strong><span style=\"color: #993300;\">NAZWA DRU\u017bYNY<\/span><\/strong><\/td>\n<td width=\"86\"><strong><span style=\"color: #993300;\">TURNIEJ\u00a0 JESIENNY<\/span><\/strong><\/td>\n<td width=\"93\"><strong><span style=\"color: #993300;\">TURNIEJ MIKO\u0141AJKOWY<\/span><\/strong><\/td>\n<td width=\"88\"><strong><span style=\"color: #993300;\">TURNIEJ NOWOROCZNY<\/span><\/strong><\/td>\n<td width=\"99\"><strong><span style=\"color: #993300;\">TURNIEJ WALENTYNKOWY<\/span><\/strong><\/td>\n<td width=\"57\"><strong><span style=\"color: #993300;\">PUNKTY<\/span><\/strong><\/td>\n<\/tr>\n<tr>\n<td width=\"54\"><strong><span style=\"color: #993300;\">1<\/span><\/strong><\/td>\n<td width=\"146\">Gold Team<\/td>\n<td width=\"86\">3 (75 pkt)<\/td>\n<td width=\"93\">7 (60 pkt)<\/td>\n<td width=\"88\">2 (110 pkt)<\/td>\n<td width=\"99\">7 (60)<\/td>\n<td width=\"57\"><span style=\"color: #993300;\"><strong>305 pkt<\/strong><\/span><\/td>\n<\/tr>\n<tr>\n<td width=\"54\"><strong><span style=\"color: #993300;\">2<\/span><\/strong><\/td>\n<td width=\"146\">Alex Zakliczyn<\/td>\n<td width=\"86\">7 (55 pkt)<\/td>\n<td width=\"93\">6 (65 pkt)<\/td>\n<td width=\"88\">9 (75 pkt)<\/td>\n<td width=\"99\">2 (85)<\/td>\n<td width=\"57\"><span style=\"color: #993300;\"><strong>280 pkt<\/strong><\/span><\/td>\n<\/tr>\n<tr>\n<td width=\"54\"><strong><span style=\"color: #993300;\">3<\/span><\/strong><\/td>\n<td width=\"146\">Mak-Bud<\/td>\n<td width=\"86\">1 (85 pkt)<\/td>\n<td width=\"93\">1 (90 pkt)<\/td>\n<td width=\"88\">7 (85 pkt)<\/td>\n<td width=\"99\">16 (15 pkt)<\/td>\n<td width=\"57\"><span style=\"color: #993300;\"><strong>275 pkt<\/strong><\/span><\/td>\n<\/tr>\n<tr>\n<td width=\"54\"><strong><span style=\"color: #993300;\">4<\/span><\/strong><\/td>\n<td width=\"146\">San Escobar<\/td>\n<td width=\"86\">4 (70 pkt)<\/td>\n<td width=\"93\">2 (85 pkt)<\/td>\n<td width=\"88\">12 (60 pkt)<\/td>\n<td width=\"99\">10 (45)<\/td>\n<td width=\"57\"><span style=\"color: #993300;\"><strong>260 pkt<\/strong><\/span><\/td>\n<\/tr>\n<tr>\n<td width=\"54\"><strong><span style=\"color: #993300;\">5<\/span><\/strong><\/td>\n<td width=\"146\">Pabud<\/td>\n<td width=\"86\">6 (60 pkt)<\/td>\n<td width=\"93\">3 (80 pkt)<\/td>\n<td width=\"88\">14 (50 pkt)<\/td>\n<td width=\"99\">5 (70)<\/td>\n<td width=\"57\"><span style=\"color: #993300;\"><strong>260 pkt<\/strong><\/span><\/td>\n<\/tr>\n<tr>\n<td width=\"54\"><strong><span style=\"color: #993300;\">6<\/span><\/strong><\/td>\n<td width=\"146\">Drink Team<\/td>\n<td>&#8211;<\/td>\n<td>&#8211;<\/td>\n<td width=\"88\">1 (115 pkt)<\/td>\n<td width=\"99\">1 (90)<\/td>\n<td width=\"57\"><span style=\"color: #993300;\"><strong>205 pkt<\/strong><\/span><\/td>\n<\/tr>\n<tr>\n<td width=\"54\"><strong><span style=\"color: #993300;\">7<\/span><\/strong><\/td>\n<td width=\"146\">Dunajec Nowy S\u0105cz<\/td>\n<td width=\"86\">12 (30 pkt)<\/td>\n<td width=\"93\">10 (45 pkt)<\/td>\n<td width=\"88\">11 (65 pkt)<\/td>\n<td width=\"99\">8 (55)<\/td>\n<td width=\"57\"><span style=\"color: #993300;\"><strong>195 pkt<\/strong><\/span><\/td>\n<\/tr>\n<tr>\n<td width=\"54\"><strong><span style=\"color: #993300;\">8<\/span><\/strong><\/td>\n<td width=\"146\">Agrom Wola<\/td>\n<td>&#8211;<\/td>\n<td>&#8211;<\/td>\n<td width=\"88\">3 (105 pkt)<\/td>\n<td width=\"99\">4 (75)<\/td>\n<td width=\"57\"><span style=\"color: #993300;\"><strong>180 pkt<\/strong><\/span><\/td>\n<\/tr>\n<tr>\n<td width=\"54\"><strong><span style=\"color: #993300;\">9<\/span><\/strong><\/td>\n<td width=\"146\">Alkoboye<\/td>\n<td width=\"86\">&#8211;<\/td>\n<td>4 (75 pkt)<\/td>\n<td>5 (95 pkt)<\/td>\n<td>&#8211;<\/td>\n<td width=\"57\"><span style=\"color: #993300;\"><strong>170 pkt<\/strong><\/span><\/td>\n<\/tr>\n<tr>\n<td width=\"54\"><strong><span style=\"color: #993300;\">10<\/span><\/strong><\/td>\n<td width=\"146\">Bysek Team<\/td>\n<td width=\"86\">9 (45 pkt)<\/td>\n<td width=\"93\">13 (30 pkt)<\/td>\n<td width=\"88\">13 (55 pkt)<\/td>\n<td width=\"99\">11 (40)<\/td>\n<td width=\"57\"><span style=\"color: #993300;\"><strong>170 pkt<\/strong><\/span><\/td>\n<\/tr>\n<tr>\n<td width=\"54\"><strong><span style=\"color: #993300;\">11<\/span><\/strong><\/td>\n<td width=\"146\">Repre Bardejov<\/td>\n<td>&#8211;<\/td>\n<td>&#8211;<\/td>\n<td width=\"88\">8 (80 pkt)<\/td>\n<td width=\"99\">3 (80)<\/td>\n<td width=\"57\"><span style=\"color: #993300;\"><strong>160 pkt<\/strong><\/span><\/td>\n<\/tr>\n<tr>\n<td width=\"54\"><strong><span style=\"color: #993300;\">12<\/span><\/strong><\/td>\n<td width=\"146\">Baz Pal<\/td>\n<td>&#8211;<\/td>\n<td>&#8211;<\/td>\n<td width=\"88\">4 (100 pkt)<\/td>\n<td width=\"99\">9 (50)<\/td>\n<td width=\"57\"><span style=\"color: #993300;\"><strong>150 pkt<\/strong><\/span><\/td>\n<\/tr>\n<tr>\n<td width=\"54\"><strong><span style=\"color: #993300;\">13<\/span><\/strong><\/td>\n<td width=\"146\">Galacticos Team<\/td>\n<td width=\"86\">15 (15 pkt)<\/td>\n<td width=\"93\">16 (15 pkt)<\/td>\n<td width=\"88\">6 (90 pkt)<\/td>\n<td width=\"99\">15 (20)<\/td>\n<td width=\"57\"><span style=\"color: #993300;\"><strong>140 pkt<\/strong><\/span><\/td>\n<\/tr>\n<tr>\n<td width=\"54\"><strong><span style=\"color: #993300;\">14<\/span><\/strong><\/td>\n<td width=\"146\">G\u0142odzik i Smajdor<\/td>\n<td width=\"86\">5 (65 pkt)<\/td>\n<td width=\"93\">5 (70 pkt)<\/td>\n<td width=\"88\">&#8211;<\/td>\n<td width=\"99\">&#8211;<\/td>\n<td width=\"57\"><span style=\"color: #993300;\"><strong>135 pkt<\/strong><\/span><\/td>\n<\/tr>\n<tr>\n<td width=\"54\"><strong><span style=\"color: #993300;\">15<\/span><\/strong><\/td>\n<td width=\"146\">Dom Weselny Sylwia<\/td>\n<td width=\"86\">2 (80 pkt)<\/td>\n<td width=\"93\">9 (50 pkt)<\/td>\n<td width=\"88\">&#8211;<\/td>\n<td width=\"99\">&#8211;<\/td>\n<td width=\"57\"><span style=\"color: #993300;\"><strong>130 pkt<\/strong><\/span><\/td>\n<\/tr>\n<tr>\n<td width=\"54\"><strong><span style=\"color: #993300;\">16<\/span><\/strong><\/td>\n<td width=\"146\">Prestige House<\/td>\n<td width=\"86\">13 (25 pkt)<\/td>\n<td width=\"93\">&#8211;<\/td>\n<td width=\"88\">17 (35 pkt)<\/td>\n<td width=\"99\">6 (65)<\/td>\n<td width=\"57\"><span style=\"color: #993300;\"><strong>125 pkt<\/strong><\/span><\/td>\n<\/tr>\n<tr>\n<td width=\"54\"><strong><span style=\"color: #993300;\">17<\/span><\/strong><\/td>\n<td width=\"146\">Kru\u017clowa<\/td>\n<td width=\"86\">8 (50 pkt)<\/td>\n<td width=\"93\">8 (55 pkt)<\/td>\n<td width=\"88\">&#8211;<\/td>\n<td width=\"99\">&#8211;<\/td>\n<td width=\"57\"><span style=\"color: #993300;\"><strong>105 pkt<\/strong><\/span><\/td>\n<\/tr>\n<tr>\n<td width=\"54\"><strong><span style=\"color: #993300;\">18<\/span><\/strong><\/td>\n<td width=\"146\">Mabel Team<\/td>\n<td width=\"86\">10 (40 pkt)<\/td>\n<td width=\"93\">11 (40 pkt)<\/td>\n<td width=\"88\">23 (5 pkt)<\/td>\n<td width=\"99\">&#8211;<\/td>\n<td width=\"57\"><span style=\"color: #993300;\"><strong>85 pkt<\/strong><\/span><\/td>\n<\/tr>\n<tr>\n<td width=\"54\"><strong><span style=\"color: #993300;\">19<\/span><\/strong><\/td>\n<td width=\"146\">Iva Iwkowa<\/td>\n<td width=\"86\">14 (20 pkt)<\/td>\n<td width=\"93\">12 (35 pkt)<\/td>\n<td width=\"88\">20 (20 pkt)<\/td>\n<td width=\"99\">&#8211;<\/td>\n<td width=\"57\"><span style=\"color: #993300;\"><strong>75 pkt<\/strong><\/span><\/td>\n<\/tr>\n<tr>\n<td width=\"54\"><strong><span style=\"color: #993300;\">20<\/span><\/strong><\/td>\n<td width=\"146\">Hal-Mont<\/td>\n<td>&#8211;<\/td>\n<td>&#8211;<\/td>\n<td width=\"88\">10 (70 pkt)<\/td>\n<td>&#8211;<\/td>\n<td width=\"57\"><span style=\"color: #993300;\"><strong>70 pkt<\/strong><\/span><\/td>\n<\/tr>\n<tr>\n<td width=\"54\"><strong><span style=\"color: #993300;\">21<\/span><\/strong><\/td>\n<td width=\"146\">Drez-Bud D\u0142ugo\u0142\u0119ka<\/td>\n<td>&#8211;<\/td>\n<td>17 (10 pkt)<\/td>\n<td width=\"88\">18 (30 pkt)<\/td>\n<td>17 (10)<\/td>\n<td width=\"57\"><span style=\"color: #993300;\"><strong>50 pkt<\/strong><\/span><\/td>\n<\/tr>\n<tr>\n<td width=\"54\"><strong><span style=\"color: #993300;\">22<\/span><\/strong><\/td>\n<td width=\"146\">Strzyganiec<\/td>\n<td width=\"86\">17 (5 pkt)<\/td>\n<td width=\"93\">&#8211;<\/td>\n<td width=\"88\">21 (15 pkt)<\/td>\n<td width=\"99\">14 (25)<\/td>\n<td width=\"57\"><span style=\"color: #993300;\"><strong>45 pkt<\/strong><\/span><\/td>\n<\/tr>\n<tr>\n<td width=\"54\"><strong><span style=\"color: #993300;\">23<\/span><\/strong><\/td>\n<td width=\"146\">Elwariatos<\/td>\n<td>&#8211;<\/td>\n<td>&#8211;<\/td>\n<td width=\"88\">15 (45 pkt)<\/td>\n<td>&#8211;<\/td>\n<td width=\"57\"><span style=\"color: #993300;\"><strong>45 pkt<\/strong><\/span><\/td>\n<\/tr>\n<tr>\n<td width=\"54\"><strong><span style=\"color: #993300;\">24<\/span><\/strong><\/td>\n<td width=\"146\">Gorce Kamienica<\/td>\n<td>&#8211;<\/td>\n<td>&#8211;<\/td>\n<td width=\"88\">15 (45 pkt)<\/td>\n<td>&#8211;<\/td>\n<td width=\"57\"><span style=\"color: #993300;\"><strong>45 pkt<\/strong><\/span><\/td>\n<\/tr>\n<tr>\n<td width=\"54\"><strong><span style=\"color: #993300;\">25<\/span><\/strong><\/td>\n<td width=\"146\">KS Siwy Dym Jod\u0142owa<\/td>\n<td width=\"86\">11 (35 pkt)<\/td>\n<td width=\"93\">&#8211;<\/td>\n<td width=\"88\">&#8211;<\/td>\n<td width=\"99\">&#8211;<\/td>\n<td width=\"57\"><span style=\"color: #993300;\"><strong>35 pkt<\/strong><\/span><\/td>\n<\/tr>\n<tr>\n<td width=\"54\"><strong><span style=\"color: #993300;\">26<\/span><\/strong><\/td>\n<td width=\"146\">Rytro<\/td>\n<td>&#8211;<\/td>\n<td>&#8211;<\/td>\n<td>&#8211;<\/td>\n<td>12 (35)<\/td>\n<td width=\"57\"><span style=\"color: #993300;\"><strong>35 pkt<\/strong><\/span><\/td>\n<\/tr>\n<tr>\n<td width=\"54\"><strong><span style=\"color: #993300;\">27<\/span><\/strong><\/td>\n<td width=\"146\">Uran<\/td>\n<td>&#8211;<\/td>\n<td>&#8211;<\/td>\n<td>&#8211;<\/td>\n<td>13 (30)<\/td>\n<td width=\"57\"><span style=\"color: #993300;\"><strong>30 pkt<\/strong><\/span><\/td>\n<\/tr>\n<tr>\n<td width=\"54\"><strong><span style=\"color: #993300;\">28<\/span><\/strong><\/td>\n<td width=\"146\">Galacticos<\/td>\n<td>&#8211;<\/td>\n<td>14 (25 pkt)<\/td>\n<td>&#8211;<\/td>\n<td>&#8211;<\/td>\n<td width=\"57\"><span style=\"color: #993300;\"><strong>25 pkt<\/strong><\/span><\/td>\n<\/tr>\n<tr>\n<td width=\"54\"><strong><span style=\"color: #993300;\">29<\/span><\/strong><\/td>\n<td width=\"146\">Silvestria Gorlice<\/td>\n<td>&#8211;<\/td>\n<td>&#8211;<\/td>\n<td width=\"88\">19 (25 pkt)<\/td>\n<td>&#8211;<\/td>\n<td width=\"57\"><span style=\"color: #993300;\"><strong>25 pkt<\/strong><\/span><\/td>\n<\/tr>\n<tr>\n<td width=\"54\"><strong><span style=\"color: #993300;\">30<\/span><\/strong><\/td>\n<td width=\"146\">Dajznac.pl<\/td>\n<td>&#8211;<\/td>\n<td>15 (20 pkt)<\/td>\n<td>&#8211;<\/td>\n<td>&#8211;<\/td>\n<td width=\"57\"><span style=\"color: #993300;\"><strong>20 pkt<\/strong><\/span><\/td>\n<\/tr>\n<tr>\n<td width=\"54\"><strong><span style=\"color: #993300;\">31<\/span><\/strong><\/td>\n<td width=\"146\">Lumberjacks<\/td>\n<td width=\"86\">16 (10 pkt)<\/td>\n<td width=\"93\">&#8211;<\/td>\n<td width=\"88\">22 (10 pkt)<\/td>\n<td width=\"99\">&#8211;<\/td>\n<td width=\"57\"><span style=\"color: #993300;\"><strong>20 pkt<\/strong><\/span><\/td>\n<\/tr>\n<tr>\n<td width=\"54\"><strong><span style=\"color: #993300;\">32<\/span><\/strong><\/td>\n<td width=\"146\">Jaworzoki<\/td>\n<td>&#8211;<\/td>\n<td>&#8211;<\/td>\n<td>&#8211;<\/td>\n<td>18 (5)<\/td>\n<td width=\"57\"><span style=\"color: #993300;\"><strong>5 pkt<\/strong><\/span><\/td>\n<\/tr>\n<tr>\n<td width=\"54\"><strong><span style=\"color: #993300;\">33<\/span><\/strong><\/td>\n<td width=\"146\">Kosmos Korzenna<\/td>\n<td>&#8211;<\/td>\n<td>18 (5 pkt)<\/td>\n<td>&#8211;<\/td>\n<td>&#8211;<\/td>\n<td width=\"57\"><strong><span style=\"color: #993300;\">5 pkt<\/span><\/strong><\/td>\n<\/tr>\n<\/tbody>\n<\/table>\n<p><img loading=\"lazy\" class=\"alignnone size-full wp-image-11421\" style=\"font-family: Lato, sans-serif; font-size: 16px;\" src=\"https:\/\/lfsportevents.pl\/openfutsal2022\/wp-content\/uploads\/2023\/01\/Ranking-Punty.png\" alt=\"\" width=\"1241\" height=\"765\" srcset=\"https:\/\/lfsportevents.pl\/openfutsal2022\/wp-content\/uploads\/2023\/01\/Ranking-Punty.png 1241w, https:\/\/lfsportevents.pl\/openfutsal2022\/wp-content\/uploads\/2023\/01\/Ranking-Punty-300x185.png 300w, https:\/\/lfsportevents.pl\/openfutsal2022\/wp-content\/uploads\/2023\/01\/Ranking-Punty-1024x631.png 1024w, https:\/\/lfsportevents.pl\/openfutsal2022\/wp-content\/uploads\/2023\/01\/Ranking-Punty-768x473.png 768w, https:\/\/lfsportevents.pl\/openfutsal2022\/wp-content\/uploads\/2023\/01\/Ranking-Punty-128x79.png 128w, https:\/\/lfsportevents.pl\/openfutsal2022\/wp-content\/uploads\/2023\/01\/Ranking-Punty-32x20.png 32w, https:\/\/lfsportevents.pl\/openfutsal2022\/wp-content\/uploads\/2023\/01\/Ranking-Punty-250x154.png 250w, https:\/\/lfsportevents.pl\/openfutsal2022\/wp-content\/uploads\/2023\/01\/Ranking-Punty-550x339.png 550w, https:\/\/lfsportevents.pl\/openfutsal2022\/wp-content\/uploads\/2023\/01\/Ranking-Punty-800x493.png 800w, https:\/\/lfsportevents.pl\/openfutsal2022\/wp-content\/uploads\/2023\/01\/Ranking-Punty-292x180.png 292w, https:\/\/lfsportevents.pl\/openfutsal2022\/wp-content\/uploads\/2023\/01\/Ranking-Punty-487x300.png 487w, https:\/\/lfsportevents.pl\/openfutsal2022\/wp-content\/uploads\/2023\/01\/Ranking-Punty-811x500.png 811w\" sizes=\"(max-width: 1241px) 100vw, 1241px\" \/><\/p>\n<p>&nbsp;<\/p>\n","protected":false},"excerpt":{"rendered":"<p>RANKING KLASYFIKACYJNY PO WSZYSTKICH TURNIEJACH MIEJSCE NAZWA DRU\u017bYNY TURNIEJ\u00a0 JESIENNY TURNIEJ MIKO\u0141AJKOWY TURNIEJ NOWOROCZNY TURNIEJ WALENTYNKOWY PUNKTY 1 Gold Team 3 (75 pkt) 7 (60 pkt) 2 (110 pkt) 7 (60) 305 pkt 2 Alex Zakliczyn 7 (55 pkt) 6 (65 pkt) 9 (75 pkt) 2 (85) 280 pkt 3 Mak-Bud 1 (85 pkt) 1 [&hellip;]<\/p>\n","protected":false},"author":1,"featured_media":0,"parent":0,"menu_order":0,"comment_status":"closed","ping_status":"closed","template":"","meta":[],"_links":{"self":[{"href":"https:\/\/lfsportevents.pl\/openfutsal2022\/wp-json\/wp\/v2\/pages\/7064"}],"collection":[{"href":"https:\/\/lfsportevents.pl\/openfutsal2022\/wp-json\/wp\/v2\/pages"}],"about":[{"href":"https:\/\/lfsportevents.pl\/openfutsal2022\/wp-json\/wp\/v2\/types\/page"}],"author":[{"embeddable":true,"href":"https:\/\/lfsportevents.pl\/openfutsal2022\/wp-json\/wp\/v2\/users\/1"}],"replies":[{"embeddable":true,"href":"https:\/\/lfsportevents.pl\/openfutsal2022\/wp-json\/wp\/v2\/comments?post=7064"}],"version-history":[{"count":2,"href":"https:\/\/lfsportevents.pl\/openfutsal2022\/wp-json\/wp\/v2\/pages\/7064\/revisions"}],"predecessor-version":[{"id":11628,"href":"https:\/\/lfsportevents.pl\/openfutsal2022\/wp-json\/wp\/v2\/pages\/7064\/revisions\/11628"}],"wp:attachment":[{"href":"https:\/\/lfsportevents.pl\/openfutsal2022\/wp-json\/wp\/v2\/media?parent=7064"}],"curies":[{"name":"wp","href":"https:\/\/api.w.org\/{rel}","templated":true}]}}