{"id":5142,"date":"2016-10-24T10:48:45","date_gmt":"2016-10-24T08:48:45","guid":{"rendered":"https:\/\/lfsportevents.pl\/openfutsal2022\/?page_id=5142"},"modified":"2022-12-02T19:38:45","modified_gmt":"2022-12-02T18:38:45","slug":"statystyki-kolejek","status":"publish","type":"page","link":"https:\/\/lfsportevents.pl\/openfutsal2022\/statystyki-kolejek\/","title":{"rendered":"Statystyki Turniej\u00f3w"},"content":{"rendered":"<h2><strong><span style=\"color: #993300;\">TURNIEJ JESIENNY (27 LISTOPAD 2022)<\/span><\/strong><\/h2>\n<p><strong>Ilo\u015b\u0107\u00a0dru\u017cyn:<\/strong><span style=\"color: #993300;\"><strong> 18<\/strong><\/span><br \/>\n<strong>Ilo\u015b\u0107 meczy:<\/strong><span style=\"color: #993300;\"><strong> 40<\/strong><\/span><br \/>\n<strong>Ilo\u015b\u0107 goli:<\/strong><strong>\u00a0<span style=\"color: #993300;\">166<\/span><\/strong><br \/>\n<strong>Ilo\u015b\u0107 \u015brednia goli na mecz:<\/strong><strong>\u00a0<span style=\"color: #993300;\">4,15<\/span><\/strong><br \/>\n<strong>Ilo\u015b\u0107 \u017c\u00f3\u0142tych kartek:<\/strong><strong>\u00a0<span style=\"color: #993300;\">18<\/span><\/strong><br \/>\n<strong>Ilo\u015b\u0107 czerwonych kartek:<\/strong><strong>\u00a0<span style=\"color: #993300;\">0<\/span><\/strong><br \/>\n<strong>Ilo\u015b\u0107 wygranych:<\/strong><strong>\u00a0<span style=\"color: #993300;\">37<\/span><\/strong><br \/>\n<strong>Ilo\u015b\u0107 remis\u00f3w :<\/strong><strong>\u00a0<span style=\"color: #993300;\">3<\/span><\/strong><br \/>\n<strong>Walkowery:<\/strong><strong>\u00a0<\/strong><span style=\"color: #993300;\"><strong>3<\/strong><\/span><br \/>\n<strong>Najwi\u0119cej goli strzelonych w meczu: <span style=\"color: #993300;\">13<\/span><\/strong><strong><span style=\"color: #993300;\">\u00a0goli<\/span> (Alex Zakliczyn &#8211; Prestige House 12:1)<\/strong><br \/>\n<strong>Najwy\u017csza wygrana:<\/strong><strong>\u00a0<span style=\"color: #993300;\">12:1<\/span> (Alex Zakliczyn &#8211; Prestige House)<\/strong><\/p>\n<p>&nbsp;<\/p>\n<p>&nbsp;<\/p>\n","protected":false},"excerpt":{"rendered":"<p>TURNIEJ JESIENNY (27 LISTOPAD 2022) Ilo\u015b\u0107\u00a0dru\u017cyn: 18 Ilo\u015b\u0107 meczy: 40 Ilo\u015b\u0107 goli:\u00a0166 Ilo\u015b\u0107 \u015brednia goli na mecz:\u00a04,15 Ilo\u015b\u0107 \u017c\u00f3\u0142tych kartek:\u00a018 Ilo\u015b\u0107 czerwonych kartek:\u00a00 Ilo\u015b\u0107 wygranych:\u00a037 Ilo\u015b\u0107 remis\u00f3w :\u00a03 Walkowery:\u00a03 Najwi\u0119cej goli strzelonych w meczu: 13\u00a0goli (Alex Zakliczyn &#8211; Prestige House 12:1) Najwy\u017csza wygrana:\u00a012:1 (Alex Zakliczyn &#8211; Prestige House) &nbsp; &nbsp;<\/p>\n","protected":false},"author":1,"featured_media":0,"parent":0,"menu_order":0,"comment_status":"closed","ping_status":"closed","template":"","meta":[],"_links":{"self":[{"href":"https:\/\/lfsportevents.pl\/openfutsal2022\/wp-json\/wp\/v2\/pages\/5142"}],"collection":[{"href":"https:\/\/lfsportevents.pl\/openfutsal2022\/wp-json\/wp\/v2\/pages"}],"about":[{"href":"https:\/\/lfsportevents.pl\/openfutsal2022\/wp-json\/wp\/v2\/types\/page"}],"author":[{"embeddable":true,"href":"https:\/\/lfsportevents.pl\/openfutsal2022\/wp-json\/wp\/v2\/users\/1"}],"replies":[{"embeddable":true,"href":"https:\/\/lfsportevents.pl\/openfutsal2022\/wp-json\/wp\/v2\/comments?post=5142"}],"version-history":[{"count":2,"href":"https:\/\/lfsportevents.pl\/openfutsal2022\/wp-json\/wp\/v2\/pages\/5142\/revisions"}],"predecessor-version":[{"id":11118,"href":"https:\/\/lfsportevents.pl\/openfutsal2022\/wp-json\/wp\/v2\/pages\/5142\/revisions\/11118"}],"wp:attachment":[{"href":"https:\/\/lfsportevents.pl\/openfutsal2022\/wp-json\/wp\/v2\/media?parent=5142"}],"curies":[{"name":"wp","href":"https:\/\/api.w.org\/{rel}","templated":true}]}}