{"id":286,"date":"2016-01-25T19:44:10","date_gmt":"2016-01-25T18:44:10","guid":{"rendered":"https:\/\/lfsportevents.pl\/openfutsal2022\/?page_id=286"},"modified":"2022-11-24T11:47:45","modified_gmt":"2022-11-24T10:47:45","slug":"partnerzy","status":"publish","type":"page","link":"https:\/\/lfsportevents.pl\/openfutsal2022\/partnerzy\/","title":{"rendered":"Partnerzy"},"content":{"rendered":"<h2 class=\"sp-table-caption\">Sponsor TYTULARNY<\/h2>\n<div class=\"sponsor-wrap clear\">\n<div class=\"sponsor-logo\"><img loading=\"lazy\" class=\"alignnone size-full wp-image-10546\" src=\"https:\/\/lfsportevents.pl\/openfutsal2022\/wp-content\/uploads\/2022\/11\/pabud-logo.png\" alt=\"\" width=\"400\" height=\"170\" srcset=\"https:\/\/lfsportevents.pl\/openfutsal2022\/wp-content\/uploads\/2022\/11\/pabud-logo.png 400w, https:\/\/lfsportevents.pl\/openfutsal2022\/wp-content\/uploads\/2022\/11\/pabud-logo-300x128.png 300w, https:\/\/lfsportevents.pl\/openfutsal2022\/wp-content\/uploads\/2022\/11\/pabud-logo-128x54.png 128w, https:\/\/lfsportevents.pl\/openfutsal2022\/wp-content\/uploads\/2022\/11\/pabud-logo-32x14.png 32w, https:\/\/lfsportevents.pl\/openfutsal2022\/wp-content\/uploads\/2022\/11\/pabud-logo-250x106.png 250w\" sizes=\"(max-width: 400px) 100vw, 400px\" \/><\/div>\n<div class=\"sponsor-content\">\n<p class=\"adres\"><i class=\"fa fa-futbol-o\"><\/i><a href=\"https:\/\/pabud.pl\/\" target=\"_blank\" rel=\"noopener\">www.pabud.pl<\/a><\/p>\n<h2>PABUD<\/h2>\n<p class=\"adres\" style=\"text-align: justify;\"><span class=\"tojvnm2t a6sixzi8 abs2jz4q a8s20v7p t1p8iaqh k5wvi7nf q3lfd5jv pk4s997a bipmatt0 cebpdrjk qowsmv63 owwhemhu dp1hu0rb dhp61c6y iyyx5f41\">Firma PABUD dzia\u0142a w bran\u017cy budowlanej od 1995 roku. Zajmujemy si\u0119 generalnym wykonawstwem inwestycji budowlanych, kompleksow\u0105 budow\u0105 dom\u00f3w jednorodzinnych oraz profesjonalnym brukarstwem. Dzia\u0142aj\u0105c na rynku od kilkunastu lat, stworzyli\u015bmy kadr\u0119 doskonale wykwalifikowanych pracownik\u00f3w. Posiadamy r\u00f3wnie\u017c doskona\u0142e zaplecze techniczne oraz niezb\u0119dne sprz\u0119ty budowlane do sprawnej i profesjonalnej realizacji zlece\u0144. Nasza firma wykonuje pe\u0142en zakres prac budowlanych oraz remontowych w budynkach mieszkalnych, halach, biurach oraz innych obiektach u\u017cytkowych. Prowadzimy budowy budynk\u00f3w przemys\u0142owych oraz dom\u00f3w pod klucz. Cechuje nas rzetelno\u015b\u0107 oraz solidno\u015b\u0107. Wszelkie przyj\u0119te zlecenia wykonujemy w wyznaczonym terminie, a na wykonane prace udzielamy 3-letniej gwarancji. Dane adresowe: Brzezna \u202a380 33-386\u202c Podegrodzie Dane kontaktowe: tel. \u202a602 265 125\u202c, \u202a784 509 862\u202c e-mail: kontakt@pa-bud.pl<\/span><\/p>\n<\/div>\n<\/div>\n<h2 class=\"sp-table-caption\">Sponsorzy Strategiczni<\/h2>\n<div class=\"sponsor-wrap clear\">\n<div class=\"sponsor-logo\"><img loading=\"lazy\" class=\"alignnone wp-image-10697 \" src=\"https:\/\/lfsportevents.pl\/openfutsal2022\/wp-content\/uploads\/2022\/11\/krol-logo-300x172.png\" alt=\"\" width=\"256\" height=\"147\" srcset=\"https:\/\/lfsportevents.pl\/openfutsal2022\/wp-content\/uploads\/2022\/11\/krol-logo-300x172.png 300w, https:\/\/lfsportevents.pl\/openfutsal2022\/wp-content\/uploads\/2022\/11\/krol-logo-1024x589.png 1024w, https:\/\/lfsportevents.pl\/openfutsal2022\/wp-content\/uploads\/2022\/11\/krol-logo-768x441.png 768w, https:\/\/lfsportevents.pl\/openfutsal2022\/wp-content\/uploads\/2022\/11\/krol-logo-128x74.png 128w, https:\/\/lfsportevents.pl\/openfutsal2022\/wp-content\/uploads\/2022\/11\/krol-logo-32x18.png 32w, https:\/\/lfsportevents.pl\/openfutsal2022\/wp-content\/uploads\/2022\/11\/krol-logo-250x144.png 250w, https:\/\/lfsportevents.pl\/openfutsal2022\/wp-content\/uploads\/2022\/11\/krol-logo-550x316.png 550w, https:\/\/lfsportevents.pl\/openfutsal2022\/wp-content\/uploads\/2022\/11\/krol-logo-800x460.png 800w, https:\/\/lfsportevents.pl\/openfutsal2022\/wp-content\/uploads\/2022\/11\/krol-logo-313x180.png 313w, https:\/\/lfsportevents.pl\/openfutsal2022\/wp-content\/uploads\/2022\/11\/krol-logo-522x300.png 522w, https:\/\/lfsportevents.pl\/openfutsal2022\/wp-content\/uploads\/2022\/11\/krol-logo-870x500.png 870w, https:\/\/lfsportevents.pl\/openfutsal2022\/wp-content\/uploads\/2022\/11\/krol-logo.png 1096w\" sizes=\"(max-width: 256px) 100vw, 256px\" \/><\/div>\n<div class=\"sponsor-content\">\n<h2>KR\u00d3L &#8211; OKNA\/DRZWI\/BRAMY\/ROLETY<\/h2>\n<p class=\"adres\"><a href=\"http:\/\/www.okna-krol.pl\/\" target=\"_blank\" rel=\"noopener\">okna-krol.pl<\/a><\/p>\n<p style=\"text-align: justify;\">Firma KR\u00d3L to firma specjalizuj\u0105ca si\u0119 w kompleksow\u0105 obs\u0142ug\u0105 w zakresie us\u0142ug budowlanych. Posiadamy wieloletnie do\u015bwiadczenie oraz wykwalifikowan\u0105 kadr\u0119 umo\u017cliwiaj\u0105c\u0105 realizacj\u0119 przedsi\u0119wzi\u0119\u0107 w kr\u00f3tkich terminach. Wykonujemy us\u0142ugi w zakresie: Instalacje elektryczne, Instalacje C.O, Kolektory s\u0142oneczne, Nadzory budowlane, Suche tynki, malowane, Tapetowanie, Brukarstwo i elewacje, Roboty ziemne (koparka)<\/p>\n<p><strong>OFERUJEMY:<\/strong><\/p>\n<ul>\n<li>Okna<\/li>\n<li>Drzwi<\/li>\n<li>Bramy gara\u017cowe<\/li>\n<li>Parkiety<\/li>\n<li>Panele \u015bcienne i pod\u0142ogowe<\/li>\n<\/ul>\n<\/div>\n<\/div>\n<div class=\"sponsor-wrap clear\">\n<p><img loading=\"lazy\" class=\"alignnone wp-image-10696 size-medium\" src=\"https:\/\/lfsportevents.pl\/openfutsal2022\/wp-content\/uploads\/2022\/11\/Logo_Blackbird_Build_Pion-1-1-300x257.jpg\" alt=\"\" width=\"300\" height=\"257\" srcset=\"https:\/\/lfsportevents.pl\/openfutsal2022\/wp-content\/uploads\/2022\/11\/Logo_Blackbird_Build_Pion-1-1-300x257.jpg 300w, https:\/\/lfsportevents.pl\/openfutsal2022\/wp-content\/uploads\/2022\/11\/Logo_Blackbird_Build_Pion-1-1-1024x877.jpg 1024w, https:\/\/lfsportevents.pl\/openfutsal2022\/wp-content\/uploads\/2022\/11\/Logo_Blackbird_Build_Pion-1-1-768x658.jpg 768w, https:\/\/lfsportevents.pl\/openfutsal2022\/wp-content\/uploads\/2022\/11\/Logo_Blackbird_Build_Pion-1-1-1536x1315.jpg 1536w, https:\/\/lfsportevents.pl\/openfutsal2022\/wp-content\/uploads\/2022\/11\/Logo_Blackbird_Build_Pion-1-1-128x110.jpg 128w, https:\/\/lfsportevents.pl\/openfutsal2022\/wp-content\/uploads\/2022\/11\/Logo_Blackbird_Build_Pion-1-1-32x27.jpg 32w, https:\/\/lfsportevents.pl\/openfutsal2022\/wp-content\/uploads\/2022\/11\/Logo_Blackbird_Build_Pion-1-1-250x214.jpg 250w, https:\/\/lfsportevents.pl\/openfutsal2022\/wp-content\/uploads\/2022\/11\/Logo_Blackbird_Build_Pion-1-1-550x471.jpg 550w, https:\/\/lfsportevents.pl\/openfutsal2022\/wp-content\/uploads\/2022\/11\/Logo_Blackbird_Build_Pion-1-1-800x685.jpg 800w, https:\/\/lfsportevents.pl\/openfutsal2022\/wp-content\/uploads\/2022\/11\/Logo_Blackbird_Build_Pion-1-1-210x180.jpg 210w, https:\/\/lfsportevents.pl\/openfutsal2022\/wp-content\/uploads\/2022\/11\/Logo_Blackbird_Build_Pion-1-1-350x300.jpg 350w, https:\/\/lfsportevents.pl\/openfutsal2022\/wp-content\/uploads\/2022\/11\/Logo_Blackbird_Build_Pion-1-1-584x500.jpg 584w, https:\/\/lfsportevents.pl\/openfutsal2022\/wp-content\/uploads\/2022\/11\/Logo_Blackbird_Build_Pion-1-1.jpg 1766w\" sizes=\"(max-width: 300px) 100vw, 300px\" \/><\/p>\n<div class=\"sponsor-logo\"><\/div>\n<div class=\"sponsor-content\">\n<h2>BLACKBIRD.BUILD<\/h2>\n<p class=\"adres\"><i class=\"fa fa-futbol-o\"><\/i><a href=\"https:\/\/www.blackbird.info.pl\/\" target=\"_blank\" rel=\"noopener\">https:\/\/www.blackbird.info.p<\/a>l<\/p>\n<p style=\"text-align: justify;\">Marka Firmy Blackbird jest synonimem wysokiej jako\u015bci, rzetelno\u015bci, nowoczesnych rozwi\u0105za\u0144 technologicznych oraz kompleksowej obs\u0142ugi Klienta na najwy\u017cszym poziomie. Sp\u00f3\u0142ka wyznacza standardy architektury, realizuj\u0105c \u015bmia\u0142e, nowoczesne projekty klasy premium. Z jednej strony tradycja i do\u015bwiadczenie przekazywane z pokolenia na pokolenie; a z drugiej \u2013 innowacyjno\u015b\u0107 i nieustanny rozw\u00f3j \u2013 to cechy naszej firmy.<\/p>\n<\/div>\n<\/div>\n<div class=\"sponsor-wrap clear\">\n<div class=\"sponsor-logo\"><img loading=\"lazy\" class=\"alignnone wp-image-10689 \" src=\"https:\/\/lfsportevents.pl\/openfutsal2022\/wp-content\/uploads\/2022\/11\/PH_logo-300x300.jpg\" alt=\"\" width=\"254\" height=\"254\" srcset=\"https:\/\/lfsportevents.pl\/openfutsal2022\/wp-content\/uploads\/2022\/11\/PH_logo-300x300.jpg 300w, https:\/\/lfsportevents.pl\/openfutsal2022\/wp-content\/uploads\/2022\/11\/PH_logo-1024x1024.jpg 1024w, https:\/\/lfsportevents.pl\/openfutsal2022\/wp-content\/uploads\/2022\/11\/PH_logo-150x150.jpg 150w, https:\/\/lfsportevents.pl\/openfutsal2022\/wp-content\/uploads\/2022\/11\/PH_logo-768x768.jpg 768w, https:\/\/lfsportevents.pl\/openfutsal2022\/wp-content\/uploads\/2022\/11\/PH_logo-128x128.jpg 128w, https:\/\/lfsportevents.pl\/openfutsal2022\/wp-content\/uploads\/2022\/11\/PH_logo-32x32.jpg 32w, https:\/\/lfsportevents.pl\/openfutsal2022\/wp-content\/uploads\/2022\/11\/PH_logo-48x48.jpg 48w, https:\/\/lfsportevents.pl\/openfutsal2022\/wp-content\/uploads\/2022\/11\/PH_logo-250x250.jpg 250w, https:\/\/lfsportevents.pl\/openfutsal2022\/wp-content\/uploads\/2022\/11\/PH_logo-550x550.jpg 550w, https:\/\/lfsportevents.pl\/openfutsal2022\/wp-content\/uploads\/2022\/11\/PH_logo-800x800.jpg 800w, https:\/\/lfsportevents.pl\/openfutsal2022\/wp-content\/uploads\/2022\/11\/PH_logo-180x180.jpg 180w, https:\/\/lfsportevents.pl\/openfutsal2022\/wp-content\/uploads\/2022\/11\/PH_logo-500x500.jpg 500w, https:\/\/lfsportevents.pl\/openfutsal2022\/wp-content\/uploads\/2022\/11\/PH_logo.jpg 1134w\" sizes=\"(max-width: 254px) 100vw, 254px\" \/><\/div>\n<div class=\"sponsor-content\">\n<h2>PIZZA HUT<\/h2>\n<p class=\"adres\"><i class=\"fa fa-futbol-o\"><\/i><a href=\"https:\/\/pizzahut.pl\" target=\"_blank\" rel=\"noopener\">https:\/\/pizzahut.pl<\/a><\/p>\n<p style=\"text-align: justify;\">Opis<\/p>\n<\/div>\n<\/div>\n<div class=\"sponsor-wrap clear\"><\/div>\n<div class=\"sponsor-wrap clear\">\n<div class=\"sponsor-content\">\n<p style=\"text-align: justify;\">\n<\/div>\n<\/div>\n","protected":false},"excerpt":{"rendered":"<p>Sponsor TYTULARNY www.pabud.pl PABUD Firma PABUD dzia\u0142a w bran\u017cy budowlanej od 1995 roku. Zajmujemy si\u0119 generalnym wykonawstwem inwestycji budowlanych, kompleksow\u0105 budow\u0105 dom\u00f3w jednorodzinnych oraz profesjonalnym brukarstwem. Dzia\u0142aj\u0105c na rynku od kilkunastu lat, stworzyli\u015bmy kadr\u0119 doskonale wykwalifikowanych pracownik\u00f3w. Posiadamy r\u00f3wnie\u017c doskona\u0142e zaplecze techniczne oraz niezb\u0119dne sprz\u0119ty budowlane do sprawnej i profesjonalnej realizacji zlece\u0144. Nasza firma wykonuje [&hellip;]<\/p>\n","protected":false},"author":1,"featured_media":0,"parent":0,"menu_order":0,"comment_status":"closed","ping_status":"closed","template":"","meta":[],"_links":{"self":[{"href":"https:\/\/lfsportevents.pl\/openfutsal2022\/wp-json\/wp\/v2\/pages\/286"}],"collection":[{"href":"https:\/\/lfsportevents.pl\/openfutsal2022\/wp-json\/wp\/v2\/pages"}],"about":[{"href":"https:\/\/lfsportevents.pl\/openfutsal2022\/wp-json\/wp\/v2\/types\/page"}],"author":[{"embeddable":true,"href":"https:\/\/lfsportevents.pl\/openfutsal2022\/wp-json\/wp\/v2\/users\/1"}],"replies":[{"embeddable":true,"href":"https:\/\/lfsportevents.pl\/openfutsal2022\/wp-json\/wp\/v2\/comments?post=286"}],"version-history":[{"count":2,"href":"https:\/\/lfsportevents.pl\/openfutsal2022\/wp-json\/wp\/v2\/pages\/286\/revisions"}],"predecessor-version":[{"id":10852,"href":"https:\/\/lfsportevents.pl\/openfutsal2022\/wp-json\/wp\/v2\/pages\/286\/revisions\/10852"}],"wp:attachment":[{"href":"https:\/\/lfsportevents.pl\/openfutsal2022\/wp-json\/wp\/v2\/media?parent=286"}],"curies":[{"name":"wp","href":"https:\/\/api.w.org\/{rel}","templated":true}]}}