{"id":270,"date":"2016-01-25T19:32:27","date_gmt":"2016-01-25T18:32:27","guid":{"rendered":"https:\/\/lfsportevents.pl\/openfutsal2022\/?page_id=270"},"modified":"2022-12-02T19:31:04","modified_gmt":"2022-12-02T18:31:04","slug":"statystyki-druzyn","status":"publish","type":"page","link":"https:\/\/lfsportevents.pl\/openfutsal2022\/statystyki-druzyn\/","title":{"rendered":"Statystyki dru\u017cyn"},"content":{"rendered":"<div class=\"legenda\">\n<p>&nbsp;<\/p>\n<p>Legenda:<\/p>\n<div class=\"item\"><b>M<\/b> = Mecze Rozegrane<\/div>\n<div class=\"item\"><b> Pkt<\/b> = Punkty<\/div>\n<div class=\"item\"><b> YC<\/b> = \u017b\u00f3\u0142te kartki<\/div>\n<div class=\"item\"><b> RC<\/b> = Czerwone kartki<\/div>\n<div class=\"item\"><b> Z<\/b> = Zwyci\u0119stwa<\/div>\n<div class=\"item\"><b> R<\/b> = Remisy<\/div>\n<div class=\"item\"><b> P<\/b> = Pora\u017cki<\/div>\n<div class=\"item\"><b> BZ<\/b> = Bramki zdobyte<\/div>\n<div class=\"item\"><b> BS<\/b> = Bramki stracone<\/div>\n<div class=\"item\"><b> +\/-<\/b> = R\u00f3\u017cnica bramek<\/div>\n<div><\/div>\n<\/div>\n<div class=\"sportspress\"><div class=\"sp-template sp-template-league-table\">\n\t<h4 class=\"sp-table-caption\">Statystyki dru\u017cyn<\/h4><div class=\"sp-table-wrapper\"><table class=\"sp-league-table sp-data-table sp-sortable-table sp-scrollable-table sp-paginated-table\" data-sp-rows=\"40\"><thead><tr><th class=\"data-rank\">Pozycja<\/th><th class=\"data-name\">Klub<\/th><th class=\"data-p\">M<\/th><th class=\"data-pts\">Pkt<\/th><th class=\"data-yellow\">YC<\/th><th class=\"data-rc\">RC<\/th><th class=\"data-w\">Z<\/th><th class=\"data-d\">R<\/th><th class=\"data-l\">P<\/th><th class=\"data-f\">BZ<\/th><th class=\"data-a\">BS<\/th><th class=\"data-gd\">+\/-<\/th><\/tr><\/thead><tbody><tr class=\"odd sp-row-no-0\"><td class=\"data-rank\" data-label=\"Pozycja\">1<\/td><td class=\"data-name\" data-label=\"Klub\"><a href=\"https:\/\/lfsportevents.pl\/openfutsal2022\/team\/gold-team\/\">Gold Team\/Meble Lorek<\/a><\/td><td class=\"data-p\" data-label=\"M\">24<\/td><td class=\"data-pts\" data-label=\"Pkt\">56<\/td><td class=\"data-yellow\" data-label=\"YC\">6<\/td><td class=\"data-rc\" data-label=\"RC\">0<\/td><td class=\"data-w\" data-label=\"Z\">18<\/td><td class=\"data-d\" data-label=\"R\">2<\/td><td class=\"data-l\" data-label=\"P\">4<\/td><td class=\"data-f\" data-label=\"BZ\">49<\/td><td class=\"data-a\" data-label=\"BS\">19<\/td><td class=\"data-gd\" data-label=\"+\/-\">30<\/td><\/tr><tr class=\"even sp-row-no-1\"><td class=\"data-rank\" data-label=\"Pozycja\">2<\/td><td class=\"data-name\" data-label=\"Klub\"><a href=\"https:\/\/lfsportevents.pl\/openfutsal2022\/team\/mak-bud\/\">Mak-Bud<\/a><\/td><td class=\"data-p\" data-label=\"M\">19<\/td><td class=\"data-pts\" data-label=\"Pkt\">39<\/td><td class=\"data-yellow\" data-label=\"YC\">6<\/td><td class=\"data-rc\" data-label=\"RC\">2<\/td><td class=\"data-w\" data-label=\"Z\">12<\/td><td class=\"data-d\" data-label=\"R\">3<\/td><td class=\"data-l\" data-label=\"P\">4<\/td><td class=\"data-f\" data-label=\"BZ\">49<\/td><td class=\"data-a\" data-label=\"BS\">26<\/td><td class=\"data-gd\" data-label=\"+\/-\">23<\/td><\/tr><tr class=\"odd sp-row-no-2\"><td class=\"data-rank\" data-label=\"Pozycja\">3<\/td><td class=\"data-name\" data-label=\"Klub\"><a href=\"https:\/\/lfsportevents.pl\/openfutsal2022\/team\/alex-zakliczyn\/\">Alex Zakliczyn<\/a><\/td><td class=\"data-p\" data-label=\"M\">20<\/td><td class=\"data-pts\" data-label=\"Pkt\">38<\/td><td class=\"data-yellow\" data-label=\"YC\">5<\/td><td class=\"data-rc\" data-label=\"RC\">0<\/td><td class=\"data-w\" data-label=\"Z\">12<\/td><td class=\"data-d\" data-label=\"R\">2<\/td><td class=\"data-l\" data-label=\"P\">6<\/td><td class=\"data-f\" data-label=\"BZ\">57<\/td><td class=\"data-a\" data-label=\"BS\">23<\/td><td class=\"data-gd\" data-label=\"+\/-\">34<\/td><\/tr><tr class=\"even sp-row-no-3\"><td class=\"data-rank\" data-label=\"Pozycja\">4<\/td><td class=\"data-name\" data-label=\"Klub\"><a href=\"https:\/\/lfsportevents.pl\/openfutsal2022\/team\/pabud\/\">Pabud<\/a><\/td><td class=\"data-p\" data-label=\"M\">19<\/td><td class=\"data-pts\" data-label=\"Pkt\">35<\/td><td class=\"data-yellow\" data-label=\"YC\">1<\/td><td class=\"data-rc\" data-label=\"RC\">0<\/td><td class=\"data-w\" data-label=\"Z\">10<\/td><td class=\"data-d\" data-label=\"R\">5<\/td><td class=\"data-l\" data-label=\"P\">4<\/td><td class=\"data-f\" data-label=\"BZ\">47<\/td><td class=\"data-a\" data-label=\"BS\">21<\/td><td class=\"data-gd\" data-label=\"+\/-\">26<\/td><\/tr><tr class=\"odd sp-row-no-4\"><td class=\"data-rank\" data-label=\"Pozycja\">5<\/td><td class=\"data-name\" data-label=\"Klub\"><a href=\"https:\/\/lfsportevents.pl\/openfutsal2022\/team\/san-escobar\/\">San Escobar<\/a><\/td><td class=\"data-p\" data-label=\"M\">20<\/td><td class=\"data-pts\" data-label=\"Pkt\">34<\/td><td class=\"data-yellow\" data-label=\"YC\">3<\/td><td class=\"data-rc\" data-label=\"RC\">0<\/td><td class=\"data-w\" data-label=\"Z\">10<\/td><td class=\"data-d\" data-label=\"R\">4<\/td><td class=\"data-l\" data-label=\"P\">6<\/td><td class=\"data-f\" data-label=\"BZ\">45<\/td><td class=\"data-a\" data-label=\"BS\">28<\/td><td class=\"data-gd\" data-label=\"+\/-\">17<\/td><\/tr><tr class=\"even sp-row-no-5\"><td class=\"data-rank\" data-label=\"Pozycja\">6<\/td><td class=\"data-name\" data-label=\"Klub\"><a href=\"https:\/\/lfsportevents.pl\/openfutsal2022\/team\/drink-team\/\">Drink Team<\/a><\/td><td class=\"data-p\" data-label=\"M\">13<\/td><td class=\"data-pts\" data-label=\"Pkt\">30<\/td><td class=\"data-yellow\" data-label=\"YC\">1<\/td><td class=\"data-rc\" data-label=\"RC\">0<\/td><td class=\"data-w\" data-label=\"Z\">9<\/td><td class=\"data-d\" data-label=\"R\">3<\/td><td class=\"data-l\" data-label=\"P\">1<\/td><td class=\"data-f\" data-label=\"BZ\">32<\/td><td class=\"data-a\" data-label=\"BS\">9<\/td><td class=\"data-gd\" data-label=\"+\/-\">23<\/td><\/tr><tr class=\"odd sp-row-no-6\"><td class=\"data-rank\" data-label=\"Pozycja\">7<\/td><td class=\"data-name\" data-label=\"Klub\"><a href=\"https:\/\/lfsportevents.pl\/openfutsal2022\/team\/agrom-wola\/\">Agrom Wola<\/a><\/td><td class=\"data-p\" data-label=\"M\">13<\/td><td class=\"data-pts\" data-label=\"Pkt\">21<\/td><td class=\"data-yellow\" data-label=\"YC\">5<\/td><td class=\"data-rc\" data-label=\"RC\">1<\/td><td class=\"data-w\" data-label=\"Z\">6<\/td><td class=\"data-d\" data-label=\"R\">3<\/td><td class=\"data-l\" data-label=\"P\">4<\/td><td class=\"data-f\" data-label=\"BZ\">20<\/td><td class=\"data-a\" data-label=\"BS\">15<\/td><td class=\"data-gd\" data-label=\"+\/-\">5<\/td><\/tr><tr class=\"even sp-row-no-7\"><td class=\"data-rank\" data-label=\"Pozycja\">8<\/td><td class=\"data-name\" data-label=\"Klub\"><a href=\"https:\/\/lfsportevents.pl\/openfutsal2022\/team\/dunajec-nowy-sacz\/\">Dunajec Nowy S\u0105cz<\/a><\/td><td class=\"data-p\" data-label=\"M\">16<\/td><td class=\"data-pts\" data-label=\"Pkt\">21<\/td><td class=\"data-yellow\" data-label=\"YC\">1<\/td><td class=\"data-rc\" data-label=\"RC\">0<\/td><td class=\"data-w\" data-label=\"Z\">6<\/td><td class=\"data-d\" data-label=\"R\">3<\/td><td class=\"data-l\" data-label=\"P\">7<\/td><td class=\"data-f\" data-label=\"BZ\">28<\/td><td class=\"data-a\" data-label=\"BS\">28<\/td><td class=\"data-gd\" data-label=\"+\/-\">0<\/td><\/tr><tr class=\"odd sp-row-no-8\"><td class=\"data-rank\" data-label=\"Pozycja\">9<\/td><td class=\"data-name\" data-label=\"Klub\"><a href=\"https:\/\/lfsportevents.pl\/openfutsal2022\/team\/kamex\/\">Dom Weselny Sylwia<\/a><\/td><td class=\"data-p\" data-label=\"M\">10<\/td><td class=\"data-pts\" data-label=\"Pkt\">19<\/td><td class=\"data-yellow\" data-label=\"YC\">1<\/td><td class=\"data-rc\" data-label=\"RC\">0<\/td><td class=\"data-w\" data-label=\"Z\">6<\/td><td class=\"data-d\" data-label=\"R\">1<\/td><td class=\"data-l\" data-label=\"P\">3<\/td><td class=\"data-f\" data-label=\"BZ\">24<\/td><td class=\"data-a\" data-label=\"BS\">15<\/td><td class=\"data-gd\" data-label=\"+\/-\">9<\/td><\/tr><tr class=\"even sp-row-no-9\"><td class=\"data-rank\" data-label=\"Pozycja\">10<\/td><td class=\"data-name\" data-label=\"Klub\"><a href=\"https:\/\/lfsportevents.pl\/openfutsal2022\/team\/repre-bardejov\/\">Repre Bardejov<\/a><\/td><td class=\"data-p\" data-label=\"M\">10<\/td><td class=\"data-pts\" data-label=\"Pkt\">18<\/td><td class=\"data-yellow\" data-label=\"YC\">2<\/td><td class=\"data-rc\" data-label=\"RC\">0<\/td><td class=\"data-w\" data-label=\"Z\">5<\/td><td class=\"data-d\" data-label=\"R\">3<\/td><td class=\"data-l\" data-label=\"P\">2<\/td><td class=\"data-f\" data-label=\"BZ\">18<\/td><td class=\"data-a\" data-label=\"BS\">8<\/td><td class=\"data-gd\" data-label=\"+\/-\">10<\/td><\/tr><tr class=\"odd sp-row-no-10\"><td class=\"data-rank\" data-label=\"Pozycja\">11<\/td><td class=\"data-name\" data-label=\"Klub\"><a href=\"https:\/\/lfsportevents.pl\/openfutsal2022\/team\/bysek-team\/\">Bysek Team<\/a><\/td><td class=\"data-p\" data-label=\"M\">13<\/td><td class=\"data-pts\" data-label=\"Pkt\">18<\/td><td class=\"data-yellow\" data-label=\"YC\">4<\/td><td class=\"data-rc\" data-label=\"RC\">0<\/td><td class=\"data-w\" data-label=\"Z\">5<\/td><td class=\"data-d\" data-label=\"R\">3<\/td><td class=\"data-l\" data-label=\"P\">5<\/td><td class=\"data-f\" data-label=\"BZ\">20<\/td><td class=\"data-a\" data-label=\"BS\">20<\/td><td class=\"data-gd\" data-label=\"+\/-\">0<\/td><\/tr><tr class=\"even sp-row-no-11\"><td class=\"data-rank\" data-label=\"Pozycja\">12<\/td><td class=\"data-name\" data-label=\"Klub\"><a href=\"https:\/\/lfsportevents.pl\/openfutsal2022\/team\/baz-pal\/\">Baz Pal<\/a><\/td><td class=\"data-p\" data-label=\"M\">9<\/td><td class=\"data-pts\" data-label=\"Pkt\">17<\/td><td class=\"data-yellow\" data-label=\"YC\">1<\/td><td class=\"data-rc\" data-label=\"RC\">0<\/td><td class=\"data-w\" data-label=\"Z\">5<\/td><td class=\"data-d\" data-label=\"R\">2<\/td><td class=\"data-l\" data-label=\"P\">2<\/td><td class=\"data-f\" data-label=\"BZ\">19<\/td><td class=\"data-a\" data-label=\"BS\">5<\/td><td class=\"data-gd\" data-label=\"+\/-\">14<\/td><\/tr><tr class=\"odd sp-row-no-12\"><td class=\"data-rank\" data-label=\"Pozycja\">13<\/td><td class=\"data-name\" data-label=\"Klub\"><a href=\"https:\/\/lfsportevents.pl\/openfutsal2022\/team\/alkoboye\/\">Alkoboye<\/a><\/td><td class=\"data-p\" data-label=\"M\">10<\/td><td class=\"data-pts\" data-label=\"Pkt\">17<\/td><td class=\"data-yellow\" data-label=\"YC\">2<\/td><td class=\"data-rc\" data-label=\"RC\">0<\/td><td class=\"data-w\" data-label=\"Z\">5<\/td><td class=\"data-d\" data-label=\"R\">2<\/td><td class=\"data-l\" data-label=\"P\">3<\/td><td class=\"data-f\" data-label=\"BZ\">18<\/td><td class=\"data-a\" data-label=\"BS\">12<\/td><td class=\"data-gd\" data-label=\"+\/-\">6<\/td><\/tr><tr class=\"even sp-row-no-13\"><td class=\"data-rank\" data-label=\"Pozycja\">14<\/td><td class=\"data-name\" data-label=\"Klub\"><a href=\"https:\/\/lfsportevents.pl\/openfutsal2022\/team\/glodzik-i-smajdor-team\/\">G\u0142odzik i Smajdor Team<\/a><\/td><td class=\"data-p\" data-label=\"M\">9<\/td><td class=\"data-pts\" data-label=\"Pkt\">16<\/td><td class=\"data-yellow\" data-label=\"YC\">0<\/td><td class=\"data-rc\" data-label=\"RC\">0<\/td><td class=\"data-w\" data-label=\"Z\">5<\/td><td class=\"data-d\" data-label=\"R\">1<\/td><td class=\"data-l\" data-label=\"P\">3<\/td><td class=\"data-f\" data-label=\"BZ\">21<\/td><td class=\"data-a\" data-label=\"BS\">5<\/td><td class=\"data-gd\" data-label=\"+\/-\">16<\/td><\/tr><tr class=\"odd sp-row-no-14\"><td class=\"data-rank\" data-label=\"Pozycja\">15<\/td><td class=\"data-name\" data-label=\"Klub\"><a href=\"https:\/\/lfsportevents.pl\/openfutsal2022\/team\/kruzlowa\/\">Kru\u017clowa<\/a><\/td><td class=\"data-p\" data-label=\"M\">10<\/td><td class=\"data-pts\" data-label=\"Pkt\">16<\/td><td class=\"data-yellow\" data-label=\"YC\">2<\/td><td class=\"data-rc\" data-label=\"RC\">0<\/td><td class=\"data-w\" data-label=\"Z\">5<\/td><td class=\"data-d\" data-label=\"R\">1<\/td><td class=\"data-l\" data-label=\"P\">4<\/td><td class=\"data-f\" data-label=\"BZ\">21<\/td><td class=\"data-a\" data-label=\"BS\">21<\/td><td class=\"data-gd\" data-label=\"+\/-\">0<\/td><\/tr><tr class=\"even sp-row-no-15\"><td class=\"data-rank\" data-label=\"Pozycja\">16<\/td><td class=\"data-name\" data-label=\"Klub\"><a href=\"https:\/\/lfsportevents.pl\/openfutsal2022\/team\/prestige-house\/\">Prestige House<\/a><\/td><td class=\"data-p\" data-label=\"M\">10<\/td><td class=\"data-pts\" data-label=\"Pkt\">13<\/td><td class=\"data-yellow\" data-label=\"YC\">1<\/td><td class=\"data-rc\" data-label=\"RC\">0<\/td><td class=\"data-w\" data-label=\"Z\">4<\/td><td class=\"data-d\" data-label=\"R\">1<\/td><td class=\"data-l\" data-label=\"P\">5<\/td><td class=\"data-f\" data-label=\"BZ\">15<\/td><td class=\"data-a\" data-label=\"BS\">31<\/td><td class=\"data-gd\" data-label=\"+\/-\">-16<\/td><\/tr><tr class=\"odd sp-row-no-16\"><td class=\"data-rank\" data-label=\"Pozycja\">17<\/td><td class=\"data-name\" data-label=\"Klub\"><a href=\"https:\/\/lfsportevents.pl\/openfutsal2022\/team\/mabel-team\/\">Mabel Team<\/a><\/td><td class=\"data-p\" data-label=\"M\">11<\/td><td class=\"data-pts\" data-label=\"Pkt\">10<\/td><td class=\"data-yellow\" data-label=\"YC\">1<\/td><td class=\"data-rc\" data-label=\"RC\">0<\/td><td class=\"data-w\" data-label=\"Z\">3<\/td><td class=\"data-d\" data-label=\"R\">1<\/td><td class=\"data-l\" data-label=\"P\">7<\/td><td class=\"data-f\" data-label=\"BZ\">11<\/td><td class=\"data-a\" data-label=\"BS\">27<\/td><td class=\"data-gd\" data-label=\"+\/-\">-16<\/td><\/tr><tr class=\"even sp-row-no-17\"><td class=\"data-rank\" data-label=\"Pozycja\">18<\/td><td class=\"data-name\" data-label=\"Klub\"><a href=\"https:\/\/lfsportevents.pl\/openfutsal2022\/team\/galacticos-team\/\">Galacticos Team<\/a><\/td><td class=\"data-p\" data-label=\"M\">16<\/td><td class=\"data-pts\" data-label=\"Pkt\">10<\/td><td class=\"data-yellow\" data-label=\"YC\">0<\/td><td class=\"data-rc\" data-label=\"RC\">0<\/td><td class=\"data-w\" data-label=\"Z\">2<\/td><td class=\"data-d\" data-label=\"R\">4<\/td><td class=\"data-l\" data-label=\"P\">10<\/td><td class=\"data-f\" data-label=\"BZ\">14<\/td><td class=\"data-a\" data-label=\"BS\">31<\/td><td class=\"data-gd\" data-label=\"+\/-\">-17<\/td><\/tr><tr class=\"odd sp-row-no-18\"><td class=\"data-rank\" data-label=\"Pozycja\">19<\/td><td class=\"data-name\" data-label=\"Klub\"><a href=\"https:\/\/lfsportevents.pl\/openfutsal2022\/team\/hal-mont\/\">Hal-Mont<\/a><\/td><td class=\"data-p\" data-label=\"M\">4<\/td><td class=\"data-pts\" data-label=\"Pkt\">7<\/td><td class=\"data-yellow\" data-label=\"YC\">0<\/td><td class=\"data-rc\" data-label=\"RC\">0<\/td><td class=\"data-w\" data-label=\"Z\">2<\/td><td class=\"data-d\" data-label=\"R\">1<\/td><td class=\"data-l\" data-label=\"P\">1<\/td><td class=\"data-f\" data-label=\"BZ\">7<\/td><td class=\"data-a\" data-label=\"BS\">6<\/td><td class=\"data-gd\" data-label=\"+\/-\">1<\/td><\/tr><tr class=\"even sp-row-no-19\"><td class=\"data-rank\" data-label=\"Pozycja\">20<\/td><td class=\"data-name\" data-label=\"Klub\"><a href=\"https:\/\/lfsportevents.pl\/openfutsal2022\/team\/strzy-ganiec\/\">Strzyganiec<\/a><\/td><td class=\"data-p\" data-label=\"M\">10<\/td><td class=\"data-pts\" data-label=\"Pkt\">6<\/td><td class=\"data-yellow\" data-label=\"YC\">0<\/td><td class=\"data-rc\" data-label=\"RC\">0<\/td><td class=\"data-w\" data-label=\"Z\">2<\/td><td class=\"data-d\" data-label=\"R\">0<\/td><td class=\"data-l\" data-label=\"P\">8<\/td><td class=\"data-f\" data-label=\"BZ\">10<\/td><td class=\"data-a\" data-label=\"BS\">38<\/td><td class=\"data-gd\" data-label=\"+\/-\">-28<\/td><\/tr><tr class=\"odd sp-row-no-20\"><td class=\"data-rank\" data-label=\"Pozycja\">21<\/td><td class=\"data-name\" data-label=\"Klub\"><a href=\"https:\/\/lfsportevents.pl\/openfutsal2022\/team\/rytro\/\">Rytro<\/a><\/td><td class=\"data-p\" data-label=\"M\">3<\/td><td class=\"data-pts\" data-label=\"Pkt\">4<\/td><td class=\"data-yellow\" data-label=\"YC\">0<\/td><td class=\"data-rc\" data-label=\"RC\">0<\/td><td class=\"data-w\" data-label=\"Z\">1<\/td><td class=\"data-d\" data-label=\"R\">1<\/td><td class=\"data-l\" data-label=\"P\">1<\/td><td class=\"data-f\" data-label=\"BZ\">6<\/td><td class=\"data-a\" data-label=\"BS\">7<\/td><td class=\"data-gd\" data-label=\"+\/-\">-1<\/td><\/tr><tr class=\"even sp-row-no-21\"><td class=\"data-rank\" data-label=\"Pozycja\">22<\/td><td class=\"data-name\" data-label=\"Klub\"><a href=\"https:\/\/lfsportevents.pl\/openfutsal2022\/team\/uran\/\">Uran<\/a><\/td><td class=\"data-p\" data-label=\"M\">4<\/td><td class=\"data-pts\" data-label=\"Pkt\">4<\/td><td class=\"data-yellow\" data-label=\"YC\">1<\/td><td class=\"data-rc\" data-label=\"RC\">0<\/td><td class=\"data-w\" data-label=\"Z\">1<\/td><td class=\"data-d\" data-label=\"R\">1<\/td><td class=\"data-l\" data-label=\"P\">2<\/td><td class=\"data-f\" data-label=\"BZ\">8<\/td><td class=\"data-a\" data-label=\"BS\">12<\/td><td class=\"data-gd\" data-label=\"+\/-\">-4<\/td><\/tr><tr class=\"odd sp-row-no-22\"><td class=\"data-rank\" data-label=\"Pozycja\">23<\/td><td class=\"data-name\" data-label=\"Klub\"><a href=\"https:\/\/lfsportevents.pl\/openfutsal2022\/team\/ks-siwy-dym-jodlowa\/\">KS Siwy Dym Jod\u0142owa<\/a><\/td><td class=\"data-p\" data-label=\"M\">4<\/td><td class=\"data-pts\" data-label=\"Pkt\">4<\/td><td class=\"data-yellow\" data-label=\"YC\">0<\/td><td class=\"data-rc\" data-label=\"RC\">0<\/td><td class=\"data-w\" data-label=\"Z\">1<\/td><td class=\"data-d\" data-label=\"R\">1<\/td><td class=\"data-l\" data-label=\"P\">2<\/td><td class=\"data-f\" data-label=\"BZ\">3<\/td><td class=\"data-a\" data-label=\"BS\">9<\/td><td class=\"data-gd\" data-label=\"+\/-\">-6<\/td><\/tr><tr class=\"even sp-row-no-23\"><td class=\"data-rank\" data-label=\"Pozycja\">24<\/td><td class=\"data-name\" data-label=\"Klub\"><a href=\"https:\/\/lfsportevents.pl\/openfutsal2022\/team\/iva-iwkowa\/\">Iva Iwkowa<\/a><\/td><td class=\"data-p\" data-label=\"M\">10<\/td><td class=\"data-pts\" data-label=\"Pkt\">4<\/td><td class=\"data-yellow\" data-label=\"YC\">2<\/td><td class=\"data-rc\" data-label=\"RC\">0<\/td><td class=\"data-w\" data-label=\"Z\">1<\/td><td class=\"data-d\" data-label=\"R\">1<\/td><td class=\"data-l\" data-label=\"P\">8<\/td><td class=\"data-f\" data-label=\"BZ\">8<\/td><td class=\"data-a\" data-label=\"BS\">24<\/td><td class=\"data-gd\" data-label=\"+\/-\">-16<\/td><\/tr><tr class=\"odd sp-row-no-24\"><td class=\"data-rank\" data-label=\"Pozycja\">25<\/td><td class=\"data-name\" data-label=\"Klub\"><a href=\"https:\/\/lfsportevents.pl\/openfutsal2022\/team\/elwariatos\/\">Elwariatos<\/a><\/td><td class=\"data-p\" data-label=\"M\">3<\/td><td class=\"data-pts\" data-label=\"Pkt\">3<\/td><td class=\"data-yellow\" data-label=\"YC\">0<\/td><td class=\"data-rc\" data-label=\"RC\">0<\/td><td class=\"data-w\" data-label=\"Z\">1<\/td><td class=\"data-d\" data-label=\"R\">0<\/td><td class=\"data-l\" data-label=\"P\">2<\/td><td class=\"data-f\" data-label=\"BZ\">3<\/td><td class=\"data-a\" data-label=\"BS\">4<\/td><td class=\"data-gd\" data-label=\"+\/-\">-1<\/td><\/tr><tr class=\"even sp-row-no-25\"><td class=\"data-rank\" data-label=\"Pozycja\">26<\/td><td class=\"data-name\" data-label=\"Klub\"><a href=\"https:\/\/lfsportevents.pl\/openfutsal2022\/team\/gorce-kamienica\/\">Gorce Kamienica<\/a><\/td><td class=\"data-p\" data-label=\"M\">3<\/td><td class=\"data-pts\" data-label=\"Pkt\">3<\/td><td class=\"data-yellow\" data-label=\"YC\">0<\/td><td class=\"data-rc\" data-label=\"RC\">0<\/td><td class=\"data-w\" data-label=\"Z\">1<\/td><td class=\"data-d\" data-label=\"R\">0<\/td><td class=\"data-l\" data-label=\"P\">2<\/td><td class=\"data-f\" data-label=\"BZ\">3<\/td><td class=\"data-a\" data-label=\"BS\">4<\/td><td class=\"data-gd\" data-label=\"+\/-\">-1<\/td><\/tr><tr class=\"odd sp-row-no-26\"><td class=\"data-rank\" data-label=\"Pozycja\">27<\/td><td class=\"data-name\" data-label=\"Klub\"><a href=\"https:\/\/lfsportevents.pl\/openfutsal2022\/team\/galacticos\/\">Galacticos<\/a><\/td><td class=\"data-p\" data-label=\"M\">3<\/td><td class=\"data-pts\" data-label=\"Pkt\">3<\/td><td class=\"data-yellow\" data-label=\"YC\">2<\/td><td class=\"data-rc\" data-label=\"RC\">2<\/td><td class=\"data-w\" data-label=\"Z\">1<\/td><td class=\"data-d\" data-label=\"R\">0<\/td><td class=\"data-l\" data-label=\"P\">2<\/td><td class=\"data-f\" data-label=\"BZ\">4<\/td><td class=\"data-a\" data-label=\"BS\">8<\/td><td class=\"data-gd\" data-label=\"+\/-\">-4<\/td><\/tr><tr class=\"even sp-row-no-27\"><td class=\"data-rank\" data-label=\"Pozycja\">28<\/td><td class=\"data-name\" data-label=\"Klub\"><a href=\"https:\/\/lfsportevents.pl\/openfutsal2022\/team\/dlugoleka\/\">Drez-Bud D\u0142ugo\u0142\u0119ka<\/a><\/td><td class=\"data-p\" data-label=\"M\">10<\/td><td class=\"data-pts\" data-label=\"Pkt\">3<\/td><td class=\"data-yellow\" data-label=\"YC\">0<\/td><td class=\"data-rc\" data-label=\"RC\">0<\/td><td class=\"data-w\" data-label=\"Z\">1<\/td><td class=\"data-d\" data-label=\"R\">0<\/td><td class=\"data-l\" data-label=\"P\">9<\/td><td class=\"data-f\" data-label=\"BZ\">8<\/td><td class=\"data-a\" data-label=\"BS\">36<\/td><td class=\"data-gd\" data-label=\"+\/-\">-28<\/td><\/tr><tr class=\"odd sp-row-no-28\"><td class=\"data-rank\" data-label=\"Pozycja\">29<\/td><td class=\"data-name\" data-label=\"Klub\"><a href=\"https:\/\/lfsportevents.pl\/openfutsal2022\/team\/rabatem-pl\/\">Rabatem.pl<\/a><\/td><td class=\"data-p\" data-label=\"M\">4<\/td><td class=\"data-pts\" data-label=\"Pkt\">1<\/td><td class=\"data-yellow\" data-label=\"YC\">2<\/td><td class=\"data-rc\" data-label=\"RC\">1<\/td><td class=\"data-w\" data-label=\"Z\">0<\/td><td class=\"data-d\" data-label=\"R\">1<\/td><td class=\"data-l\" data-label=\"P\">3<\/td><td class=\"data-f\" data-label=\"BZ\">3<\/td><td class=\"data-a\" data-label=\"BS\">9<\/td><td class=\"data-gd\" data-label=\"+\/-\">-6<\/td><\/tr><tr class=\"even sp-row-no-29\"><td class=\"data-rank\" data-label=\"Pozycja\">30<\/td><td class=\"data-name\" data-label=\"Klub\"><a href=\"https:\/\/lfsportevents.pl\/openfutsal2022\/team\/silvestria-gorlice\/\">Silvestria Gorlice<\/a><\/td><td class=\"data-p\" data-label=\"M\">3<\/td><td class=\"data-pts\" data-label=\"Pkt\">0<\/td><td class=\"data-yellow\" data-label=\"YC\">0<\/td><td class=\"data-rc\" data-label=\"RC\">0<\/td><td class=\"data-w\" data-label=\"Z\">0<\/td><td class=\"data-d\" data-label=\"R\">0<\/td><td class=\"data-l\" data-label=\"P\">3<\/td><td class=\"data-f\" data-label=\"BZ\">1<\/td><td class=\"data-a\" data-label=\"BS\">8<\/td><td class=\"data-gd\" data-label=\"+\/-\">-7<\/td><\/tr><tr class=\"odd sp-row-no-30\"><td class=\"data-rank\" data-label=\"Pozycja\">31<\/td><td class=\"data-name\" data-label=\"Klub\"><a href=\"https:\/\/lfsportevents.pl\/openfutsal2022\/team\/kosmos-korzenna\/\">Kosmos Korzenna<\/a><\/td><td class=\"data-p\" data-label=\"M\">3<\/td><td class=\"data-pts\" data-label=\"Pkt\">0<\/td><td class=\"data-yellow\" data-label=\"YC\">0<\/td><td class=\"data-rc\" data-label=\"RC\">0<\/td><td class=\"data-w\" data-label=\"Z\">0<\/td><td class=\"data-d\" data-label=\"R\">0<\/td><td class=\"data-l\" data-label=\"P\">3<\/td><td class=\"data-f\" data-label=\"BZ\">0<\/td><td class=\"data-a\" data-label=\"BS\">15<\/td><td class=\"data-gd\" data-label=\"+\/-\">-15<\/td><\/tr><tr class=\"even sp-row-no-31\"><td class=\"data-rank\" data-label=\"Pozycja\">32<\/td><td class=\"data-name\" data-label=\"Klub\"><a href=\"https:\/\/lfsportevents.pl\/openfutsal2022\/team\/jaworzoki\/\">Jaworzoki<\/a><\/td><td class=\"data-p\" data-label=\"M\">4<\/td><td class=\"data-pts\" data-label=\"Pkt\">0<\/td><td class=\"data-yellow\" data-label=\"YC\">0<\/td><td class=\"data-rc\" data-label=\"RC\">0<\/td><td class=\"data-w\" data-label=\"Z\">0<\/td><td class=\"data-d\" data-label=\"R\">0<\/td><td class=\"data-l\" data-label=\"P\">4<\/td><td class=\"data-f\" data-label=\"BZ\">1<\/td><td class=\"data-a\" data-label=\"BS\">17<\/td><td class=\"data-gd\" data-label=\"+\/-\">-16<\/td><\/tr><tr class=\"odd sp-row-no-32\"><td class=\"data-rank\" data-label=\"Pozycja\">33<\/td><td class=\"data-name\" data-label=\"Klub\"><a href=\"https:\/\/lfsportevents.pl\/openfutsal2022\/team\/lumberjacks\/\">Lumberjacks<\/a><\/td><td class=\"data-p\" data-label=\"M\">7<\/td><td class=\"data-pts\" data-label=\"Pkt\">0<\/td><td class=\"data-yellow\" data-label=\"YC\">1<\/td><td class=\"data-rc\" data-label=\"RC\">0<\/td><td class=\"data-w\" data-label=\"Z\">0<\/td><td class=\"data-d\" data-label=\"R\">0<\/td><td class=\"data-l\" data-label=\"P\">7<\/td><td class=\"data-f\" data-label=\"BZ\">2<\/td><td class=\"data-a\" data-label=\"BS\">19<\/td><td class=\"data-gd\" data-label=\"+\/-\">-17<\/td><\/tr><\/tbody><\/table><\/div><\/div>\n<\/div>\n","protected":false},"excerpt":{"rendered":"<p>&nbsp; Legenda: M = Mecze Rozegrane Pkt = Punkty YC = \u017b\u00f3\u0142te kartki RC = Czerwone kartki Z = Zwyci\u0119stwa R = Remisy P = Pora\u017cki BZ = Bramki zdobyte BS = Bramki stracone +\/- = R\u00f3\u017cnica bramek<\/p>\n","protected":false},"author":1,"featured_media":0,"parent":0,"menu_order":0,"comment_status":"closed","ping_status":"closed","template":"","meta":[],"_links":{"self":[{"href":"https:\/\/lfsportevents.pl\/openfutsal2022\/wp-json\/wp\/v2\/pages\/270"}],"collection":[{"href":"https:\/\/lfsportevents.pl\/openfutsal2022\/wp-json\/wp\/v2\/pages"}],"about":[{"href":"https:\/\/lfsportevents.pl\/openfutsal2022\/wp-json\/wp\/v2\/types\/page"}],"author":[{"embeddable":true,"href":"https:\/\/lfsportevents.pl\/openfutsal2022\/wp-json\/wp\/v2\/users\/1"}],"replies":[{"embeddable":true,"href":"https:\/\/lfsportevents.pl\/openfutsal2022\/wp-json\/wp\/v2\/comments?post=270"}],"version-history":[{"count":3,"href":"https:\/\/lfsportevents.pl\/openfutsal2022\/wp-json\/wp\/v2\/pages\/270\/revisions"}],"predecessor-version":[{"id":11117,"href":"https:\/\/lfsportevents.pl\/openfutsal2022\/wp-json\/wp\/v2\/pages\/270\/revisions\/11117"}],"wp:attachment":[{"href":"https:\/\/lfsportevents.pl\/openfutsal2022\/wp-json\/wp\/v2\/media?parent=270"}],"curies":[{"name":"wp","href":"https:\/\/api.w.org\/{rel}","templated":true}]}}