{"id":10618,"date":"2022-11-14T13:01:20","date_gmt":"2022-11-14T12:01:20","guid":{"rendered":"https:\/\/lfsportevents.pl\/openfutsal2022\/?page_id=10618"},"modified":"2023-01-17T13:52:19","modified_gmt":"2023-01-17T12:52:19","slug":"video","status":"publish","type":"page","link":"https:\/\/lfsportevents.pl\/openfutsal2022\/turniej-noworoczny\/video\/","title":{"rendered":"Video"},"content":{"rendered":"<p><iframe loading=\"lazy\" title=\"Andreas Kyjak (Repre Bardejov)\" width=\"620\" height=\"349\" src=\"https:\/\/www.youtube.com\/embed\/34z77CRc1k8?start=9&#038;feature=oembed\" frameborder=\"0\" allow=\"accelerometer; autoplay; clipboard-write; encrypted-media; gyroscope; picture-in-picture; web-share\" allowfullscreen><\/iframe><\/p>\n<p><iframe loading=\"lazy\" title=\"Jakub Biel (Baz Pal)\" width=\"620\" height=\"349\" src=\"https:\/\/www.youtube.com\/embed\/aYh9MV7s6DQ?feature=oembed\" frameborder=\"0\" allow=\"accelerometer; autoplay; clipboard-write; encrypted-media; gyroscope; picture-in-picture; web-share\" allowfullscreen><\/iframe><\/p>\n<p><iframe loading=\"lazy\" title=\"Mariusz Mr\u00f3z (Gold Team\/Meble Lorek)\" width=\"620\" height=\"349\" src=\"https:\/\/www.youtube.com\/embed\/zbV1ATShNFE?feature=oembed\" frameborder=\"0\" allow=\"accelerometer; autoplay; clipboard-write; encrypted-media; gyroscope; picture-in-picture; web-share\" allowfullscreen><\/iframe><\/p>\n<p><iframe loading=\"lazy\" title=\"Mariusz Mirek (Galacticos Team)\" width=\"620\" height=\"349\" src=\"https:\/\/www.youtube.com\/embed\/sly3ifjoSKg?feature=oembed\" frameborder=\"0\" allow=\"accelerometer; autoplay; clipboard-write; encrypted-media; gyroscope; picture-in-picture; web-share\" allowfullscreen><\/iframe><\/p>\n<p><iframe loading=\"lazy\" title=\"Konrad Kwit (Agrom Wola)\" width=\"620\" height=\"349\" src=\"https:\/\/www.youtube.com\/embed\/-uLV6kbvYrk?feature=oembed\" frameborder=\"0\" allow=\"accelerometer; autoplay; clipboard-write; encrypted-media; gyroscope; picture-in-picture; web-share\" allowfullscreen><\/iframe><\/p>\n<p><iframe loading=\"lazy\" title=\"Dawid Pilch (Hal-Mont)\" width=\"620\" height=\"349\" src=\"https:\/\/www.youtube.com\/embed\/oSx8Nk0jSJw?feature=oembed\" frameborder=\"0\" allow=\"accelerometer; autoplay; clipboard-write; encrypted-media; gyroscope; picture-in-picture; web-share\" allowfullscreen><\/iframe><\/p>\n<p><iframe loading=\"lazy\" title=\"Szymon Por\u0119ba (Baz Pal)\" width=\"620\" height=\"349\" src=\"https:\/\/www.youtube.com\/embed\/n5pRf_D_Ee0?feature=oembed\" frameborder=\"0\" allow=\"accelerometer; autoplay; clipboard-write; encrypted-media; gyroscope; picture-in-picture; web-share\" allowfullscreen><\/iframe><\/p>\n<p><iframe loading=\"lazy\" title=\"Damian Mr\u00f3wka (Agrom Wola)\" width=\"620\" height=\"349\" src=\"https:\/\/www.youtube.com\/embed\/n4at5KsAMsc?feature=oembed\" frameborder=\"0\" allow=\"accelerometer; autoplay; clipboard-write; encrypted-media; gyroscope; picture-in-picture; web-share\" allowfullscreen><\/iframe><\/p>\n<p><iframe loading=\"lazy\" title=\"Dariusz Gwi\u017cd\u017c (Alex Zakliczyn)\" width=\"620\" height=\"349\" src=\"https:\/\/www.youtube.com\/embed\/6w-j-7oItNo?feature=oembed\" frameborder=\"0\" allow=\"accelerometer; autoplay; clipboard-write; encrypted-media; gyroscope; picture-in-picture; web-share\" allowfullscreen><\/iframe><\/p>\n<p><iframe loading=\"lazy\" title=\"Konrad Palacz (Drink Team)\" width=\"620\" height=\"349\" src=\"https:\/\/www.youtube.com\/embed\/FcdOPEWves0?feature=oembed\" frameborder=\"0\" allow=\"accelerometer; autoplay; clipboard-write; encrypted-media; gyroscope; picture-in-picture; web-share\" allowfullscreen><\/iframe><\/p>\n<p><iframe loading=\"lazy\" title=\"Stanislav Pi\u013ear (Repre Bardejov)\" width=\"620\" height=\"349\" src=\"https:\/\/www.youtube.com\/embed\/eJc-4n3ZQFs?feature=oembed\" frameborder=\"0\" allow=\"accelerometer; autoplay; clipboard-write; encrypted-media; gyroscope; picture-in-picture; web-share\" allowfullscreen><\/iframe><\/p>\n<p><iframe loading=\"lazy\" title=\"Grzegorz Kr\u00f3l (Alkoboye)\" width=\"620\" height=\"349\" src=\"https:\/\/www.youtube.com\/embed\/wkEtC2f3EjQ?feature=oembed\" frameborder=\"0\" allow=\"accelerometer; autoplay; clipboard-write; encrypted-media; gyroscope; picture-in-picture; web-share\" allowfullscreen><\/iframe><\/p>\n<p><iframe loading=\"lazy\" title=\"Mateusz Migacz (Dunajec Nowy S\u0105cz)\" width=\"620\" height=\"349\" src=\"https:\/\/www.youtube.com\/embed\/74qYlu-Ra3M?feature=oembed\" frameborder=\"0\" allow=\"accelerometer; autoplay; clipboard-write; encrypted-media; gyroscope; picture-in-picture; web-share\" allowfullscreen><\/iframe><\/p>\n<p><iframe loading=\"lazy\" title=\"Grzegorz Orsaczek (San Escobar)\" width=\"620\" height=\"349\" src=\"https:\/\/www.youtube.com\/embed\/GJ3mL4Z8Kiw?feature=oembed\" frameborder=\"0\" allow=\"accelerometer; autoplay; clipboard-write; encrypted-media; gyroscope; picture-in-picture; web-share\" allowfullscreen><\/iframe><\/p>\n<p><iframe loading=\"lazy\" title=\"Marek Knurowski (Gold Team\/Meble Lorek)\" width=\"620\" height=\"349\" src=\"https:\/\/www.youtube.com\/embed\/2eHIeKKh43Y?feature=oembed\" frameborder=\"0\" allow=\"accelerometer; autoplay; clipboard-write; encrypted-media; gyroscope; picture-in-picture; web-share\" allowfullscreen><\/iframe><\/p>\n<p><iframe loading=\"lazy\" title=\"Piotr Stelmach (Galacticos Team)\" width=\"620\" height=\"349\" src=\"https:\/\/www.youtube.com\/embed\/jXt06imHeJ0?feature=oembed\" frameborder=\"0\" allow=\"accelerometer; autoplay; clipboard-write; encrypted-media; gyroscope; picture-in-picture; web-share\" allowfullscreen><\/iframe><\/p>\n<p><iframe loading=\"lazy\" title=\"Janusz Pierzcha\u0142a (Drink Team)\" width=\"620\" height=\"349\" src=\"https:\/\/www.youtube.com\/embed\/0IGd8_oJxws?feature=oembed\" frameborder=\"0\" allow=\"accelerometer; autoplay; clipboard-write; encrypted-media; gyroscope; picture-in-picture; web-share\" allowfullscreen><\/iframe><\/p>\n<p><iframe loading=\"lazy\" title=\"Kacper Chru\u015blicki (Mak-Bud)\" width=\"620\" height=\"349\" src=\"https:\/\/www.youtube.com\/embed\/esVS9rTO-gA?feature=oembed\" frameborder=\"0\" allow=\"accelerometer; autoplay; clipboard-write; encrypted-media; gyroscope; picture-in-picture; web-share\" allowfullscreen><\/iframe><\/p>\n<p><iframe loading=\"lazy\" title=\"Piotr Kuchnia (Drez-Bud D\u0142ugo\u0142\u0119ka)\" width=\"620\" height=\"349\" src=\"https:\/\/www.youtube.com\/embed\/Zu_NRpXcRp8?feature=oembed\" frameborder=\"0\" allow=\"accelerometer; autoplay; clipboard-write; encrypted-media; gyroscope; picture-in-picture; web-share\" allowfullscreen><\/iframe><\/p>\n<p><iframe loading=\"lazy\" title=\"Kamil Wo\u017aniak (Silvestria Gorlice)\" width=\"620\" height=\"349\" src=\"https:\/\/www.youtube.com\/embed\/YssurNZtVtI?feature=oembed\" frameborder=\"0\" allow=\"accelerometer; autoplay; clipboard-write; encrypted-media; gyroscope; picture-in-picture; web-share\" allowfullscreen><\/iframe><\/p>\n","protected":false},"excerpt":{"rendered":"","protected":false},"author":1,"featured_media":0,"parent":10602,"menu_order":0,"comment_status":"closed","ping_status":"closed","template":"","meta":[],"_links":{"self":[{"href":"https:\/\/lfsportevents.pl\/openfutsal2022\/wp-json\/wp\/v2\/pages\/10618"}],"collection":[{"href":"https:\/\/lfsportevents.pl\/openfutsal2022\/wp-json\/wp\/v2\/pages"}],"about":[{"href":"https:\/\/lfsportevents.pl\/openfutsal2022\/wp-json\/wp\/v2\/types\/page"}],"author":[{"embeddable":true,"href":"https:\/\/lfsportevents.pl\/openfutsal2022\/wp-json\/wp\/v2\/users\/1"}],"replies":[{"embeddable":true,"href":"https:\/\/lfsportevents.pl\/openfutsal2022\/wp-json\/wp\/v2\/comments?post=10618"}],"version-history":[{"count":1,"href":"https:\/\/lfsportevents.pl\/openfutsal2022\/wp-json\/wp\/v2\/pages\/10618\/revisions"}],"predecessor-version":[{"id":11441,"href":"https:\/\/lfsportevents.pl\/openfutsal2022\/wp-json\/wp\/v2\/pages\/10618\/revisions\/11441"}],"up":[{"embeddable":true,"href":"https:\/\/lfsportevents.pl\/openfutsal2022\/wp-json\/wp\/v2\/pages\/10602"}],"wp:attachment":[{"href":"https:\/\/lfsportevents.pl\/openfutsal2022\/wp-json\/wp\/v2\/media?parent=10618"}],"curies":[{"name":"wp","href":"https:\/\/api.w.org\/{rel}","templated":true}]}}