{"id":10586,"date":"2022-11-14T12:54:39","date_gmt":"2022-11-14T11:54:39","guid":{"rendered":"https:\/\/lfsportevents.pl\/openfutsal2022\/?page_id=10586"},"modified":"2022-12-13T14:22:05","modified_gmt":"2022-12-13T13:22:05","slug":"punkty-rankingowe","status":"publish","type":"page","link":"https:\/\/lfsportevents.pl\/openfutsal2022\/turniej-mikolajkowy\/punkty-rankingowe\/","title":{"rendered":"Punkty rankingowe"},"content":{"rendered":"<h4 style=\"text-align: center;\"><span style=\"color: #993300;\">Punkty do Rankingu Klasyfikacyjnego za Turniej MIKO\u0141AJKOWY z dnia 11 GRUDNIA 2022<\/span><\/h4>\n<p>1 miejsce \u2013 MAK-BUD \u2013\u00a0<span style=\"color: #993300;\"><strong>90 pkt<\/strong><\/span><br \/>\n2 miejsce \u2013 SAN ESCOBAR \u2013<span style=\"color: #993300;\"><strong> 85 pkt\u00a0<\/strong><\/span><br \/>\n3 miejsce \u2013 PABUD \u2013 <span style=\"color: #993300;\"><strong>80 pkt<\/strong><\/span><br \/>\n4 miejsce \u2013 ALKOBOYE \u2013 <span style=\"color: #993300;\"><strong>75 pkt<\/strong><\/span><br \/>\n5 miejsce \u2013 G\u0141ODZIK I SMAJDOR TEAM \u2013\u00a0<span style=\"color: #993300;\"><strong>70 pkt<\/strong><\/span><br \/>\n6 miejsce \u2013 ALEX ZAKLICZYN \u2013 <span style=\"color: #993300;\"><strong>65 pkt<\/strong><\/span><br \/>\n7 miejsce \u2013 GOLD TEAM\/MEBLE LOREK \u2013 <span style=\"color: #993300;\"><strong>60 pkt\u00a0<\/strong><\/span><br \/>\n8 miejsce \u2013 KRU\u017bLOWA \u2013 <span style=\"color: #993300;\"><strong>55 pkt<\/strong><\/span><br \/>\n9 miejsce \u2013 DOM WESELNY SYLWIA \u2013 <span style=\"color: #993300;\"><strong>50 pkt<\/strong><\/span><br \/>\n10 miejsce \u2013 DUNAJEC NOWY S\u0104CZ \u2013 <span style=\"color: #993300;\"><strong>45 pkt<\/strong><\/span><br \/>\n11 miejsce \u2013 MABEL TEAM \u2013<strong>\u00a0<span style=\"color: #993300;\">40 pkt\u00a0<\/span><\/strong><br \/>\n12 miejsce \u2013 IVA IWKOWA \u2013 <span style=\"color: #993300;\"><strong>35 pkt<\/strong><\/span><br \/>\n13 miejsce \u2013 BYSEK TEAM \u2013 <span style=\"color: #993300;\"><strong>30 pkt<\/strong><\/span><br \/>\n14 miejsce \u2013 GALACTICOS \u2013 <span style=\"color: #993300;\"><strong>25pkt<\/strong><\/span><br \/>\n15 miejsce \u2013 DAJZNAC.PL \u2013 <span style=\"color: #993300;\"><strong>20 pkt\u00a0<\/strong><\/span><br \/>\n16 miejsce \u2013 GALACTICOS TEAM \u2013 <span style=\"color: #993300;\"><strong>15 pkt<\/strong><\/span><br \/>\n17 miejsce \u2013 D\u0141UGO\u0141\u0118KA \u2013<strong><span style=\"color: #993300;\"> 10\u00a0pkt<\/span><\/strong><br \/>\n18 miejsce \u2013 KOSMOS KORZENNA &#8211; <strong><span style=\"color: #993300;\">5 pkt<\/span><\/strong><\/p>\n","protected":false},"excerpt":{"rendered":"<p>Punkty do Rankingu Klasyfikacyjnego za Turniej MIKO\u0141AJKOWY z dnia 11 GRUDNIA 2022 1 miejsce \u2013 MAK-BUD \u2013\u00a090 pkt 2 miejsce \u2013 SAN ESCOBAR \u2013 85 pkt\u00a0 3 miejsce \u2013 PABUD \u2013 80 pkt 4 miejsce \u2013 ALKOBOYE \u2013 75 pkt 5 miejsce \u2013 G\u0141ODZIK I SMAJDOR TEAM \u2013\u00a070 pkt 6 miejsce \u2013 ALEX ZAKLICZYN \u2013 [&hellip;]<\/p>\n","protected":false},"author":1,"featured_media":0,"parent":10576,"menu_order":0,"comment_status":"closed","ping_status":"closed","template":"","meta":[],"_links":{"self":[{"href":"https:\/\/lfsportevents.pl\/openfutsal2022\/wp-json\/wp\/v2\/pages\/10586"}],"collection":[{"href":"https:\/\/lfsportevents.pl\/openfutsal2022\/wp-json\/wp\/v2\/pages"}],"about":[{"href":"https:\/\/lfsportevents.pl\/openfutsal2022\/wp-json\/wp\/v2\/types\/page"}],"author":[{"embeddable":true,"href":"https:\/\/lfsportevents.pl\/openfutsal2022\/wp-json\/wp\/v2\/users\/1"}],"replies":[{"embeddable":true,"href":"https:\/\/lfsportevents.pl\/openfutsal2022\/wp-json\/wp\/v2\/comments?post=10586"}],"version-history":[{"count":2,"href":"https:\/\/lfsportevents.pl\/openfutsal2022\/wp-json\/wp\/v2\/pages\/10586\/revisions"}],"predecessor-version":[{"id":11310,"href":"https:\/\/lfsportevents.pl\/openfutsal2022\/wp-json\/wp\/v2\/pages\/10586\/revisions\/11310"}],"up":[{"embeddable":true,"href":"https:\/\/lfsportevents.pl\/openfutsal2022\/wp-json\/wp\/v2\/pages\/10576"}],"wp:attachment":[{"href":"https:\/\/lfsportevents.pl\/openfutsal2022\/wp-json\/wp\/v2\/media?parent=10586"}],"curies":[{"name":"wp","href":"https:\/\/api.w.org\/{rel}","templated":true}]}}