{"id":10580,"date":"2022-11-14T12:53:29","date_gmt":"2022-11-14T11:53:29","guid":{"rendered":"https:\/\/lfsportevents.pl\/openfutsal2022\/?page_id=10580"},"modified":"2022-12-12T12:47:15","modified_gmt":"2022-12-12T11:47:15","slug":"lista-startowa","status":"publish","type":"page","link":"https:\/\/lfsportevents.pl\/openfutsal2022\/turniej-mikolajkowy\/lista-startowa\/","title":{"rendered":"Lista startowa"},"content":{"rendered":"<div class=\"sportspress\"><div class=\"sp-template sp-template-league-table\">\n\t<h4 class=\"sp-table-caption\">Turniej Miko\u0142ajkowy \u2013 Lista Startowa<\/h4><div class=\"sp-table-wrapper\"><table class=\"sp-league-table sp-data-table sp-sortable-table sp-scrollable-table sp-paginated-table\" data-sp-rows=\"40\"><thead><tr><th class=\"data-rank\">Pozycja<\/th><th class=\"data-name\">Klub<\/th><\/tr><\/thead><tbody><tr class=\"odd sp-row-no-0\"><td class=\"data-rank\" data-label=\"Pozycja\">1<\/td><td class=\"data-name\" data-label=\"Klub\"><a href=\"https:\/\/lfsportevents.pl\/openfutsal2022\/team\/gold-team\/\">Gold Team\/Meble Lorek<\/a><\/td><\/tr><tr class=\"even sp-row-no-1\"><td class=\"data-rank\" data-label=\"Pozycja\">2<\/td><td class=\"data-name\" data-label=\"Klub\"><a href=\"https:\/\/lfsportevents.pl\/openfutsal2022\/team\/mak-bud\/\">Mak-Bud<\/a><\/td><\/tr><tr class=\"odd sp-row-no-2\"><td class=\"data-rank\" data-label=\"Pozycja\">3<\/td><td class=\"data-name\" data-label=\"Klub\"><a href=\"https:\/\/lfsportevents.pl\/openfutsal2022\/team\/alex-zakliczyn\/\">Alex Zakliczyn<\/a><\/td><\/tr><tr class=\"even sp-row-no-3\"><td class=\"data-rank\" data-label=\"Pozycja\">4<\/td><td class=\"data-name\" data-label=\"Klub\"><a href=\"https:\/\/lfsportevents.pl\/openfutsal2022\/team\/pabud\/\">Pabud<\/a><\/td><\/tr><tr class=\"odd sp-row-no-4\"><td class=\"data-rank\" data-label=\"Pozycja\">5<\/td><td class=\"data-name\" data-label=\"Klub\"><a href=\"https:\/\/lfsportevents.pl\/openfutsal2022\/team\/san-escobar\/\">San Escobar<\/a><\/td><\/tr><tr class=\"even sp-row-no-5\"><td class=\"data-rank\" data-label=\"Pozycja\">6<\/td><td class=\"data-name\" data-label=\"Klub\"><a href=\"https:\/\/lfsportevents.pl\/openfutsal2022\/team\/dunajec-nowy-sacz\/\">Dunajec Nowy S\u0105cz<\/a><\/td><\/tr><tr class=\"odd sp-row-no-6\"><td class=\"data-rank\" data-label=\"Pozycja\">7<\/td><td class=\"data-name\" data-label=\"Klub\"><a href=\"https:\/\/lfsportevents.pl\/openfutsal2022\/team\/kamex\/\">Dom Weselny Sylwia<\/a><\/td><\/tr><tr class=\"even sp-row-no-7\"><td class=\"data-rank\" data-label=\"Pozycja\">8<\/td><td class=\"data-name\" data-label=\"Klub\"><a href=\"https:\/\/lfsportevents.pl\/openfutsal2022\/team\/bysek-team\/\">Bysek Team<\/a><\/td><\/tr><tr class=\"odd sp-row-no-8\"><td class=\"data-rank\" data-label=\"Pozycja\">9<\/td><td class=\"data-name\" data-label=\"Klub\"><a href=\"https:\/\/lfsportevents.pl\/openfutsal2022\/team\/alkoboye\/\">Alkoboye<\/a><\/td><\/tr><tr class=\"even sp-row-no-9\"><td class=\"data-rank\" data-label=\"Pozycja\">10<\/td><td class=\"data-name\" data-label=\"Klub\"><a href=\"https:\/\/lfsportevents.pl\/openfutsal2022\/team\/glodzik-i-smajdor-team\/\">G\u0142odzik i Smajdor Team<\/a><\/td><\/tr><tr class=\"odd sp-row-no-10\"><td class=\"data-rank\" data-label=\"Pozycja\">11<\/td><td class=\"data-name\" data-label=\"Klub\"><a href=\"https:\/\/lfsportevents.pl\/openfutsal2022\/team\/kruzlowa\/\">Kru\u017clowa<\/a><\/td><\/tr><tr class=\"even sp-row-no-11\"><td class=\"data-rank\" data-label=\"Pozycja\">12<\/td><td class=\"data-name\" data-label=\"Klub\"><a href=\"https:\/\/lfsportevents.pl\/openfutsal2022\/team\/mabel-team\/\">Mabel Team<\/a><\/td><\/tr><tr class=\"odd sp-row-no-12\"><td class=\"data-rank\" data-label=\"Pozycja\">13<\/td><td class=\"data-name\" data-label=\"Klub\"><a href=\"https:\/\/lfsportevents.pl\/openfutsal2022\/team\/galacticos-team\/\">Galacticos Team<\/a><\/td><\/tr><tr class=\"even sp-row-no-13\"><td class=\"data-rank\" data-label=\"Pozycja\">14<\/td><td class=\"data-name\" data-label=\"Klub\"><a href=\"https:\/\/lfsportevents.pl\/openfutsal2022\/team\/iva-iwkowa\/\">Iva Iwkowa<\/a><\/td><\/tr><tr class=\"odd sp-row-no-14\"><td class=\"data-rank\" data-label=\"Pozycja\">15<\/td><td class=\"data-name\" data-label=\"Klub\"><a href=\"https:\/\/lfsportevents.pl\/openfutsal2022\/team\/galacticos\/\">Galacticos<\/a><\/td><\/tr><tr class=\"even sp-row-no-15\"><td class=\"data-rank\" data-label=\"Pozycja\">16<\/td><td class=\"data-name\" data-label=\"Klub\"><a href=\"https:\/\/lfsportevents.pl\/openfutsal2022\/team\/dlugoleka\/\">Drez-Bud D\u0142ugo\u0142\u0119ka<\/a><\/td><\/tr><tr class=\"odd sp-row-no-16\"><td class=\"data-rank\" data-label=\"Pozycja\">17<\/td><td class=\"data-name\" data-label=\"Klub\"><a href=\"https:\/\/lfsportevents.pl\/openfutsal2022\/team\/rabatem-pl\/\">Rabatem.pl<\/a><\/td><\/tr><tr class=\"even sp-row-no-17\"><td class=\"data-rank\" data-label=\"Pozycja\">18<\/td><td class=\"data-name\" data-label=\"Klub\"><a href=\"https:\/\/lfsportevents.pl\/openfutsal2022\/team\/kosmos-korzenna\/\">Kosmos Korzenna<\/a><\/td><\/tr><\/tbody><\/table><\/div><\/div>\n<\/div>\n","protected":false},"excerpt":{"rendered":"","protected":false},"author":1,"featured_media":0,"parent":10576,"menu_order":0,"comment_status":"closed","ping_status":"closed","template":"","meta":[],"_links":{"self":[{"href":"https:\/\/lfsportevents.pl\/openfutsal2022\/wp-json\/wp\/v2\/pages\/10580"}],"collection":[{"href":"https:\/\/lfsportevents.pl\/openfutsal2022\/wp-json\/wp\/v2\/pages"}],"about":[{"href":"https:\/\/lfsportevents.pl\/openfutsal2022\/wp-json\/wp\/v2\/types\/page"}],"author":[{"embeddable":true,"href":"https:\/\/lfsportevents.pl\/openfutsal2022\/wp-json\/wp\/v2\/users\/1"}],"replies":[{"embeddable":true,"href":"https:\/\/lfsportevents.pl\/openfutsal2022\/wp-json\/wp\/v2\/comments?post=10580"}],"version-history":[{"count":3,"href":"https:\/\/lfsportevents.pl\/openfutsal2022\/wp-json\/wp\/v2\/pages\/10580\/revisions"}],"predecessor-version":[{"id":11195,"href":"https:\/\/lfsportevents.pl\/openfutsal2022\/wp-json\/wp\/v2\/pages\/10580\/revisions\/11195"}],"up":[{"embeddable":true,"href":"https:\/\/lfsportevents.pl\/openfutsal2022\/wp-json\/wp\/v2\/pages\/10576"}],"wp:attachment":[{"href":"https:\/\/lfsportevents.pl\/openfutsal2022\/wp-json\/wp\/v2\/media?parent=10580"}],"curies":[{"name":"wp","href":"https:\/\/api.w.org\/{rel}","templated":true}]}}