{"id":678,"date":"2016-03-30T10:49:21","date_gmt":"2016-03-30T08:49:21","guid":{"rendered":"https:\/\/lfsportevents.pl\/openfutsal\/?page_id=678"},"modified":"2022-11-17T10:02:27","modified_gmt":"2022-11-17T09:02:27","slug":"kary","status":"publish","type":"page","link":"https:\/\/lfsportevents.pl\/openfutsal\/kary\/","title":{"rendered":"KARY"},"content":{"rendered":"<p>&nbsp;<\/p>\n<h1 style=\"text-align: center;\"><strong><span style=\"color: #993300;\">KARY ZA \u017b\u00d3\u0141TE I CZERWONE KARTKI<\/span><\/strong><\/h1>\n<h1 style=\"text-align: center;\"><strong><span style=\"color: #993300;\">KARY DRU\u017bYNOWE<\/span><\/strong><\/h1>\n<h1 style=\"text-align: center;\"><strong><span style=\"color: #993300;\">KARY\u00a0dyscyplinarne<\/span><\/strong><\/h1>\n<p>&nbsp;<\/p>\n<p>&nbsp;<\/p>\n","protected":false},"excerpt":{"rendered":"<p>&nbsp; KARY ZA \u017b\u00d3\u0141TE I CZERWONE KARTKI KARY DRU\u017bYNOWE KARY\u00a0dyscyplinarne &nbsp; &nbsp;<\/p>\n","protected":false},"author":1,"featured_media":0,"parent":0,"menu_order":0,"comment_status":"closed","ping_status":"closed","template":"","meta":[],"_links":{"self":[{"href":"https:\/\/lfsportevents.pl\/openfutsal\/wp-json\/wp\/v2\/pages\/678"}],"collection":[{"href":"https:\/\/lfsportevents.pl\/openfutsal\/wp-json\/wp\/v2\/pages"}],"about":[{"href":"https:\/\/lfsportevents.pl\/openfutsal\/wp-json\/wp\/v2\/types\/page"}],"author":[{"embeddable":true,"href":"https:\/\/lfsportevents.pl\/openfutsal\/wp-json\/wp\/v2\/users\/1"}],"replies":[{"embeddable":true,"href":"https:\/\/lfsportevents.pl\/openfutsal\/wp-json\/wp\/v2\/comments?post=678"}],"version-history":[{"count":3,"href":"https:\/\/lfsportevents.pl\/openfutsal\/wp-json\/wp\/v2\/pages\/678\/revisions"}],"predecessor-version":[{"id":10735,"href":"https:\/\/lfsportevents.pl\/openfutsal\/wp-json\/wp\/v2\/pages\/678\/revisions\/10735"}],"wp:attachment":[{"href":"https:\/\/lfsportevents.pl\/openfutsal\/wp-json\/wp\/v2\/media?parent=678"}],"curies":[{"name":"wp","href":"https:\/\/api.w.org\/{rel}","templated":true}]}}