{"id":284,"date":"2016-01-25T19:38:52","date_gmt":"2016-01-25T18:38:52","guid":{"rendered":"https:\/\/lfsportevents.pl\/openfutsal\/?page_id=284"},"modified":"2016-03-02T07:40:35","modified_gmt":"2016-03-02T06:40:35","slug":"wspolpraca","status":"publish","type":"page","link":"https:\/\/lfsportevents.pl\/openfutsal\/wspolpraca\/","title":{"rendered":"Wsp\u00f3\u0142praca"},"content":{"rendered":"<h2 style=\"text-align: center;\"><strong><span style=\"color: #993300;\">CHCESZ SI\u0118 ZAREKLAMOWA\u0106?<\/span><\/strong><\/h2>\n<h2 style=\"text-align: center;\"><strong><span style=\"color: #993300;\">CHCESZ WEJ\u015a\u0106 W \u015aWIAT NASZYCH ROZGRYWEK JAKO SPONSOR?<\/span><\/strong><\/h2>\n<h2 style=\"text-align: center;\"><strong><span style=\"color: #993300;\">CHCESZ OSI\u0104GN\u0104\u0106 NIESAMOWITE EFEKTY WSP\u00d3\u0141PRACY?<\/span><\/strong><\/h2>\n<h2 style=\"text-align: center;\"><strong><span style=\"color: #993300;\">MASZ POMYS\u0141 JAK UROZMAICI\u0106 ROZGRYWKI?<\/span><\/strong><\/h2>\n<h2 style=\"text-align: center;\"><strong><span style=\"color: #993300;\">JE\u017bELI TWOJA ODPOWIED\u0179 BRZMI &#8222;TAK&#8221; TO DOBRZE TRAFI\u0141E\u015a<\/span><\/strong><\/h2>\n<h5 style=\"text-align: center;\"><span style=\"color: #993300;\">Firma &#8222;\u0141F SPORT EVENT&#8221; zajmuje si\u0119 profesjonaln\u0105 organizacj\u0105 zawod\u00f3w sportowych i doskonale wiemy jak fachowo i na najwy\u017cszym poziomie zorganizowa\u0107 udany, aktywny wypoczynek dla wszystkich uczestnik\u00f3w imprezy. Oferujemy szerok\u0105 wsp\u00f3\u0142prac\u0119 w naszej lidze, oraz przysz\u0142ych eventach. Poszukujemy sponsor\u00f3w , wsparcie techniczne, nowe pomys\u0142y. Mo\u017cemy razem dzia\u0142a\u0107.Obecnie zajmujemy si\u0119 organizacj\u0105 sufigs Ligi Orlika o Mistrzostwo Powiatu Nowos\u0105deckiego pod patronatem Starosty Marka P\u0142awiaka. W naszych planach s\u0105 te\u017c inne turnieje o kt\u00f3rych dowiecie si\u0119 wkr\u00f3tce<\/span><\/h5>\n<ol>\n<li>\n<h5><span style=\"color: #993300;\">Jeste\u015b zainteresowany sponsoringiem? Mamy dla Was bardzo ciekawe i atrakcyjne pakiety sponsorskie. Chc\u0105c stworzy\u0107 dogodne warunki do uprawiania sportu wyczynowego uczestnikom ligi, musimy liczy\u0107 na wsparcie finansowe darczy\u0144c\u00f3w czy sponsor\u00f3w. Z my\u015bl\u0105 o biznesie stworzyli\u015bmy ofert\u0119 sponsorsk\u0105, kt\u00f3ra podpowie na jakich zasadach mo\u017cliwa jest wsp\u00f3\u0142praca z naszymi rozgrywkami. Jeste\u015b zainteresowany tak\u0105 wsp\u00f3\u0142prac\u0105? zapytaj o pakiety sponsorskie. Ka\u017cdy znajdzie co\u015b dla siebie i swoich mo\u017cliwo\u015bci finansowych.<\/span><\/h5>\n<\/li>\n<li>\n<h5><span style=\"color: #993300;\">W dzisiejszej rzeczywisto\u015bci dla r\u00f3\u017cnego rodzaju przedsi\u0119biorstw, sponsoring zajmuje w\u0142asne, odpowiedzialne miejsce w marketingu. Jest tak\u017ce narz\u0119dziem, kt\u00f3re oferuje korzy\u015bci. Sponsoring niesie ze sob\u0105 wydatek pieni\u0119\u017cny, ale reklama kt\u00f3r\u0105 zaoferujemy, jeste\u015bmy przekonani i\u017c wr\u00f3ci zainwestowane pieni\u0105dze, a nawet zdecydowanie zwi\u0119kszy zainteresowanie i sprzeda\u017c produkt\u00f3w sponsora.<\/span><\/h5>\n<\/li>\n<li>\n<h5><span style=\"color: #993300;\">Oferujemy sponsoring sportowy, kt\u00f3ry jako narz\u0119dzie promocji sta\u0142o si\u0119 jednym z najefektywniejszych kana\u0142\u00f3w komunikacji. Jego zalety dostrzeg\u0142y marki nie tylko globalne, ale r\u00f3wnie\u017c krajowe. Sport wychodzi im naprzeciw poprzez szeroki dost\u0119p, stopie\u0144 zaanga\u017cowania i nowe metody dotarcia do konsument\u00f3w.<\/span><\/h5>\n<\/li>\n<li>\n<h5><span style=\"color: #993300;\">Oferujemy rozmaite formy reklamy zar\u00f3wno podczas rozgrywek towarzysz\u0105cym, jak i w mediach czy Internecie. Dysponujemy te\u017c dobr\u0105 wsp\u00f3\u0142prac\u0105 z firm\u0105 tworz\u0105c\u0105 reklamy.<\/span><\/h5>\n<\/li>\n<\/ol>\n<h5><span style=\"color: #993300;\">Nasza firma proponuje 3 mo\u017cliwo\u015bci wsp\u00f3\u0142pracy:<\/span><\/h5>\n<ul>\n<li>\n<h5><span style=\"color: #993300;\"><span style=\"text-decoration: underline;\">Sponsoring pieni\u0119\u017cny<\/span> &#8211; dotyczy sytuacji, gdy wszystkie \u015bwiadczenia ze strony sponsora maj\u0105 charakter pieni\u0119\u017cny.<\/span><\/h5>\n<\/li>\n<li>\n<h5><span style=\"color: #993300;\"><span style=\"text-decoration: underline;\">Sponsoring rzeczowy<\/span> &#8211;\u00a0 wsparcie to, ma charakter przedmiotowy, tzn. sponsor przekazuje naszej firmie okre\u015blone rzeczy.\u00a0 Zazwyczaj z jego asortymentu dzia\u0142alno\u015bci, lub te\u017c wsparcie poprzez zakup nagr\u00f3d rzeczowych.<\/span><\/h5>\n<\/li>\n<li>\n<h5><span style=\"color: #993300;\"><span style=\"text-decoration: underline;\">Sponsoring us\u0142ugowy<\/span> &#8211; wyst\u0119puje w sytuacji, gdy podmiot sponsoruj\u0105cy zapewnia drugiej stronie wykwalifikowany personel, miejsce na imprezy, lub we w\u0142asnym zakresie organizuje i administruje uzgodnione przedsi\u0119wzi\u0119cie<\/span><\/h5>\n<\/li>\n<\/ul>\n<h5><\/h5>\n<h5><\/h5>\n","protected":false},"excerpt":{"rendered":"<p>CHCESZ SI\u0118 ZAREKLAMOWA\u0106? CHCESZ WEJ\u015a\u0106 W \u015aWIAT NASZYCH ROZGRYWEK JAKO SPONSOR? CHCESZ OSI\u0104GN\u0104\u0106 NIESAMOWITE EFEKTY WSP\u00d3\u0141PRACY? MASZ POMYS\u0141 JAK UROZMAICI\u0106 ROZGRYWKI? JE\u017bELI TWOJA ODPOWIED\u0179 BRZMI &#8222;TAK&#8221; TO DOBRZE TRAFI\u0141E\u015a Firma &#8222;\u0141F SPORT EVENT&#8221; zajmuje si\u0119 profesjonaln\u0105 organizacj\u0105 zawod\u00f3w sportowych i doskonale wiemy jak fachowo i na najwy\u017cszym poziomie zorganizowa\u0107 udany, aktywny wypoczynek dla wszystkich uczestnik\u00f3w [&hellip;]<\/p>\n","protected":false},"author":1,"featured_media":0,"parent":0,"menu_order":0,"comment_status":"closed","ping_status":"closed","template":"","meta":[],"_links":{"self":[{"href":"https:\/\/lfsportevents.pl\/openfutsal\/wp-json\/wp\/v2\/pages\/284"}],"collection":[{"href":"https:\/\/lfsportevents.pl\/openfutsal\/wp-json\/wp\/v2\/pages"}],"about":[{"href":"https:\/\/lfsportevents.pl\/openfutsal\/wp-json\/wp\/v2\/types\/page"}],"author":[{"embeddable":true,"href":"https:\/\/lfsportevents.pl\/openfutsal\/wp-json\/wp\/v2\/users\/1"}],"replies":[{"embeddable":true,"href":"https:\/\/lfsportevents.pl\/openfutsal\/wp-json\/wp\/v2\/comments?post=284"}],"version-history":[{"count":2,"href":"https:\/\/lfsportevents.pl\/openfutsal\/wp-json\/wp\/v2\/pages\/284\/revisions"}],"predecessor-version":[{"id":592,"href":"https:\/\/lfsportevents.pl\/openfutsal\/wp-json\/wp\/v2\/pages\/284\/revisions\/592"}],"wp:attachment":[{"href":"https:\/\/lfsportevents.pl\/openfutsal\/wp-json\/wp\/v2\/media?parent=284"}],"curies":[{"name":"wp","href":"https:\/\/api.w.org\/{rel}","templated":true}]}}