{"id":174,"date":"2015-12-20T20:12:19","date_gmt":"2015-12-20T19:12:19","guid":{"rendered":"https:\/\/lfsportevents.pl\/openfutsal\/?page_id=174"},"modified":"2024-11-13T14:11:59","modified_gmt":"2024-11-13T13:11:59","slug":"boiska","status":"publish","type":"page","link":"https:\/\/lfsportevents.pl\/openfutsal\/boiska\/","title":{"rendered":""},"content":{"rendered":"<p style=\"text-align: justify;\">Wszystkie cztery turnieje w ramach Pabud Open Futsal, rozgrywane s\u0105 w najnowocze\u015bniejszych halach sportowych w Powiecie Nowos\u0105deckim. Ka\u017cdy z obiekt\u00f3w jest du\u017c\u0105 pe\u0142nowymiarow\u0105 hal\u0105, przystosowan\u0105 do organizowania zawod\u00f3w w futsalu. Obiekty posiadaj\u0105 pe\u0142ny w\u0119ze\u0142 sanitarno-szatniowy, a tak\u017ce trybuny dla kibic\u00f3w. Przy ka\u017cdej hali znajduj\u0105 si\u0119 r\u00f3wnie\u017c parkingi.<\/p>\n<h1 style=\"text-align: center;\"><strong><span style=\"color: #993300;\">Hala WIDOWISKO &#8211;<\/span><\/strong><strong><span style=\"color: #993300;\">SPORTOWA W \u0141\u0104CKU<\/span><\/strong><\/h1>\n<h1 style=\"text-align: center;\"><span style=\"color: #993300;\"><strong>\u0141\u0104CKO 867, 33-343 rytro<\/strong><\/span><\/h1>\n<p><img loading=\"lazy\" class=\"alignnone wp-image-10728\" src=\"https:\/\/lfsportevents.pl\/openfutsal\/wp-content\/uploads\/2022\/11\/autoxautomAUTOcFDFCFC.jpg\" alt=\"\" width=\"1167\" height=\"576\" srcset=\"https:\/\/lfsportevents.pl\/openfutsal\/wp-content\/uploads\/2022\/11\/autoxautomAUTOcFDFCFC.jpg 800w, https:\/\/lfsportevents.pl\/openfutsal\/wp-content\/uploads\/2022\/11\/autoxautomAUTOcFDFCFC-300x148.jpg 300w, https:\/\/lfsportevents.pl\/openfutsal\/wp-content\/uploads\/2022\/11\/autoxautomAUTOcFDFCFC-768x379.jpg 768w, https:\/\/lfsportevents.pl\/openfutsal\/wp-content\/uploads\/2022\/11\/autoxautomAUTOcFDFCFC-128x63.jpg 128w, https:\/\/lfsportevents.pl\/openfutsal\/wp-content\/uploads\/2022\/11\/autoxautomAUTOcFDFCFC-32x16.jpg 32w, https:\/\/lfsportevents.pl\/openfutsal\/wp-content\/uploads\/2022\/11\/autoxautomAUTOcFDFCFC-250x123.jpg 250w, https:\/\/lfsportevents.pl\/openfutsal\/wp-content\/uploads\/2022\/11\/autoxautomAUTOcFDFCFC-550x272.jpg 550w, https:\/\/lfsportevents.pl\/openfutsal\/wp-content\/uploads\/2022\/11\/autoxautomAUTOcFDFCFC-365x180.jpg 365w, https:\/\/lfsportevents.pl\/openfutsal\/wp-content\/uploads\/2022\/11\/autoxautomAUTOcFDFCFC-608x300.jpg 608w\" sizes=\"(max-width: 1167px) 100vw, 1167px\" \/><\/p>\n<h1 style=\"text-align: center;\"><strong><span style=\"color: #993300;\"><img loading=\"lazy\" class=\"alignnone size-full wp-image-10730\" src=\"https:\/\/lfsportevents.pl\/openfutsal\/wp-content\/uploads\/2022\/11\/315318771_619783259940642_7804776427892441074_n.jpg\" alt=\"\" width=\"2048\" height=\"1153\" srcset=\"https:\/\/lfsportevents.pl\/openfutsal\/wp-content\/uploads\/2022\/11\/315318771_619783259940642_7804776427892441074_n.jpg 2048w, https:\/\/lfsportevents.pl\/openfutsal\/wp-content\/uploads\/2022\/11\/315318771_619783259940642_7804776427892441074_n-300x169.jpg 300w, https:\/\/lfsportevents.pl\/openfutsal\/wp-content\/uploads\/2022\/11\/315318771_619783259940642_7804776427892441074_n-1024x577.jpg 1024w, https:\/\/lfsportevents.pl\/openfutsal\/wp-content\/uploads\/2022\/11\/315318771_619783259940642_7804776427892441074_n-768x432.jpg 768w, https:\/\/lfsportevents.pl\/openfutsal\/wp-content\/uploads\/2022\/11\/315318771_619783259940642_7804776427892441074_n-1536x865.jpg 1536w, https:\/\/lfsportevents.pl\/openfutsal\/wp-content\/uploads\/2022\/11\/315318771_619783259940642_7804776427892441074_n-128x72.jpg 128w, https:\/\/lfsportevents.pl\/openfutsal\/wp-content\/uploads\/2022\/11\/315318771_619783259940642_7804776427892441074_n-32x18.jpg 32w, https:\/\/lfsportevents.pl\/openfutsal\/wp-content\/uploads\/2022\/11\/315318771_619783259940642_7804776427892441074_n-250x141.jpg 250w, https:\/\/lfsportevents.pl\/openfutsal\/wp-content\/uploads\/2022\/11\/315318771_619783259940642_7804776427892441074_n-550x310.jpg 550w, https:\/\/lfsportevents.pl\/openfutsal\/wp-content\/uploads\/2022\/11\/315318771_619783259940642_7804776427892441074_n-800x450.jpg 800w, https:\/\/lfsportevents.pl\/openfutsal\/wp-content\/uploads\/2022\/11\/315318771_619783259940642_7804776427892441074_n-320x180.jpg 320w, https:\/\/lfsportevents.pl\/openfutsal\/wp-content\/uploads\/2022\/11\/315318771_619783259940642_7804776427892441074_n-533x300.jpg 533w, https:\/\/lfsportevents.pl\/openfutsal\/wp-content\/uploads\/2022\/11\/315318771_619783259940642_7804776427892441074_n-888x500.jpg 888w\" sizes=\"(max-width: 2048px) 100vw, 2048px\" \/><\/span><\/strong><\/h1>\n<h1 style=\"text-align: center;\"><strong><span style=\"color: #993300;\">Hala WIDOWISKO &#8211;<\/span><\/strong><strong><span style=\"color: #993300;\">SPORTOWA MOSIR NOWY S\u0104CZ<\/span><\/strong><\/h1>\n<h1 style=\"text-align: center;\"><span style=\"color: #993300;\"><strong>NADBRZE\u017bNA 34, 33-300 NOWY S\u0104CZ<\/strong><\/span><\/h1>\n<p><img loading=\"lazy\" class=\"alignnone size-full wp-image-12577\" src=\"https:\/\/lfsportevents.pl\/openfutsal\/wp-content\/uploads\/2024\/11\/1571001923.1373.png\" alt=\"\" width=\"1200\" height=\"800\" srcset=\"https:\/\/lfsportevents.pl\/openfutsal\/wp-content\/uploads\/2024\/11\/1571001923.1373.png 1200w, https:\/\/lfsportevents.pl\/openfutsal\/wp-content\/uploads\/2024\/11\/1571001923.1373-300x200.png 300w, https:\/\/lfsportevents.pl\/openfutsal\/wp-content\/uploads\/2024\/11\/1571001923.1373-1024x683.png 1024w, https:\/\/lfsportevents.pl\/openfutsal\/wp-content\/uploads\/2024\/11\/1571001923.1373-768x512.png 768w, https:\/\/lfsportevents.pl\/openfutsal\/wp-content\/uploads\/2024\/11\/1571001923.1373-128x85.png 128w, https:\/\/lfsportevents.pl\/openfutsal\/wp-content\/uploads\/2024\/11\/1571001923.1373-32x21.png 32w, https:\/\/lfsportevents.pl\/openfutsal\/wp-content\/uploads\/2024\/11\/1571001923.1373-250x167.png 250w, https:\/\/lfsportevents.pl\/openfutsal\/wp-content\/uploads\/2024\/11\/1571001923.1373-550x367.png 550w, https:\/\/lfsportevents.pl\/openfutsal\/wp-content\/uploads\/2024\/11\/1571001923.1373-800x533.png 800w, https:\/\/lfsportevents.pl\/openfutsal\/wp-content\/uploads\/2024\/11\/1571001923.1373-270x180.png 270w, https:\/\/lfsportevents.pl\/openfutsal\/wp-content\/uploads\/2024\/11\/1571001923.1373-450x300.png 450w, https:\/\/lfsportevents.pl\/openfutsal\/wp-content\/uploads\/2024\/11\/1571001923.1373-750x500.png 750w\" sizes=\"(max-width: 1200px) 100vw, 1200px\" \/><\/p>\n<h1 style=\"text-align: center;\"><strong><span style=\"color: #993300;\">Hala WIDOWISKO &#8211;<\/span><\/strong><strong><span style=\"color: #993300;\">SPORTOWA W KORZENNEJ<\/span><\/strong><\/h1>\n<h1 style=\"text-align: center;\"><span style=\"color: #993300;\"><strong>KORZENNA 324, 33-322 kORZENNA<\/strong><\/span><\/h1>\n<p><img loading=\"lazy\" class=\"alignnone size-full wp-image-10727\" src=\"https:\/\/lfsportevents.pl\/openfutsal\/wp-content\/uploads\/2022\/11\/DSC_0006.jpg\" alt=\"\" width=\"1200\" height=\"800\" srcset=\"https:\/\/lfsportevents.pl\/openfutsal\/wp-content\/uploads\/2022\/11\/DSC_0006.jpg 1200w, https:\/\/lfsportevents.pl\/openfutsal\/wp-content\/uploads\/2022\/11\/DSC_0006-300x200.jpg 300w, https:\/\/lfsportevents.pl\/openfutsal\/wp-content\/uploads\/2022\/11\/DSC_0006-1024x683.jpg 1024w, https:\/\/lfsportevents.pl\/openfutsal\/wp-content\/uploads\/2022\/11\/DSC_0006-768x512.jpg 768w, https:\/\/lfsportevents.pl\/openfutsal\/wp-content\/uploads\/2022\/11\/DSC_0006-128x85.jpg 128w, https:\/\/lfsportevents.pl\/openfutsal\/wp-content\/uploads\/2022\/11\/DSC_0006-32x21.jpg 32w, https:\/\/lfsportevents.pl\/openfutsal\/wp-content\/uploads\/2022\/11\/DSC_0006-250x167.jpg 250w, https:\/\/lfsportevents.pl\/openfutsal\/wp-content\/uploads\/2022\/11\/DSC_0006-550x367.jpg 550w, https:\/\/lfsportevents.pl\/openfutsal\/wp-content\/uploads\/2022\/11\/DSC_0006-800x533.jpg 800w, https:\/\/lfsportevents.pl\/openfutsal\/wp-content\/uploads\/2022\/11\/DSC_0006-270x180.jpg 270w, https:\/\/lfsportevents.pl\/openfutsal\/wp-content\/uploads\/2022\/11\/DSC_0006-450x300.jpg 450w, https:\/\/lfsportevents.pl\/openfutsal\/wp-content\/uploads\/2022\/11\/DSC_0006-750x500.jpg 750w\" sizes=\"(max-width: 1200px) 100vw, 1200px\" \/><\/p>\n<p><img loading=\"lazy\" class=\"alignnone wp-image-10725\" src=\"https:\/\/lfsportevents.pl\/openfutsal\/wp-content\/uploads\/2022\/11\/IMAG3063.jpg\" alt=\"\" width=\"1172\" height=\"659\" srcset=\"https:\/\/lfsportevents.pl\/openfutsal\/wp-content\/uploads\/2022\/11\/IMAG3063.jpg 1024w, https:\/\/lfsportevents.pl\/openfutsal\/wp-content\/uploads\/2022\/11\/IMAG3063-300x169.jpg 300w, https:\/\/lfsportevents.pl\/openfutsal\/wp-content\/uploads\/2022\/11\/IMAG3063-768x432.jpg 768w, https:\/\/lfsportevents.pl\/openfutsal\/wp-content\/uploads\/2022\/11\/IMAG3063-128x72.jpg 128w, https:\/\/lfsportevents.pl\/openfutsal\/wp-content\/uploads\/2022\/11\/IMAG3063-32x18.jpg 32w, https:\/\/lfsportevents.pl\/openfutsal\/wp-content\/uploads\/2022\/11\/IMAG3063-250x141.jpg 250w, https:\/\/lfsportevents.pl\/openfutsal\/wp-content\/uploads\/2022\/11\/IMAG3063-550x309.jpg 550w, https:\/\/lfsportevents.pl\/openfutsal\/wp-content\/uploads\/2022\/11\/IMAG3063-800x450.jpg 800w, https:\/\/lfsportevents.pl\/openfutsal\/wp-content\/uploads\/2022\/11\/IMAG3063-320x180.jpg 320w, https:\/\/lfsportevents.pl\/openfutsal\/wp-content\/uploads\/2022\/11\/IMAG3063-533x300.jpg 533w, https:\/\/lfsportevents.pl\/openfutsal\/wp-content\/uploads\/2022\/11\/IMAG3063-889x500.jpg 889w\" sizes=\"(max-width: 1172px) 100vw, 1172px\" \/><\/p>\n<h1 style=\"text-align: center;\"><strong><span style=\"color: #993300;\">Hala WIDOWISKO &#8211;<\/span><\/strong><strong><span style=\"color: #993300;\">SPORTOWA W BRZEZNEJ<\/span><\/strong><\/h1>\n<h1 style=\"text-align: center;\"><span style=\"color: #993300;\"><strong>BRZEZNA 447, 33-386 PODEGRODZIE<\/strong><\/span><\/h1>\n<p><img loading=\"lazy\" class=\"alignnone size-full wp-image-10722\" src=\"https:\/\/lfsportevents.pl\/openfutsal\/wp-content\/uploads\/2022\/11\/Brzezna_-_hala_sportowa.jpg\" alt=\"\" width=\"2045\" height=\"1215\" srcset=\"https:\/\/lfsportevents.pl\/openfutsal\/wp-content\/uploads\/2022\/11\/Brzezna_-_hala_sportowa.jpg 2045w, https:\/\/lfsportevents.pl\/openfutsal\/wp-content\/uploads\/2022\/11\/Brzezna_-_hala_sportowa-300x178.jpg 300w, https:\/\/lfsportevents.pl\/openfutsal\/wp-content\/uploads\/2022\/11\/Brzezna_-_hala_sportowa-1024x608.jpg 1024w, https:\/\/lfsportevents.pl\/openfutsal\/wp-content\/uploads\/2022\/11\/Brzezna_-_hala_sportowa-768x456.jpg 768w, https:\/\/lfsportevents.pl\/openfutsal\/wp-content\/uploads\/2022\/11\/Brzezna_-_hala_sportowa-1536x913.jpg 1536w, https:\/\/lfsportevents.pl\/openfutsal\/wp-content\/uploads\/2022\/11\/Brzezna_-_hala_sportowa-128x76.jpg 128w, https:\/\/lfsportevents.pl\/openfutsal\/wp-content\/uploads\/2022\/11\/Brzezna_-_hala_sportowa-32x19.jpg 32w, https:\/\/lfsportevents.pl\/openfutsal\/wp-content\/uploads\/2022\/11\/Brzezna_-_hala_sportowa-250x149.jpg 250w, https:\/\/lfsportevents.pl\/openfutsal\/wp-content\/uploads\/2022\/11\/Brzezna_-_hala_sportowa-550x327.jpg 550w, https:\/\/lfsportevents.pl\/openfutsal\/wp-content\/uploads\/2022\/11\/Brzezna_-_hala_sportowa-800x475.jpg 800w, https:\/\/lfsportevents.pl\/openfutsal\/wp-content\/uploads\/2022\/11\/Brzezna_-_hala_sportowa-303x180.jpg 303w, https:\/\/lfsportevents.pl\/openfutsal\/wp-content\/uploads\/2022\/11\/Brzezna_-_hala_sportowa-505x300.jpg 505w, https:\/\/lfsportevents.pl\/openfutsal\/wp-content\/uploads\/2022\/11\/Brzezna_-_hala_sportowa-842x500.jpg 842w\" sizes=\"(max-width: 2045px) 100vw, 2045px\" \/><\/p>\n<p><img loading=\"lazy\" class=\"alignnone size-full wp-image-10724\" src=\"https:\/\/lfsportevents.pl\/openfutsal\/wp-content\/uploads\/2022\/11\/134244_493016710740027_570380541_o.jpg\" alt=\"\" width=\"2048\" height=\"1371\" srcset=\"https:\/\/lfsportevents.pl\/openfutsal\/wp-content\/uploads\/2022\/11\/134244_493016710740027_570380541_o.jpg 2048w, https:\/\/lfsportevents.pl\/openfutsal\/wp-content\/uploads\/2022\/11\/134244_493016710740027_570380541_o-300x201.jpg 300w, https:\/\/lfsportevents.pl\/openfutsal\/wp-content\/uploads\/2022\/11\/134244_493016710740027_570380541_o-1024x686.jpg 1024w, https:\/\/lfsportevents.pl\/openfutsal\/wp-content\/uploads\/2022\/11\/134244_493016710740027_570380541_o-768x514.jpg 768w, https:\/\/lfsportevents.pl\/openfutsal\/wp-content\/uploads\/2022\/11\/134244_493016710740027_570380541_o-1536x1028.jpg 1536w, https:\/\/lfsportevents.pl\/openfutsal\/wp-content\/uploads\/2022\/11\/134244_493016710740027_570380541_o-128x86.jpg 128w, https:\/\/lfsportevents.pl\/openfutsal\/wp-content\/uploads\/2022\/11\/134244_493016710740027_570380541_o-32x21.jpg 32w, https:\/\/lfsportevents.pl\/openfutsal\/wp-content\/uploads\/2022\/11\/134244_493016710740027_570380541_o-250x167.jpg 250w, https:\/\/lfsportevents.pl\/openfutsal\/wp-content\/uploads\/2022\/11\/134244_493016710740027_570380541_o-550x368.jpg 550w, https:\/\/lfsportevents.pl\/openfutsal\/wp-content\/uploads\/2022\/11\/134244_493016710740027_570380541_o-800x536.jpg 800w, https:\/\/lfsportevents.pl\/openfutsal\/wp-content\/uploads\/2022\/11\/134244_493016710740027_570380541_o-269x180.jpg 269w, https:\/\/lfsportevents.pl\/openfutsal\/wp-content\/uploads\/2022\/11\/134244_493016710740027_570380541_o-448x300.jpg 448w, https:\/\/lfsportevents.pl\/openfutsal\/wp-content\/uploads\/2022\/11\/134244_493016710740027_570380541_o-747x500.jpg 747w\" sizes=\"(max-width: 2048px) 100vw, 2048px\" \/><\/p>\n<p>&nbsp;<\/p>\n<p>&nbsp;<\/p>\n<h1 style=\"text-align: center;\"><\/h1>\n<p>&nbsp;<\/p>\n","protected":false},"excerpt":{"rendered":"<p>Wszystkie cztery turnieje w ramach Pabud Open Futsal, rozgrywane s\u0105 w najnowocze\u015bniejszych halach sportowych w Powiecie Nowos\u0105deckim. Ka\u017cdy z obiekt\u00f3w jest du\u017c\u0105 pe\u0142nowymiarow\u0105 hal\u0105, przystosowan\u0105 do organizowania zawod\u00f3w w futsalu. Obiekty posiadaj\u0105 pe\u0142ny w\u0119ze\u0142 sanitarno-szatniowy, a tak\u017ce trybuny dla kibic\u00f3w. Przy ka\u017cdej hali znajduj\u0105 si\u0119 r\u00f3wnie\u017c parkingi. Hala WIDOWISKO &#8211;SPORTOWA W \u0141\u0104CKU \u0141\u0104CKO 867, 33-343 [&hellip;]<\/p>\n","protected":false},"author":1,"featured_media":0,"parent":0,"menu_order":0,"comment_status":"closed","ping_status":"closed","template":"","meta":[],"_links":{"self":[{"href":"https:\/\/lfsportevents.pl\/openfutsal\/wp-json\/wp\/v2\/pages\/174"}],"collection":[{"href":"https:\/\/lfsportevents.pl\/openfutsal\/wp-json\/wp\/v2\/pages"}],"about":[{"href":"https:\/\/lfsportevents.pl\/openfutsal\/wp-json\/wp\/v2\/types\/page"}],"author":[{"embeddable":true,"href":"https:\/\/lfsportevents.pl\/openfutsal\/wp-json\/wp\/v2\/users\/1"}],"replies":[{"embeddable":true,"href":"https:\/\/lfsportevents.pl\/openfutsal\/wp-json\/wp\/v2\/comments?post=174"}],"version-history":[{"count":3,"href":"https:\/\/lfsportevents.pl\/openfutsal\/wp-json\/wp\/v2\/pages\/174\/revisions"}],"predecessor-version":[{"id":12579,"href":"https:\/\/lfsportevents.pl\/openfutsal\/wp-json\/wp\/v2\/pages\/174\/revisions\/12579"}],"wp:attachment":[{"href":"https:\/\/lfsportevents.pl\/openfutsal\/wp-json\/wp\/v2\/media?parent=174"}],"curies":[{"name":"wp","href":"https:\/\/api.w.org\/{rel}","templated":true}]}}