{"id":161,"date":"2015-12-20T17:42:50","date_gmt":"2015-12-20T16:42:50","guid":{"rendered":"https:\/\/lfsportevents.pl\/openfutsal\/?page_id=161"},"modified":"2025-11-04T18:29:09","modified_gmt":"2025-11-04T17:29:09","slug":"o-lidze","status":"publish","type":"page","link":"https:\/\/lfsportevents.pl\/openfutsal\/o-lidze\/","title":{"rendered":"O TURNIEJU"},"content":{"rendered":"<p style=\"text-align: justify;\">\u00a0 \u00a0 \u00a0 \u00a0 <img loading=\"lazy\" class=\"alignnone size-full wp-image-12897\" src=\"https:\/\/lfsportevents.pl\/openfutsal\/wp-content\/uploads\/2025\/11\/Jesienny.jpg\" alt=\"\" width=\"2000\" height=\"1423\" srcset=\"https:\/\/lfsportevents.pl\/openfutsal\/wp-content\/uploads\/2025\/11\/Jesienny.jpg 2000w, https:\/\/lfsportevents.pl\/openfutsal\/wp-content\/uploads\/2025\/11\/Jesienny-300x213.jpg 300w, https:\/\/lfsportevents.pl\/openfutsal\/wp-content\/uploads\/2025\/11\/Jesienny-1024x729.jpg 1024w, https:\/\/lfsportevents.pl\/openfutsal\/wp-content\/uploads\/2025\/11\/Jesienny-768x546.jpg 768w, https:\/\/lfsportevents.pl\/openfutsal\/wp-content\/uploads\/2025\/11\/Jesienny-1536x1093.jpg 1536w, https:\/\/lfsportevents.pl\/openfutsal\/wp-content\/uploads\/2025\/11\/Jesienny-128x91.jpg 128w, https:\/\/lfsportevents.pl\/openfutsal\/wp-content\/uploads\/2025\/11\/Jesienny-32x23.jpg 32w, https:\/\/lfsportevents.pl\/openfutsal\/wp-content\/uploads\/2025\/11\/Jesienny-250x178.jpg 250w, https:\/\/lfsportevents.pl\/openfutsal\/wp-content\/uploads\/2025\/11\/Jesienny-550x391.jpg 550w, https:\/\/lfsportevents.pl\/openfutsal\/wp-content\/uploads\/2025\/11\/Jesienny-800x569.jpg 800w, https:\/\/lfsportevents.pl\/openfutsal\/wp-content\/uploads\/2025\/11\/Jesienny-253x180.jpg 253w, https:\/\/lfsportevents.pl\/openfutsal\/wp-content\/uploads\/2025\/11\/Jesienny-422x300.jpg 422w, https:\/\/lfsportevents.pl\/openfutsal\/wp-content\/uploads\/2025\/11\/Jesienny-703x500.jpg 703w, https:\/\/lfsportevents.pl\/openfutsal\/wp-content\/uploads\/2025\/11\/Jesienny-210x150.jpg 210w, https:\/\/lfsportevents.pl\/openfutsal\/wp-content\/uploads\/2025\/11\/Jesienny-400x285.jpg 400w\" sizes=\"(max-width: 2000px) 100vw, 2000px\" \/><\/p>\n<p style=\"text-align: justify;\">Historia rozgrywek rozpocz\u0119\u0142a si\u0119 w 2016 roku, kiedy to od sezonu 2016\/17 do 2019\/20 prowadzili\u015bmy j\u0105 pod nazw\u0105 Grand Prix Nowego S\u0105cza. Przez kolejne dwa lata, pandemia skutecznie uniemo\u017cliwi\u0142a nam kontynuacj\u0119 rozgrywek. Od sezonu 2022\/23 zapisujemy ju\u017c now\u0105 kart\u0119 tej organizacji pod inn\u0105 nazw\u0105. Dzi\u0119ki pozyskaniu sponsora tytularnego, rozgrywki na kolejne trzy sezony, b\u0119d\u0105 nosi\u0107 nazw\u0119 Pabud Open Futsal. Zmianie ulegnie nie tylko nazwa, ale chcemy poszerzy\u0107 i rozbudowa\u0107 ofert\u0119, tak by jeszcze ulepszy\u0107 wcze\u015bniejsze rozgrywki.<\/p>\n<p style=\"text-align: justify;\">\u00a0 \u00a0 \u00a0 Firma\u00a0<span style=\"color: #993300;\"><strong>\u0141F SPORT EVENTS<\/strong><\/span> pragnie serdecznie zaprosi\u0107 na<span style=\"color: #993300;\">\u00a0<strong>PABUD OPEN FUTSAL<\/strong><\/span>. Gwarantujemy najwy\u017cszy poziom organizacyjny, kulturalny, emocjonalny i sportowy. Wspomniane wydarzenie, to cztery pojedyncze turnieje (Jesienny, Miko\u0142ajkowy, Noworoczny oraz Walentynkowy) kt\u00f3ra s\u0105 klasyfikacyjne. Mo\u017cna wzi\u0105\u0107 udzia\u0142 w pojedynczym turnieju, lub we wszystkich. To Wam dajemy mo\u017cliwo\u015b\u0107 wyboru, na ilu turniejach chcecie zagra\u0107. Ka\u017cda z imprez ma sw\u00f3j ranking punkt\u00f3w, kt\u00f3re s\u0105 zbierane po ka\u017cdym turnieju i klasyfikowane. Na ka\u017cdym z w\/w turniej\u00f3w, dla 3 najlepszych dru\u017cyn przewidujemy nagrody w formie puchar\u00f3w i dyplom\u00f3w oraz dyplomy dla ka\u017cdej z dru\u017cyn. Nagrodzimy r\u00f3wnie\u017c MVP czyli najlepszego zawodnika. Ponad to, trzy dru\u017cyny kt\u00f3re zbior\u0105 najwi\u0119cej punkt\u00f3w na koniec ostatniego turnieju, dostan\u0105 dodatkowo nagrody klasyfikacyjne za 1,2 i 3 miejsce oraz nagrody indywidualne (najlepszy strzelec, asystent, kanadyjczyk, obro\u0144ca i bramkarz). Aby stan\u0105\u0107 na podium klasyfikacji \u0142\u0105cznej, trzeba zdobywa\u0107 punkty za poszczeg\u00f3lne miejsca w danych turniejach. Im wy\u017csze miejsce, tym wi\u0119cej punkt\u00f3w do rankingu. Im wi\u0119cej dru\u017cyn znajduje si\u0119 w turnieju, tym wi\u0119cej punkt\u00f3w zdobywa si\u0119 do Rankingu. Poni\u017cej przyk\u0142ad punktacji dla 32 zespo\u0142\u00f3w. O ilo\u015bci dopisanych punkt\u00f3w to tabeli z ka\u017cdego turnieju, decyduje ilo\u015b\u0107 zapisanych dru\u017cyn. <img loading=\"lazy\" class=\"alignnone size-full wp-image-12787\" src=\"https:\/\/lfsportevents.pl\/openfutsal\/wp-content\/uploads\/2024\/12\/Punkty-Ranking-Klasyfikacyjny.png\" alt=\"\" width=\"1125\" height=\"679\" srcset=\"https:\/\/lfsportevents.pl\/openfutsal\/wp-content\/uploads\/2024\/12\/Punkty-Ranking-Klasyfikacyjny.png 1125w, https:\/\/lfsportevents.pl\/openfutsal\/wp-content\/uploads\/2024\/12\/Punkty-Ranking-Klasyfikacyjny-300x181.png 300w, https:\/\/lfsportevents.pl\/openfutsal\/wp-content\/uploads\/2024\/12\/Punkty-Ranking-Klasyfikacyjny-1024x618.png 1024w, https:\/\/lfsportevents.pl\/openfutsal\/wp-content\/uploads\/2024\/12\/Punkty-Ranking-Klasyfikacyjny-768x464.png 768w, https:\/\/lfsportevents.pl\/openfutsal\/wp-content\/uploads\/2024\/12\/Punkty-Ranking-Klasyfikacyjny-128x77.png 128w, https:\/\/lfsportevents.pl\/openfutsal\/wp-content\/uploads\/2024\/12\/Punkty-Ranking-Klasyfikacyjny-32x19.png 32w, https:\/\/lfsportevents.pl\/openfutsal\/wp-content\/uploads\/2024\/12\/Punkty-Ranking-Klasyfikacyjny-250x151.png 250w, https:\/\/lfsportevents.pl\/openfutsal\/wp-content\/uploads\/2024\/12\/Punkty-Ranking-Klasyfikacyjny-550x332.png 550w, https:\/\/lfsportevents.pl\/openfutsal\/wp-content\/uploads\/2024\/12\/Punkty-Ranking-Klasyfikacyjny-800x483.png 800w, https:\/\/lfsportevents.pl\/openfutsal\/wp-content\/uploads\/2024\/12\/Punkty-Ranking-Klasyfikacyjny-298x180.png 298w, https:\/\/lfsportevents.pl\/openfutsal\/wp-content\/uploads\/2024\/12\/Punkty-Ranking-Klasyfikacyjny-497x300.png 497w, https:\/\/lfsportevents.pl\/openfutsal\/wp-content\/uploads\/2024\/12\/Punkty-Ranking-Klasyfikacyjny-828x500.png 828w\" sizes=\"(max-width: 1125px) 100vw, 1125px\" \/><\/p>\n<p>&nbsp;<\/p>\n<h1 style=\"text-align: justify;\"><span style=\"color: #993300;\"><strong>CELe:<\/strong><\/span><\/h1>\n<p><strong><img loading=\"lazy\" class=\"wp-image-461 alignleft\" src=\"https:\/\/lfsportevents.pl\/openfutsal\/wp-content\/uploads\/2015\/12\/cel.jpg\" alt=\"cel\" width=\"392\" height=\"219\" srcset=\"https:\/\/lfsportevents.pl\/openfutsal\/wp-content\/uploads\/2015\/12\/cel.jpg 300w, https:\/\/lfsportevents.pl\/openfutsal\/wp-content\/uploads\/2015\/12\/cel-128x72.jpg 128w, https:\/\/lfsportevents.pl\/openfutsal\/wp-content\/uploads\/2015\/12\/cel-32x18.jpg 32w\" sizes=\"(max-width: 392px) 100vw, 392px\" \/><\/strong><\/p>\n<ul>\n<li>Wy\u0142onienie Mistrza Pabud Open Futsal w sezonie 2025\/6<\/li>\n<li>Stwarzanie odpowiednich warunk\u00f3w dla rozwoju sportu amatorskiego i wyczynowego, ze szczeg\u00f3lnym uwzgl\u0119dnieniem pi\u0142ki no\u017cnej.<\/li>\n<li>Kszta\u0142towanie postaw prozdrowotnych oraz profilaktyka zdrowego trybu \u017cycia<\/li>\n<li>Promocja medialna firm i instytucji uczestnicz\u0105cych w wydarzeniu<\/li>\n<li>Integracja m\u0142odzie\u017cy i doros\u0142ych z terenu Powiatu Nowos\u0105deckiego<\/li>\n<li>Profilaktyka zdrowego trybu \u017cycia.<\/li>\n<li>Mo\u017cliwo\u015bci aktywnego uczestnictwa w meczach<\/li>\n<li>Zagospodarowanie wolnego czasu.<\/li>\n<li>Odci\u0105gni\u0119cie od z\u0142ych nawyk\u00f3w patologicznych poprzez sport.<\/li>\n<li>Kszta\u0142towanie umiej\u0119tno\u015bci przestrzegania zasad fair play.<\/li>\n<li>Uprawianie sportu na wysokim poziomie.<\/li>\n<li>Pokazanie w jaki spos\u00f3b organizowa\u0107 si\u0119 jako dru\u017cyna, jako kolektyw.<\/li>\n<\/ul>\n<h1 style=\"text-align: justify;\"><span style=\"color: #993300;\"><strong>JAK GRAMY?<\/strong><\/span><\/h1>\n<p style=\"text-align: justify;\">\u00a0\u00a0\u00a0\u00a0\u00a0\u00a0\u00a0 <img loading=\"lazy\" class=\" wp-image-5018 alignright\" src=\"https:\/\/lfsportevents.pl\/openfutsal\/wp-content\/uploads\/2016\/10\/mecz-500x333.jpg\" alt=\"gbdfsgber\" width=\"423\" height=\"282\" \/>Ca\u0142y regulamin rozgrywek znajduje si\u0119 na naszej stronie w zak\u0142adce &#8222;Regulamin&#8221;. By dru\u017cyna mog\u0142a si\u0119 zg\u0142osi\u0107, musi posiada\u0107 przynajmniej 5 graczy w tym (4 w polu + 1 bramkarz) Jednak\u017ce zwa\u017cywszy na du\u017c\u0105 ilo\u015b\u0107 meczy, warto mie\u0107 w swoim zespole zmiennik\u00f3w. W ka\u017cdej dru\u017cynie mo\u017cna zapisa\u0107 maksymalnie 18 os\u00f3b. <span style=\"color: #993300;\">Najwa\u017cniejszym punktem regulaminu jest to, \u017ce wszystkie turnieje rozgrywane s\u0105 w kategorii OPEN, bez limitu zawodnik\u00f3w czynnych.\u00a0<\/span><\/p>\n<p>&nbsp;<\/p>\n<h1><strong><span style=\"color: #993300;\">GDZIE GR<\/span><\/strong><span style=\"color: #993300;\"><strong>AMY?\u00a0<\/strong><\/span><\/h1>\n<p><img loading=\"lazy\" class=\"wp-image-10238 alignright\" src=\"https:\/\/lfsportevents.pl\/openfutsal\/wp-content\/uploads\/2020\/01\/Hala-sportowa-rytro.jpg\" alt=\"\" width=\"335\" height=\"223\" srcset=\"https:\/\/lfsportevents.pl\/openfutsal\/wp-content\/uploads\/2020\/01\/Hala-sportowa-rytro.jpg 1000w, https:\/\/lfsportevents.pl\/openfutsal\/wp-content\/uploads\/2020\/01\/Hala-sportowa-rytro-300x200.jpg 300w, https:\/\/lfsportevents.pl\/openfutsal\/wp-content\/uploads\/2020\/01\/Hala-sportowa-rytro-768x511.jpg 768w, https:\/\/lfsportevents.pl\/openfutsal\/wp-content\/uploads\/2020\/01\/Hala-sportowa-rytro-128x85.jpg 128w, https:\/\/lfsportevents.pl\/openfutsal\/wp-content\/uploads\/2020\/01\/Hala-sportowa-rytro-32x21.jpg 32w, https:\/\/lfsportevents.pl\/openfutsal\/wp-content\/uploads\/2020\/01\/Hala-sportowa-rytro-250x167.jpg 250w, https:\/\/lfsportevents.pl\/openfutsal\/wp-content\/uploads\/2020\/01\/Hala-sportowa-rytro-550x366.jpg 550w, https:\/\/lfsportevents.pl\/openfutsal\/wp-content\/uploads\/2020\/01\/Hala-sportowa-rytro-800x533.jpg 800w, https:\/\/lfsportevents.pl\/openfutsal\/wp-content\/uploads\/2020\/01\/Hala-sportowa-rytro-270x180.jpg 270w, https:\/\/lfsportevents.pl\/openfutsal\/wp-content\/uploads\/2020\/01\/Hala-sportowa-rytro-450x300.jpg 450w, https:\/\/lfsportevents.pl\/openfutsal\/wp-content\/uploads\/2020\/01\/Hala-sportowa-rytro-751x500.jpg 751w\" sizes=\"(max-width: 335px) 100vw, 335px\" \/><\/p>\n<ul>\n<li style=\"text-align: left;\"><strong><span style=\"color: #993300;\">23.11.2025<\/span><\/strong>\u00a0r. &#8211; Turniej Jesienny &#8211; Hala Sportowa w \u0141\u0105cku<\/li>\n<li style=\"text-align: left;\"><strong><span style=\"color: #993300;\">21.12.2025<\/span><\/strong>\u00a0r. &#8211; Turniej \u015awi\u0105teczny &#8211; Hala Sportowa MOSiR w Nowym S\u0105czu<\/li>\n<li style=\"text-align: left;\"><strong><span style=\"color: #993300;\">11.01.2026<\/span><\/strong>\u00a0r. &#8211; Turniej Noworoczny &#8211; Hala Sportowa w Korzennej<\/li>\n<li style=\"text-align: left;\"><strong><span style=\"color: #993300;\">01.02.2026<\/span><\/strong>\u00a0r. &#8211; Turniej Walentynkowy &#8211; Hala Sportowa w Brzeznej<\/li>\n<\/ul>\n<h1><span style=\"color: #993300;\"><strong>CO MO\u017bNA WYGRA\u0106 ?<\/strong><\/span><\/h1>\n<p style=\"text-align: justify;\">\u00a0 \u00a0 \u00a0 \u00a0<span style=\"color: #993300;\"> <b>PABUD OPEN FUTSAL<\/b><\/span> to wspania\u0142e nagrody. Na ka\u017cdym turnieju (Jesienny, Miko\u0142ajkowy, Noworoczny, Walentynkowy) przewidujemy nagrody w postaci Puchar\u00f3w i dyplom\u00f3w dla pierwszych trzech dru\u017cyn oraz wyb\u00f3r najlepszego zawodnika turnieju, MVP.<\/p>\n<p><img loading=\"lazy\" class=\"wp-image-5096 alignright\" src=\"https:\/\/lfsportevents.pl\/openfutsal\/wp-content\/uploads\/2015\/12\/wygrana.jpg\" alt=\"Generated by IJG JPEG Library\" width=\"263\" height=\"180\" \/><\/p>\n<p style=\"text-align: justify;\"><strong>\u00a0 \u00a0 \u00a0 \u00a0 \u00a0<\/strong>Dodatkowo prowadzimy Ranking Klasyfikacyjny po ka\u017cdym turnieju. Trzy najlepsze dru\u017cyny w Rankingu za klasyfikacj\u0119 \u0142\u0105czn\u0105, otrzymaj\u0105 puchary, medale, dyplomy, zdj\u0119cie dru\u017cyny oraz nagrod\u0119 finansow\u0105 (1 miejsce &#8211; 1500 z\u0142, 2 miejsce &#8211; 1000 z\u0142, 3 miejsce &#8211; 500 z\u0142).\u00a0 Ponad to nagrodzimy statuetkami oraz dyplomami zawodnik\u00f3w za ich postaw\u0119 indywidualn\u0105. Wybierzemy najlepszego: Strzelca, asystenta, kanadyjczyka, obro\u0144c\u0119 oraz bramkarza.<\/p>\n<p>&nbsp;<\/p>\n<p>&nbsp;<\/p>\n<h1><img loading=\"lazy\" class=\"wp-image-459 alignright\" src=\"https:\/\/lfsportevents.pl\/openfutsal\/wp-content\/uploads\/2015\/12\/200.jpg\" alt=\"200 PLN Notes\" width=\"318\" height=\"212\" srcset=\"https:\/\/lfsportevents.pl\/openfutsal\/wp-content\/uploads\/2015\/12\/200.jpg 1688w, https:\/\/lfsportevents.pl\/openfutsal\/wp-content\/uploads\/2015\/12\/200-300x200.jpg 300w, https:\/\/lfsportevents.pl\/openfutsal\/wp-content\/uploads\/2015\/12\/200-768x512.jpg 768w, https:\/\/lfsportevents.pl\/openfutsal\/wp-content\/uploads\/2015\/12\/200-1024x682.jpg 1024w, https:\/\/lfsportevents.pl\/openfutsal\/wp-content\/uploads\/2015\/12\/200-128x85.jpg 128w, https:\/\/lfsportevents.pl\/openfutsal\/wp-content\/uploads\/2015\/12\/200-32x21.jpg 32w\" sizes=\"(max-width: 318px) 100vw, 318px\" \/><span style=\"color: #993300;\"><strong>KOSZTY UDZIA\u0141U ?<\/strong><\/span><\/h1>\n<p>Ka\u017cdy turniej to <strong><span style=\"color: #993300;\">400 z\u0142<\/span><\/strong> lub w pakietach jak poni\u017cej:<\/p>\n<p>1 Turniej = 400 z\u0142<br \/>\n2 Turnieje = 800z\u0142<br \/>\n3 Turnieje = 1200 z\u0142<br \/>\n4 Turnieje = 1600 z\u0142<\/p>\n<p>Mo\u017cliwo\u015b\u0107 wykupienia dowolnej ilo\u015bci turniej\u00f3w (od 1 do 4). Wykupienie wszystkich turniej\u00f3w i zap\u0142ata z g\u00f3ry, to gwarancja na to, i\u017c w \u017cadnej z tych imprez nie braknie dla danej dru\u017cyny miejsca, a ilo\u015b\u0107 miejsc na ka\u017cd\u0105 eliminacje jest ograniczona<\/p>\n<p style=\"text-align: justify;\">Wystawiamy faktury<\/p>\n<p>&nbsp;<\/p>\n<p>&nbsp;<\/p>\n<p>&nbsp;<\/p>\n<p>&nbsp;<\/p>\n","protected":false},"excerpt":{"rendered":"<p>\u00a0 \u00a0 \u00a0 \u00a0 Historia rozgrywek rozpocz\u0119\u0142a si\u0119 w 2016 roku, kiedy to od sezonu 2016\/17 do 2019\/20 prowadzili\u015bmy j\u0105 pod nazw\u0105 Grand Prix Nowego S\u0105cza. Przez kolejne dwa lata, pandemia skutecznie uniemo\u017cliwi\u0142a nam kontynuacj\u0119 rozgrywek. Od sezonu 2022\/23 zapisujemy ju\u017c now\u0105 kart\u0119 tej organizacji pod inn\u0105 nazw\u0105. Dzi\u0119ki pozyskaniu sponsora tytularnego, rozgrywki na kolejne [&hellip;]<\/p>\n","protected":false},"author":1,"featured_media":0,"parent":0,"menu_order":0,"comment_status":"closed","ping_status":"closed","template":"","meta":[],"_links":{"self":[{"href":"https:\/\/lfsportevents.pl\/openfutsal\/wp-json\/wp\/v2\/pages\/161"}],"collection":[{"href":"https:\/\/lfsportevents.pl\/openfutsal\/wp-json\/wp\/v2\/pages"}],"about":[{"href":"https:\/\/lfsportevents.pl\/openfutsal\/wp-json\/wp\/v2\/types\/page"}],"author":[{"embeddable":true,"href":"https:\/\/lfsportevents.pl\/openfutsal\/wp-json\/wp\/v2\/users\/1"}],"replies":[{"embeddable":true,"href":"https:\/\/lfsportevents.pl\/openfutsal\/wp-json\/wp\/v2\/comments?post=161"}],"version-history":[{"count":2,"href":"https:\/\/lfsportevents.pl\/openfutsal\/wp-json\/wp\/v2\/pages\/161\/revisions"}],"predecessor-version":[{"id":12899,"href":"https:\/\/lfsportevents.pl\/openfutsal\/wp-json\/wp\/v2\/pages\/161\/revisions\/12899"}],"wp:attachment":[{"href":"https:\/\/lfsportevents.pl\/openfutsal\/wp-json\/wp\/v2\/media?parent=161"}],"curies":[{"name":"wp","href":"https:\/\/api.w.org\/{rel}","templated":true}]}}