{"id":11767,"date":"2023-10-29T21:03:23","date_gmt":"2023-10-29T20:03:23","guid":{"rendered":"https:\/\/lfsportevents.pl\/openfutsal\/?page_id=11767"},"modified":"2026-02-03T13:51:08","modified_gmt":"2026-02-03T12:51:08","slug":"wyroznieni-zawodnicy","status":"publish","type":"page","link":"https:\/\/lfsportevents.pl\/openfutsal\/wyroznieni-zawodnicy\/","title":{"rendered":"Wyr\u00f3\u017cnieni zawodnicy"},"content":{"rendered":"<h4 class=\"sp-table-caption\">NAJLEPSI STRZELCY<\/h4>\n<table width=\"522\">\n<tbody>\n<tr>\n<td width=\"59\"><strong>Sezon<\/strong><\/td>\n<td width=\"170\"><strong>Imi\u0119 i Nazwisko<\/strong><\/td>\n<td width=\"209\"><strong>Klub<\/strong><\/td>\n<td width=\"84\"><strong>Ilo\u015b\u0107 Goli<\/strong><\/td>\n<\/tr>\n<tr>\n<td width=\"59\"><strong>2025\/26<\/strong><\/td>\n<td style=\"text-align: left;\" width=\"170\"><span style=\"color: #993300;\">Jakub Sutor<\/span><\/td>\n<td width=\"209\">DG Futsal Mszana Dolna<\/td>\n<td width=\"84\">28<\/td>\n<\/tr>\n<tr>\n<td width=\"59\"><strong>2024\/25<\/strong><\/td>\n<td style=\"text-align: left;\" width=\"170\"><span style=\"color: #993300;\">Krystian Salamon<\/span><\/td>\n<td width=\"209\">StalUp<\/td>\n<td width=\"84\">13<\/td>\n<\/tr>\n<tr>\n<td width=\"59\"><strong>2023\/24<\/strong><\/td>\n<td style=\"text-align: left;\" width=\"170\"><span style=\"color: #993300;\">\u0141ukasz Kruczek<\/span><\/td>\n<td width=\"209\">Mak-Bud<\/td>\n<td width=\"84\">25<\/td>\n<\/tr>\n<tr>\n<td width=\"59\"><strong>2022\/23<\/strong><\/td>\n<td style=\"text-align: left;\" width=\"170\"><span style=\"color: #993300;\">Przemys\u0142aw Kumor<\/span><\/td>\n<td width=\"209\">Gold Team\/Meble Lorek<\/td>\n<td width=\"84\">23<\/td>\n<\/tr>\n<tr>\n<td width=\"59\"><strong>2019\/20<\/strong><\/td>\n<td style=\"text-align: left;\" width=\"170\"><span style=\"color: #993300;\">Kamil Lupa<\/span><\/td>\n<td width=\"209\">San Escobar<\/td>\n<td width=\"84\">13<\/td>\n<\/tr>\n<tr>\n<td width=\"59\"><strong>2018\/19<\/strong><\/td>\n<td style=\"text-align: left;\" width=\"170\"><span style=\"color: #993300;\">Jan Zieli\u0144ski<\/span><\/td>\n<td width=\"209\">Rabatem.pl<\/td>\n<td width=\"84\">23<\/td>\n<\/tr>\n<tr>\n<td width=\"59\"><strong>2017\/18<\/strong><\/td>\n<td style=\"text-align: left;\" width=\"170\"><span style=\"color: #993300;\">Sylwester Tokarz<\/span><\/td>\n<td width=\"209\">Dom Weselny Sylwia<\/td>\n<td width=\"84\">25<\/td>\n<\/tr>\n<tr>\n<td width=\"59\"><strong>2016\/17<\/strong><\/td>\n<td style=\"text-align: left;\" width=\"170\"><span style=\"color: #993300;\">Pawe\u0142 Kocio\u0142ek<\/span><\/td>\n<td width=\"209\">San Escobar<\/td>\n<td width=\"84\">36<\/td>\n<\/tr>\n<\/tbody>\n<\/table>\n<h4 class=\"sp-table-caption\" style=\"text-align: left;\">NAJLEPSI ASYSTENCI<\/h4>\n<table width=\"522\">\n<tbody>\n<tr>\n<td width=\"59\"><strong>Sezon<\/strong><\/td>\n<td width=\"170\"><strong>Imi\u0119 i Nazwisko<\/strong><\/td>\n<td width=\"209\"><strong>Klub<\/strong><\/td>\n<td width=\"84\"><strong>Ilo\u015b\u0107 Asyst<\/strong><\/td>\n<\/tr>\n<tr>\n<td width=\"59\"><strong>2025\/26<\/strong><\/td>\n<td style=\"text-align: left;\" width=\"170\"><span style=\"color: #993300;\">Marek Ma\u015blejak<\/span><\/td>\n<td width=\"209\">Galacticos\/Bogda\u0144ski<\/td>\n<td width=\"84\">14<\/td>\n<\/tr>\n<tr>\n<td width=\"59\"><strong>2024\/25<\/strong><\/td>\n<td style=\"text-align: left;\" width=\"170\"><span style=\"color: #993300;\">Kacper Ormia\u0144ski<\/span><\/td>\n<td width=\"209\">Mak-Bud<\/td>\n<td width=\"84\">7<\/td>\n<\/tr>\n<tr>\n<td width=\"59\"><strong>2023\/24<\/strong><\/td>\n<td style=\"text-align: left;\" width=\"170\"><span style=\"color: #993300;\">Dariusz Gwi\u017cd\u017c<\/span><\/td>\n<td width=\"209\">Alex Zakliczyn<\/td>\n<td width=\"84\">10<\/td>\n<\/tr>\n<tr>\n<td width=\"59\"><strong>2022\/23<\/strong><\/td>\n<td style=\"text-align: left;\" width=\"170\"><span style=\"color: #993300;\">Adrian W\u00f3jcik<\/span><\/td>\n<td width=\"209\">Alex Zakliczyn<\/td>\n<td width=\"84\">11<\/td>\n<\/tr>\n<tr>\n<td width=\"59\"><strong>2019\/20<\/strong><\/td>\n<td style=\"text-align: left;\" width=\"170\"><span style=\"color: #993300;\">Kamil Lupa<\/span><\/td>\n<td width=\"209\">San Escobar<\/td>\n<td width=\"84\">10<\/td>\n<\/tr>\n<tr>\n<td width=\"59\"><strong>2018\/19<\/strong><\/td>\n<td style=\"text-align: left;\" width=\"170\"><span style=\"color: #993300;\">Szczepan Rosiek<\/span><\/td>\n<td width=\"209\">San Escobar<\/td>\n<td width=\"84\">19<\/td>\n<\/tr>\n<tr>\n<td width=\"59\"><strong>2017\/18<\/strong><\/td>\n<td style=\"text-align: left;\" width=\"170\"><span style=\"color: #993300;\">Arkadiusz Zawi\u015blan<\/span><\/td>\n<td width=\"209\">Dom Weselny Sylwia<\/td>\n<td width=\"84\">11<\/td>\n<\/tr>\n<tr>\n<td width=\"59\"><strong>2016\/17<\/strong><\/td>\n<td style=\"text-align: left;\" width=\"170\"><span style=\"color: #993300;\">Szczepan Rosiek<\/span><\/td>\n<td width=\"209\">San Escobar<\/td>\n<td width=\"84\">14<\/td>\n<\/tr>\n<\/tbody>\n<\/table>\n<h4 class=\"sp-table-caption\">NAJLEPSI W KL. KANADYJSKIEJ<\/h4>\n<table width=\"522\">\n<tbody>\n<tr>\n<td width=\"59\"><strong>Sezon<\/strong><\/td>\n<td width=\"170\"><strong>Imi\u0119 i Nazwisko<\/strong><\/td>\n<td width=\"209\"><strong>Klub<\/strong><\/td>\n<td width=\"84\"><strong>Ilo\u015b\u0107 Punkt\u00f3w<\/strong><\/td>\n<\/tr>\n<tr>\n<td width=\"59\"><strong>2025\/26<\/strong><\/td>\n<td style=\"text-align: left;\" width=\"170\"><span style=\"color: #993300;\">Jakub Sutor<\/span><\/td>\n<td width=\"209\">DG Futsal Mszana Dolna<\/td>\n<td width=\"84\">33<\/td>\n<\/tr>\n<tr>\n<td width=\"59\"><strong>2024\/25<\/strong><\/td>\n<td style=\"text-align: left;\" width=\"170\"><span style=\"color: #993300;\">Micha\u0142 Szeliga<\/span><\/td>\n<td width=\"209\">Olimp Team<\/td>\n<td width=\"84\">17<\/td>\n<\/tr>\n<tr>\n<td width=\"59\"><strong>2023\/24<\/strong><\/td>\n<td style=\"text-align: left;\" width=\"170\"><span style=\"color: #993300;\">\u0141ukasz Kruczek<\/span><\/td>\n<td width=\"209\">Mak-Bud<\/td>\n<td width=\"84\">32<\/td>\n<\/tr>\n<tr>\n<td width=\"59\"><strong>2022\/23<\/strong><\/td>\n<td style=\"text-align: left;\" width=\"170\"><span style=\"color: #993300;\">Przemys\u0142aw Kumor<\/span><\/td>\n<td width=\"209\">Gold Team\/Meble Lorek<\/td>\n<td width=\"84\">26<\/td>\n<\/tr>\n<tr>\n<td width=\"59\"><strong>2019\/20<\/strong><\/td>\n<td style=\"text-align: left;\" width=\"170\"><span style=\"color: #993300;\">Kamil Lupa<\/span><\/td>\n<td width=\"209\">San Escobar<\/td>\n<td width=\"84\">23<\/td>\n<\/tr>\n<tr>\n<td width=\"59\"><strong>2018\/19<\/strong><\/td>\n<td style=\"text-align: left;\" width=\"170\"><span style=\"color: #993300;\">Szczepan Rosiek<\/span><\/td>\n<td width=\"209\">San Escobar<\/td>\n<td width=\"84\">37<\/td>\n<\/tr>\n<tr>\n<td width=\"59\"><strong>2017\/18<\/strong><\/td>\n<td style=\"text-align: left;\" width=\"170\"><span style=\"color: #993300;\">Sylwester Tokarz<\/span><\/td>\n<td width=\"209\">Dom Weselny Sylwia<\/td>\n<td width=\"84\">34<\/td>\n<\/tr>\n<tr>\n<td width=\"59\"><strong>2016\/17<\/strong><\/td>\n<td style=\"text-align: left;\" width=\"170\"><span style=\"color: #993300;\">Pawe\u0142 Kocio\u0142ek<\/span><\/td>\n<td width=\"209\">San Escobar<\/td>\n<td width=\"84\">44<\/td>\n<\/tr>\n<\/tbody>\n<\/table>\n<h4 class=\"sp-table-caption\">NAJLEPSI BRAMKARZE<\/h4>\n<table width=\"438\">\n<tbody>\n<tr>\n<td width=\"59\"><strong>Sezon<\/strong><\/td>\n<td width=\"170\"><strong>Imi\u0119 i Nazwisko<\/strong><\/td>\n<td width=\"209\"><strong>Klub<\/strong><\/td>\n<\/tr>\n<tr>\n<td width=\"59\"><strong>2025\/26<\/strong><\/td>\n<td style=\"text-align: left;\" width=\"170\"><span style=\"color: #993300;\">Karol Jagie\u0142a<\/span><\/td>\n<td width=\"209\">La Nepiwo<\/td>\n<\/tr>\n<tr>\n<td width=\"59\"><strong>2024\/25<\/strong><\/td>\n<td style=\"text-align: left;\" width=\"170\"><span style=\"color: #993300;\">Vasyl Zhuk<\/span><\/td>\n<td width=\"209\">Olimp Team<\/td>\n<\/tr>\n<tr>\n<td width=\"59\"><strong>2023\/24<\/strong><\/td>\n<td style=\"text-align: left;\" width=\"170\"><span style=\"color: #993300;\">Krystian Skocze\u0144<\/span><\/td>\n<td width=\"209\">StalUp<\/td>\n<\/tr>\n<tr>\n<td width=\"59\"><strong>2022\/23<\/strong><\/td>\n<td style=\"text-align: left;\" width=\"170\"><span style=\"color: #993300;\">Dawid Kie\u0142basa<\/span><\/td>\n<td width=\"209\">Mak-Bud<\/td>\n<\/tr>\n<tr>\n<td width=\"59\"><strong>2019\/20<\/strong><\/td>\n<td style=\"text-align: left;\" width=\"170\"><span style=\"color: #993300;\">Bartosz Grzesicki<\/span><\/td>\n<td width=\"209\">Alex Zakliczyn<\/td>\n<\/tr>\n<tr>\n<td width=\"59\"><strong>2018\/19<\/strong><\/td>\n<td style=\"text-align: left;\" width=\"170\"><span style=\"color: #993300;\">Kamil Szewczyk<\/span><\/td>\n<td width=\"209\">Rabatem.pl<\/td>\n<\/tr>\n<tr>\n<td width=\"59\"><strong>2017\/18<\/strong><\/td>\n<td style=\"text-align: left;\" width=\"170\"><span style=\"color: #993300;\">Pawe\u0142 Zwoli\u0144ski<\/span><\/td>\n<td width=\"209\">Dom Weselny Sylwia<\/td>\n<\/tr>\n<tr>\n<td width=\"59\"><strong>2016\/17<\/strong><\/td>\n<td style=\"text-align: left;\" width=\"170\"><span style=\"color: #993300;\">Kamil Szewczyk\u00a0<\/span><\/td>\n<td width=\"209\">Rabatem.pl<\/td>\n<\/tr>\n<\/tbody>\n<\/table>\n<h4 class=\"sp-table-caption\">NAJLEPSI OBRO\u0143CY<\/h4>\n<table width=\"438\">\n<tbody>\n<tr>\n<td width=\"59\"><strong>Sezon<\/strong><\/td>\n<td width=\"170\"><strong>Imi\u0119 i Nazwisko<\/strong><\/td>\n<td width=\"209\"><strong>Klub<\/strong><\/td>\n<\/tr>\n<tr>\n<td width=\"59\"><strong>2025\/26<\/strong><\/td>\n<td style=\"text-align: left;\" width=\"170\"><span style=\"color: #993300;\">Piotr Palacz<\/span><\/td>\n<td width=\"209\">La Nepiwo<\/td>\n<\/tr>\n<tr>\n<td width=\"59\"><strong>2024\/25<\/strong><\/td>\n<td style=\"text-align: left;\" width=\"170\"><span style=\"color: #993300;\">Sebastian Po\u0142e\u0107<\/span><\/td>\n<td width=\"209\">StalUp<\/td>\n<\/tr>\n<tr>\n<td width=\"59\"><strong>2023\/24<\/strong><\/td>\n<td style=\"text-align: left;\" width=\"170\"><span style=\"color: #993300;\">Micha\u0142 Chochorowski<\/span><\/td>\n<td width=\"209\">Dom Weselny Sylwia<\/td>\n<\/tr>\n<tr>\n<td width=\"59\"><strong>2022\/23<\/strong><\/td>\n<td style=\"text-align: left;\" width=\"170\"><span style=\"color: #993300;\">\u0141ukasz Kocio\u0142ek<\/span><\/td>\n<td width=\"209\">Gold Team\/Meble Lorek<\/td>\n<\/tr>\n<tr>\n<td width=\"59\"><strong>2019\/20<\/strong><\/td>\n<td style=\"text-align: left;\" width=\"170\"><span style=\"color: #993300;\">\u0141ukasz Kocio\u0142ek<\/span><\/td>\n<td width=\"209\">Gold Team\/Meble Lorek<\/td>\n<\/tr>\n<tr>\n<td width=\"59\"><strong>2018\/19<\/strong><\/td>\n<td style=\"text-align: left;\" width=\"170\"><span style=\"color: #993300;\">Jakub Gri\u0144ski<\/span><\/td>\n<td width=\"209\">Rabatem.pl<\/td>\n<\/tr>\n<tr>\n<td width=\"59\"><strong>2017\/18<\/strong><\/td>\n<td style=\"text-align: left;\" width=\"170\"><span style=\"color: #993300;\">Jakub Gri\u0144ski\u00a0<\/span><\/td>\n<td width=\"209\">Rabatem.pl<\/td>\n<\/tr>\n<tr>\n<td width=\"59\"><strong>2016\/17<\/strong><\/td>\n<td style=\"text-align: left;\" width=\"170\"><span style=\"color: #993300;\">Jakub Gri\u0144ski<\/span><\/td>\n<td width=\"209\">Rabatem.pl<\/td>\n<\/tr>\n<\/tbody>\n<\/table>\n","protected":false},"excerpt":{"rendered":"<p>NAJLEPSI STRZELCY Sezon Imi\u0119 i Nazwisko Klub Ilo\u015b\u0107 Goli 2025\/26 Jakub Sutor DG Futsal Mszana Dolna 28 2024\/25 Krystian Salamon StalUp 13 2023\/24 \u0141ukasz Kruczek Mak-Bud 25 2022\/23 Przemys\u0142aw Kumor Gold Team\/Meble Lorek 23 2019\/20 Kamil Lupa San Escobar 13 2018\/19 Jan Zieli\u0144ski Rabatem.pl 23 2017\/18 Sylwester Tokarz Dom Weselny Sylwia 25 2016\/17 Pawe\u0142 Kocio\u0142ek [&hellip;]<\/p>\n","protected":false},"author":1,"featured_media":0,"parent":0,"menu_order":0,"comment_status":"closed","ping_status":"closed","template":"","meta":[],"_links":{"self":[{"href":"https:\/\/lfsportevents.pl\/openfutsal\/wp-json\/wp\/v2\/pages\/11767"}],"collection":[{"href":"https:\/\/lfsportevents.pl\/openfutsal\/wp-json\/wp\/v2\/pages"}],"about":[{"href":"https:\/\/lfsportevents.pl\/openfutsal\/wp-json\/wp\/v2\/types\/page"}],"author":[{"embeddable":true,"href":"https:\/\/lfsportevents.pl\/openfutsal\/wp-json\/wp\/v2\/users\/1"}],"replies":[{"embeddable":true,"href":"https:\/\/lfsportevents.pl\/openfutsal\/wp-json\/wp\/v2\/comments?post=11767"}],"version-history":[{"count":2,"href":"https:\/\/lfsportevents.pl\/openfutsal\/wp-json\/wp\/v2\/pages\/11767\/revisions"}],"predecessor-version":[{"id":13315,"href":"https:\/\/lfsportevents.pl\/openfutsal\/wp-json\/wp\/v2\/pages\/11767\/revisions\/13315"}],"wp:attachment":[{"href":"https:\/\/lfsportevents.pl\/openfutsal\/wp-json\/wp\/v2\/media?parent=11767"}],"curies":[{"name":"wp","href":"https:\/\/api.w.org\/{rel}","templated":true}]}}