{"id":10636,"date":"2022-11-14T13:04:35","date_gmt":"2022-11-14T12:04:35","guid":{"rendered":"https:\/\/lfsportevents.pl\/openfutsal\/?page_id=10636"},"modified":"2026-02-02T22:41:46","modified_gmt":"2026-02-02T21:41:46","slug":"terminarz-wyniki","status":"publish","type":"page","link":"https:\/\/lfsportevents.pl\/openfutsal\/turniej-walentynkowy\/terminarz-wyniki\/","title":{"rendered":"Terminarz \/ Wyniki"},"content":{"rendered":"<p><span style=\"color: #993300;\"><strong> GRUPA A :<\/strong><\/span><br \/>\n1. La Nepiwo &#8211; 10 pkt (AWANS)<br \/>\n2. Czarni Na Fali &#8211; 7 pkt (AWANS)<br \/>\n3. Family Team &#8211; 6 pkt<br \/>\n4. Oranjegroep Team &#8211; 3 pkt<br \/>\n5. Czarne Mamby &#8211; 3 pkt<\/p>\n<p>CZARNE MAMBY : LA NEPIWO 0:2<br \/>\nCZARNI NA FALI : FAMILY TEAM 3:0<br \/>\nORANJEGROEP TEAM : LA NEPIWO 0:4<br \/>\nCZARNE MAMBY : CZARNI NA FALI 2:1<br \/>\nORANJEGROEP TEAM : FAMILY TEAM 1:2<br \/>\nCZARNI NA FALI : LA NEPWIO 1:1<br \/>\nORANJEGROEP TEAM : CZARNE MAMBY 3:1<br \/>\nLA NEPIWO : FAMILY TEAM 1:0<br \/>\nCZARNI NA FALI : ORANJEGROEP TEAM 3:0<br \/>\nFAMILY TEAM : CZARNE MAMBY 5:2<\/p>\n<p> <strong><span style=\"color: #993300;\">GRUPA B :<\/span><\/strong><br \/>\n1. DG Futsal Mszana Dolna &#8211; 10 pkt (AWANS)<br \/>\n2. Drink Team &#8211; 8 pkt (AWANS)<br \/>\n3. Whiskey Lovers &#8211; 7 pkt<br \/>\n4. Galacticos\/Bogda\u0144ski &#8211; 3 pkt<br \/>\n5. WKG Korty &#8211; 0 pkt<\/p>\n<p>GALACTICOS\/BOGDA\u0143SKI : DRINK TEAM 1:3<br \/>\nWHISKEY LOVERS : WKG KORTY 2:0<br \/>\nDG FUTSAL MSZANA DOLNA : DRINK TEAM 0:0<br \/>\nGALACTICOS\/BOGDA\u0143SKI : WHISKE LOVERS 0:3<br \/>\nDG FUTSAL MSZANA DOLNA : WKG KORTY 14:0<br \/>\nWHISKEY LOVERS : DRINK TEAM 0:0<br \/>\nDG FUTSAL MSZANA DOLNA : GALACTICOS\/BOGDA\u0143SKI 4:1<br \/>\nDRINK TEAM : WKG KORTY 15:0<br \/>\nWHISKEY LOVERS : DG FUTSAL MSZANA DOLNA 1:3<br \/>\nWKG KORTY : GALACTICOS\/BOGDA\u0143SKI 1:11<\/p>\n<p> <strong><span style=\"color: #993300;\">GRUPA C :<\/span><\/strong><br \/>\n1. Alkoboye &#8211; 12 pkt (AWANS)<br \/>\n2. Prestige House &#8211; 9 pkt (AWANS)<br \/>\n3. San Escobar &#8211; 6 pkt<br \/>\n4. Instalservice &#8211; 3 pkt<br \/>\n5. RKS Siekiera Pi\u0142a &#8211; 0 pkt<\/p>\n<p>SAN ESCOBAR : RKS SIEKIERA PI\u0141A 3:2<br \/>\nALKOBOYE : INSTALSERVICE 6:0<br \/>\nPRESTIGE HOUSE : RKS SIEKIERA PI\u0141A 3:1<br \/>\nSAN ESCOBAR : ALKOBOYE 0:8<br \/>\nPRESTIGE HOUSE : INSTALSERVICE 4:0<br \/>\nALKOBOYE : RKS SIEKIERA PI\u0141A 1:0<br \/>\nPRESTIGE HOUSE : SAN ESCOBAR 2:1<br \/>\nRKS SIEKIERA PI\u0141A : INSTALSERVICE 1:2<br \/>\nALKOBOYE : PRESTIGE HOUSE 1:0<br \/>\nINSTALSERVICE : SAN ESCOBAR 2:3<\/p>\n<p> <strong><span style=\"color: #993300;\">GRUPA D :<\/span><\/strong><br \/>\n1. Rolbud &#8211; 10 pkt (AWANS)<br \/>\n2. Mak-Bud &#8211; 9 pkt (AWANS)<br \/>\n3. Pabud &#8211; 6 pkt<br \/>\n4. Agrom-Bud Team &#8211; 2 pkt<br \/>\n5. Krmob &#8211; 1 pkt<\/p>\n<p>KRMOB : PABUD 0:1<br \/>\nROLBUD : AGROM-BUD TEAM 0:0<br \/>\nMAK-BUD : PABUD 2:1<br \/>\nKRMOB : ROLBUD 0:1<br \/>\nMAK-BUD : AGROM-BUD TEAM 2:1<br \/>\nROLBUD : PABUD 3:0<br \/>\nMAK-BUD : KRMOB 3:0<br \/>\nPABUD : AGROM-BUD TEAM 3:1<br \/>\nROLBUD : MAK-BUD 3:0<br \/>\nAGROM-BUD TEAM : KRMOB 0:0<\/p>\n<p> <strong><span style=\"color: #993300;\">\u0106WIER\u0106FINA\u0141Y:<\/span><\/strong><br \/>\nLA NEPIWO : MAK-BUD 1:1 (k.3:2)<br \/>\nDG FUTSAL MSZANA DOLNA : PRESTIGE HOUSE 3:1<br \/>\nALKOBOYE : DRINK TEAM 0:2<br \/>\nROLBUD : CZARNI NA FALI 1:1 (k.3:1)<\/p>\n<p><strong><span style=\"color: #993300;\"> P\u00d3\u0141FINA\u0141Y:<\/span><\/strong><br \/>\nLA NEPIWO : DG FUTSAL MSZANA DOLNA 0:0 (k.1:2)<br \/>\nDRINK TEAM : ROLBUD 0:4<\/p>\n<p> <strong><span style=\"color: #993300;\">MECZ O 3 MIEJSCE:<\/span><\/strong><br \/>\nDRINK TEAM : LA NEPIWO 1:1 (k.5:4)<\/p>\n<p> <strong><span style=\"color: #993300;\">FINA\u0141:<\/span><\/strong><br \/>\nDG FUTSAL MSZANA DOLNA : ROLBUD 1:0<\/p>\n","protected":false},"excerpt":{"rendered":"<p>GRUPA A : 1. La Nepiwo &#8211; 10 pkt (AWANS) 2. Czarni Na Fali &#8211; 7 pkt (AWANS) 3. Family Team &#8211; 6 pkt 4. Oranjegroep Team &#8211; 3 pkt 5. Czarne Mamby &#8211; 3 pkt CZARNE MAMBY : LA NEPIWO 0:2 CZARNI NA FALI : FAMILY TEAM 3:0 ORANJEGROEP TEAM : LA NEPIWO 0:4 [&hellip;]<\/p>\n","protected":false},"author":1,"featured_media":0,"parent":10628,"menu_order":0,"comment_status":"closed","ping_status":"closed","template":"","meta":[],"_links":{"self":[{"href":"https:\/\/lfsportevents.pl\/openfutsal\/wp-json\/wp\/v2\/pages\/10636"}],"collection":[{"href":"https:\/\/lfsportevents.pl\/openfutsal\/wp-json\/wp\/v2\/pages"}],"about":[{"href":"https:\/\/lfsportevents.pl\/openfutsal\/wp-json\/wp\/v2\/types\/page"}],"author":[{"embeddable":true,"href":"https:\/\/lfsportevents.pl\/openfutsal\/wp-json\/wp\/v2\/users\/1"}],"replies":[{"embeddable":true,"href":"https:\/\/lfsportevents.pl\/openfutsal\/wp-json\/wp\/v2\/comments?post=10636"}],"version-history":[{"count":3,"href":"https:\/\/lfsportevents.pl\/openfutsal\/wp-json\/wp\/v2\/pages\/10636\/revisions"}],"predecessor-version":[{"id":13293,"href":"https:\/\/lfsportevents.pl\/openfutsal\/wp-json\/wp\/v2\/pages\/10636\/revisions\/13293"}],"up":[{"embeddable":true,"href":"https:\/\/lfsportevents.pl\/openfutsal\/wp-json\/wp\/v2\/pages\/10628"}],"wp:attachment":[{"href":"https:\/\/lfsportevents.pl\/openfutsal\/wp-json\/wp\/v2\/media?parent=10636"}],"curies":[{"name":"wp","href":"https:\/\/api.w.org\/{rel}","templated":true}]}}