{"id":10634,"date":"2022-11-14T13:04:18","date_gmt":"2022-11-14T12:04:18","guid":{"rendered":"https:\/\/lfsportevents.pl\/openfutsal\/?page_id=10634"},"modified":"2026-01-16T15:02:31","modified_gmt":"2026-01-16T14:02:31","slug":"miejsce-rozgrywek","status":"publish","type":"page","link":"https:\/\/lfsportevents.pl\/openfutsal\/turniej-walentynkowy\/miejsce-rozgrywek\/","title":{"rendered":"Miejsce rozgrywek"},"content":{"rendered":"<h1 style=\"text-align: center;\"><span style=\"color: #993300;\"><strong>HALA WIDOWISKO \u2013<\/strong><strong>SPORTOWA W \u0141\u0104CKU<\/strong><\/span><\/h1>\n<h1 style=\"text-align: center;\"><span style=\"color: #993300;\"><strong>\u0141\u0104CKO 867<\/strong><\/span><\/h1>\n<p><img loading=\"lazy\" class=\"alignnone wp-image-10728\" src=\"https:\/\/lfsportevents.pl\/openfutsal\/wp-content\/uploads\/2022\/11\/autoxautomAUTOcFDFCFC.jpg\" sizes=\"(max-width: 1163px) 100vw, 1163px\" srcset=\"https:\/\/lfsportevents.pl\/openfutsal\/wp-content\/uploads\/2022\/11\/autoxautomAUTOcFDFCFC.jpg 800w, https:\/\/lfsportevents.pl\/openfutsal\/wp-content\/uploads\/2022\/11\/autoxautomAUTOcFDFCFC-300x148.jpg 300w, https:\/\/lfsportevents.pl\/openfutsal\/wp-content\/uploads\/2022\/11\/autoxautomAUTOcFDFCFC-768x379.jpg 768w, https:\/\/lfsportevents.pl\/openfutsal\/wp-content\/uploads\/2022\/11\/autoxautomAUTOcFDFCFC-128x63.jpg 128w, https:\/\/lfsportevents.pl\/openfutsal\/wp-content\/uploads\/2022\/11\/autoxautomAUTOcFDFCFC-32x16.jpg 32w, https:\/\/lfsportevents.pl\/openfutsal\/wp-content\/uploads\/2022\/11\/autoxautomAUTOcFDFCFC-250x123.jpg 250w, https:\/\/lfsportevents.pl\/openfutsal\/wp-content\/uploads\/2022\/11\/autoxautomAUTOcFDFCFC-550x272.jpg 550w, https:\/\/lfsportevents.pl\/openfutsal\/wp-content\/uploads\/2022\/11\/autoxautomAUTOcFDFCFC-365x180.jpg 365w, https:\/\/lfsportevents.pl\/openfutsal\/wp-content\/uploads\/2022\/11\/autoxautomAUTOcFDFCFC-608x300.jpg 608w\" alt=\"\" width=\"1163\" height=\"574\" \/>\u00a0<img loading=\"lazy\" class=\"alignnone size-full wp-image-10730\" src=\"https:\/\/lfsportevents.pl\/openfutsal\/wp-content\/uploads\/2022\/11\/315318771_619783259940642_7804776427892441074_n.jpg\" sizes=\"(max-width: 2048px) 100vw, 2048px\" srcset=\"https:\/\/lfsportevents.pl\/openfutsal\/wp-content\/uploads\/2022\/11\/315318771_619783259940642_7804776427892441074_n.jpg 2048w, https:\/\/lfsportevents.pl\/openfutsal\/wp-content\/uploads\/2022\/11\/315318771_619783259940642_7804776427892441074_n-300x169.jpg 300w, https:\/\/lfsportevents.pl\/openfutsal\/wp-content\/uploads\/2022\/11\/315318771_619783259940642_7804776427892441074_n-1024x577.jpg 1024w, https:\/\/lfsportevents.pl\/openfutsal\/wp-content\/uploads\/2022\/11\/315318771_619783259940642_7804776427892441074_n-768x432.jpg 768w, https:\/\/lfsportevents.pl\/openfutsal\/wp-content\/uploads\/2022\/11\/315318771_619783259940642_7804776427892441074_n-1536x865.jpg 1536w, https:\/\/lfsportevents.pl\/openfutsal\/wp-content\/uploads\/2022\/11\/315318771_619783259940642_7804776427892441074_n-128x72.jpg 128w, https:\/\/lfsportevents.pl\/openfutsal\/wp-content\/uploads\/2022\/11\/315318771_619783259940642_7804776427892441074_n-32x18.jpg 32w, https:\/\/lfsportevents.pl\/openfutsal\/wp-content\/uploads\/2022\/11\/315318771_619783259940642_7804776427892441074_n-250x141.jpg 250w, https:\/\/lfsportevents.pl\/openfutsal\/wp-content\/uploads\/2022\/11\/315318771_619783259940642_7804776427892441074_n-550x310.jpg 550w, https:\/\/lfsportevents.pl\/openfutsal\/wp-content\/uploads\/2022\/11\/315318771_619783259940642_7804776427892441074_n-800x450.jpg 800w, https:\/\/lfsportevents.pl\/openfutsal\/wp-content\/uploads\/2022\/11\/315318771_619783259940642_7804776427892441074_n-320x180.jpg 320w, https:\/\/lfsportevents.pl\/openfutsal\/wp-content\/uploads\/2022\/11\/315318771_619783259940642_7804776427892441074_n-533x300.jpg 533w, https:\/\/lfsportevents.pl\/openfutsal\/wp-content\/uploads\/2022\/11\/315318771_619783259940642_7804776427892441074_n-888x500.jpg 888w\" alt=\"\" width=\"2048\" height=\"1153\" \/><\/p>\n","protected":false},"excerpt":{"rendered":"<p>HALA WIDOWISKO \u2013SPORTOWA W \u0141\u0104CKU \u0141\u0104CKO 867 \u00a0<\/p>\n","protected":false},"author":1,"featured_media":0,"parent":10628,"menu_order":0,"comment_status":"closed","ping_status":"closed","template":"","meta":[],"_links":{"self":[{"href":"https:\/\/lfsportevents.pl\/openfutsal\/wp-json\/wp\/v2\/pages\/10634"}],"collection":[{"href":"https:\/\/lfsportevents.pl\/openfutsal\/wp-json\/wp\/v2\/pages"}],"about":[{"href":"https:\/\/lfsportevents.pl\/openfutsal\/wp-json\/wp\/v2\/types\/page"}],"author":[{"embeddable":true,"href":"https:\/\/lfsportevents.pl\/openfutsal\/wp-json\/wp\/v2\/users\/1"}],"replies":[{"embeddable":true,"href":"https:\/\/lfsportevents.pl\/openfutsal\/wp-json\/wp\/v2\/comments?post=10634"}],"version-history":[{"count":2,"href":"https:\/\/lfsportevents.pl\/openfutsal\/wp-json\/wp\/v2\/pages\/10634\/revisions"}],"predecessor-version":[{"id":13262,"href":"https:\/\/lfsportevents.pl\/openfutsal\/wp-json\/wp\/v2\/pages\/10634\/revisions\/13262"}],"up":[{"embeddable":true,"href":"https:\/\/lfsportevents.pl\/openfutsal\/wp-json\/wp\/v2\/pages\/10628"}],"wp:attachment":[{"href":"https:\/\/lfsportevents.pl\/openfutsal\/wp-json\/wp\/v2\/media?parent=10634"}],"curies":[{"name":"wp","href":"https:\/\/api.w.org\/{rel}","templated":true}]}}