{"id":10584,"date":"2022-11-14T12:54:24","date_gmt":"2022-11-14T11:54:24","guid":{"rendered":"https:\/\/lfsportevents.pl\/openfutsal\/?page_id=10584"},"modified":"2025-12-22T13:22:26","modified_gmt":"2025-12-22T12:22:26","slug":"terminarz-wyniki","status":"publish","type":"page","link":"https:\/\/lfsportevents.pl\/openfutsal\/turniej-mikolajkowy\/terminarz-wyniki\/","title":{"rendered":"Terminarz \/ Wyniki"},"content":{"rendered":"<p><span style=\"color: #ff0000;\">\u26bd<span style=\"color: #993300;\"><strong> GRUPA A:<\/strong><\/span><\/span><br \/>\n1. KrMob (6 pkt) AWANS<br \/>\n2. Czarni na Fali (6 pkt) AWANS<br \/>\n3. Rolbud (6 pkt)<br \/>\n4. MKS White Nugets (0 pkt)<\/p>\n<p>\u26bd<span style=\"color: #993300;\"> <strong>GRUPA B:<\/strong><\/span><br \/>\n1. Le\u015bne Dziadki (5 pkt) AWANS<br \/>\n2. Bartkop (5 pkt) AWANS<br \/>\n3. Pabud (3 pkt)<br \/>\n4. Family Team (1 pkt)<\/p>\n<p><strong><span style=\"color: #993300;\">GRUPA A \u2013 GRUPA B<\/span><\/strong><br \/>\nMKS WHITE NUGGETS : KRMOB 0:2<br \/>\nROLBUD : CZARNI NA FALI 2:0<br \/>\nPABUD : LE\u015aNE DZIADKI 0:0<br \/>\nBARTKOP : FAMILY TEAM 3:1<br \/>\nMKS WHITE NUGGETS : CZARNI NA FALI 0:2<br \/>\nROLBUD : KRMOB 1:5<br \/>\nPABUD : FAMILY TEAM 1:1<br \/>\nBARTKOP : LE\u015aNE DZIADKI 1:1<br \/>\nROLBUD : MKS WHITE NUGGETS 2:0<br \/>\nKRMOB : CZARNI NA FALI 0:1<br \/>\nLE\u015aNE DZIADKI : FAMILY TEAM 4:0<br \/>\nBARTKOP : PABUD 1:1<\/p>\n<p>\u26bd <strong><span style=\"color: #993300;\">GRUPA C:<\/span><\/strong><br \/>\n1. Prestige House (9 pkt) AWANS<br \/>\n2. Czarne Mamby (4 pkt) AWANS<br \/>\n3. MB Team (4 pkt)<br \/>\n4. Instalservice (0 pkt)<\/p>\n<p>\u26bd<strong><span style=\"color: #993300;\"> GRUPA D:<\/span><\/strong><br \/>\n1. Stal-Bud (7 pkt) AWANS<br \/>\n2. Agrom-Bud Team (5 pkt) AWANS<br \/>\n3. Oranjegroep Team (3 pkt)<br \/>\n4. Furioza (1 pkt)<\/p>\n<p><strong><span style=\"color: #993300;\">GRUPA C \u2013 GRUPA D<\/span><\/strong><br \/>\nCZARNE MAMBY : INSTALSERVICE 4:1<br \/>\nPRESTIGE HOUSE : MB TEAM 3:0<br \/>\nFURIOZA : STAL-BUD 0:1<br \/>\nAGROM-BUD TEAM : ORANJEGROEP TEAM 3:0<br \/>\nCZARNE MAMBY : MB TEAM 2:2<br \/>\nPRESTIGE HOUSE : INSTALSERVICE 5:2<br \/>\nFURIOZA : ORANJEGROEP TEAM 0:3<br \/>\nAGROM-BUD TEAM : STAL-BUD 0:0<br \/>\nPRESTIGE HOUSE : CZARNE MAMBY 3:2<br \/>\nINSTALSERVICE : MB TEAM 1:2<br \/>\nSTAL-BUD : ORANJEGROEP TEAM 3:0<br \/>\nAGROM-BUD TEAM : FURIOZA 0:0<\/p>\n<p>\u26bd <strong><span style=\"color: #993300;\">GRUPA E:<\/span><\/strong><br \/>\n1. Hal-Mont (9 pkt) AWANS<br \/>\n2. Alkoboye (6 pkt) AWANS<br \/>\n3. Iron Team (3 pkt)<br \/>\n4. Merx (0 pkt)<\/p>\n<p>\u26bd <strong><span style=\"color: #993300;\">GRUPA F:<\/span><\/strong><br \/>\n1. Jumibau East (9 pkt) AWANS<br \/>\n2. La Nepiwo (4 pkt) AWANS<br \/>\n3. KKS Stava (4 pkt)<br \/>\n4. Jaw-Trans\/Mo-Ri (0 pkt)<\/p>\n<p><strong><span style=\"color: #993300;\">GRUPA E \u2013 GRUPA F<\/span><\/strong><br \/>\nALKOBOYE : MERX 3:0<br \/>\nHAL-MONT BOCHNIA : IRON TEAM 10:0<br \/>\nJUMIBAU EAST : JAW-TRANS\/MO-RI 2:0<br \/>\nLA NEPIWO : KKS STAVA 1:1<br \/>\nALKOBOYE : IRON TEAM 4:3<br \/>\nHAL-MONT BOCHNIA : MERX 5:0<br \/>\nJUMIBAU EAST : KKS STAVA 3:1<br \/>\nLA NEPIWO : JAW-TRANS\/MO-RI 6:0<br \/>\nHAL-MONT BOCHNIA : ALKOBOYE 2:1<br \/>\nMERX : IRON TEAM 2:4<br \/>\nJAW-TRANS\/MO-RI : KKS STAVA 2:4<br \/>\nLA NEPIWO : JUMIBAU EAST 1:2<\/p>\n<p>\u26bd <strong><span style=\"color: #993300;\">GRUPA G:<\/span><\/strong><br \/>\n1. DG Futsal Team Mszana Dolna (7 pkt) AWANS<br \/>\n2. Drink Team (6 pkt) AWANS<br \/>\n3. Mak-Bud (4 pkt)<br \/>\n4. San Escobar (0 pkt)<\/p>\n<p>\u26bd <strong><span style=\"color: #993300;\">GRUPA H:<\/span><\/strong><br \/>\n1. Black Sheep (9 pkt) AWANS<br \/>\n2. Kapela Kuzyn\u00f3w (4 pkt) AWANS<br \/>\n3. Galacticos\/Bogda\u0144ski (3 pkt)<br \/>\n4. Alex Zakliczyn (1 pkt)<\/p>\n<p><strong><span style=\"color: #993300;\">GRUPA G \u2013 GRUPA H<\/span><\/strong><br \/>\nDG FUTSAL TEAM MSZANA DOLNA : SAN ESCOBAR 3:0<br \/>\nDRINK TEAM : MAK-BUD 1:0<br \/>\nALEX ZAKLICZYN : BLACK SHEEP 1:2<br \/>\nGALACTICOS\/BOGDA\u0143SKI : KAPELA KUZYN\u00d3W 0:1<br \/>\nDG FUTSAL TEAM MSZANA DOLNA : MAK-BUD 2:2<br \/>\nDRINK TEAM : SAN ESCOBAR 4:2<br \/>\nALEX ZAKLICZYN : KAPELA KUZYN\u00d3W 0:0<br \/>\nGALACTICOS\/BOGDA\u0143SKI : BLACK SHEEP 0:5<br \/>\nDRINK TEAM : DG FUTSAL TEAM MSZANA DOLNA 1:5<br \/>\nSAN ESCOBAR : MAK-BUD 0:2<br \/>\nBLACK SHEEP : KAPELA KUZYN\u00d3W 3:1<br \/>\nGALACTICOS\/BOGDA\u0143SKI : ALEX ZAKLICZYN 2:1<\/p>\n<p><strong><span style=\"color: #993300;\">MECZE 1\/8<\/span><\/strong><br \/>\nKRMOB : KAPELA KUZYN\u00d3W 0:1<br \/>\nLE\u015aNE DZIADKI : DRINK TEAM 0:1<br \/>\nPRESTIGE HOUSE : LA NEPIWO 1:2<br \/>\nSTAL-BUD : ALKOBOYE 2:0<br \/>\nHAL-MONT BOCHNIA : AGROM-BUD TEAM 0:0 (k. 2:1)<br \/>\nJUMIBAU EAST : CZARNE MAMBY 3:1<br \/>\nDG FUTSAL TEAM MSZANA DOLNA : BARTKOP 4:0<br \/>\nBLACK SHEEP : CZARNI NA FALI 1:1 (k. 5:6)<\/p>\n<p><strong><span style=\"color: #993300;\">\u0106WIER\u0106FINA\u0141Y<\/span><\/strong><br \/>\nKAPELA KUZYN\u00d3W : DRINK TEAM 1:2<br \/>\nLA NEPIWO : STAL-BUD 1:1 (k. 4:3)<br \/>\nHAL-MONT BOCHNIA : JUMIBAU EAST 2:0<br \/>\nDG FUTSAL TEAM MSZANA DOLNA : CZARNI NA FALI 1:0<\/p>\n<p><strong><span style=\"color: #993300;\">P\u00d3\u0141FINA\u0141Y<\/span><\/strong><br \/>\nDRINK TEAM : LA NEPIWO 0:0 (k. 1:3)<br \/>\nHAL-MONT BOCHNIA : DG FUTSAL TEAM MSZANA DOLANA 3:3 (k. 4:5)<\/p>\n<p><strong><span style=\"color: #993300;\">MECZ O 3 MIEJSCE<\/span><\/strong><br \/>\nDRINK TEAM : HAL-MONT BOCHNIA 1:2<\/p>\n<p><strong><span style=\"color: #993300;\">FINA\u0141<\/span><\/strong><br \/>\nLA NEPIWO : DG FUTSAL TEAM MSZANA DOLNA 4:1<\/p>\n","protected":false},"excerpt":{"rendered":"<p>\u26bd GRUPA A: 1. KrMob (6 pkt) AWANS 2. Czarni na Fali (6 pkt) AWANS 3. Rolbud (6 pkt) 4. MKS White Nugets (0 pkt) \u26bd GRUPA B: 1. Le\u015bne Dziadki (5 pkt) AWANS 2. Bartkop (5 pkt) AWANS 3. Pabud (3 pkt) 4. Family Team (1 pkt) GRUPA A \u2013 GRUPA B MKS WHITE [&hellip;]<\/p>\n","protected":false},"author":1,"featured_media":0,"parent":10576,"menu_order":0,"comment_status":"closed","ping_status":"closed","template":"","meta":[],"_links":{"self":[{"href":"https:\/\/lfsportevents.pl\/openfutsal\/wp-json\/wp\/v2\/pages\/10584"}],"collection":[{"href":"https:\/\/lfsportevents.pl\/openfutsal\/wp-json\/wp\/v2\/pages"}],"about":[{"href":"https:\/\/lfsportevents.pl\/openfutsal\/wp-json\/wp\/v2\/types\/page"}],"author":[{"embeddable":true,"href":"https:\/\/lfsportevents.pl\/openfutsal\/wp-json\/wp\/v2\/users\/1"}],"replies":[{"embeddable":true,"href":"https:\/\/lfsportevents.pl\/openfutsal\/wp-json\/wp\/v2\/comments?post=10584"}],"version-history":[{"count":3,"href":"https:\/\/lfsportevents.pl\/openfutsal\/wp-json\/wp\/v2\/pages\/10584\/revisions"}],"predecessor-version":[{"id":13168,"href":"https:\/\/lfsportevents.pl\/openfutsal\/wp-json\/wp\/v2\/pages\/10584\/revisions\/13168"}],"up":[{"embeddable":true,"href":"https:\/\/lfsportevents.pl\/openfutsal\/wp-json\/wp\/v2\/pages\/10576"}],"wp:attachment":[{"href":"https:\/\/lfsportevents.pl\/openfutsal\/wp-json\/wp\/v2\/media?parent=10584"}],"curies":[{"name":"wp","href":"https:\/\/api.w.org\/{rel}","templated":true}]}}