{"id":10582,"date":"2022-11-14T12:53:44","date_gmt":"2022-11-14T11:53:44","guid":{"rendered":"https:\/\/lfsportevents.pl\/openfutsal\/?page_id=10582"},"modified":"2024-11-14T11:53:19","modified_gmt":"2024-11-14T10:53:19","slug":"miejsce-rozgrywek","status":"publish","type":"page","link":"https:\/\/lfsportevents.pl\/openfutsal\/turniej-mikolajkowy\/miejsce-rozgrywek\/","title":{"rendered":"Miejsce rozgrywek"},"content":{"rendered":"<h1 style=\"text-align: center;\"><span style=\"color: #993300;\"><strong>HALA WIDOWISKO \u2013<\/strong><strong>SPORTOWA mosir nowy s\u0105cz<\/strong><\/span><\/h1>\n<h1 style=\"text-align: center;\"><span style=\"color: #993300;\"><strong>nadbrze\u017cna 34, 33-300 nowy s\u0105cz<\/strong><\/span><\/h1>\n<p><img loading=\"lazy\" class=\"alignnone size-full wp-image-12577\" src=\"https:\/\/lfsportevents.pl\/openfutsal\/wp-content\/uploads\/2024\/11\/1571001923.1373.png\" alt=\"\" width=\"1200\" height=\"800\" srcset=\"https:\/\/lfsportevents.pl\/openfutsal\/wp-content\/uploads\/2024\/11\/1571001923.1373.png 1200w, https:\/\/lfsportevents.pl\/openfutsal\/wp-content\/uploads\/2024\/11\/1571001923.1373-300x200.png 300w, https:\/\/lfsportevents.pl\/openfutsal\/wp-content\/uploads\/2024\/11\/1571001923.1373-1024x683.png 1024w, https:\/\/lfsportevents.pl\/openfutsal\/wp-content\/uploads\/2024\/11\/1571001923.1373-768x512.png 768w, https:\/\/lfsportevents.pl\/openfutsal\/wp-content\/uploads\/2024\/11\/1571001923.1373-128x85.png 128w, https:\/\/lfsportevents.pl\/openfutsal\/wp-content\/uploads\/2024\/11\/1571001923.1373-32x21.png 32w, https:\/\/lfsportevents.pl\/openfutsal\/wp-content\/uploads\/2024\/11\/1571001923.1373-250x167.png 250w, https:\/\/lfsportevents.pl\/openfutsal\/wp-content\/uploads\/2024\/11\/1571001923.1373-550x367.png 550w, https:\/\/lfsportevents.pl\/openfutsal\/wp-content\/uploads\/2024\/11\/1571001923.1373-800x533.png 800w, https:\/\/lfsportevents.pl\/openfutsal\/wp-content\/uploads\/2024\/11\/1571001923.1373-270x180.png 270w, https:\/\/lfsportevents.pl\/openfutsal\/wp-content\/uploads\/2024\/11\/1571001923.1373-450x300.png 450w, https:\/\/lfsportevents.pl\/openfutsal\/wp-content\/uploads\/2024\/11\/1571001923.1373-750x500.png 750w\" sizes=\"(max-width: 1200px) 100vw, 1200px\" \/><\/p>\n<p>&nbsp;<\/p>\n","protected":false},"excerpt":{"rendered":"<p>HALA WIDOWISKO \u2013SPORTOWA mosir nowy s\u0105cz nadbrze\u017cna 34, 33-300 nowy s\u0105cz &nbsp;<\/p>\n","protected":false},"author":1,"featured_media":0,"parent":10576,"menu_order":0,"comment_status":"closed","ping_status":"closed","template":"","meta":[],"_links":{"self":[{"href":"https:\/\/lfsportevents.pl\/openfutsal\/wp-json\/wp\/v2\/pages\/10582"}],"collection":[{"href":"https:\/\/lfsportevents.pl\/openfutsal\/wp-json\/wp\/v2\/pages"}],"about":[{"href":"https:\/\/lfsportevents.pl\/openfutsal\/wp-json\/wp\/v2\/types\/page"}],"author":[{"embeddable":true,"href":"https:\/\/lfsportevents.pl\/openfutsal\/wp-json\/wp\/v2\/users\/1"}],"replies":[{"embeddable":true,"href":"https:\/\/lfsportevents.pl\/openfutsal\/wp-json\/wp\/v2\/comments?post=10582"}],"version-history":[{"count":3,"href":"https:\/\/lfsportevents.pl\/openfutsal\/wp-json\/wp\/v2\/pages\/10582\/revisions"}],"predecessor-version":[{"id":12617,"href":"https:\/\/lfsportevents.pl\/openfutsal\/wp-json\/wp\/v2\/pages\/10582\/revisions\/12617"}],"up":[{"embeddable":true,"href":"https:\/\/lfsportevents.pl\/openfutsal\/wp-json\/wp\/v2\/pages\/10576"}],"wp:attachment":[{"href":"https:\/\/lfsportevents.pl\/openfutsal\/wp-json\/wp\/v2\/media?parent=10582"}],"curies":[{"name":"wp","href":"https:\/\/api.w.org\/{rel}","templated":true}]}}