{"id":10556,"date":"2022-11-14T12:28:18","date_gmt":"2022-11-14T11:28:18","guid":{"rendered":"https:\/\/lfsportevents.pl\/openfutsal\/?page_id=10556"},"modified":"2025-11-25T00:42:10","modified_gmt":"2025-11-24T23:42:10","slug":"terminarz-wyniki","status":"publish","type":"page","link":"https:\/\/lfsportevents.pl\/openfutsal\/turniej-jesienny\/terminarz-wyniki\/","title":{"rendered":"Terminarz \/ Wyniki"},"content":{"rendered":"<p><strong><span style=\"color: #ff0000;\">GRUPA A \u2013 GRUPA B<\/span><\/strong><br \/>\nINSTALSERVICE : BLACK SHEEP 3 : 4<br \/>\nROLBUD : GENTELMEN UNITED 4 : 0<br \/>\nORANJEGROEP TEAM : PRESTIGE HOUSE 1 : 4<br \/>\nSTAL-BUD : BARTKOP 1 : 3<br \/>\nINSTALSERVICE : GENTELMEN UNITED 2 : 1<br \/>\nROLBUD : BLACK SHEEP 2 : 2<br \/>\nORANJEGROEP : BARTKOP 1 : 3<br \/>\nSTAL-BUD : PRESTIGE HOUSE 0 : 5<br \/>\nROLBUD : INSTALSERVICE 3 : 0<br \/>\nBLACK SHEEP : GENTELMEN UNITED 5 : 1<br \/>\nPRESTIGE HOUSE : BARTKOP 2 : 0<br \/>\nSTAL-BUD : ORANJEGROEP TEAM 0 : 1<\/p>\n<p>\u26bd <strong><span style=\"color: #ff0000;\">GRUPA A:<\/span><\/strong><br \/>\n1. Rolbud (7 pkt) AWANS<br \/>\n2. Black Sheep (7 pkt) AWANS<br \/>\n3. Instalservice (3 pkt)<br \/>\n4. Gentelmen United (0 pkt)<\/p>\n<p>\u26bd <strong><span style=\"color: #ff0000;\">GRUPA B:<\/span><\/strong><br \/>\n1. Prestige House (9 pkt) AWANS<br \/>\n2. Bartkop (6 pkt) AWANS<br \/>\n3. Oranjegroep Team (3 pkt)<br \/>\n4. Stal-Bud (0 pkt)<\/p>\n<p><strong><span style=\"color: #ff0000;\">GRUPA C \u2013 GRUPA D<\/span><\/strong><br \/>\nCATALONIA TEAM : ALU4YOU 2 : 1<br \/>\nDRINK TEAM : TAJWAN FC 3 : 0<br \/>\nKRMOB : FAMILY TEAM 2 : 1<br \/>\nGALACTICOS\/BOGDA\u0143SKI : BURKINA FASO 9 : 1<br \/>\nCATALONIA TEAM : TAJWAN FC 0 : 2<br \/>\nDRINK TEAM : ALU4YOU 1 : 0<br \/>\nKRMOB : BURKINA FASO 1 : 1<br \/>\nGALACTICOS\/BOGDA\u0143SKI : FAMILY TEAM 2 : 1<br \/>\nDRINK TEAM : CATALONIA TEAM 9 : 0<br \/>\nALU4YOU : TAJWAN FC 0 : 5<br \/>\nFAMILY TEAM : BURKINA FASO 5 : 5<br \/>\nGALACTICOS\/BOGDA\u0143SKI : KRMOB 1 : 0<\/p>\n<p><strong><span style=\"color: #ff0000;\">\u26bd GRUPA C:<\/span><\/strong><br \/>\n1. Drink Team (9 pkt) AWANS<br \/>\n2. Tajwan FC (6 pkt) AWANS<br \/>\n3. Catalonia Team (3 pkt)<br \/>\n4. Alu4You (0 pkt)<\/p>\n<p><strong><span style=\"color: #ff0000;\">\u26bd GRUPA D:<\/span><\/strong><br \/>\n1. Galacticos\/Bogda\u0144ski (9 pkt) AWANS<br \/>\n2. KrMob (4 pkt) AWANS<br \/>\n3. Burkina Faso (2 pkt)<br \/>\n4. Family Team (1 pkt)<\/p>\n<p><strong><span style=\"color: #ff0000;\">GRUPA E \u2013 GRUPA F<\/span><\/strong><br \/>\nKKS STAVA : WHISKEY LOVERS 1 : 4<br \/>\nAGROM-BUD TEAM : PABUD 1 : 0<br \/>\nMERX : CZARNI NA FALI 0 : 3<br \/>\nLA NEPIWO : SAN ESCOBAR 4 : 0<br \/>\nKKS STAVA : PABUD 0 : 1<br \/>\nAGROM-BUD TEAM : WHISKEY LOVERS 0 : 0<br \/>\nMERX : SAN ESCOBAR 2 :3<br \/>\nLA NEPIWO : CZARNI NA FALI 4 :0<br \/>\nAGROM-BUD TEAM : KKS STAVA 5 : 0<br \/>\nWHISKEY LOVERS : PABUD 0 : 1<br \/>\nCZARNI NA FALI : SAN ESCOBAR 2 : 1<br \/>\nLA NEPIWO : MERX 2 : 1<\/p>\n<p><strong><span style=\"color: #ff0000;\">\u26bd GRUPA E:<\/span><\/strong><br \/>\n1. Agrom Bud-Team (7 pkt) AWANS<br \/>\n2. Pabud (6 pkt) AWANS<br \/>\n3. Whiskey Lovers (4 pkt)<br \/>\n4. KKS Stava (0 pkt)<\/p>\n<p><strong><span style=\"color: #ff0000;\">\u26bd GRUPA F:<\/span><\/strong><br \/>\n1. La Nepiwo (9 pkt) AWANS<br \/>\n2. Czarni na Fali (6 pkt) AWANS<br \/>\n3. San Escobar (3 pkt)<br \/>\n4. Merx (0 pkt)<\/p>\n<p><strong><span style=\"color: #ff0000;\">GRUPA G \u2013 GRUPA H<\/span><\/strong><br \/>\nDG FUTSAL MSZANA DOLNA : ENERGY TEAM 10 : 0<br \/>\nMAK-BUD : ALEX ZAKLICZYN 1 : 0<br \/>\nHAL-MONT BOCHNIA : LE\u015aNE DZIADKI 3 : 1<br \/>\nALKOBOYE : HURAGAN WAKSMUND 3 : 0<br \/>\nDG FUTSAL MSZANA DOLNA : ALEX ZAKLICZYN 1 : 4<br \/>\nMAK-BUD : ENERGY TEAM 11 : 0<br \/>\nHAL-MONT BOCHNIA : HURAGAN WAKSMUND 1 : 0<br \/>\nALKOBOYE : LE\u015aNE DZIADKI 1 : 1<br \/>\nMAK-BUD : DG FUTSAL MSZANA DOLNA 1 : 2<br \/>\nENERGY TEAM : ALEX ZAKLICZYN 0 : 2<br \/>\nLE\u015aNE DZIADKI : HURAGAN WAKSMUND 5 : 0<br \/>\nALKOBOYE : HAL-MONT BOCHNIA 1 : 2<\/p>\n<p><strong><span style=\"color: #ff0000;\">\u26bd GRUPA G:<\/span><\/strong><br \/>\n1. Alex Zakliczyn (6 pkt) AWANS<br \/>\n2. Mak-Bud (6 pkt) AWANS<br \/>\n3. DG Mszana Dolna (6 pkt)<br \/>\n4. Energy Team (0 pkt)<\/p>\n<p><strong><span style=\"color: #ff0000;\">\u26bd GRUPA H:<\/span><\/strong><br \/>\n1. Hal-Mont Bochnia (9 pkt) AWANS<br \/>\n2. Le\u015bne Dziadki (4 pkt) AWANS<br \/>\n3. Alkoboye (4 pkt)<br \/>\n4. Huragan Waksmund (0 pkt)<\/p>\n<p><strong><span style=\"color: #ff0000;\">MECZE 1\/8<\/span><\/strong><br \/>\nROLBUD : LE\u015aNE DZIADKI 0 : 0 (k. 3 : 2)<br \/>\nPRESTIGE HOUSE : MAK-BUD 1 : 1 (k. 4 : 3)<br \/>\nDRINK TEAM : CZARNI NA FALI 2 : 1<br \/>\nGALACTICOS\/BOGDA\u0143SKI : PABUD 2 : 2 (k. 2 : 0)<br \/>\nAGROM-BUD TEAM : KRMOB 0 : 0 (k. 6 : 5)<br \/>\nLA NEPIWO : TAJWAN FC 3 : 0<br \/>\nALEX ZAKLICZYN : BARTKOP 0 : 2<br \/>\nHAL-MONT BOCHNIA : BLACK SHEEP 3 : 0<\/p>\n<p><strong><span style=\"color: #ff0000;\">\u0106WIER\u0106FINA\u0141Y<\/span><\/strong><br \/>\nROLBUD : PRESTIGE HOUSE 1 : 2<br \/>\nDRINK TEAM : GALACTICOS TEAM 1 : 2<br \/>\nAGROM-BUD TEAM : LA NEPIWO 1 : 1 (k. 3 : 2)<br \/>\nBARTKOP : HAL-MONT BOCHNIA 0 : 1<\/p>\n<p><strong><span style=\"color: #ff0000;\">P\u00d3\u0141FINA\u0141Y<\/span><\/strong><br \/>\nPRESTIGE HOUSE : GALACTICOS\/BOGDA\u0143SKI 1 : 4<br \/>\nAGROM-BUD TEAM : HAL-MONT BOCHNIA 1 : 0<\/p>\n<p><strong><span style=\"color: #ff0000;\">MECZ O 3 MIEJSCE<\/span><\/strong><br \/>\nPRESTIGE HOUSE : HAL-MONT BOCHNIA 2 : 0<\/p>\n<p><strong><span style=\"color: #ff0000;\">FINA\u0141<\/span><\/strong><br \/>\nGALACTICOS\/BOGDA\u0143SKI : AGROM-BUD TEAM 1 : 0<\/p>\n","protected":false},"excerpt":{"rendered":"<p>GRUPA A \u2013 GRUPA B INSTALSERVICE : BLACK SHEEP 3 : 4 ROLBUD : GENTELMEN UNITED 4 : 0 ORANJEGROEP TEAM : PRESTIGE HOUSE 1 : 4 STAL-BUD : BARTKOP 1 : 3 INSTALSERVICE : GENTELMEN UNITED 2 : 1 ROLBUD : BLACK SHEEP 2 : 2 ORANJEGROEP : BARTKOP 1 : 3 STAL-BUD : [&hellip;]<\/p>\n","protected":false},"author":1,"featured_media":0,"parent":10548,"menu_order":0,"comment_status":"closed","ping_status":"closed","template":"","meta":[],"_links":{"self":[{"href":"https:\/\/lfsportevents.pl\/openfutsal\/wp-json\/wp\/v2\/pages\/10556"}],"collection":[{"href":"https:\/\/lfsportevents.pl\/openfutsal\/wp-json\/wp\/v2\/pages"}],"about":[{"href":"https:\/\/lfsportevents.pl\/openfutsal\/wp-json\/wp\/v2\/types\/page"}],"author":[{"embeddable":true,"href":"https:\/\/lfsportevents.pl\/openfutsal\/wp-json\/wp\/v2\/users\/1"}],"replies":[{"embeddable":true,"href":"https:\/\/lfsportevents.pl\/openfutsal\/wp-json\/wp\/v2\/comments?post=10556"}],"version-history":[{"count":3,"href":"https:\/\/lfsportevents.pl\/openfutsal\/wp-json\/wp\/v2\/pages\/10556\/revisions"}],"predecessor-version":[{"id":13094,"href":"https:\/\/lfsportevents.pl\/openfutsal\/wp-json\/wp\/v2\/pages\/10556\/revisions\/13094"}],"up":[{"embeddable":true,"href":"https:\/\/lfsportevents.pl\/openfutsal\/wp-json\/wp\/v2\/pages\/10548"}],"wp:attachment":[{"href":"https:\/\/lfsportevents.pl\/openfutsal\/wp-json\/wp\/v2\/media?parent=10556"}],"curies":[{"name":"wp","href":"https:\/\/api.w.org\/{rel}","templated":true}]}}