{"id":5305,"date":"2017-03-15T11:07:29","date_gmt":"2017-03-15T10:07:29","guid":{"rendered":"https:\/\/lfsportevents.pl\/ligaorlika2025\/?page_id=5305"},"modified":"2025-09-15T09:38:25","modified_gmt":"2025-09-15T07:38:25","slug":"video","status":"publish","type":"page","link":"https:\/\/lfsportevents.pl\/ligaorlika2025\/ii-liga\/video\/","title":{"rendered":"Video"},"content":{"rendered":"<p><iframe loading=\"lazy\" title=\"Libella Truck FC Mistrzem Sufigs II Ligi Orlika\" width=\"620\" height=\"349\" src=\"https:\/\/www.youtube.com\/embed\/vngyhXNjIHE?feature=oembed\" frameborder=\"0\" allow=\"accelerometer; autoplay; clipboard-write; encrypted-media; gyroscope; picture-in-picture; web-share\" referrerpolicy=\"strict-origin-when-cross-origin\" allowfullscreen><\/iframe><\/p>\n<p><iframe loading=\"lazy\" title=\"Krzysztof Su\u0142kowski (Mawa Wyko\u0144czenia Wn\u0119trz)\" width=\"620\" height=\"349\" src=\"https:\/\/www.youtube.com\/embed\/f0BhE0c0ZCk?feature=oembed\" frameborder=\"0\" allow=\"accelerometer; autoplay; clipboard-write; encrypted-media; gyroscope; picture-in-picture; web-share\" referrerpolicy=\"strict-origin-when-cross-origin\" allowfullscreen><\/iframe><\/p>\n<p><iframe loading=\"lazy\" title=\"Daniel Bochenek (Pabud)\" width=\"620\" height=\"349\" src=\"https:\/\/www.youtube.com\/embed\/D7cg8iIKF3k?feature=oembed\" frameborder=\"0\" allow=\"accelerometer; autoplay; clipboard-write; encrypted-media; gyroscope; picture-in-picture; web-share\" referrerpolicy=\"strict-origin-when-cross-origin\" allowfullscreen><\/iframe><\/p>\n<p><iframe loading=\"lazy\" title=\"Marcin Pi\u0119ko\u015b (Protel)\" width=\"620\" height=\"349\" src=\"https:\/\/www.youtube.com\/embed\/fqDU_-4vjik?feature=oembed\" frameborder=\"0\" allow=\"accelerometer; autoplay; clipboard-write; encrypted-media; gyroscope; picture-in-picture; web-share\" referrerpolicy=\"strict-origin-when-cross-origin\" allowfullscreen><\/iframe><\/p>\n<p><iframe loading=\"lazy\" title=\"Arkadiusz Koszut (Pabud)\" width=\"620\" height=\"349\" src=\"https:\/\/www.youtube.com\/embed\/TMRAkU5k6wY?feature=oembed\" frameborder=\"0\" allow=\"accelerometer; autoplay; clipboard-write; encrypted-media; gyroscope; picture-in-picture; web-share\" referrerpolicy=\"strict-origin-when-cross-origin\" allowfullscreen><\/iframe><\/p>\n<p><iframe loading=\"lazy\" title=\"Maciej Mateja (Batimowcy)\" width=\"620\" height=\"349\" src=\"https:\/\/www.youtube.com\/embed\/UgWVD3KyReM?feature=oembed\" frameborder=\"0\" allow=\"accelerometer; autoplay; clipboard-write; encrypted-media; gyroscope; picture-in-picture; web-share\" referrerpolicy=\"strict-origin-when-cross-origin\" allowfullscreen><\/iframe><\/p>\n<p><iframe loading=\"lazy\" title=\"Andrzej Pestkowski (Baz Pal)\" width=\"620\" height=\"349\" src=\"https:\/\/www.youtube.com\/embed\/0S4sOJDdVns?feature=oembed\" frameborder=\"0\" allow=\"accelerometer; autoplay; clipboard-write; encrypted-media; gyroscope; picture-in-picture; web-share\" referrerpolicy=\"strict-origin-when-cross-origin\" allowfullscreen><\/iframe><\/p>\n<p><iframe loading=\"lazy\" title=\"Dominik Biel (Gotoma)\" width=\"620\" height=\"349\" src=\"https:\/\/www.youtube.com\/embed\/a1r1gVEi2qk?feature=oembed\" frameborder=\"0\" allow=\"accelerometer; autoplay; clipboard-write; encrypted-media; gyroscope; picture-in-picture; web-share\" referrerpolicy=\"strict-origin-when-cross-origin\" allowfullscreen><\/iframe><\/p>\n<p><iframe loading=\"lazy\" title=\"\u0141ukasz Krzak (Auto Spa Greenpowerns)\" width=\"620\" height=\"349\" src=\"https:\/\/www.youtube.com\/embed\/sdAtHSE8Nk0?feature=oembed\" frameborder=\"0\" allow=\"accelerometer; autoplay; clipboard-write; encrypted-media; gyroscope; picture-in-picture; web-share\" referrerpolicy=\"strict-origin-when-cross-origin\" allowfullscreen><\/iframe><\/p>\n<p><iframe loading=\"lazy\" title=\"Szymon Bieryt (Libella Truck FC)\" width=\"620\" height=\"349\" src=\"https:\/\/www.youtube.com\/embed\/tZui97EYLjk?feature=oembed\" frameborder=\"0\" allow=\"accelerometer; autoplay; clipboard-write; encrypted-media; gyroscope; picture-in-picture; web-share\" referrerpolicy=\"strict-origin-when-cross-origin\" allowfullscreen><\/iframe><\/p>\n<p><iframe loading=\"lazy\" title=\"Szymon Kruczek (Gotoma)\" width=\"620\" height=\"349\" src=\"https:\/\/www.youtube.com\/embed\/jo5o_4XxMTQ?feature=oembed\" frameborder=\"0\" allow=\"accelerometer; autoplay; clipboard-write; encrypted-media; gyroscope; picture-in-picture; web-share\" referrerpolicy=\"strict-origin-when-cross-origin\" allowfullscreen><\/iframe><\/p>\n<p><iframe loading=\"lazy\" title=\"Damian N\u0119dza (Batimowcy)\" width=\"620\" height=\"349\" src=\"https:\/\/www.youtube.com\/embed\/QuXsg2FJMug?feature=oembed\" frameborder=\"0\" allow=\"accelerometer; autoplay; clipboard-write; encrypted-media; gyroscope; picture-in-picture; web-share\" referrerpolicy=\"strict-origin-when-cross-origin\" allowfullscreen><\/iframe><\/p>\n<p><iframe loading=\"lazy\" title=\"Krzysztof Twardowski (Auto Spa Greenpowerns)\" width=\"620\" height=\"349\" src=\"https:\/\/www.youtube.com\/embed\/YmPOGzVZPpA?feature=oembed\" frameborder=\"0\" allow=\"accelerometer; autoplay; clipboard-write; encrypted-media; gyroscope; picture-in-picture; web-share\" referrerpolicy=\"strict-origin-when-cross-origin\" allowfullscreen><\/iframe><\/p>\n<p><iframe loading=\"lazy\" title=\"Grzegorz Knurowski (Budolex)\" width=\"620\" height=\"349\" src=\"https:\/\/www.youtube.com\/embed\/9NIT36WMnqw?feature=oembed\" frameborder=\"0\" allow=\"accelerometer; autoplay; clipboard-write; encrypted-media; gyroscope; picture-in-picture; web-share\" referrerpolicy=\"strict-origin-when-cross-origin\" allowfullscreen><\/iframe><\/p>\n<p><iframe loading=\"lazy\" title=\"Janusz Tokarczyk (Protel)\" width=\"620\" height=\"349\" src=\"https:\/\/www.youtube.com\/embed\/quBA870XdLQ?feature=oembed\" frameborder=\"0\" allow=\"accelerometer; autoplay; clipboard-write; encrypted-media; gyroscope; picture-in-picture; web-share\" referrerpolicy=\"strict-origin-when-cross-origin\" allowfullscreen><\/iframe><\/p>\n<p><iframe loading=\"lazy\" title=\"Krzysztof Kr\u00f3l (Bruk Ogr\u00f3d Nowak)\" width=\"620\" height=\"349\" src=\"https:\/\/www.youtube.com\/embed\/SGPc7Ai3B1E?feature=oembed\" frameborder=\"0\" allow=\"accelerometer; autoplay; clipboard-write; encrypted-media; gyroscope; picture-in-picture; web-share\" referrerpolicy=\"strict-origin-when-cross-origin\" allowfullscreen><\/iframe><\/p>\n<p><iframe loading=\"lazy\" title=\"Mateusz Borek (Pabud)\" width=\"620\" height=\"349\" src=\"https:\/\/www.youtube.com\/embed\/poYu0SBWa30?feature=oembed\" frameborder=\"0\" allow=\"accelerometer; autoplay; clipboard-write; encrypted-media; gyroscope; picture-in-picture; web-share\" referrerpolicy=\"strict-origin-when-cross-origin\" allowfullscreen><\/iframe><\/p>\n<p><iframe loading=\"lazy\" title=\"Wiktor Bodziony (Gotoma)\" width=\"620\" height=\"349\" src=\"https:\/\/www.youtube.com\/embed\/slvuWMJOVAg?feature=oembed\" frameborder=\"0\" allow=\"accelerometer; autoplay; clipboard-write; encrypted-media; gyroscope; picture-in-picture; web-share\" referrerpolicy=\"strict-origin-when-cross-origin\" allowfullscreen><\/iframe><\/p>\n<p><iframe loading=\"lazy\" title=\"\u0141ukasz Czoch (Auto Spa Greenpowerns)\" width=\"620\" height=\"349\" src=\"https:\/\/www.youtube.com\/embed\/asEuu-r7Gpo?feature=oembed\" frameborder=\"0\" allow=\"accelerometer; autoplay; clipboard-write; encrypted-media; gyroscope; picture-in-picture; web-share\" referrerpolicy=\"strict-origin-when-cross-origin\" allowfullscreen><\/iframe><\/p>\n<p><iframe loading=\"lazy\" title=\"Hubert Kasperski (Libella Truck FC)\" width=\"620\" height=\"349\" src=\"https:\/\/www.youtube.com\/embed\/mibTMZTCLKE?feature=oembed\" frameborder=\"0\" allow=\"accelerometer; autoplay; clipboard-write; encrypted-media; gyroscope; picture-in-picture; web-share\" referrerpolicy=\"strict-origin-when-cross-origin\" allowfullscreen><\/iframe><\/p>\n<p><iframe loading=\"lazy\" title=\"Pawe\u0142 Lompart (Protel)\" width=\"620\" height=\"349\" src=\"https:\/\/www.youtube.com\/embed\/_MreUAINZGo?feature=oembed\" frameborder=\"0\" allow=\"accelerometer; autoplay; clipboard-write; encrypted-media; gyroscope; picture-in-picture; web-share\" referrerpolicy=\"strict-origin-when-cross-origin\" allowfullscreen><\/iframe><\/p>\n<p><iframe loading=\"lazy\" title=\"Dariusz Wilczy\u0144ski (Mawa Wyko\u0144czenia Wn\u0119trz)\" width=\"620\" height=\"349\" src=\"https:\/\/www.youtube.com\/embed\/NSQ2ORtr50g?feature=oembed\" frameborder=\"0\" allow=\"accelerometer; autoplay; clipboard-write; encrypted-media; gyroscope; picture-in-picture; web-share\" referrerpolicy=\"strict-origin-when-cross-origin\" allowfullscreen><\/iframe><\/p>\n<p><iframe loading=\"lazy\" title=\"\u0141ukasz Jurczak (Pabud)\" width=\"620\" height=\"349\" src=\"https:\/\/www.youtube.com\/embed\/KXm-x8SePis?feature=oembed\" frameborder=\"0\" allow=\"accelerometer; autoplay; clipboard-write; encrypted-media; gyroscope; picture-in-picture; web-share\" referrerpolicy=\"strict-origin-when-cross-origin\" allowfullscreen><\/iframe><\/p>\n<p><iframe loading=\"lazy\" title=\"Marcin Gwi\u017cd\u017c (Budolex)\" width=\"620\" height=\"349\" src=\"https:\/\/www.youtube.com\/embed\/oEuiBMZKl1U?feature=oembed\" frameborder=\"0\" allow=\"accelerometer; autoplay; clipboard-write; encrypted-media; gyroscope; picture-in-picture; web-share\" referrerpolicy=\"strict-origin-when-cross-origin\" allowfullscreen><\/iframe><\/p>\n<p><iframe loading=\"lazy\" title=\"Damian Olesiak (Libella Truck FC)\" width=\"620\" height=\"349\" src=\"https:\/\/www.youtube.com\/embed\/JMuAzpgK2jc?feature=oembed\" frameborder=\"0\" allow=\"accelerometer; autoplay; clipboard-write; encrypted-media; gyroscope; picture-in-picture; web-share\" referrerpolicy=\"strict-origin-when-cross-origin\" allowfullscreen><\/iframe><\/p>\n<p><iframe loading=\"lazy\" title=\"Tomasz Go\u0142\u0105b (Gotoma)\" width=\"620\" height=\"349\" src=\"https:\/\/www.youtube.com\/embed\/dhXAiUfoqsE?feature=oembed\" frameborder=\"0\" allow=\"accelerometer; autoplay; clipboard-write; encrypted-media; gyroscope; picture-in-picture; web-share\" referrerpolicy=\"strict-origin-when-cross-origin\" allowfullscreen><\/iframe><\/p>\n<p><iframe loading=\"lazy\" title=\"Sebastian Migacz (Protel)\" width=\"620\" height=\"349\" src=\"https:\/\/www.youtube.com\/embed\/YIcTVx-23VI?feature=oembed\" frameborder=\"0\" allow=\"accelerometer; autoplay; clipboard-write; encrypted-media; gyroscope; picture-in-picture; web-share\" referrerpolicy=\"strict-origin-when-cross-origin\" allowfullscreen><\/iframe><\/p>\n<p><iframe loading=\"lazy\" title=\"Piotr Che\u0142mecki (Baz Pal)\" width=\"620\" height=\"349\" src=\"https:\/\/www.youtube.com\/embed\/GEySB9qLWPg?feature=oembed\" frameborder=\"0\" allow=\"accelerometer; autoplay; clipboard-write; encrypted-media; gyroscope; picture-in-picture; web-share\" referrerpolicy=\"strict-origin-when-cross-origin\" allowfullscreen><\/iframe><\/p>\n<p><iframe loading=\"lazy\" title=\"Jan Michalik (Mawa Wyko\u0144czenia Wn\u0119trz)\" width=\"620\" height=\"349\" src=\"https:\/\/www.youtube.com\/embed\/HGLZ3pCzi5A?feature=oembed\" frameborder=\"0\" allow=\"accelerometer; autoplay; clipboard-write; encrypted-media; gyroscope; picture-in-picture; web-share\" referrerpolicy=\"strict-origin-when-cross-origin\" allowfullscreen><\/iframe><\/p>\n<p><iframe loading=\"lazy\" title=\"Daniel Skrzypiec (Bruk Ogr\u00f3d Nowak)\" width=\"620\" height=\"349\" src=\"https:\/\/www.youtube.com\/embed\/OTovf49ZE5o?feature=oembed\" frameborder=\"0\" allow=\"accelerometer; autoplay; clipboard-write; encrypted-media; gyroscope; picture-in-picture; web-share\" referrerpolicy=\"strict-origin-when-cross-origin\" allowfullscreen><\/iframe><\/p>\n<p><iframe loading=\"lazy\" title=\"Pawe\u0142 Hasior (Pabud)\" width=\"620\" height=\"349\" src=\"https:\/\/www.youtube.com\/embed\/HZL9IJ30IIw?feature=oembed\" frameborder=\"0\" allow=\"accelerometer; autoplay; clipboard-write; encrypted-media; gyroscope; picture-in-picture; web-share\" referrerpolicy=\"strict-origin-when-cross-origin\" allowfullscreen><\/iframe><\/p>\n<p><iframe loading=\"lazy\" title=\"Kamil Trojanowski (Batimowcy)\" width=\"620\" height=\"349\" src=\"https:\/\/www.youtube.com\/embed\/okmCpZ3QW3Y?feature=oembed\" frameborder=\"0\" allow=\"accelerometer; autoplay; clipboard-write; encrypted-media; gyroscope; picture-in-picture; web-share\" referrerpolicy=\"strict-origin-when-cross-origin\" allowfullscreen><\/iframe><\/p>\n<p><iframe loading=\"lazy\" title=\"Mateusz Szkar\u0142at (Auto Spa Greenpowerns)\" width=\"620\" height=\"349\" src=\"https:\/\/www.youtube.com\/embed\/eofCtqUIvyk?feature=oembed\" frameborder=\"0\" allow=\"accelerometer; autoplay; clipboard-write; encrypted-media; gyroscope; picture-in-picture; web-share\" referrerpolicy=\"strict-origin-when-cross-origin\" allowfullscreen><\/iframe><\/p>\n<p><iframe loading=\"lazy\" title=\"Andrzej Pestkowski (Baz Pal)\" width=\"620\" height=\"349\" src=\"https:\/\/www.youtube.com\/embed\/rJzCOTCgIN4?feature=oembed\" frameborder=\"0\" allow=\"accelerometer; autoplay; clipboard-write; encrypted-media; gyroscope; picture-in-picture; web-share\" referrerpolicy=\"strict-origin-when-cross-origin\" allowfullscreen><\/iframe><\/p>\n<p><iframe loading=\"lazy\" title=\"Adam Grzegorzek (Budolex)\" width=\"620\" height=\"349\" src=\"https:\/\/www.youtube.com\/embed\/gem39RJ2Dhc?feature=oembed\" frameborder=\"0\" allow=\"accelerometer; autoplay; clipboard-write; encrypted-media; gyroscope; picture-in-picture; web-share\" referrerpolicy=\"strict-origin-when-cross-origin\" allowfullscreen><\/iframe><\/p>\n<p><iframe loading=\"lazy\" title=\"Maciej Dusza (Mawa Wyko\u0144czenia Wn\u0119trz)\" width=\"620\" height=\"349\" src=\"https:\/\/www.youtube.com\/embed\/q4kYLg11ykU?feature=oembed\" frameborder=\"0\" allow=\"accelerometer; autoplay; clipboard-write; encrypted-media; gyroscope; picture-in-picture; web-share\" referrerpolicy=\"strict-origin-when-cross-origin\" allowfullscreen><\/iframe><\/p>\n<p><iframe loading=\"lazy\" title=\"Ivan Struts (Auto Spa Greenpowerns)\" width=\"620\" height=\"349\" src=\"https:\/\/www.youtube.com\/embed\/BKCjx0p6lXM?feature=oembed\" frameborder=\"0\" allow=\"accelerometer; autoplay; clipboard-write; encrypted-media; gyroscope; picture-in-picture; web-share\" referrerpolicy=\"strict-origin-when-cross-origin\" allowfullscreen><\/iframe><\/p>\n<p><iframe loading=\"lazy\" title=\"Daniel Bochenek (Pabud)\" width=\"620\" height=\"349\" src=\"https:\/\/www.youtube.com\/embed\/KXAVgOAaSAM?feature=oembed\" frameborder=\"0\" allow=\"accelerometer; autoplay; clipboard-write; encrypted-media; gyroscope; picture-in-picture; web-share\" referrerpolicy=\"strict-origin-when-cross-origin\" allowfullscreen><\/iframe><\/p>\n<p><iframe loading=\"lazy\" title=\"Jacek Wojs\u0142aw (Protel)\" width=\"620\" height=\"349\" src=\"https:\/\/www.youtube.com\/embed\/FowBKMbbhVY?feature=oembed\" frameborder=\"0\" allow=\"accelerometer; autoplay; clipboard-write; encrypted-media; gyroscope; picture-in-picture; web-share\" referrerpolicy=\"strict-origin-when-cross-origin\" allowfullscreen><\/iframe><\/p>\n<p><iframe loading=\"lazy\" title=\"Damian Olesiak (Libella Truck FC)\" width=\"620\" height=\"349\" src=\"https:\/\/www.youtube.com\/embed\/vbUv0CLNv50?feature=oembed\" frameborder=\"0\" allow=\"accelerometer; autoplay; clipboard-write; encrypted-media; gyroscope; picture-in-picture; web-share\" referrerpolicy=\"strict-origin-when-cross-origin\" allowfullscreen><\/iframe><\/p>\n<p><iframe loading=\"lazy\" title=\"\u0141ukasz O\u017c\u00f3g (Batimowcy)\" width=\"620\" height=\"349\" src=\"https:\/\/www.youtube.com\/embed\/XZEcD3Q9XwM?feature=oembed\" frameborder=\"0\" allow=\"accelerometer; autoplay; clipboard-write; encrypted-media; gyroscope; picture-in-picture; web-share\" referrerpolicy=\"strict-origin-when-cross-origin\" allowfullscreen><\/iframe><\/p>\n<p><iframe loading=\"lazy\" title=\"Mateusz Kr\u00f3l (Bruk Ogr\u00f3d Nowak)\" width=\"620\" height=\"349\" src=\"https:\/\/www.youtube.com\/embed\/nYqI3uQ8qA8?feature=oembed\" frameborder=\"0\" allow=\"accelerometer; autoplay; clipboard-write; encrypted-media; gyroscope; picture-in-picture; web-share\" referrerpolicy=\"strict-origin-when-cross-origin\" allowfullscreen><\/iframe><\/p>\n<p><iframe loading=\"lazy\" title=\"Pawe\u0142 Wi\u0119c\u0142awek (Gotoma)\" width=\"620\" height=\"349\" src=\"https:\/\/www.youtube.com\/embed\/omA5AGVqv9g?feature=oembed\" frameborder=\"0\" allow=\"accelerometer; autoplay; clipboard-write; encrypted-media; gyroscope; picture-in-picture; web-share\" referrerpolicy=\"strict-origin-when-cross-origin\" allowfullscreen><\/iframe><\/p>\n<p><iframe loading=\"lazy\" title=\"Antoni Masa\u0142ka (Protel)\" width=\"620\" height=\"349\" src=\"https:\/\/www.youtube.com\/embed\/ueSj_y47I9M?feature=oembed\" frameborder=\"0\" allow=\"accelerometer; autoplay; clipboard-write; encrypted-media; gyroscope; picture-in-picture; web-share\" referrerpolicy=\"strict-origin-when-cross-origin\" allowfullscreen><\/iframe><\/p>\n<p><iframe loading=\"lazy\" title=\"Szymon Bieryt (Libella Truck FC)\" width=\"620\" height=\"349\" src=\"https:\/\/www.youtube.com\/embed\/t0pgyvidG4w?feature=oembed\" frameborder=\"0\" allow=\"accelerometer; autoplay; clipboard-write; encrypted-media; gyroscope; picture-in-picture; web-share\" referrerpolicy=\"strict-origin-when-cross-origin\" allowfullscreen><\/iframe><\/p>\n<p><iframe loading=\"lazy\" title=\"\u0141ukasz Krzak (Auto Spa Greenpowerns)\" width=\"620\" height=\"349\" src=\"https:\/\/www.youtube.com\/embed\/vmDaX1Z36P4?feature=oembed\" frameborder=\"0\" allow=\"accelerometer; autoplay; clipboard-write; encrypted-media; gyroscope; picture-in-picture; web-share\" referrerpolicy=\"strict-origin-when-cross-origin\" allowfullscreen><\/iframe><\/p>\n<p><iframe loading=\"lazy\" title=\"Krzysztof Kr\u00f3l (Bruk Ogr\u00f3d Nowak)\" width=\"620\" height=\"349\" src=\"https:\/\/www.youtube.com\/embed\/vxC80DE3eOc?feature=oembed\" frameborder=\"0\" allow=\"accelerometer; autoplay; clipboard-write; encrypted-media; gyroscope; picture-in-picture; web-share\" referrerpolicy=\"strict-origin-when-cross-origin\" allowfullscreen><\/iframe><\/p>\n<p><iframe loading=\"lazy\" title=\"Maciej Mateja (Batimowcy)\" width=\"620\" height=\"349\" src=\"https:\/\/www.youtube.com\/embed\/HmnjcuP4oe0?feature=oembed\" frameborder=\"0\" allow=\"accelerometer; autoplay; clipboard-write; encrypted-media; gyroscope; picture-in-picture; web-share\" referrerpolicy=\"strict-origin-when-cross-origin\" allowfullscreen><\/iframe><\/p>\n<p><iframe loading=\"lazy\" title=\"Marcin Gwi\u017cd\u017c (Budolex)\" width=\"620\" height=\"349\" src=\"https:\/\/www.youtube.com\/embed\/21XUm3_N5PU?feature=oembed\" frameborder=\"0\" allow=\"accelerometer; autoplay; clipboard-write; encrypted-media; gyroscope; picture-in-picture; web-share\" referrerpolicy=\"strict-origin-when-cross-origin\" allowfullscreen><\/iframe><\/p>\n<p><iframe loading=\"lazy\" title=\"Pawe\u0142 Hasior (Pabud)\" width=\"620\" height=\"349\" src=\"https:\/\/www.youtube.com\/embed\/b9dFC4QplU4?feature=oembed\" frameborder=\"0\" allow=\"accelerometer; autoplay; clipboard-write; encrypted-media; gyroscope; picture-in-picture; web-share\" referrerpolicy=\"strict-origin-when-cross-origin\" allowfullscreen><\/iframe><\/p>\n<p><iframe loading=\"lazy\" title=\"S\u0142awomir Dada\u0142 (Baz Pal)\" width=\"620\" height=\"349\" src=\"https:\/\/www.youtube.com\/embed\/Hokc0FIKEfs?feature=oembed\" frameborder=\"0\" allow=\"accelerometer; autoplay; clipboard-write; encrypted-media; gyroscope; picture-in-picture; web-share\" referrerpolicy=\"strict-origin-when-cross-origin\" allowfullscreen><\/iframe><\/p>\n<p><iframe loading=\"lazy\" title=\"Tomasz Go\u0142\u0105b (Gotoma)\" width=\"620\" height=\"349\" src=\"https:\/\/www.youtube.com\/embed\/49vahZZRKF8?feature=oembed\" frameborder=\"0\" allow=\"accelerometer; autoplay; clipboard-write; encrypted-media; gyroscope; picture-in-picture; web-share\" referrerpolicy=\"strict-origin-when-cross-origin\" allowfullscreen><\/iframe><\/p>\n<p><iframe loading=\"lazy\" title=\"Martin Fa\u0142owski (Libella Truck FC)\" width=\"620\" height=\"349\" src=\"https:\/\/www.youtube.com\/embed\/Tk7_lfaWS0o?feature=oembed\" frameborder=\"0\" allow=\"accelerometer; autoplay; clipboard-write; encrypted-media; gyroscope; picture-in-picture; web-share\" referrerpolicy=\"strict-origin-when-cross-origin\" allowfullscreen><\/iframe><\/p>\n<p><iframe loading=\"lazy\" title=\"Tomasz Antkowicz (Bruk Ogr\u00f3d Nowak)\" width=\"620\" height=\"349\" src=\"https:\/\/www.youtube.com\/embed\/qJxQCyQV_xA?feature=oembed\" frameborder=\"0\" allow=\"accelerometer; autoplay; clipboard-write; encrypted-media; gyroscope; picture-in-picture; web-share\" referrerpolicy=\"strict-origin-when-cross-origin\" allowfullscreen><\/iframe><\/p>\n<p><iframe loading=\"lazy\" title=\"Tomasz Kocio\u0142ek (Protel)\" width=\"620\" height=\"349\" src=\"https:\/\/www.youtube.com\/embed\/8c1bB2AgrOY?feature=oembed\" frameborder=\"0\" allow=\"accelerometer; autoplay; clipboard-write; encrypted-media; gyroscope; picture-in-picture; web-share\" referrerpolicy=\"strict-origin-when-cross-origin\" allowfullscreen><\/iframe><\/p>\n<p><iframe loading=\"lazy\" title=\"Wojciech Cebula (Batimowcy)\" width=\"620\" height=\"349\" src=\"https:\/\/www.youtube.com\/embed\/0R_Q0wf7ums?feature=oembed\" frameborder=\"0\" allow=\"accelerometer; autoplay; clipboard-write; encrypted-media; gyroscope; picture-in-picture; web-share\" referrerpolicy=\"strict-origin-when-cross-origin\" allowfullscreen><\/iframe><\/p>\n<p><iframe loading=\"lazy\" title=\"Norbert Dobosz (Auto Spa Greenpowerns)\" width=\"620\" height=\"349\" src=\"https:\/\/www.youtube.com\/embed\/29JMiOA0RMA?feature=oembed\" frameborder=\"0\" allow=\"accelerometer; autoplay; clipboard-write; encrypted-media; gyroscope; picture-in-picture; web-share\" referrerpolicy=\"strict-origin-when-cross-origin\" allowfullscreen><\/iframe><\/p>\n<p><iframe loading=\"lazy\" title=\"Kacper Pasiut (Pabud)\" width=\"620\" height=\"349\" src=\"https:\/\/www.youtube.com\/embed\/A94ujiAC7TE?feature=oembed\" frameborder=\"0\" allow=\"accelerometer; autoplay; clipboard-write; encrypted-media; gyroscope; picture-in-picture; web-share\" referrerpolicy=\"strict-origin-when-cross-origin\" allowfullscreen><\/iframe><\/p>\n<p><iframe loading=\"lazy\" title=\"Patryk Ligas (Budolex)\" width=\"620\" height=\"349\" src=\"https:\/\/www.youtube.com\/embed\/Nny8NFpbva0?feature=oembed\" frameborder=\"0\" allow=\"accelerometer; autoplay; clipboard-write; encrypted-media; gyroscope; picture-in-picture; web-share\" referrerpolicy=\"strict-origin-when-cross-origin\" allowfullscreen><\/iframe><\/p>\n<p><iframe loading=\"lazy\" title=\"Marcin Pa\u0142ka (Mawa Wyko\u0144czenia Wn\u0119trz)\" width=\"620\" height=\"349\" src=\"https:\/\/www.youtube.com\/embed\/iBClWg-RMHc?feature=oembed\" frameborder=\"0\" allow=\"accelerometer; autoplay; clipboard-write; encrypted-media; gyroscope; picture-in-picture; web-share\" referrerpolicy=\"strict-origin-when-cross-origin\" allowfullscreen><\/iframe><\/p>\n<p><iframe loading=\"lazy\" title=\"Nikodem Sikora (Baz Pal)\" width=\"620\" height=\"349\" src=\"https:\/\/www.youtube.com\/embed\/MjhezozCxkg?feature=oembed\" frameborder=\"0\" allow=\"accelerometer; autoplay; clipboard-write; encrypted-media; gyroscope; picture-in-picture; web-share\" referrerpolicy=\"strict-origin-when-cross-origin\" allowfullscreen><\/iframe><\/p>\n<p><iframe loading=\"lazy\" title=\"Dominik Biel (Gotoma)\" width=\"620\" height=\"349\" src=\"https:\/\/www.youtube.com\/embed\/L8CkvYyxKEM?feature=oembed\" frameborder=\"0\" allow=\"accelerometer; autoplay; clipboard-write; encrypted-media; gyroscope; picture-in-picture; web-share\" referrerpolicy=\"strict-origin-when-cross-origin\" allowfullscreen><\/iframe><\/p>\n","protected":false},"excerpt":{"rendered":"","protected":false},"author":1,"featured_media":0,"parent":5277,"menu_order":0,"comment_status":"closed","ping_status":"closed","template":"","meta":[],"_links":{"self":[{"href":"https:\/\/lfsportevents.pl\/ligaorlika2025\/wp-json\/wp\/v2\/pages\/5305"}],"collection":[{"href":"https:\/\/lfsportevents.pl\/ligaorlika2025\/wp-json\/wp\/v2\/pages"}],"about":[{"href":"https:\/\/lfsportevents.pl\/ligaorlika2025\/wp-json\/wp\/v2\/types\/page"}],"author":[{"embeddable":true,"href":"https:\/\/lfsportevents.pl\/ligaorlika2025\/wp-json\/wp\/v2\/users\/1"}],"replies":[{"embeddable":true,"href":"https:\/\/lfsportevents.pl\/ligaorlika2025\/wp-json\/wp\/v2\/comments?post=5305"}],"version-history":[{"count":2,"href":"https:\/\/lfsportevents.pl\/ligaorlika2025\/wp-json\/wp\/v2\/pages\/5305\/revisions"}],"predecessor-version":[{"id":36586,"href":"https:\/\/lfsportevents.pl\/ligaorlika2025\/wp-json\/wp\/v2\/pages\/5305\/revisions\/36586"}],"up":[{"embeddable":true,"href":"https:\/\/lfsportevents.pl\/ligaorlika2025\/wp-json\/wp\/v2\/pages\/5277"}],"wp:attachment":[{"href":"https:\/\/lfsportevents.pl\/ligaorlika2025\/wp-json\/wp\/v2\/media?parent=5305"}],"curies":[{"name":"wp","href":"https:\/\/api.w.org\/{rel}","templated":true}]}}