{"id":5301,"date":"2017-03-15T11:06:59","date_gmt":"2017-03-15T10:06:59","guid":{"rendered":"https:\/\/lfsportevents.pl\/ligaorlika2025\/?page_id=5301"},"modified":"2025-09-10T08:56:31","modified_gmt":"2025-09-10T06:56:31","slug":"tabela","status":"publish","type":"page","link":"https:\/\/lfsportevents.pl\/ligaorlika2025\/ii-liga\/tabela\/","title":{"rendered":"Tabela"},"content":{"rendered":"<div class=\"legenda\">\n<p>Legenda:<\/p>\n<div class=\"item\"><b>M<\/b>\u00a0= Mecze Rozegrane<\/div>\n<div class=\"item\"><b>Pkt<\/b>\u00a0= Punkty<\/div>\n<div class=\"item\"><b>Z<\/b>\u00a0= Zwyci\u0119stwa<\/div>\n<div class=\"item\"><b>R<\/b>\u00a0= Remisy<\/div>\n<div class=\"item\"><b>P<\/b>\u00a0= Pora\u017cki<\/div>\n<div class=\"item\"><b>BZ<\/b>\u00a0= Bramki zdobyte<\/div>\n<div class=\"item\"><b>BS<\/b>\u00a0= Bramki stracone<\/div>\n<div class=\"item\"><b>+\/-<\/b>\u00a0= R\u00f3\u017cnica bramek<\/div>\n<div class=\"item\"><strong style=\"color: #00ccff;\">Miejsca 1-5<\/strong><span style=\"color: #00ccff;\"> (grupa mistrzowska)<\/span><\/div>\n<div class=\"item\"><span style=\"color: #ff99cc;\"><strong>Miejsca 6-10<\/strong> (grupa spadkowa)<\/span><\/div>\n<div class=\"item\"><span style=\"color: #1dcc54;\"><strong>Miejsce 1-2<\/strong> (bezpo\u015bredni awans do I Ligi)<\/span><\/div>\n<div class=\"item\"><span style=\"color: #38e890;\"><strong>Miejsce 3<\/strong> (bara\u017c z 8 dru\u017cyn\u0105 I Ligi)<\/span><\/div>\n<div class=\"item\"><span style=\"color: #cc99ff;\"><strong>Miejsce 8<\/strong> (bara\u017c z 3 dru\u017cyn\u0105 III Ligi)<\/span><\/div>\n<div class=\"item\"><span style=\"color: #ff0000;\"><strong>Miejsce 8-10<\/strong> (bezpo\u015bredni spadek do III Ligi)<\/span><\/div>\n<\/div>\n<div>\n<h2><span style=\"color: #993300;\"><strong>TABELA 2 RUNDY Z PODZIA\u0141EM NA GRUPY<\/strong><\/span><\/h2>\n<p><div class=\"sportspress\"><div class=\"sp-template sp-template-league-table\">\n\t<h4 class=\"sp-table-caption\">Tabela II Liga &#8211; Grupa Mistrzowska<\/h4><div class=\"sp-table-wrapper\"><table class=\"sp-league-table sp-data-table sp-sortable-table sp-scrollable-table sp-paginated-table\" data-sp-rows=\"16\"><thead><tr><th class=\"data-rank\">Pozycja<\/th><th class=\"data-name\">Klub<\/th><th class=\"data-p\">M<\/th><th class=\"data-pts\">Pkt<\/th><th class=\"data-w\">Z<\/th><th class=\"data-d\">R<\/th><th class=\"data-l\">P<\/th><th class=\"data-f\">BZ<\/th><th class=\"data-a\">BS<\/th><th class=\"data-gd\">+\/-<\/th><\/tr><\/thead><tbody><tr class=\"odd sp-row-no-0\"><td class=\"data-rank\" data-label=\"Pozycja\">1<\/td><td class=\"data-name has-logo\" data-label=\"Klub\"><a href=\"https:\/\/lfsportevents.pl\/ligaorlika2025\/team\/libella-truck-fc\/\"><span class=\"team-logo\"><img width=\"128\" height=\"128\" src=\"https:\/\/lfsportevents.pl\/ligaorlika2025\/wp-content\/uploads\/2024\/04\/Zdjecie1-128x128.jpg\" class=\"attachment-sportspress-fit-icon size-sportspress-fit-icon wp-post-image\" alt=\"\" loading=\"lazy\" \/><\/span>Libella Truck FC<\/a><\/td><td class=\"data-p\" data-label=\"M\">13<\/td><td class=\"data-pts\" data-label=\"Pkt\">30<\/td><td class=\"data-w\" data-label=\"Z\">10<\/td><td class=\"data-d\" data-label=\"R\">0<\/td><td class=\"data-l\" data-label=\"P\">3<\/td><td class=\"data-f\" data-label=\"BZ\">51<\/td><td class=\"data-a\" data-label=\"BS\">44<\/td><td class=\"data-gd\" data-label=\"+\/-\">7<\/td><\/tr><tr class=\"even sp-row-no-1\"><td class=\"data-rank\" data-label=\"Pozycja\">2<\/td><td class=\"data-name has-logo\" data-label=\"Klub\"><a href=\"https:\/\/lfsportevents.pl\/ligaorlika2025\/team\/batimowcy\/\"><span class=\"team-logo\"><img width=\"128\" height=\"128\" src=\"https:\/\/lfsportevents.pl\/ligaorlika2025\/wp-content\/uploads\/2018\/03\/Batimowcy-128x128.png\" class=\"attachment-sportspress-fit-icon size-sportspress-fit-icon wp-post-image\" alt=\"\" loading=\"lazy\" \/><\/span>Batimowcy<\/a><\/td><td class=\"data-p\" data-label=\"M\">13<\/td><td class=\"data-pts\" data-label=\"Pkt\">24<\/td><td class=\"data-w\" data-label=\"Z\">8<\/td><td class=\"data-d\" data-label=\"R\">0<\/td><td class=\"data-l\" data-label=\"P\">5<\/td><td class=\"data-f\" data-label=\"BZ\">52<\/td><td class=\"data-a\" data-label=\"BS\">41<\/td><td class=\"data-gd\" data-label=\"+\/-\">11<\/td><\/tr><tr class=\"odd sp-row-no-2\"><td class=\"data-rank\" data-label=\"Pozycja\">3<\/td><td class=\"data-name has-logo\" data-label=\"Klub\"><a href=\"https:\/\/lfsportevents.pl\/ligaorlika2025\/team\/gotoma\/\"><span class=\"team-logo\"><img width=\"128\" height=\"128\" src=\"https:\/\/lfsportevents.pl\/ligaorlika2025\/wp-content\/uploads\/2022\/03\/Gotoma-128x128.png\" class=\"attachment-sportspress-fit-icon size-sportspress-fit-icon wp-post-image\" alt=\"\" loading=\"lazy\" \/><\/span>Gotoma<\/a><\/td><td class=\"data-p\" data-label=\"M\">13<\/td><td class=\"data-pts\" data-label=\"Pkt\">23<\/td><td class=\"data-w\" data-label=\"Z\">7<\/td><td class=\"data-d\" data-label=\"R\">2<\/td><td class=\"data-l\" data-label=\"P\">4<\/td><td class=\"data-f\" data-label=\"BZ\">53<\/td><td class=\"data-a\" data-label=\"BS\">32<\/td><td class=\"data-gd\" data-label=\"+\/-\">21<\/td><\/tr><tr class=\"even sp-row-no-3\"><td class=\"data-rank\" data-label=\"Pozycja\">4<\/td><td class=\"data-name has-logo\" data-label=\"Klub\"><a href=\"https:\/\/lfsportevents.pl\/ligaorlika2025\/team\/baz-pal\/\"><span class=\"team-logo\"><img width=\"128\" height=\"40\" src=\"https:\/\/lfsportevents.pl\/ligaorlika2025\/wp-content\/uploads\/2016\/03\/Baz-Pal-128x40.png\" class=\"attachment-sportspress-fit-icon size-sportspress-fit-icon wp-post-image\" alt=\"\" loading=\"lazy\" \/><\/span>Baz-Pal<\/a><\/td><td class=\"data-p\" data-label=\"M\">13<\/td><td class=\"data-pts\" data-label=\"Pkt\">22<\/td><td class=\"data-w\" data-label=\"Z\">7<\/td><td class=\"data-d\" data-label=\"R\">1<\/td><td class=\"data-l\" data-label=\"P\">5<\/td><td class=\"data-f\" data-label=\"BZ\">43<\/td><td class=\"data-a\" data-label=\"BS\">32<\/td><td class=\"data-gd\" data-label=\"+\/-\">11<\/td><\/tr><tr class=\"odd sp-row-no-4\"><td class=\"data-rank\" data-label=\"Pozycja\">5<\/td><td class=\"data-name has-logo\" data-label=\"Klub\"><a href=\"https:\/\/lfsportevents.pl\/ligaorlika2025\/team\/greenpowerns\/\"><span class=\"team-logo\"><img width=\"128\" height=\"78\" src=\"https:\/\/lfsportevents.pl\/ligaorlika2025\/wp-content\/uploads\/2016\/03\/Greenpoerns-128x78.png\" class=\"attachment-sportspress-fit-icon size-sportspress-fit-icon wp-post-image\" alt=\"\" loading=\"lazy\" \/><\/span>Auto Spa Greenpowerns<\/a><\/td><td class=\"data-p\" data-label=\"M\">13<\/td><td class=\"data-pts\" data-label=\"Pkt\">16<\/td><td class=\"data-w\" data-label=\"Z\">5<\/td><td class=\"data-d\" data-label=\"R\">2<\/td><td class=\"data-l\" data-label=\"P\">6<\/td><td class=\"data-f\" data-label=\"BZ\">31<\/td><td class=\"data-a\" data-label=\"BS\">34<\/td><td class=\"data-gd\" data-label=\"+\/-\">-3<\/td><\/tr><\/tbody><\/table><\/div><\/div>\n<\/div> &#8211; 1 pkt Auto Spa Greenpowerns za walkower z dnia 09.09.2025<\/p>\n<p><img loading=\"lazy\" class=\"alignnone size-full wp-image-36527\" src=\"https:\/\/lfsportevents.pl\/ligaorlika2025\/wp-content\/uploads\/2025\/09\/II-Liga-spadkowa.png\" alt=\"\" width=\"960\" height=\"373\" srcset=\"https:\/\/lfsportevents.pl\/ligaorlika2025\/wp-content\/uploads\/2025\/09\/II-Liga-spadkowa.png 960w, https:\/\/lfsportevents.pl\/ligaorlika2025\/wp-content\/uploads\/2025\/09\/II-Liga-spadkowa-300x117.png 300w, https:\/\/lfsportevents.pl\/ligaorlika2025\/wp-content\/uploads\/2025\/09\/II-Liga-spadkowa-768x298.png 768w, https:\/\/lfsportevents.pl\/ligaorlika2025\/wp-content\/uploads\/2025\/09\/II-Liga-spadkowa-128x50.png 128w, https:\/\/lfsportevents.pl\/ligaorlika2025\/wp-content\/uploads\/2025\/09\/II-Liga-spadkowa-32x12.png 32w, https:\/\/lfsportevents.pl\/ligaorlika2025\/wp-content\/uploads\/2025\/09\/II-Liga-spadkowa-550x214.png 550w\" sizes=\"(max-width: 960px) 100vw, 960px\" \/><\/p>\n<p>&#8211; 1 pkt Bruk Ogr\u00f3d Nowak za walkower z dnia 26.08.2025<\/p>\n<h2><span style=\"color: #993300;\"><strong>TABELA po 1 rundzie<\/strong><\/span><\/h2>\n<p><img loading=\"lazy\" class=\"alignnone wp-image-35943 size-full\" src=\"https:\/\/lfsportevents.pl\/ligaorlika2025\/wp-content\/uploads\/2025\/06\/Tabela-II-Liga.png\" alt=\"\" width=\"959\" height=\"637\" srcset=\"https:\/\/lfsportevents.pl\/ligaorlika2025\/wp-content\/uploads\/2025\/06\/Tabela-II-Liga.png 959w, https:\/\/lfsportevents.pl\/ligaorlika2025\/wp-content\/uploads\/2025\/06\/Tabela-II-Liga-300x199.png 300w, https:\/\/lfsportevents.pl\/ligaorlika2025\/wp-content\/uploads\/2025\/06\/Tabela-II-Liga-768x510.png 768w, https:\/\/lfsportevents.pl\/ligaorlika2025\/wp-content\/uploads\/2025\/06\/Tabela-II-Liga-128x85.png 128w, https:\/\/lfsportevents.pl\/ligaorlika2025\/wp-content\/uploads\/2025\/06\/Tabela-II-Liga-32x21.png 32w, https:\/\/lfsportevents.pl\/ligaorlika2025\/wp-content\/uploads\/2025\/06\/Tabela-II-Liga-550x365.png 550w\" sizes=\"(max-width: 959px) 100vw, 959px\" \/><\/p>\n<p>Budolex &#8211; 1 pkt, za walkower z dnia 29.04.2025<\/p>\n<\/div>\n","protected":false},"excerpt":{"rendered":"<p>Legenda: M\u00a0= Mecze Rozegrane Pkt\u00a0= Punkty Z\u00a0= Zwyci\u0119stwa R\u00a0= Remisy P\u00a0= Pora\u017cki BZ\u00a0= Bramki zdobyte BS\u00a0= Bramki stracone +\/-\u00a0= R\u00f3\u017cnica bramek Miejsca 1-5 (grupa mistrzowska) Miejsca 6-10 (grupa spadkowa) Miejsce 1-2 (bezpo\u015bredni awans do I Ligi) Miejsce 3 (bara\u017c z 8 dru\u017cyn\u0105 I Ligi) Miejsce 8 (bara\u017c z 3 dru\u017cyn\u0105 III Ligi) Miejsce 8-10 (bezpo\u015bredni [&hellip;]<\/p>\n","protected":false},"author":1,"featured_media":0,"parent":5277,"menu_order":0,"comment_status":"closed","ping_status":"closed","template":"","meta":[],"_links":{"self":[{"href":"https:\/\/lfsportevents.pl\/ligaorlika2025\/wp-json\/wp\/v2\/pages\/5301"}],"collection":[{"href":"https:\/\/lfsportevents.pl\/ligaorlika2025\/wp-json\/wp\/v2\/pages"}],"about":[{"href":"https:\/\/lfsportevents.pl\/ligaorlika2025\/wp-json\/wp\/v2\/types\/page"}],"author":[{"embeddable":true,"href":"https:\/\/lfsportevents.pl\/ligaorlika2025\/wp-json\/wp\/v2\/users\/1"}],"replies":[{"embeddable":true,"href":"https:\/\/lfsportevents.pl\/ligaorlika2025\/wp-json\/wp\/v2\/comments?post=5301"}],"version-history":[{"count":3,"href":"https:\/\/lfsportevents.pl\/ligaorlika2025\/wp-json\/wp\/v2\/pages\/5301\/revisions"}],"predecessor-version":[{"id":36529,"href":"https:\/\/lfsportevents.pl\/ligaorlika2025\/wp-json\/wp\/v2\/pages\/5301\/revisions\/36529"}],"up":[{"embeddable":true,"href":"https:\/\/lfsportevents.pl\/ligaorlika2025\/wp-json\/wp\/v2\/pages\/5277"}],"wp:attachment":[{"href":"https:\/\/lfsportevents.pl\/ligaorlika2025\/wp-json\/wp\/v2\/media?parent=5301"}],"curies":[{"name":"wp","href":"https:\/\/api.w.org\/{rel}","templated":true}]}}