{"id":5297,"date":"2017-03-15T11:06:28","date_gmt":"2017-03-15T10:06:28","guid":{"rendered":"https:\/\/lfsportevents.pl\/ligaorlika2025\/?page_id=5297"},"modified":"2025-09-15T10:40:05","modified_gmt":"2025-09-15T08:40:05","slug":"stat-kolejki","status":"publish","type":"page","link":"https:\/\/lfsportevents.pl\/ligaorlika2025\/ii-liga\/stat-kolejki\/","title":{"rendered":"Stat. kolejki"},"content":{"rendered":"<h1><span style=\"color: #993300;\">1 KOLEJKA (29 KWIECIE\u0143 2025)<\/span><\/h1>\n<p><strong>Liczba meczy:<\/strong><span style=\"color: #993300;\"><strong>\u00a05<\/strong><\/span><br \/>\n<strong>Liczba goli:<\/strong><strong>\u00a0<span style=\"color: #993300;\">22<\/span><\/strong><br \/>\n<strong>\u015arednia ilo\u015b\u0107 goli na mecz:\u00a0<span style=\"color: #993300;\">4,40<\/span><\/strong><br \/>\n<strong>Wygrane:<\/strong><strong>\u00a0<span style=\"color: #993300;\">5<\/span><\/strong><br \/>\n<strong>Remisy:\u00a0<span style=\"color: #993300;\">0<\/span><\/strong><br \/>\n<strong>Walkowery:<\/strong><strong>\u00a0<span style=\"color: #993300;\">1<\/span><\/strong><br \/>\n<strong>Najwi\u0119cej goli strzelonych w meczu:\u00a0<span style=\"color: #993300;\">7 goli <span style=\"color: #333333;\">(Baz Pal : Bruk Ogr\u00f3d Nowak 4:3)<\/span><\/span><\/strong><br \/>\n<strong>Najwy\u017csza wygrana:<\/strong><strong>\u00a0<span style=\"color: #993300;\">1:5<\/span> (<span style=\"color: #993300;\"><span style=\"color: #333333;\">Pabud : Gotoma 1:5<\/span><span style=\"color: #333333;\">)<\/span><\/span><\/strong><br \/>\n<strong>Ilo\u015b\u0107 \u017c\u00f3\u0142tych kartek:\u00a0<span style=\"color: #993300;\">4<\/span><\/strong><br \/>\n<strong>Ilo\u015b\u0107 czerwonych kartek:<\/strong><strong>\u00a0<span style=\"color: #993300;\">1<\/span><\/strong><\/p>\n<h1><span style=\"color: #993300;\">2 KOLEJKA (6 maj 2025)<\/span><\/h1>\n<p><strong>Liczba meczy:<\/strong><span style=\"color: #993300;\"><strong> 5<\/strong><\/span><br \/>\n<strong>Liczba goli:<\/strong><strong>\u00a0<span style=\"color: #993300;\">29<\/span><\/strong><br \/>\n<strong>\u015arednia ilo\u015b\u0107 goli na mecz:\u00a0<span style=\"color: #993300;\">5,80<\/span><\/strong><br \/>\n<strong>Wygrane:<\/strong><strong>\u00a0<span style=\"color: #993300;\">5<\/span><\/strong><br \/>\n<strong>Remisy:\u00a0<span style=\"color: #993300;\">0<\/span><\/strong><br \/>\n<strong>Walkowery:<\/strong><strong>\u00a0<span style=\"color: #993300;\">0<\/span><\/strong><br \/>\n<strong>Najwi\u0119cej goli strzelonych w meczu:\u00a0<span style=\"color: #993300;\">8 goli <span style=\"color: #333333;\">(Libella Truck FC : Auto Spa Greenpowerns 5:3)<\/span><\/span><\/strong><br \/>\n<strong>Najwy\u017csza wygrana:<\/strong><strong>\u00a0<span style=\"color: #993300;\">3:12 <span style=\"color: #333333;\">(Rolbud Instal : ARK Group)<\/span><\/span><\/strong><br \/>\n<strong>Ilo\u015b\u0107 \u017c\u00f3\u0142tych kartek:\u00a0<span style=\"color: #993300;\">3<\/span><\/strong><br \/>\n<strong>Ilo\u015b\u0107 czerwonych kartek:<\/strong><strong>\u00a0<span style=\"color: #993300;\">0<\/span><\/strong><\/p>\n<h1><span style=\"color: #993300;\">3 KOLEJKA (13 maj 2025)<\/span><\/h1>\n<p><strong>Liczba meczy:<\/strong><span style=\"color: #993300;\"><strong> 5<\/strong><\/span><br \/>\n<strong>Liczba goli:<\/strong><strong>\u00a0<span style=\"color: #993300;\">32<\/span><\/strong><br \/>\n<strong>\u015arednia ilo\u015b\u0107 goli na mecz:\u00a0<span style=\"color: #993300;\">6,40<\/span><\/strong><br \/>\n<strong>Wygrane:<\/strong><strong>\u00a0<span style=\"color: #993300;\">5<\/span><\/strong><br \/>\n<strong>Remisy:\u00a0<span style=\"color: #993300;\">0<\/span><\/strong><br \/>\n<strong>Walkowery:<\/strong><strong>\u00a0<span style=\"color: #993300;\">0<\/span><\/strong><br \/>\n<strong>Najwi\u0119cej goli strzelonych w meczu:\u00a0<span style=\"color: #993300;\">9 goli <span style=\"color: #333333;\">(Libella Truck FC : Mawa Wyko\u0144czenia Wn\u0119trz 7:2)<\/span><\/span><\/strong><br \/>\n<strong>Najwy\u017csza wygrana:<\/strong><strong>\u00a0<span style=\"color: #993300;\">1:7 <span style=\"color: #333333;\">(Budolex : Auto Spa greenpowerns)<\/span><\/span><\/strong><br \/>\n<strong>Ilo\u015b\u0107 \u017c\u00f3\u0142tych kartek:\u00a0<span style=\"color: #993300;\">2<\/span><\/strong><br \/>\n<strong>Ilo\u015b\u0107 czerwonych kartek:<\/strong><strong>\u00a0<span style=\"color: #993300;\">1<\/span><\/strong><\/p>\n<h1><span style=\"color: #993300;\">4 KOLEJKA (20 maj 2025)<\/span><\/h1>\n<p><strong>Liczba meczy:<\/strong><span style=\"color: #993300;\"><strong> 5<\/strong><\/span><br \/>\n<strong>Liczba goli:<\/strong><strong>\u00a0<span style=\"color: #993300;\">23<\/span><\/strong><br \/>\n<strong>\u015arednia ilo\u015b\u0107 goli na mecz:\u00a0<span style=\"color: #993300;\">4,60<\/span><\/strong><br \/>\n<strong>Wygrane:<\/strong><strong>\u00a0<span style=\"color: #993300;\">4<\/span><\/strong><br \/>\n<strong>Remisy:\u00a0<span style=\"color: #993300;\">1<\/span><\/strong><br \/>\n<strong>Walkowery:<\/strong><strong>\u00a0<span style=\"color: #993300;\">0<\/span><\/strong><br \/>\n<strong>Najwi\u0119cej goli strzelonych w meczu:\u00a0<span style=\"color: #993300;\">7 goli <span style=\"color: #333333;\">(Libella Truck FC : Pabud 3:4)<\/span><\/span><\/strong><br \/>\n<strong>Najwy\u017csza wygrana:<\/strong><strong>\u00a0<span style=\"color: #993300;\">1:5 <span style=\"color: #333333;\">(Budolex : Gotoma)<\/span><\/span><\/strong><br \/>\n<strong>Ilo\u015b\u0107 \u017c\u00f3\u0142tych kartek:\u00a0<span style=\"color: #993300;\">1<\/span><\/strong><br \/>\n<strong>Ilo\u015b\u0107 czerwonych kartek:<\/strong><strong>\u00a0<span style=\"color: #993300;\">0<\/span><\/strong><\/p>\n<h1><span style=\"color: #993300;\">5 KOLEJKA (27 maj 2025)<\/span><\/h1>\n<p><strong>Liczba meczy:<\/strong><span style=\"color: #993300;\"><strong> 5<\/strong><\/span><br \/>\n<strong>Liczba goli:<\/strong><strong>\u00a0<span style=\"color: #993300;\">39<\/span><\/strong><br \/>\n<strong>\u015arednia ilo\u015b\u0107 goli na mecz:\u00a0<span style=\"color: #993300;\">70,80<\/span><\/strong><br \/>\n<strong>Wygrane:<\/strong><strong>\u00a0<span style=\"color: #993300;\">5<\/span><\/strong><br \/>\n<strong>Remisy:\u00a0<span style=\"color: #993300;\">0<\/span><\/strong><br \/>\n<strong>Walkowery:<\/strong><strong>\u00a0<span style=\"color: #993300;\">0<\/span><\/strong><br \/>\n<strong>Najwi\u0119cej goli strzelonych w meczu:\u00a0<span style=\"color: #993300;\">10 goli <span style=\"color: #333333;\">(Libella Truck FC : Bruk Ogr\u00f3d Nowak 7:3)<\/span><\/span><\/strong><br \/>\n<strong>Najwy\u017csza wygrana:<\/strong><strong>\u00a0<span style=\"color: #993300;\">8:1 <span style=\"color: #333333;\">(Budolex : Mawa Wyko\u0144czenia Wn\u0119trz)<\/span><\/span><\/strong><br \/>\n<strong>Ilo\u015b\u0107 \u017c\u00f3\u0142tych kartek:\u00a0<span style=\"color: #993300;\">4<\/span><\/strong><br \/>\n<strong>Ilo\u015b\u0107 czerwonych kartek:<\/strong><strong>\u00a0<span style=\"color: #993300;\">0<\/span><\/strong><\/p>\n<h1><span style=\"color: #993300;\">6 KOLEJKA (3 czerwiec 2025)<\/span><\/h1>\n<p><strong>Liczba meczy:<\/strong><span style=\"color: #993300;\"><strong> 5<\/strong><\/span><br \/>\n<strong>Liczba goli:<\/strong><strong>\u00a0<span style=\"color: #993300;\">33<\/span><\/strong><br \/>\n<strong>\u015arednia ilo\u015b\u0107 goli na mecz:\u00a0<span style=\"color: #993300;\">6,60<\/span><\/strong><br \/>\n<strong>Wygrane:<\/strong><strong>\u00a0<span style=\"color: #993300;\">5<\/span><\/strong><br \/>\n<strong>Remisy:\u00a0<span style=\"color: #993300;\">0<\/span><\/strong><br \/>\n<strong>Walkowery:<\/strong><strong>\u00a0<span style=\"color: #993300;\">0<\/span><\/strong><br \/>\n<strong>Najwi\u0119cej goli strzelonych w meczu:\u00a0<span style=\"color: #993300;\">11 goli <span style=\"color: #333333;\">(Gotoma : Mawa Wyko\u0144czenia Wn\u0119trz 10:1)<\/span><\/span><\/strong><br \/>\n<strong>Najwy\u017csza wygrana:<\/strong><strong>\u00a0<span style=\"color: #993300;\">10:1 <span style=\"color: #333333;\">(Gotoma : Mawa Wyko\u0144czenia Wn\u0119trz)<\/span><\/span><\/strong><br \/>\n<strong>Ilo\u015b\u0107 \u017c\u00f3\u0142tych kartek:\u00a0<span style=\"color: #993300;\">1<\/span><\/strong><br \/>\n<strong>Ilo\u015b\u0107 czerwonych kartek:<\/strong><strong>\u00a0<span style=\"color: #993300;\">1<\/span><\/strong><\/p>\n<h1><span style=\"color: #993300;\">7 KOLEJKA (10 czerwiec 2025)<\/span><\/h1>\n<p><strong>Liczba meczy:<\/strong><span style=\"color: #993300;\"><strong> 5<\/strong><\/span><br \/>\n<strong>Liczba goli:<\/strong><strong>\u00a0<span style=\"color: #993300;\">42<\/span><\/strong><br \/>\n<strong>\u015arednia ilo\u015b\u0107 goli na mecz:\u00a0<span style=\"color: #993300;\">8,40<\/span><\/strong><br \/>\n<strong>Wygrane:<\/strong><strong>\u00a0<span style=\"color: #993300;\">5<\/span><\/strong><br \/>\n<strong>Remisy:\u00a0<span style=\"color: #993300;\">0<\/span><\/strong><br \/>\n<strong>Walkowery:<\/strong><strong>\u00a0<span style=\"color: #993300;\">0<\/span><\/strong><br \/>\n<strong>Najwi\u0119cej goli strzelonych w meczu:\u00a0<span style=\"color: #993300;\">11 goli <span style=\"color: #333333;\">(Bruk Ogr\u00f3d Nowak : Protel 8:3)<\/span><\/span><\/strong><br \/>\n<strong>Najwy\u017csza wygrana:<\/strong><strong>\u00a0<span style=\"color: #993300;\">8:3 <span style=\"color: #333333;\">(Bruk Ogr\u00f3d Nowak : Protel), <span style=\"color: #993300;\">7:2<\/span> (Gotoma : Libella Truck FC)<\/span><\/span><\/strong><br \/>\n<strong>Ilo\u015b\u0107 \u017c\u00f3\u0142tych kartek:\u00a0<span style=\"color: #993300;\">4<\/span><\/strong><br \/>\n<strong>Ilo\u015b\u0107 czerwonych kartek:<\/strong><strong>\u00a0<span style=\"color: #993300;\">1<\/span><\/strong><\/p>\n<h1><span style=\"color: #993300;\">8 KOLEJKA (17 czerwiec 2025)<\/span><\/h1>\n<p><strong>Liczba meczy:<\/strong><span style=\"color: #993300;\"><strong> 5<\/strong><\/span><br \/>\n<strong>Liczba goli:<\/strong><strong>\u00a0<span style=\"color: #993300;\">32<\/span><\/strong><br \/>\n<strong>\u015arednia ilo\u015b\u0107 goli na mecz:\u00a0<span style=\"color: #993300;\">6,40<\/span><\/strong><br \/>\n<strong>Wygrane:<\/strong><strong>\u00a0<span style=\"color: #993300;\">4<\/span><\/strong><br \/>\n<strong>Remisy:\u00a0<span style=\"color: #993300;\">1<\/span><\/strong><br \/>\n<strong>Walkowery:<\/strong><strong>\u00a0<span style=\"color: #993300;\">0<\/span><\/strong><br \/>\n<strong>Najwi\u0119cej goli strzelonych w meczu:\u00a0<span style=\"color: #993300;\">14 goli <span style=\"color: #333333;\">(Batimowcy : Libella Truck FC 13:1)<\/span><\/span><\/strong><br \/>\n<strong>Najwy\u017csza wygrana:<\/strong><strong>\u00a0<span style=\"color: #993300;\">13:1 <span style=\"color: #333333;\">(Batimowcy : Libella Truck FC)<\/span><\/span><\/strong><br \/>\n<strong>Ilo\u015b\u0107 \u017c\u00f3\u0142tych kartek:\u00a0<span style=\"color: #993300;\">8<\/span><\/strong><br \/>\n<strong>Ilo\u015b\u0107 czerwonych kartek:<\/strong><strong>\u00a0<span style=\"color: #993300;\">1<\/span><\/strong><\/p>\n<h1><span style=\"color: #993300;\">9 KOLEJKA (24 czerwiec 2025)<\/span><\/h1>\n<p><strong>Liczba meczy:<\/strong><span style=\"color: #993300;\"><strong> 5<\/strong><\/span><br \/>\n<strong>Liczba goli:<\/strong><strong>\u00a0<span style=\"color: #993300;\">26<\/span><\/strong><br \/>\n<strong>\u015arednia ilo\u015b\u0107 goli na mecz:\u00a0<span style=\"color: #993300;\">5,20<\/span><\/strong><br \/>\n<strong>Wygrane:<\/strong><strong>\u00a0<span style=\"color: #993300;\">4<\/span><\/strong><br \/>\n<strong>Remisy:\u00a0<span style=\"color: #993300;\">1<\/span><\/strong><br \/>\n<strong>Walkowery:<\/strong><strong>\u00a0<span style=\"color: #993300;\">0<\/span><\/strong><br \/>\n<strong>Najwi\u0119cej goli strzelonych w meczu:\u00a0<span style=\"color: #993300;\">7 goli <span style=\"color: #333333;\">(Bruk Ogr\u00f3d Nowak &#8211; Mawa Wyko\u0144czenia Wn\u0119trz 4:3)<\/span><\/span><\/strong><br \/>\n<strong>Najwy\u017csza wygrana:<\/strong><strong>\u00a0<span style=\"color: #993300;\">4:3 <span style=\"color: #333333;\">(Bruk Ogr\u00f3d Nowak &#8211; Mawa Wyko\u0144czenia Wn\u0119trz)<\/span><\/span><\/strong><br \/>\n<strong>Ilo\u015b\u0107 \u017c\u00f3\u0142tych kartek:\u00a0<span style=\"color: #993300;\">4<\/span><\/strong><br \/>\n<strong>Ilo\u015b\u0107 czerwonych kartek:<\/strong><strong>\u00a0<span style=\"color: #993300;\">1<\/span><\/strong><\/p>\n<h1><span style=\"color: #993300;\">10 KOLEJKA (12 sierpie\u0144 2025)<\/span><\/h1>\n<p><strong>Liczba meczy:<\/strong><span style=\"color: #993300;\"><strong> 4<\/strong><\/span><br \/>\n<strong>Liczba goli:<\/strong><strong>\u00a0<span style=\"color: #993300;\">24<\/span><\/strong><br \/>\n<strong>\u015arednia ilo\u015b\u0107 goli na mecz:\u00a0<span style=\"color: #993300;\">6,00<\/span><\/strong><br \/>\n<strong>Wygrane:<\/strong><strong>\u00a0<span style=\"color: #993300;\">4<\/span><\/strong><br \/>\n<strong>Remisy:\u00a0<span style=\"color: #993300;\">0<\/span><\/strong><br \/>\n<strong>Walkowery:<\/strong><strong>\u00a0<span style=\"color: #993300;\">0<\/span><\/strong><br \/>\n<strong>Najwi\u0119cej goli strzelonych w meczu:\u00a0<span style=\"color: #993300;\">9 goli <span style=\"color: #333333;\">(Budolex : Pabud 2:7)<\/span><\/span><\/strong><br \/>\n<strong>Najwy\u017csza wygrana:<\/strong><strong>\u00a0<span style=\"color: #993300;\">2:7 <span style=\"color: #333333;\">(Budolex : Pabud)<\/span><\/span><\/strong><br \/>\n<strong>Ilo\u015b\u0107 \u017c\u00f3\u0142tych kartek:\u00a0<span style=\"color: #993300;\">6<\/span><\/strong><br \/>\n<strong>Ilo\u015b\u0107 czerwonych kartek:<\/strong><strong>\u00a0<span style=\"color: #993300;\">1<\/span><\/strong><\/p>\n<h1><span style=\"color: #993300;\">11 KOLEJKA (19 sierpie\u0144 2025)<\/span><\/h1>\n<p><strong>Liczba meczy:<\/strong><span style=\"color: #993300;\"><strong> 4<\/strong><\/span><br \/>\n<strong>Liczba goli:<\/strong><strong>\u00a0<span style=\"color: #993300;\">30<\/span><\/strong><br \/>\n<strong>\u015arednia ilo\u015b\u0107 goli na mecz:\u00a0<span style=\"color: #993300;\">7,50<\/span><\/strong><br \/>\n<strong>Wygrane:<\/strong><strong>\u00a0<span style=\"color: #993300;\">3<\/span><\/strong><br \/>\n<strong>Remisy:\u00a0<span style=\"color: #993300;\">1<\/span><\/strong><br \/>\n<strong>Walkowery:<\/strong><strong>\u00a0<span style=\"color: #993300;\">0<\/span><\/strong><br \/>\n<strong>Najwi\u0119cej goli strzelonych w meczu:\u00a0<span style=\"color: #993300;\">12 goli <span style=\"color: #333333;\">(Budolex : Protel 6:6)<\/span><\/span><\/strong><br \/>\n<strong>Najwy\u017csza wygrana:<\/strong><strong>\u00a0<span style=\"color: #993300;\">1:4 <span style=\"color: #333333;\">(Gotoma : Libella Truck FC), <span style=\"color: #993300;\">5:2<\/span> (Pabud : Bruk Ogr\u00f3d Nowak)<\/span><\/span><\/strong><br \/>\n<strong>Ilo\u015b\u0107 \u017c\u00f3\u0142tych kartek:\u00a0<span style=\"color: #993300;\">5<\/span><\/strong><br \/>\n<strong>Ilo\u015b\u0107 czerwonych kartek:<\/strong><strong>\u00a0<span style=\"color: #993300;\">0<\/span><\/strong><\/p>\n<h1><span style=\"color: #993300;\">12 KOLEJKA (26 sierpie\u0144 2025)<\/span><\/h1>\n<p><strong>Liczba meczy:<\/strong><span style=\"color: #993300;\"><strong> 4<\/strong><\/span><br \/>\n<strong>Liczba goli:<\/strong><strong>\u00a0<span style=\"color: #993300;\">26<\/span><\/strong><br \/>\n<strong>\u015arednia ilo\u015b\u0107 goli na mecz:\u00a0<span style=\"color: #993300;\">6,50<\/span><\/strong><br \/>\n<strong>Wygrane:<\/strong><strong>\u00a0<span style=\"color: #993300;\">3<\/span><\/strong><br \/>\n<strong>Remisy:\u00a0<span style=\"color: #993300;\">1<\/span><\/strong><br \/>\n<strong>Walkowery:<\/strong><strong>\u00a0<span style=\"color: #993300;\">1<\/span><\/strong><br \/>\n<strong>Najwi\u0119cej goli strzelonych w meczu:\u00a0<span style=\"color: #993300;\">9 goli <span style=\"color: #333333;\">(Baz Pal : Batimowcy 7:2)<\/span><\/span><\/strong><br \/>\n<strong>Najwy\u017csza wygrana:<\/strong><strong>\u00a0<span style=\"color: #993300;\">7:2 <span style=\"color: #333333;\">(Baz Pal : Batimowcy)<\/span><\/span><\/strong><br \/>\n<strong>Ilo\u015b\u0107 \u017c\u00f3\u0142tych kartek:\u00a0<span style=\"color: #993300;\">1<\/span><\/strong><br \/>\n<strong>Ilo\u015b\u0107 czerwonych kartek:<\/strong><strong>\u00a0<span style=\"color: #993300;\">0<\/span><\/strong><\/p>\n<h1><span style=\"color: #993300;\">13 KOLEJKA (2 wrzesie\u0144 2025)<\/span><\/h1>\n<p><strong>Liczba meczy:<\/strong><span style=\"color: #993300;\"><strong> 4<\/strong><\/span><br \/>\n<strong>Liczba goli:<\/strong><strong>\u00a0<span style=\"color: #993300;\">30<\/span><\/strong><br \/>\n<strong>\u015arednia ilo\u015b\u0107 goli na mecz:\u00a0<span style=\"color: #993300;\">7,50<\/span><\/strong><br \/>\n<strong>Wygrane:<\/strong><strong>\u00a0<span style=\"color: #993300;\">4<\/span><\/strong><br \/>\n<strong>Remisy:\u00a0<span style=\"color: #993300;\">0<\/span><\/strong><br \/>\n<strong>Walkowery:<\/strong><strong>\u00a0<span style=\"color: #993300;\">0<\/span><\/strong><br \/>\n<strong>Najwi\u0119cej goli strzelonych w meczu:\u00a0<span style=\"color: #993300;\">9 goli <span style=\"color: #333333;\">(Bruk Ogr\u00f3d Nowak : Protel 4:5)<\/span><\/span><\/strong><br \/>\n<strong>Najwy\u017csza wygrana:<\/strong><strong>\u00a0<span style=\"color: #993300;\">5:1 <span style=\"color: #333333;\">(Budolex : Mawa Wyko\u0144czenia Wn\u0119trz)<\/span><\/span><\/strong><br \/>\n<strong>Ilo\u015b\u0107 \u017c\u00f3\u0142tych kartek:\u00a0<span style=\"color: #993300;\">3<\/span><\/strong><br \/>\n<strong>Ilo\u015b\u0107 czerwonych kartek:<\/strong><strong>\u00a0<span style=\"color: #993300;\">0<\/span><\/strong><\/p>\n<h1><span style=\"color: #993300;\">14 KOLEJKA (9 wrzesie\u0144 2025)<\/span><\/h1>\n<p><strong>Liczba meczy:<\/strong><span style=\"color: #993300;\"><strong> 4<\/strong><\/span><br \/>\n<strong>Liczba goli:<\/strong><strong>\u00a0<span style=\"color: #993300;\">24<\/span><\/strong><br \/>\n<strong>\u015arednia ilo\u015b\u0107 goli na mecz:\u00a0<span style=\"color: #993300;\">6,00<\/span><\/strong><br \/>\n<strong>Wygrane:<\/strong><strong>\u00a0<span style=\"color: #993300;\">3<\/span><\/strong><br \/>\n<strong>Remisy:\u00a0<span style=\"color: #993300;\">1<\/span><\/strong><br \/>\n<strong>Walkowery:<\/strong><strong>\u00a0<span style=\"color: #993300;\">1<\/span><\/strong><br \/>\n<strong>Najwi\u0119cej goli strzelonych w meczu:\u00a0<span style=\"color: #993300;\">9 goli <span style=\"color: #333333;\">(Bruk Ogr\u00f3d Nowak : Budolex 5:4)<\/span><\/span><\/strong><br \/>\n<strong>Najwy\u017csza wygrana:<\/strong><strong>\u00a0<span style=\"color: #993300;\">5:1 <span style=\"color: #333333;\">(Libella Truck FC : Batimowcy)<\/span><\/span><\/strong><br \/>\n<strong>Ilo\u015b\u0107 \u017c\u00f3\u0142tych kartek:\u00a0<span style=\"color: #993300;\">4<\/span><\/strong><br \/>\n<strong>Ilo\u015b\u0107 czerwonych kartek:<\/strong><strong>\u00a0<span style=\"color: #993300;\">0<\/span><\/strong><\/p>\n","protected":false},"excerpt":{"rendered":"<p>1 KOLEJKA (29 KWIECIE\u0143 2025) Liczba meczy:\u00a05 Liczba goli:\u00a022 \u015arednia ilo\u015b\u0107 goli na mecz:\u00a04,40 Wygrane:\u00a05 Remisy:\u00a00 Walkowery:\u00a01 Najwi\u0119cej goli strzelonych w meczu:\u00a07 goli (Baz Pal : Bruk Ogr\u00f3d Nowak 4:3) Najwy\u017csza wygrana:\u00a01:5 (Pabud : Gotoma 1:5) Ilo\u015b\u0107 \u017c\u00f3\u0142tych kartek:\u00a04 Ilo\u015b\u0107 czerwonych kartek:\u00a01 2 KOLEJKA (6 maj 2025) Liczba meczy: 5 Liczba goli:\u00a029 \u015arednia ilo\u015b\u0107 goli [&hellip;]<\/p>\n","protected":false},"author":1,"featured_media":0,"parent":5277,"menu_order":0,"comment_status":"closed","ping_status":"closed","template":"","meta":[],"_links":{"self":[{"href":"https:\/\/lfsportevents.pl\/ligaorlika2025\/wp-json\/wp\/v2\/pages\/5297"}],"collection":[{"href":"https:\/\/lfsportevents.pl\/ligaorlika2025\/wp-json\/wp\/v2\/pages"}],"about":[{"href":"https:\/\/lfsportevents.pl\/ligaorlika2025\/wp-json\/wp\/v2\/types\/page"}],"author":[{"embeddable":true,"href":"https:\/\/lfsportevents.pl\/ligaorlika2025\/wp-json\/wp\/v2\/users\/1"}],"replies":[{"embeddable":true,"href":"https:\/\/lfsportevents.pl\/ligaorlika2025\/wp-json\/wp\/v2\/comments?post=5297"}],"version-history":[{"count":2,"href":"https:\/\/lfsportevents.pl\/ligaorlika2025\/wp-json\/wp\/v2\/pages\/5297\/revisions"}],"predecessor-version":[{"id":36599,"href":"https:\/\/lfsportevents.pl\/ligaorlika2025\/wp-json\/wp\/v2\/pages\/5297\/revisions\/36599"}],"up":[{"embeddable":true,"href":"https:\/\/lfsportevents.pl\/ligaorlika2025\/wp-json\/wp\/v2\/pages\/5277"}],"wp:attachment":[{"href":"https:\/\/lfsportevents.pl\/ligaorlika2025\/wp-json\/wp\/v2\/media?parent=5297"}],"curies":[{"name":"wp","href":"https:\/\/api.w.org\/{rel}","templated":true}]}}