{"id":5160,"date":"2017-03-03T18:11:33","date_gmt":"2017-03-03T17:11:33","guid":{"rendered":"https:\/\/lfsportevents.pl\/ligaorlika2025\/?page_id=5160"},"modified":"2025-09-15T09:32:09","modified_gmt":"2025-09-15T07:32:09","slug":"video","status":"publish","type":"page","link":"https:\/\/lfsportevents.pl\/ligaorlika2025\/blachdom-i-liga\/video\/","title":{"rendered":"Video"},"content":{"rendered":"<p><iframe loading=\"lazy\" title=\"Witold Janisz (RTX Fabryka Okien)\" width=\"620\" height=\"349\" src=\"https:\/\/www.youtube.com\/embed\/iLSbhVdulwQ?feature=oembed\" frameborder=\"0\" allow=\"accelerometer; autoplay; clipboard-write; encrypted-media; gyroscope; picture-in-picture; web-share\" referrerpolicy=\"strict-origin-when-cross-origin\" allowfullscreen><\/iframe><\/p>\n<p><iframe loading=\"lazy\" title=\"Hubert Micha\u0142czak (Whisky Bar)\" width=\"620\" height=\"349\" src=\"https:\/\/www.youtube.com\/embed\/bJzbKZqerT4?feature=oembed\" frameborder=\"0\" allow=\"accelerometer; autoplay; clipboard-write; encrypted-media; gyroscope; picture-in-picture; web-share\" referrerpolicy=\"strict-origin-when-cross-origin\" allowfullscreen><\/iframe><\/p>\n<p><iframe loading=\"lazy\" title=\"\u0141ukasz Kuchnia (Inter-Styl)\" width=\"620\" height=\"349\" src=\"https:\/\/www.youtube.com\/embed\/HnCABTZdBOE?feature=oembed\" frameborder=\"0\" allow=\"accelerometer; autoplay; clipboard-write; encrypted-media; gyroscope; picture-in-picture; web-share\" referrerpolicy=\"strict-origin-when-cross-origin\" allowfullscreen><\/iframe><\/p>\n<p><iframe loading=\"lazy\" title=\"Krzysztof Tomczak (Mariposa Med-Spa)\" width=\"620\" height=\"349\" src=\"https:\/\/www.youtube.com\/embed\/o3UAGXcE0FY?feature=oembed\" frameborder=\"0\" allow=\"accelerometer; autoplay; clipboard-write; encrypted-media; gyroscope; picture-in-picture; web-share\" referrerpolicy=\"strict-origin-when-cross-origin\" allowfullscreen><\/iframe><\/p>\n<p><iframe loading=\"lazy\" title=\"Maciej Gorczowski (Instalacje Pietruszka)\" width=\"620\" height=\"349\" src=\"https:\/\/www.youtube.com\/embed\/nC6EgdTOyvM?feature=oembed\" frameborder=\"0\" allow=\"accelerometer; autoplay; clipboard-write; encrypted-media; gyroscope; picture-in-picture; web-share\" referrerpolicy=\"strict-origin-when-cross-origin\" allowfullscreen><\/iframe><\/p>\n<p><iframe loading=\"lazy\" title=\"Daniel Kr\u00f3l (Stal-Bud Nawojowa)\" width=\"620\" height=\"349\" src=\"https:\/\/www.youtube.com\/embed\/LeFuDiYSxkc?feature=oembed\" frameborder=\"0\" allow=\"accelerometer; autoplay; clipboard-write; encrypted-media; gyroscope; picture-in-picture; web-share\" referrerpolicy=\"strict-origin-when-cross-origin\" allowfullscreen><\/iframe><\/p>\n<p><iframe loading=\"lazy\" title=\"Jakub Zygmunt (Karpater)\" width=\"620\" height=\"349\" src=\"https:\/\/www.youtube.com\/embed\/LLCl7dJ5l7g?feature=oembed\" frameborder=\"0\" allow=\"accelerometer; autoplay; clipboard-write; encrypted-media; gyroscope; picture-in-picture; web-share\" referrerpolicy=\"strict-origin-when-cross-origin\" allowfullscreen><\/iframe><\/p>\n<p><iframe loading=\"lazy\" title=\"Adrian Konar (KKS Stava)\" width=\"620\" height=\"349\" src=\"https:\/\/www.youtube.com\/embed\/xw2qG5MZmKM?feature=oembed\" frameborder=\"0\" allow=\"accelerometer; autoplay; clipboard-write; encrypted-media; gyroscope; picture-in-picture; web-share\" referrerpolicy=\"strict-origin-when-cross-origin\" allowfullscreen><\/iframe><\/p>\n<p><iframe loading=\"lazy\" title=\"Adam Pi\u0119tka (Mariposa Med-Spa)\" width=\"620\" height=\"349\" src=\"https:\/\/www.youtube.com\/embed\/H_XCm1_ToJg?feature=oembed\" frameborder=\"0\" allow=\"accelerometer; autoplay; clipboard-write; encrypted-media; gyroscope; picture-in-picture; web-share\" referrerpolicy=\"strict-origin-when-cross-origin\" allowfullscreen><\/iframe><\/p>\n<p><iframe loading=\"lazy\" title=\"Rafa\u0142 Gromala (Karpater)\" width=\"620\" height=\"349\" src=\"https:\/\/www.youtube.com\/embed\/ts4j82K81ic?feature=oembed\" frameborder=\"0\" allow=\"accelerometer; autoplay; clipboard-write; encrypted-media; gyroscope; picture-in-picture; web-share\" referrerpolicy=\"strict-origin-when-cross-origin\" allowfullscreen><\/iframe><\/p>\n<p><iframe loading=\"lazy\" title=\"Artur Homoncik (RTX Fabryka Okien)\" width=\"620\" height=\"349\" src=\"https:\/\/www.youtube.com\/embed\/wNn594YnHis?feature=oembed\" frameborder=\"0\" allow=\"accelerometer; autoplay; clipboard-write; encrypted-media; gyroscope; picture-in-picture; web-share\" referrerpolicy=\"strict-origin-when-cross-origin\" allowfullscreen><\/iframe><\/p>\n<p><iframe loading=\"lazy\" title=\"Marek W\u00f3jcik (Galacticos Team)\" width=\"620\" height=\"349\" src=\"https:\/\/www.youtube.com\/embed\/KWH9ggwnLNo?feature=oembed\" frameborder=\"0\" allow=\"accelerometer; autoplay; clipboard-write; encrypted-media; gyroscope; picture-in-picture; web-share\" referrerpolicy=\"strict-origin-when-cross-origin\" allowfullscreen><\/iframe><\/p>\n<p><iframe loading=\"lazy\" title=\"Konrad B\u0142aszczyk (KKS Stava)\" width=\"620\" height=\"349\" src=\"https:\/\/www.youtube.com\/embed\/i9jtJhKm75o?feature=oembed\" frameborder=\"0\" allow=\"accelerometer; autoplay; clipboard-write; encrypted-media; gyroscope; picture-in-picture; web-share\" referrerpolicy=\"strict-origin-when-cross-origin\" allowfullscreen><\/iframe><\/p>\n<p><iframe loading=\"lazy\" title=\"Szymon Olszak (Inter-Styl)\" width=\"620\" height=\"349\" src=\"https:\/\/www.youtube.com\/embed\/-F0oc3otnM4?feature=oembed\" frameborder=\"0\" allow=\"accelerometer; autoplay; clipboard-write; encrypted-media; gyroscope; picture-in-picture; web-share\" referrerpolicy=\"strict-origin-when-cross-origin\" allowfullscreen><\/iframe><\/p>\n<p><iframe loading=\"lazy\" title=\"Krystian Olchawa (Instalacje Pietruszka)\" width=\"620\" height=\"349\" src=\"https:\/\/www.youtube.com\/embed\/XHF1-0fB6lo?feature=oembed\" frameborder=\"0\" allow=\"accelerometer; autoplay; clipboard-write; encrypted-media; gyroscope; picture-in-picture; web-share\" referrerpolicy=\"strict-origin-when-cross-origin\" allowfullscreen><\/iframe><\/p>\n<p><iframe loading=\"lazy\" title=\"Kamil Le\u015bniak (Stal-Bud Nawojowa)\" width=\"620\" height=\"349\" src=\"https:\/\/www.youtube.com\/embed\/PfLWncVdda0?feature=oembed\" frameborder=\"0\" allow=\"accelerometer; autoplay; clipboard-write; encrypted-media; gyroscope; picture-in-picture; web-share\" referrerpolicy=\"strict-origin-when-cross-origin\" allowfullscreen><\/iframe><\/p>\n<p><iframe loading=\"lazy\" title=\"Patryk G\u00f3rka (Galacticos Team)\" width=\"620\" height=\"349\" src=\"https:\/\/www.youtube.com\/embed\/_ngjhSLv_mA?feature=oembed\" frameborder=\"0\" allow=\"accelerometer; autoplay; clipboard-write; encrypted-media; gyroscope; picture-in-picture; web-share\" referrerpolicy=\"strict-origin-when-cross-origin\" allowfullscreen><\/iframe><\/p>\n<p><iframe loading=\"lazy\" title=\"Marcin Gorczowski (Karpater)\" width=\"620\" height=\"349\" src=\"https:\/\/www.youtube.com\/embed\/bX4xH9rtrc4?feature=oembed\" frameborder=\"0\" allow=\"accelerometer; autoplay; clipboard-write; encrypted-media; gyroscope; picture-in-picture; web-share\" referrerpolicy=\"strict-origin-when-cross-origin\" allowfullscreen><\/iframe><\/p>\n<p><iframe loading=\"lazy\" title=\"Patryk Ziobrowski (RTX Fabryka Okien)\" width=\"620\" height=\"349\" src=\"https:\/\/www.youtube.com\/embed\/yvdPnfbVoHQ?feature=oembed\" frameborder=\"0\" allow=\"accelerometer; autoplay; clipboard-write; encrypted-media; gyroscope; picture-in-picture; web-share\" referrerpolicy=\"strict-origin-when-cross-origin\" allowfullscreen><\/iframe><\/p>\n<p><iframe loading=\"lazy\" title=\"Jakub Firlich (Instalacje Pietruszka)\" width=\"620\" height=\"349\" src=\"https:\/\/www.youtube.com\/embed\/BX0VWtp-EkU?feature=oembed\" frameborder=\"0\" allow=\"accelerometer; autoplay; clipboard-write; encrypted-media; gyroscope; picture-in-picture; web-share\" referrerpolicy=\"strict-origin-when-cross-origin\" allowfullscreen><\/iframe><\/p>\n<p><iframe loading=\"lazy\" title=\"Przemys\u0142aw Ogrodzki (Instalacje Pietruszka)\" width=\"620\" height=\"349\" src=\"https:\/\/www.youtube.com\/embed\/ePnpc5bwpPA?feature=oembed\" frameborder=\"0\" allow=\"accelerometer; autoplay; clipboard-write; encrypted-media; gyroscope; picture-in-picture; web-share\" referrerpolicy=\"strict-origin-when-cross-origin\" allowfullscreen><\/iframe><\/p>\n<p><iframe loading=\"lazy\" title=\"Fabian Konar (KKS Stava)\" width=\"620\" height=\"349\" src=\"https:\/\/www.youtube.com\/embed\/8Vtb4Ni_ozE?feature=oembed\" frameborder=\"0\" allow=\"accelerometer; autoplay; clipboard-write; encrypted-media; gyroscope; picture-in-picture; web-share\" referrerpolicy=\"strict-origin-when-cross-origin\" allowfullscreen><\/iframe><\/p>\n<p><iframe loading=\"lazy\" title=\"Mariusz Mirek (Galacticos Team)\" width=\"620\" height=\"349\" src=\"https:\/\/www.youtube.com\/embed\/i4iEy77MdtI?feature=oembed\" frameborder=\"0\" allow=\"accelerometer; autoplay; clipboard-write; encrypted-media; gyroscope; picture-in-picture; web-share\" referrerpolicy=\"strict-origin-when-cross-origin\" allowfullscreen><\/iframe><\/p>\n<p><iframe loading=\"lazy\" title=\"Sebastian Le\u015bniak (Mariposa Med-Spa)\" width=\"620\" height=\"349\" src=\"https:\/\/www.youtube.com\/embed\/5Lnn5-loGlo?feature=oembed\" frameborder=\"0\" allow=\"accelerometer; autoplay; clipboard-write; encrypted-media; gyroscope; picture-in-picture; web-share\" referrerpolicy=\"strict-origin-when-cross-origin\" allowfullscreen><\/iframe><\/p>\n<p><iframe loading=\"lazy\" title=\"Krzysztof Salamon (Inter-Styl)\" width=\"620\" height=\"349\" src=\"https:\/\/www.youtube.com\/embed\/FD3Q5wqCKA4?feature=oembed\" frameborder=\"0\" allow=\"accelerometer; autoplay; clipboard-write; encrypted-media; gyroscope; picture-in-picture; web-share\" referrerpolicy=\"strict-origin-when-cross-origin\" allowfullscreen><\/iframe><\/p>\n<p><iframe loading=\"lazy\" title=\"Pawe\u0142 Krok (Stal-Bud Nawojowa)\" width=\"620\" height=\"349\" src=\"https:\/\/www.youtube.com\/embed\/GBW2kdwMUpc?feature=oembed\" frameborder=\"0\" allow=\"accelerometer; autoplay; clipboard-write; encrypted-media; gyroscope; picture-in-picture; web-share\" referrerpolicy=\"strict-origin-when-cross-origin\" allowfullscreen><\/iframe><\/p>\n<p><iframe loading=\"lazy\" title=\"Mateusz Szczecina (Whisky Bar)\" width=\"620\" height=\"349\" src=\"https:\/\/www.youtube.com\/embed\/eug6g35z7sY?feature=oembed\" frameborder=\"0\" allow=\"accelerometer; autoplay; clipboard-write; encrypted-media; gyroscope; picture-in-picture; web-share\" referrerpolicy=\"strict-origin-when-cross-origin\" allowfullscreen><\/iframe><\/p>\n<p><iframe loading=\"lazy\" title=\"Adam Kocemba (Galacticos Team)\" width=\"620\" height=\"349\" src=\"https:\/\/www.youtube.com\/embed\/3jW1XDIR7OU?feature=oembed\" frameborder=\"0\" allow=\"accelerometer; autoplay; clipboard-write; encrypted-media; gyroscope; picture-in-picture; web-share\" referrerpolicy=\"strict-origin-when-cross-origin\" allowfullscreen><\/iframe><\/p>\n<p><iframe loading=\"lazy\" title=\"Dawid Walig\u00f3ra (KKS Stava)\" width=\"620\" height=\"349\" src=\"https:\/\/www.youtube.com\/embed\/7TQ5kg1tIzo?feature=oembed\" frameborder=\"0\" allow=\"accelerometer; autoplay; clipboard-write; encrypted-media; gyroscope; picture-in-picture; web-share\" referrerpolicy=\"strict-origin-when-cross-origin\" allowfullscreen><\/iframe><\/p>\n<p><iframe loading=\"lazy\" title=\"Krystian Dobosz (Stal-Bud Nawojowa)\" width=\"620\" height=\"349\" src=\"https:\/\/www.youtube.com\/embed\/JgK584f18Kc?feature=oembed\" frameborder=\"0\" allow=\"accelerometer; autoplay; clipboard-write; encrypted-media; gyroscope; picture-in-picture; web-share\" referrerpolicy=\"strict-origin-when-cross-origin\" allowfullscreen><\/iframe><\/p>\n<p><iframe loading=\"lazy\" title=\"Rafa\u0142 Gromala (Karpater)\" width=\"620\" height=\"349\" src=\"https:\/\/www.youtube.com\/embed\/0wE8APP7n8Y?feature=oembed\" frameborder=\"0\" allow=\"accelerometer; autoplay; clipboard-write; encrypted-media; gyroscope; picture-in-picture; web-share\" referrerpolicy=\"strict-origin-when-cross-origin\" allowfullscreen><\/iframe><\/p>\n<p><iframe loading=\"lazy\" title=\"Patrycja Ogrodzka (Instalacje Pietruszka)\" width=\"620\" height=\"349\" src=\"https:\/\/www.youtube.com\/embed\/JM7NO979E68?feature=oembed\" frameborder=\"0\" allow=\"accelerometer; autoplay; clipboard-write; encrypted-media; gyroscope; picture-in-picture; web-share\" referrerpolicy=\"strict-origin-when-cross-origin\" allowfullscreen><\/iframe><\/p>\n<p><iframe loading=\"lazy\" title=\"Kamil Cabak (Whisky Bar)\" width=\"620\" height=\"349\" src=\"https:\/\/www.youtube.com\/embed\/BJ4mWfNyRa4?feature=oembed\" frameborder=\"0\" allow=\"accelerometer; autoplay; clipboard-write; encrypted-media; gyroscope; picture-in-picture; web-share\" referrerpolicy=\"strict-origin-when-cross-origin\" allowfullscreen><\/iframe><\/p>\n<p><iframe loading=\"lazy\" title=\"Mateusz Dobosz (Mariposa Med-Spa)\" width=\"620\" height=\"349\" src=\"https:\/\/www.youtube.com\/embed\/l5bSMOdSOGM?feature=oembed\" frameborder=\"0\" allow=\"accelerometer; autoplay; clipboard-write; encrypted-media; gyroscope; picture-in-picture; web-share\" referrerpolicy=\"strict-origin-when-cross-origin\" allowfullscreen><\/iframe><\/p>\n<p><iframe loading=\"lazy\" title=\"Kacper \u017buchowicz (Ibis Styles N.S.)\" width=\"620\" height=\"349\" src=\"https:\/\/www.youtube.com\/embed\/8bBUcXA8l9k?feature=oembed\" frameborder=\"0\" allow=\"accelerometer; autoplay; clipboard-write; encrypted-media; gyroscope; picture-in-picture; web-share\" referrerpolicy=\"strict-origin-when-cross-origin\" allowfullscreen><\/iframe><\/p>\n<p><iframe loading=\"lazy\" title=\"B\u0142a\u017cej Ko\u017cuch (Inter Styl)\" width=\"620\" height=\"349\" src=\"https:\/\/www.youtube.com\/embed\/0wuDtT4U_iw?feature=oembed\" frameborder=\"0\" allow=\"accelerometer; autoplay; clipboard-write; encrypted-media; gyroscope; picture-in-picture; web-share\" referrerpolicy=\"strict-origin-when-cross-origin\" allowfullscreen><\/iframe><\/p>\n<p><iframe loading=\"lazy\" title=\"Artur Homoncik (RTX Fabryka Okien)\" width=\"620\" height=\"349\" src=\"https:\/\/www.youtube.com\/embed\/iBWjt1ZSe5Y?feature=oembed\" frameborder=\"0\" allow=\"accelerometer; autoplay; clipboard-write; encrypted-media; gyroscope; picture-in-picture; web-share\" referrerpolicy=\"strict-origin-when-cross-origin\" allowfullscreen><\/iframe><\/p>\n","protected":false},"excerpt":{"rendered":"","protected":false},"author":1,"featured_media":0,"parent":4984,"menu_order":0,"comment_status":"closed","ping_status":"closed","template":"","meta":[],"_links":{"self":[{"href":"https:\/\/lfsportevents.pl\/ligaorlika2025\/wp-json\/wp\/v2\/pages\/5160"}],"collection":[{"href":"https:\/\/lfsportevents.pl\/ligaorlika2025\/wp-json\/wp\/v2\/pages"}],"about":[{"href":"https:\/\/lfsportevents.pl\/ligaorlika2025\/wp-json\/wp\/v2\/types\/page"}],"author":[{"embeddable":true,"href":"https:\/\/lfsportevents.pl\/ligaorlika2025\/wp-json\/wp\/v2\/users\/1"}],"replies":[{"embeddable":true,"href":"https:\/\/lfsportevents.pl\/ligaorlika2025\/wp-json\/wp\/v2\/comments?post=5160"}],"version-history":[{"count":2,"href":"https:\/\/lfsportevents.pl\/ligaorlika2025\/wp-json\/wp\/v2\/pages\/5160\/revisions"}],"predecessor-version":[{"id":36585,"href":"https:\/\/lfsportevents.pl\/ligaorlika2025\/wp-json\/wp\/v2\/pages\/5160\/revisions\/36585"}],"up":[{"embeddable":true,"href":"https:\/\/lfsportevents.pl\/ligaorlika2025\/wp-json\/wp\/v2\/pages\/4984"}],"wp:attachment":[{"href":"https:\/\/lfsportevents.pl\/ligaorlika2025\/wp-json\/wp\/v2\/media?parent=5160"}],"curies":[{"name":"wp","href":"https:\/\/api.w.org\/{rel}","templated":true}]}}