{"id":5151,"date":"2017-03-03T13:19:06","date_gmt":"2017-03-03T12:19:06","guid":{"rendered":"https:\/\/lfsportevents.pl\/ligaorlika2025\/?page_id=5151"},"modified":"2025-08-21T12:14:43","modified_gmt":"2025-08-21T10:14:43","slug":"rekordy","status":"publish","type":"page","link":"https:\/\/lfsportevents.pl\/ligaorlika2025\/rekordy\/","title":{"rendered":"Rekordy"},"content":{"rendered":"<header class=\"entry-header\">\n<h4 class=\"sp-table-caption\">\u00a0NAJWY\u017bSZE zwyci\u0119stwa:<\/h4>\n<\/header>\n<div class=\"entry-content\">\n<div class=\"sportspress\">\n<div class=\"sp-template sp-template-event-list\">\n<div class=\"sp-table-wrapper\">\n<div class=\"dataTables_wrapper no-footer\">\n<div class=\"sp-scrollable-table-wrapper\">\n<div class=\"sp-scrollable-table-wrapper\">\n<table width=\"665\">\n<tbody>\n<tr>\n<td width=\"49\"><strong><span style=\"color: #993300;\">Lp.<\/span><\/strong><\/td>\n<td width=\"155\"><strong><span style=\"color: #993300;\">Data<\/span><\/strong><\/td>\n<td width=\"317\"><strong><span style=\"color: #993300;\">Mecz<\/span><\/strong><\/td>\n<td width=\"144\"><strong><span style=\"color: #993300;\">Wynik<\/span><\/strong><\/td>\n<\/tr>\n<tr>\n<td width=\"49\"><strong><span style=\"color: #993300;\">1.<\/span><\/strong><\/td>\n<td width=\"155\">27 maj 2016<\/td>\n<td width=\"317\">Poprad Team &#8211; Galactik Footbal<\/td>\n<td width=\"144\">2:24 (0:12) + 22 gole<\/td>\n<\/tr>\n<tr>\n<td width=\"49\"><strong><span style=\"color: #993300;\">2.<\/span><\/strong><\/td>\n<td width=\"155\">17 maj 2017<\/td>\n<td width=\"317\">Tradycja Fabryka Okien &#8211; Euro Kryszta\u0142<\/td>\n<td width=\"144\">1:20 (0:7) + 19 goli<\/td>\n<\/tr>\n<tr>\n<td width=\"49\"><strong><span style=\"color: #993300;\">3.<\/span><\/strong><\/td>\n<td width=\"155\">19 czerwiec 2023<\/td>\n<td width=\"317\">Instal-Tech &#8211; Gold Team\/Meble Lorek Junior<\/td>\n<td width=\"144\">18:0 (7:0) + 18 goli<\/td>\n<\/tr>\n<tr>\n<td width=\"49\"><strong><span style=\"color: #993300;\">4.<\/span><\/strong><\/td>\n<td width=\"155\">24 listopad 2016<\/td>\n<td width=\"317\">Galactik Footbal &#8211; Tradycja Fabryka Okien<\/td>\n<td width=\"144\">19:2 (6:1) + 17 goli<\/td>\n<\/tr>\n<tr>\n<td width=\"49\"><strong><span style=\"color: #993300;\">5.<\/span><\/strong><\/td>\n<td width=\"155\">21 czerwiec 2018<\/td>\n<td width=\"317\">Greenpowerns &#8211; Jako Tako Team<\/td>\n<td width=\"144\">18:1 (9:1) + 17 goli<\/td>\n<\/tr>\n<tr>\n<td width=\"49\"><strong><span style=\"color: #993300;\">6.<\/span><\/strong><\/td>\n<td width=\"155\">13 czerwiec 2019<\/td>\n<td width=\"317\">Clean Serwis -S\u0105czersi<\/td>\n<td width=\"144\">2:19 (2:6) + 17 goli<\/td>\n<\/tr>\n<tr>\n<td width=\"49\"><strong><span style=\"color: #993300;\">7.<\/span><\/strong><\/td>\n<td width=\"155\">23 lipiec 2020<\/td>\n<td width=\"317\">Willa Poprad &#8211; Tradycja Fabryka Okien<\/td>\n<td width=\"144\">20:3 (8:2) + 17 goli<\/td>\n<\/tr>\n<tr>\n<td width=\"49\"><strong><span style=\"color: #993300;\">8.<\/span><\/strong><\/td>\n<td width=\"155\">30 sierpie\u0144 2018<\/td>\n<td width=\"317\">Jako Tako Team &#8211; \u0141at-Kam<\/td>\n<td width=\"144\">0:16 (0:7) + 16 goli<\/td>\n<\/tr>\n<tr>\n<td width=\"49\"><strong><span style=\"color: #993300;\">9.<\/span><\/strong><\/td>\n<td width=\"155\">12 wrzesie\u0144 2019<\/td>\n<td width=\"317\">Honer &#8211; LSO Podegrodzie<\/td>\n<td width=\"144\">16:0 (9:0) + 16 goli<\/td>\n<\/tr>\n<tr>\n<td width=\"49\"><strong><span style=\"color: #993300;\">10.<\/span><\/strong><\/td>\n<td width=\"155\">29 sierpie\u0144 2022<\/td>\n<td width=\"317\">Your House &#8211; Gold Team\/Meble Lorek Junior<\/td>\n<td width=\"144\">17:1 (5:0) + 16 goli<\/td>\n<\/tr>\n<tr>\n<td width=\"49\"><strong><span style=\"color: #993300;\">11.<\/span><\/strong><\/td>\n<td width=\"155\">12 czerwiec 2023<\/td>\n<td width=\"317\">Instalacje Pietruszka &#8211; Gold Team\/Meble Lorek Junior<\/td>\n<td width=\"144\">16:0 (7:0) + 16 goli<\/td>\n<\/tr>\n<tr>\n<td width=\"49\"><strong><span style=\"color: #993300;\">12.<\/span><\/strong><\/td>\n<td width=\"155\">27 maj 2016<\/td>\n<td width=\"317\">Gold Team\/Meble Lorek &#8211; Tradycja Fabryka Okien<\/td>\n<td width=\"144\">16:1 (7:0) + 15 goli<\/td>\n<\/tr>\n<tr>\n<td width=\"49\"><strong><span style=\"color: #993300;\">13.<\/span><\/strong><\/td>\n<td width=\"155\">7 czerwiec 2017<\/td>\n<td width=\"317\">Tradycja Fabryka Okien &#8211; Desperados<\/td>\n<td width=\"144\">1:16 (0:7) + 15 goli<\/td>\n<\/tr>\n<tr>\n<td width=\"49\"><strong><span style=\"color: #993300;\">14.<\/span><\/strong><\/td>\n<td width=\"155\">12 maj 2021<\/td>\n<td width=\"317\">Olimp Team &#8211; Piemonte Calcio<\/td>\n<td width=\"144\">21:6 (9:2) + 15 goli<\/td>\n<\/tr>\n<tr>\n<td width=\"49\"><strong><span style=\"color: #993300;\">15.<\/span><\/strong><\/td>\n<td width=\"155\">13 wrzesie\u0144 2018<\/td>\n<td width=\"317\">Piwniczanka Poprad &#8211; Bruk-Ogr\u00f3d-Nowak<\/td>\n<td width=\"144\">0:15 (0:8) + 15 goli<\/td>\n<\/tr>\n<\/tbody>\n<\/table>\n<\/div>\n<\/div>\n<\/div>\n<\/div>\n<\/div>\n<div class=\"sportspress\">\n<div class=\"sp-template sp-template-event-list\">\n<h4 class=\"sp-table-caption\">\u00a0NAJWY\u017bSZE REMISY:<\/h4>\n<div class=\"sp-table-wrapper\">\n<div class=\"dataTables_wrapper no-footer\">\n<div class=\"sp-scrollable-table-wrapper\">\n<div class=\"sp-scrollable-table-wrapper\">\n<table width=\"665\">\n<tbody>\n<tr>\n<td width=\"49\"><strong><span style=\"color: #993300;\">Lp.<\/span><\/strong><\/td>\n<td width=\"155\"><strong><span style=\"color: #993300;\">Data<\/span><\/strong><\/td>\n<td width=\"317\"><strong><span style=\"color: #993300;\">Mecz<\/span><\/strong><\/td>\n<td width=\"144\"><strong><span style=\"color: #993300;\">Wynik<\/span><\/strong><\/td>\n<\/tr>\n<tr>\n<td width=\"49\"><strong><span style=\"color: #993300;\">1.<\/span><\/strong><\/td>\n<td width=\"155\">29 czerwiec 2017<\/td>\n<td width=\"317\">Dom Kredytowy Notus &#8211; Kamex<\/td>\n<td width=\"144\">8:8 (5:4)<\/td>\n<\/tr>\n<tr>\n<td width=\"49\"><strong><span style=\"color: #993300;\">2.<\/span><\/strong><\/td>\n<td width=\"155\">26 czerwiec 2018<\/td>\n<td width=\"317\">Notus Finanse &#8211; Baz Pal<\/td>\n<td width=\"144\">8:8 (4:3)<\/td>\n<\/tr>\n<tr>\n<td width=\"49\"><strong><span style=\"color: #993300;\">3.<\/span><\/strong><\/td>\n<td width=\"155\">21 lipiec 2020<\/td>\n<td width=\"317\">BDM Finanse Group &#8211; Firma Budowlana Wo\u017aniak<\/td>\n<td width=\"144\">8:8 (3:3)<\/td>\n<\/tr>\n<tr>\n<td width=\"49\"><strong><span style=\"color: #993300;\">4.<\/span><\/strong><\/td>\n<td width=\"155\">11 maj 2017<\/td>\n<td width=\"317\">Sandecja Old Boys &#8211; Euro Kryszta\u0142<\/td>\n<td width=\"144\">7:7 (5:2)<\/td>\n<\/tr>\n<tr>\n<td width=\"49\"><strong><span style=\"color: #993300;\">5.<\/span><\/strong><\/td>\n<td width=\"155\">06 sierpie\u0144 2019<\/td>\n<td width=\"317\">Wi\u015bniowski &#8211; Baz Pal<\/td>\n<td width=\"144\">7:7 (4:2)<\/td>\n<\/tr>\n<tr>\n<td width=\"49\"><strong><span style=\"color: #993300;\">6.<\/span><\/strong><\/td>\n<td width=\"155\">26 lipiec 2021<\/td>\n<td width=\"317\">Olimp Team &#8211; Stal-Bud Nawojowa<\/td>\n<td width=\"144\">7:7 (2:3)<\/td>\n<\/tr>\n<tr>\n<td width=\"49\"><strong><span style=\"color: #993300;\">7.<\/span><\/strong><\/td>\n<td width=\"155\">9 czerwiec 2016<\/td>\n<td width=\"317\">Kamex &#8211; KS Grogulec<\/td>\n<td width=\"144\">6:6 (3:1)<\/td>\n<\/tr>\n<tr>\n<td width=\"49\"><strong><span style=\"color: #993300;\">8.<\/span><\/strong><\/td>\n<td width=\"155\">14 czerwiec 2016<\/td>\n<td width=\"317\">Dream Team &#8211; Galactik Football<\/td>\n<td width=\"144\">6:6 (3:1)<\/td>\n<\/tr>\n<tr>\n<td width=\"49\"><strong><span style=\"color: #993300;\">9.<\/span><\/strong><\/td>\n<td width=\"155\">25 kwiecie\u0144 2018<\/td>\n<td width=\"317\">Meble Ogrodowe Kocemba &#8211; Tradycja fabryka Okien<\/td>\n<td width=\"144\">6:6 (1:4)<\/td>\n<\/tr>\n<tr>\n<td width=\"49\"><strong><span style=\"color: #993300;\">10.<\/span><\/strong><\/td>\n<td width=\"155\">15 maj 2019<\/td>\n<td width=\"317\">Wi\u015bniowski II &#8211; Firma Budowlana Wo\u017aniak<\/td>\n<td width=\"144\">6:6 (1:2)<\/td>\n<\/tr>\n<tr>\n<td width=\"49\"><strong><span style=\"color: #993300;\">11.<\/span><\/strong><\/td>\n<td width=\"155\">21 sierpie\u0144 2019<\/td>\n<td width=\"317\">Tradycja fabryka Okien &#8211; Gad\u017cet Team<\/td>\n<td width=\"144\">6:6 (3:1)<\/td>\n<\/tr>\n<tr>\n<td width=\"49\"><strong><span style=\"color: #993300;\">12.<\/span><\/strong><\/td>\n<td width=\"155\">5 sierpie\u0144 2020<\/td>\n<td width=\"317\">Olimp Team &#8211; Bastek Garnitury<\/td>\n<td width=\"144\">6:6 (1:5)<\/td>\n<\/tr>\n<tr>\n<td width=\"49\"><strong><span style=\"color: #993300;\">13.<\/span><\/strong><\/td>\n<td width=\"155\">2 sierpie\u0144 2021<\/td>\n<td width=\"317\">Pabud &#8211; Trade<\/td>\n<td width=\"144\">6:6 (1:4)<\/td>\n<\/tr>\n<tr>\n<td width=\"49\"><strong><span style=\"color: #993300;\">14.<\/span><\/strong><\/td>\n<td width=\"155\">6 czerwiec 2022<\/td>\n<td width=\"317\">Mak-Bud &#8211; AFC Eskulap<\/td>\n<td width=\"144\">6:6 (2:3)<\/td>\n<\/tr>\n<tr>\n<td width=\"49\"><strong><span style=\"color: #993300;\">15.<\/span><\/strong><\/td>\n<td width=\"155\">31 sierpie\u0144 2023<\/td>\n<td width=\"317\">Bastek Garnitury &#8211; Sandecja Old Boys<\/td>\n<td width=\"144\">6:6 (3:2)<\/td>\n<\/tr>\n<\/tbody>\n<\/table>\n<\/div>\n<\/div>\n<\/div>\n<\/div>\n<\/div>\n<\/div>\n<div class=\"sportspress\">\n<div class=\"sp-template sp-template-event-list\">\n<h4 class=\"sp-table-caption\">NAJWI\u0118CEJ ZDOBYTYCH GOLI W JEDNYM MECZU:<\/h4>\n<div class=\"sp-table-wrapper\">\n<div class=\"dataTables_wrapper no-footer\">\n<div class=\"sp-scrollable-table-wrapper\">\n<div class=\"sp-scrollable-table-wrapper\">\n<table width=\"665\">\n<tbody>\n<tr>\n<td width=\"49\"><strong><span style=\"color: #993300;\">Lp.<\/span><\/strong><\/td>\n<td width=\"155\"><strong><span style=\"color: #993300;\">Data<\/span><\/strong><\/td>\n<td width=\"317\"><strong><span style=\"color: #993300;\">Mecz<\/span><\/strong><\/td>\n<td width=\"144\"><strong><span style=\"color: #993300;\">Wynik<\/span><\/strong><\/td>\n<\/tr>\n<tr>\n<td width=\"49\"><strong><span style=\"color: #993300;\">1.<\/span><\/strong><\/td>\n<td width=\"155\">12 maj 2021<\/td>\n<td width=\"317\">Olimp Team &#8211; Piemonte Calcio<\/td>\n<td width=\"144\">27 goli<\/td>\n<\/tr>\n<tr>\n<td width=\"49\"><strong><span style=\"color: #993300;\">2.<\/span><\/strong><\/td>\n<td width=\"155\">27 maj 2016<\/td>\n<td width=\"317\">Poprad Team &#8211; Galactik Football<\/td>\n<td width=\"144\">26 goli<\/td>\n<\/tr>\n<tr>\n<td width=\"49\"><strong><span style=\"color: #993300;\">3.<\/span><\/strong><\/td>\n<td width=\"155\">14 czerwiec 2017<\/td>\n<td width=\"317\">KS Krogulec &#8211; Q-Graf<\/td>\n<td width=\"144\">24 gole<\/td>\n<\/tr>\n<tr>\n<td width=\"49\"><strong><span style=\"color: #993300;\">4.<\/span><\/strong><\/td>\n<td width=\"155\">23 lipiec 2020<\/td>\n<td width=\"317\">Willa Poprad &#8211; Tradycja Fabryka Okien<\/td>\n<td width=\"144\">23 gole<\/td>\n<\/tr>\n<tr>\n<td width=\"49\"><strong><span style=\"color: #993300;\">5.<\/span><\/strong><\/td>\n<td width=\"155\">20 sierpie\u0144 2025<\/td>\n<td width=\"317\">Mariposa Med Spa &#8211; Karpater<\/td>\n<td width=\"144\">23 gole<\/td>\n<\/tr>\n<tr>\n<td width=\"49\"><strong><span style=\"color: #993300;\">6.<\/span><\/strong><\/td>\n<td width=\"155\">12 wrze\u015bnia 2018<\/td>\n<td width=\"317\">Stowarzyszenie Dla Miasta &#8211; Kaduk\/Balu-Mat<\/td>\n<td width=\"144\">22 gole<\/td>\n<\/tr>\n<tr>\n<td width=\"49\"><strong><span style=\"color: #993300;\">7.<\/span><\/strong><\/td>\n<td width=\"155\">24 maj 2016<\/td>\n<td width=\"317\">No\u0142 Nejm &#8211; Dream Team Podegrodzie<\/td>\n<td width=\"144\">21 goli<\/td>\n<\/tr>\n<tr>\n<td width=\"49\"><strong><span style=\"color: #993300;\">8.<\/span><\/strong><\/td>\n<td width=\"155\">05 maj 2016<\/td>\n<td width=\"317\">Galactik Football &#8211; Tradycja Fabryka Okien<\/td>\n<td width=\"144\">21 goli<\/td>\n<\/tr>\n<tr>\n<td width=\"49\"><strong><span style=\"color: #993300;\">9.<\/span><\/strong><\/td>\n<td width=\"155\">17 maj 2017<\/td>\n<td width=\"317\">Tradycja Fabryka Okien &#8211; Euro Kryszta\u0142<\/td>\n<td width=\"144\">21 goli<\/td>\n<\/tr>\n<tr>\n<td width=\"49\"><strong><span style=\"color: #993300;\">10.<\/span><\/strong><\/td>\n<td width=\"155\">13 czerwiec 2019<\/td>\n<td width=\"317\">Clean Serwis &#8211; S\u0105czersi<\/td>\n<td width=\"144\">21 goli<\/td>\n<\/tr>\n<tr>\n<td width=\"49\"><strong><span style=\"color: #993300;\">11.<\/span><\/strong><\/td>\n<td width=\"155\">18 czerwiec 2020<\/td>\n<td width=\"317\">Tradycja Fabryka Okien &#8211; Clean Serwis<\/td>\n<td width=\"144\">21 goli<\/td>\n<\/tr>\n<tr>\n<td width=\"49\"><strong><span style=\"color: #993300;\">12.<\/span><\/strong><\/td>\n<td width=\"155\">5 wrzesie\u0144 2022<\/td>\n<td width=\"317\">Nitro Karting &#8211; Gold Team\/Meble Lorek Junior<\/td>\n<td width=\"144\">21 goli<\/td>\n<\/tr>\n<tr>\n<td width=\"49\"><strong><span style=\"color: #993300;\">13.<\/span><\/strong><\/td>\n<td width=\"155\">13 czerwiec 2017<\/td>\n<td width=\"317\">Ibis Styles N.S. &#8211; Wi\u015bniowski<\/td>\n<td width=\"144\">20 goli<\/td>\n<\/tr>\n<tr>\n<td width=\"49\"><strong><span style=\"color: #993300;\">14.<\/span><\/strong><\/td>\n<td width=\"155\">23 sierpie\u0144 2018<\/td>\n<td width=\"317\">Walczyk Optyk &#8211; Jako Tako Team<\/td>\n<td width=\"144\">20 goli<\/td>\n<\/tr>\n<tr>\n<td width=\"49\"><strong><span style=\"color: #993300;\">15.<\/span><\/strong><\/td>\n<td width=\"155\">24 sierpie\u0144 2021<\/td>\n<td width=\"317\">Clean Serwis &#8211; Mariposa Med-Spa<\/td>\n<td width=\"144\">20 goli<\/td>\n<\/tr>\n<\/tbody>\n<\/table>\n<\/div>\n<\/div>\n<\/div>\n<\/div>\n<\/div>\n<\/div>\n<div class=\"sportspress\">\n<div class=\"sp-template sp-template-event-list\">\n<h4 class=\"sp-table-caption\">NAJWI\u0118CEJ ZDOBYTYCH GOLI JEDNEGO ZAWODNIKA W JEDNYM MECZU:<\/h4>\n<div class=\"sp-table-wrapper\">\n<div class=\"dataTables_wrapper no-footer\">\n<div class=\"sp-scrollable-table-wrapper\">\n<div class=\"sp-scrollable-table-wrapper\">\n<table width=\"665\">\n<tbody>\n<tr>\n<td width=\"49\"><strong><span style=\"color: #993300;\">Lp.<\/span><\/strong><\/td>\n<td width=\"155\"><strong><span style=\"color: #993300;\">Data<\/span><\/strong><\/td>\n<td width=\"317\"><strong><span style=\"color: #993300;\">Zawodnik<\/span><\/strong><\/td>\n<td width=\"144\"><strong><span style=\"color: #993300;\">Wynik<\/span><\/strong><\/td>\n<\/tr>\n<tr>\n<td width=\"49\"><strong><span style=\"color: #993300;\">1.<\/span><\/strong><\/td>\n<td width=\"155\">13 czerwiec 2017<\/td>\n<td width=\"317\">Pawe\u0142 Kocio\u0142ek (Wi\u015bniowski)<\/td>\n<td width=\"144\">12 goli<\/td>\n<\/tr>\n<tr>\n<td width=\"49\"><strong><span style=\"color: #993300;\">2.<\/span><\/strong><\/td>\n<td width=\"155\">14 czerwiec 2017<\/td>\n<td width=\"317\">Karol Nowak (Q-Graf)<\/td>\n<td width=\"144\">11 goli<\/td>\n<\/tr>\n<tr>\n<td width=\"49\"><strong><span style=\"color: #993300;\">3.<\/span><\/strong><\/td>\n<td width=\"155\">12 maj 2021<\/td>\n<td width=\"317\">Kamil Kuziel (Olimp Team)<\/td>\n<td width=\"144\">11 goli<\/td>\n<\/tr>\n<tr>\n<td width=\"49\"><strong><span style=\"color: #993300;\">4.<\/span><\/strong><\/td>\n<td width=\"155\">14 wrzesie\u0144 2022<\/td>\n<td width=\"317\">Krzysztof Jasiurkowski (Gad\u017cet Team)<\/td>\n<td width=\"144\">11 goli<\/td>\n<\/tr>\n<tr>\n<td width=\"49\"><strong><span style=\"color: #993300;\">5.<\/span><\/strong><\/td>\n<td width=\"155\">27 maj 2016<\/td>\n<td width=\"317\">Krzysztof Skocze\u0144 (Galactik Football)<\/td>\n<td width=\"144\">10 goli<\/td>\n<\/tr>\n<tr>\n<td width=\"49\"><strong><span style=\"color: #993300;\">6.<\/span><\/strong><\/td>\n<td width=\"155\">23 czerwiec 2025<\/td>\n<td width=\"317\">Wojciech Trochim (Essa x Greenpowerns)<\/td>\n<td width=\"144\">10 goli<\/td>\n<\/tr>\n<tr>\n<td width=\"49\"><strong><span style=\"color: #993300;\">7.<\/span><\/strong><\/td>\n<td width=\"155\">16 maj 2017<\/td>\n<td width=\"317\">Pawe\u0142 Kocio\u0142ek (Wi\u015bniowski)<\/td>\n<td width=\"144\">9 goli<\/td>\n<\/tr>\n<tr>\n<td width=\"49\"><strong><span style=\"color: #993300;\">8.<\/span><\/strong><\/td>\n<td width=\"155\">23 sierpie\u0144 2018<\/td>\n<td width=\"317\">Andrzej Grabczyk (Walczyk Optyk)<\/td>\n<td width=\"144\">9 goli<\/td>\n<\/tr>\n<tr>\n<td width=\"49\"><strong><span style=\"color: #993300;\">9.<\/span><\/strong><\/td>\n<td width=\"155\">13 czerwiec 2019<\/td>\n<td width=\"317\">Wojciech Po\u0142omski (Pizzeria Trio)<\/td>\n<td width=\"144\">9 goli<\/td>\n<\/tr>\n<tr>\n<td width=\"49\"><strong><span style=\"color: #993300;\">10.<\/span><\/strong><\/td>\n<td width=\"155\">8 wrzesie\u0144 2020<\/td>\n<td width=\"317\">Kamil Lupa (BDM Finanse Group)<\/td>\n<td width=\"144\">9 goli<\/td>\n<\/tr>\n<tr>\n<td width=\"49\"><strong><span style=\"color: #993300;\">11.<\/span><\/strong><\/td>\n<td width=\"155\">7 lipiec 2021<\/td>\n<td width=\"317\">Dominik Sobczyk (Olimp Team)<\/td>\n<td width=\"144\">9 goli<\/td>\n<\/tr>\n<tr>\n<td width=\"49\"><strong><span style=\"color: #993300;\">12.<\/span><\/strong><\/td>\n<td width=\"155\">8 czerwiec 2022<\/td>\n<td width=\"317\">Przemys\u0142aw Kumor (Pabud)<\/td>\n<td width=\"144\">9 goli<\/td>\n<\/tr>\n<tr>\n<td width=\"49\"><strong><span style=\"color: #993300;\">13.<\/span><\/strong><\/td>\n<td width=\"155\">15 czerwiec 2022<\/td>\n<td width=\"317\">Pawe\u0142 Zygmunt (Dom Weselny Sylwia)<\/td>\n<td width=\"144\">9 goli<\/td>\n<\/tr>\n<tr>\n<td width=\"49\"><strong><span style=\"color: #993300;\">14.<\/span><\/strong><\/td>\n<td width=\"155\">29 sierpie\u0144 2022<\/td>\n<td width=\"317\">Szymon Pogwizd (Your House)<\/td>\n<td width=\"144\">9 goli<\/td>\n<\/tr>\n<tr>\n<td width=\"49\"><strong><span style=\"color: #993300;\">15.<\/span><\/strong><\/td>\n<td width=\"155\">22 sierpie\u0144 2023<\/td>\n<td width=\"317\">Kacper Chru\u015blicki (Mak-Bud)<\/td>\n<td width=\"144\">9 goli<\/td>\n<\/tr>\n<\/tbody>\n<\/table>\n<\/div>\n<\/div>\n<\/div>\n<\/div>\n<\/div>\n<\/div>\n<div class=\"sportspress\">\n<div class=\"sp-template sp-template-event-list\">\n<h4 class=\"sp-table-caption\">NAJWI\u0118CEJ ZDOBYTYCH ASYST JEDNEGO ZAWODNIKA W JEDNYM MECZU:<\/h4>\n<div class=\"sp-table-wrapper\">\n<div class=\"dataTables_wrapper no-footer\">\n<div class=\"sp-scrollable-table-wrapper\">\n<div class=\"sp-scrollable-table-wrapper\">\n<table width=\"665\">\n<tbody>\n<tr>\n<td width=\"49\"><strong><span style=\"color: #993300;\">Lp.<\/span><\/strong><\/td>\n<td width=\"155\"><strong><span style=\"color: #993300;\">Data<\/span><\/strong><\/td>\n<td width=\"317\"><span style=\"color: #993300;\"><b>Zawodnik<\/b><\/span><\/td>\n<td width=\"144\"><strong><span style=\"color: #993300;\">Wynik<\/span><\/strong><\/td>\n<\/tr>\n<tr>\n<td width=\"49\"><strong><span style=\"color: #993300;\">1.<\/span><\/strong><\/td>\n<td width=\"155\">15 czerwiec 2022<\/td>\n<td width=\"317\">Mariusz Merklinger (Dom Weselny Sylwia)<\/td>\n<td width=\"144\">10 asyst<\/td>\n<\/tr>\n<tr>\n<td width=\"49\"><strong><span style=\"color: #993300;\">2.<\/span><\/strong><\/td>\n<td width=\"155\">12 maj 2021<\/td>\n<td width=\"317\">Wiktor Weber (Olimp Team)<\/td>\n<td width=\"144\">7 asyst<\/td>\n<\/tr>\n<tr>\n<td width=\"49\"><strong><span style=\"color: #993300;\">3.<\/span><\/strong><\/td>\n<td width=\"155\">16 czerwiec 2025<\/td>\n<td width=\"317\">Jakub Gri\u0144ski (Planet Car)<\/td>\n<td width=\"144\">7 asyst<\/td>\n<\/tr>\n<tr>\n<td width=\"49\"><strong><span style=\"color: #993300;\">4.<\/span><\/strong><\/td>\n<td width=\"155\">14 kwiecie\u0144 2016<\/td>\n<td width=\"317\">\u00a0Tomasz Szczurek (Q-Graf)<\/td>\n<td width=\"144\">6 asyst<\/td>\n<\/tr>\n<tr>\n<td width=\"49\"><strong><span style=\"color: #993300;\">5.<\/span><\/strong><\/td>\n<td width=\"155\">5 maj 2016<\/td>\n<td width=\"317\">Emil Lipi\u0144ski (Millenium)<\/td>\n<td width=\"144\">6 asyst<\/td>\n<\/tr>\n<tr>\n<td width=\"49\"><strong><span style=\"color: #993300;\">6.<\/span><\/strong><\/td>\n<td width=\"155\">5 maj 2016<\/td>\n<td width=\"317\">Konrad W\u00f3js (Galactik Football)<\/td>\n<td width=\"144\">6 asyst<\/td>\n<\/tr>\n<tr>\n<td width=\"49\"><strong><span style=\"color: #993300;\">7.<\/span><\/strong><\/td>\n<td width=\"155\">27 maj 2016<\/td>\n<td width=\"317\">Maciej Kafel (Galactik Football)<\/td>\n<td width=\"144\">6 asyst<\/td>\n<\/tr>\n<tr>\n<td width=\"49\"><strong><span style=\"color: #993300;\">8.<\/span><\/strong><\/td>\n<td width=\"155\">27 maj 2016<\/td>\n<td width=\"317\">Artur Przetacznik (Galactik Football)<\/td>\n<td width=\"144\">6 asyst<\/td>\n<\/tr>\n<tr>\n<td width=\"49\"><strong><span style=\"color: #993300;\">9.<\/span><\/strong><\/td>\n<td width=\"155\">17 maj 2017<\/td>\n<td width=\"317\">Rados\u0142aw Sowa (Euro Kryszta\u0142)<\/td>\n<td width=\"144\">6 asyst<\/td>\n<\/tr>\n<tr>\n<td width=\"49\"><strong><span style=\"color: #993300;\">10.<\/span><\/strong><\/td>\n<td width=\"155\">6 wrzesie\u0144 2018<\/td>\n<td width=\"317\">\u0141ukasz Fa\u0142owski (Bruk-Ogr\u00f3d-Nowak)<\/td>\n<td width=\"144\">6 asyst<\/td>\n<\/tr>\n<tr>\n<td width=\"49\"><strong><span style=\"color: #993300;\">11.<\/span><\/strong><\/td>\n<td width=\"155\">20 lipiec 2020<\/td>\n<td width=\"317\">Wiktor Weber (Olimp Team)<\/td>\n<td width=\"144\">6 asyst<\/td>\n<\/tr>\n<tr>\n<td width=\"49\"><strong><span style=\"color: #993300;\">12.<\/span><\/strong><\/td>\n<td width=\"155\">21 czerwiec 2021<\/td>\n<td width=\"317\">Karol \u0141atka (Dj NovoS Team)<\/td>\n<td width=\"144\">6 asyst<\/td>\n<\/tr>\n<tr>\n<td width=\"49\"><strong><span style=\"color: #993300;\">13.<\/span><\/strong><\/td>\n<td width=\"155\">21 kwiecie\u0144 2016<\/td>\n<td width=\"317\">Damian Dudek (Gold Team)<\/td>\n<td width=\"144\">6 asyst<\/td>\n<\/tr>\n<tr>\n<td width=\"49\"><strong><span style=\"color: #993300;\">14.<\/span><\/strong><\/td>\n<td width=\"155\">30 maj 2022<\/td>\n<td width=\"317\">Kacper W\u00f3jtowicz (Barska Clinic)<\/td>\n<td width=\"144\">6 asyst<\/td>\n<\/tr>\n<tr>\n<td width=\"49\"><strong><span style=\"color: #993300;\">15.<\/span><\/strong><\/td>\n<td width=\"155\">14 sierpie\u0144 2022<\/td>\n<td width=\"317\">Dominik G\u00f3rka (Gad\u017cet Team)<\/td>\n<td width=\"144\">6 asyst<\/td>\n<\/tr>\n<\/tbody>\n<\/table>\n<\/div>\n<\/div>\n<\/div>\n<\/div>\n<\/div>\n<\/div>\n<\/div>\n<\/div>\n","protected":false},"excerpt":{"rendered":"<p>\u00a0NAJWY\u017bSZE zwyci\u0119stwa: Lp. Data Mecz Wynik 1. 27 maj 2016 Poprad Team &#8211; Galactik Footbal 2:24 (0:12) + 22 gole 2. 17 maj 2017 Tradycja Fabryka Okien &#8211; Euro Kryszta\u0142 1:20 (0:7) + 19 goli 3. 19 czerwiec 2023 Instal-Tech &#8211; Gold Team\/Meble Lorek Junior 18:0 (7:0) + 18 goli 4. 24 listopad 2016 Galactik [&hellip;]<\/p>\n","protected":false},"author":1,"featured_media":0,"parent":0,"menu_order":0,"comment_status":"closed","ping_status":"closed","template":"","meta":[],"_links":{"self":[{"href":"https:\/\/lfsportevents.pl\/ligaorlika2025\/wp-json\/wp\/v2\/pages\/5151"}],"collection":[{"href":"https:\/\/lfsportevents.pl\/ligaorlika2025\/wp-json\/wp\/v2\/pages"}],"about":[{"href":"https:\/\/lfsportevents.pl\/ligaorlika2025\/wp-json\/wp\/v2\/types\/page"}],"author":[{"embeddable":true,"href":"https:\/\/lfsportevents.pl\/ligaorlika2025\/wp-json\/wp\/v2\/users\/1"}],"replies":[{"embeddable":true,"href":"https:\/\/lfsportevents.pl\/ligaorlika2025\/wp-json\/wp\/v2\/comments?post=5151"}],"version-history":[{"count":2,"href":"https:\/\/lfsportevents.pl\/ligaorlika2025\/wp-json\/wp\/v2\/pages\/5151\/revisions"}],"predecessor-version":[{"id":36317,"href":"https:\/\/lfsportevents.pl\/ligaorlika2025\/wp-json\/wp\/v2\/pages\/5151\/revisions\/36317"}],"wp:attachment":[{"href":"https:\/\/lfsportevents.pl\/ligaorlika2025\/wp-json\/wp\/v2\/media?parent=5151"}],"curies":[{"name":"wp","href":"https:\/\/api.w.org\/{rel}","templated":true}]}}