{"id":5062,"date":"2017-03-01T13:36:12","date_gmt":"2017-03-01T12:36:12","guid":{"rendered":"https:\/\/lfsportevents.pl\/ligaorlika2025\/?page_id=5062"},"modified":"2025-09-15T10:11:06","modified_gmt":"2025-09-15T08:11:06","slug":"stat-kolejki","status":"publish","type":"page","link":"https:\/\/lfsportevents.pl\/ligaorlika2025\/blachdom-i-liga\/stat-kolejki\/","title":{"rendered":"Stat. kolejki"},"content":{"rendered":"<h1><span style=\"color: #993300;\">1 KOLEJKA (30 KWIECIE\u0143 2025)<\/span><\/h1>\n<p><strong>Liczba meczy:<\/strong><span style=\"color: #993300;\"><strong>\u00a05<\/strong><\/span><br \/>\n<strong>Liczba goli:<\/strong><strong>\u00a0<span style=\"color: #993300;\">35<\/span><\/strong><br \/>\n<strong>\u015arednia ilo\u015b\u0107 goli na mecz:\u00a0<span style=\"color: #993300;\">7,00<\/span><\/strong><br \/>\n<strong>Wygrane:<\/strong><strong>\u00a0<span style=\"color: #993300;\">4<\/span><\/strong><br \/>\n<strong>Remisy:\u00a0<span style=\"color: #993300;\">1<\/span><\/strong><br \/>\n<strong>Walkowery:<\/strong><strong>\u00a0<span style=\"color: #993300;\">0<\/span><\/strong><br \/>\n<strong>Najwi\u0119cej goli strzelonych w meczu:\u00a0<span style=\"color: #993300;\">9 goli <span style=\"color: #333333;\">(Karpater : Instalacje Pietruszka 5:4), (Mariposa Med-Spa : KKS Stava 5:4)<\/span><\/span><\/strong><br \/>\n<strong>Najwy\u017csza wygrana:<\/strong><strong>\u00a0<span style=\"color: #993300;\">1:6<\/span> (<span style=\"color: #993300;\"><span style=\"color: #333333;\">Inter-Styl : Galacticos Team<\/span><span style=\"color: #333333;\">)<\/span><\/span><\/strong><br \/>\n<strong>Ilo\u015b\u0107 \u017c\u00f3\u0142tych kartek:\u00a0<span style=\"color: #993300;\">5<\/span><\/strong><br \/>\n<strong>Ilo\u015b\u0107 czerwonych kartek:<\/strong><strong>\u00a0<span style=\"color: #993300;\">0<\/span><\/strong><\/p>\n<h1><span style=\"color: #993300;\">2 KOLEJKA (7 maj 2025)<\/span><\/h1>\n<p><strong>Liczba meczy:<\/strong><span style=\"color: #993300;\"><strong> 5<\/strong><\/span><br \/>\n<strong>Liczba goli:<\/strong><strong>\u00a0<span style=\"color: #993300;\">52<\/span><\/strong><br \/>\n<strong>\u015arednia ilo\u015b\u0107 goli na mecz:\u00a0<span style=\"color: #993300;\">10,40<\/span><\/strong><br \/>\n<strong>Wygrane:<\/strong><strong>\u00a0<span style=\"color: #993300;\">5<\/span><\/strong><br \/>\n<strong>Remisy:\u00a0<span style=\"color: #993300;\">0<\/span><\/strong><br \/>\n<strong>Walkowery:<\/strong><strong>\u00a0<span style=\"color: #993300;\">0<\/span><\/strong><br \/>\n<strong>Najwi\u0119cej goli strzelonych w meczu:\u00a0<span style=\"color: #993300;\">13 goli <span style=\"color: #333333;\">(Whisky Bar : Instalacje Pietruszka 10:3)<\/span><\/span><\/strong><br \/>\n<strong>Najwy\u017csza wygrana:<\/strong><strong>\u00a0<span style=\"color: #993300;\">10:3 <span style=\"color: #333333;\">(Whisky Bar : Instalacje Pietruszka)<\/span><\/span><\/strong><br \/>\n<strong>Ilo\u015b\u0107 \u017c\u00f3\u0142tych kartek:\u00a0<span style=\"color: #993300;\">6<\/span><\/strong><br \/>\n<strong>Ilo\u015b\u0107 czerwonych kartek:<\/strong><strong>\u00a0<span style=\"color: #993300;\">1<\/span><\/strong><\/p>\n<h1><span style=\"color: #993300;\">3 KOLEJKA (14 maj 2025)<\/span><\/h1>\n<p><strong>Liczba meczy:<\/strong><span style=\"color: #993300;\"><strong>\u00a0<span style=\"color: #993300;\">5<\/span><\/strong><\/span><br \/>\n<strong>Liczba goli: <span style=\"color: #993300;\">38<\/span><\/strong><br \/>\n<strong>\u015arednia ilo\u015b\u0107 goli na mecz:\u00a0<span style=\"color: #993300;\">7,60<\/span><\/strong><br \/>\n<strong>Wygrane:<\/strong><strong>\u00a0<span style=\"color: #993300;\">4<\/span><\/strong><br \/>\n<strong>Remisy:\u00a0<span style=\"color: #993300;\">1<\/span><\/strong><br \/>\n<strong>Walkowery:<\/strong><strong>\u00a0<span style=\"color: #993300;\">0<\/span><\/strong><br \/>\n<strong>Najwi\u0119cej goli strzelonych w meczu: <span style=\"color: #993300;\">16 goli<\/span> (Mariposa Med-Spa : Stal-Bud Nawojowa 11:5)<\/strong><br \/>\n<strong>Najwy\u017csza wygrana:<\/strong><strong><span style=\"color: #993300;\"> 2:10<\/span> (Ibis Styles N.S. : RTX Fabryka Okien)<\/strong><br \/>\n<strong>Ilo\u015b\u0107 \u017c\u00f3\u0142tych kartek: <span style=\"color: #993300;\">4<\/span><\/strong><br \/>\n<strong>Ilo\u015b\u0107 czerwonych kartek:<\/strong><strong>\u00a0<span style=\"color: #993300;\">0<\/span><\/strong><\/p>\n<h1><span style=\"color: #993300;\">4 KOLEJKA (21 maj 2025)<\/span><\/h1>\n<p><strong>Liczba meczy:<\/strong><span style=\"color: #993300;\"><strong>\u00a05<\/strong><\/span><br \/>\n<strong>Liczba goli: <span style=\"color: #993300;\">22<\/span><\/strong><br \/>\n<strong>\u015arednia ilo\u015b\u0107 goli na mecz:\u00a0<span style=\"color: #993300;\">4,40<\/span><\/strong><br \/>\n<strong>Wygrane:<\/strong><strong>\u00a0<span style=\"color: #993300;\">3<\/span><\/strong><br \/>\n<strong>Remisy:\u00a0<span style=\"color: #993300;\">2<\/span><\/strong><br \/>\n<strong>Walkowery:<\/strong><strong>\u00a0<span style=\"color: #993300;\">0<\/span><\/strong><br \/>\n<strong>Najwi\u0119cej goli strzelonych w meczu: <span style=\"color: #993300;\">12 goli<\/span> (Galacticos Team : Instalacje Pietruszka 9:3)<\/strong><br \/>\n<strong>Najwy\u017csza wygrana:<\/strong><strong><span style=\"color: #993300;\"> 9:3<\/span> (Galacticos Team : Instalacje Pietruszka)<\/strong><br \/>\n<strong>Ilo\u015b\u0107 \u017c\u00f3\u0142tych kartek: <span style=\"color: #993300;\">7<\/span><\/strong><br \/>\n<strong>Ilo\u015b\u0107 czerwonych kartek:<\/strong><strong>\u00a0<span style=\"color: #993300;\">0<\/span><\/strong><\/p>\n<h1><span style=\"color: #993300;\">5 KOLEJKA (28 maj 2025)<\/span><\/h1>\n<p><strong>Liczba meczy:<\/strong><span style=\"color: #993300;\"><strong>\u00a05<\/strong><\/span><br \/>\n<strong>Liczba goli: <span style=\"color: #993300;\">30<\/span><\/strong><br \/>\n<strong>\u015arednia ilo\u015b\u0107 goli na mecz:\u00a0<span style=\"color: #993300;\">6,00<\/span><\/strong><br \/>\n<strong>Wygrane:<\/strong><strong>\u00a0<span style=\"color: #993300;\">5<\/span><\/strong><br \/>\n<strong>Remisy:\u00a0<span style=\"color: #993300;\">0<\/span><\/strong><br \/>\n<strong>Walkowery:<\/strong><strong>\u00a0<span style=\"color: #993300;\">0<\/span><\/strong><br \/>\n<strong>Najwi\u0119cej goli strzelonych w meczu: <span style=\"color: #993300;\">10 goli<\/span> (Mariposa Med-Spa : Ibis Styles N.S. 8:2)<\/strong><br \/>\n<strong>Najwy\u017csza wygrana:<\/strong><strong><span style=\"color: #993300;\"> 8:2<\/span> (Mariposa Med-Spa : Ibis Styles N.S.)<\/strong><br \/>\n<strong>Ilo\u015b\u0107 \u017c\u00f3\u0142tych kartek: <span style=\"color: #993300;\">5<\/span><\/strong><br \/>\n<strong>Ilo\u015b\u0107 czerwonych kartek:<\/strong><strong>\u00a0<span style=\"color: #993300;\">1<\/span><\/strong><\/p>\n<h1><span style=\"color: #993300;\">6 KOLEJKA (4 czerwiec 2025)<\/span><\/h1>\n<p><strong>Liczba meczy:<\/strong><span style=\"color: #993300;\"><strong>\u00a05<\/strong><\/span><br \/>\n<strong>Liczba goli: <span style=\"color: #993300;\">56<\/span><\/strong><br \/>\n<strong>\u015arednia ilo\u015b\u0107 goli na mecz:\u00a0<span style=\"color: #993300;\">11,20<\/span><\/strong><br \/>\n<strong>Wygrane:<\/strong><strong>\u00a0<span style=\"color: #993300;\">5<\/span><\/strong><br \/>\n<strong>Remisy:\u00a0<span style=\"color: #993300;\">0<\/span><\/strong><br \/>\n<strong>Walkowery:<\/strong><strong>\u00a0<span style=\"color: #993300;\">0<\/span><\/strong><br \/>\n<strong>Najwi\u0119cej goli strzelonych w meczu: <span style=\"color: #993300;\">17 goli<\/span> (Galacticos Team : Stal-Bud Nawojowa 10:7)<\/strong><br \/>\n<strong>Najwy\u017csza wygrana:<\/strong><strong><span style=\"color: #993300;\"> 10:2<\/span> (Mariposa Med-Spa : RTX Fabryka Okien)<\/strong><br \/>\n<strong>Ilo\u015b\u0107 \u017c\u00f3\u0142tych kartek: <span style=\"color: #993300;\">6<\/span><\/strong><br \/>\n<strong>Ilo\u015b\u0107 czerwonych kartek:<\/strong><strong>\u00a0<span style=\"color: #993300;\">2<\/span><\/strong><\/p>\n<h1><span style=\"color: #993300;\">7 KOLEJKA (11 czerwiec 2025)<\/span><\/h1>\n<p><strong>Liczba meczy:<\/strong><span style=\"color: #993300;\"><strong>\u00a05<\/strong><\/span><br \/>\n<strong>Liczba goli: <span style=\"color: #993300;\">50<\/span><\/strong><br \/>\n<strong>\u015arednia ilo\u015b\u0107 goli na mecz:\u00a0<span style=\"color: #993300;\">10,00<\/span><\/strong><br \/>\n<strong>Wygrane:<\/strong><strong>\u00a0<span style=\"color: #993300;\">5<\/span><\/strong><br \/>\n<strong>Remisy:\u00a0<span style=\"color: #993300;\">0<\/span><\/strong><br \/>\n<strong>Walkowery:<\/strong><strong>\u00a0<span style=\"color: #993300;\">0<\/span><\/strong><br \/>\n<strong>Najwi\u0119cej goli strzelonych w meczu: <span style=\"color: #993300;\">15 goli<\/span> (Instalacje Pietruszka : Mariposa Med-Spa 3:12)<\/strong><br \/>\n<strong>Najwy\u017csza wygrana:<\/strong><strong><span style=\"color: #993300;\"> 3:12<\/span> (Instalacje Pietruszka : Mariposa Med-Spa)<\/strong><br \/>\n<strong>Ilo\u015b\u0107 \u017c\u00f3\u0142tych kartek: <span style=\"color: #993300;\">3<\/span><\/strong><br \/>\n<strong>Ilo\u015b\u0107 czerwonych kartek:<\/strong><strong>\u00a0<span style=\"color: #993300;\">1<\/span><\/strong><\/p>\n<h1><span style=\"color: #993300;\">8 KOLEJKA (18 czerwiec 2025)<\/span><\/h1>\n<p><strong>Liczba meczy:<\/strong><span style=\"color: #993300;\"><strong>\u00a05<\/strong><\/span><br \/>\n<strong>Liczba goli: <span style=\"color: #993300;\">38<\/span><\/strong><br \/>\n<strong>\u015arednia ilo\u015b\u0107 goli na mecz:\u00a0<span style=\"color: #993300;\">7,60<\/span><\/strong><br \/>\n<strong>Wygrane:<\/strong><strong>\u00a0<span style=\"color: #993300;\">5<\/span><\/strong><br \/>\n<strong>Remisy:\u00a0<span style=\"color: #993300;\">0<\/span><\/strong><br \/>\n<strong>Walkowery:<\/strong><strong>\u00a0<span style=\"color: #993300;\">0<\/span><\/strong><br \/>\n<strong>Najwi\u0119cej goli strzelonych w meczu: <span style=\"color: #993300;\">17 goli<\/span> (Mariposa Med-Spa &#8211; Karpater 15:2)<\/strong><br \/>\n<strong>Najwy\u017csza wygrana:<\/strong><strong><span style=\"color: #993300;\"> 15:2<\/span> (Mariposa Med-Spa : Karpater)<\/strong><br \/>\n<strong>Ilo\u015b\u0107 \u017c\u00f3\u0142tych kartek: <span style=\"color: #993300;\">8<\/span><\/strong><br \/>\n<strong>Ilo\u015b\u0107 czerwonych kartek:<\/strong><strong>\u00a0<span style=\"color: #993300;\">0<\/span><\/strong><\/p>\n<h1><span style=\"color: #993300;\">9 KOLEJKA (25 czerwiec 2025)<\/span><\/h1>\n<p><strong>Liczba meczy:<\/strong><span style=\"color: #993300;\"><strong>\u00a05<\/strong><\/span><br \/>\n<strong>Liczba goli: <span style=\"color: #993300;\">45<\/span><\/strong><br \/>\n<strong>\u015arednia ilo\u015b\u0107 goli na mecz:\u00a0<span style=\"color: #993300;\">9,00<\/span><\/strong><br \/>\n<strong>Wygrane:<\/strong><strong>\u00a0<span style=\"color: #993300;\">5<\/span><\/strong><br \/>\n<strong>Remisy:\u00a0<span style=\"color: #993300;\">0<\/span><\/strong><br \/>\n<strong>Walkowery:<\/strong><strong>\u00a0<span style=\"color: #993300;\">0<\/span><\/strong><br \/>\n<strong>Najwi\u0119cej goli strzelonych w meczu: <span style=\"color: #993300;\">13 goli<\/span> (RTX Fabryka Okien &#8211; Instalacje Pietruszka 9:4)<\/strong><br \/>\n<strong>Najwy\u017csza wygrana:<\/strong><strong><span style=\"color: #993300;\"> 10:2<\/span> (KKS Stava : Karpater)<\/strong><br \/>\n<strong>Ilo\u015b\u0107 \u017c\u00f3\u0142tych kartek: <span style=\"color: #993300;\">9<\/span><\/strong><br \/>\n<strong>Ilo\u015b\u0107 czerwonych kartek:<\/strong><strong>\u00a0<span style=\"color: #993300;\">1<\/span><\/strong><\/p>\n<h1><span style=\"color: #993300;\">10 KOLEJKA (13 sierpie\u0144 2025)<\/span><\/h1>\n<p><strong>Liczba meczy:<\/strong><span style=\"color: #993300;\"><strong> 4<\/strong><\/span><br \/>\n<strong>Liczba goli: <span style=\"color: #993300;\">41<\/span><\/strong><br \/>\n<strong>\u015arednia ilo\u015b\u0107 goli na mecz:\u00a0<span style=\"color: #993300;\">10,25<\/span><\/strong><br \/>\n<strong>Wygrane:<\/strong><strong>\u00a0<span style=\"color: #993300;\">4<\/span><\/strong><br \/>\n<strong>Remisy:\u00a0<span style=\"color: #993300;\">0<\/span><\/strong><br \/>\n<strong>Walkowery:<\/strong><strong>\u00a0<span style=\"color: #993300;\">0<\/span><\/strong><br \/>\n<strong>Najwi\u0119cej goli strzelonych w meczu: <span style=\"color: #993300;\">15 goli<\/span> (Galacticos Team : Karpater 12:3)<\/strong><br \/>\n<strong>Najwy\u017csza wygrana:<\/strong><strong><span style=\"color: #993300;\"> 12:3<\/span> (Galacticos Team : Karpater)<\/strong><br \/>\n<strong>Ilo\u015b\u0107 \u017c\u00f3\u0142tych kartek: <span style=\"color: #993300;\">4<\/span><\/strong><br \/>\n<strong>Ilo\u015b\u0107 czerwonych kartek:<\/strong><strong>\u00a0<span style=\"color: #993300;\">0<\/span><\/strong><\/p>\n<h1><span style=\"color: #993300;\">11 KOLEJKA (20 sierpie\u0144 2025)<\/span><\/h1>\n<p><strong>Liczba meczy:<\/strong><span style=\"color: #993300;\"><strong> 4<\/strong><\/span><br \/>\n<strong>Liczba goli: <span style=\"color: #993300;\">48<\/span><\/strong><br \/>\n<strong>\u015arednia ilo\u015b\u0107 goli na mecz:\u00a0<span style=\"color: #993300;\">12,00<\/span><\/strong><br \/>\n<strong>Wygrane:<\/strong><strong>\u00a0<span style=\"color: #993300;\">4<\/span><\/strong><br \/>\n<strong>Remisy:\u00a0<span style=\"color: #993300;\">0<\/span><\/strong><br \/>\n<strong>Walkowery:<\/strong><strong>\u00a0<span style=\"color: #993300;\">0<\/span><\/strong><br \/>\n<strong>Najwi\u0119cej goli strzelonych w meczu: <span style=\"color: #993300;\">23 gole <\/span>(Mariposa Med-Spa : Karpater 14:9)<\/strong><br \/>\n<strong>Najwy\u017csza wygrana:<\/strong><strong><span style=\"color: #993300;\"> 1:13<\/span> (KKS Stava : Galacticos Team)<\/strong><br \/>\n<strong>Ilo\u015b\u0107 \u017c\u00f3\u0142tych kartek: <span style=\"color: #993300;\">4<\/span><\/strong><br \/>\n<strong>Ilo\u015b\u0107 czerwonych kartek:<\/strong><strong>\u00a0<span style=\"color: #993300;\">1<\/span><\/strong><\/p>\n<h1><span style=\"color: #993300;\">12 KOLEJKA (27 sierpie\u0144 2025)<\/span><\/h1>\n<p><strong>Liczba meczy:<\/strong><span style=\"color: #993300;\"><strong> 4<\/strong><\/span><br \/>\n<strong>Liczba goli: <span style=\"color: #993300;\">32<\/span><\/strong><br \/>\n<strong>\u015arednia ilo\u015b\u0107 goli na mecz: <span style=\"color: #993300;\">8,00<\/span><\/strong><br \/>\n<strong>Wygrane:<\/strong><strong>\u00a0<span style=\"color: #993300;\">4<\/span><\/strong><br \/>\n<strong>Remisy:\u00a0<span style=\"color: #993300;\">0<\/span><\/strong><br \/>\n<strong>Walkowery:<\/strong><strong>\u00a0<span style=\"color: #993300;\">1<\/span><\/strong><br \/>\n<strong>Najwi\u0119cej goli strzelonych w meczu: <span style=\"color: #993300;\">14 goli <\/span>(Stal-Bud : Instalacje Pietruszka 9:5)<\/strong><br \/>\n<strong>Najwy\u017csza wygrana:<\/strong><strong><span style=\"color: #993300;\"> 9:5<\/span> (Stal-Bud : Instalacje Pietruszka) <span style=\"color: #993300;\">6:2<\/span> (KKS Stava : Karpater)<\/strong><br \/>\n<strong>Ilo\u015b\u0107 \u017c\u00f3\u0142tych kartek: <span style=\"color: #993300;\">3<\/span><\/strong><br \/>\n<strong>Ilo\u015b\u0107 czerwonych kartek:<\/strong><strong>\u00a0<span style=\"color: #993300;\">0<\/span><\/strong><\/p>\n<h1><span style=\"color: #993300;\">13 KOLEJKA (3 wrzesie\u0144 2025)<\/span><\/h1>\n<p><strong>Liczba meczy:<\/strong><span style=\"color: #993300;\"><strong> 4<\/strong><\/span><br \/>\n<strong>Liczba goli: <span style=\"color: #993300;\">29<\/span><\/strong><br \/>\n<strong>\u015arednia ilo\u015b\u0107 goli na mecz: <span style=\"color: #993300;\">7,25<\/span><\/strong><br \/>\n<strong>Wygrane:<\/strong><strong>\u00a0<span style=\"color: #993300;\">4<\/span><\/strong><br \/>\n<strong>Remisy:\u00a0<span style=\"color: #993300;\">0<\/span><\/strong><br \/>\n<strong>Walkowery:<\/strong><strong>\u00a0<span style=\"color: #993300;\">0<\/span><\/strong><br \/>\n<strong>Najwi\u0119cej goli strzelonych w meczu: <span style=\"color: #993300;\">9 goli <\/span>(RTX Fabryka Okien : Ibis Styles N.S.)<\/strong><br \/>\n<strong>Najwy\u017csza wygrana:<\/strong><strong><span style=\"color: #993300;\"> 4:5<\/span> (RTX Fabryka Okien : Ibis Styles N.S.)<\/strong><br \/>\n<strong>Ilo\u015b\u0107 \u017c\u00f3\u0142tych kartek: <span style=\"color: #993300;\">11<\/span><\/strong><br \/>\n<strong>Ilo\u015b\u0107 czerwonych kartek:<\/strong><strong>\u00a0<span style=\"color: #993300;\">1<\/span><\/strong><\/p>\n<h1><span style=\"color: #993300;\">14 KOLEJKA (10 wrzesie\u0144 2025)<\/span><\/h1>\n<p><strong>Liczba meczy:<\/strong><span style=\"color: #993300;\"><strong> 4<\/strong><\/span><br \/>\n<strong>Liczba goli: <span style=\"color: #993300;\">29<\/span><\/strong><br \/>\n<strong>\u015arednia ilo\u015b\u0107 goli na mecz: <span style=\"color: #993300;\">7,25<\/span><\/strong><br \/>\n<strong>Wygrane:<\/strong><strong>\u00a0<span style=\"color: #993300;\">4<\/span><\/strong><br \/>\n<strong>Remisy:\u00a0<span style=\"color: #993300;\">0<\/span><\/strong><br \/>\n<strong>Walkowery:<\/strong><strong>\u00a0<span style=\"color: #993300;\">0<\/span><\/strong><br \/>\n<strong>Najwi\u0119cej goli strzelonych w meczu: <span style=\"color: #993300;\">9 goli <\/span>(RTX Fabryka Okien : Ibis Styles N.S.)<\/strong><br \/>\n<strong>Najwy\u017csza wygrana:<\/strong><strong><span style=\"color: #993300;\"> 4:5<\/span> (RTX Fabryka Okien : Ibis Styles N.S.)<\/strong><br \/>\n<strong>Ilo\u015b\u0107 \u017c\u00f3\u0142tych kartek: <span style=\"color: #993300;\">11<\/span><\/strong><br \/>\n<strong>Ilo\u015b\u0107 czerwonych kartek:<\/strong><strong>\u00a0<span style=\"color: #993300;\">1<\/span><\/strong><\/p>\n","protected":false},"excerpt":{"rendered":"<p>1 KOLEJKA (30 KWIECIE\u0143 2025) Liczba meczy:\u00a05 Liczba goli:\u00a035 \u015arednia ilo\u015b\u0107 goli na mecz:\u00a07,00 Wygrane:\u00a04 Remisy:\u00a01 Walkowery:\u00a00 Najwi\u0119cej goli strzelonych w meczu:\u00a09 goli (Karpater : Instalacje Pietruszka 5:4), (Mariposa Med-Spa : KKS Stava 5:4) Najwy\u017csza wygrana:\u00a01:6 (Inter-Styl : Galacticos Team) Ilo\u015b\u0107 \u017c\u00f3\u0142tych kartek:\u00a05 Ilo\u015b\u0107 czerwonych kartek:\u00a00 2 KOLEJKA (7 maj 2025) Liczba meczy: 5 Liczba [&hellip;]<\/p>\n","protected":false},"author":1,"featured_media":0,"parent":4984,"menu_order":0,"comment_status":"closed","ping_status":"closed","template":"","meta":[],"_links":{"self":[{"href":"https:\/\/lfsportevents.pl\/ligaorlika2025\/wp-json\/wp\/v2\/pages\/5062"}],"collection":[{"href":"https:\/\/lfsportevents.pl\/ligaorlika2025\/wp-json\/wp\/v2\/pages"}],"about":[{"href":"https:\/\/lfsportevents.pl\/ligaorlika2025\/wp-json\/wp\/v2\/types\/page"}],"author":[{"embeddable":true,"href":"https:\/\/lfsportevents.pl\/ligaorlika2025\/wp-json\/wp\/v2\/users\/1"}],"replies":[{"embeddable":true,"href":"https:\/\/lfsportevents.pl\/ligaorlika2025\/wp-json\/wp\/v2\/comments?post=5062"}],"version-history":[{"count":3,"href":"https:\/\/lfsportevents.pl\/ligaorlika2025\/wp-json\/wp\/v2\/pages\/5062\/revisions"}],"predecessor-version":[{"id":36593,"href":"https:\/\/lfsportevents.pl\/ligaorlika2025\/wp-json\/wp\/v2\/pages\/5062\/revisions\/36593"}],"up":[{"embeddable":true,"href":"https:\/\/lfsportevents.pl\/ligaorlika2025\/wp-json\/wp\/v2\/pages\/4984"}],"wp:attachment":[{"href":"https:\/\/lfsportevents.pl\/ligaorlika2025\/wp-json\/wp\/v2\/media?parent=5062"}],"curies":[{"name":"wp","href":"https:\/\/api.w.org\/{rel}","templated":true}]}}