{"id":5048,"date":"2017-03-01T13:34:31","date_gmt":"2017-03-01T12:34:31","guid":{"rendered":"https:\/\/lfsportevents.pl\/ligaorlika2025\/?page_id=5048"},"modified":"2025-08-27T18:56:26","modified_gmt":"2025-08-27T16:56:26","slug":"tabela","status":"publish","type":"page","link":"https:\/\/lfsportevents.pl\/ligaorlika2025\/blachdom-i-liga\/tabela\/","title":{"rendered":"Tabela"},"content":{"rendered":"<div class=\"legenda\">\n<p>Legenda:<\/p>\n<div class=\"item\"><b>M<\/b>\u00a0= Mecze Rozegrane<\/div>\n<div class=\"item\"><b>Pkt<\/b>\u00a0= Punkty<\/div>\n<div class=\"item\"><b>Z<\/b>\u00a0= Zwyci\u0119stwa<\/div>\n<div class=\"item\"><b>R<\/b>\u00a0= Remisy<\/div>\n<div class=\"item\"><b>P<\/b>\u00a0= Pora\u017cki<\/div>\n<div class=\"item\"><b>BZ<\/b>\u00a0= Bramki zdobyte<\/div>\n<div class=\"item\"><b>BS<\/b>\u00a0= Bramki stracone<\/div>\n<div class=\"item\"><b>+\/-<\/b>\u00a0= R\u00f3\u017cnica bramek<\/div>\n<div class=\"item\"><strong style=\"color: #00ccff;\">Miejsca 1-5<\/strong><span style=\"color: #00ccff;\"> (grupa mistrzowska)<\/span><\/div>\n<div class=\"item\"><span style=\"color: #ff99cc;\"><strong>Miejsca 6-10<\/strong> (grupa spadkowa)<\/span><\/div>\n<div class=\"item\"><span style=\"color: #1dcc54;\"><strong>Miejsce 1-2<\/strong> (bezpo\u015bredni awans do Ekstraklasy)<\/span><\/div>\n<div class=\"item\"><span style=\"color: #38e890;\"><strong>Miejsce 3<\/strong> (bara\u017c z 8 dru\u017cyn\u0105 Ekstraklasy)<\/span><\/div>\n<div class=\"item\"><span style=\"color: #cc99ff;\"><strong>Miejsce 8<\/strong> (bara\u017c z 3 dru\u017cyn\u0105 II Ligi)<\/span><\/div>\n<div class=\"item\"><span style=\"color: #ff0000;\"><strong>Miejsce 8-10<\/strong> (bezpo\u015bredni spadek do II Ligi)<\/span><\/div>\n<\/div>\n<div>\n<h2><span style=\"color: #993300;\"><strong>TABELA 2 RUNDY Z PODZIA\u0141EM NA GRUPY<\/strong><\/span><\/h2>\n<div class=\"sportspress\"><div class=\"sp-template sp-template-league-table\">\n\t<h4 class=\"sp-table-caption\">Tabela I Liga &#8211; Grupa Mistrzowska<\/h4><div class=\"sp-table-wrapper\"><table class=\"sp-league-table sp-data-table sp-sortable-table sp-scrollable-table sp-paginated-table\" data-sp-rows=\"16\"><thead><tr><th class=\"data-rank\">Pozycja<\/th><th class=\"data-name\">Klub<\/th><th class=\"data-p\">M<\/th><th class=\"data-pts\">Pkt<\/th><th class=\"data-w\">Z<\/th><th class=\"data-d\">R<\/th><th class=\"data-l\">P<\/th><th class=\"data-f\">BZ<\/th><th class=\"data-a\">BS<\/th><th class=\"data-gd\">+\/-<\/th><\/tr><\/thead><tbody><tr class=\"odd sp-row-no-0\"><td class=\"data-rank\" data-label=\"Pozycja\">1<\/td><td class=\"data-name has-logo\" data-label=\"Klub\"><a href=\"https:\/\/lfsportevents.pl\/ligaorlika2025\/team\/mariposa-med-spa\/\"><span class=\"team-logo\"><img width=\"128\" height=\"114\" src=\"https:\/\/lfsportevents.pl\/ligaorlika2025\/wp-content\/uploads\/2019\/04\/Mariposa-Med-Spa-128x114.png\" class=\"attachment-sportspress-fit-icon size-sportspress-fit-icon wp-post-image\" alt=\"\" loading=\"lazy\" \/><\/span>Mariposa Med-Spa<\/a><\/td><td class=\"data-p\" data-label=\"M\">13<\/td><td class=\"data-pts\" data-label=\"Pkt\">35<\/td><td class=\"data-w\" data-label=\"Z\">11<\/td><td class=\"data-d\" data-label=\"R\">2<\/td><td class=\"data-l\" data-label=\"P\">0<\/td><td class=\"data-f\" data-label=\"BZ\">100<\/td><td class=\"data-a\" data-label=\"BS\">42<\/td><td class=\"data-gd\" data-label=\"+\/-\">58<\/td><\/tr><tr class=\"even sp-row-no-1\"><td class=\"data-rank\" data-label=\"Pozycja\">2<\/td><td class=\"data-name has-logo\" data-label=\"Klub\"><a href=\"https:\/\/lfsportevents.pl\/ligaorlika2025\/team\/galacticos-team\/\"><span class=\"team-logo\"><img width=\"128\" height=\"128\" src=\"https:\/\/lfsportevents.pl\/ligaorlika2025\/wp-content\/uploads\/2023\/03\/Projekt_bez_tytulu__3_-removebg-preview-128x128.png\" class=\"attachment-sportspress-fit-icon size-sportspress-fit-icon wp-post-image\" alt=\"\" loading=\"lazy\" \/><\/span>Galacticos Team<\/a><\/td><td class=\"data-p\" data-label=\"M\">13<\/td><td class=\"data-pts\" data-label=\"Pkt\">34<\/td><td class=\"data-w\" data-label=\"Z\">11<\/td><td class=\"data-d\" data-label=\"R\">1<\/td><td class=\"data-l\" data-label=\"P\">1<\/td><td class=\"data-f\" data-label=\"BZ\">84<\/td><td class=\"data-a\" data-label=\"BS\">35<\/td><td class=\"data-gd\" data-label=\"+\/-\">49<\/td><\/tr><tr class=\"odd sp-row-no-2\"><td class=\"data-rank\" data-label=\"Pozycja\">3<\/td><td class=\"data-name has-logo\" data-label=\"Klub\"><a href=\"https:\/\/lfsportevents.pl\/ligaorlika2025\/team\/whisky-bar\/\"><span class=\"team-logo\"><img width=\"128\" height=\"128\" src=\"https:\/\/lfsportevents.pl\/ligaorlika2025\/wp-content\/uploads\/2023\/03\/Whisky-Bar-128x128.jpg\" class=\"attachment-sportspress-fit-icon size-sportspress-fit-icon wp-post-image\" alt=\"\" loading=\"lazy\" \/><\/span>Whisky Bar<\/a><\/td><td class=\"data-p\" data-label=\"M\">13<\/td><td class=\"data-pts\" data-label=\"Pkt\">25<\/td><td class=\"data-w\" data-label=\"Z\">8<\/td><td class=\"data-d\" data-label=\"R\">1<\/td><td class=\"data-l\" data-label=\"P\">4<\/td><td class=\"data-f\" data-label=\"BZ\">57<\/td><td class=\"data-a\" data-label=\"BS\">44<\/td><td class=\"data-gd\" data-label=\"+\/-\">13<\/td><\/tr><tr class=\"even sp-row-no-3\"><td class=\"data-rank\" data-label=\"Pozycja\">4<\/td><td class=\"data-name has-logo\" data-label=\"Klub\"><a href=\"https:\/\/lfsportevents.pl\/ligaorlika2025\/team\/kks-stava\/\"><span class=\"team-logo\"><img width=\"128\" height=\"26\" src=\"https:\/\/lfsportevents.pl\/ligaorlika2025\/wp-content\/uploads\/2024\/04\/logo_Stava-removebg-preview-128x26.png\" class=\"attachment-sportspress-fit-icon size-sportspress-fit-icon wp-post-image\" alt=\"\" loading=\"lazy\" \/><\/span>KKS Stava<\/a><\/td><td class=\"data-p\" data-label=\"M\">13<\/td><td class=\"data-pts\" data-label=\"Pkt\">22<\/td><td class=\"data-w\" data-label=\"Z\">7<\/td><td class=\"data-d\" data-label=\"R\">1<\/td><td class=\"data-l\" data-label=\"P\">5<\/td><td class=\"data-f\" data-label=\"BZ\">53<\/td><td class=\"data-a\" data-label=\"BS\">49<\/td><td class=\"data-gd\" data-label=\"+\/-\">4<\/td><\/tr><tr class=\"odd sp-row-no-4\"><td class=\"data-rank\" data-label=\"Pozycja\">5<\/td><td class=\"data-name has-logo\" data-label=\"Klub\"><a href=\"https:\/\/lfsportevents.pl\/ligaorlika2025\/team\/karpater\/\"><span class=\"team-logo\"><img width=\"128\" height=\"50\" src=\"https:\/\/lfsportevents.pl\/ligaorlika2025\/wp-content\/uploads\/2023\/03\/Karpater-128x50.png\" class=\"attachment-sportspress-fit-icon size-sportspress-fit-icon wp-post-image\" alt=\"\" loading=\"lazy\" \/><\/span>Karpater<\/a><\/td><td class=\"data-p\" data-label=\"M\">13<\/td><td class=\"data-pts\" data-label=\"Pkt\">10<\/td><td class=\"data-w\" data-label=\"Z\">3<\/td><td class=\"data-d\" data-label=\"R\">1<\/td><td class=\"data-l\" data-label=\"P\">9<\/td><td class=\"data-f\" data-label=\"BZ\">47<\/td><td class=\"data-a\" data-label=\"BS\">88<\/td><td class=\"data-gd\" data-label=\"+\/-\">-41<\/td><\/tr><\/tbody><\/table><\/div><\/div>\n<\/div>\n<p><div class=\"sportspress\"><div class=\"sp-template sp-template-league-table\">\n\t<h4 class=\"sp-table-caption\">Tabela I Liga &#8211; Grupa Spadkowa<\/h4><div class=\"sp-table-wrapper\"><table class=\"sp-league-table sp-data-table sp-sortable-table sp-scrollable-table sp-paginated-table\" data-sp-rows=\"16\"><thead><tr><th class=\"data-rank\">Pozycja<\/th><th class=\"data-name\">Klub<\/th><th class=\"data-p\">M<\/th><th class=\"data-pts\">Pkt<\/th><th class=\"data-w\">Z<\/th><th class=\"data-d\">R<\/th><th class=\"data-l\">P<\/th><th class=\"data-f\">BZ<\/th><th class=\"data-a\">BS<\/th><th class=\"data-gd\">+\/-<\/th><\/tr><\/thead><tbody><tr class=\"odd sp-row-no-0\"><td class=\"data-rank\" data-label=\"Pozycja\">1<\/td><td class=\"data-name has-logo\" data-label=\"Klub\"><a href=\"https:\/\/lfsportevents.pl\/ligaorlika2025\/team\/rtx-fabryka-okien\/\"><span class=\"team-logo\"><img width=\"128\" height=\"54\" src=\"https:\/\/lfsportevents.pl\/ligaorlika2025\/wp-content\/uploads\/2024\/04\/logotyp_RTX-fabryka-okien-1-128x54.png\" class=\"attachment-sportspress-fit-icon size-sportspress-fit-icon wp-post-image\" alt=\"\" loading=\"lazy\" \/><\/span>RTX Fabryka Okien<\/a><\/td><td class=\"data-p\" data-label=\"M\">13<\/td><td class=\"data-pts\" data-label=\"Pkt\">18<\/td><td class=\"data-w\" data-label=\"Z\">6<\/td><td class=\"data-d\" data-label=\"R\">0<\/td><td class=\"data-l\" data-label=\"P\">7<\/td><td class=\"data-f\" data-label=\"BZ\">55<\/td><td class=\"data-a\" data-label=\"BS\">54<\/td><td class=\"data-gd\" data-label=\"+\/-\">1<\/td><\/tr><tr class=\"even sp-row-no-1\"><td class=\"data-rank\" data-label=\"Pozycja\">2<\/td><td class=\"data-name has-logo\" data-label=\"Klub\"><a href=\"https:\/\/lfsportevents.pl\/ligaorlika2025\/team\/stalbud-nawojowa\/\"><span class=\"team-logo\"><img width=\"128\" height=\"72\" src=\"https:\/\/lfsportevents.pl\/ligaorlika2025\/wp-content\/uploads\/2017\/04\/Stal-Bud-128x72.png\" class=\"attachment-sportspress-fit-icon size-sportspress-fit-icon wp-post-image\" alt=\"\" loading=\"lazy\" \/><\/span>Stal-Bud Nawojowa<\/a><\/td><td class=\"data-p\" data-label=\"M\">13<\/td><td class=\"data-pts\" data-label=\"Pkt\">17<\/td><td class=\"data-w\" data-label=\"Z\">5<\/td><td class=\"data-d\" data-label=\"R\">2<\/td><td class=\"data-l\" data-label=\"P\">6<\/td><td class=\"data-f\" data-label=\"BZ\">56<\/td><td class=\"data-a\" data-label=\"BS\">60<\/td><td class=\"data-gd\" data-label=\"+\/-\">-4<\/td><\/tr><tr class=\"odd sp-row-no-2\"><td class=\"data-rank\" data-label=\"Pozycja\">3<\/td><td class=\"data-name has-logo\" data-label=\"Klub\"><a href=\"https:\/\/lfsportevents.pl\/ligaorlika2025\/team\/podmuch-palestyna\/\"><span class=\"team-logo\"><img width=\"128\" height=\"128\" src=\"https:\/\/lfsportevents.pl\/ligaorlika2025\/wp-content\/uploads\/2019\/04\/Ibis_Styles-removebg-preview-128x128.png\" class=\"attachment-sportspress-fit-icon size-sportspress-fit-icon wp-post-image\" alt=\"\" loading=\"lazy\" \/><\/span>Ibis Styles N.S.<\/a><\/td><td class=\"data-p\" data-label=\"M\">13<\/td><td class=\"data-pts\" data-label=\"Pkt\">13<\/td><td class=\"data-w\" data-label=\"Z\">4<\/td><td class=\"data-d\" data-label=\"R\">1<\/td><td class=\"data-l\" data-label=\"P\">8<\/td><td class=\"data-f\" data-label=\"BZ\">28<\/td><td class=\"data-a\" data-label=\"BS\">51<\/td><td class=\"data-gd\" data-label=\"+\/-\">-23<\/td><\/tr><tr class=\"even sp-row-no-3\"><td class=\"data-rank\" data-label=\"Pozycja\">4<\/td><td class=\"data-name has-logo\" data-label=\"Klub\"><a href=\"https:\/\/lfsportevents.pl\/ligaorlika2025\/team\/inter-styl\/\"><span class=\"team-logo\"><img width=\"128\" height=\"128\" src=\"https:\/\/lfsportevents.pl\/ligaorlika2025\/wp-content\/uploads\/2024\/04\/Interstyl-128x128.png\" class=\"attachment-sportspress-fit-icon size-sportspress-fit-icon wp-post-image\" alt=\"\" loading=\"lazy\" \/><\/span>Inter-Styl<\/a><\/td><td class=\"data-p\" data-label=\"M\">13<\/td><td class=\"data-pts\" data-label=\"Pkt\">11<\/td><td class=\"data-w\" data-label=\"Z\">4<\/td><td class=\"data-d\" data-label=\"R\">0<\/td><td class=\"data-l\" data-label=\"P\">9<\/td><td class=\"data-f\" data-label=\"BZ\">27<\/td><td class=\"data-a\" data-label=\"BS\">47<\/td><td class=\"data-gd\" data-label=\"+\/-\">-20<\/td><\/tr><tr class=\"odd sp-row-no-4\"><td class=\"data-rank\" data-label=\"Pozycja\">5<\/td><td class=\"data-name has-logo\" data-label=\"Klub\"><a href=\"https:\/\/lfsportevents.pl\/ligaorlika2025\/team\/instalacje-pietruszka\/\"><span class=\"team-logo\"><img width=\"128\" height=\"107\" src=\"https:\/\/lfsportevents.pl\/ligaorlika2025\/wp-content\/uploads\/2023\/03\/Instalacje-Pietruszka-128x107.png\" class=\"attachment-sportspress-fit-icon size-sportspress-fit-icon wp-post-image\" alt=\"\" loading=\"lazy\" \/><\/span>Instalacje Pietruszka<\/a><\/td><td class=\"data-p\" data-label=\"M\">13<\/td><td class=\"data-pts\" data-label=\"Pkt\">4<\/td><td class=\"data-w\" data-label=\"Z\">1<\/td><td class=\"data-d\" data-label=\"R\">1<\/td><td class=\"data-l\" data-label=\"P\">11<\/td><td class=\"data-f\" data-label=\"BZ\">36<\/td><td class=\"data-a\" data-label=\"BS\">73<\/td><td class=\"data-gd\" data-label=\"+\/-\">-37<\/td><\/tr><\/tbody><\/table><\/div><\/div>\n<\/div> &#8211; 1 pkt Inter-Styl za walkower z dnia 27.08.2025<\/p>\n<h2><span style=\"color: #993300;\"><strong>TABELA po 1 rundzie<\/strong><\/span><\/h2>\n<p><img loading=\"lazy\" class=\"alignnone size-full wp-image-35960\" src=\"https:\/\/lfsportevents.pl\/ligaorlika2025\/wp-content\/uploads\/2025\/06\/Tabela-I-Liga.png\" alt=\"\" width=\"960\" height=\"636\" srcset=\"https:\/\/lfsportevents.pl\/ligaorlika2025\/wp-content\/uploads\/2025\/06\/Tabela-I-Liga.png 960w, https:\/\/lfsportevents.pl\/ligaorlika2025\/wp-content\/uploads\/2025\/06\/Tabela-I-Liga-300x199.png 300w, https:\/\/lfsportevents.pl\/ligaorlika2025\/wp-content\/uploads\/2025\/06\/Tabela-I-Liga-768x509.png 768w, https:\/\/lfsportevents.pl\/ligaorlika2025\/wp-content\/uploads\/2025\/06\/Tabela-I-Liga-128x85.png 128w, https:\/\/lfsportevents.pl\/ligaorlika2025\/wp-content\/uploads\/2025\/06\/Tabela-I-Liga-32x21.png 32w, https:\/\/lfsportevents.pl\/ligaorlika2025\/wp-content\/uploads\/2025\/06\/Tabela-I-Liga-550x364.png 550w\" sizes=\"(max-width: 960px) 100vw, 960px\" \/><\/p>\n<\/div>\n","protected":false},"excerpt":{"rendered":"<p>Legenda: M\u00a0= Mecze Rozegrane Pkt\u00a0= Punkty Z\u00a0= Zwyci\u0119stwa R\u00a0= Remisy P\u00a0= Pora\u017cki BZ\u00a0= Bramki zdobyte BS\u00a0= Bramki stracone +\/-\u00a0= R\u00f3\u017cnica bramek Miejsca 1-5 (grupa mistrzowska) Miejsca 6-10 (grupa spadkowa) Miejsce 1-2 (bezpo\u015bredni awans do Ekstraklasy) Miejsce 3 (bara\u017c z 8 dru\u017cyn\u0105 Ekstraklasy) Miejsce 8 (bara\u017c z 3 dru\u017cyn\u0105 II Ligi) Miejsce 8-10 (bezpo\u015bredni spadek do [&hellip;]<\/p>\n","protected":false},"author":1,"featured_media":0,"parent":4984,"menu_order":0,"comment_status":"closed","ping_status":"closed","template":"","meta":[],"_links":{"self":[{"href":"https:\/\/lfsportevents.pl\/ligaorlika2025\/wp-json\/wp\/v2\/pages\/5048"}],"collection":[{"href":"https:\/\/lfsportevents.pl\/ligaorlika2025\/wp-json\/wp\/v2\/pages"}],"about":[{"href":"https:\/\/lfsportevents.pl\/ligaorlika2025\/wp-json\/wp\/v2\/types\/page"}],"author":[{"embeddable":true,"href":"https:\/\/lfsportevents.pl\/ligaorlika2025\/wp-json\/wp\/v2\/users\/1"}],"replies":[{"embeddable":true,"href":"https:\/\/lfsportevents.pl\/ligaorlika2025\/wp-json\/wp\/v2\/comments?post=5048"}],"version-history":[{"count":3,"href":"https:\/\/lfsportevents.pl\/ligaorlika2025\/wp-json\/wp\/v2\/pages\/5048\/revisions"}],"predecessor-version":[{"id":36397,"href":"https:\/\/lfsportevents.pl\/ligaorlika2025\/wp-json\/wp\/v2\/pages\/5048\/revisions\/36397"}],"up":[{"embeddable":true,"href":"https:\/\/lfsportevents.pl\/ligaorlika2025\/wp-json\/wp\/v2\/pages\/4984"}],"wp:attachment":[{"href":"https:\/\/lfsportevents.pl\/ligaorlika2025\/wp-json\/wp\/v2\/media?parent=5048"}],"curies":[{"name":"wp","href":"https:\/\/api.w.org\/{rel}","templated":true}]}}