{"id":5032,"date":"2017-03-01T13:32:13","date_gmt":"2017-03-01T12:32:13","guid":{"rendered":"https:\/\/lfsportevents.pl\/ligaorlika2025\/?page_id=5032"},"modified":"2025-09-14T22:30:44","modified_gmt":"2025-09-14T20:30:44","slug":"stat-kolejki","status":"publish","type":"page","link":"https:\/\/lfsportevents.pl\/ligaorlika2025\/sufigs-ekstraklasa\/stat-kolejki\/","title":{"rendered":"Stat. kolejki"},"content":{"rendered":"<h1><span style=\"color: #993300;\">1 KOLEJKA (1 maj 2025)<\/span><\/h1>\n<p><strong>Liczba meczy:<\/strong><span style=\"color: #993300;\"><strong> 4<\/strong><\/span><br \/>\n<strong>Liczba goli:<\/strong><strong>\u00a0<span style=\"color: #993300;\">34<\/span><\/strong><br \/>\n<strong>\u015arednia ilo\u015b\u0107 goli na mecz:\u00a0<span style=\"color: #993300;\">8,50<\/span><\/strong><br \/>\n<strong>Wygrane:<\/strong><strong>\u00a0<span style=\"color: #993300;\">4<\/span><\/strong><br \/>\n<strong>Remisy:\u00a0<span style=\"color: #993300;\">0<\/span><\/strong><br \/>\n<strong>Walkowery:<\/strong><strong>\u00a0<span style=\"color: #993300;\">0<\/span><\/strong><br \/>\n<strong>Najwi\u0119cej goli strzelonych w meczu:\u00a0<span style=\"color: #993300;\">13 goli <span style=\"color: #333333;\">(KS Podegrodzie : Mak-Bud 1:12)<\/span><\/span><\/strong><br \/>\n<strong>Najwy\u017csza wygrana:<\/strong><strong>\u00a0<span style=\"color: #993300;\">1:12<\/span> (KS Podegrodzie : Mak-Bud<span style=\"color: #993300;\"><span style=\"color: #333333;\">)<\/span><\/span><\/strong><br \/>\n<strong>Ilo\u015b\u0107 \u017c\u00f3\u0142tych kartek:\u00a0<span style=\"color: #993300;\">3<\/span><\/strong><br \/>\n<strong>Ilo\u015b\u0107 czerwonych kartek:<\/strong><strong>\u00a0<span style=\"color: #993300;\">0<\/span><\/strong><\/p>\n<h1><span style=\"color: #993300;\">2 KOLEJKA (8 maj 2025)<\/span><\/h1>\n<p><strong>Liczba meczy:<\/strong><span style=\"color: #993300;\"><strong> 4<\/strong><\/span><br \/>\n<strong>Liczba goli:<\/strong><strong>\u00a0<span style=\"color: #993300;\">27<\/span><\/strong><br \/>\n<strong>\u015arednia ilo\u015b\u0107 goli na mecz:\u00a0<span style=\"color: #993300;\">6,75<\/span><\/strong><br \/>\n<strong>Wygrane:<\/strong><strong>\u00a0<span style=\"color: #993300;\">4<\/span><\/strong><br \/>\n<strong>Remisy:\u00a0<span style=\"color: #993300;\">0<\/span><\/strong><br \/>\n<strong>Walkowery:<\/strong><strong>\u00a0<span style=\"color: #993300;\">1<\/span><\/strong><br \/>\n<strong>Najwi\u0119cej goli strzelonych w meczu:\u00a0<span style=\"color: #993300;\">10 goli <span style=\"color: #333333;\">(Bastek Garnitury : Prestige House 3:7)<\/span><\/span><\/strong><br \/>\n<strong>Najwy\u017csza wygrana:<\/strong><strong>\u00a0<span style=\"color: #993300;\">3:7 <span style=\"color: #333333;\">(Bastek Garnitury : Prestige House)<\/span><\/span><\/strong><br \/>\n<strong>Ilo\u015b\u0107 \u017c\u00f3\u0142tych kartek:\u00a0<span style=\"color: #993300;\">0<\/span><\/strong><br \/>\n<strong>Ilo\u015b\u0107 czerwonych kartek:<\/strong><strong>\u00a0<span style=\"color: #993300;\">0<\/span><\/strong><\/p>\n<h1><span style=\"color: #993300;\">3 KOLEJKA (15 maj 2025)<\/span><\/h1>\n<p><strong>Liczba meczy:<\/strong><span style=\"color: #993300;\"><strong> 4<\/strong><\/span><br \/>\n<strong>Liczba goli: <span style=\"color: #993300;\">43<\/span><\/strong><br \/>\n<strong>\u015arednia ilo\u015b\u0107 goli na mecz: <span style=\"color: #993300;\">10,75<\/span><\/strong><br \/>\n<strong>Wygrane:<\/strong><strong>\u00a0<span style=\"color: #993300;\">4<\/span><\/strong><br \/>\n<strong>Remisy:\u00a0<span style=\"color: #993300;\">0<\/span><\/strong><br \/>\n<strong>Walkowery:<\/strong><strong>\u00a0<span style=\"color: #993300;\">0<\/span><\/strong><br \/>\n<strong>Najwi\u0119cej goli strzelonych w meczu: <span style=\"color: #993300;\">13 goli<\/span> (Mak-Bud : Gold Team\/Meble Lorek 8:5)<\/strong><br \/>\n<strong>Najwy\u017csza wygrana:<\/strong><strong><span style=\"color: #993300;\"> 3:9<\/span> (KS Podegrodzie : Trade)<\/strong><br \/>\n<strong>Ilo\u015b\u0107 \u017c\u00f3\u0142tych kartek:\u00a0<span style=\"color: #993300;\">4<\/span><\/strong><br \/>\n<strong>Ilo\u015b\u0107 czerwonych kartek:<\/strong><strong>\u00a0<span style=\"color: #993300;\">1<\/span><\/strong><\/p>\n<h1><span style=\"color: #993300;\">4 KOLEJKA (22 maj 2025)<\/span><\/h1>\n<p><strong>Liczba meczy:<\/strong><span style=\"color: #993300;\"><strong> 4<\/strong><\/span><br \/>\n<strong>Liczba goli: <span style=\"color: #993300;\">23<\/span><\/strong><br \/>\n<strong>\u015arednia ilo\u015b\u0107 goli na mecz: <span style=\"color: #993300;\">5,75<\/span><\/strong><br \/>\n<strong>Wygrane:<\/strong><strong>\u00a0<span style=\"color: #993300;\">4<\/span><\/strong><br \/>\n<strong>Remisy:\u00a0<span style=\"color: #993300;\">0<\/span><\/strong><br \/>\n<strong>Walkowery:<\/strong><strong>\u00a0<span style=\"color: #993300;\">0<\/span><\/strong><br \/>\n<strong>Najwi\u0119cej goli strzelonych w meczu: <span style=\"color: #993300;\">11 goli<\/span> (Prestige House : Dom Weselny Sylwia 4:7)<\/strong><br \/>\n<strong>Najwy\u017csza wygrana:<\/strong><strong><span style=\"color: #993300;\"> 4:7<\/span> (Prestige House : Dom Weselny Sylwia)<\/strong><br \/>\n<strong>Ilo\u015b\u0107 \u017c\u00f3\u0142tych kartek:\u00a0<span style=\"color: #993300;\">4<\/span><\/strong><br \/>\n<strong>Ilo\u015b\u0107 czerwonych kartek:<\/strong><strong>\u00a0<span style=\"color: #993300;\">0<\/span><\/strong><\/p>\n<h1><span style=\"color: #993300;\">5 KOLEJKA (29 maj 2025)<\/span><\/h1>\n<p><strong>Liczba meczy:<\/strong><span style=\"color: #993300;\"><strong> 4<\/strong><\/span><br \/>\n<strong>Liczba goli: <span style=\"color: #993300;\">26<\/span><\/strong><br \/>\n<strong>\u015arednia ilo\u015b\u0107 goli na mecz: <span style=\"color: #993300;\">6,50<\/span><\/strong><br \/>\n<strong>Wygrane:<\/strong><strong>\u00a0<span style=\"color: #993300;\">4<\/span><\/strong><br \/>\n<strong>Remisy:\u00a0<span style=\"color: #993300;\">0<\/span><\/strong><br \/>\n<strong>Walkowery:<\/strong><strong>\u00a0<span style=\"color: #993300;\">0<\/span><\/strong><br \/>\n<strong>Najwi\u0119cej goli strzelonych w meczu: <span style=\"color: #993300;\">11 goli<\/span> (Mak-Bud : Dom Weselny Sylwia 7:4)<\/strong><br \/>\n<strong>Najwy\u017csza wygrana:<\/strong><strong><span style=\"color: #993300;\"> 8:1<\/span> (Gold Team\/Meble Lorek : KS Podegrodzie 8:1)<\/strong><br \/>\n<strong>Ilo\u015b\u0107 \u017c\u00f3\u0142tych kartek:\u00a0<span style=\"color: #993300;\">1<\/span><\/strong><br \/>\n<strong>Ilo\u015b\u0107 czerwonych kartek:<\/strong><strong>\u00a0<span style=\"color: #993300;\">0<\/span><\/strong><\/p>\n<h1><span style=\"color: #993300;\">6 KOLEJKA (5 czerwiec 2025)<\/span><\/h1>\n<p><strong>Liczba meczy:<\/strong><span style=\"color: #993300;\"><strong> 4<\/strong><\/span><br \/>\n<strong>Liczba goli: <span style=\"color: #993300;\">32<\/span><\/strong><br \/>\n<strong>\u015arednia ilo\u015b\u0107 goli na mecz: <span style=\"color: #993300;\">8,00<\/span><\/strong><br \/>\n<strong>Wygrane:<\/strong><strong>\u00a0<span style=\"color: #993300;\">4<\/span><\/strong><br \/>\n<strong>Remisy:\u00a0<span style=\"color: #993300;\">0<\/span><\/strong><br \/>\n<strong>Walkowery:<\/strong><strong>\u00a0<span style=\"color: #993300;\">0<\/span><\/strong><br \/>\n<strong>Najwi\u0119cej goli strzelonych w meczu: <span style=\"color: #993300;\">15 goli<\/span> (Bastek Garnitury : KS Podegrodzie 15:1)<\/strong><br \/>\n<strong>Najwy\u017csza wygrana:<\/strong><strong><span style=\"color: #993300;\"> 15:1<\/span> (Bastek Garnitury : KS Podegrodzie 15:1)<\/strong><br \/>\n<strong>Ilo\u015b\u0107 \u017c\u00f3\u0142tych kartek:\u00a0<span style=\"color: #993300;\">6<\/span><\/strong><br \/>\n<strong>Ilo\u015b\u0107 czerwonych kartek:<\/strong><strong>\u00a0<span style=\"color: #993300;\">1<\/span><\/strong><\/p>\n<h1><span style=\"color: #993300;\">7 KOLEJKA (12 czerwiec 2025)<\/span><\/h1>\n<p><strong>Liczba meczy:<\/strong><span style=\"color: #993300;\"><strong> 4<\/strong><\/span><br \/>\n<strong>Liczba goli: <span style=\"color: #993300;\">25<\/span><\/strong><br \/>\n<strong>\u015arednia ilo\u015b\u0107 goli na mecz: <span style=\"color: #993300;\">6,25<\/span><\/strong><br \/>\n<strong>Wygrane:<\/strong><strong>\u00a0<span style=\"color: #993300;\">4<\/span><\/strong><br \/>\n<strong>Remisy:\u00a0<span style=\"color: #993300;\">0<\/span><\/strong><br \/>\n<strong>Walkowery:<\/strong><strong>\u00a0<span style=\"color: #993300;\">0<\/span><\/strong><br \/>\n<strong>Najwi\u0119cej goli strzelonych w meczu: <span style=\"color: #993300;\">9 goli<\/span> (Mak-Bud : Prestige House 5:4)<\/strong><br \/>\n<strong>Najwy\u017csza wygrana:<\/strong><strong><span style=\"color: #993300;\"> 6:0<\/span> (Dom Weselny Sylwia : KS Podegrodzie)<\/strong><br \/>\n<strong>Ilo\u015b\u0107 \u017c\u00f3\u0142tych kartek:\u00a0<span style=\"color: #993300;\">4<\/span><\/strong><br \/>\n<strong>Ilo\u015b\u0107 czerwonych kartek:<\/strong><strong>\u00a0<span style=\"color: #993300;\">1<\/span><\/strong><\/p>\n<h1><span style=\"color: #993300;\">8 KOLEJKA (19 czerwiec 2025)<\/span><\/h1>\n<p><strong>Liczba meczy:<\/strong><span style=\"color: #993300;\"><strong> 4<\/strong><\/span><br \/>\n<strong>Liczba goli: <span style=\"color: #993300;\">32<\/span><\/strong><br \/>\n<strong>\u015arednia ilo\u015b\u0107 goli na mecz: <span style=\"color: #993300;\">8,00<\/span><\/strong><br \/>\n<strong>Wygrane:<\/strong><strong>\u00a0<span style=\"color: #993300;\">3<\/span><\/strong><br \/>\n<strong>Remisy:\u00a0<span style=\"color: #993300;\">1<\/span><\/strong><br \/>\n<strong>Walkowery:<\/strong><strong>\u00a0<span style=\"color: #993300;\">0<\/span><\/strong><br \/>\n<strong>Najwi\u0119cej goli strzelonych w meczu: <span style=\"color: #993300;\">11 goli<\/span> (Essa Decore : KS Podegrodzie 8:3)<\/strong><br \/>\n<strong>Najwy\u017csza wygrana:<\/strong><strong><span style=\"color: #993300;\"> 8:3<\/span> (Essa Decore : KS Podegrodzie)<\/strong><br \/>\n<strong>Ilo\u015b\u0107 \u017c\u00f3\u0142tych kartek:\u00a0<span style=\"color: #993300;\">8<\/span><\/strong><br \/>\n<strong>Ilo\u015b\u0107 czerwonych kartek:<\/strong><strong>\u00a0<span style=\"color: #993300;\">0<\/span><\/strong><\/p>\n<h1><span style=\"color: #993300;\">9 KOLEJKA (26 czerwiec 2025)<\/span><\/h1>\n<p><strong>Liczba meczy:<\/strong><span style=\"color: #993300;\"><strong> 4<\/strong><\/span><br \/>\n<strong>Liczba goli: <span style=\"color: #993300;\">36<\/span><\/strong><br \/>\n<strong>\u015arednia ilo\u015b\u0107 goli na mecz: <span style=\"color: #993300;\">9,00<\/span><\/strong><br \/>\n<strong>Wygrane:<\/strong><strong>\u00a0<span style=\"color: #993300;\">2<\/span><\/strong><br \/>\n<strong>Remisy:\u00a0<span style=\"color: #993300;\">0<\/span><\/strong><br \/>\n<strong>Walkowery:<\/strong><strong>\u00a0<span style=\"color: #993300;\">0<\/span><\/strong><br \/>\n<strong>Najwi\u0119cej goli strzelonych w meczu: <span style=\"color: #993300;\">17 goli<\/span> (Prestige House : KS Podegrodzie 16:1)<\/strong><br \/>\n<strong>Najwy\u017csza wygrana:<\/strong><strong><span style=\"color: #993300;\"> 16:1<\/span> (Prestige House : KS Podegrodzie)<\/strong><br \/>\n<strong>Ilo\u015b\u0107 \u017c\u00f3\u0142tych kartek:\u00a0<span style=\"color: #993300;\">7<\/span><\/strong><br \/>\n<strong>Ilo\u015b\u0107 czerwonych kartek:<\/strong><strong>\u00a0<span style=\"color: #993300;\">3<\/span><\/strong><\/p>\n<h1><span style=\"color: #993300;\">10 KOLEJKA (14 sierpie\u0144 2025)<\/span><\/h1>\n<p><strong>Liczba meczy:<\/strong><span style=\"color: #993300;\"><strong> 2<\/strong><\/span><br \/>\n<strong>Liczba goli: <span style=\"color: #993300;\">14<\/span><\/strong><br \/>\n<strong>\u015arednia ilo\u015b\u0107 goli na mecz: <span style=\"color: #993300;\">7,00<\/span><\/strong><br \/>\n<strong>Wygrane:<\/strong><strong>\u00a0<span style=\"color: #993300;\">2<\/span><\/strong><br \/>\n<strong>Remisy:\u00a0<span style=\"color: #993300;\">0<\/span><\/strong><br \/>\n<strong>Walkowery:<\/strong><strong>\u00a0<span style=\"color: #993300;\">0<\/span><\/strong><br \/>\n<strong>Najwi\u0119cej goli strzelonych w meczu: <span style=\"color: #993300;\">7 goli<\/span> (DripShop &amp; Pakersi : Dom Weselny Sylwia 4:3) (Trade : Gold Team\/Meble Lorek 4:3)<\/strong><br \/>\n<strong>Najwy\u017csza wygrana:<\/strong><strong><span style=\"color: #993300;\"> 4:3<\/span> (DripShop &amp; Pakersi : Dom Weselny Sylwia) (Trade : Gold Team\/Meble Lorek)<\/strong><br \/>\n<strong>Ilo\u015b\u0107 \u017c\u00f3\u0142tych kartek:\u00a0<span style=\"color: #993300;\">1<\/span><\/strong><br \/>\n<strong>Ilo\u015b\u0107 czerwonych kartek:<\/strong><strong>\u00a0<span style=\"color: #993300;\">0<\/span><\/strong><\/p>\n<h1><span style=\"color: #993300;\">11 KOLEJKA (22 sierpie\u0144 2025)<\/span><\/h1>\n<p><strong>Liczba meczy:<\/strong><span style=\"color: #993300;\"><strong> 2<\/strong><\/span><br \/>\n<strong>Liczba goli: <span style=\"color: #993300;\">14<\/span><\/strong><br \/>\n<strong>\u015arednia ilo\u015b\u0107 goli na mecz: <span style=\"color: #993300;\">7,00<\/span><\/strong><br \/>\n<strong>Wygrane:<\/strong><strong>\u00a0<span style=\"color: #993300;\">2<\/span><\/strong><br \/>\n<strong>Remisy:\u00a0<span style=\"color: #993300;\">0<\/span><\/strong><br \/>\n<strong>Walkowery:<\/strong><strong>\u00a0<span style=\"color: #993300;\">0<\/span><\/strong><br \/>\n<strong>Najwi\u0119cej goli strzelonych w meczu: <span style=\"color: #993300;\">10 goli<\/span> (Mak-Bud : Dom Weselny Sylwia 6:4)<\/strong><br \/>\n<strong>Najwy\u017csza wygrana: <\/strong><strong><span style=\"color: #993300;\">6:4<\/span> (Mak-Bud : Dom Weselny Sylwia)<\/strong><br \/>\n<strong>Ilo\u015b\u0107 \u017c\u00f3\u0142tych kartek:\u00a0<span style=\"color: #993300;\">5<\/span><\/strong><br \/>\n<strong>Ilo\u015b\u0107 czerwonych kartek:<\/strong><strong>\u00a0<span style=\"color: #993300;\">1<\/span><\/strong><\/p>\n<h1><span style=\"color: #993300;\">12 KOLEJKA (28 sierpie\u0144 2025)<\/span><\/h1>\n<p><strong>Liczba meczy:<\/strong><span style=\"color: #993300;\"><strong> 4<\/strong><\/span><br \/>\n<strong>Liczba goli: <span style=\"color: #993300;\">24<\/span><\/strong><br \/>\n<strong>\u015arednia ilo\u015b\u0107 goli na mecz: <span style=\"color: #993300;\">6,00<\/span><\/strong><br \/>\n<strong>Wygrane:<\/strong><strong>\u00a0<span style=\"color: #993300;\">3<\/span><\/strong><br \/>\n<strong>Remisy:\u00a0<span style=\"color: #993300;\">0<\/span><\/strong><br \/>\n<strong>Walkowery:<\/strong><strong>\u00a0<span style=\"color: #993300;\">1<\/span><\/strong><br \/>\n<strong>Najwi\u0119cej goli strzelonych w meczu: <span style=\"color: #993300;\">7 goli<\/span> (Bastek Garnitury : KS Podegrodzie 5:2)<\/strong><br \/>\n<strong>Najwy\u017csza wygrana: <\/strong><strong><span style=\"color: #993300;\">5:1<\/span> (Gold Team\/Meble Lorek : Dom Weselny Sylwia)<\/strong><br \/>\n<strong>Ilo\u015b\u0107 \u017c\u00f3\u0142tych kartek:\u00a0<span style=\"color: #993300;\">4<\/span><\/strong><br \/>\n<strong>Ilo\u015b\u0107 czerwonych kartek:<\/strong><strong>\u00a0<span style=\"color: #993300;\">0<\/span><\/strong><\/p>\n<h1><span style=\"color: #993300;\">13 KOLEJKA (4 WRZESIE\u0143 2025)<\/span><\/h1>\n<p><strong>Liczba meczy:<\/strong><span style=\"color: #993300;\"><strong> 4<\/strong><\/span><br \/>\n<strong>Liczba goli: <span style=\"color: #993300;\">22<\/span><\/strong><br \/>\n<strong>\u015arednia ilo\u015b\u0107 goli na mecz: <span style=\"color: #993300;\">5,50<\/span><\/strong><br \/>\n<strong>Wygrane:<\/strong><strong>\u00a0<span style=\"color: #993300;\">3<\/span><\/strong><br \/>\n<strong>Remisy:\u00a0<span style=\"color: #993300;\">1<\/span><\/strong><br \/>\n<strong>Walkowery:<\/strong><strong>\u00a0<span style=\"color: #993300;\">0<\/span><\/strong><br \/>\n<strong>Najwi\u0119cej goli strzelonych w meczu: <span style=\"color: #993300;\">7 goli<\/span> (Prestige House : KS Podegrodzie 4:3)<\/strong><br \/>\n<strong>Najwy\u017csza wygrana: <\/strong><strong><span style=\"color: #993300;\">1:5<\/span> (Bastek Garnitury : Essa Decore)<\/strong><br \/>\n<strong>Ilo\u015b\u0107 \u017c\u00f3\u0142tych kartek:\u00a0<span style=\"color: #993300;\">2<\/span><\/strong><br \/>\n<strong>Ilo\u015b\u0107 czerwonych kartek:<\/strong><strong>\u00a0<span style=\"color: #993300;\">0<\/span><\/strong><\/p>\n<h1><span style=\"color: #993300;\">14 KOLEJKA (11 WRZESIE\u0143 2025)<\/span><\/h1>\n<p><strong>Liczba meczy:<\/strong><span style=\"color: #993300;\"><strong> 4<\/strong><\/span><br \/>\n<strong>Liczba goli: <span style=\"color: #993300;\">28<\/span><\/strong><br \/>\n<strong>\u015arednia ilo\u015b\u0107 goli na mecz: <span style=\"color: #993300;\">7,00<\/span><\/strong><br \/>\n<strong>Wygrane:<\/strong><strong>\u00a0<span style=\"color: #993300;\">2<\/span><\/strong><br \/>\n<strong>Remisy:\u00a0<span style=\"color: #993300;\">2<\/span><\/strong><br \/>\n<strong>Walkowery:<\/strong><strong>\u00a0<span style=\"color: #993300;\">0<\/span><\/strong><br \/>\n<strong>Najwi\u0119cej goli strzelonych w meczu: <span style=\"color: #993300;\">12 goli<\/span> (Dom Weselny Sylwia : Trade 5:7)<\/strong><br \/>\n<strong>Najwy\u017csza wygrana: <\/strong><strong><span style=\"color: #993300;\">5:7<\/span> (Dom Weselny Sylwia : Trade)<\/strong><br \/>\n<strong>Ilo\u015b\u0107 \u017c\u00f3\u0142tych kartek:\u00a0<span style=\"color: #993300;\">3<\/span><\/strong><br \/>\n<strong>Ilo\u015b\u0107 czerwonych kartek:<\/strong><strong>\u00a0<span style=\"color: #993300;\">1<\/span><\/strong><\/p>\n","protected":false},"excerpt":{"rendered":"<p>1 KOLEJKA (1 maj 2025) Liczba meczy: 4 Liczba goli:\u00a034 \u015arednia ilo\u015b\u0107 goli na mecz:\u00a08,50 Wygrane:\u00a04 Remisy:\u00a00 Walkowery:\u00a00 Najwi\u0119cej goli strzelonych w meczu:\u00a013 goli (KS Podegrodzie : Mak-Bud 1:12) Najwy\u017csza wygrana:\u00a01:12 (KS Podegrodzie : Mak-Bud) Ilo\u015b\u0107 \u017c\u00f3\u0142tych kartek:\u00a03 Ilo\u015b\u0107 czerwonych kartek:\u00a00 2 KOLEJKA (8 maj 2025) Liczba meczy: 4 Liczba goli:\u00a027 \u015arednia ilo\u015b\u0107 goli na [&hellip;]<\/p>\n","protected":false},"author":1,"featured_media":0,"parent":4982,"menu_order":0,"comment_status":"closed","ping_status":"closed","template":"","meta":[],"_links":{"self":[{"href":"https:\/\/lfsportevents.pl\/ligaorlika2025\/wp-json\/wp\/v2\/pages\/5032"}],"collection":[{"href":"https:\/\/lfsportevents.pl\/ligaorlika2025\/wp-json\/wp\/v2\/pages"}],"about":[{"href":"https:\/\/lfsportevents.pl\/ligaorlika2025\/wp-json\/wp\/v2\/types\/page"}],"author":[{"embeddable":true,"href":"https:\/\/lfsportevents.pl\/ligaorlika2025\/wp-json\/wp\/v2\/users\/1"}],"replies":[{"embeddable":true,"href":"https:\/\/lfsportevents.pl\/ligaorlika2025\/wp-json\/wp\/v2\/comments?post=5032"}],"version-history":[{"count":2,"href":"https:\/\/lfsportevents.pl\/ligaorlika2025\/wp-json\/wp\/v2\/pages\/5032\/revisions"}],"predecessor-version":[{"id":36579,"href":"https:\/\/lfsportevents.pl\/ligaorlika2025\/wp-json\/wp\/v2\/pages\/5032\/revisions\/36579"}],"up":[{"embeddable":true,"href":"https:\/\/lfsportevents.pl\/ligaorlika2025\/wp-json\/wp\/v2\/pages\/4982"}],"wp:attachment":[{"href":"https:\/\/lfsportevents.pl\/ligaorlika2025\/wp-json\/wp\/v2\/media?parent=5032"}],"curies":[{"name":"wp","href":"https:\/\/api.w.org\/{rel}","templated":true}]}}