{"id":5018,"date":"2017-03-01T13:30:23","date_gmt":"2017-03-01T12:30:23","guid":{"rendered":"https:\/\/lfsportevents.pl\/ligaorlika2025\/?page_id=5018"},"modified":"2025-08-14T14:35:25","modified_gmt":"2025-08-14T12:35:25","slug":"tabela","status":"publish","type":"page","link":"https:\/\/lfsportevents.pl\/ligaorlika2025\/sufigs-ekstraklasa\/tabela\/","title":{"rendered":"Tabela"},"content":{"rendered":"<div class=\"legenda\">\n<p>Legenda:<\/p>\n<div class=\"item\"><b>M<\/b> = Mecze Rozegrane<\/div>\n<div class=\"item\"><b> Pkt<\/b> = Punkty<\/div>\n<div class=\"item\"><b> Z<\/b> = Zwyci\u0119stwa<\/div>\n<div class=\"item\"><b> R<\/b> = Remisy<\/div>\n<div class=\"item\"><b> P<\/b> = Pora\u017cki<\/div>\n<div class=\"item\"><b> BZ<\/b> = Bramki zdobyte<\/div>\n<div class=\"item\"><b> BS<\/b> = Bramki stracone<\/div>\n<div class=\"item\"><b> +\/-<\/b> = R\u00f3\u017cnica bramek<\/div>\n<div class=\"item\"><span style=\"color: #00ccff;\"><strong>Miejsca 1-5<\/strong> (grupa mistrzowska)<\/span><\/div>\n<div class=\"item\"><span style=\"color: #ff99cc;\"><strong>Miejsca 6-10<\/strong> (grupa spadkowa)<\/span><\/div>\n<div class=\"item\"><span style=\"color: #b0769b;\"><strong>Miejsce 8<\/strong> (bara\u017c z 3 dru\u017cn\u0105 I Ligi, o pozostanie w Ekstraklasie)<\/span><\/div>\n<div class=\"item\"><span style=\"color: #ff0000;\"><strong>Miejsca 9-10<\/strong> (bezpo\u015bredni spadek do I Ligi)<\/span><\/div>\n<\/div>\n<h2><span style=\"color: #993300;\"><strong>TABELA 2 RUNDY Z PODZIA\u0141EM NA GRUPY<\/strong><\/span><\/h2>\n<div class=\"sportspress\"><div class=\"sp-template sp-template-league-table\">\n\t<h4 class=\"sp-table-caption\">Tabela Ekstraklasa \u2013 Grupa Mistrzowska<\/h4><div class=\"sp-table-wrapper\"><table class=\"sp-league-table sp-data-table sp-sortable-table sp-scrollable-table sp-paginated-table\" data-sp-rows=\"16\"><thead><tr><th class=\"data-rank\">Pozycja<\/th><th class=\"data-name\">Klub<\/th><th class=\"data-p\">M<\/th><th class=\"data-pts\">Pkt<\/th><th class=\"data-w\">Z<\/th><th class=\"data-d\">R<\/th><th class=\"data-l\">P<\/th><th class=\"data-f\">BZ<\/th><th class=\"data-a\">BS<\/th><th class=\"data-gd\">+\/-<\/th><\/tr><\/thead><tbody><tr class=\"odd sp-row-no-0\"><td class=\"data-rank\" data-label=\"Pozycja\">1<\/td><td class=\"data-name has-logo\" data-label=\"Klub\"><a href=\"https:\/\/lfsportevents.pl\/ligaorlika2025\/team\/mak-bud\/\"><span class=\"team-logo\"><img width=\"128\" height=\"105\" src=\"https:\/\/lfsportevents.pl\/ligaorlika2025\/wp-content\/uploads\/2022\/04\/Mak-Bud-128x105.png\" class=\"attachment-sportspress-fit-icon size-sportspress-fit-icon wp-post-image\" alt=\"\" loading=\"lazy\" \/><\/span>Mak-Bud<\/a><\/td><td class=\"data-p\" data-label=\"M\">12<\/td><td class=\"data-pts\" data-label=\"Pkt\">28<\/td><td class=\"data-w\" data-label=\"Z\">9<\/td><td class=\"data-d\" data-label=\"R\">1<\/td><td class=\"data-l\" data-label=\"P\">2<\/td><td class=\"data-f\" data-label=\"BZ\">61<\/td><td class=\"data-a\" data-label=\"BS\">40<\/td><td class=\"data-gd\" data-label=\"+\/-\">21<\/td><\/tr><tr class=\"even sp-row-no-1\"><td class=\"data-rank\" data-label=\"Pozycja\">2<\/td><td class=\"data-name has-logo\" data-label=\"Klub\"><a href=\"https:\/\/lfsportevents.pl\/ligaorlika2025\/team\/sebbet-kostka-brukowa\/\"><span class=\"team-logo\"><img width=\"112\" height=\"128\" src=\"https:\/\/lfsportevents.pl\/ligaorlika2025\/wp-content\/uploads\/2020\/04\/Drip-Shop-112x128.png\" class=\"attachment-sportspress-fit-icon size-sportspress-fit-icon wp-post-image\" alt=\"\" loading=\"lazy\" \/><\/span>DripShop &#038; Pakersi<\/a><\/td><td class=\"data-p\" data-label=\"M\">12<\/td><td class=\"data-pts\" data-label=\"Pkt\">23<\/td><td class=\"data-w\" data-label=\"Z\">7<\/td><td class=\"data-d\" data-label=\"R\">2<\/td><td class=\"data-l\" data-label=\"P\">3<\/td><td class=\"data-f\" data-label=\"BZ\">38<\/td><td class=\"data-a\" data-label=\"BS\">29<\/td><td class=\"data-gd\" data-label=\"+\/-\">9<\/td><\/tr><tr class=\"odd sp-row-no-2\"><td class=\"data-rank\" data-label=\"Pozycja\">3<\/td><td class=\"data-name has-logo\" data-label=\"Klub\"><a href=\"https:\/\/lfsportevents.pl\/ligaorlika2025\/team\/trade\/\"><span class=\"team-logo\"><img width=\"128\" height=\"81\" src=\"https:\/\/lfsportevents.pl\/ligaorlika2025\/wp-content\/uploads\/2021\/05\/TRADE-logo-128x81.png\" class=\"attachment-sportspress-fit-icon size-sportspress-fit-icon wp-post-image\" alt=\"\" loading=\"lazy\" \/><\/span>Trade<\/a><\/td><td class=\"data-p\" data-label=\"M\">12<\/td><td class=\"data-pts\" data-label=\"Pkt\">22<\/td><td class=\"data-w\" data-label=\"Z\">7<\/td><td class=\"data-d\" data-label=\"R\">1<\/td><td class=\"data-l\" data-label=\"P\">4<\/td><td class=\"data-f\" data-label=\"BZ\">45<\/td><td class=\"data-a\" data-label=\"BS\">33<\/td><td class=\"data-gd\" data-label=\"+\/-\">12<\/td><\/tr><tr class=\"even sp-row-no-3\"><td class=\"data-rank\" data-label=\"Pozycja\">4<\/td><td class=\"data-name has-logo\" data-label=\"Klub\"><a href=\"https:\/\/lfsportevents.pl\/ligaorlika2025\/team\/gold-team\/\"><span class=\"team-logo\"><img width=\"128\" height=\"42\" src=\"https:\/\/lfsportevents.pl\/ligaorlika2025\/wp-content\/uploads\/2016\/03\/Meble-Lorek-1-128x42.png\" class=\"attachment-sportspress-fit-icon size-sportspress-fit-icon wp-post-image\" alt=\"\" loading=\"lazy\" \/><\/span>Gold Team\/Meble Lorek<\/a><\/td><td class=\"data-p\" data-label=\"M\">12<\/td><td class=\"data-pts\" data-label=\"Pkt\">18<\/td><td class=\"data-w\" data-label=\"Z\">5<\/td><td class=\"data-d\" data-label=\"R\">3<\/td><td class=\"data-l\" data-label=\"P\">4<\/td><td class=\"data-f\" data-label=\"BZ\">44<\/td><td class=\"data-a\" data-label=\"BS\">29<\/td><td class=\"data-gd\" data-label=\"+\/-\">15<\/td><\/tr><tr class=\"odd sp-row-no-4\"><td class=\"data-rank\" data-label=\"Pozycja\">5<\/td><td class=\"data-name has-logo\" data-label=\"Klub\"><a href=\"https:\/\/lfsportevents.pl\/ligaorlika2025\/team\/kamex\/\"><span class=\"team-logo\"><img width=\"128\" height=\"50\" src=\"https:\/\/lfsportevents.pl\/ligaorlika2025\/wp-content\/uploads\/2016\/03\/logo-DW-Sylwia-128x50.png\" class=\"attachment-sportspress-fit-icon size-sportspress-fit-icon wp-post-image\" alt=\"\" loading=\"lazy\" \/><\/span>Dom Weselny Sylwia<\/a><\/td><td class=\"data-p\" data-label=\"M\">12<\/td><td class=\"data-pts\" data-label=\"Pkt\">13<\/td><td class=\"data-w\" data-label=\"Z\">4<\/td><td class=\"data-d\" data-label=\"R\">1<\/td><td class=\"data-l\" data-label=\"P\">7<\/td><td class=\"data-f\" data-label=\"BZ\">46<\/td><td class=\"data-a\" data-label=\"BS\">49<\/td><td class=\"data-gd\" data-label=\"+\/-\">-3<\/td><\/tr><\/tbody><\/table><\/div><\/div>\n<\/div>\n<div class=\"sportspress\"><div class=\"sp-template sp-template-league-table\">\n\t<h4 class=\"sp-table-caption\">Tabela Ekstraklasa &#8211; Grupa Spadkowa<\/h4><div class=\"sp-table-wrapper\"><table class=\"sp-league-table sp-data-table sp-sortable-table sp-scrollable-table sp-paginated-table\" data-sp-rows=\"16\"><thead><tr><th class=\"data-rank\">Pozycja<\/th><th class=\"data-name\">Klub<\/th><th class=\"data-p\">M<\/th><th class=\"data-pts\">Pkt<\/th><th class=\"data-w\">Z<\/th><th class=\"data-d\">R<\/th><th class=\"data-l\">P<\/th><th class=\"data-f\">BZ<\/th><th class=\"data-a\">BS<\/th><th class=\"data-gd\">+\/-<\/th><\/tr><\/thead><tbody><tr class=\"odd sp-row-no-0\"><td class=\"data-rank\" data-label=\"Pozycja\">1<\/td><td class=\"data-name has-logo\" data-label=\"Klub\"><a href=\"https:\/\/lfsportevents.pl\/ligaorlika2025\/team\/bastek-niskowa\/\"><span class=\"team-logo\"><img width=\"128\" height=\"34\" src=\"https:\/\/lfsportevents.pl\/ligaorlika2025\/wp-content\/uploads\/2019\/04\/BastekGarnitury-128x34.png\" class=\"attachment-sportspress-fit-icon size-sportspress-fit-icon wp-post-image\" alt=\"\" loading=\"lazy\" \/><\/span>Bastek Garnitury<\/a><\/td><td class=\"data-p\" data-label=\"M\">11<\/td><td class=\"data-pts\" data-label=\"Pkt\">15<\/td><td class=\"data-w\" data-label=\"Z\">4<\/td><td class=\"data-d\" data-label=\"R\">3<\/td><td class=\"data-l\" data-label=\"P\">4<\/td><td class=\"data-f\" data-label=\"BZ\">45<\/td><td class=\"data-a\" data-label=\"BS\">35<\/td><td class=\"data-gd\" data-label=\"+\/-\">10<\/td><\/tr><tr class=\"even sp-row-no-1\"><td class=\"data-rank\" data-label=\"Pozycja\">2<\/td><td class=\"data-name has-logo\" data-label=\"Klub\"><a href=\"https:\/\/lfsportevents.pl\/ligaorlika2025\/team\/prestige-house\/\"><span class=\"team-logo\"><img width=\"128\" height=\"128\" src=\"https:\/\/lfsportevents.pl\/ligaorlika2025\/wp-content\/uploads\/2022\/03\/Prestige-House-128x128.jpg\" class=\"attachment-sportspress-fit-icon size-sportspress-fit-icon wp-post-image\" alt=\"\" loading=\"lazy\" \/><\/span>Prestige House<\/a><\/td><td class=\"data-p\" data-label=\"M\">11<\/td><td class=\"data-pts\" data-label=\"Pkt\">14<\/td><td class=\"data-w\" data-label=\"Z\">4<\/td><td class=\"data-d\" data-label=\"R\">2<\/td><td class=\"data-l\" data-label=\"P\">5<\/td><td class=\"data-f\" data-label=\"BZ\">48<\/td><td class=\"data-a\" data-label=\"BS\">44<\/td><td class=\"data-gd\" data-label=\"+\/-\">4<\/td><\/tr><tr class=\"odd sp-row-no-2\"><td class=\"data-rank\" data-label=\"Pozycja\">3<\/td><td class=\"data-name has-logo\" data-label=\"Klub\"><a href=\"https:\/\/lfsportevents.pl\/ligaorlika2025\/team\/essa-decore\/\"><span class=\"team-logo\"><img width=\"128\" height=\"124\" src=\"https:\/\/lfsportevents.pl\/ligaorlika2025\/wp-content\/uploads\/2024\/04\/Essa-Decore-128x124.png\" class=\"attachment-sportspress-fit-icon size-sportspress-fit-icon wp-post-image\" alt=\"\" loading=\"lazy\" \/><\/span>Essa Decore<\/a><\/td><td class=\"data-p\" data-label=\"M\">11<\/td><td class=\"data-pts\" data-label=\"Pkt\">14<\/td><td class=\"data-w\" data-label=\"Z\">4<\/td><td class=\"data-d\" data-label=\"R\">2<\/td><td class=\"data-l\" data-label=\"P\">5<\/td><td class=\"data-f\" data-label=\"BZ\">37<\/td><td class=\"data-a\" data-label=\"BS\">34<\/td><td class=\"data-gd\" data-label=\"+\/-\">3<\/td><\/tr><tr class=\"even sp-row-no-3\"><td class=\"data-rank\" data-label=\"Pozycja\">4<\/td><td class=\"data-name has-logo\" data-label=\"Klub\"><a href=\"https:\/\/lfsportevents.pl\/ligaorlika2025\/team\/grod-czop-podegrodzie\/\"><span class=\"team-logo\"><img width=\"128\" height=\"128\" src=\"https:\/\/lfsportevents.pl\/ligaorlika2025\/wp-content\/uploads\/2022\/03\/KS_Volley_Podegrodzie-removebg-preview-128x128.png\" class=\"attachment-sportspress-fit-icon size-sportspress-fit-icon wp-post-image\" alt=\"\" loading=\"lazy\" \/><\/span>KS Podegrodzie<\/a><\/td><td class=\"data-p\" data-label=\"M\">11<\/td><td class=\"data-pts\" data-label=\"Pkt\">1<\/td><td class=\"data-w\" data-label=\"Z\">0<\/td><td class=\"data-d\" data-label=\"R\">1<\/td><td class=\"data-l\" data-label=\"P\">10<\/td><td class=\"data-f\" data-label=\"BZ\">16<\/td><td class=\"data-a\" data-label=\"BS\">87<\/td><td class=\"data-gd\" data-label=\"+\/-\">-71<\/td><\/tr><\/tbody><\/table><\/div><\/div>\n<\/div>\n<h2><strong>TABELA po 1 rundzie<\/strong><\/h2>\n<p><img loading=\"lazy\" class=\"alignnone size-full wp-image-35980\" src=\"https:\/\/lfsportevents.pl\/ligaorlika2025\/wp-content\/uploads\/2025\/06\/Tabela-Ekstraklasa.png\" alt=\"\" width=\"960\" height=\"584\" srcset=\"https:\/\/lfsportevents.pl\/ligaorlika2025\/wp-content\/uploads\/2025\/06\/Tabela-Ekstraklasa.png 960w, https:\/\/lfsportevents.pl\/ligaorlika2025\/wp-content\/uploads\/2025\/06\/Tabela-Ekstraklasa-300x183.png 300w, https:\/\/lfsportevents.pl\/ligaorlika2025\/wp-content\/uploads\/2025\/06\/Tabela-Ekstraklasa-768x467.png 768w, https:\/\/lfsportevents.pl\/ligaorlika2025\/wp-content\/uploads\/2025\/06\/Tabela-Ekstraklasa-128x78.png 128w, https:\/\/lfsportevents.pl\/ligaorlika2025\/wp-content\/uploads\/2025\/06\/Tabela-Ekstraklasa-32x19.png 32w, https:\/\/lfsportevents.pl\/ligaorlika2025\/wp-content\/uploads\/2025\/06\/Tabela-Ekstraklasa-550x335.png 550w\" sizes=\"(max-width: 960px) 100vw, 960px\" \/>\u00a0KS Podegrodzie &#8211; 1 pkt, za walkower z dnia 8.04.2025<\/p>\n<p>&nbsp;<\/p>\n","protected":false},"excerpt":{"rendered":"<p>Legenda: M = Mecze Rozegrane Pkt = Punkty Z = Zwyci\u0119stwa R = Remisy P = Pora\u017cki BZ = Bramki zdobyte BS = Bramki stracone +\/- = R\u00f3\u017cnica bramek Miejsca 1-5 (grupa mistrzowska) Miejsca 6-10 (grupa spadkowa) Miejsce 8 (bara\u017c z 3 dru\u017cn\u0105 I Ligi, o pozostanie w Ekstraklasie) Miejsca 9-10 (bezpo\u015bredni spadek do I [&hellip;]<\/p>\n","protected":false},"author":1,"featured_media":0,"parent":4982,"menu_order":0,"comment_status":"closed","ping_status":"closed","template":"","meta":[],"_links":{"self":[{"href":"https:\/\/lfsportevents.pl\/ligaorlika2025\/wp-json\/wp\/v2\/pages\/5018"}],"collection":[{"href":"https:\/\/lfsportevents.pl\/ligaorlika2025\/wp-json\/wp\/v2\/pages"}],"about":[{"href":"https:\/\/lfsportevents.pl\/ligaorlika2025\/wp-json\/wp\/v2\/types\/page"}],"author":[{"embeddable":true,"href":"https:\/\/lfsportevents.pl\/ligaorlika2025\/wp-json\/wp\/v2\/users\/1"}],"replies":[{"embeddable":true,"href":"https:\/\/lfsportevents.pl\/ligaorlika2025\/wp-json\/wp\/v2\/comments?post=5018"}],"version-history":[{"count":2,"href":"https:\/\/lfsportevents.pl\/ligaorlika2025\/wp-json\/wp\/v2\/pages\/5018\/revisions"}],"predecessor-version":[{"id":36239,"href":"https:\/\/lfsportevents.pl\/ligaorlika2025\/wp-json\/wp\/v2\/pages\/5018\/revisions\/36239"}],"up":[{"embeddable":true,"href":"https:\/\/lfsportevents.pl\/ligaorlika2025\/wp-json\/wp\/v2\/pages\/4982"}],"wp:attachment":[{"href":"https:\/\/lfsportevents.pl\/ligaorlika2025\/wp-json\/wp\/v2\/media?parent=5018"}],"curies":[{"name":"wp","href":"https:\/\/api.w.org\/{rel}","templated":true}]}}