{"id":26088,"date":"2022-03-11T09:49:19","date_gmt":"2022-03-11T08:49:19","guid":{"rendered":"https:\/\/lfsportevents.pl\/ligaorlika2025\/iii-liga-2\/video-copy\/"},"modified":"2025-09-15T09:50:49","modified_gmt":"2025-09-15T07:50:49","slug":"video","status":"publish","type":"page","link":"https:\/\/lfsportevents.pl\/ligaorlika2025\/liga-oldboy\/video\/","title":{"rendered":"Video"},"content":{"rendered":"<p><iframe loading=\"lazy\" title=\"Planet Car Mistrzem Sufigs Ligi Oldboy 2025\" width=\"620\" height=\"349\" src=\"https:\/\/www.youtube.com\/embed\/ERvew8hWolw?feature=oembed\" frameborder=\"0\" allow=\"accelerometer; autoplay; clipboard-write; encrypted-media; gyroscope; picture-in-picture; web-share\" referrerpolicy=\"strict-origin-when-cross-origin\" allowfullscreen><\/iframe><\/p>\n<p><iframe loading=\"lazy\" title=\"Piotr Majerski (Oldboys Podegrodzie)\" width=\"620\" height=\"349\" src=\"https:\/\/www.youtube.com\/embed\/hHYHt6kX5ZE?feature=oembed\" frameborder=\"0\" allow=\"accelerometer; autoplay; clipboard-write; encrypted-media; gyroscope; picture-in-picture; web-share\" referrerpolicy=\"strict-origin-when-cross-origin\" allowfullscreen><\/iframe><\/p>\n<p><iframe loading=\"lazy\" title=\"\u0141ukasz Kutwa (Olimp Team Oldboys)\" width=\"620\" height=\"349\" src=\"https:\/\/www.youtube.com\/embed\/UolxuIF99B8?feature=oembed\" frameborder=\"0\" allow=\"accelerometer; autoplay; clipboard-write; encrypted-media; gyroscope; picture-in-picture; web-share\" referrerpolicy=\"strict-origin-when-cross-origin\" allowfullscreen><\/iframe><\/p>\n<p><iframe loading=\"lazy\" title=\"Pawe\u0142 Hybel (Woj-Tom)\" width=\"620\" height=\"349\" src=\"https:\/\/www.youtube.com\/embed\/DSzIWvCp_sk?feature=oembed\" frameborder=\"0\" allow=\"accelerometer; autoplay; clipboard-write; encrypted-media; gyroscope; picture-in-picture; web-share\" referrerpolicy=\"strict-origin-when-cross-origin\" allowfullscreen><\/iframe><\/p>\n<p><iframe loading=\"lazy\" title=\"Jakub Gri\u0144ski (Planet Car)\" width=\"620\" height=\"349\" src=\"https:\/\/www.youtube.com\/embed\/6ZKT_TvSRh8?feature=oembed\" frameborder=\"0\" allow=\"accelerometer; autoplay; clipboard-write; encrypted-media; gyroscope; picture-in-picture; web-share\" referrerpolicy=\"strict-origin-when-cross-origin\" allowfullscreen><\/iframe><\/p>\n<p><iframe loading=\"lazy\" title=\"Krzysztof Bajdel (Rejs Nowy S\u0105cz)\" width=\"620\" height=\"349\" src=\"https:\/\/www.youtube.com\/embed\/yspqJLW_FMo?feature=oembed\" frameborder=\"0\" allow=\"accelerometer; autoplay; clipboard-write; encrypted-media; gyroscope; picture-in-picture; web-share\" referrerpolicy=\"strict-origin-when-cross-origin\" allowfullscreen><\/iframe><\/p>\n<p><iframe loading=\"lazy\" title=\"Sebastian Majcher (Classic4you)\" width=\"620\" height=\"349\" src=\"https:\/\/www.youtube.com\/embed\/eiL2CJIpo0E?feature=oembed\" frameborder=\"0\" allow=\"accelerometer; autoplay; clipboard-write; encrypted-media; gyroscope; picture-in-picture; web-share\" referrerpolicy=\"strict-origin-when-cross-origin\" allowfullscreen><\/iframe><\/p>\n<p><iframe loading=\"lazy\" title=\"Jacek Cebula (Rolbud Team)\" width=\"620\" height=\"349\" src=\"https:\/\/www.youtube.com\/embed\/BIeUxicKMfA?feature=oembed\" frameborder=\"0\" allow=\"accelerometer; autoplay; clipboard-write; encrypted-media; gyroscope; picture-in-picture; web-share\" referrerpolicy=\"strict-origin-when-cross-origin\" allowfullscreen><\/iframe><\/p>\n<p><iframe loading=\"lazy\" title=\"\u0141ukasz Krzak (Essa X Greenpowerns)\" width=\"620\" height=\"349\" src=\"https:\/\/www.youtube.com\/embed\/xhMUTV_CMLc?feature=oembed\" frameborder=\"0\" allow=\"accelerometer; autoplay; clipboard-write; encrypted-media; gyroscope; picture-in-picture; web-share\" referrerpolicy=\"strict-origin-when-cross-origin\" allowfullscreen><\/iframe><\/p>\n<p><iframe loading=\"lazy\" title=\"Sebastian Mamala (Oldboys Podegrodzie)\" width=\"620\" height=\"349\" src=\"https:\/\/www.youtube.com\/embed\/9vCFJ4u-ORc?feature=oembed\" frameborder=\"0\" allow=\"accelerometer; autoplay; clipboard-write; encrypted-media; gyroscope; picture-in-picture; web-share\" referrerpolicy=\"strict-origin-when-cross-origin\" allowfullscreen><\/iframe><\/p>\n<p><iframe loading=\"lazy\" title=\"Grzegorz Bulanda (Woj-Tom)\" width=\"620\" height=\"349\" src=\"https:\/\/www.youtube.com\/embed\/FCK_7yI9H8Q?feature=oembed\" frameborder=\"0\" allow=\"accelerometer; autoplay; clipboard-write; encrypted-media; gyroscope; picture-in-picture; web-share\" referrerpolicy=\"strict-origin-when-cross-origin\" allowfullscreen><\/iframe><\/p>\n<p><iframe loading=\"lazy\" title=\"Nikodem Sikora (Rolbud Team)\" width=\"620\" height=\"349\" src=\"https:\/\/www.youtube.com\/embed\/aDvkb4M_a_w?feature=oembed\" frameborder=\"0\" allow=\"accelerometer; autoplay; clipboard-write; encrypted-media; gyroscope; picture-in-picture; web-share\" referrerpolicy=\"strict-origin-when-cross-origin\" allowfullscreen><\/iframe><\/p>\n<p><iframe loading=\"lazy\" title=\"\u0141ukasz Schreiner (Essa x Greenpowerns)\" width=\"620\" height=\"349\" src=\"https:\/\/www.youtube.com\/embed\/39OgOsQiJYo?feature=oembed\" frameborder=\"0\" allow=\"accelerometer; autoplay; clipboard-write; encrypted-media; gyroscope; picture-in-picture; web-share\" referrerpolicy=\"strict-origin-when-cross-origin\" allowfullscreen><\/iframe><\/p>\n<p><iframe loading=\"lazy\" title=\"Piotr Mikulec (Oldboys Podegrodzie)\" width=\"620\" height=\"349\" src=\"https:\/\/www.youtube.com\/embed\/AneCQhWe7wk?feature=oembed\" frameborder=\"0\" allow=\"accelerometer; autoplay; clipboard-write; encrypted-media; gyroscope; picture-in-picture; web-share\" referrerpolicy=\"strict-origin-when-cross-origin\" allowfullscreen><\/iframe><\/p>\n<p><iframe loading=\"lazy\" title=\"Rafa\u0142 Smole\u0144 (Rejs Nowy S\u0105cz)\" width=\"620\" height=\"349\" src=\"https:\/\/www.youtube.com\/embed\/J4GGIQi5tRs?feature=oembed\" frameborder=\"0\" allow=\"accelerometer; autoplay; clipboard-write; encrypted-media; gyroscope; picture-in-picture; web-share\" referrerpolicy=\"strict-origin-when-cross-origin\" allowfullscreen><\/iframe><\/p>\n<p><iframe loading=\"lazy\" title=\"S\u0142awomir Rutkowski (Rolbud Team)\" width=\"620\" height=\"349\" src=\"https:\/\/www.youtube.com\/embed\/QodIekbarJg?feature=oembed\" frameborder=\"0\" allow=\"accelerometer; autoplay; clipboard-write; encrypted-media; gyroscope; picture-in-picture; web-share\" referrerpolicy=\"strict-origin-when-cross-origin\" allowfullscreen><\/iframe><\/p>\n<p><iframe loading=\"lazy\" title=\"Fabian Kie\u0142basa (Olimp Team Oldboys)\" width=\"620\" height=\"349\" src=\"https:\/\/www.youtube.com\/embed\/SgbnqnPwpT8?feature=oembed\" frameborder=\"0\" allow=\"accelerometer; autoplay; clipboard-write; encrypted-media; gyroscope; picture-in-picture; web-share\" referrerpolicy=\"strict-origin-when-cross-origin\" allowfullscreen><\/iframe><\/p>\n<p><iframe loading=\"lazy\" title=\"Piotr Majerski (Oldboys Podegrodzie)\" width=\"620\" height=\"349\" src=\"https:\/\/www.youtube.com\/embed\/9jjogDQrB6s?feature=oembed\" frameborder=\"0\" allow=\"accelerometer; autoplay; clipboard-write; encrypted-media; gyroscope; picture-in-picture; web-share\" referrerpolicy=\"strict-origin-when-cross-origin\" allowfullscreen><\/iframe><\/p>\n<p><iframe loading=\"lazy\" title=\"Szymon Kmiecik (Essa x Greenpowerns)\" width=\"620\" height=\"349\" src=\"https:\/\/www.youtube.com\/embed\/roI_HQXle9U?feature=oembed\" frameborder=\"0\" allow=\"accelerometer; autoplay; clipboard-write; encrypted-media; gyroscope; picture-in-picture; web-share\" referrerpolicy=\"strict-origin-when-cross-origin\" allowfullscreen><\/iframe><\/p>\n<p><iframe loading=\"lazy\" title=\"Marek Olszewski (Classic4you)\" width=\"620\" height=\"349\" src=\"https:\/\/www.youtube.com\/embed\/NUIGsLNsCMQ?feature=oembed\" frameborder=\"0\" allow=\"accelerometer; autoplay; clipboard-write; encrypted-media; gyroscope; picture-in-picture; web-share\" referrerpolicy=\"strict-origin-when-cross-origin\" allowfullscreen><\/iframe><\/p>\n<p><iframe loading=\"lazy\" title=\"Leszek Myjak (Woj-Tom)\" width=\"620\" height=\"349\" src=\"https:\/\/www.youtube.com\/embed\/PhWsdvwBTpo?feature=oembed\" frameborder=\"0\" allow=\"accelerometer; autoplay; clipboard-write; encrypted-media; gyroscope; picture-in-picture; web-share\" referrerpolicy=\"strict-origin-when-cross-origin\" allowfullscreen><\/iframe><\/p>\n<p><iframe loading=\"lazy\" title=\"Aleksander Mrzyg\u0142\u00f3d (Planet Car)\" width=\"620\" height=\"349\" src=\"https:\/\/www.youtube.com\/embed\/dBEfMIHOahA?start=2&#038;feature=oembed\" frameborder=\"0\" allow=\"accelerometer; autoplay; clipboard-write; encrypted-media; gyroscope; picture-in-picture; web-share\" referrerpolicy=\"strict-origin-when-cross-origin\" allowfullscreen><\/iframe><\/p>\n<p><iframe loading=\"lazy\" title=\"Pawe\u0142 Czernecki (Rejs Nowy S\u0105cz)\" width=\"620\" height=\"349\" src=\"https:\/\/www.youtube.com\/embed\/nOFzJ2R83po?start=1&#038;feature=oembed\" frameborder=\"0\" allow=\"accelerometer; autoplay; clipboard-write; encrypted-media; gyroscope; picture-in-picture; web-share\" referrerpolicy=\"strict-origin-when-cross-origin\" allowfullscreen><\/iframe><\/p>\n","protected":false},"excerpt":{"rendered":"","protected":false},"author":1,"featured_media":0,"parent":26060,"menu_order":0,"comment_status":"closed","ping_status":"closed","template":"","meta":[],"_links":{"self":[{"href":"https:\/\/lfsportevents.pl\/ligaorlika2025\/wp-json\/wp\/v2\/pages\/26088"}],"collection":[{"href":"https:\/\/lfsportevents.pl\/ligaorlika2025\/wp-json\/wp\/v2\/pages"}],"about":[{"href":"https:\/\/lfsportevents.pl\/ligaorlika2025\/wp-json\/wp\/v2\/types\/page"}],"author":[{"embeddable":true,"href":"https:\/\/lfsportevents.pl\/ligaorlika2025\/wp-json\/wp\/v2\/users\/1"}],"replies":[{"embeddable":true,"href":"https:\/\/lfsportevents.pl\/ligaorlika2025\/wp-json\/wp\/v2\/comments?post=26088"}],"version-history":[{"count":3,"href":"https:\/\/lfsportevents.pl\/ligaorlika2025\/wp-json\/wp\/v2\/pages\/26088\/revisions"}],"predecessor-version":[{"id":36588,"href":"https:\/\/lfsportevents.pl\/ligaorlika2025\/wp-json\/wp\/v2\/pages\/26088\/revisions\/36588"}],"up":[{"embeddable":true,"href":"https:\/\/lfsportevents.pl\/ligaorlika2025\/wp-json\/wp\/v2\/pages\/26060"}],"wp:attachment":[{"href":"https:\/\/lfsportevents.pl\/ligaorlika2025\/wp-json\/wp\/v2\/media?parent=26088"}],"curies":[{"name":"wp","href":"https:\/\/api.w.org\/{rel}","templated":true}]}}