{"id":26070,"date":"2022-03-11T09:45:23","date_gmt":"2022-03-11T08:45:23","guid":{"rendered":"https:\/\/lfsportevents.pl\/ligaorlika2025\/iii-liga-2\/zolte-k-copy\/"},"modified":"2025-05-09T14:10:13","modified_gmt":"2025-05-09T12:10:13","slug":"zolte-k","status":"publish","type":"page","link":"https:\/\/lfsportevents.pl\/ligaorlika2025\/liga-oldboy\/zolte-k\/","title":{"rendered":"\u017b\u00f3\u0142te k."},"content":{"rendered":"<div class=\"sportspress\"><h4 class=\"sp-table-caption\">\u017b\u00f3\u0142te kartki \u2013 Liga Oldboy<\/h4><div class=\"sp-template sp-template-player-list\"><div class=\"sp-table-wrapper\"><table class=\"sp-player-list sp-data-table sp-sortable-table sp-scrollable-table sp-paginated-table\" data-sp-rows=\"50\"><thead><tr><th class=\"data-rank\">Ranga<\/th><th class=\"data-name\">Zawodnik<\/th><th class=\"data-team\">Klub<\/th><th class=\"data-yellowcards\">\u017b\u00f3\u0142te kartki<\/th><\/tr><\/thead><tbody><tr class=\"odd\"><td class=\"data-rank\" data-label=\"#\">1<\/td><td class=\"data-name has-photo\" data-label=\"Zawodnik\"><a href=\"https:\/\/lfsportevents.pl\/ligaorlika2025\/player\/wojciech-popiela\/\"><span class=\"player-photo\"><img width=\"96\" height=\"128\" src=\"https:\/\/lfsportevents.pl\/ligaorlika2025\/wp-content\/uploads\/1985\/10\/Wojciech-Popiela-96x128.jpg\" class=\"attachment-sportspress-fit-icon size-sportspress-fit-icon wp-post-image\" alt=\"\" loading=\"lazy\" \/><\/span>Wojciech Popiela<\/a><\/td><td class=\"data-team\" data-label=\"Klub\"><a href=\"https:\/\/lfsportevents.pl\/ligaorlika2025\/team\/rolbud-team\/\">Rolbud Team<\/a><\/td><td class=\"data-yellowcards\" data-label=\"\u017b\u00f3\u0142te kartki\">4<\/td><\/tr><tr class=\"even\"><td class=\"data-rank\" data-label=\"#\">2<\/td><td class=\"data-name has-photo\" data-label=\"Zawodnik\"><a href=\"https:\/\/lfsportevents.pl\/ligaorlika2025\/player\/pawel-czernecki-2\/\"><span class=\"player-photo\"><img width=\"96\" height=\"128\" src=\"https:\/\/lfsportevents.pl\/ligaorlika2025\/wp-content\/uploads\/2022\/04\/Pawel-Czernecki-96x128.jpg\" class=\"attachment-sportspress-fit-icon size-sportspress-fit-icon wp-post-image\" alt=\"\" loading=\"lazy\" \/><\/span>Pawe\u0142 Czernecki<\/a><\/td><td class=\"data-team\" data-label=\"Klub\"><a href=\"https:\/\/lfsportevents.pl\/ligaorlika2025\/team\/rejsy\/\">Rejs Nowy S\u0105cz<\/a><\/td><td class=\"data-yellowcards\" data-label=\"\u017b\u00f3\u0142te kartki\">4<\/td><\/tr><tr class=\"odd\"><td class=\"data-rank\" data-label=\"#\">3<\/td><td class=\"data-name has-photo\" data-label=\"Zawodnik\"><a href=\"https:\/\/lfsportevents.pl\/ligaorlika2025\/player\/roman-ciurka\/\"><span class=\"player-photo\"><img width=\"96\" height=\"128\" src=\"https:\/\/lfsportevents.pl\/ligaorlika2025\/wp-content\/uploads\/1988\/01\/Roman-Ciurka-96x128.jpg\" class=\"attachment-sportspress-fit-icon size-sportspress-fit-icon wp-post-image\" alt=\"\" loading=\"lazy\" \/><\/span>Roman Ciurka<\/a><\/td><td class=\"data-team\" data-label=\"Klub\"><a href=\"https:\/\/lfsportevents.pl\/ligaorlika2025\/team\/oldboye-podegrodzie\/\">Oldboys Podegrodzie<\/a><\/td><td class=\"data-yellowcards\" data-label=\"\u017b\u00f3\u0142te kartki\">3<\/td><\/tr><tr class=\"even\"><td class=\"data-rank\" data-label=\"#\">4<\/td><td class=\"data-name has-photo\" data-label=\"Zawodnik\"><a href=\"https:\/\/lfsportevents.pl\/ligaorlika2025\/player\/sebastian-mamala-2\/\"><span class=\"player-photo\"><img width=\"96\" height=\"128\" src=\"https:\/\/lfsportevents.pl\/ligaorlika2025\/wp-content\/uploads\/1988\/01\/Sebastian-Mamala-96x128.jpg\" class=\"attachment-sportspress-fit-icon size-sportspress-fit-icon wp-post-image\" alt=\"\" loading=\"lazy\" \/><\/span>Sebastian Mamala<\/a><\/td><td class=\"data-team\" data-label=\"Klub\"><a href=\"https:\/\/lfsportevents.pl\/ligaorlika2025\/team\/oldboye-podegrodzie\/\">Oldboys Podegrodzie<\/a><\/td><td class=\"data-yellowcards\" data-label=\"\u017b\u00f3\u0142te kartki\">2<\/td><\/tr><tr class=\"odd\"><td class=\"data-rank\" data-label=\"#\">5<\/td><td class=\"data-name has-photo\" data-label=\"Zawodnik\"><a href=\"https:\/\/lfsportevents.pl\/ligaorlika2025\/player\/piotr-majerski-2\/\"><span class=\"player-photo\"><img width=\"96\" height=\"128\" src=\"https:\/\/lfsportevents.pl\/ligaorlika2025\/wp-content\/uploads\/1988\/01\/Piotr-Majerski-96x128.jpg\" class=\"attachment-sportspress-fit-icon size-sportspress-fit-icon wp-post-image\" alt=\"\" loading=\"lazy\" \/><\/span>Piotr Majerski<\/a><\/td><td class=\"data-team\" data-label=\"Klub\"><a href=\"https:\/\/lfsportevents.pl\/ligaorlika2025\/team\/oldboye-podegrodzie\/\">Oldboys Podegrodzie<\/a><\/td><td class=\"data-yellowcards\" data-label=\"\u017b\u00f3\u0142te kartki\">2<\/td><\/tr><tr class=\"even\"><td class=\"data-rank\" data-label=\"#\">6<\/td><td class=\"data-name has-photo\" data-label=\"Zawodnik\"><a href=\"https:\/\/lfsportevents.pl\/ligaorlika2025\/player\/slawomir-rutkowski-2\/\"><span class=\"player-photo\"><img width=\"96\" height=\"128\" src=\"https:\/\/lfsportevents.pl\/ligaorlika2025\/wp-content\/uploads\/1987\/06\/Slawomir-Rutkowski-96x128.jpg\" class=\"attachment-sportspress-fit-icon size-sportspress-fit-icon wp-post-image\" alt=\"\" loading=\"lazy\" \/><\/span>S\u0142awomir Rutkowski<\/a><\/td><td class=\"data-team\" data-label=\"Klub\"><a href=\"https:\/\/lfsportevents.pl\/ligaorlika2025\/team\/rolbud-team\/\">Rolbud Team<\/a><\/td><td class=\"data-yellowcards\" data-label=\"\u017b\u00f3\u0142te kartki\">2<\/td><\/tr><tr class=\"odd\"><td class=\"data-rank\" data-label=\"#\">7<\/td><td class=\"data-name has-photo\" data-label=\"Zawodnik\"><a href=\"https:\/\/lfsportevents.pl\/ligaorlika2025\/player\/wojciech-zielinski-2\/\"><span class=\"player-photo\"><img width=\"96\" height=\"128\" src=\"https:\/\/lfsportevents.pl\/ligaorlika2025\/wp-content\/uploads\/1988\/01\/Wojciech-Zielinski-96x128.jpg\" class=\"attachment-sportspress-fit-icon size-sportspress-fit-icon wp-post-image\" alt=\"\" loading=\"lazy\" \/><\/span>Wojciech Zieli\u0144ski<\/a><\/td><td class=\"data-team\" data-label=\"Klub\"><a href=\"https:\/\/lfsportevents.pl\/ligaorlika2025\/team\/oldboye-podegrodzie\/\">Oldboys Podegrodzie<\/a><\/td><td class=\"data-yellowcards\" data-label=\"\u017b\u00f3\u0142te kartki\">2<\/td><\/tr><tr class=\"even\"><td class=\"data-rank\" data-label=\"#\">8<\/td><td class=\"data-name\" data-label=\"Zawodnik\"><a href=\"https:\/\/lfsportevents.pl\/ligaorlika2025\/player\/lukasz-schreiner-2\/\">\u0141ukasz Schreiner<\/a><\/td><td class=\"data-team\" data-label=\"Klub\"><a href=\"https:\/\/lfsportevents.pl\/ligaorlika2025\/team\/essa-x-greenpowerns\/\">Essa x Greenpowerns<\/a><\/td><td class=\"data-yellowcards\" data-label=\"\u017b\u00f3\u0142te kartki\">2<\/td><\/tr><tr class=\"odd\"><td class=\"data-rank\" data-label=\"#\">9<\/td><td class=\"data-name has-photo\" data-label=\"Zawodnik\"><a href=\"https:\/\/lfsportevents.pl\/ligaorlika2025\/player\/nikodem-sikora-2\/\"><span class=\"player-photo\"><img width=\"96\" height=\"128\" src=\"https:\/\/lfsportevents.pl\/ligaorlika2025\/wp-content\/uploads\/1987\/06\/Nikodem-Sikora-1-96x128.jpg\" class=\"attachment-sportspress-fit-icon size-sportspress-fit-icon wp-post-image\" alt=\"\" loading=\"lazy\" \/><\/span>Nikodem Sikora<\/a><\/td><td class=\"data-team\" data-label=\"Klub\"><a href=\"https:\/\/lfsportevents.pl\/ligaorlika2025\/team\/rolbud-team\/\">Rolbud Team<\/a><\/td><td class=\"data-yellowcards\" data-label=\"\u017b\u00f3\u0142te kartki\">2<\/td><\/tr><tr class=\"even\"><td class=\"data-rank\" data-label=\"#\">10<\/td><td class=\"data-name has-photo\" data-label=\"Zawodnik\"><a href=\"https:\/\/lfsportevents.pl\/ligaorlika2025\/player\/jakub-borek\/\"><span class=\"player-photo\"><img width=\"96\" height=\"128\" src=\"https:\/\/lfsportevents.pl\/ligaorlika2025\/wp-content\/uploads\/1987\/06\/Jakub-Borek-96x128.jpg\" class=\"attachment-sportspress-fit-icon size-sportspress-fit-icon wp-post-image\" alt=\"\" loading=\"lazy\" \/><\/span>Jakub Borek<\/a><\/td><td class=\"data-team\" data-label=\"Klub\"><a href=\"https:\/\/lfsportevents.pl\/ligaorlika2025\/team\/rolbud-team\/\">Rolbud Team<\/a><\/td><td class=\"data-yellowcards\" data-label=\"\u017b\u00f3\u0142te kartki\">1<\/td><\/tr><tr class=\"odd\"><td class=\"data-rank\" data-label=\"#\">11<\/td><td class=\"data-name has-photo\" data-label=\"Zawodnik\"><a href=\"https:\/\/lfsportevents.pl\/ligaorlika2025\/player\/andrzej-malek-2\/\"><span class=\"player-photo\"><img width=\"96\" height=\"128\" src=\"https:\/\/lfsportevents.pl\/ligaorlika2025\/wp-content\/uploads\/1982\/11\/Andrzej-Ma\u0142ek-96x128.jpg\" class=\"attachment-sportspress-fit-icon size-sportspress-fit-icon wp-post-image\" alt=\"\" loading=\"lazy\" \/><\/span>Andrzej Ma\u0142ek<\/a><\/td><td class=\"data-team\" data-label=\"Klub\"><a href=\"https:\/\/lfsportevents.pl\/ligaorlika2025\/team\/planet-car\/\">Planet Car<\/a><\/td><td class=\"data-yellowcards\" data-label=\"\u017b\u00f3\u0142te kartki\">1<\/td><\/tr><tr class=\"even\"><td class=\"data-rank\" data-label=\"#\">12<\/td><td class=\"data-name has-photo\" data-label=\"Zawodnik\"><a href=\"https:\/\/lfsportevents.pl\/ligaorlika2025\/player\/miroslaw-stec\/\"><span class=\"player-photo\"><img width=\"96\" height=\"128\" src=\"https:\/\/lfsportevents.pl\/ligaorlika2025\/wp-content\/uploads\/1985\/05\/Miroslaw-Stec-96x128.jpg\" class=\"attachment-sportspress-fit-icon size-sportspress-fit-icon wp-post-image\" alt=\"\" loading=\"lazy\" \/><\/span>Miros\u0142aw Stec<\/a><\/td><td class=\"data-team\" data-label=\"Klub\"><a href=\"https:\/\/lfsportevents.pl\/ligaorlika2025\/team\/woj-tom\/\">Woj-Tom<\/a><\/td><td class=\"data-yellowcards\" data-label=\"\u017b\u00f3\u0142te kartki\">1<\/td><\/tr><tr class=\"odd\"><td class=\"data-rank\" data-label=\"#\">13<\/td><td class=\"data-name has-photo\" data-label=\"Zawodnik\"><a href=\"https:\/\/lfsportevents.pl\/ligaorlika2025\/player\/michal-faron\/\"><span class=\"player-photo\"><img width=\"96\" height=\"128\" src=\"https:\/\/lfsportevents.pl\/ligaorlika2025\/wp-content\/uploads\/1987\/08\/Michal-Faron-96x128.jpg\" class=\"attachment-sportspress-fit-icon size-sportspress-fit-icon wp-post-image\" alt=\"\" loading=\"lazy\" \/><\/span>Micha\u0142 Faron<\/a><\/td><td class=\"data-team\" data-label=\"Klub\"><a href=\"https:\/\/lfsportevents.pl\/ligaorlika2025\/team\/woj-tom\/\">Woj-Tom<\/a><\/td><td class=\"data-yellowcards\" data-label=\"\u017b\u00f3\u0142te kartki\">1<\/td><\/tr><tr class=\"even\"><td class=\"data-rank\" data-label=\"#\">14<\/td><td class=\"data-name\" data-label=\"Zawodnik\"><a href=\"https:\/\/lfsportevents.pl\/ligaorlika2025\/player\/jozef-kielbasa\/\">J\u00f3zef Kie\u0142basa<\/a><\/td><td class=\"data-team\" data-label=\"Klub\"><a href=\"https:\/\/lfsportevents.pl\/ligaorlika2025\/team\/classic4you\/\">Classic4you<\/a><\/td><td class=\"data-yellowcards\" data-label=\"\u017b\u00f3\u0142te kartki\">1<\/td><\/tr><tr class=\"odd\"><td class=\"data-rank\" data-label=\"#\">15<\/td><td class=\"data-name has-photo\" data-label=\"Zawodnik\"><a href=\"https:\/\/lfsportevents.pl\/ligaorlika2025\/player\/lukasz-kutwa\/\"><span class=\"player-photo\"><img width=\"96\" height=\"128\" src=\"https:\/\/lfsportevents.pl\/ligaorlika2025\/wp-content\/uploads\/2022\/05\/Lukasz-Kutwa-96x128.jpg\" class=\"attachment-sportspress-fit-icon size-sportspress-fit-icon wp-post-image\" alt=\"\" loading=\"lazy\" \/><\/span>\u0141ukasz Kutwa<\/a><\/td><td class=\"data-team\" data-label=\"Klub\"><a href=\"https:\/\/lfsportevents.pl\/ligaorlika2025\/team\/olimp-team-oldboys\/\">Olimp Team Oldboys<\/a><\/td><td class=\"data-yellowcards\" data-label=\"\u017b\u00f3\u0142te kartki\">1<\/td><\/tr><tr class=\"even\"><td class=\"data-rank\" data-label=\"#\">16<\/td><td class=\"data-name has-photo\" data-label=\"Zawodnik\"><a href=\"https:\/\/lfsportevents.pl\/ligaorlika2025\/player\/lukasz-ojrzanowski-2\/\"><span class=\"player-photo\"><img width=\"96\" height=\"128\" src=\"https:\/\/lfsportevents.pl\/ligaorlika2025\/wp-content\/uploads\/2022\/05\/Lukasz-Ojrzanowski-96x128.jpg\" class=\"attachment-sportspress-fit-icon size-sportspress-fit-icon wp-post-image\" alt=\"\" loading=\"lazy\" \/><\/span>\u0141ukasz Ojrzanowski<\/a><\/td><td class=\"data-team\" data-label=\"Klub\"><a href=\"https:\/\/lfsportevents.pl\/ligaorlika2025\/team\/olimp-team-oldboys\/\">Olimp Team Oldboys<\/a><\/td><td class=\"data-yellowcards\" data-label=\"\u017b\u00f3\u0142te kartki\">1<\/td><\/tr><tr class=\"odd\"><td class=\"data-rank\" data-label=\"#\">17<\/td><td class=\"data-name has-photo\" data-label=\"Zawodnik\"><a href=\"https:\/\/lfsportevents.pl\/ligaorlika2025\/player\/lukasz-konstanty\/\"><span class=\"player-photo\"><img width=\"96\" height=\"128\" src=\"https:\/\/lfsportevents.pl\/ligaorlika2025\/wp-content\/uploads\/1988\/01\/Lukasz-Konstanty-96x128.jpg\" class=\"attachment-sportspress-fit-icon size-sportspress-fit-icon wp-post-image\" alt=\"\" loading=\"lazy\" \/><\/span>\u0141ukasz Konstanty<\/a><\/td><td class=\"data-team\" data-label=\"Klub\"><a href=\"https:\/\/lfsportevents.pl\/ligaorlika2025\/team\/oldboye-podegrodzie\/\">Oldboys Podegrodzie<\/a><\/td><td class=\"data-yellowcards\" data-label=\"\u017b\u00f3\u0142te kartki\">1<\/td><\/tr><tr class=\"even\"><td class=\"data-rank\" data-label=\"#\">18<\/td><td class=\"data-name has-photo\" data-label=\"Zawodnik\"><a href=\"https:\/\/lfsportevents.pl\/ligaorlika2025\/player\/krzysztof-mirek-2\/\"><span class=\"player-photo\"><img width=\"96\" height=\"128\" src=\"https:\/\/lfsportevents.pl\/ligaorlika2025\/wp-content\/uploads\/1984\/06\/Krzysztof-Mirek-96x128.jpg\" class=\"attachment-sportspress-fit-icon size-sportspress-fit-icon wp-post-image\" alt=\"\" loading=\"lazy\" \/><\/span>Krzysztof Mirek<\/a><\/td><td class=\"data-team\" data-label=\"Klub\"><a href=\"https:\/\/lfsportevents.pl\/ligaorlika2025\/team\/olimp-team-oldboys\/\">Olimp Team Oldboys<\/a><\/td><td class=\"data-yellowcards\" data-label=\"\u017b\u00f3\u0142te kartki\">1<\/td><\/tr><tr class=\"odd\"><td class=\"data-rank\" data-label=\"#\">19<\/td><td class=\"data-name has-photo\" data-label=\"Zawodnik\"><a href=\"https:\/\/lfsportevents.pl\/ligaorlika2025\/player\/tadeusz-olchawa-2\/\"><span class=\"player-photo\"><img width=\"96\" height=\"128\" src=\"https:\/\/lfsportevents.pl\/ligaorlika2025\/wp-content\/uploads\/2022\/05\/Tadeusz-Olchawa-96x128.jpg\" class=\"attachment-sportspress-fit-icon size-sportspress-fit-icon wp-post-image\" alt=\"\" loading=\"lazy\" \/><\/span>Tadeusz Olchawa<\/a><\/td><td class=\"data-team\" data-label=\"Klub\"><a href=\"https:\/\/lfsportevents.pl\/ligaorlika2025\/team\/olimp-team-oldboys\/\">Olimp Team Oldboys<\/a><\/td><td class=\"data-yellowcards\" data-label=\"\u017b\u00f3\u0142te kartki\">1<\/td><\/tr><tr class=\"even\"><td class=\"data-rank\" data-label=\"#\">20<\/td><td class=\"data-name has-photo\" data-label=\"Zawodnik\"><a href=\"https:\/\/lfsportevents.pl\/ligaorlika2025\/player\/wojciech-konstanty\/\"><span class=\"player-photo\"><img width=\"96\" height=\"128\" src=\"https:\/\/lfsportevents.pl\/ligaorlika2025\/wp-content\/uploads\/1988\/01\/Wojciech-Konstanty-96x128.jpg\" class=\"attachment-sportspress-fit-icon size-sportspress-fit-icon wp-post-image\" alt=\"\" loading=\"lazy\" \/><\/span>Wojciech Konstanty<\/a><\/td><td class=\"data-team\" data-label=\"Klub\"><a href=\"https:\/\/lfsportevents.pl\/ligaorlika2025\/team\/oldboye-podegrodzie\/\">Oldboys Podegrodzie<\/a><\/td><td class=\"data-yellowcards\" data-label=\"\u017b\u00f3\u0142te kartki\">1<\/td><\/tr><tr class=\"odd\"><td class=\"data-rank\" data-label=\"#\">21<\/td><td class=\"data-name has-photo\" data-label=\"Zawodnik\"><a href=\"https:\/\/lfsportevents.pl\/ligaorlika2025\/player\/tadeusz-zasadni\/\"><span class=\"player-photo\"><img width=\"96\" height=\"128\" src=\"https:\/\/lfsportevents.pl\/ligaorlika2025\/wp-content\/uploads\/1984\/12\/Tadeusz-Zasadni-96x128.jpg\" class=\"attachment-sportspress-fit-icon size-sportspress-fit-icon wp-post-image\" alt=\"\" loading=\"lazy\" \/><\/span>Tadeusz Zasadni<\/a><\/td><td class=\"data-team\" data-label=\"Klub\"><a href=\"https:\/\/lfsportevents.pl\/ligaorlika2025\/team\/olimp-team-oldboys\/\">Olimp Team Oldboys<\/a><\/td><td class=\"data-yellowcards\" data-label=\"\u017b\u00f3\u0142te kartki\">1<\/td><\/tr><tr class=\"even\"><td class=\"data-rank\" data-label=\"#\">22<\/td><td class=\"data-name has-photo\" data-label=\"Zawodnik\"><a href=\"https:\/\/lfsportevents.pl\/ligaorlika2025\/player\/dawid-slowik-2\/\"><span class=\"player-photo\"><img width=\"96\" height=\"128\" src=\"https:\/\/lfsportevents.pl\/ligaorlika2025\/wp-content\/uploads\/2022\/05\/Dawid-Slowik-96x128.jpg\" class=\"attachment-sportspress-fit-icon size-sportspress-fit-icon wp-post-image\" alt=\"\" loading=\"lazy\" \/><\/span>Dawid S\u0142owik<\/a><\/td><td class=\"data-team\" data-label=\"Klub\"><a href=\"https:\/\/lfsportevents.pl\/ligaorlika2025\/team\/olimp-team-oldboys\/\">Olimp Team Oldboys<\/a><\/td><td class=\"data-yellowcards\" data-label=\"\u017b\u00f3\u0142te kartki\">1<\/td><\/tr><tr class=\"odd\"><td class=\"data-rank\" data-label=\"#\">23<\/td><td class=\"data-name has-photo\" data-label=\"Zawodnik\"><a href=\"https:\/\/lfsportevents.pl\/ligaorlika2025\/player\/grzegorz-kordek-2\/\"><span class=\"player-photo\"><img width=\"96\" height=\"128\" src=\"https:\/\/lfsportevents.pl\/ligaorlika2025\/wp-content\/uploads\/1988\/03\/Grzegorz-Kordek1-96x128.jpg\" class=\"attachment-sportspress-fit-icon size-sportspress-fit-icon wp-post-image\" alt=\"\" loading=\"lazy\" \/><\/span>Grzegorz Kordek<\/a><\/td><td class=\"data-team\" data-label=\"Klub\"><a href=\"https:\/\/lfsportevents.pl\/ligaorlika2025\/team\/rolbud-team\/\">Rolbud Team<\/a><\/td><td class=\"data-yellowcards\" data-label=\"\u017b\u00f3\u0142te kartki\">1<\/td><\/tr><tr class=\"even\"><td class=\"data-rank\" data-label=\"#\">24<\/td><td class=\"data-name has-photo\" data-label=\"Zawodnik\"><a href=\"https:\/\/lfsportevents.pl\/ligaorlika2025\/player\/robert-talar\/\"><span class=\"player-photo\"><img width=\"96\" height=\"128\" src=\"https:\/\/lfsportevents.pl\/ligaorlika2025\/wp-content\/uploads\/1970\/01\/Robert-Talar-96x128.jpg\" class=\"attachment-sportspress-fit-icon size-sportspress-fit-icon wp-post-image\" alt=\"\" loading=\"lazy\" \/><\/span>Robert Talar<\/a><\/td><td class=\"data-team\" data-label=\"Klub\"><a href=\"https:\/\/lfsportevents.pl\/ligaorlika2025\/team\/rejsy\/\">Rejs Nowy S\u0105cz<\/a><\/td><td class=\"data-yellowcards\" data-label=\"\u017b\u00f3\u0142te kartki\">1<\/td><\/tr><tr class=\"odd\"><td class=\"data-rank\" data-label=\"#\">25<\/td><td class=\"data-name has-photo\" data-label=\"Zawodnik\"><a href=\"https:\/\/lfsportevents.pl\/ligaorlika2025\/player\/janusz-halas-2\/\"><span class=\"player-photo\"><img width=\"96\" height=\"128\" src=\"https:\/\/lfsportevents.pl\/ligaorlika2025\/wp-content\/uploads\/1970\/01\/Janusz-Halas-96x128.jpg\" class=\"attachment-sportspress-fit-icon size-sportspress-fit-icon wp-post-image\" alt=\"\" loading=\"lazy\" \/><\/span>Janusz Hala\u015b<\/a><\/td><td class=\"data-team\" data-label=\"Klub\"><a href=\"https:\/\/lfsportevents.pl\/ligaorlika2025\/team\/rejsy\/\">Rejs Nowy S\u0105cz<\/a><\/td><td class=\"data-yellowcards\" data-label=\"\u017b\u00f3\u0142te kartki\">1<\/td><\/tr><tr class=\"even\"><td class=\"data-rank\" data-label=\"#\">26<\/td><td class=\"data-name has-photo\" data-label=\"Zawodnik\"><a href=\"https:\/\/lfsportevents.pl\/ligaorlika2025\/player\/slawomir-mordarski-2\/\"><span class=\"player-photo\"><img width=\"96\" height=\"128\" src=\"https:\/\/lfsportevents.pl\/ligaorlika2025\/wp-content\/uploads\/2022\/04\/Slawomir-Mordarski-96x128.jpg\" class=\"attachment-sportspress-fit-icon size-sportspress-fit-icon wp-post-image\" alt=\"\" loading=\"lazy\" \/><\/span>S\u0142awomir Mordarski<\/a><\/td><td class=\"data-team\" data-label=\"Klub\"><a href=\"https:\/\/lfsportevents.pl\/ligaorlika2025\/team\/rejsy\/\">Rejs Nowy S\u0105cz<\/a><\/td><td class=\"data-yellowcards\" data-label=\"\u017b\u00f3\u0142te kartki\">1<\/td><\/tr><tr class=\"odd\"><td class=\"data-rank\" data-label=\"#\">27<\/td><td class=\"data-name\" data-label=\"Zawodnik\"><a href=\"https:\/\/lfsportevents.pl\/ligaorlika2025\/player\/krzysztof-twardowski-2\/\">Krzysztof Twardowski<\/a><\/td><td class=\"data-team\" data-label=\"Klub\"><a href=\"https:\/\/lfsportevents.pl\/ligaorlika2025\/team\/essa-x-greenpowerns\/\">Essa x Greenpowerns<\/a><\/td><td class=\"data-yellowcards\" data-label=\"\u017b\u00f3\u0142te kartki\">1<\/td><\/tr><tr class=\"even\"><td class=\"data-rank\" data-label=\"#\">28<\/td><td class=\"data-name has-photo\" data-label=\"Zawodnik\"><a href=\"https:\/\/lfsportevents.pl\/ligaorlika2025\/player\/adam-wysowski\/\"><span class=\"player-photo\"><img width=\"96\" height=\"128\" src=\"https:\/\/lfsportevents.pl\/ligaorlika2025\/wp-content\/uploads\/1970\/01\/Adam-Wysowski-96x128.jpg\" class=\"attachment-sportspress-fit-icon size-sportspress-fit-icon wp-post-image\" alt=\"\" loading=\"lazy\" \/><\/span>Adam Wysowski<\/a><\/td><td class=\"data-team\" data-label=\"Klub\"><a href=\"https:\/\/lfsportevents.pl\/ligaorlika2025\/team\/rejsy\/\">Rejs Nowy S\u0105cz<\/a><\/td><td class=\"data-yellowcards\" data-label=\"\u017b\u00f3\u0142te kartki\">1<\/td><\/tr><tr class=\"odd\"><td class=\"data-rank\" data-label=\"#\">29<\/td><td class=\"data-name has-photo\" data-label=\"Zawodnik\"><a href=\"https:\/\/lfsportevents.pl\/ligaorlika2025\/player\/konrad-drozdz-2\/\"><span class=\"player-photo\"><img width=\"96\" height=\"128\" src=\"https:\/\/lfsportevents.pl\/ligaorlika2025\/wp-content\/uploads\/1976\/01\/Konrad-Drozdz-96x128.jpg\" class=\"attachment-sportspress-fit-icon size-sportspress-fit-icon wp-post-image\" alt=\"\" loading=\"lazy\" \/><\/span>Konrad Dro\u017cd\u017c<\/a><\/td><td class=\"data-team\" data-label=\"Klub\"><a href=\"https:\/\/lfsportevents.pl\/ligaorlika2025\/team\/classic4you\/\">Classic4you<\/a><\/td><td class=\"data-yellowcards\" data-label=\"\u017b\u00f3\u0142te kartki\">1<\/td><\/tr><tr class=\"even\"><td class=\"data-rank\" data-label=\"#\">30<\/td><td class=\"data-name has-photo\" data-label=\"Zawodnik\"><a href=\"https:\/\/lfsportevents.pl\/ligaorlika2025\/player\/ruslan-olejnik\/\"><span class=\"player-photo\"><img width=\"96\" height=\"128\" src=\"https:\/\/lfsportevents.pl\/ligaorlika2025\/wp-content\/uploads\/1976\/01\/Ruslan-Olejnik-96x128.jpg\" class=\"attachment-sportspress-fit-icon size-sportspress-fit-icon wp-post-image\" alt=\"\" loading=\"lazy\" \/><\/span>Rus\u0142an Olejnik<\/a><\/td><td class=\"data-team\" data-label=\"Klub\"><a href=\"https:\/\/lfsportevents.pl\/ligaorlika2025\/team\/classic4you\/\">Classic4you<\/a><\/td><td class=\"data-yellowcards\" data-label=\"\u017b\u00f3\u0142te kartki\">1<\/td><\/tr><\/tbody><\/table><\/div><\/div><\/div>\n","protected":false},"excerpt":{"rendered":"","protected":false},"author":1,"featured_media":0,"parent":26060,"menu_order":0,"comment_status":"closed","ping_status":"closed","template":"","meta":[],"_links":{"self":[{"href":"https:\/\/lfsportevents.pl\/ligaorlika2025\/wp-json\/wp\/v2\/pages\/26070"}],"collection":[{"href":"https:\/\/lfsportevents.pl\/ligaorlika2025\/wp-json\/wp\/v2\/pages"}],"about":[{"href":"https:\/\/lfsportevents.pl\/ligaorlika2025\/wp-json\/wp\/v2\/types\/page"}],"author":[{"embeddable":true,"href":"https:\/\/lfsportevents.pl\/ligaorlika2025\/wp-json\/wp\/v2\/users\/1"}],"replies":[{"embeddable":true,"href":"https:\/\/lfsportevents.pl\/ligaorlika2025\/wp-json\/wp\/v2\/comments?post=26070"}],"version-history":[{"count":2,"href":"https:\/\/lfsportevents.pl\/ligaorlika2025\/wp-json\/wp\/v2\/pages\/26070\/revisions"}],"predecessor-version":[{"id":34781,"href":"https:\/\/lfsportevents.pl\/ligaorlika2025\/wp-json\/wp\/v2\/pages\/26070\/revisions\/34781"}],"up":[{"embeddable":true,"href":"https:\/\/lfsportevents.pl\/ligaorlika2025\/wp-json\/wp\/v2\/pages\/26060"}],"wp:attachment":[{"href":"https:\/\/lfsportevents.pl\/ligaorlika2025\/wp-json\/wp\/v2\/media?parent=26070"}],"curies":[{"name":"wp","href":"https:\/\/api.w.org\/{rel}","templated":true}]}}