{"id":25674,"date":"2021-08-31T15:37:01","date_gmt":"2021-08-31T13:37:01","guid":{"rendered":"https:\/\/lfsportevents.pl\/ligaorlika2025\/?page_id=25674"},"modified":"2025-06-03T14:29:37","modified_gmt":"2025-06-03T12:29:37","slug":"rekordy-pucharu-ligi","status":"publish","type":"page","link":"https:\/\/lfsportevents.pl\/ligaorlika2025\/rekordy-pucharu-ligi\/","title":{"rendered":"Rekordy Pucharu Ligi"},"content":{"rendered":"<header class=\"entry-header\">\n<h4 class=\"sp-table-caption\">NAJWY\u017bSZE zwyci\u0119stwa:<\/h4>\n<\/header>\n<div class=\"entry-content\">\n<div class=\"sportspress\">\n<div class=\"sp-template sp-template-event-list\">\n<div class=\"sp-table-wrapper\">\n<div class=\"dataTables_wrapper no-footer\">\n<div class=\"sp-scrollable-table-wrapper\">\n<div class=\"sp-scrollable-table-wrapper\">\n<table width=\"665\">\n<tbody>\n<tr>\n<td width=\"49\"><strong><span style=\"color: #993300;\">Lp.<\/span><\/strong><\/td>\n<td width=\"155\"><strong><span style=\"color: #993300;\">Data<\/span><\/strong><\/td>\n<td width=\"317\"><strong><span style=\"color: #993300;\">Mecz<\/span><\/strong><\/td>\n<td width=\"144\"><strong><span style=\"color: #993300;\">Wynik<\/span><\/strong><\/td>\n<\/tr>\n<tr>\n<td width=\"49\"><strong><span style=\"color: #993300;\">1.<\/span><\/strong><\/td>\n<td width=\"155\">7 czerwiec 2016<\/td>\n<td width=\"317\">Farbol &#8211; Kamex<\/td>\n<td width=\"144\">1:18 (0:5) + 17 goli<\/td>\n<\/tr>\n<tr>\n<td width=\"49\"><strong><span style=\"color: #993300;\">2.<\/span><\/strong><\/td>\n<td width=\"155\">7 wrzesie\u0144 2021<\/td>\n<td width=\"317\">Gold Team\/Meble Lorek &#8211; Clean Serwis<\/td>\n<td width=\"144\">16:0 (6:0) + 16 goli<\/td>\n<\/tr>\n<tr>\n<td width=\"49\"><strong><span style=\"color: #993300;\">3.<\/span><\/strong><\/td>\n<td width=\"155\">2 sierpie\u0144 2018<\/td>\n<td width=\"317\">Gad\u017cet Team &#8211; Batimowcy<\/td>\n<td width=\"144\">16:1 (6:1) + 15 goli<\/td>\n<\/tr>\n<tr>\n<td width=\"49\"><strong><span style=\"color: #993300;\">4.<\/span><\/strong><\/td>\n<td width=\"155\">7 wrzesie\u0144 2021<\/td>\n<td width=\"317\">Baz Pal &#8211; Maxfol<\/td>\n<td width=\"144\">14:0 (6:0) + 14 goli<\/td>\n<\/tr>\n<tr>\n<td width=\"49\"><strong><span style=\"color: #993300;\">5.<\/span><\/strong><\/td>\n<td width=\"155\">7 czerwiec 2016<\/td>\n<td width=\"317\">The Reds &#8211; Tradycja Fabryka Okien<\/td>\n<td width=\"144\">15:2 (5:1) + 13 goli<\/td>\n<\/tr>\n<tr>\n<td width=\"49\"><strong><span style=\"color: #993300;\">6.<\/span><\/strong><\/td>\n<td width=\"155\">18 czerwiec 2019<\/td>\n<td width=\"317\">Dom Weselny Sylwia &#8211; Clean Serwis<\/td>\n<td width=\"144\">14:1 (4:0) + 13 goli<\/td>\n<\/tr>\n<tr>\n<td width=\"49\"><strong><span style=\"color: #993300;\">7.<\/span><\/strong><\/td>\n<td width=\"155\">1 sierpie\u0144 2023<\/td>\n<td width=\"317\">Mak-Bud &#8211; Alex Zakliczyn<\/td>\n<td width=\"144\">17:4 (10:2) + 13 goli<\/td>\n<\/tr>\n<tr>\n<td width=\"49\"><strong><span style=\"color: #993300;\">8.<\/span><\/strong><\/td>\n<td width=\"155\">15 wrzesie\u0144 2021<\/td>\n<td width=\"317\">Bastek Garnitury &#8211; Maxfol<\/td>\n<td width=\"144\">14:2 (6:1) + 12 goli<\/td>\n<\/tr>\n<tr>\n<td width=\"49\"><strong><span style=\"color: #993300;\">9.<\/span><\/strong><\/td>\n<td width=\"155\">1 sierpie\u0144 2023<\/td>\n<td width=\"317\">Dom Weselny Sylwia &#8211; Honer<\/td>\n<td width=\"144\">16:4 (9:0) + 12 goli<\/td>\n<\/tr>\n<tr>\n<td width=\"49\"><strong><span style=\"color: #993300;\">10.<\/span><\/strong><\/td>\n<td width=\"155\">3 kwiecie\u0144 2024<\/td>\n<td width=\"317\">KS Podegrodzie : KNiZ<\/td>\n<td width=\"144\">13:1 (5:1) + 12 goli<\/td>\n<\/tr>\n<tr>\n<td width=\"49\"><strong><span style=\"color: #993300;\">11.<\/span><\/strong><\/td>\n<td width=\"155\">8 kwiecie\u0144 2025<\/td>\n<td width=\"317\">Prestige House &#8211; Koko Szanel<\/td>\n<td width=\"144\">12:0 (8:0) + 12 goli<\/td>\n<\/tr>\n<tr>\n<td width=\"49\"><strong><span style=\"color: #993300;\">12.<\/span><\/strong><\/td>\n<td width=\"155\">6 czerwiec 2023<\/td>\n<td width=\"317\">Gold Team\/Meble Lorek &#8211; Karpater<\/td>\n<td width=\"144\">13:2 (5:1) + 11 goli<\/td>\n<\/tr>\n<tr>\n<td width=\"49\"><strong><span style=\"color: #993300;\">13.<\/span><\/strong><\/td>\n<td width=\"155\">10 sierpie\u0144 2017<\/td>\n<td width=\"317\">Walczyk Optyk &#8211; Sony Centre<\/td>\n<td width=\"144\">1:11 (1:5) + 10 goli<\/td>\n<\/tr>\n<tr>\n<td width=\"49\"><strong><span style=\"color: #993300;\">14.<\/span><\/strong><\/td>\n<td width=\"155\">4 maj 2018<\/td>\n<td width=\"317\">Konspol Holding &#8211; Q-Graf\/Metalex<\/td>\n<td width=\"144\">1:11 (0:5) + 10 goli<\/td>\n<\/tr>\n<tr>\n<td width=\"49\"><strong><span style=\"color: #993300;\">15.<\/span><\/strong><\/td>\n<td width=\"155\">1 sierpie\u0144 2018<\/td>\n<td width=\"317\">Q-Graf\/Metalex &#8211; \u0141at-Kam<\/td>\n<td width=\"144\">13:3 (6:2) + 10 goli<\/td>\n<\/tr>\n<\/tbody>\n<\/table>\n<\/div>\n<\/div>\n<\/div>\n<\/div>\n<\/div>\n<div class=\"sportspress\">\n<div class=\"sp-template sp-template-event-list\">\n<h4 class=\"sp-table-caption\">NAJWY\u017bSZE REMISY:<\/h4>\n<div class=\"sp-table-wrapper\">\n<div class=\"dataTables_wrapper no-footer\">\n<div class=\"sp-scrollable-table-wrapper\">\n<div class=\"sp-scrollable-table-wrapper\">\n<table width=\"665\">\n<tbody>\n<tr>\n<td width=\"49\"><strong><span style=\"color: #993300;\">Lp.<\/span><\/strong><\/td>\n<td width=\"155\"><strong><span style=\"color: #993300;\">Data<\/span><\/strong><\/td>\n<td width=\"317\"><strong><span style=\"color: #993300;\">Mecz<\/span><\/strong><\/td>\n<td width=\"144\"><strong><span style=\"color: #993300;\">Wynik<\/span><\/strong><\/td>\n<\/tr>\n<tr>\n<td width=\"49\"><strong><span style=\"color: #993300;\">1.<\/span><\/strong><\/td>\n<td width=\"155\">2 wrzesie\u0144 2021<\/td>\n<td width=\"317\">MKM Izolacje The Reds &#8211; Stachbud Gostwica<\/td>\n<td width=\"144\">5:5 (2:3)<\/td>\n<\/tr>\n<tr>\n<td width=\"49\"><strong><span style=\"color: #993300;\">2.<\/span><\/strong><\/td>\n<td width=\"155\">16 sierpie\u0144 2017<\/td>\n<td width=\"317\">Sony Centre &#8211; Walczyk Optyk<\/td>\n<td width=\"144\">4:4 (2:2)<\/td>\n<\/tr>\n<tr>\n<td width=\"49\"><strong><span style=\"color: #993300;\">3.<\/span><\/strong><\/td>\n<td width=\"155\">19 wrzesie\u0144 2018<\/td>\n<td width=\"317\">Q-Graf\/Metalex &#8211; Dom Weselny Sylwia<\/td>\n<td width=\"144\">4:4 (3:1)<\/td>\n<\/tr>\n<tr>\n<td width=\"49\"><strong><span style=\"color: #993300;\">4.<\/span><\/strong><\/td>\n<td width=\"155\">7 czerwiec 2018<\/td>\n<td width=\"317\">\u0141at-Kam &#8211; Konspol Holding<\/td>\n<td width=\"144\">4:4 (1:2)<\/td>\n<\/tr>\n<tr>\n<td width=\"49\"><strong><span style=\"color: #993300;\">5.<\/span><\/strong><\/td>\n<td width=\"155\">30 lipiec 2019<\/td>\n<td width=\"317\">Bastek Garnitury &#8211; Firma Budowlana Wo\u017aniak<\/td>\n<td width=\"144\">4:4 (2:1)<\/td>\n<\/tr>\n<tr>\n<td width=\"49\"><strong><span style=\"color: #993300;\">6.<\/span><\/strong><\/td>\n<td width=\"155\">2 sierpie\u0144 2019<\/td>\n<td width=\"317\">Gold Team\/Meble Lorek &#8211; Stal-Bud Nawojowa<\/td>\n<td width=\"144\">4:4 (1:0)<\/td>\n<\/tr>\n<tr>\n<td width=\"49\"><strong><span style=\"color: #993300;\">7.<\/span><\/strong><\/td>\n<td width=\"155\">3 lipiec 2019<\/td>\n<td width=\"317\">S\u0105czersi &#8211; Bruk-Ogr\u00f3d-Nowak<\/td>\n<td width=\"144\">4:4 (2:0)<\/td>\n<\/tr>\n<tr>\n<td width=\"49\"><strong><span style=\"color: #993300;\">8.<\/span><\/strong><\/td>\n<td width=\"155\">2 wrzesie\u0144 2021<\/td>\n<td width=\"317\">Wi\u015bniowski &#8211; Dj NovoS Team<\/td>\n<td width=\"144\">4:4 (3:1)<\/td>\n<\/tr>\n<tr>\n<td width=\"49\"><strong><span style=\"color: #993300;\">9.<\/span><\/strong><\/td>\n<td width=\"155\">6 czerwiec 2023<\/td>\n<td width=\"317\">Mariposa Med-Spa &#8211; Stal-Bud Nawojowa<\/td>\n<td width=\"144\">4:4 (2:1)<\/td>\n<\/tr>\n<tr>\n<td width=\"49\"><strong><span style=\"color: #993300;\">10.<\/span><\/strong><\/td>\n<td width=\"155\">10 sierpie\u0144 2017<\/td>\n<td width=\"317\">Kaduk &#8211; Ibis Styles N.S.<\/td>\n<td width=\"144\">3:3 (0:2)<\/td>\n<\/tr>\n<tr>\n<td width=\"49\"><strong><span style=\"color: #993300;\">11.<\/span><\/strong><\/td>\n<td width=\"155\">8 sierpie\u0144 2017<\/td>\n<td width=\"317\">The Reds &#8211; Gad\u017cet Team<\/td>\n<td width=\"144\">3:3 (1:1)<\/td>\n<\/tr>\n<tr>\n<td width=\"49\"><strong><span style=\"color: #993300;\">12.<\/span><\/strong><\/td>\n<td width=\"155\">2 maj 2018<\/td>\n<td width=\"317\">Stal Bud Nawojowa &#8211; Ibis Styles N.S.<\/td>\n<td width=\"144\">3:3 (1:0)<\/td>\n<\/tr>\n<tr>\n<td width=\"49\"><strong><span style=\"color: #993300;\">13.<\/span><\/strong><\/td>\n<td width=\"155\">5 czerwiec 2018<\/td>\n<td width=\"317\">Greenpowerns &#8211; Dom Weselny Sylwia<\/td>\n<td width=\"144\">3:3 (0:3)<\/td>\n<\/tr>\n<tr>\n<td width=\"49\"><strong><span style=\"color: #993300;\">14.<\/span><\/strong><\/td>\n<td width=\"155\">22 wrzesie\u0144 2020<\/td>\n<td width=\"317\">Wi\u015bniowski &#8211; Gold Team\/Meble Lorek<\/td>\n<td width=\"144\">3:3 (3:1)<\/td>\n<\/tr>\n<tr>\n<td width=\"49\"><strong><span style=\"color: #993300;\">15.<\/span><\/strong><\/td>\n<td width=\"155\">11 lipiec 2020<\/td>\n<td width=\"317\">Pabud &#8211; Gad\u017cet Team<\/td>\n<td width=\"144\">3:3 (2:1)<\/td>\n<\/tr>\n<\/tbody>\n<\/table>\n<\/div>\n<\/div>\n<\/div>\n<\/div>\n<\/div>\n<\/div>\n<div class=\"sportspress\">\n<div class=\"sp-template sp-template-event-list\">\n<h4 class=\"sp-table-caption\">NAJWI\u0118CEJ ZDOBYTYCH BRAMEK W JEDNYM MECZU:<\/h4>\n<div class=\"sp-table-wrapper\">\n<div class=\"dataTables_wrapper no-footer\">\n<div class=\"sp-scrollable-table-wrapper\">\n<div class=\"sp-scrollable-table-wrapper\">\n<table width=\"665\">\n<tbody>\n<tr>\n<td width=\"49\"><strong><span style=\"color: #993300;\">Lp.<\/span><\/strong><\/td>\n<td width=\"155\"><strong><span style=\"color: #993300;\">Data<\/span><\/strong><\/td>\n<td width=\"317\"><strong><span style=\"color: #993300;\">Mecz<\/span><\/strong><\/td>\n<td width=\"144\"><strong><span style=\"color: #993300;\">Wynik<\/span><\/strong><\/td>\n<\/tr>\n<tr>\n<td width=\"49\"><strong><span style=\"color: #993300;\">1.<\/span><\/strong><\/td>\n<td width=\"155\">23 czerwiec 2016<\/td>\n<td width=\"317\">Galactik Football &#8211; Dream Team<\/td>\n<td width=\"144\">22 gole<\/td>\n<\/tr>\n<tr>\n<td width=\"49\"><strong><span style=\"color: #993300;\">2.<\/span><\/strong><\/td>\n<td width=\"155\">1 sierpie\u0144 2023<\/td>\n<td width=\"317\">Mak-Bud &#8211; Alex Zakliczyn<\/td>\n<td width=\"144\">21 goli<\/td>\n<\/tr>\n<tr>\n<td width=\"49\"><strong><span style=\"color: #993300;\">3.<\/span><\/strong><\/td>\n<td width=\"155\">1 sierpie\u0144 2023<\/td>\n<td width=\"317\">Dom Weselny Sylwia &#8211; Honer<\/td>\n<td width=\"144\">20 goli<\/td>\n<\/tr>\n<tr>\n<td width=\"49\"><strong><span style=\"color: #993300;\">4.<\/span><\/strong><\/td>\n<td width=\"155\">7 czerwiec 2016<\/td>\n<td width=\"317\">Farbol &#8211; Kamex<\/td>\n<td width=\"144\">19 goli<\/td>\n<\/tr>\n<tr>\n<td width=\"49\"><strong><span style=\"color: #993300;\">5.<\/span><\/strong><\/td>\n<td width=\"155\">14 kwiecie\u0144 2025<\/td>\n<td width=\"317\">DripShop &amp; Pakersi &#8211; Libella Truck FC<\/td>\n<td width=\"144\">19 goli<\/td>\n<\/tr>\n<tr>\n<td width=\"49\"><strong><span style=\"color: #993300;\">6.<\/span><\/strong><\/td>\n<td width=\"155\">7 czerwiec 2016<\/td>\n<td width=\"317\">The Reds &#8211; Tradycja Fabryka Okien<\/td>\n<td width=\"144\">17 goli<\/td>\n<\/tr>\n<tr>\n<td width=\"49\"><strong><span style=\"color: #993300;\">7.<\/span><\/strong><\/td>\n<td width=\"155\">2 sierpie\u0144 2018<\/td>\n<td width=\"317\">Gad\u017cet Team &#8211; Batimowcy<\/td>\n<td width=\"144\">17 goli<\/td>\n<\/tr>\n<tr>\n<td width=\"49\"><strong><span style=\"color: #993300;\">8.<\/span><\/strong><\/td>\n<td width=\"155\">16 kwiecie\u0144 2019<\/td>\n<td width=\"317\">Stal-Bud Nawojowa &#8211; Walczyk Optyk<\/td>\n<td width=\"144\">17 goli<\/td>\n<\/tr>\n<tr>\n<td width=\"49\"><strong><span style=\"color: #993300;\">9.<\/span><\/strong><\/td>\n<td width=\"155\">27 czerwiec 2020<\/td>\n<td width=\"317\">Greenpowerns &#8211; Olimp Team<\/td>\n<td width=\"144\">17 goli<\/td>\n<\/tr>\n<tr>\n<td width=\"49\"><strong><span style=\"color: #993300;\">10.<\/span><\/strong><\/td>\n<td width=\"155\">23 czerwiec 2016<\/td>\n<td width=\"317\">Euro Kryszta\u0142 &#8211; Millenium<\/td>\n<td width=\"144\">16 goli<\/td>\n<\/tr>\n<tr>\n<td width=\"49\"><strong><span style=\"color: #993300;\">11.<\/span><\/strong><\/td>\n<td width=\"155\">28 czerwiec 2016<\/td>\n<td width=\"317\">Handl Bet &#8211; No\u0142 Nejm<\/td>\n<td width=\"144\">16 goli<\/td>\n<\/tr>\n<tr>\n<td width=\"49\"><strong><span style=\"color: #993300;\">12.<\/span><\/strong><\/td>\n<td width=\"155\">1 sierpie\u0144 2018<\/td>\n<td width=\"317\">Q-Graf\/Metalex &#8211; \u0141at-Kam<\/td>\n<td width=\"144\">16 goli<\/td>\n<\/tr>\n<tr>\n<td width=\"49\"><strong><span style=\"color: #993300;\">13.<\/span><\/strong><\/td>\n<td width=\"155\">2 sierpie\u0144 2018<\/td>\n<td width=\"317\">Sandecja Old Boys &#8211; Baz Pal<\/td>\n<td width=\"144\">16 goli<\/td>\n<\/tr>\n<tr>\n<td width=\"49\"><strong><span style=\"color: #993300;\">14.<\/span><\/strong><\/td>\n<td width=\"155\">19 czerwiec 2019<\/td>\n<td width=\"317\">Wi\u015bniowski II &#8211; Bruk-Ogr\u00f3d-Nowak<\/td>\n<td width=\"144\">16 goli<\/td>\n<\/tr>\n<tr>\n<td width=\"49\"><strong><span style=\"color: #993300;\">15.<\/span><\/strong><\/td>\n<td width=\"155\">7 wrzesie\u0144 2021<\/td>\n<td width=\"317\">Gold Team\/Meble Lorek &#8211; Clean Serwis<\/td>\n<td width=\"144\">16 goli<\/td>\n<\/tr>\n<\/tbody>\n<\/table>\n<\/div>\n<\/div>\n<\/div>\n<\/div>\n<\/div>\n<\/div>\n<div class=\"sportspress\">\n<div class=\"sp-template sp-template-event-list\">\n<h4 class=\"sp-table-caption\">NAJWI\u0118CEJ ZDOBYTYCH BRAMEK JEDNEGO ZAWODNIKA W JEDNYM MECZU:<\/h4>\n<div class=\"sp-table-wrapper\">\n<div class=\"dataTables_wrapper no-footer\">\n<div class=\"sp-scrollable-table-wrapper\">\n<div class=\"sp-scrollable-table-wrapper\">\n<table width=\"665\">\n<tbody>\n<tr>\n<td width=\"49\"><strong><span style=\"color: #993300;\">Lp.<\/span><\/strong><\/td>\n<td width=\"155\"><strong><span style=\"color: #993300;\">Data<\/span><\/strong><\/td>\n<td width=\"317\"><strong><span style=\"color: #993300;\">Zawodnik<\/span><\/strong><\/td>\n<td width=\"144\"><strong><span style=\"color: #993300;\">Wynik<\/span><\/strong><\/td>\n<\/tr>\n<tr>\n<td width=\"49\"><strong><span style=\"color: #993300;\">1.<\/span><\/strong><\/td>\n<td width=\"155\">7 wrzesie\u0144 2021<\/td>\n<td width=\"317\">Mariusz Plata (Gold Team\/Meble Lorek)<\/td>\n<td width=\"144\">9 goli<\/td>\n<\/tr>\n<tr>\n<td width=\"49\"><strong><span style=\"color: #993300;\">2.<\/span><\/strong><\/td>\n<td width=\"155\">7 czerwiec 2016<\/td>\n<td width=\"317\">Piotr Nie\u0107 (Kamex)<\/td>\n<td width=\"144\">8 goli<\/td>\n<\/tr>\n<tr>\n<td width=\"49\"><strong><span style=\"color: #993300;\">3.<\/span><\/strong><\/td>\n<td width=\"155\">7 czerwiec 2016<\/td>\n<td width=\"317\">\u0141ukasz Kij (The Reds)<\/td>\n<td width=\"144\">7 goli<\/td>\n<\/tr>\n<tr>\n<td width=\"49\"><strong><span style=\"color: #993300;\">4.<\/span><\/strong><\/td>\n<td width=\"155\">2 sierpie\u0144 2018<\/td>\n<td width=\"317\">Krzysztof Jasiurkowski (Gad\u017cet Team)<\/td>\n<td width=\"144\">7 goli<\/td>\n<\/tr>\n<tr>\n<td width=\"49\"><strong><span style=\"color: #993300;\">5.<\/span><\/strong><\/td>\n<td width=\"155\">13 kwiecie\u0144 2023<\/td>\n<td width=\"317\">Wojciech Kalisz (Dom Weselny Sylwia)<\/td>\n<td width=\"144\">7 goli<\/td>\n<\/tr>\n<tr>\n<td width=\"49\"><strong><span style=\"color: #993300;\">6.<\/span><\/strong><\/td>\n<td width=\"155\">1 sierpie\u0144 2023<\/td>\n<td width=\"317\">Kacper Chru\u015blicki (Mak-Bud)<\/td>\n<td width=\"144\">7 goli<\/td>\n<\/tr>\n<tr>\n<td width=\"49\"><strong><span style=\"color: #993300;\">7.<\/span><\/strong><\/td>\n<td width=\"155\">3 sierpie\u0144 2023<\/td>\n<td width=\"317\">Marcin Hajduk (Prestige House)<\/td>\n<td width=\"144\">7 goli<\/td>\n<\/tr>\n<tr>\n<td width=\"49\"><strong><span style=\"color: #993300;\">8.<\/span><\/strong><\/td>\n<td width=\"155\">5 lipiec 2016<\/td>\n<td width=\"317\">Przemys\u0142aw Gr\u0119bski (Handl Bet)<\/td>\n<td width=\"144\">6 goli<\/td>\n<\/tr>\n<tr>\n<td width=\"49\"><strong><span style=\"color: #993300;\">9.<\/span><\/strong><\/td>\n<td width=\"155\">2 sierpie\u0144 2018<\/td>\n<td width=\"317\">Dawid Mirek (Gad\u017cet Team)<\/td>\n<td width=\"144\">6 goli<\/td>\n<\/tr>\n<tr>\n<td width=\"49\"><strong><span style=\"color: #993300;\">10.<\/span><\/strong><\/td>\n<td width=\"155\">11 lipiec 2020<\/td>\n<td width=\"317\">Kamil Kuziel (Olimp Team)<\/td>\n<td width=\"144\">6 goli<\/td>\n<\/tr>\n<tr>\n<td width=\"49\"><strong><span style=\"color: #993300;\">11.<\/span><\/strong><\/td>\n<td width=\"155\">6 kwiecie\u0144 2022<\/td>\n<td width=\"317\">Adrian Jawor (S\u0105czersi)<\/td>\n<td width=\"144\">6 goli<\/td>\n<\/tr>\n<tr>\n<td width=\"49\"><strong><span style=\"color: #993300;\">12.<\/span><\/strong><\/td>\n<td width=\"155\">6 kwiecie\u0144 2022<\/td>\n<td width=\"317\">Rafa\u0142 Sta\u0144czak (Baz Pal)<\/td>\n<td width=\"144\">6 goli<\/td>\n<\/tr>\n<tr>\n<td width=\"49\"><strong><span style=\"color: #993300;\">13.<\/span><\/strong><\/td>\n<td width=\"155\">13 kwiecie\u0144 2022<\/td>\n<td width=\"317\">Adrian Jawor (S\u0105czersi)<\/td>\n<td width=\"144\">6 goli<\/td>\n<\/tr>\n<tr>\n<td width=\"49\"><strong><span style=\"color: #993300;\">14.<\/span><\/strong><\/td>\n<td width=\"155\">18 kwiecie\u0144 2024<\/td>\n<td width=\"317\">Dawid G\u00f3rka (Galacticos Team)<\/td>\n<td width=\"144\">6 goli<\/td>\n<\/tr>\n<tr>\n<td width=\"49\"><strong><span style=\"color: #993300;\">15.<\/span><\/strong><\/td>\n<td width=\"155\">23 czerwiec 2016<\/td>\n<td width=\"317\">Pawe\u0142 Lompart (Euro Kryszta\u0142)<\/td>\n<td width=\"144\">5 goli<\/td>\n<\/tr>\n<\/tbody>\n<\/table>\n<\/div>\n<\/div>\n<\/div>\n<\/div>\n<\/div>\n<\/div>\n<div class=\"sportspress\">\n<div class=\"sp-template sp-template-event-list\">\n<h4 class=\"sp-table-caption\">NAJWI\u0118CEJ ZDOBYTYCH ASYST JEDNEGO ZAWODNIKA W JEDNYM MECZU:<\/h4>\n<div class=\"sp-table-wrapper\">\n<div class=\"dataTables_wrapper no-footer\">\n<div class=\"sp-scrollable-table-wrapper\">\n<div class=\"sp-scrollable-table-wrapper\">\n<table width=\"665\">\n<tbody>\n<tr>\n<td width=\"49\"><strong><span style=\"color: #993300;\">Lp.<\/span><\/strong><\/td>\n<td width=\"155\"><strong><span style=\"color: #993300;\">Data<\/span><\/strong><\/td>\n<td width=\"317\"><span style=\"color: #993300;\"><b>Zawodnik<\/b><\/span><\/td>\n<td width=\"144\"><strong><span style=\"color: #993300;\">Wynik<\/span><\/strong><\/td>\n<\/tr>\n<tr>\n<td width=\"49\"><strong><span style=\"color: #993300;\">1.<\/span><\/strong><\/td>\n<td width=\"155\">1 sierpie\u0144 2023<\/td>\n<td width=\"317\">Mariusz Merklinger (Dom Weselny Sylwia)<\/td>\n<td width=\"144\">8 asyst<\/td>\n<\/tr>\n<tr>\n<td width=\"49\"><strong><span style=\"color: #993300;\">2.<\/span><\/strong><\/td>\n<td width=\"155\">4 maj 2018<\/td>\n<td width=\"317\">Adam Tumidaj (Notus Finanse)<\/td>\n<td width=\"144\">6 asyst<\/td>\n<\/tr>\n<tr>\n<td width=\"49\"><strong><span style=\"color: #993300;\">3.<\/span><\/strong><\/td>\n<td width=\"155\">2 sierpie\u0144 2018<\/td>\n<td width=\"317\">Krzysztof Jasiurkowski (Gad\u017cet Team)<\/td>\n<td width=\"144\">6 asyst<\/td>\n<\/tr>\n<tr>\n<td width=\"49\"><strong><span style=\"color: #993300;\">4.<\/span><\/strong><\/td>\n<td width=\"155\">6 kwiecie\u0144 2022<\/td>\n<td width=\"317\">Jakub Gri\u0144ski (Tylicz.Ski)<\/td>\n<td width=\"144\">6 asyst<\/td>\n<\/tr>\n<tr>\n<td width=\"49\"><strong><span style=\"color: #993300;\">5.<\/span><\/strong><\/td>\n<td width=\"155\">1 sierpie\u0144 2023<\/td>\n<td width=\"317\">\u0141ukasz Kruczek (Mak-Bud)<\/td>\n<td width=\"144\">6 asyst<\/td>\n<\/tr>\n<tr>\n<td width=\"49\"><strong><span style=\"color: #993300;\">6.<\/span><\/strong><\/td>\n<td width=\"155\">11 lipiec 2020<\/td>\n<td width=\"317\">Wiktor Weber (Olimp Team)<\/td>\n<td width=\"144\">5 asyst<\/td>\n<\/tr>\n<tr>\n<td width=\"49\"><strong><span style=\"color: #993300;\">7.<\/span><\/strong><\/td>\n<td width=\"155\">6 wrzesie\u0144 2021<\/td>\n<td width=\"317\">Marcin Plata (Dom Weselny Sylwia)<\/td>\n<td width=\"144\">5 asyst<\/td>\n<\/tr>\n<tr>\n<td width=\"49\"><strong><span style=\"color: #993300;\">8.<\/span><\/strong><\/td>\n<td width=\"155\">7 wrzesie\u0144 2021<\/td>\n<td width=\"317\">Jakub Kostrzewa (Gold Team\/Meble Lorek)<\/td>\n<td width=\"144\">5 asyst<\/td>\n<\/tr>\n<tr>\n<td width=\"49\"><strong><span style=\"color: #993300;\">9.<\/span><\/strong><\/td>\n<td width=\"155\">15 wrzesie\u0144 2021<\/td>\n<td width=\"317\">Andrzej Mateja (Batimowcy)<\/td>\n<td width=\"144\">5 asyst<\/td>\n<\/tr>\n<tr>\n<td width=\"49\"><strong><span style=\"color: #993300;\">10.<\/span><\/strong><\/td>\n<td width=\"155\">17 kwiecie\u0144 2024<\/td>\n<td width=\"317\">Maciej Hedwig (Prestige House)<\/td>\n<td width=\"144\">5 asyst<\/td>\n<\/tr>\n<tr>\n<td width=\"49\"><strong><span style=\"color: #993300;\">11.<\/span><\/strong><\/td>\n<td width=\"155\">18 kwiecie\u0144 2024<\/td>\n<td width=\"317\">Mariusz Mirek (Galacticos Team)<\/td>\n<td width=\"144\">5 asyst<\/td>\n<\/tr>\n<tr>\n<td width=\"49\"><strong><span style=\"color: #993300;\">12.<\/span><\/strong><\/td>\n<td width=\"155\">4 czerwiec 2018<\/td>\n<td width=\"317\">Arkadiusz Aleksander (Sandecja Old Boys)<\/td>\n<td width=\"144\">4 asysty<\/td>\n<\/tr>\n<tr>\n<td width=\"49\"><strong><span style=\"color: #993300;\">13.<\/span><\/strong><\/td>\n<td width=\"155\">7 czerwiec 2016<\/td>\n<td width=\"317\">Igor Kalinowski (The Reds)<\/td>\n<td width=\"144\">4 asysty<\/td>\n<\/tr>\n<tr>\n<td width=\"49\"><strong><span style=\"color: #993300;\">14.<\/span><\/strong><\/td>\n<td width=\"155\">7 czerwiec 2016<\/td>\n<td width=\"317\">\u0141ukasz Kij (The Reds)<\/td>\n<td width=\"144\">4 asysty<\/td>\n<\/tr>\n<tr>\n<td width=\"49\"><strong><span style=\"color: #993300;\">15.<\/span><\/strong><\/td>\n<td width=\"155\">7 czerwiec 2016<\/td>\n<td width=\"317\">Tomasz Owsianka (Kamex)<\/td>\n<td width=\"144\">4 asysty<\/td>\n<\/tr>\n<\/tbody>\n<\/table>\n<p>&nbsp;<\/p>\n<\/div>\n<\/div>\n<\/div>\n<\/div>\n<\/div>\n<\/div>\n<\/div>\n<\/div>\n","protected":false},"excerpt":{"rendered":"<p>NAJWY\u017bSZE zwyci\u0119stwa: Lp. Data Mecz Wynik 1. 7 czerwiec 2016 Farbol &#8211; Kamex 1:18 (0:5) + 17 goli 2. 7 wrzesie\u0144 2021 Gold Team\/Meble Lorek &#8211; Clean Serwis 16:0 (6:0) + 16 goli 3. 2 sierpie\u0144 2018 Gad\u017cet Team &#8211; Batimowcy 16:1 (6:1) + 15 goli 4. 7 wrzesie\u0144 2021 Baz Pal &#8211; Maxfol 14:0 [&hellip;]<\/p>\n","protected":false},"author":1,"featured_media":0,"parent":0,"menu_order":0,"comment_status":"closed","ping_status":"closed","template":"","meta":[],"_links":{"self":[{"href":"https:\/\/lfsportevents.pl\/ligaorlika2025\/wp-json\/wp\/v2\/pages\/25674"}],"collection":[{"href":"https:\/\/lfsportevents.pl\/ligaorlika2025\/wp-json\/wp\/v2\/pages"}],"about":[{"href":"https:\/\/lfsportevents.pl\/ligaorlika2025\/wp-json\/wp\/v2\/types\/page"}],"author":[{"embeddable":true,"href":"https:\/\/lfsportevents.pl\/ligaorlika2025\/wp-json\/wp\/v2\/users\/1"}],"replies":[{"embeddable":true,"href":"https:\/\/lfsportevents.pl\/ligaorlika2025\/wp-json\/wp\/v2\/comments?post=25674"}],"version-history":[{"count":2,"href":"https:\/\/lfsportevents.pl\/ligaorlika2025\/wp-json\/wp\/v2\/pages\/25674\/revisions"}],"predecessor-version":[{"id":35608,"href":"https:\/\/lfsportevents.pl\/ligaorlika2025\/wp-json\/wp\/v2\/pages\/25674\/revisions\/35608"}],"wp:attachment":[{"href":"https:\/\/lfsportevents.pl\/ligaorlika2025\/wp-json\/wp\/v2\/media?parent=25674"}],"curies":[{"name":"wp","href":"https:\/\/api.w.org\/{rel}","templated":true}]}}