{"id":25204,"date":"2021-07-23T14:36:12","date_gmt":"2021-07-23T12:36:12","guid":{"rendered":"https:\/\/lfsportevents.pl\/ligaorlika2025\/?page_id=25204"},"modified":"2025-06-27T00:58:48","modified_gmt":"2025-06-26T22:58:48","slug":"rekordy-ekstraklasy","status":"publish","type":"page","link":"https:\/\/lfsportevents.pl\/ligaorlika2025\/rekordy-ekstraklasy\/","title":{"rendered":"Rekordy Ekstraklasy"},"content":{"rendered":"<header class=\"entry-header\">\n<h4 class=\"sp-table-caption\">NAJWY\u017bSZE zwyci\u0119stwa:<\/h4>\n<\/header>\n<div class=\"entry-content\">\n<div class=\"sportspress\">\n<div class=\"sp-template sp-template-event-list\">\n<div class=\"sp-table-wrapper\">\n<div class=\"dataTables_wrapper no-footer\">\n<div class=\"sp-scrollable-table-wrapper\">\n<div class=\"sp-scrollable-table-wrapper\">\n<table width=\"665\">\n<tbody>\n<tr>\n<td width=\"49\"><strong><span style=\"color: #993300;\">Lp.<\/span><\/strong><\/td>\n<td width=\"155\"><strong><span style=\"color: #993300;\">Data<\/span><\/strong><\/td>\n<td width=\"317\"><strong><span style=\"color: #993300;\">Mecz<\/span><\/strong><\/td>\n<td width=\"144\"><strong><span style=\"color: #993300;\">Wynik<\/span><\/strong><\/td>\n<\/tr>\n<tr>\n<td width=\"49\"><strong><span style=\"color: #993300;\">1.<\/span><\/strong><\/td>\n<td width=\"155\">27 maj 2016<\/td>\n<td width=\"317\">Poprad Team &#8211; Galactik Footbal<\/td>\n<td width=\"144\">2:24 (0:12) + 22 gole<\/td>\n<\/tr>\n<tr>\n<td width=\"49\"><strong><span style=\"color: #993300;\">2.<\/span><\/strong><\/td>\n<td width=\"155\">24 listopad 2016<\/td>\n<td width=\"317\">Galactik Footbal &#8211; Tradycja Fabryka Okien<\/td>\n<td width=\"144\">19:2 (6:1) + 17 goli<\/td>\n<\/tr>\n<tr>\n<td width=\"49\"><strong><span style=\"color: #993300;\">3.<\/span><\/strong><\/td>\n<td width=\"155\">27 maj 2016<\/td>\n<td width=\"317\">Gold Team &#8211; Tradycja Fabryka Okien<\/td>\n<td width=\"144\">17:2 (6:1) + 15 goli<\/td>\n<\/tr>\n<tr>\n<td width=\"49\"><strong><span style=\"color: #993300;\">4.<\/span><\/strong><\/td>\n<td width=\"155\">14 maj 2019<\/td>\n<td width=\"317\">Dom Weselny Sylwia &#8211; Stal-Bud Nawojowa<\/td>\n<td width=\"144\">16:1 (7:0) + 15 goli<\/td>\n<\/tr>\n<tr>\n<td width=\"49\"><strong><span style=\"color: #993300;\">5.<\/span><\/strong><\/td>\n<td width=\"155\">26 czerwiec 2025<\/td>\n<td width=\"317\">Prestige House &#8211; KS Podegrodzie<\/td>\n<td width=\"144\">16:1 (6:0) + 15 goli<\/td>\n<\/tr>\n<tr>\n<td width=\"49\"><strong><span style=\"color: #993300;\">6.<\/span><\/strong><\/td>\n<td width=\"155\">14 czerwiec 2017<\/td>\n<td width=\"317\">KS Krogulec &#8211; Q-Graf\/Metalex<\/td>\n<td width=\"144\">5:19 (2:10) + 14 goli<\/td>\n<\/tr>\n<tr>\n<td width=\"49\"><strong><span style=\"color: #993300;\">7.<\/span><\/strong><\/td>\n<td width=\"155\">24 maj 2017<\/td>\n<td width=\"317\">Q-Graf\/Metalex &#8211; Ibis Styles N.S.<\/td>\n<td width=\"144\">16:2 (9:1) + 14 goli<\/td>\n<\/tr>\n<tr>\n<td width=\"49\"><strong><span style=\"color: #993300;\">8.<\/span><\/strong><\/td>\n<td width=\"155\">5 czerwiec 2025<\/td>\n<td width=\"317\">Bastek Garnitury &#8211; KS Podegrodzie<\/td>\n<td width=\"144\">15:1 (5:1) + 14 goli<\/td>\n<\/tr>\n<tr>\n<td width=\"49\"><strong><span style=\"color: #993300;\">9.<\/span><\/strong><\/td>\n<td width=\"155\">21 czerwiec 2016<\/td>\n<td width=\"317\">Gold Team\/Meble Lorek &#8211; Euro Kryszta\u0142<\/td>\n<td width=\"144\">12:0 (9:0) + 12 goli<\/td>\n<\/tr>\n<tr>\n<td width=\"49\"><strong><span style=\"color: #993300;\">10.<\/span><\/strong><\/td>\n<td width=\"155\">15 czerwiec 2022<\/td>\n<td width=\"317\">Dom Weselny Sylwia &#8211; S\u0105czersi<\/td>\n<td width=\"144\">16:4 (5:1) + 12 goli<\/td>\n<\/tr>\n<tr>\n<td width=\"49\"><strong><span style=\"color: #993300;\">11.<\/span><\/strong><\/td>\n<td width=\"155\">15 wrzesie\u0144 2022<\/td>\n<td width=\"317\">Bastek Garnitury &#8211; Wi\u015bniowski<\/td>\n<td width=\"144\">12:0 (6:0) + 12 goli<\/td>\n<\/tr>\n<tr>\n<td width=\"49\"><strong><span style=\"color: #993300;\">12.<\/span><\/strong><\/td>\n<td width=\"155\">21 czerwiec 2016<\/td>\n<td width=\"317\">Gold Team\/Meble Lorek &#8211; Kamex<\/td>\n<td width=\"144\">14:3 (7:2) + 11 goli<\/td>\n<\/tr>\n<tr>\n<td width=\"49\"><strong><span style=\"color: #993300;\">13.<\/span><\/strong><\/td>\n<td width=\"155\">11 sierpie\u0144 2022<\/td>\n<td width=\"317\">Dom Weselny Sylwia &#8211; Tylicz.Ski<\/td>\n<td width=\"144\">12:1 (8:0) + 11 goli<\/td>\n<\/tr>\n<tr>\n<td width=\"49\"><strong><span style=\"color: #993300;\">14.<\/span><\/strong><\/td>\n<td width=\"155\">14 kwiecie\u0144 2016<\/td>\n<td width=\"317\">Millenium &#8211; Kamex<\/td>\n<td width=\"144\">3:13 (2:4) + 10 goli<\/td>\n<\/tr>\n<tr>\n<td width=\"49\"><strong><span style=\"color: #993300;\">15.<\/span><\/strong><\/td>\n<td width=\"155\">13 czerwiec 2017<\/td>\n<td width=\"317\">Ibis Styles N.S. &#8211; Wi\u015bniowski<\/td>\n<td width=\"144\">5:15 (4:6) + 10 goli<\/td>\n<\/tr>\n<\/tbody>\n<\/table>\n<\/div>\n<\/div>\n<\/div>\n<\/div>\n<\/div>\n<div class=\"sportspress\">\n<div class=\"sp-template sp-template-event-list\">\n<h4 class=\"sp-table-caption\">NAJWY\u017bSZE REMISY:<\/h4>\n<div class=\"sp-table-wrapper\">\n<div class=\"dataTables_wrapper no-footer\">\n<div class=\"sp-scrollable-table-wrapper\">\n<div class=\"sp-scrollable-table-wrapper\">\n<table width=\"665\">\n<tbody>\n<tr>\n<td width=\"49\"><strong><span style=\"color: #993300;\">Lp.<\/span><\/strong><\/td>\n<td width=\"155\"><strong><span style=\"color: #993300;\">Data<\/span><\/strong><\/td>\n<td width=\"317\"><strong><span style=\"color: #993300;\">Mecz<\/span><\/strong><\/td>\n<td width=\"144\"><strong><span style=\"color: #993300;\">Wynik<\/span><\/strong><\/td>\n<\/tr>\n<tr>\n<td width=\"49\"><strong><span style=\"color: #993300;\">1.<\/span><\/strong><\/td>\n<td width=\"155\">29 czerwiec 2017<\/td>\n<td width=\"317\">Dom Kredytowy Notus &#8211; Kamex<\/td>\n<td width=\"144\">8:8 (5:4)<\/td>\n<\/tr>\n<tr>\n<td width=\"49\"><strong><span style=\"color: #993300;\">2.<\/span><\/strong><\/td>\n<td width=\"155\">26 czerwiec 2018<\/td>\n<td width=\"317\">Notus Finanse &#8211; Baz Pal<\/td>\n<td width=\"144\">8:8 (4:3)<\/td>\n<\/tr>\n<tr>\n<td width=\"49\"><strong><span style=\"color: #993300;\">3.<\/span><\/strong><\/td>\n<td width=\"155\">21 lipiec 2020<\/td>\n<td width=\"317\">BDM Finanse Group &#8211; Firma Budowlana Wo\u017aniak<\/td>\n<td width=\"144\">8:8 (3:3)<\/td>\n<\/tr>\n<tr>\n<td width=\"49\"><strong><span style=\"color: #993300;\">4.<\/span><\/strong><\/td>\n<td width=\"155\">06 sierpie\u0144 2019<\/td>\n<td width=\"317\">Wi\u015bniowski &#8211; Baz Pal<\/td>\n<td width=\"144\">7:7 (4:2)<\/td>\n<\/tr>\n<tr>\n<td width=\"49\"><strong><span style=\"color: #993300;\">5.<\/span><\/strong><\/td>\n<td width=\"155\">09 czerwiec 2016<\/td>\n<td width=\"317\">Kamex &#8211; KS Krogulec<\/td>\n<td width=\"144\">6:6 (3:1)<\/td>\n<\/tr>\n<tr>\n<td width=\"49\"><strong><span style=\"color: #993300;\">6.<\/span><\/strong><\/td>\n<td width=\"155\">14 czerwiec 2016<\/td>\n<td width=\"317\">Dream Team Podegrodzie &#8211; Galactik Football<\/td>\n<td width=\"144\">6:6 (3:1)<\/td>\n<\/tr>\n<tr>\n<td width=\"49\"><strong><span style=\"color: #993300;\">7.<\/span><\/strong><\/td>\n<td width=\"155\">31 sierpie\u0144 2023<\/td>\n<td width=\"317\">Bastek Garnitury &#8211; Sandecja Old Boys<\/td>\n<td width=\"144\">6:6 (3:2)<\/td>\n<\/tr>\n<tr>\n<td width=\"49\"><strong><span style=\"color: #993300;\">8.<\/span><\/strong><\/td>\n<td width=\"155\">24 kwiecie\u0144 2018<\/td>\n<td width=\"317\">Dom Weselny Sylwia &#8211; Wi\u015bniowski<\/td>\n<td width=\"144\">5:5 (3:2)<\/td>\n<\/tr>\n<tr>\n<td width=\"49\"><strong><span style=\"color: #993300;\">9.<\/span><\/strong><\/td>\n<td width=\"155\">29 maj 2018<\/td>\n<td width=\"317\">Baz Pal &#8211; Ibis Styles N.S.<\/td>\n<td width=\"144\">5:5 (4:3)<\/td>\n<\/tr>\n<tr>\n<td width=\"49\"><strong><span style=\"color: #993300;\">10.<\/span><\/strong><\/td>\n<td width=\"155\">04 czerwiec 2019<\/td>\n<td width=\"317\">Ibis Styles.N.S &#8211; Gold Team\/Meble Lorek<\/td>\n<td width=\"144\">5:5 (2:3)<\/td>\n<\/tr>\n<tr>\n<td width=\"49\"><strong><span style=\"color: #993300;\">11.<\/span><\/strong><\/td>\n<td width=\"155\">12 czerwiec 2018<\/td>\n<td width=\"317\">Optimedic\/Carforum &#8211; Ibis Styles N.S.<\/td>\n<td width=\"144\">4:4 (3:2)<\/td>\n<\/tr>\n<tr>\n<td width=\"49\"><strong><span style=\"color: #993300;\">12.<\/span><\/strong><\/td>\n<td width=\"155\">20 maj 2021<\/td>\n<td width=\"317\">Walczyk Optyk &#8211; Gad\u017cet Team<\/td>\n<td width=\"144\">4:4 (3:3)<\/td>\n<\/tr>\n<tr>\n<td width=\"49\"><strong><span style=\"color: #993300;\">13.<\/span><\/strong><\/td>\n<td width=\"155\">15 lipiec 2021<\/td>\n<td width=\"317\">Gold Team\/Meble Lorek &#8211; Sebbet Kostka Brukowa<\/td>\n<td width=\"144\">4:4 (2:1)<\/td>\n<\/tr>\n<tr>\n<td width=\"49\"><strong><span style=\"color: #993300;\">14.<\/span><\/strong><\/td>\n<td width=\"155\">2 czerwiec 2022<\/td>\n<td width=\"317\">Wi\u015bniowski &#8211; Sandecja Old Boys<\/td>\n<td width=\"144\">4:4 (2:3)<\/td>\n<\/tr>\n<tr>\n<td width=\"49\"><strong><span style=\"color: #993300;\">15.<\/span><\/strong><\/td>\n<td width=\"155\">25 maj 2023<\/td>\n<td width=\"317\">Dom Weselny Sylwia &#8211; S\u0105czersi)<\/td>\n<td width=\"144\">4:4 (2:2)<\/td>\n<\/tr>\n<\/tbody>\n<\/table>\n<\/div>\n<\/div>\n<\/div>\n<\/div>\n<\/div>\n<\/div>\n<div class=\"sportspress\">\n<div class=\"sp-template sp-template-event-list\">\n<h4 class=\"sp-table-caption\">NAJWI\u0118CEJ ZDOBYTYCH BRAMEK W JEDNYM MECZU:<\/h4>\n<div class=\"sp-table-wrapper\">\n<div class=\"dataTables_wrapper no-footer\">\n<div class=\"sp-scrollable-table-wrapper\">\n<div class=\"sp-scrollable-table-wrapper\">\n<table width=\"665\">\n<tbody>\n<tr>\n<td width=\"49\"><strong><span style=\"color: #993300;\">Lp.<\/span><\/strong><\/td>\n<td width=\"155\"><strong><span style=\"color: #993300;\">Data<\/span><\/strong><\/td>\n<td width=\"317\"><strong><span style=\"color: #993300;\">Mecz<\/span><\/strong><\/td>\n<td width=\"144\"><strong><span style=\"color: #993300;\">Wynik<\/span><\/strong><\/td>\n<\/tr>\n<tr>\n<td width=\"49\"><strong><span style=\"color: #993300;\">1.<\/span><\/strong><\/td>\n<td width=\"155\">27 maj 2016<\/td>\n<td width=\"317\">Poprad Team &#8211; Galactik Football<\/td>\n<td width=\"144\">26 goli<\/td>\n<\/tr>\n<tr>\n<td width=\"49\"><strong><span style=\"color: #993300;\">2.<\/span><\/strong><\/td>\n<td width=\"155\">14 czerwiec 2017<\/td>\n<td width=\"317\">KS Krogulec &#8211; Q-Graf<\/td>\n<td width=\"144\">24 gole<\/td>\n<\/tr>\n<tr>\n<td width=\"49\"><strong><span style=\"color: #993300;\">3.<\/span><\/strong><\/td>\n<td width=\"155\">24 maj 2016<\/td>\n<td width=\"317\">No\u0142 Nejm &#8211; Dream Team Podegrodzie<\/td>\n<td width=\"144\">21 goli<\/td>\n<\/tr>\n<tr>\n<td width=\"49\"><strong><span style=\"color: #993300;\">4.<\/span><\/strong><\/td>\n<td width=\"155\">05 maj 2016<\/td>\n<td width=\"317\">Galactik Football &#8211; Tradycja Fabryka Okien<\/td>\n<td width=\"144\">21 goli<\/td>\n<\/tr>\n<tr>\n<td width=\"49\"><strong><span style=\"color: #993300;\">5.<\/span><\/strong><\/td>\n<td width=\"155\">13 czerwiec 2017<\/td>\n<td width=\"317\">Ibis Styles N.S. &#8211; Wi\u015bniowski<\/td>\n<td width=\"144\">20 goli<\/td>\n<\/tr>\n<tr>\n<td width=\"49\"><strong><span style=\"color: #993300;\">6.<\/span><\/strong><\/td>\n<td width=\"155\">15 czerwiec 2022<\/td>\n<td width=\"317\">Dom Weselny Sylwia &#8211; S\u0105czersi<\/td>\n<td width=\"144\">20 goli<\/td>\n<\/tr>\n<tr>\n<td width=\"49\"><strong><span style=\"color: #993300;\">7.<\/span><\/strong><\/td>\n<td width=\"155\">12 maj 2016<\/td>\n<td width=\"317\">Gold Team &#8211; Millenium<\/td>\n<td width=\"144\">19 goli<\/td>\n<\/tr>\n<tr>\n<td width=\"49\"><strong><span style=\"color: #993300;\">8.<\/span><\/strong><\/td>\n<td width=\"155\">27 maj 2016<\/td>\n<td width=\"317\">Gold Team\/Meble Lorek &#8211; Tradycja Fabryka Okien<\/td>\n<td width=\"144\">19 goli<\/td>\n<\/tr>\n<tr>\n<td width=\"49\"><strong><span style=\"color: #993300;\">9.<\/span><\/strong><\/td>\n<td width=\"155\">5 maj 2016<\/td>\n<td width=\"317\">Farbol &#8211; Millenium<\/td>\n<td width=\"144\">18 goli<\/td>\n<\/tr>\n<tr>\n<td width=\"49\"><strong><span style=\"color: #993300;\">10.<\/span><\/strong><\/td>\n<td width=\"155\">16 maj 2017<\/td>\n<td width=\"317\">Baz Pal &#8211; Wi\u015bniowski<\/td>\n<td width=\"144\">18 goli<\/td>\n<\/tr>\n<tr>\n<td width=\"49\"><strong><span style=\"color: #993300;\">11.<\/span><\/strong><\/td>\n<td width=\"155\">24 maj 2017<\/td>\n<td width=\"317\">Ibis Styles N.S. &#8211; Q0Graf\/Metalex<\/td>\n<td width=\"144\">18 goli<\/td>\n<\/tr>\n<tr>\n<td width=\"49\"><strong><span style=\"color: #993300;\">12.<\/span><\/strong><\/td>\n<td width=\"155\">21 czerwiec 2017<\/td>\n<td width=\"317\">Gold Team\/Meble Lorek &#8211; Kamex<\/td>\n<td width=\"144\">17 goli<\/td>\n<\/tr>\n<tr>\n<td width=\"49\"><strong><span style=\"color: #993300;\">13.<\/span><\/strong><\/td>\n<td width=\"155\">14 maj 2019<\/td>\n<td width=\"317\">Dom Weselny Sylwia &#8211; Stal-Bud Nawojowa<\/td>\n<td width=\"144\">17 goli<\/td>\n<\/tr>\n<tr>\n<td width=\"49\"><strong><span style=\"color: #993300;\">14.<\/span><\/strong><\/td>\n<td width=\"155\">26 czerwiec 2025<\/td>\n<td width=\"317\">Prestige House &#8211; KS Podegrodzie<\/td>\n<td width=\"144\">17 goli<\/td>\n<\/tr>\n<tr>\n<td width=\"49\"><strong><span style=\"color: #993300;\">15.<\/span><\/strong><\/td>\n<td width=\"155\">12 maj 2016<\/td>\n<td width=\"317\">Euro Kryszta\u0142 &#8211; Galactik Football<\/td>\n<td width=\"144\">16 goli<\/td>\n<\/tr>\n<\/tbody>\n<\/table>\n<\/div>\n<\/div>\n<\/div>\n<\/div>\n<\/div>\n<\/div>\n<div class=\"sportspress\">\n<div class=\"sp-template sp-template-event-list\">\n<h4 class=\"sp-table-caption\">NAJWI\u0118CEJ ZDOBYTYCH BRAMEK JEDNEGO ZAWODNIKA W JEDNYM MECZU:<\/h4>\n<div class=\"sp-table-wrapper\">\n<div class=\"dataTables_wrapper no-footer\">\n<div class=\"sp-scrollable-table-wrapper\">\n<div class=\"sp-scrollable-table-wrapper\">\n<table width=\"665\">\n<tbody>\n<tr>\n<td width=\"49\"><strong><span style=\"color: #993300;\">Lp.<\/span><\/strong><\/td>\n<td width=\"155\"><strong><span style=\"color: #993300;\">Data<\/span><\/strong><\/td>\n<td width=\"317\"><strong><span style=\"color: #993300;\">Zawodnik<\/span><\/strong><\/td>\n<td width=\"144\"><strong><span style=\"color: #993300;\">Wynik<\/span><\/strong><\/td>\n<\/tr>\n<tr>\n<td width=\"49\"><strong><span style=\"color: #993300;\">1.<\/span><\/strong><\/td>\n<td width=\"155\">13 czerwiec 2017<\/td>\n<td width=\"317\">Pawe\u0142 Kocio\u0142ek (Wi\u015bniowski)<\/td>\n<td width=\"144\">12 goli<\/td>\n<\/tr>\n<tr>\n<td width=\"49\"><strong><span style=\"color: #993300;\">2.<\/span><\/strong><\/td>\n<td width=\"155\">14 czerwiec 2017<\/td>\n<td width=\"317\">Karol Nowak (Q-Graf)<\/td>\n<td width=\"144\">11 goli<\/td>\n<\/tr>\n<tr>\n<td width=\"49\"><strong><span style=\"color: #993300;\">3.<\/span><\/strong><\/td>\n<td width=\"155\">27 maj 2016<\/td>\n<td width=\"317\">Krzysztof Skocze\u0144 (Galactik Football)<\/td>\n<td width=\"144\">10 goli<\/td>\n<\/tr>\n<tr>\n<td width=\"49\"><strong><span style=\"color: #993300;\">4.<\/span><\/strong><\/td>\n<td width=\"155\">16 maj 2017<\/td>\n<td width=\"317\">Pawe\u0142 Kocio\u0142ek (Wi\u015bniowski)<\/td>\n<td width=\"144\">9 goli<\/td>\n<\/tr>\n<tr>\n<td width=\"49\"><strong><span style=\"color: #993300;\">5.<\/span><\/strong><\/td>\n<td width=\"155\">8 wrzesie\u0144 2020<\/td>\n<td width=\"317\">Kamil Lupa (BDM Finanse Group)<\/td>\n<td width=\"144\">9 goli<\/td>\n<\/tr>\n<tr>\n<td width=\"49\"><strong><span style=\"color: #993300;\">6.<\/span><\/strong><\/td>\n<td width=\"155\">15 czerwiec 2022<\/td>\n<td width=\"317\">Pawe\u0142 Zygmunt (Dom Weselny Sylwia)<\/td>\n<td width=\"144\">9 goli<\/td>\n<\/tr>\n<tr>\n<td width=\"49\"><strong><span style=\"color: #993300;\">7.<\/span><\/strong><\/td>\n<td width=\"155\">24 maj 2017<\/td>\n<td width=\"317\">Karol Nowak (Q-Graf\/Metalex)<\/td>\n<td width=\"144\">8 goli<\/td>\n<\/tr>\n<tr>\n<td width=\"49\"><strong><span style=\"color: #993300;\">8.<\/span><\/strong><\/td>\n<td width=\"155\">13 czerwiec 2018<\/td>\n<td width=\"317\">\u0141ukasz Kij (The Reds Inter-Jack)<\/td>\n<td width=\"144\">8 goli<\/td>\n<\/tr>\n<tr>\n<td width=\"49\"><strong><span style=\"color: #993300;\">9.<\/span><\/strong><\/td>\n<td width=\"155\">14 czerwiec 2016<\/td>\n<td width=\"317\">\u0141ukasz Krok (Tradycja Fabryka Okien)<\/td>\n<td width=\"144\">7 goli<\/td>\n<\/tr>\n<tr>\n<td width=\"49\"><strong><span style=\"color: #993300;\">10.<\/span><\/strong><\/td>\n<td width=\"155\">31 lipiec 2017<\/td>\n<td width=\"317\">Pawe\u0142 Kocio\u0142ek (Wi\u015bniowski)<\/td>\n<td width=\"144\">7 goli<\/td>\n<\/tr>\n<tr>\n<td width=\"49\"><strong><span style=\"color: #993300;\">11.<\/span><\/strong><\/td>\n<td width=\"155\">5 maj 2016<\/td>\n<td width=\"317\">Krzysztof Sobczyk (Millenium)<\/td>\n<td width=\"144\">6 goli<\/td>\n<\/tr>\n<tr>\n<td width=\"49\"><strong><span style=\"color: #993300;\">12.<\/span><\/strong><\/td>\n<td width=\"155\">5 lipiec 2017<\/td>\n<td width=\"317\">Pawe\u0142 Kocio\u0142ek (Wi\u015bniowski)<\/td>\n<td width=\"144\">6 goli<\/td>\n<\/tr>\n<tr>\n<td width=\"49\"><strong><span style=\"color: #993300;\">13.<\/span><\/strong><\/td>\n<td width=\"155\">14 maj 2019<\/td>\n<td width=\"317\">Piotr Nie\u0107 (Dom Weselny Sylwia)<\/td>\n<td width=\"144\">6 goli<\/td>\n<\/tr>\n<tr>\n<td width=\"49\"><strong><span style=\"color: #993300;\">14.<\/span><\/strong><\/td>\n<td width=\"155\">12 maj 2022<\/td>\n<td width=\"317\">Pawe\u0142 Zygmunt (Dom Weselny Sylwia)<\/td>\n<td width=\"144\">6 goli<\/td>\n<\/tr>\n<tr>\n<td width=\"49\"><strong><span style=\"color: #993300;\">15.<\/span><\/strong><\/td>\n<td width=\"155\">19 maj 2022<\/td>\n<td width=\"317\">Andrzej Grabczyk (Sandecja Old Boys)<\/td>\n<td width=\"144\">6 goli<\/td>\n<\/tr>\n<\/tbody>\n<\/table>\n<\/div>\n<\/div>\n<\/div>\n<\/div>\n<\/div>\n<\/div>\n<div class=\"sportspress\">\n<div class=\"sp-template sp-template-event-list\">\n<h4 class=\"sp-table-caption\">NAJWI\u0118CEJ ZDOBYTYCH ASYST JEDNEGO ZAWODNIKA W JEDNYM MECZU:<\/h4>\n<div class=\"sp-table-wrapper\">\n<div class=\"dataTables_wrapper no-footer\">\n<div class=\"sp-scrollable-table-wrapper\">\n<div class=\"sp-scrollable-table-wrapper\">\n<table width=\"665\">\n<tbody>\n<tr>\n<td width=\"49\"><strong><span style=\"color: #993300;\">Lp.<\/span><\/strong><\/td>\n<td width=\"155\"><strong><span style=\"color: #993300;\">Data<\/span><\/strong><\/td>\n<td width=\"317\"><span style=\"color: #993300;\"><b>Zawodnik<\/b><\/span><\/td>\n<td width=\"144\"><strong><span style=\"color: #993300;\">Wynik<\/span><\/strong><\/td>\n<\/tr>\n<tr>\n<td width=\"49\"><strong><span style=\"color: #993300;\">1.<\/span><\/strong><\/td>\n<td width=\"155\">15 czerwiec 2022<\/td>\n<td width=\"317\">Mariusz Merklinger (Dom Weselny Sylwia)<\/td>\n<td width=\"144\">10 asyst<\/td>\n<\/tr>\n<tr>\n<td width=\"49\"><strong><span style=\"color: #993300;\">2.<\/span><\/strong><\/td>\n<td width=\"155\">14 kwiecie\u0144 2016<\/td>\n<td width=\"317\">Tomasz Szczurek (Q-Graf)<\/td>\n<td width=\"144\">6 asyst<\/td>\n<\/tr>\n<tr>\n<td width=\"49\"><strong><span style=\"color: #993300;\">3.<\/span><\/strong><\/td>\n<td width=\"155\">05 maj 2016<\/td>\n<td width=\"317\">Emil Lipi\u0144ski (Millenium)<\/td>\n<td width=\"144\">6 asyst<\/td>\n<\/tr>\n<tr>\n<td width=\"49\"><strong><span style=\"color: #993300;\">4.<\/span><\/strong><\/td>\n<td width=\"155\">5 maj 2016<\/td>\n<td width=\"317\">Konrad W\u00f3js (Galactik Football)<\/td>\n<td width=\"144\">6 asyst<\/td>\n<\/tr>\n<tr>\n<td width=\"49\"><strong><span style=\"color: #993300;\">5.<\/span><\/strong><\/td>\n<td width=\"155\">27 maj 2016<\/td>\n<td width=\"317\">Maciej Kafel (Galactik Football)<\/td>\n<td width=\"144\">6 asyst<\/td>\n<\/tr>\n<tr>\n<td width=\"49\"><strong><span style=\"color: #993300;\">6.<\/span><\/strong><\/td>\n<td width=\"155\">27 maj 2016<\/td>\n<td width=\"317\">Artur Przetacznik (Galactik Football)<\/td>\n<td width=\"144\">6 asyst<\/td>\n<\/tr>\n<tr>\n<td width=\"49\"><strong><span style=\"color: #993300;\">7.<\/span><\/strong><\/td>\n<td width=\"155\">21 kwiecie\u0144 2016<\/td>\n<td width=\"317\">Damian Dudek (Gold Team)<\/td>\n<td width=\"144\">5 asyst<\/td>\n<\/tr>\n<tr>\n<td width=\"49\"><strong><span style=\"color: #993300;\">8.<\/span><\/strong><\/td>\n<td width=\"155\">31 lipiec 2017<\/td>\n<td width=\"317\">Adam Tumidaj (Dom Kredytowy Notus)<\/td>\n<td width=\"144\">5 asyst<\/td>\n<\/tr>\n<tr>\n<td width=\"49\"><strong><span style=\"color: #993300;\">9.<\/span><\/strong><\/td>\n<td width=\"155\">7 czerwiec 2017<\/td>\n<td width=\"317\">Pawe\u0142 Kocio\u0142ek (Wi\u015bniowski)<\/td>\n<td width=\"144\">5 asyst<\/td>\n<\/tr>\n<tr>\n<td width=\"49\"><strong><span style=\"color: #993300;\">10.<\/span><\/strong><\/td>\n<td width=\"155\">13 czerwiec 2017<\/td>\n<td width=\"317\">Adam Tumidaj (Dom Kredytowy Notus)<\/td>\n<td width=\"144\">5 asyst<\/td>\n<\/tr>\n<tr>\n<td width=\"49\"><strong><span style=\"color: #993300;\">11.<\/span><\/strong><\/td>\n<td width=\"155\">14 maj 2019<\/td>\n<td width=\"317\">Marcin Plata (Dom Weselny Sylwia)<\/td>\n<td width=\"144\">5 asyst<\/td>\n<\/tr>\n<tr>\n<td width=\"49\"><strong><span style=\"color: #993300;\">12.<\/span><\/strong><\/td>\n<td width=\"155\">21 maj 2019<\/td>\n<td width=\"317\">Arkadiusz Aleksander (Sandecja Old Boys)<\/td>\n<td width=\"144\">5 asyst<\/td>\n<\/tr>\n<tr>\n<td width=\"49\"><strong><span style=\"color: #993300;\">13.<\/span><\/strong><\/td>\n<td width=\"155\">16 czerwca 2020<\/td>\n<td width=\"317\">Rafa\u0142 Pie\u0144ko (Tylicz.Ski)<\/td>\n<td width=\"144\">5 asyst<\/td>\n<\/tr>\n<tr>\n<td width=\"49\"><strong><span style=\"color: #993300;\">14.<\/span><\/strong><\/td>\n<td width=\"155\">2 czerwiec 2022<\/td>\n<td width=\"317\">Arkadiusz Zawi\u015blan (Dom Weselny Sylwia)<\/td>\n<td width=\"144\">5 asyst<\/td>\n<\/tr>\n<tr>\n<td width=\"49\"><strong><span style=\"color: #993300;\">15.<\/span><\/strong><\/td>\n<td width=\"155\">11 sierpie\u0144 2022<\/td>\n<td width=\"317\">Mariusz Merklinger (Dom Weselny Sylwia)<\/td>\n<td width=\"144\">5 asyst<\/td>\n<\/tr>\n<\/tbody>\n<\/table>\n<\/div>\n<\/div>\n<\/div>\n<\/div>\n<\/div>\n<\/div>\n<\/div>\n<\/div>\n","protected":false},"excerpt":{"rendered":"<p>NAJWY\u017bSZE zwyci\u0119stwa: Lp. Data Mecz Wynik 1. 27 maj 2016 Poprad Team &#8211; Galactik Footbal 2:24 (0:12) + 22 gole 2. 24 listopad 2016 Galactik Footbal &#8211; Tradycja Fabryka Okien 19:2 (6:1) + 17 goli 3. 27 maj 2016 Gold Team &#8211; Tradycja Fabryka Okien 17:2 (6:1) + 15 goli 4. 14 maj 2019 Dom [&hellip;]<\/p>\n","protected":false},"author":1,"featured_media":0,"parent":0,"menu_order":0,"comment_status":"closed","ping_status":"closed","template":"","meta":[],"_links":{"self":[{"href":"https:\/\/lfsportevents.pl\/ligaorlika2025\/wp-json\/wp\/v2\/pages\/25204"}],"collection":[{"href":"https:\/\/lfsportevents.pl\/ligaorlika2025\/wp-json\/wp\/v2\/pages"}],"about":[{"href":"https:\/\/lfsportevents.pl\/ligaorlika2025\/wp-json\/wp\/v2\/types\/page"}],"author":[{"embeddable":true,"href":"https:\/\/lfsportevents.pl\/ligaorlika2025\/wp-json\/wp\/v2\/users\/1"}],"replies":[{"embeddable":true,"href":"https:\/\/lfsportevents.pl\/ligaorlika2025\/wp-json\/wp\/v2\/comments?post=25204"}],"version-history":[{"count":2,"href":"https:\/\/lfsportevents.pl\/ligaorlika2025\/wp-json\/wp\/v2\/pages\/25204\/revisions"}],"predecessor-version":[{"id":35970,"href":"https:\/\/lfsportevents.pl\/ligaorlika2025\/wp-json\/wp\/v2\/pages\/25204\/revisions\/35970"}],"wp:attachment":[{"href":"https:\/\/lfsportevents.pl\/ligaorlika2025\/wp-json\/wp\/v2\/media?parent=25204"}],"curies":[{"name":"wp","href":"https:\/\/api.w.org\/{rel}","templated":true}]}}