{"id":23702,"date":"2021-04-30T23:59:38","date_gmt":"2021-04-30T21:59:38","guid":{"rendered":"https:\/\/lfsportevents.pl\/ligaorlika2025\/?page_id=23702"},"modified":"2026-03-26T09:33:53","modified_gmt":"2026-03-26T08:33:53","slug":"puchar-fair-play-2","status":"publish","type":"page","link":"https:\/\/lfsportevents.pl\/ligaorlika2025\/puchar-fair-play-2\/","title":{"rendered":"Puchar Fair Play"},"content":{"rendered":"<h4 class=\"sp-table-caption\">ZWYCI\u0118ZCY PUCHARU FAIR PLAY<\/h4>\n<table width=\"357\">\n<tbody>\n<tr>\n<td width=\"80\"><strong>Nazwa<\/strong><\/td>\n<td width=\"50\"><strong>Sezon<\/strong><\/td>\n<td width=\"150\"><strong>1 miejsce<br \/>\n<img loading=\"lazy\" class=\"wp-image-20645 aligncenter\" src=\"https:\/\/lfsportevents.pl\/ligaorlika20252020\/wp-content\/uploads\/2020\/04\/z\u0142oty.png\" sizes=\"(max-width: 30px) 100vw, 30px\" srcset=\"https:\/\/lfsportevents.pl\/ligaorlika20252020\/wp-content\/uploads\/2020\/04\/z\u0142oty.png 461w, https:\/\/lfsportevents.pl\/ligaorlika20252020\/wp-content\/uploads\/2020\/04\/z\u0142oty-225x300.png 225w, https:\/\/lfsportevents.pl\/ligaorlika20252020\/wp-content\/uploads\/2020\/04\/z\u0142oty-96x128.png 96w, https:\/\/lfsportevents.pl\/ligaorlika20252020\/wp-content\/uploads\/2020\/04\/z\u0142oty-24x32.png 24w\" alt=\"\" width=\"30\" height=\"40\" \/><\/strong><\/td>\n<\/tr>\n<tr>\n<td><strong>Puchar Fair Play<\/strong><\/td>\n<td>2025<\/td>\n<td><span style=\"color: #993300;\">Planet Car<br \/>\n<\/span><\/td>\n<\/tr>\n<tr>\n<td><strong>Puchar Fair Play<\/strong><\/td>\n<td>2024<\/td>\n<td><span style=\"color: #993300;\">Mawa Wyko\u0144czenia Wn\u0119trz<br \/>\n<\/span><\/td>\n<\/tr>\n<tr>\n<td><strong>Puchar Fair Play<\/strong><\/td>\n<td>2023<\/td>\n<td><span style=\"color: #993300;\">Tylicz.Ski<br \/>\n<\/span><\/td>\n<\/tr>\n<tr>\n<td><strong>Puchar Fair Play<\/strong><\/td>\n<td>2022<\/td>\n<td><span style=\"color: #993300;\">Gorc Ochotnica<br \/>\n<\/span><\/td>\n<\/tr>\n<tr>\n<td><strong>Puchar Fair Play<\/strong><\/td>\n<td>2021<\/td>\n<td><span style=\"color: #993300;\">MKM Izolacje The Reds<br \/>\n<\/span><\/td>\n<\/tr>\n<tr>\n<td><strong>Puchar Fair Play<\/strong><\/td>\n<td>2020<\/td>\n<td><span style=\"color: #993300;\">Wi\u015bniowski<\/span><\/td>\n<\/tr>\n<tr>\n<td><strong>Puchar Fair Play<\/strong><\/td>\n<td>2019<\/td>\n<td><span style=\"color: #993300;\">Gold Team\/Meble Lorek<\/span><\/td>\n<\/tr>\n<tr>\n<td><strong>Puchar Fair Play<\/strong><\/td>\n<td>2018<\/td>\n<td><span style=\"color: #993300;\">The Reds Inter-Jack<\/span><\/td>\n<\/tr>\n<tr>\n<td><strong>Puchar Fair Play<\/strong><\/td>\n<td>2017<\/td>\n<td><span style=\"color: #993300;\">Euro Kryszta\u0142<\/span><\/td>\n<\/tr>\n<tr>\n<td><strong>Puchar Fair Play<\/strong><\/td>\n<td>2016<\/td>\n<td><span style=\"color: #993300;\">Tradycja Fabryka Okien<\/span><\/td>\n<\/tr>\n<\/tbody>\n<\/table>\n","protected":false},"excerpt":{"rendered":"<p>ZWYCI\u0118ZCY PUCHARU FAIR PLAY Nazwa Sezon 1 miejsce Puchar Fair Play 2025 Planet Car Puchar Fair Play 2024 Mawa Wyko\u0144czenia Wn\u0119trz Puchar Fair Play 2023 Tylicz.Ski Puchar Fair Play 2022 Gorc Ochotnica Puchar Fair Play 2021 MKM Izolacje The Reds Puchar Fair Play 2020 Wi\u015bniowski Puchar Fair Play 2019 Gold Team\/Meble Lorek Puchar Fair Play [&hellip;]<\/p>\n","protected":false},"author":1,"featured_media":0,"parent":0,"menu_order":0,"comment_status":"closed","ping_status":"closed","template":"","meta":[],"_links":{"self":[{"href":"https:\/\/lfsportevents.pl\/ligaorlika2025\/wp-json\/wp\/v2\/pages\/23702"}],"collection":[{"href":"https:\/\/lfsportevents.pl\/ligaorlika2025\/wp-json\/wp\/v2\/pages"}],"about":[{"href":"https:\/\/lfsportevents.pl\/ligaorlika2025\/wp-json\/wp\/v2\/types\/page"}],"author":[{"embeddable":true,"href":"https:\/\/lfsportevents.pl\/ligaorlika2025\/wp-json\/wp\/v2\/users\/1"}],"replies":[{"embeddable":true,"href":"https:\/\/lfsportevents.pl\/ligaorlika2025\/wp-json\/wp\/v2\/comments?post=23702"}],"version-history":[{"count":3,"href":"https:\/\/lfsportevents.pl\/ligaorlika2025\/wp-json\/wp\/v2\/pages\/23702\/revisions"}],"predecessor-version":[{"id":36730,"href":"https:\/\/lfsportevents.pl\/ligaorlika2025\/wp-json\/wp\/v2\/pages\/23702\/revisions\/36730"}],"wp:attachment":[{"href":"https:\/\/lfsportevents.pl\/ligaorlika2025\/wp-json\/wp\/v2\/media?parent=23702"}],"curies":[{"name":"wp","href":"https:\/\/api.w.org\/{rel}","templated":true}]}}