{"id":21021,"date":"2020-04-16T11:42:01","date_gmt":"2020-04-16T09:42:01","guid":{"rendered":"https:\/\/lfsportevents.pl\/ligaorlika2025\/ii-liga\/tabela-copy\/"},"modified":"2025-08-26T17:52:29","modified_gmt":"2025-08-26T15:52:29","slug":"tabela","status":"publish","type":"page","link":"https:\/\/lfsportevents.pl\/ligaorlika2025\/iii-liga-2\/tabela\/","title":{"rendered":"Tabela"},"content":{"rendered":"<div class=\"legenda\">\n<p>Legenda:<\/p>\n<div class=\"item\"><b>M<\/b>\u00a0= Mecze Rozegrane<\/div>\n<div class=\"item\"><b>Pkt<\/b>\u00a0= Punkty<\/div>\n<div class=\"item\"><b>Z<\/b>\u00a0= Zwyci\u0119stwa<\/div>\n<div class=\"item\"><b>R<\/b>\u00a0= Remisy<\/div>\n<div class=\"item\"><b>P<\/b>\u00a0= Pora\u017cki<\/div>\n<div class=\"item\"><b>BZ<\/b>\u00a0= Bramki zdobyte<\/div>\n<div class=\"item\"><b>BS<\/b>\u00a0= Bramki stracone<\/div>\n<div class=\"item\"><b>+\/-<\/b>\u00a0= R\u00f3\u017cnica bramek<\/div>\n<div class=\"item\"><strong style=\"color: #00ccff;\">Miejsca 1-5<\/strong><span style=\"color: #00ccff;\"> (grupa mistrzowska)<\/span><\/div>\n<div class=\"item\"><span style=\"color: #ff99cc;\"><strong>Miejsca 6-10<\/strong>\u00a0(grupa spadkowa)<\/span><\/div>\n<div class=\"item\"><span style=\"color: #1dcc54;\"><strong>Miejsce 1-2<\/strong> (bezpo\u015bredni awans do II Ligi)<\/span><\/div>\n<div class=\"item\"><span style=\"color: #38e890;\"><strong>Miejsce 3<\/strong> (bara\u017c z 8 dru\u017cyn\u0105 II Ligi)<\/span><\/div>\n<div class=\"item\"><span style=\"color: #ff0000;\"><strong>Miejsce 9-10<\/strong> (bezpo\u015bredni spadek do IV Ligi, o ile powstanie)<\/span><\/div>\n<\/div>\n<h2><strong><span style=\"color: #993300;\">TABELA 2 RUNDY Z PODZIA\u0141EM NA GRUPY<\/span><\/strong><\/h2>\n<p><div class=\"sportspress\"><div class=\"sp-template sp-template-league-table\">\n\t<h4 class=\"sp-table-caption\">Tabela III Liga &#8211; Grupa Mistrzowska<\/h4><div class=\"sp-table-wrapper\"><table class=\"sp-league-table sp-data-table sp-sortable-table sp-scrollable-table sp-paginated-table\" data-sp-rows=\"16\"><thead><tr><th class=\"data-rank\">Pozycja<\/th><th class=\"data-name\">Klub<\/th><th class=\"data-p\">M<\/th><th class=\"data-pts\">Pkt<\/th><th class=\"data-w\">Z<\/th><th class=\"data-d\">R<\/th><th class=\"data-l\">P<\/th><th class=\"data-f\">BZ<\/th><th class=\"data-a\">BS<\/th><th class=\"data-gd\">+\/-<\/th><\/tr><\/thead><tbody><tr class=\"odd sp-row-no-0\"><td class=\"data-rank\" data-label=\"Pozycja\">1<\/td><td class=\"data-name has-logo\" data-label=\"Klub\"><a href=\"https:\/\/lfsportevents.pl\/ligaorlika2025\/team\/dromader\/\"><span class=\"team-logo\"><img width=\"128\" height=\"107\" src=\"https:\/\/lfsportevents.pl\/ligaorlika2025\/wp-content\/uploads\/2025\/04\/Dromader-128x107.jpeg\" class=\"attachment-sportspress-fit-icon size-sportspress-fit-icon wp-post-image\" alt=\"\" loading=\"lazy\" \/><\/span>Dromader<\/a><\/td><td class=\"data-p\" data-label=\"M\">13<\/td><td class=\"data-pts\" data-label=\"Pkt\">30<\/td><td class=\"data-w\" data-label=\"Z\">9<\/td><td class=\"data-d\" data-label=\"R\">3<\/td><td class=\"data-l\" data-label=\"P\">1<\/td><td class=\"data-f\" data-label=\"BZ\">50<\/td><td class=\"data-a\" data-label=\"BS\">18<\/td><td class=\"data-gd\" data-label=\"+\/-\">32<\/td><\/tr><tr class=\"even sp-row-no-1\"><td class=\"data-rank\" data-label=\"Pozycja\">2<\/td><td class=\"data-name has-logo\" data-label=\"Klub\"><a href=\"https:\/\/lfsportevents.pl\/ligaorlika2025\/team\/smolnik-mecina\/\"><span class=\"team-logo\"><img width=\"128\" height=\"128\" src=\"https:\/\/lfsportevents.pl\/ligaorlika2025\/wp-content\/uploads\/2020\/06\/Smolnik-M\u0119cina-128x128.png\" class=\"attachment-sportspress-fit-icon size-sportspress-fit-icon wp-post-image\" alt=\"\" loading=\"lazy\" \/><\/span>Smolnik M\u0119cina<\/a><\/td><td class=\"data-p\" data-label=\"M\">13<\/td><td class=\"data-pts\" data-label=\"Pkt\">27<\/td><td class=\"data-w\" data-label=\"Z\">8<\/td><td class=\"data-d\" data-label=\"R\">3<\/td><td class=\"data-l\" data-label=\"P\">2<\/td><td class=\"data-f\" data-label=\"BZ\">46<\/td><td class=\"data-a\" data-label=\"BS\">25<\/td><td class=\"data-gd\" data-label=\"+\/-\">21<\/td><\/tr><tr class=\"odd sp-row-no-2\"><td class=\"data-rank\" data-label=\"Pozycja\">3<\/td><td class=\"data-name has-logo\" data-label=\"Klub\"><a href=\"https:\/\/lfsportevents.pl\/ligaorlika2025\/team\/ark-group\/\"><span class=\"team-logo\"><img width=\"128\" height=\"128\" src=\"https:\/\/lfsportevents.pl\/ligaorlika2025\/wp-content\/uploads\/2025\/05\/ARK-Group-128x128.png\" class=\"attachment-sportspress-fit-icon size-sportspress-fit-icon wp-post-image\" alt=\"\" loading=\"lazy\" \/><\/span>ARK Group<\/a><\/td><td class=\"data-p\" data-label=\"M\">13<\/td><td class=\"data-pts\" data-label=\"Pkt\">21<\/td><td class=\"data-w\" data-label=\"Z\">6<\/td><td class=\"data-d\" data-label=\"R\">3<\/td><td class=\"data-l\" data-label=\"P\">4<\/td><td class=\"data-f\" data-label=\"BZ\">62<\/td><td class=\"data-a\" data-label=\"BS\">38<\/td><td class=\"data-gd\" data-label=\"+\/-\">24<\/td><\/tr><tr class=\"even sp-row-no-3\"><td class=\"data-rank\" data-label=\"Pozycja\">4<\/td><td class=\"data-name has-logo\" data-label=\"Klub\"><a href=\"https:\/\/lfsportevents.pl\/ligaorlika2025\/team\/carpatian-hot-tubs\/\"><span class=\"team-logo\"><img width=\"128\" height=\"94\" src=\"https:\/\/lfsportevents.pl\/ligaorlika2025\/wp-content\/uploads\/2025\/05\/Carpatian-removebg-preview-128x94.png\" class=\"attachment-sportspress-fit-icon size-sportspress-fit-icon wp-post-image\" alt=\"\" loading=\"lazy\" \/><\/span>Carpatian Hot Tubs<\/a><\/td><td class=\"data-p\" data-label=\"M\">13<\/td><td class=\"data-pts\" data-label=\"Pkt\">19<\/td><td class=\"data-w\" data-label=\"Z\">6<\/td><td class=\"data-d\" data-label=\"R\">1<\/td><td class=\"data-l\" data-label=\"P\">6<\/td><td class=\"data-f\" data-label=\"BZ\">37<\/td><td class=\"data-a\" data-label=\"BS\">38<\/td><td class=\"data-gd\" data-label=\"+\/-\">-1<\/td><\/tr><tr class=\"odd sp-row-no-4\"><td class=\"data-rank\" data-label=\"Pozycja\">5<\/td><td class=\"data-name has-logo\" data-label=\"Klub\"><a href=\"https:\/\/lfsportevents.pl\/ligaorlika2025\/team\/iron-team\/\"><span class=\"team-logo\"><img width=\"128\" height=\"109\" src=\"https:\/\/lfsportevents.pl\/ligaorlika2025\/wp-content\/uploads\/2025\/05\/Iron_Team-removebg-preview-128x109.png\" class=\"attachment-sportspress-fit-icon size-sportspress-fit-icon wp-post-image\" alt=\"\" loading=\"lazy\" \/><\/span>Iron Team<\/a><\/td><td class=\"data-p\" data-label=\"M\">13<\/td><td class=\"data-pts\" data-label=\"Pkt\">18<\/td><td class=\"data-w\" data-label=\"Z\">5<\/td><td class=\"data-d\" data-label=\"R\">3<\/td><td class=\"data-l\" data-label=\"P\">5<\/td><td class=\"data-f\" data-label=\"BZ\">33<\/td><td class=\"data-a\" data-label=\"BS\">38<\/td><td class=\"data-gd\" data-label=\"+\/-\">-5<\/td><\/tr><\/tbody><\/table><\/div><\/div>\n<\/div><br \/>\n<div class=\"sportspress\"><div class=\"sp-template sp-template-league-table\">\n\t<h4 class=\"sp-table-caption\">Tabela III Liga &#8211; Grupa Spadkowa<\/h4><div class=\"sp-table-wrapper\"><table class=\"sp-league-table sp-data-table sp-sortable-table sp-scrollable-table sp-paginated-table\" data-sp-rows=\"16\"><thead><tr><th class=\"data-rank\">Pozycja<\/th><th class=\"data-name\">Klub<\/th><th class=\"data-p\">M<\/th><th class=\"data-pts\">Pkt<\/th><th class=\"data-w\">Z<\/th><th class=\"data-d\">R<\/th><th class=\"data-l\">P<\/th><th class=\"data-f\">BZ<\/th><th class=\"data-a\">BS<\/th><th class=\"data-gd\">+\/-<\/th><\/tr><\/thead><tbody><tr class=\"odd sp-row-no-0\"><td class=\"data-rank\" data-label=\"Pozycja\">1<\/td><td class=\"data-name has-logo\" data-label=\"Klub\"><a href=\"https:\/\/lfsportevents.pl\/ligaorlika2025\/team\/el-dom\/\"><span class=\"team-logo\"><img width=\"128\" height=\"39\" src=\"https:\/\/lfsportevents.pl\/ligaorlika2025\/wp-content\/uploads\/2025\/05\/El-Dom-removebg-preview-128x39.png\" class=\"attachment-sportspress-fit-icon size-sportspress-fit-icon wp-post-image\" alt=\"\" loading=\"lazy\" \/><\/span>El-Dom<\/a><\/td><td class=\"data-p\" data-label=\"M\">13<\/td><td class=\"data-pts\" data-label=\"Pkt\">20<\/td><td class=\"data-w\" data-label=\"Z\">5<\/td><td class=\"data-d\" data-label=\"R\">5<\/td><td class=\"data-l\" data-label=\"P\">3<\/td><td class=\"data-f\" data-label=\"BZ\">43<\/td><td class=\"data-a\" data-label=\"BS\">33<\/td><td class=\"data-gd\" data-label=\"+\/-\">10<\/td><\/tr><tr class=\"even sp-row-no-1\"><td class=\"data-rank\" data-label=\"Pozycja\">2<\/td><td class=\"data-name has-logo\" data-label=\"Klub\"><a href=\"https:\/\/lfsportevents.pl\/ligaorlika2025\/team\/koko-szanel\/\"><span class=\"team-logo\"><img width=\"128\" height=\"114\" src=\"https:\/\/lfsportevents.pl\/ligaorlika2025\/wp-content\/uploads\/2025\/04\/Koko-Szanel-128x114.png\" class=\"attachment-sportspress-fit-icon size-sportspress-fit-icon wp-post-image\" alt=\"\" loading=\"lazy\" \/><\/span>Koko Szanel<\/a><\/td><td class=\"data-p\" data-label=\"M\">13<\/td><td class=\"data-pts\" data-label=\"Pkt\">17<\/td><td class=\"data-w\" data-label=\"Z\">5<\/td><td class=\"data-d\" data-label=\"R\">2<\/td><td class=\"data-l\" data-label=\"P\">6<\/td><td class=\"data-f\" data-label=\"BZ\">39<\/td><td class=\"data-a\" data-label=\"BS\">41<\/td><td class=\"data-gd\" data-label=\"+\/-\">-2<\/td><\/tr><tr class=\"odd sp-row-no-2\"><td class=\"data-rank\" data-label=\"Pozycja\">3<\/td><td class=\"data-name has-logo\" data-label=\"Klub\"><a href=\"https:\/\/lfsportevents.pl\/ligaorlika2025\/team\/ogropark\/\"><span class=\"team-logo\"><img width=\"128\" height=\"44\" src=\"https:\/\/lfsportevents.pl\/ligaorlika2025\/wp-content\/uploads\/2025\/05\/Ogropark-128x44.png\" class=\"attachment-sportspress-fit-icon size-sportspress-fit-icon wp-post-image\" alt=\"\" loading=\"lazy\" \/><\/span>Ogropark<\/a><\/td><td class=\"data-p\" data-label=\"M\">13<\/td><td class=\"data-pts\" data-label=\"Pkt\">14<\/td><td class=\"data-w\" data-label=\"Z\">4<\/td><td class=\"data-d\" data-label=\"R\">2<\/td><td class=\"data-l\" data-label=\"P\">7<\/td><td class=\"data-f\" data-label=\"BZ\">43<\/td><td class=\"data-a\" data-label=\"BS\">46<\/td><td class=\"data-gd\" data-label=\"+\/-\">-3<\/td><\/tr><tr class=\"even sp-row-no-3\"><td class=\"data-rank\" data-label=\"Pozycja\">4<\/td><td class=\"data-name has-logo\" data-label=\"Klub\"><a href=\"https:\/\/lfsportevents.pl\/ligaorlika2025\/team\/merx\/\"><span class=\"team-logo\"><img width=\"128\" height=\"33\" src=\"https:\/\/lfsportevents.pl\/ligaorlika2025\/wp-content\/uploads\/2025\/05\/Merx-removebg-preview-128x33.png\" class=\"attachment-sportspress-fit-icon size-sportspress-fit-icon wp-post-image\" alt=\"\" loading=\"lazy\" \/><\/span>Merx<\/a><\/td><td class=\"data-p\" data-label=\"M\">13<\/td><td class=\"data-pts\" data-label=\"Pkt\">13<\/td><td class=\"data-w\" data-label=\"Z\">3<\/td><td class=\"data-d\" data-label=\"R\">4<\/td><td class=\"data-l\" data-label=\"P\">6<\/td><td class=\"data-f\" data-label=\"BZ\">26<\/td><td class=\"data-a\" data-label=\"BS\">36<\/td><td class=\"data-gd\" data-label=\"+\/-\">-10<\/td><\/tr><tr class=\"odd sp-row-no-4\"><td class=\"data-rank\" data-label=\"Pozycja\">5<\/td><td class=\"data-name has-logo\" data-label=\"Klub\"><a href=\"https:\/\/lfsportevents.pl\/ligaorlika2025\/team\/rolbud-instal-2\/\"><span class=\"team-logo\"><img width=\"128\" height=\"37\" src=\"https:\/\/lfsportevents.pl\/ligaorlika2025\/wp-content\/uploads\/2025\/05\/Rolbud_Instal-removebg-preview-128x37.png\" class=\"attachment-sportspress-fit-icon size-sportspress-fit-icon wp-post-image\" alt=\"\" loading=\"lazy\" \/><\/span>Rolbud Instal<\/a><\/td><td class=\"data-p\" data-label=\"M\">13<\/td><td class=\"data-pts\" data-label=\"Pkt\">0<\/td><td class=\"data-w\" data-label=\"Z\">1<\/td><td class=\"data-d\" data-label=\"R\">0<\/td><td class=\"data-l\" data-label=\"P\">12<\/td><td class=\"data-f\" data-label=\"BZ\">17<\/td><td class=\"data-a\" data-label=\"BS\">83<\/td><td class=\"data-gd\" data-label=\"+\/-\">-66<\/td><\/tr><\/tbody><\/table><\/div><\/div>\n<\/div> Rolbud Instal &#8211; 1 pkt w tabeli, za walkower z dnia 18.08.2025<br \/>\nRolbud Instal &#8211; 1 pkt w tabeli za walkower z dnia 11.08.2025<br \/>\nRolbud Instal &#8211; 1 pkt w tabeli za walkower z dnia 25.08.2025<\/p>\n<h2><strong><span style=\"color: #993300;\">TABELA po 1 rundzie<\/span><\/strong><\/h2>\n<p><img loading=\"lazy\" class=\"alignnone wp-image-35920 size-full\" src=\"https:\/\/lfsportevents.pl\/ligaorlika2025\/wp-content\/uploads\/2025\/06\/Tabela-III-Liga.png\" alt=\"\" width=\"959\" height=\"636\" srcset=\"https:\/\/lfsportevents.pl\/ligaorlika2025\/wp-content\/uploads\/2025\/06\/Tabela-III-Liga.png 959w, https:\/\/lfsportevents.pl\/ligaorlika2025\/wp-content\/uploads\/2025\/06\/Tabela-III-Liga-300x199.png 300w, https:\/\/lfsportevents.pl\/ligaorlika2025\/wp-content\/uploads\/2025\/06\/Tabela-III-Liga-768x509.png 768w, https:\/\/lfsportevents.pl\/ligaorlika2025\/wp-content\/uploads\/2025\/06\/Tabela-III-Liga-128x85.png 128w, https:\/\/lfsportevents.pl\/ligaorlika2025\/wp-content\/uploads\/2025\/06\/Tabela-III-Liga-32x21.png 32w, https:\/\/lfsportevents.pl\/ligaorlika2025\/wp-content\/uploads\/2025\/06\/Tabela-III-Liga-550x365.png 550w\" sizes=\"(max-width: 959px) 100vw, 959px\" \/><\/p>\n","protected":false},"excerpt":{"rendered":"<p>Legenda: M\u00a0= Mecze Rozegrane Pkt\u00a0= Punkty Z\u00a0= Zwyci\u0119stwa R\u00a0= Remisy P\u00a0= Pora\u017cki BZ\u00a0= Bramki zdobyte BS\u00a0= Bramki stracone +\/-\u00a0= R\u00f3\u017cnica bramek Miejsca 1-5 (grupa mistrzowska) Miejsca 6-10\u00a0(grupa spadkowa) Miejsce 1-2 (bezpo\u015bredni awans do II Ligi) Miejsce 3 (bara\u017c z 8 dru\u017cyn\u0105 II Ligi) Miejsce 9-10 (bezpo\u015bredni spadek do IV Ligi, o ile powstanie) TABELA 2 [&hellip;]<\/p>\n","protected":false},"author":1,"featured_media":0,"parent":21008,"menu_order":0,"comment_status":"closed","ping_status":"closed","template":"","meta":[],"_links":{"self":[{"href":"https:\/\/lfsportevents.pl\/ligaorlika2025\/wp-json\/wp\/v2\/pages\/21021"}],"collection":[{"href":"https:\/\/lfsportevents.pl\/ligaorlika2025\/wp-json\/wp\/v2\/pages"}],"about":[{"href":"https:\/\/lfsportevents.pl\/ligaorlika2025\/wp-json\/wp\/v2\/types\/page"}],"author":[{"embeddable":true,"href":"https:\/\/lfsportevents.pl\/ligaorlika2025\/wp-json\/wp\/v2\/users\/1"}],"replies":[{"embeddable":true,"href":"https:\/\/lfsportevents.pl\/ligaorlika2025\/wp-json\/wp\/v2\/comments?post=21021"}],"version-history":[{"count":3,"href":"https:\/\/lfsportevents.pl\/ligaorlika2025\/wp-json\/wp\/v2\/pages\/21021\/revisions"}],"predecessor-version":[{"id":36365,"href":"https:\/\/lfsportevents.pl\/ligaorlika2025\/wp-json\/wp\/v2\/pages\/21021\/revisions\/36365"}],"up":[{"embeddable":true,"href":"https:\/\/lfsportevents.pl\/ligaorlika2025\/wp-json\/wp\/v2\/pages\/21008"}],"wp:attachment":[{"href":"https:\/\/lfsportevents.pl\/ligaorlika2025\/wp-json\/wp\/v2\/media?parent=21021"}],"curies":[{"name":"wp","href":"https:\/\/api.w.org\/{rel}","templated":true}]}}