{"id":20550,"date":"2020-03-31T11:40:01","date_gmt":"2020-03-31T09:40:01","guid":{"rendered":"https:\/\/lfsportevents.pl\/ligaorlika2025\/?page_id=20550"},"modified":"2021-03-31T22:35:15","modified_gmt":"2021-03-31T20:35:15","slug":"puchar-ligi-2","status":"publish","type":"page","link":"https:\/\/lfsportevents.pl\/ligaorlika2025\/puchar-ligi-2\/","title":{"rendered":"Puchar Ligi"},"content":{"rendered":"<h4 class=\"sp-table-caption\">NAJLEPSI STRZELCY &#8211; PUCHAR LIGI ORLIKA<\/h4>\n<table width=\"522\">\n<tbody>\n<tr>\n<td width=\"59\"><span style=\"color: #333333;\"><strong>Sezon<\/strong><\/span><\/td>\n<td width=\"170\"><span style=\"color: #333333;\"><b>Imi\u0119 i Nazwisko<\/b><\/span><\/td>\n<td width=\"209\"><span style=\"color: #333333;\"><strong>Klub<\/strong><\/span><\/td>\n<td width=\"84\"><span style=\"color: #333333;\"><strong>Ilo\u015b\u0107 Goli<\/strong><\/span><\/td>\n<\/tr>\n<tr>\n<td width=\"59\"><span style=\"color: #333333;\"><strong>2020<\/strong><\/span><\/td>\n<td style=\"text-align: left;\" width=\"170\"><a href=\"https:\/\/lfsportevents.pl\/ligaorlika2025\/player\/tomasz-maurek\/\"><img loading=\"lazy\" class=\"attachment-sportspress-fit-medium wp-post-image alignleft\" src=\"https:\/\/lfsportevents.pl\/ligaorlika2025\/wp-content\/uploads\/1978\/11\/Tomasz-Maurek.jpg\" sizes=\"(max-width: 225px) 100vw, 225px\" srcset=\"https:\/\/lfsportevents.pl\/ligaorlika2025\/wp-content\/uploads\/1978\/11\/Tomasz-Maurek.jpg 225w, https:\/\/lfsportevents.pl\/ligaorlika2025\/wp-content\/uploads\/1978\/11\/Tomasz-Maurek-96x128.jpg 96w, https:\/\/lfsportevents.pl\/ligaorlika2025\/wp-content\/uploads\/1978\/11\/Tomasz-Maurek-24x32.jpg 24w\" alt=\"\" width=\"25\" height=\"33\" \/><span style=\"color: #993300;\">Tomasz Maurek<\/span><\/a><\/td>\n<td style=\"text-align: center;\" width=\"209\"><span style=\"color: #000000;\">Wi\u015bniowski<\/span><\/td>\n<td style=\"text-align: center;\" width=\"84\"><span style=\"color: #000000;\">17<\/span><\/td>\n<\/tr>\n<tr>\n<td width=\"59\"><span style=\"color: #333333;\"><strong>2019<\/strong><\/span><\/td>\n<td style=\"text-align: left;\" width=\"170\"><a href=\"https:\/\/lfsportevents.pl\/ligaorlika2025\/player\/marcin-plata\/\"><img loading=\"lazy\" class=\"wp-image-18564 alignleft\" src=\"https:\/\/lfsportevents.pl\/ligaorlika2025\/wp-content\/uploads\/2019\/04\/Marcin-Plata.jpg\" alt=\"\" width=\"25\" height=\"33\" srcset=\"https:\/\/lfsportevents.pl\/ligaorlika2025\/wp-content\/uploads\/2019\/04\/Marcin-Plata.jpg 225w, https:\/\/lfsportevents.pl\/ligaorlika2025\/wp-content\/uploads\/2019\/04\/Marcin-Plata-96x128.jpg 96w, https:\/\/lfsportevents.pl\/ligaorlika2025\/wp-content\/uploads\/2019\/04\/Marcin-Plata-24x32.jpg 24w\" sizes=\"(max-width: 25px) 100vw, 25px\" \/><span style=\"color: #993300;\">Marcin Plata<\/span><\/a><\/td>\n<td style=\"text-align: center;\" width=\"209\"><span style=\"color: #000000;\">Dom Weselny Sylwia<\/span><\/td>\n<td style=\"text-align: center;\" width=\"84\"><span style=\"color: #000000;\">11<\/span><\/td>\n<\/tr>\n<tr>\n<td width=\"59\"><span style=\"color: #333333;\"><strong>2018<\/strong><\/span><\/td>\n<td style=\"text-align: left;\" width=\"170\"><span style=\"color: #993300;\"><a style=\"color: #993300;\" href=\"https:\/\/lfsportevents.pl\/ligaorlika2025\/player\/maciej-sroka\/\"><img loading=\"lazy\" class=\"wp-image-13660 alignleft\" src=\"https:\/\/lfsportevents.pl\/ligaorlika2025\/wp-content\/uploads\/1982\/12\/Maciej-Sroka.jpg\" alt=\"\" width=\"25\" height=\"33\" srcset=\"https:\/\/lfsportevents.pl\/ligaorlika2025\/wp-content\/uploads\/1982\/12\/Maciej-Sroka.jpg 225w, https:\/\/lfsportevents.pl\/ligaorlika2025\/wp-content\/uploads\/1982\/12\/Maciej-Sroka-96x128.jpg 96w, https:\/\/lfsportevents.pl\/ligaorlika2025\/wp-content\/uploads\/1982\/12\/Maciej-Sroka-24x32.jpg 24w\" sizes=\"(max-width: 25px) 100vw, 25px\" \/><\/a><a style=\"color: #993300;\" href=\"https:\/\/lfsportevents.pl\/ligaorlika2025\/player\/maciej-sroka\/\">Maciej Sroka<\/a><\/span><\/td>\n<td style=\"text-align: center;\" width=\"209\"><span style=\"color: #000000;\">Q-Graf\/Metalex<\/span><\/td>\n<td width=\"84\"><span style=\"color: #000000;\">15<\/span><\/td>\n<\/tr>\n<tr>\n<td width=\"59\"><span style=\"color: #333333;\"><strong>2017<\/strong><\/span><\/td>\n<td style=\"text-align: left;\" width=\"170\"><a href=\"https:\/\/lfsportevents.pl\/ligaorlika2025\/player\/mariusz-plata\/\"><img loading=\"lazy\" class=\"wp-image-13672 alignleft\" src=\"https:\/\/lfsportevents.pl\/ligaorlika2025\/wp-content\/uploads\/1999\/12\/Mariusz-Plata-1.jpg\" alt=\"\" width=\"25\" height=\"33\" srcset=\"https:\/\/lfsportevents.pl\/ligaorlika2025\/wp-content\/uploads\/1999\/12\/Mariusz-Plata-1.jpg 225w, https:\/\/lfsportevents.pl\/ligaorlika2025\/wp-content\/uploads\/1999\/12\/Mariusz-Plata-1-96x128.jpg 96w, https:\/\/lfsportevents.pl\/ligaorlika2025\/wp-content\/uploads\/1999\/12\/Mariusz-Plata-1-24x32.jpg 24w\" sizes=\"(max-width: 25px) 100vw, 25px\" \/><span style=\"color: #993300;\">Mariusz Plata<\/span><\/a><\/td>\n<td style=\"text-align: center;\" width=\"209\"><span style=\"color: #000000;\">Gold Team\/Meble Lorek<\/span><\/td>\n<td><span style=\"color: #000000;\">11<\/span><\/td>\n<\/tr>\n<tr>\n<td style=\"text-align: center;\" width=\"59\"><span style=\"color: #333333;\"><strong>2016<\/strong><\/span><\/td>\n<td style=\"text-align: left;\" width=\"170\"><span style=\"color: #993300;\"><img loading=\"lazy\" class=\"wp-image-20583 alignleft\" src=\"https:\/\/lfsportevents.pl\/ligaorlika2025\/wp-content\/uploads\/2020\/03\/Piotr-NIec.jpg\" alt=\"\" width=\"25\" height=\"33\" srcset=\"https:\/\/lfsportevents.pl\/ligaorlika2025\/wp-content\/uploads\/2020\/03\/Piotr-NIec.jpg 225w, https:\/\/lfsportevents.pl\/ligaorlika2025\/wp-content\/uploads\/2020\/03\/Piotr-NIec-96x128.jpg 96w, https:\/\/lfsportevents.pl\/ligaorlika2025\/wp-content\/uploads\/2020\/03\/Piotr-NIec-24x32.jpg 24w\" sizes=\"(max-width: 25px) 100vw, 25px\" \/><a style=\"font-family: inherit; color: #993300;\" href=\"https:\/\/lfsportevents.pl\/ligaorlika2025\/player\/piotr-niec\/\">Piotr Nie\u0107<\/a><\/span><\/td>\n<td style=\"text-align: center;\" width=\"209\"><span style=\"color: #000000;\">Kamex<\/span><\/td>\n<td><span style=\"color: #000000;\">23<\/span><\/td>\n<\/tr>\n<\/tbody>\n<\/table>\n<h4 class=\"sp-table-caption\" style=\"text-align: left;\">NAJLEPSI ASYSTENCI &#8211; PUCHAR LIGI ORLIKA<\/h4>\n<table width=\"522\">\n<tbody>\n<tr>\n<td width=\"59\"><strong>Sezon<\/strong><\/td>\n<td width=\"170\"><strong>Imi\u0119 i Nazwisko<\/strong><\/td>\n<td width=\"209\"><strong>Klub<\/strong><\/td>\n<td width=\"84\"><strong>Ilo\u015b\u0107 Asyst<\/strong><\/td>\n<\/tr>\n<tr>\n<td width=\"59\"><strong>2020<\/strong><\/td>\n<td style=\"text-align: left;\" width=\"170\"><a href=\"https:\/\/lfsportevents.pl\/ligaorlika2025\/player\/tomasz-maurek\/\"><img loading=\"lazy\" class=\"attachment-sportspress-fit-medium wp-post-image alignleft\" src=\"https:\/\/lfsportevents.pl\/ligaorlika2025\/wp-content\/uploads\/1978\/11\/Tomasz-Maurek.jpg\" sizes=\"(max-width: 225px) 100vw, 225px\" srcset=\"https:\/\/lfsportevents.pl\/ligaorlika2025\/wp-content\/uploads\/1978\/11\/Tomasz-Maurek.jpg 225w, https:\/\/lfsportevents.pl\/ligaorlika2025\/wp-content\/uploads\/1978\/11\/Tomasz-Maurek-96x128.jpg 96w, https:\/\/lfsportevents.pl\/ligaorlika2025\/wp-content\/uploads\/1978\/11\/Tomasz-Maurek-24x32.jpg 24w\" alt=\"\" width=\"25\" height=\"33\" \/><\/a><a href=\"https:\/\/lfsportevents.pl\/ligaorlika2025\/player\/tomasz-maurek\/\"><span style=\"color: #993300;\">Tomasz Maurek<\/span><\/a><\/td>\n<td width=\"209\">Wi\u015bniowski<\/td>\n<td width=\"84\">12<\/td>\n<\/tr>\n<tr>\n<td width=\"59\"><strong>2019<\/strong><\/td>\n<td style=\"text-align: left;\" width=\"170\"><a href=\"https:\/\/lfsportevents.pl\/ligaorlika2025\/player\/piotr-pazgan\/\"><img loading=\"lazy\" class=\"wp-image-19421 alignleft\" src=\"https:\/\/lfsportevents.pl\/ligaorlika2025\/wp-content\/uploads\/1995\/01\/Piotr-Pazgan.jpg\" alt=\"\" width=\"25\" height=\"34\" srcset=\"https:\/\/lfsportevents.pl\/ligaorlika2025\/wp-content\/uploads\/1995\/01\/Piotr-Pazgan.jpg 225w, https:\/\/lfsportevents.pl\/ligaorlika2025\/wp-content\/uploads\/1995\/01\/Piotr-Pazgan-223x300.jpg 223w, https:\/\/lfsportevents.pl\/ligaorlika2025\/wp-content\/uploads\/1995\/01\/Piotr-Pazgan-95x128.jpg 95w, https:\/\/lfsportevents.pl\/ligaorlika2025\/wp-content\/uploads\/1995\/01\/Piotr-Pazgan-24x32.jpg 24w\" sizes=\"(max-width: 25px) 100vw, 25px\" \/><span style=\"color: #993300;\">Piotr Pazgan<\/span><\/a><\/td>\n<td width=\"209\">Firma Budowlana Wo\u017aniak<\/td>\n<td width=\"84\">8<\/td>\n<\/tr>\n<tr>\n<td width=\"59\"><strong>2018<\/strong><\/td>\n<td style=\"text-align: left;\" width=\"170\"><span style=\"color: #993300;\"><img loading=\"lazy\" class=\"wp-image-20583 alignleft\" src=\"https:\/\/lfsportevents.pl\/ligaorlika2025\/wp-content\/uploads\/2020\/03\/Piotr-NIec.jpg\" alt=\"\" width=\"25\" height=\"33\" srcset=\"https:\/\/lfsportevents.pl\/ligaorlika2025\/wp-content\/uploads\/2020\/03\/Piotr-NIec.jpg 225w, https:\/\/lfsportevents.pl\/ligaorlika2025\/wp-content\/uploads\/2020\/03\/Piotr-NIec-96x128.jpg 96w, https:\/\/lfsportevents.pl\/ligaorlika2025\/wp-content\/uploads\/2020\/03\/Piotr-NIec-24x32.jpg 24w\" sizes=\"(max-width: 25px) 100vw, 25px\" \/><a style=\"font-family: inherit; color: #993300;\" href=\"https:\/\/lfsportevents.pl\/ligaorlika2025\/player\/piotr-niec\/\">Piotr Nie\u0107<\/a><\/span><\/td>\n<td width=\"209\">Dom Weselny Sylwia<\/td>\n<td width=\"84\">10<\/td>\n<\/tr>\n<tr>\n<td width=\"59\"><strong>2017<\/strong><\/td>\n<td style=\"text-align: left;\" width=\"170\"><a href=\"https:\/\/lfsportevents.pl\/ligaorlika2025\/player\/damian-dudek\/\"><img loading=\"lazy\" class=\"wp-image-13668 alignleft\" src=\"https:\/\/lfsportevents.pl\/ligaorlika2025\/wp-content\/uploads\/1999\/12\/Daniel-Dudek.jpg\" alt=\"\" width=\"25\" height=\"33\" srcset=\"https:\/\/lfsportevents.pl\/ligaorlika2025\/wp-content\/uploads\/1999\/12\/Daniel-Dudek.jpg 225w, https:\/\/lfsportevents.pl\/ligaorlika2025\/wp-content\/uploads\/1999\/12\/Daniel-Dudek-96x128.jpg 96w, https:\/\/lfsportevents.pl\/ligaorlika2025\/wp-content\/uploads\/1999\/12\/Daniel-Dudek-24x32.jpg 24w\" sizes=\"(max-width: 25px) 100vw, 25px\" \/><span style=\"color: #993300;\">Damian Dudek<\/span><\/a><\/td>\n<td width=\"209\">Gold Team\/Meble Lorek<\/td>\n<td>4<\/td>\n<\/tr>\n<tr>\n<td width=\"59\"><strong>2016<\/strong><\/td>\n<td style=\"text-align: left;\" width=\"170\"><span style=\"color: #993300;\"><a style=\"color: #993300;\" href=\"https:\/\/lfsportevents.pl\/ligaorlika2025\/player\/lukasz-kij\/\"><img loading=\"lazy\" class=\"wp-image-13813 alignleft\" src=\"https:\/\/lfsportevents.pl\/ligaorlika2025\/wp-content\/uploads\/1985\/09\/\u0141ukasz-Kij.jpg\" alt=\"\" width=\"25\" height=\"33\" srcset=\"https:\/\/lfsportevents.pl\/ligaorlika2025\/wp-content\/uploads\/1985\/09\/\u0141ukasz-Kij.jpg 225w, https:\/\/lfsportevents.pl\/ligaorlika2025\/wp-content\/uploads\/1985\/09\/\u0141ukasz-Kij-96x128.jpg 96w, https:\/\/lfsportevents.pl\/ligaorlika2025\/wp-content\/uploads\/1985\/09\/\u0141ukasz-Kij-24x32.jpg 24w\" sizes=\"(max-width: 25px) 100vw, 25px\" \/>\u0141ukasz Kij<\/a><\/span><\/td>\n<td width=\"209\">The Reds Inter-Jack<\/td>\n<td>9<\/td>\n<\/tr>\n<\/tbody>\n<\/table>\n<h4 class=\"sp-table-caption\">NAJLEPSI W KL. KANADYJSKIEJ &#8211; PUCHAR LIGI ORLIKA<\/h4>\n<table width=\"522\">\n<tbody>\n<tr>\n<td width=\"59\"><strong>Sezon<\/strong><\/td>\n<td width=\"170\"><strong>Imi\u0119 i Nazwisko<\/strong><\/td>\n<td width=\"209\"><strong>Klub<\/strong><\/td>\n<td width=\"84\"><strong>Ilo\u015b\u0107 Punkt\u00f3w<\/strong><\/td>\n<\/tr>\n<tr>\n<td width=\"59\"><strong>2020<\/strong><\/td>\n<td style=\"text-align: left;\" width=\"170\"><a href=\"https:\/\/lfsportevents.pl\/ligaorlika2025\/player\/tomasz-maurek\/\"><img loading=\"lazy\" class=\"attachment-sportspress-fit-medium wp-post-image alignleft\" src=\"https:\/\/lfsportevents.pl\/ligaorlika2025\/wp-content\/uploads\/1978\/11\/Tomasz-Maurek.jpg\" sizes=\"(max-width: 225px) 100vw, 225px\" srcset=\"https:\/\/lfsportevents.pl\/ligaorlika2025\/wp-content\/uploads\/1978\/11\/Tomasz-Maurek.jpg 225w, https:\/\/lfsportevents.pl\/ligaorlika2025\/wp-content\/uploads\/1978\/11\/Tomasz-Maurek-96x128.jpg 96w, https:\/\/lfsportevents.pl\/ligaorlika2025\/wp-content\/uploads\/1978\/11\/Tomasz-Maurek-24x32.jpg 24w\" alt=\"\" width=\"25\" height=\"33\" \/><\/a><a href=\"https:\/\/lfsportevents.pl\/ligaorlika2025\/player\/tomasz-maurek\/\"><span style=\"color: #993300;\">Tomasz Maurek<\/span><\/a><\/td>\n<td width=\"209\">Wi\u015bniowski<\/td>\n<td width=\"84\">29<\/td>\n<\/tr>\n<tr>\n<td width=\"59\"><strong>2019<\/strong><\/td>\n<td style=\"text-align: left;\" width=\"170\"><a href=\"https:\/\/lfsportevents.pl\/ligaorlika2025\/player\/marcin-plata\/\"><img loading=\"lazy\" class=\"wp-image-18564 alignleft\" src=\"https:\/\/lfsportevents.pl\/ligaorlika2025\/wp-content\/uploads\/2019\/04\/Marcin-Plata.jpg\" alt=\"\" width=\"25\" height=\"33\" srcset=\"https:\/\/lfsportevents.pl\/ligaorlika2025\/wp-content\/uploads\/2019\/04\/Marcin-Plata.jpg 225w, https:\/\/lfsportevents.pl\/ligaorlika2025\/wp-content\/uploads\/2019\/04\/Marcin-Plata-96x128.jpg 96w, https:\/\/lfsportevents.pl\/ligaorlika2025\/wp-content\/uploads\/2019\/04\/Marcin-Plata-24x32.jpg 24w\" sizes=\"(max-width: 25px) 100vw, 25px\" \/><span style=\"color: #993300;\">Marcin Plata<\/span><\/a><\/td>\n<td width=\"209\">Dom Weselny Sylwia<\/td>\n<td width=\"84\">17<\/td>\n<\/tr>\n<tr>\n<td width=\"59\"><strong>2018<\/strong><\/td>\n<td style=\"text-align: left;\" width=\"170\"><span style=\"color: #993300;\"><a style=\"color: #993300;\" href=\"https:\/\/lfsportevents.pl\/ligaorlika2025\/player\/maciej-sroka\/\"><img loading=\"lazy\" class=\"wp-image-13660 alignleft\" src=\"https:\/\/lfsportevents.pl\/ligaorlika2025\/wp-content\/uploads\/1982\/12\/Maciej-Sroka.jpg\" alt=\"\" width=\"25\" height=\"33\" srcset=\"https:\/\/lfsportevents.pl\/ligaorlika2025\/wp-content\/uploads\/1982\/12\/Maciej-Sroka.jpg 225w, https:\/\/lfsportevents.pl\/ligaorlika2025\/wp-content\/uploads\/1982\/12\/Maciej-Sroka-96x128.jpg 96w, https:\/\/lfsportevents.pl\/ligaorlika2025\/wp-content\/uploads\/1982\/12\/Maciej-Sroka-24x32.jpg 24w\" sizes=\"(max-width: 25px) 100vw, 25px\" \/><\/a><a style=\"color: #993300;\" href=\"https:\/\/lfsportevents.pl\/ligaorlika2025\/player\/maciej-sroka\/\">Maciej Sroka<\/a><\/span><\/td>\n<td width=\"209\">Q-Graf\/Metalex<\/td>\n<td width=\"84\">20<\/td>\n<\/tr>\n<tr>\n<td width=\"59\"><strong>2017<\/strong><\/td>\n<td style=\"text-align: left;\" width=\"170\"><a href=\"https:\/\/lfsportevents.pl\/ligaorlika2025\/player\/mariusz-plata\/\"><img loading=\"lazy\" class=\"wp-image-13672 alignleft\" src=\"https:\/\/lfsportevents.pl\/ligaorlika2025\/wp-content\/uploads\/1999\/12\/Mariusz-Plata-1.jpg\" alt=\"\" width=\"25\" height=\"33\" srcset=\"https:\/\/lfsportevents.pl\/ligaorlika2025\/wp-content\/uploads\/1999\/12\/Mariusz-Plata-1.jpg 225w, https:\/\/lfsportevents.pl\/ligaorlika2025\/wp-content\/uploads\/1999\/12\/Mariusz-Plata-1-96x128.jpg 96w, https:\/\/lfsportevents.pl\/ligaorlika2025\/wp-content\/uploads\/1999\/12\/Mariusz-Plata-1-24x32.jpg 24w\" sizes=\"(max-width: 25px) 100vw, 25px\" \/><span style=\"color: #993300;\">Mariusz Plata<\/span><\/a><\/td>\n<td width=\"209\">Gold Team\/Meble Lorek<\/td>\n<td>14<\/td>\n<\/tr>\n<tr>\n<td width=\"59\"><strong>2016<\/strong><\/td>\n<td style=\"text-align: left;\" width=\"170\"><span style=\"color: #993300;\"><img loading=\"lazy\" class=\"wp-image-20583 alignleft\" src=\"https:\/\/lfsportevents.pl\/ligaorlika2025\/wp-content\/uploads\/2020\/03\/Piotr-NIec.jpg\" alt=\"\" width=\"25\" height=\"34\" srcset=\"https:\/\/lfsportevents.pl\/ligaorlika2025\/wp-content\/uploads\/2020\/03\/Piotr-NIec.jpg 225w, https:\/\/lfsportevents.pl\/ligaorlika2025\/wp-content\/uploads\/2020\/03\/Piotr-NIec-96x128.jpg 96w, https:\/\/lfsportevents.pl\/ligaorlika2025\/wp-content\/uploads\/2020\/03\/Piotr-NIec-24x32.jpg 24w\" sizes=\"(max-width: 25px) 100vw, 25px\" \/><a style=\"font-family: inherit; color: #993300;\" href=\"https:\/\/lfsportevents.pl\/ligaorlika2025\/player\/piotr-niec\/\">Piotr Nie\u0107<\/a><\/span><\/td>\n<td width=\"209\">Kamex<\/td>\n<td>32<\/td>\n<\/tr>\n<\/tbody>\n<\/table>\n<h4 class=\"sp-table-caption\">NAJLEPSI BRAMKARZE &#8211; PUCHAR LIGI ORLIKA<\/h4>\n<table width=\"438\">\n<tbody>\n<tr>\n<td width=\"59\"><strong>Sezon<\/strong><\/td>\n<td width=\"170\"><strong>Imi\u0119 i Nazwisko<\/strong><\/td>\n<td width=\"209\"><strong>Klub<\/strong><\/td>\n<\/tr>\n<tr>\n<td width=\"59\"><strong>2020<\/strong><\/td>\n<td style=\"text-align: left;\" width=\"170\"><a href=\"https:\/\/lfsportevents.pl\/ligaorlika2025\/player\/rafal-plata\/\"><img loading=\"lazy\" class=\"attachment-sportspress-fit-medium wp-post-image alignleft\" src=\"https:\/\/lfsportevents.pl\/ligaorlika2025\/wp-content\/uploads\/1999\/12\/Rafa\u0142-Plata-1-1.jpg\" sizes=\"(max-width: 225px) 100vw, 225px\" srcset=\"https:\/\/lfsportevents.pl\/ligaorlika2025\/wp-content\/uploads\/1999\/12\/Rafa\u0142-Plata-1-1.jpg 225w, https:\/\/lfsportevents.pl\/ligaorlika2025\/wp-content\/uploads\/1999\/12\/Rafa\u0142-Plata-1-1-96x128.jpg 96w, https:\/\/lfsportevents.pl\/ligaorlika2025\/wp-content\/uploads\/1999\/12\/Rafa\u0142-Plata-1-1-24x32.jpg 24w\" alt=\"\" width=\"25\" height=\"33\" \/><span style=\"color: #993300;\">Rafa\u0142 Plata<\/span><\/a><\/td>\n<td width=\"209\">Gold Team\/Meble Lorek<\/td>\n<\/tr>\n<tr>\n<td width=\"59\"><strong>2019<\/strong><\/td>\n<td style=\"text-align: left;\" width=\"170\"><a href=\"https:\/\/lfsportevents.pl\/ligaorlika2025\/player\/andrzej-malek\/\"><img loading=\"lazy\" class=\"wp-image-19098 alignleft\" src=\"https:\/\/lfsportevents.pl\/ligaorlika2025\/wp-content\/uploads\/1982\/11\/Andrzej-Ma\u0142ek.jpg\" alt=\"\" width=\"25\" height=\"33\" srcset=\"https:\/\/lfsportevents.pl\/ligaorlika2025\/wp-content\/uploads\/1982\/11\/Andrzej-Ma\u0142ek.jpg 225w, https:\/\/lfsportevents.pl\/ligaorlika2025\/wp-content\/uploads\/1982\/11\/Andrzej-Ma\u0142ek-96x128.jpg 96w, https:\/\/lfsportevents.pl\/ligaorlika2025\/wp-content\/uploads\/1982\/11\/Andrzej-Ma\u0142ek-24x32.jpg 24w\" sizes=\"(max-width: 25px) 100vw, 25px\" \/><span style=\"color: #993300;\">Andrzej Ma\u0142ek<\/span><\/a><\/td>\n<td width=\"209\">Tylicz.Ski<\/td>\n<\/tr>\n<tr>\n<td width=\"59\"><strong>2018<\/strong><\/td>\n<td style=\"text-align: left;\" width=\"170\"><a href=\"https:\/\/lfsportevents.pl\/ligaorlika2025\/player\/robert-kaluzinski\/\"><img loading=\"lazy\" class=\"wp-image-13818 alignleft\" src=\"https:\/\/lfsportevents.pl\/ligaorlika2025\/wp-content\/uploads\/1985\/09\/Robert-Ka\u0142uzi\u0144ski-1.jpg\" alt=\"\" width=\"25\" height=\"33\" srcset=\"https:\/\/lfsportevents.pl\/ligaorlika2025\/wp-content\/uploads\/1985\/09\/Robert-Ka\u0142uzi\u0144ski-1.jpg 225w, https:\/\/lfsportevents.pl\/ligaorlika2025\/wp-content\/uploads\/1985\/09\/Robert-Ka\u0142uzi\u0144ski-1-96x128.jpg 96w, https:\/\/lfsportevents.pl\/ligaorlika2025\/wp-content\/uploads\/1985\/09\/Robert-Ka\u0142uzi\u0144ski-1-24x32.jpg 24w\" sizes=\"(max-width: 25px) 100vw, 25px\" \/><span style=\"color: #993300;\">Robert Ka\u0142uzi\u0144ski<\/span><\/a><\/td>\n<td width=\"209\">The Reds Inter-Jack<\/td>\n<\/tr>\n<\/tbody>\n<\/table>\n<h4 class=\"sp-table-caption\">NAJLEPSI OBRO\u0143CY &#8211; PUCHAR LIGI ORLIKA<\/h4>\n<table width=\"438\">\n<tbody>\n<tr>\n<td width=\"59\"><strong>Sezon<\/strong><\/td>\n<td width=\"170\"><strong>Imi\u0119 i Nazwisko<\/strong><\/td>\n<td width=\"209\"><strong>Klub<\/strong><\/td>\n<\/tr>\n<tr>\n<td width=\"59\"><strong>2020<\/strong><\/td>\n<td style=\"text-align: left;\" width=\"170\"><span style=\"color: #993300;\"><a style=\"color: #993300;\" href=\"https:\/\/lfsportevents.pl\/ligaorlika2025\/player\/jakub-grinski\/\"><img loading=\"lazy\" class=\"attachment-sportspress-fit-medium  wp-post-image alignleft\" src=\"https:\/\/lfsportevents.pl\/ligaorlika2025\/wp-content\/uploads\/1986\/02\/Rafa\u0142-Zi\u0119ba.jpg\" sizes=\"(max-width: 225px) 100vw, 225px\" srcset=\"https:\/\/lfsportevents.pl\/ligaorlika2025\/wp-content\/uploads\/1986\/02\/Rafa\u0142-Zi\u0119ba.jpg 225w, https:\/\/lfsportevents.pl\/ligaorlika2025\/wp-content\/uploads\/1986\/02\/Rafa\u0142-Zi\u0119ba-96x128.jpg 96w, https:\/\/lfsportevents.pl\/ligaorlika2025\/wp-content\/uploads\/1986\/02\/Rafa\u0142-Zi\u0119ba-24x32.jpg 24w\" alt=\"\" width=\"25\" height=\"33\" \/> <\/a><a style=\"color: #993300;\" href=\"https:\/\/lfsportevents.pl\/ligaorlika2025\/player\/rafal-zieba\/\">Rafa\u0142 Zi\u0119ba<\/a><\/span><\/td>\n<td width=\"209\">Tylicz.Ski<\/td>\n<\/tr>\n<tr>\n<td width=\"59\"><strong>2019<\/strong><\/td>\n<td style=\"text-align: left;\" width=\"170\"><span style=\"color: #993300;\"><a style=\"color: #993300;\" href=\"https:\/\/lfsportevents.pl\/ligaorlika2025\/player\/jakub-grinski\/\">Jakub Gri\u0144ski<\/a><a style=\"color: #993300;\" href=\"https:\/\/lfsportevents.pl\/ligaorlika2025\/player\/jakub-grinski\/\"><img loading=\"lazy\" class=\"wp-image-19090 alignleft\" src=\"https:\/\/lfsportevents.pl\/ligaorlika2025\/wp-content\/uploads\/1989\/02\/Jakub-Gri\u0144ski.jpg\" alt=\"\" width=\"25\" height=\"33\" srcset=\"https:\/\/lfsportevents.pl\/ligaorlika2025\/wp-content\/uploads\/1989\/02\/Jakub-Gri\u0144ski.jpg 225w, https:\/\/lfsportevents.pl\/ligaorlika2025\/wp-content\/uploads\/1989\/02\/Jakub-Gri\u0144ski-96x128.jpg 96w, https:\/\/lfsportevents.pl\/ligaorlika2025\/wp-content\/uploads\/1989\/02\/Jakub-Gri\u0144ski-24x32.jpg 24w\" sizes=\"(max-width: 25px) 100vw, 25px\" \/><\/a><\/span><\/td>\n<td width=\"209\">Tylicz.Ski<\/td>\n<\/tr>\n<tr>\n<td width=\"59\"><strong>2018<\/strong><\/td>\n<td style=\"text-align: left;\" width=\"170\"><a href=\"https:\/\/lfsportevents.pl\/ligaorlika2025\/player\/rafal-pienko\/\"><img loading=\"lazy\" class=\"wp-image-13665 alignleft\" src=\"https:\/\/lfsportevents.pl\/ligaorlika2025\/wp-content\/uploads\/1982\/12\/Rafa\u0142-Pie\u0144ko.jpg\" alt=\"\" width=\"25\" height=\"33\" srcset=\"https:\/\/lfsportevents.pl\/ligaorlika2025\/wp-content\/uploads\/1982\/12\/Rafa\u0142-Pie\u0144ko.jpg 225w, https:\/\/lfsportevents.pl\/ligaorlika2025\/wp-content\/uploads\/1982\/12\/Rafa\u0142-Pie\u0144ko-96x128.jpg 96w, https:\/\/lfsportevents.pl\/ligaorlika2025\/wp-content\/uploads\/1982\/12\/Rafa\u0142-Pie\u0144ko-24x32.jpg 24w\" sizes=\"(max-width: 25px) 100vw, 25px\" \/><span style=\"color: #993300;\">Rafa\u0142 Pie\u0144ko<\/span><\/a><\/td>\n<td width=\"209\">Q-Graf\/Metalex<\/td>\n<\/tr>\n<\/tbody>\n<\/table>\n<p>&nbsp;<\/p>\n","protected":false},"excerpt":{"rendered":"<p>NAJLEPSI STRZELCY &#8211; PUCHAR LIGI ORLIKA Sezon Imi\u0119 i Nazwisko Klub Ilo\u015b\u0107 Goli 2020 Tomasz Maurek Wi\u015bniowski 17 2019 Marcin Plata Dom Weselny Sylwia 11 2018 Maciej Sroka Q-Graf\/Metalex 15 2017 Mariusz Plata Gold Team\/Meble Lorek 11 2016 Piotr Nie\u0107 Kamex 23 NAJLEPSI ASYSTENCI &#8211; PUCHAR LIGI ORLIKA Sezon Imi\u0119 i Nazwisko Klub Ilo\u015b\u0107 Asyst [&hellip;]<\/p>\n","protected":false},"author":1,"featured_media":0,"parent":0,"menu_order":0,"comment_status":"closed","ping_status":"closed","template":"","meta":[],"_links":{"self":[{"href":"https:\/\/lfsportevents.pl\/ligaorlika2025\/wp-json\/wp\/v2\/pages\/20550"}],"collection":[{"href":"https:\/\/lfsportevents.pl\/ligaorlika2025\/wp-json\/wp\/v2\/pages"}],"about":[{"href":"https:\/\/lfsportevents.pl\/ligaorlika2025\/wp-json\/wp\/v2\/types\/page"}],"author":[{"embeddable":true,"href":"https:\/\/lfsportevents.pl\/ligaorlika2025\/wp-json\/wp\/v2\/users\/1"}],"replies":[{"embeddable":true,"href":"https:\/\/lfsportevents.pl\/ligaorlika2025\/wp-json\/wp\/v2\/comments?post=20550"}],"version-history":[{"count":2,"href":"https:\/\/lfsportevents.pl\/ligaorlika2025\/wp-json\/wp\/v2\/pages\/20550\/revisions"}],"predecessor-version":[{"id":23549,"href":"https:\/\/lfsportevents.pl\/ligaorlika2025\/wp-json\/wp\/v2\/pages\/20550\/revisions\/23549"}],"wp:attachment":[{"href":"https:\/\/lfsportevents.pl\/ligaorlika2025\/wp-json\/wp\/v2\/media?parent=20550"}],"curies":[{"name":"wp","href":"https:\/\/api.w.org\/{rel}","templated":true}]}}