{"id":20549,"date":"2020-03-31T11:40:01","date_gmt":"2020-03-31T09:40:01","guid":{"rendered":"https:\/\/lfsportevents.pl\/ligaorlika2025\/?page_id=20549"},"modified":"2021-03-31T01:16:12","modified_gmt":"2021-03-30T23:16:12","slug":"iii-liga","status":"publish","type":"page","link":"https:\/\/lfsportevents.pl\/ligaorlika2025\/iii-liga\/","title":{"rendered":"III Liga"},"content":{"rendered":"<h4 class=\"sp-table-caption\">NAJLEPSI STRZELCY &#8211; IiI LIGA<\/h4>\n<table width=\"522\">\n<tbody>\n<tr>\n<td width=\"59\"><strong>Sezon<\/strong><\/td>\n<td width=\"170\"><strong>Imi\u0119 i Nazwisko<\/strong><\/td>\n<td width=\"209\"><strong>Klub<\/strong><\/td>\n<td width=\"84\"><strong>Ilo\u015b\u0107 Goli<\/strong><\/td>\n<\/tr>\n<tr>\n<td width=\"59\"><strong>2020<\/strong><\/td>\n<td style=\"text-align: left;\" width=\"170\"><a href=\"https:\/\/lfsportevents.pl\/ligaorlika2025\/player\/artur-przetacznik\/\"><img loading=\"lazy\" class=\"attachment-sportspress-fit-medium  wp-post-image alignleft\" src=\"https:\/\/lfsportevents.pl\/ligaorlika2025\/wp-content\/uploads\/1998\/02\/Artur-Przetacznik.jpg\" sizes=\"(max-width: 225px) 100vw, 225px\" srcset=\"https:\/\/lfsportevents.pl\/ligaorlika2025\/wp-content\/uploads\/1998\/02\/Artur-Przetacznik.jpg 225w, https:\/\/lfsportevents.pl\/ligaorlika2025\/wp-content\/uploads\/1998\/02\/Artur-Przetacznik-96x128.jpg 96w, https:\/\/lfsportevents.pl\/ligaorlika2025\/wp-content\/uploads\/1998\/02\/Artur-Przetacznik-24x32.jpg 24w\" alt=\"\" width=\"25\" height=\"33\" \/>Artur Przetacznik<\/a><\/td>\n<td width=\"209\">Galactik Gootball<\/td>\n<td width=\"84\">40<\/td>\n<\/tr>\n<\/tbody>\n<\/table>\n<h4 class=\"sp-table-caption\" style=\"text-align: left;\">NAJLEPSI ASYSTENCI &#8211; IIi LIGA<\/h4>\n<table width=\"522\">\n<tbody>\n<tr>\n<td width=\"59\"><strong>Sezon<\/strong><\/td>\n<td width=\"170\"><strong>Imi\u0119 i Nazwisko<\/strong><\/td>\n<td width=\"209\"><strong>Klub<\/strong><\/td>\n<td width=\"84\"><strong>Ilo\u015b\u0107 Asyst<\/strong><\/td>\n<\/tr>\n<tr>\n<td width=\"59\"><strong>2020<\/strong><\/td>\n<td style=\"text-align: left;\" width=\"170\"><a href=\"https:\/\/lfsportevents.pl\/ligaorlika2025\/player\/artur-przetacznik\/\"><img loading=\"lazy\" class=\"attachment-sportspress-fit-medium  wp-post-image alignleft\" src=\"https:\/\/lfsportevents.pl\/ligaorlika2025\/wp-content\/uploads\/1998\/02\/Artur-Przetacznik.jpg\" sizes=\"(max-width: 225px) 100vw, 225px\" srcset=\"https:\/\/lfsportevents.pl\/ligaorlika2025\/wp-content\/uploads\/1998\/02\/Artur-Przetacznik.jpg 225w, https:\/\/lfsportevents.pl\/ligaorlika2025\/wp-content\/uploads\/1998\/02\/Artur-Przetacznik-96x128.jpg 96w, https:\/\/lfsportevents.pl\/ligaorlika2025\/wp-content\/uploads\/1998\/02\/Artur-Przetacznik-24x32.jpg 24w\" alt=\"\" width=\"25\" height=\"33\" \/>Artur Przetacznik<\/a><\/td>\n<td width=\"209\">Galactik Gootball<\/td>\n<td width=\"84\">24<\/td>\n<\/tr>\n<\/tbody>\n<\/table>\n<h4 class=\"sp-table-caption\">NAJLEPSI W KL. KANADYJSKIEJ &#8211; IiI LIGA<\/h4>\n<table width=\"522\">\n<tbody>\n<tr>\n<td width=\"59\"><strong>Sezon<\/strong><\/td>\n<td width=\"170\"><strong>Imi\u0119 i Nazwisko<\/strong><\/td>\n<td width=\"209\"><strong>Klub<\/strong><\/td>\n<td width=\"84\"><strong>Ilo\u015b\u0107 Punkt\u00f3w<\/strong><\/td>\n<\/tr>\n<tr>\n<td width=\"59\"><strong>2020<\/strong><\/td>\n<td style=\"text-align: left;\" width=\"170\"><a href=\"https:\/\/lfsportevents.pl\/ligaorlika2025\/player\/artur-przetacznik\/\"><img loading=\"lazy\" class=\"attachment-sportspress-fit-medium  wp-post-image alignleft\" src=\"https:\/\/lfsportevents.pl\/ligaorlika2025\/wp-content\/uploads\/1998\/02\/Artur-Przetacznik.jpg\" sizes=\"(max-width: 225px) 100vw, 225px\" srcset=\"https:\/\/lfsportevents.pl\/ligaorlika2025\/wp-content\/uploads\/1998\/02\/Artur-Przetacznik.jpg 225w, https:\/\/lfsportevents.pl\/ligaorlika2025\/wp-content\/uploads\/1998\/02\/Artur-Przetacznik-96x128.jpg 96w, https:\/\/lfsportevents.pl\/ligaorlika2025\/wp-content\/uploads\/1998\/02\/Artur-Przetacznik-24x32.jpg 24w\" alt=\"\" width=\"25\" height=\"33\" \/>Artur Przetacznik<\/a><\/td>\n<td width=\"209\">Galactik Gootball<\/td>\n<td width=\"84\">64<\/td>\n<\/tr>\n<\/tbody>\n<\/table>\n<h4 class=\"sp-table-caption\">NAJLEPSI BRAMKARZE &#8211; IIi LIGA<\/h4>\n<table width=\"438\">\n<tbody>\n<tr>\n<td width=\"59\"><strong>Sezon<\/strong><\/td>\n<td width=\"170\"><strong>Imi\u0119 i Nazwisko<\/strong><\/td>\n<td width=\"209\"><strong>Klub<\/strong><\/td>\n<\/tr>\n<tr>\n<td width=\"59\"><strong>2020<\/strong><\/td>\n<td style=\"text-align: left;\" width=\"170\"><a href=\"https:\/\/lfsportevents.pl\/ligaorlika2025\/player\/krystian-skoczen\/\"><img loading=\"lazy\" class=\"attachment-sportspress-fit-medium  wp-post-image alignleft\" src=\"https:\/\/lfsportevents.pl\/ligaorlika2025\/wp-content\/uploads\/1999\/12\/Krystian-Skocze\u0144.jpg\" sizes=\"(max-width: 225px) 100vw, 225px\" srcset=\"https:\/\/lfsportevents.pl\/ligaorlika2025\/wp-content\/uploads\/1999\/12\/Krystian-Skocze\u0144.jpg 225w, https:\/\/lfsportevents.pl\/ligaorlika2025\/wp-content\/uploads\/1999\/12\/Krystian-Skocze\u0144-96x128.jpg 96w, https:\/\/lfsportevents.pl\/ligaorlika2025\/wp-content\/uploads\/1999\/12\/Krystian-Skocze\u0144-24x32.jpg 24w\" alt=\"\" width=\"25\" height=\"33\" \/>Krystian Skocze\u0144<\/a><\/td>\n<td width=\"209\">Galactik Gootball<\/td>\n<\/tr>\n<\/tbody>\n<\/table>\n<h4 class=\"sp-table-caption\">NAJLEPSI OBRO\u0143CY &#8211; IIi LIGA<\/h4>\n<table width=\"438\">\n<tbody>\n<tr>\n<td width=\"59\"><strong>Sezon<\/strong><\/td>\n<td width=\"170\"><strong>Imi\u0119 i Nazwisko<\/strong><\/td>\n<td width=\"209\"><strong>Klub<\/strong><\/td>\n<\/tr>\n<tr>\n<td width=\"59\"><strong>2020<\/strong><\/td>\n<td style=\"text-align: left;\" width=\"170\"><a href=\"https:\/\/lfsportevents.pl\/ligaorlika2025\/player\/michal-kmiecik\/\"><img loading=\"lazy\" class=\"attachment-sportspress-fit-medium  wp-post-image alignleft\" src=\"https:\/\/lfsportevents.pl\/ligaorlika2025\/wp-content\/uploads\/1994\/12\/Micha\u0142-Kmiecik.jpg\" sizes=\"(max-width: 225px) 100vw, 225px\" srcset=\"https:\/\/lfsportevents.pl\/ligaorlika2025\/wp-content\/uploads\/1994\/12\/Micha\u0142-Kmiecik.jpg 225w, https:\/\/lfsportevents.pl\/ligaorlika2025\/wp-content\/uploads\/1994\/12\/Micha\u0142-Kmiecik-96x128.jpg 96w, https:\/\/lfsportevents.pl\/ligaorlika2025\/wp-content\/uploads\/1994\/12\/Micha\u0142-Kmiecik-24x32.jpg 24w\" alt=\"\" width=\"25\" height=\"33\" \/>Micha\u0142 Kmiecik<\/a><\/td>\n<td width=\"209\">NK Team<\/td>\n<\/tr>\n<\/tbody>\n<\/table>\n<p>&nbsp;<\/p>\n","protected":false},"excerpt":{"rendered":"<p>NAJLEPSI STRZELCY &#8211; IiI LIGA Sezon Imi\u0119 i Nazwisko Klub Ilo\u015b\u0107 Goli 2020 Artur Przetacznik Galactik Gootball 40 NAJLEPSI ASYSTENCI &#8211; IIi LIGA Sezon Imi\u0119 i Nazwisko Klub Ilo\u015b\u0107 Asyst 2020 Artur Przetacznik Galactik Gootball 24 NAJLEPSI W KL. KANADYJSKIEJ &#8211; IiI LIGA Sezon Imi\u0119 i Nazwisko Klub Ilo\u015b\u0107 Punkt\u00f3w 2020 Artur Przetacznik Galactik Gootball [&hellip;]<\/p>\n","protected":false},"author":1,"featured_media":0,"parent":0,"menu_order":0,"comment_status":"closed","ping_status":"closed","template":"","meta":[],"_links":{"self":[{"href":"https:\/\/lfsportevents.pl\/ligaorlika2025\/wp-json\/wp\/v2\/pages\/20549"}],"collection":[{"href":"https:\/\/lfsportevents.pl\/ligaorlika2025\/wp-json\/wp\/v2\/pages"}],"about":[{"href":"https:\/\/lfsportevents.pl\/ligaorlika2025\/wp-json\/wp\/v2\/types\/page"}],"author":[{"embeddable":true,"href":"https:\/\/lfsportevents.pl\/ligaorlika2025\/wp-json\/wp\/v2\/users\/1"}],"replies":[{"embeddable":true,"href":"https:\/\/lfsportevents.pl\/ligaorlika2025\/wp-json\/wp\/v2\/comments?post=20549"}],"version-history":[{"count":2,"href":"https:\/\/lfsportevents.pl\/ligaorlika2025\/wp-json\/wp\/v2\/pages\/20549\/revisions"}],"predecessor-version":[{"id":23547,"href":"https:\/\/lfsportevents.pl\/ligaorlika2025\/wp-json\/wp\/v2\/pages\/20549\/revisions\/23547"}],"wp:attachment":[{"href":"https:\/\/lfsportevents.pl\/ligaorlika2025\/wp-json\/wp\/v2\/media?parent=20549"}],"curies":[{"name":"wp","href":"https:\/\/api.w.org\/{rel}","templated":true}]}}