{"id":20548,"date":"2020-03-31T11:40:01","date_gmt":"2020-03-31T09:40:01","guid":{"rendered":"https:\/\/lfsportevents.pl\/ligaorlika2025\/?page_id=20548"},"modified":"2021-03-31T01:10:29","modified_gmt":"2021-03-30T23:10:29","slug":"ii-liga-2","status":"publish","type":"page","link":"https:\/\/lfsportevents.pl\/ligaorlika2025\/ii-liga-2\/","title":{"rendered":"II Liga"},"content":{"rendered":"<h4 class=\"sp-table-caption\">NAJLEPSI STRZELCY &#8211; II LIGA<\/h4>\n<table width=\"522\">\n<tbody>\n<tr>\n<td width=\"59\"><strong>Sezon<\/strong><\/td>\n<td width=\"170\"><strong>Imi\u0119 i Nazwisko<\/strong><\/td>\n<td width=\"209\"><strong>Klub<\/strong><\/td>\n<td width=\"84\"><strong>Ilo\u015b\u0107 Goli<\/strong><\/td>\n<\/tr>\n<tr>\n<td width=\"59\"><strong>2020<\/strong><\/td>\n<td style=\"text-align: left;\" width=\"170\"><span style=\"color: #993300;\"><a style=\"color: #993300;\" href=\"https:\/\/lfsportevents.pl\/ligaorlika2025\/player\/daniel-bodziony\/\"><img loading=\"lazy\" class=\"attachment-sportspress-fit-medium wp-post-image alignleft\" src=\"https:\/\/lfsportevents.pl\/ligaorlika2025\/wp-content\/uploads\/1991\/05\/Mateusz-Dobosz-1.jpg\" sizes=\"(max-width: 225px) 100vw, 225px\" srcset=\"https:\/\/lfsportevents.pl\/ligaorlika2025\/wp-content\/uploads\/1991\/05\/Mateusz-Dobosz-1.jpg 225w, https:\/\/lfsportevents.pl\/ligaorlika2025\/wp-content\/uploads\/1991\/05\/Mateusz-Dobosz-1-96x128.jpg 96w, https:\/\/lfsportevents.pl\/ligaorlika2025\/wp-content\/uploads\/1991\/05\/Mateusz-Dobosz-1-24x32.jpg 24w\" alt=\"\" width=\"25\" height=\"33\" \/><\/a><a style=\"color: #993300;\" href=\"https:\/\/lfsportevents.pl\/ligaorlika2025\/player\/mateusz-dobosz\/\">Mateusz Dobosz<\/a><\/span><\/td>\n<td width=\"209\">Clean Serwis<\/td>\n<td width=\"84\">32<\/td>\n<\/tr>\n<tr>\n<td width=\"59\"><strong>2019<\/strong><\/td>\n<td style=\"text-align: left;\" width=\"170\"><img loading=\"lazy\" class=\"wp-image-20630 alignleft\" src=\"https:\/\/lfsportevents.pl\/ligaorlika2025\/wp-content\/uploads\/2020\/04\/Daniel-Bodziony.jpg\" alt=\"\" width=\"25\" height=\"34\" srcset=\"https:\/\/lfsportevents.pl\/ligaorlika2025\/wp-content\/uploads\/2020\/04\/Daniel-Bodziony.jpg 225w, https:\/\/lfsportevents.pl\/ligaorlika2025\/wp-content\/uploads\/2020\/04\/Daniel-Bodziony-96x128.jpg 96w, https:\/\/lfsportevents.pl\/ligaorlika2025\/wp-content\/uploads\/2020\/04\/Daniel-Bodziony-24x32.jpg 24w\" sizes=\"(max-width: 25px) 100vw, 25px\" \/><span style=\"color: #993300;\"><a style=\"color: #993300;\" href=\"https:\/\/lfsportevents.pl\/ligaorlika2025\/player\/daniel-bodziony\/\">Daniel Bodziony<\/a><\/span><\/td>\n<td width=\"209\">S\u0105czersi<\/td>\n<td width=\"84\">29<\/td>\n<\/tr>\n<tr>\n<td width=\"59\"><strong>2018<\/strong><\/td>\n<td style=\"text-align: left;\" width=\"170\"><a href=\"https:\/\/lfsportevents.pl\/ligaorlika2025\/player\/jan-zielinski\/\"><img loading=\"lazy\" class=\"wp-image-12295 alignleft\" src=\"https:\/\/lfsportevents.pl\/ligaorlika2025\/wp-content\/uploads\/1987\/01\/Jan-Zieli\u0144ski.jpg\" alt=\"\" width=\"25\" height=\"33\" srcset=\"https:\/\/lfsportevents.pl\/ligaorlika2025\/wp-content\/uploads\/1987\/01\/Jan-Zieli\u0144ski.jpg 2268w, https:\/\/lfsportevents.pl\/ligaorlika2025\/wp-content\/uploads\/1987\/01\/Jan-Zieli\u0144ski-225x300.jpg 225w, https:\/\/lfsportevents.pl\/ligaorlika2025\/wp-content\/uploads\/1987\/01\/Jan-Zieli\u0144ski-768x1024.jpg 768w, https:\/\/lfsportevents.pl\/ligaorlika2025\/wp-content\/uploads\/1987\/01\/Jan-Zieli\u0144ski-96x128.jpg 96w, https:\/\/lfsportevents.pl\/ligaorlika2025\/wp-content\/uploads\/1987\/01\/Jan-Zieli\u0144ski-24x32.jpg 24w, https:\/\/lfsportevents.pl\/ligaorlika2025\/wp-content\/uploads\/1987\/01\/Jan-Zieli\u0144ski-550x733.jpg 550w\" sizes=\"(max-width: 25px) 100vw, 25px\" \/><span style=\"color: #993300;\">Jan Zieli\u0144ski<\/span><\/a><\/td>\n<td width=\"209\">Bruk-Ogr\u00f3d-Nowak<\/td>\n<td width=\"84\">38<\/td>\n<\/tr>\n<\/tbody>\n<\/table>\n<h4 class=\"sp-table-caption\" style=\"text-align: left;\">NAJLEPSI ASYSTENCI &#8211; II LIGA<\/h4>\n<table width=\"522\">\n<tbody>\n<tr>\n<td width=\"59\"><strong>Sezon<\/strong><\/td>\n<td width=\"170\"><strong>Imi\u0119 i Nazwisko<\/strong><\/td>\n<td width=\"209\"><strong>Klub<\/strong><\/td>\n<td width=\"84\"><strong>Ilo\u015b\u0107 Asyst<\/strong><\/td>\n<\/tr>\n<tr>\n<td width=\"59\"><strong>2020<\/strong><\/td>\n<td style=\"text-align: left;\" width=\"170\"><a href=\"https:\/\/lfsportevents.pl\/ligaorlika2025\/player\/wiktor-weber\/\"><span style=\"color: #993300;\"><img loading=\"lazy\" class=\"attachment-sportspress-fit-medium wp-post-image alignleft\" src=\"https:\/\/lfsportevents.pl\/ligaorlika2025\/wp-content\/uploads\/1984\/06\/Wiktor-Weber.jpg\" sizes=\"(max-width: 225px) 100vw, 225px\" srcset=\"https:\/\/lfsportevents.pl\/ligaorlika2025\/wp-content\/uploads\/1984\/06\/Wiktor-Weber.jpg 225w, https:\/\/lfsportevents.pl\/ligaorlika2025\/wp-content\/uploads\/1984\/06\/Wiktor-Weber-96x128.jpg 96w, https:\/\/lfsportevents.pl\/ligaorlika2025\/wp-content\/uploads\/1984\/06\/Wiktor-Weber-24x32.jpg 24w\" alt=\"\" width=\"25\" height=\"33\" \/>Wiktor Weber<\/span><\/a><\/td>\n<td width=\"209\">Olimp Team<\/td>\n<td width=\"84\">24<\/td>\n<\/tr>\n<tr>\n<td width=\"59\"><strong>2019<\/strong><\/td>\n<td style=\"text-align: left;\" width=\"170\"><a href=\"https:\/\/lfsportevents.pl\/ligaorlika2025\/player\/marek-knurowski\/\"><img loading=\"lazy\" class=\"wp-image-19319 alignleft\" src=\"https:\/\/lfsportevents.pl\/ligaorlika2025\/wp-content\/uploads\/1996\/04\/Marek-Knurowski.jpg\" alt=\"\" width=\"25\" height=\"33\" srcset=\"https:\/\/lfsportevents.pl\/ligaorlika2025\/wp-content\/uploads\/1996\/04\/Marek-Knurowski.jpg 225w, https:\/\/lfsportevents.pl\/ligaorlika2025\/wp-content\/uploads\/1996\/04\/Marek-Knurowski-96x128.jpg 96w, https:\/\/lfsportevents.pl\/ligaorlika2025\/wp-content\/uploads\/1996\/04\/Marek-Knurowski-24x32.jpg 24w\" sizes=\"(max-width: 25px) 100vw, 25px\" \/><span style=\"color: #993300;\">Marek Knurowski<\/span><\/a><\/td>\n<td width=\"209\">Instalservice<\/td>\n<td width=\"84\">22<\/td>\n<\/tr>\n<tr>\n<td width=\"59\"><strong>2018<\/strong><\/td>\n<td style=\"text-align: left;\" width=\"170\"><img loading=\"lazy\" class=\"wp-image-12296 alignleft\" src=\"https:\/\/lfsportevents.pl\/ligaorlika2025\/wp-content\/uploads\/1987\/01\/\u0141ukasz-Fa\u0142owski.jpg\" alt=\"\" width=\"25\" height=\"33\" srcset=\"https:\/\/lfsportevents.pl\/ligaorlika2025\/wp-content\/uploads\/1987\/01\/\u0141ukasz-Fa\u0142owski.jpg 2268w, https:\/\/lfsportevents.pl\/ligaorlika2025\/wp-content\/uploads\/1987\/01\/\u0141ukasz-Fa\u0142owski-225x300.jpg 225w, https:\/\/lfsportevents.pl\/ligaorlika2025\/wp-content\/uploads\/1987\/01\/\u0141ukasz-Fa\u0142owski-768x1024.jpg 768w, https:\/\/lfsportevents.pl\/ligaorlika2025\/wp-content\/uploads\/1987\/01\/\u0141ukasz-Fa\u0142owski-96x128.jpg 96w, https:\/\/lfsportevents.pl\/ligaorlika2025\/wp-content\/uploads\/1987\/01\/\u0141ukasz-Fa\u0142owski-24x32.jpg 24w, https:\/\/lfsportevents.pl\/ligaorlika2025\/wp-content\/uploads\/1987\/01\/\u0141ukasz-Fa\u0142owski-550x733.jpg 550w\" sizes=\"(max-width: 25px) 100vw, 25px\" \/><span style=\"color: #993300;\"><a style=\"color: #993300;\" href=\"https:\/\/lfsportevents.pl\/ligaorlika2025\/player\/lukasz-falowski\/\">\u0141ukasz Fa\u0142owski<\/a><\/span><\/td>\n<td width=\"209\">Bruk-Ogr\u00f3d-Nowak<\/td>\n<td width=\"84\">20<\/td>\n<\/tr>\n<\/tbody>\n<\/table>\n<h4 class=\"sp-table-caption\">NAJLEPSI W KL. KANADYJSKIEJ &#8211; II LIGA<\/h4>\n<table width=\"522\">\n<tbody>\n<tr>\n<td width=\"59\"><strong>Sezon<\/strong><\/td>\n<td width=\"170\"><strong>Imi\u0119 i Nazwisko<\/strong><\/td>\n<td width=\"209\"><strong>Klub<\/strong><\/td>\n<td width=\"84\"><strong>Ilo\u015b\u0107 Punkt\u00f3w<\/strong><\/td>\n<\/tr>\n<tr>\n<td width=\"59\"><strong>2020<\/strong><\/td>\n<td style=\"text-align: left;\" width=\"170\"><span style=\"color: #993300;\"><a href=\"https:\/\/lfsportevents.pl\/ligaorlika2025\/player\/piotr-gorecki\/\"><img loading=\"lazy\" class=\"attachment-sportspress-fit-medium wp-post-image alignleft\" src=\"https:\/\/lfsportevents.pl\/ligaorlika2025\/wp-content\/uploads\/1992\/04\/Piotr-G\u00f3recki.jpg\" sizes=\"(max-width: 225px) 100vw, 225px\" srcset=\"https:\/\/lfsportevents.pl\/ligaorlika2025\/wp-content\/uploads\/1992\/04\/Piotr-G\u00f3recki.jpg 225w, https:\/\/lfsportevents.pl\/ligaorlika2025\/wp-content\/uploads\/1992\/04\/Piotr-G\u00f3recki-96x128.jpg 96w, https:\/\/lfsportevents.pl\/ligaorlika2025\/wp-content\/uploads\/1992\/04\/Piotr-G\u00f3recki-24x32.jpg 24w\" alt=\"\" width=\"25\" height=\"33\" \/><span style=\"color: #993300;\">Piotr G\u00f3recki<\/span><\/a><\/span><\/td>\n<td width=\"209\">Batimowcy<\/td>\n<td width=\"84\">51<\/td>\n<\/tr>\n<tr>\n<td width=\"59\"><strong>2019<\/strong><\/td>\n<td style=\"text-align: left;\" width=\"170\"><img loading=\"lazy\" class=\"wp-image-20630 alignleft\" src=\"https:\/\/lfsportevents.pl\/ligaorlika2025\/wp-content\/uploads\/2020\/04\/Daniel-Bodziony.jpg\" alt=\"\" width=\"25\" height=\"34\" srcset=\"https:\/\/lfsportevents.pl\/ligaorlika2025\/wp-content\/uploads\/2020\/04\/Daniel-Bodziony.jpg 225w, https:\/\/lfsportevents.pl\/ligaorlika2025\/wp-content\/uploads\/2020\/04\/Daniel-Bodziony-96x128.jpg 96w, https:\/\/lfsportevents.pl\/ligaorlika2025\/wp-content\/uploads\/2020\/04\/Daniel-Bodziony-24x32.jpg 24w\" sizes=\"(max-width: 25px) 100vw, 25px\" \/><span style=\"color: #993300;\"><a style=\"color: #993300;\" href=\"https:\/\/lfsportevents.pl\/ligaorlika2025\/player\/daniel-bodziony\/\">Daniel Bodziony<\/a><\/span><\/td>\n<td width=\"209\">S\u0105czersi<\/td>\n<td width=\"84\">44<\/td>\n<\/tr>\n<tr>\n<td width=\"59\"><strong>2018<\/strong><\/td>\n<td style=\"text-align: left;\" width=\"170\"><a href=\"https:\/\/lfsportevents.pl\/ligaorlika20252018\/player\/mateusz-duda\/\"><img loading=\"lazy\" class=\"wp-image-12299 alignleft\" src=\"https:\/\/lfsportevents.pl\/ligaorlika2025\/wp-content\/uploads\/1987\/01\/Mateusz-Duda.jpg\" alt=\"\" width=\"25\" height=\"33\" srcset=\"https:\/\/lfsportevents.pl\/ligaorlika2025\/wp-content\/uploads\/1987\/01\/Mateusz-Duda.jpg 2268w, https:\/\/lfsportevents.pl\/ligaorlika2025\/wp-content\/uploads\/1987\/01\/Mateusz-Duda-225x300.jpg 225w, https:\/\/lfsportevents.pl\/ligaorlika2025\/wp-content\/uploads\/1987\/01\/Mateusz-Duda-768x1024.jpg 768w, https:\/\/lfsportevents.pl\/ligaorlika2025\/wp-content\/uploads\/1987\/01\/Mateusz-Duda-96x128.jpg 96w, https:\/\/lfsportevents.pl\/ligaorlika2025\/wp-content\/uploads\/1987\/01\/Mateusz-Duda-24x32.jpg 24w, https:\/\/lfsportevents.pl\/ligaorlika2025\/wp-content\/uploads\/1987\/01\/Mateusz-Duda-550x733.jpg 550w\" sizes=\"(max-width: 25px) 100vw, 25px\" \/><span style=\"color: #993300;\">Mateusz Duda<\/span><\/a><\/td>\n<td width=\"209\">Bruk-Ogr\u00f3d-Nowak<\/td>\n<td width=\"84\">49<\/td>\n<\/tr>\n<\/tbody>\n<\/table>\n<h4 class=\"sp-table-caption\">NAJLEPSI BRAMKARZE &#8211; II LIGA<\/h4>\n<table width=\"438\">\n<tbody>\n<tr>\n<td width=\"59\"><strong>Sezon<\/strong><\/td>\n<td width=\"170\"><strong>Imi\u0119 i Nazwisko<\/strong><\/td>\n<td width=\"209\"><strong>Klub<\/strong><\/td>\n<\/tr>\n<tr>\n<td width=\"59\"><strong>2020<\/strong><\/td>\n<td style=\"text-align: left;\" width=\"170\"><span style=\"color: #993300;\"><img loading=\"lazy\" class=\"attachment-sportspress-fit-medium wp-post-image alignleft\" src=\"https:\/\/lfsportevents.pl\/ligaorlika2025\/wp-content\/uploads\/2019\/04\/S\u0142awomir-Jasi\u0144ski.jpg\" sizes=\"(max-width: 225px) 100vw, 225px\" srcset=\"https:\/\/lfsportevents.pl\/ligaorlika2025\/wp-content\/uploads\/2019\/04\/S\u0142awomir-Jasi\u0144ski.jpg 225w, https:\/\/lfsportevents.pl\/ligaorlika2025\/wp-content\/uploads\/2019\/04\/S\u0142awomir-Jasi\u0144ski-96x128.jpg 96w, https:\/\/lfsportevents.pl\/ligaorlika2025\/wp-content\/uploads\/2019\/04\/S\u0142awomir-Jasi\u0144ski-24x32.jpg 24w\" alt=\"\" width=\"25\" height=\"33\" \/><a href=\"https:\/\/lfsportevents.pl\/ligaorlika2025\/player\/slawomir-jasinski\/\">S\u0142awomir Jasi\u0144ski<\/a><\/span><\/td>\n<td width=\"209\">Honer<\/td>\n<\/tr>\n<tr>\n<td width=\"59\"><strong>2019<\/strong><\/td>\n<td style=\"text-align: left;\" width=\"170\"><img loading=\"lazy\" class=\"wp-image-19128 alignleft\" src=\"https:\/\/lfsportevents.pl\/ligaorlika2025\/wp-content\/uploads\/1994\/02\/Maciej-Jacenik.jpg\" alt=\"\" width=\"25\" height=\"33\" srcset=\"https:\/\/lfsportevents.pl\/ligaorlika2025\/wp-content\/uploads\/1994\/02\/Maciej-Jacenik.jpg 225w, https:\/\/lfsportevents.pl\/ligaorlika2025\/wp-content\/uploads\/1994\/02\/Maciej-Jacenik-96x128.jpg 96w, https:\/\/lfsportevents.pl\/ligaorlika2025\/wp-content\/uploads\/1994\/02\/Maciej-Jacenik-24x32.jpg 24w\" sizes=\"(max-width: 25px) 100vw, 25px\" \/><span style=\"color: #993300;\"><a style=\"color: #993300;\" href=\"https:\/\/lfsportevents.pl\/ligaorlika2025\/player\/maciej-jacenik\/\">Maciej Jacenik<\/a><\/span><\/td>\n<td width=\"209\">Pizzeria Trio<\/td>\n<\/tr>\n<tr>\n<td width=\"59\"><strong>2018<\/strong><\/td>\n<td style=\"text-align: left;\" width=\"170\"><a href=\"https:\/\/lfsportevents.pl\/ligaorlika2025\/player\/lukasz-krzak\/\"><img loading=\"lazy\" class=\"wp-image-13865 alignleft\" src=\"https:\/\/lfsportevents.pl\/ligaorlika2025\/wp-content\/uploads\/1987\/07\/\u0141ukasz-Krzak-1.jpg\" alt=\"\" width=\"25\" height=\"33\" \/><span style=\"color: #993300;\">\u0141ukasz Krzak<\/span><\/a><\/td>\n<td width=\"209\">Greenpowerns<\/td>\n<\/tr>\n<\/tbody>\n<\/table>\n<h4 class=\"sp-table-caption\">NAJLEPSI OBRO\u0143CY &#8211; II LIGA<\/h4>\n<table width=\"438\">\n<tbody>\n<tr>\n<td width=\"59\"><strong>Sezon<\/strong><\/td>\n<td width=\"170\"><strong>Imi\u0119 i Nazwisko<\/strong><\/td>\n<td width=\"209\"><strong>Klub<\/strong><\/td>\n<\/tr>\n<tr>\n<td width=\"59\"><strong>2020<\/strong><\/td>\n<td style=\"text-align: left;\" width=\"170\"><img loading=\"lazy\" class=\"attachment-sportspress-fit-medium  wp-post-image alignleft\" src=\"https:\/\/lfsportevents.pl\/ligaorlika2025\/wp-content\/uploads\/1991\/03\/Kamil-Zygmunt.jpg\" sizes=\"(max-width: 225px) 100vw, 225px\" srcset=\"https:\/\/lfsportevents.pl\/ligaorlika2025\/wp-content\/uploads\/1991\/03\/Kamil-Zygmunt.jpg 225w, https:\/\/lfsportevents.pl\/ligaorlika2025\/wp-content\/uploads\/1991\/03\/Kamil-Zygmunt-96x128.jpg 96w, https:\/\/lfsportevents.pl\/ligaorlika2025\/wp-content\/uploads\/1991\/03\/Kamil-Zygmunt-24x32.jpg 24w\" alt=\"\" width=\"25\" height=\"33\" \/><a href=\"https:\/\/lfsportevents.pl\/ligaorlika2025\/player\/kamil-zygmunt\/\">Kamil Zygmunt<\/a><\/td>\n<td width=\"209\">Bastek Garnitury<\/td>\n<\/tr>\n<tr>\n<td width=\"59\"><strong>2019<\/strong><\/td>\n<td style=\"text-align: left;\" width=\"170\"><a href=\"https:\/\/lfsportevents.pl\/ligaorlika2025\/player\/jakub-nowak\/\"><img loading=\"lazy\" class=\"wp-image-20631 alignleft\" src=\"https:\/\/lfsportevents.pl\/ligaorlika2025\/wp-content\/uploads\/2020\/04\/Jakub-Biel.jpg\" alt=\"\" width=\"25\" height=\"33\" srcset=\"https:\/\/lfsportevents.pl\/ligaorlika2025\/wp-content\/uploads\/2020\/04\/Jakub-Biel.jpg 225w, https:\/\/lfsportevents.pl\/ligaorlika2025\/wp-content\/uploads\/2020\/04\/Jakub-Biel-96x128.jpg 96w, https:\/\/lfsportevents.pl\/ligaorlika2025\/wp-content\/uploads\/2020\/04\/Jakub-Biel-24x32.jpg 24w\" sizes=\"(max-width: 25px) 100vw, 25px\" \/><span style=\"color: #993300;\">Jakub Nowak<\/span><\/a><\/td>\n<td width=\"209\">S\u0105czersi<\/td>\n<\/tr>\n<tr>\n<td width=\"59\"><strong>2018<\/strong><\/td>\n<td style=\"text-align: left;\" width=\"170\"><img loading=\"lazy\" class=\"attachment-sportspress-fit-medium wp-post-image alignleft\" src=\"https:\/\/lfsportevents.pl\/ligafutsalu\/wp-content\/uploads\/1987\/01\/Patryk-Jasi\u0144ski.jpg\" sizes=\"(max-width: 225px) 100vw, 225px\" srcset=\"https:\/\/lfsportevents.pl\/ligafutsalu\/wp-content\/uploads\/1987\/01\/Patryk-Jasi\u0144ski.jpg 225w, https:\/\/lfsportevents.pl\/ligafutsalu\/wp-content\/uploads\/1987\/01\/Patryk-Jasi\u0144ski-96x128.jpg 96w, https:\/\/lfsportevents.pl\/ligafutsalu\/wp-content\/uploads\/1987\/01\/Patryk-Jasi\u0144ski-24x32.jpg 24w\" alt=\"\" width=\"25\" height=\"33\" \/><a href=\"https:\/\/lfsportevents.pl\/ligaorlika2025\/player\/patryk-jasinski\/\"><span style=\"color: #993300;\">Patryk Jasi\u0144ski<\/span><\/a><\/td>\n<td width=\"209\">\u0141at-Kam<\/td>\n<\/tr>\n<\/tbody>\n<\/table>\n<p>&nbsp;<\/p>\n","protected":false},"excerpt":{"rendered":"<p>NAJLEPSI STRZELCY &#8211; II LIGA Sezon Imi\u0119 i Nazwisko Klub Ilo\u015b\u0107 Goli 2020 Mateusz Dobosz Clean Serwis 32 2019 Daniel Bodziony S\u0105czersi 29 2018 Jan Zieli\u0144ski Bruk-Ogr\u00f3d-Nowak 38 NAJLEPSI ASYSTENCI &#8211; II LIGA Sezon Imi\u0119 i Nazwisko Klub Ilo\u015b\u0107 Asyst 2020 Wiktor Weber Olimp Team 24 2019 Marek Knurowski Instalservice 22 2018 \u0141ukasz Fa\u0142owski Bruk-Ogr\u00f3d-Nowak [&hellip;]<\/p>\n","protected":false},"author":1,"featured_media":0,"parent":0,"menu_order":0,"comment_status":"closed","ping_status":"closed","template":"","meta":[],"_links":{"self":[{"href":"https:\/\/lfsportevents.pl\/ligaorlika2025\/wp-json\/wp\/v2\/pages\/20548"}],"collection":[{"href":"https:\/\/lfsportevents.pl\/ligaorlika2025\/wp-json\/wp\/v2\/pages"}],"about":[{"href":"https:\/\/lfsportevents.pl\/ligaorlika2025\/wp-json\/wp\/v2\/types\/page"}],"author":[{"embeddable":true,"href":"https:\/\/lfsportevents.pl\/ligaorlika2025\/wp-json\/wp\/v2\/users\/1"}],"replies":[{"embeddable":true,"href":"https:\/\/lfsportevents.pl\/ligaorlika2025\/wp-json\/wp\/v2\/comments?post=20548"}],"version-history":[{"count":2,"href":"https:\/\/lfsportevents.pl\/ligaorlika2025\/wp-json\/wp\/v2\/pages\/20548\/revisions"}],"predecessor-version":[{"id":23546,"href":"https:\/\/lfsportevents.pl\/ligaorlika2025\/wp-json\/wp\/v2\/pages\/20548\/revisions\/23546"}],"wp:attachment":[{"href":"https:\/\/lfsportevents.pl\/ligaorlika2025\/wp-json\/wp\/v2\/media?parent=20548"}],"curies":[{"name":"wp","href":"https:\/\/api.w.org\/{rel}","templated":true}]}}