{"id":20547,"date":"2020-03-31T11:40:01","date_gmt":"2020-03-31T09:40:01","guid":{"rendered":"https:\/\/lfsportevents.pl\/ligaorlika2025\/?page_id=20547"},"modified":"2021-03-31T01:03:29","modified_gmt":"2021-03-30T23:03:29","slug":"i-liga","status":"publish","type":"page","link":"https:\/\/lfsportevents.pl\/ligaorlika2025\/i-liga\/","title":{"rendered":"I Liga"},"content":{"rendered":"<h4 class=\"sp-table-caption\">NAJLEPSI STRZELCY &#8211; I LIGA<\/h4>\n<table width=\"522\">\n<tbody>\n<tr>\n<td width=\"59\"><strong>Sezon<\/strong><\/td>\n<td width=\"170\"><strong>Imi\u0119 i Nazwisko<\/strong><\/td>\n<td width=\"209\"><strong>Klub<\/strong><\/td>\n<td width=\"84\"><strong>Ilo\u015b\u0107 Goli<\/strong><\/td>\n<\/tr>\n<tr>\n<td width=\"59\"><strong>2020<\/strong><\/td>\n<td style=\"text-align: left;\" width=\"170\"><img loading=\"lazy\" class=\"wp-image-19381 alignleft\" src=\"https:\/\/lfsportevents.pl\/ligaorlika2025\/wp-content\/uploads\/1995\/07\/Krzysztof-Jasiurkowski.jpg\" alt=\"\" width=\"25\" height=\"33\" srcset=\"https:\/\/lfsportevents.pl\/ligaorlika2025\/wp-content\/uploads\/1995\/07\/Krzysztof-Jasiurkowski.jpg 225w, https:\/\/lfsportevents.pl\/ligaorlika2025\/wp-content\/uploads\/1995\/07\/Krzysztof-Jasiurkowski-96x128.jpg 96w, https:\/\/lfsportevents.pl\/ligaorlika2025\/wp-content\/uploads\/1995\/07\/Krzysztof-Jasiurkowski-24x32.jpg 24w\" sizes=\"(max-width: 25px) 100vw, 25px\" \/><span style=\"color: #993300;\"><a style=\"color: #993300;\" href=\"https:\/\/lfsportevents.pl\/ligaorlika2025\/player\/krzysztof-jasiurkowski\/\">Krzysztof Jasiurkowski<\/a><\/span><\/td>\n<td width=\"209\">Gad\u017cet Team<\/td>\n<td width=\"84\">28<\/td>\n<\/tr>\n<tr>\n<td width=\"59\"><strong>2019<\/strong><\/td>\n<td style=\"text-align: left;\" width=\"170\"><img loading=\"lazy\" class=\"wp-image-19381 alignleft\" src=\"https:\/\/lfsportevents.pl\/ligaorlika2025\/wp-content\/uploads\/1995\/07\/Krzysztof-Jasiurkowski.jpg\" alt=\"\" width=\"25\" height=\"33\" srcset=\"https:\/\/lfsportevents.pl\/ligaorlika2025\/wp-content\/uploads\/1995\/07\/Krzysztof-Jasiurkowski.jpg 225w, https:\/\/lfsportevents.pl\/ligaorlika2025\/wp-content\/uploads\/1995\/07\/Krzysztof-Jasiurkowski-96x128.jpg 96w, https:\/\/lfsportevents.pl\/ligaorlika2025\/wp-content\/uploads\/1995\/07\/Krzysztof-Jasiurkowski-24x32.jpg 24w\" sizes=\"(max-width: 25px) 100vw, 25px\" \/><span style=\"color: #993300;\"><a style=\"color: #993300;\" href=\"https:\/\/lfsportevents.pl\/ligaorlika2025\/player\/krzysztof-jasiurkowski\/\">Krzysztof Jasiurkowski<\/a><\/span><\/td>\n<td width=\"209\">Gad\u017cet Team<\/td>\n<td width=\"84\">36<\/td>\n<\/tr>\n<tr>\n<td width=\"59\"><strong>2018<\/strong><\/td>\n<td style=\"text-align: left;\" width=\"170\"><img loading=\"lazy\" class=\"wp-image-13828 alignleft\" src=\"https:\/\/lfsportevents.pl\/ligaorlika2025\/wp-content\/uploads\/1991\/01\/Krzysztof-Jasiurkowski-1.jpg\" alt=\"\" width=\"25\" height=\"33\" srcset=\"https:\/\/lfsportevents.pl\/ligaorlika2025\/wp-content\/uploads\/1991\/01\/Krzysztof-Jasiurkowski-1.jpg 225w, https:\/\/lfsportevents.pl\/ligaorlika2025\/wp-content\/uploads\/1991\/01\/Krzysztof-Jasiurkowski-1-96x128.jpg 96w, https:\/\/lfsportevents.pl\/ligaorlika2025\/wp-content\/uploads\/1991\/01\/Krzysztof-Jasiurkowski-1-24x32.jpg 24w\" sizes=\"(max-width: 25px) 100vw, 25px\" \/><span style=\"color: #993300;\"><a style=\"color: #993300;\" href=\"https:\/\/lfsportevents.pl\/ligaorlika2025\/player\/krzysztof-jasiurkowski\/\">Krzysztof Jasiurkowski<\/a><\/span><\/td>\n<td width=\"209\">Gad\u017cet Team<\/td>\n<td width=\"84\">33<\/td>\n<\/tr>\n<tr>\n<td width=\"59\"><strong>2017<\/strong><\/td>\n<td style=\"text-align: left;\" width=\"170\"><span style=\"color: #993300;\"><img loading=\"lazy\" class=\"wp-image-15061 alignleft\" src=\"https:\/\/lfsportevents.pl\/ligaorlika2025\/wp-content\/uploads\/1975\/03\/Arkadiusz-Aleksander-2.jpg\" alt=\"\" width=\"25\" height=\"33\" srcset=\"https:\/\/lfsportevents.pl\/ligaorlika2025\/wp-content\/uploads\/1975\/03\/Arkadiusz-Aleksander-2.jpg 225w, https:\/\/lfsportevents.pl\/ligaorlika2025\/wp-content\/uploads\/1975\/03\/Arkadiusz-Aleksander-2-96x128.jpg 96w, https:\/\/lfsportevents.pl\/ligaorlika2025\/wp-content\/uploads\/1975\/03\/Arkadiusz-Aleksander-2-24x32.jpg 24w\" sizes=\"(max-width: 25px) 100vw, 25px\" \/><a style=\"color: #993300;\" href=\"https:\/\/lfsportevents.pl\/ligaorlika2025\/player\/arkadiusz-aleksander\/\">Arkadiusz Aleksander<\/a><\/span><\/td>\n<td width=\"209\">Sandecja Old Boys<\/td>\n<td>52<\/td>\n<\/tr>\n<\/tbody>\n<\/table>\n<h4 class=\"sp-table-caption\" style=\"text-align: left;\">NAJLEPSI ASYSTENCI &#8211; I LIGA<\/h4>\n<table width=\"522\">\n<tbody>\n<tr>\n<td width=\"59\"><strong>Sezon<\/strong><\/td>\n<td width=\"170\"><strong>Imi\u0119 i Nazwisko<\/strong><\/td>\n<td width=\"209\"><strong>Klub<\/strong><\/td>\n<td width=\"84\"><strong>Ilo\u015b\u0107 Asyst<\/strong><\/td>\n<\/tr>\n<tr>\n<td width=\"59\"><strong>2020<\/strong><\/td>\n<td style=\"text-align: left;\" width=\"170\"><span style=\"color: #993300;\"><span style=\"color: #993300;\"><a href=\"https:\/\/lfsportevents.pl\/ligaorlika2025\/player\/dominik-gorka\/\"><img loading=\"lazy\" class=\"attachment-sportspress-fit-medium wp-post-image alignleft\" src=\"https:\/\/lfsportevents.pl\/ligaorlika2025\/wp-content\/uploads\/1989\/11\/Dominik-G\u00f3rka.jpg\" sizes=\"(max-width: 225px) 100vw, 225px\" srcset=\"https:\/\/lfsportevents.pl\/ligaorlika2025\/wp-content\/uploads\/1989\/11\/Dominik-G\u00f3rka.jpg 225w, https:\/\/lfsportevents.pl\/ligaorlika2025\/wp-content\/uploads\/1989\/11\/Dominik-G\u00f3rka-96x128.jpg 96w, https:\/\/lfsportevents.pl\/ligaorlika2025\/wp-content\/uploads\/1989\/11\/Dominik-G\u00f3rka-24x32.jpg 24w\" alt=\"\" width=\"25\" height=\"33\" \/><span style=\"color: #993300;\">Dominik G\u00f3rka<\/span><\/a><br \/>\n<\/span><\/span><\/td>\n<td width=\"209\">Gad\u017cet Team<\/td>\n<td width=\"84\">15<\/td>\n<\/tr>\n<tr>\n<td width=\"59\"><strong>2019<\/strong><\/td>\n<td style=\"text-align: left;\" width=\"170\"><a href=\"https:\/\/lfsportevents.pl\/ligaorlika20252017\/player\/mateusz-pazgan\/\"><span style=\"color: #993300;\"><img loading=\"lazy\" class=\"wp-image-19417 alignleft\" src=\"https:\/\/lfsportevents.pl\/ligaorlika2025\/wp-content\/uploads\/1995\/01\/Jakub-Cempa.jpg\" alt=\"\" width=\"27\" height=\"36\" srcset=\"https:\/\/lfsportevents.pl\/ligaorlika2025\/wp-content\/uploads\/1995\/01\/Jakub-Cempa.jpg 225w, https:\/\/lfsportevents.pl\/ligaorlika2025\/wp-content\/uploads\/1995\/01\/Jakub-Cempa-96x128.jpg 96w, https:\/\/lfsportevents.pl\/ligaorlika2025\/wp-content\/uploads\/1995\/01\/Jakub-Cempa-24x32.jpg 24w\" sizes=\"(max-width: 27px) 100vw, 27px\" \/><\/span><\/a><a style=\"color: #993300;\" href=\"https:\/\/lfsportevents.pl\/ligaorlika2025\/player\/jakub-cempa\/\">Jakub Cempa<\/a><\/td>\n<td width=\"209\">Firma Budowlana Wo\u017aniak<\/td>\n<td width=\"84\">\u00a017<\/td>\n<\/tr>\n<tr>\n<td width=\"59\"><strong>2018<\/strong><\/td>\n<td style=\"text-align: left;\" width=\"170\"><a href=\"https:\/\/lfsportevents.pl\/ligaorlika2025\/player\/krzysztof-jasiurkowski\/\"><img loading=\"lazy\" class=\"wp-image-13828 alignleft\" src=\"https:\/\/lfsportevents.pl\/ligaorlika2025\/wp-content\/uploads\/1991\/01\/Krzysztof-Jasiurkowski-1.jpg\" alt=\"\" width=\"25\" height=\"33\" srcset=\"https:\/\/lfsportevents.pl\/ligaorlika2025\/wp-content\/uploads\/1991\/01\/Krzysztof-Jasiurkowski-1.jpg 225w, https:\/\/lfsportevents.pl\/ligaorlika2025\/wp-content\/uploads\/1991\/01\/Krzysztof-Jasiurkowski-1-96x128.jpg 96w, https:\/\/lfsportevents.pl\/ligaorlika2025\/wp-content\/uploads\/1991\/01\/Krzysztof-Jasiurkowski-1-24x32.jpg 24w\" sizes=\"(max-width: 25px) 100vw, 25px\" \/><span style=\"color: #993300;\">Krzysztof Jasiurkowski<\/span><\/a><span style=\"color: #993300;\">\u00a0<\/span><\/td>\n<td width=\"209\">\u00a0Gad\u017cet Team<\/td>\n<td width=\"84\">\u00a018<\/td>\n<\/tr>\n<tr>\n<td width=\"59\"><strong>2017<\/strong><\/td>\n<td style=\"text-align: left;\" width=\"170\"><span style=\"color: #993300;\"><a style=\"color: #993300;\" href=\"https:\/\/lfsportevents.pl\/ligaorlika20252017\/player\/mateusz-pazgan\/\">Mateusz Pazgan<\/a>\u00a0<img loading=\"lazy\" class=\"wp-image-7742 alignleft\" src=\"https:\/\/lfsportevents.pl\/ligaorlika2025\/wp-content\/uploads\/1990\/10\/Mateusz-Pazgan-2.jpg\" alt=\"\" width=\"25\" height=\"33\" srcset=\"https:\/\/lfsportevents.pl\/ligaorlika2025\/wp-content\/uploads\/1990\/10\/Mateusz-Pazgan-2.jpg 2268w, https:\/\/lfsportevents.pl\/ligaorlika2025\/wp-content\/uploads\/1990\/10\/Mateusz-Pazgan-2-225x300.jpg 225w, https:\/\/lfsportevents.pl\/ligaorlika2025\/wp-content\/uploads\/1990\/10\/Mateusz-Pazgan-2-768x1024.jpg 768w, https:\/\/lfsportevents.pl\/ligaorlika2025\/wp-content\/uploads\/1990\/10\/Mateusz-Pazgan-2-96x128.jpg 96w, https:\/\/lfsportevents.pl\/ligaorlika2025\/wp-content\/uploads\/1990\/10\/Mateusz-Pazgan-2-24x32.jpg 24w, https:\/\/lfsportevents.pl\/ligaorlika2025\/wp-content\/uploads\/1990\/10\/Mateusz-Pazgan-2-250x333.jpg 250w, https:\/\/lfsportevents.pl\/ligaorlika2025\/wp-content\/uploads\/1990\/10\/Mateusz-Pazgan-2-550x733.jpg 550w, https:\/\/lfsportevents.pl\/ligaorlika2025\/wp-content\/uploads\/1990\/10\/Mateusz-Pazgan-2-800x1067.jpg 800w, https:\/\/lfsportevents.pl\/ligaorlika2025\/wp-content\/uploads\/1990\/10\/Mateusz-Pazgan-2-135x180.jpg 135w, https:\/\/lfsportevents.pl\/ligaorlika2025\/wp-content\/uploads\/1990\/10\/Mateusz-Pazgan-2-375x500.jpg 375w\" sizes=\"(max-width: 25px) 100vw, 25px\" \/><\/span><\/td>\n<td width=\"209\">Desperados<\/td>\n<td>14<\/td>\n<\/tr>\n<\/tbody>\n<\/table>\n<h4 class=\"sp-table-caption\">NAJLEPSI W KL. KANADYJSKIEJ &#8211; I LIGA<\/h4>\n<table width=\"522\">\n<tbody>\n<tr>\n<td width=\"59\"><strong>Sezon<\/strong><\/td>\n<td width=\"170\"><strong>Imi\u0119 i Nazwisko<\/strong><\/td>\n<td width=\"209\"><strong>Klub<\/strong><\/td>\n<td width=\"84\"><strong>Ilo\u015b\u0107 Punkt\u00f3w<\/strong><\/td>\n<\/tr>\n<tr>\n<td width=\"59\"><strong>2020<\/strong><\/td>\n<td style=\"text-align: left;\" width=\"170\"><img loading=\"lazy\" class=\"attachment-sportspress-fit-medium wp-post-image alignleft\" src=\"https:\/\/lfsportevents.pl\/ligaorlika2025\/wp-content\/uploads\/1997\/05\/Dawid-Migacz.jpg\" sizes=\"(max-width: 225px) 100vw, 225px\" srcset=\"https:\/\/lfsportevents.pl\/ligaorlika2025\/wp-content\/uploads\/1997\/05\/Dawid-Migacz.jpg 225w, https:\/\/lfsportevents.pl\/ligaorlika2025\/wp-content\/uploads\/1997\/05\/Dawid-Migacz-96x128.jpg 96w, https:\/\/lfsportevents.pl\/ligaorlika2025\/wp-content\/uploads\/1997\/05\/Dawid-Migacz-24x32.jpg 24w\" alt=\"\" width=\"25\" height=\"33\" \/><a href=\"https:\/\/lfsportevents.pl\/ligaorlika2025\/player\/mateusz-migacz\/\"><span style=\"color: #993300;\">Mateusz Migacz<\/span><\/a><\/td>\n<td width=\"209\">Stal-Bud Nawojowa<\/td>\n<td width=\"84\">35<\/td>\n<\/tr>\n<tr>\n<td width=\"59\"><strong>2019<\/strong><\/td>\n<td style=\"text-align: left;\" width=\"170\"><a href=\"https:\/\/lfsportevents.pl\/ligaorlika2025\/player\/krzysztof-jasiurkowski\/\"><span style=\"color: #993300;\"><img loading=\"lazy\" class=\"wp-image-19381 alignleft\" src=\"https:\/\/lfsportevents.pl\/ligaorlika2025\/wp-content\/uploads\/1995\/07\/Krzysztof-Jasiurkowski.jpg\" alt=\"\" width=\"25\" height=\"34\" srcset=\"https:\/\/lfsportevents.pl\/ligaorlika2025\/wp-content\/uploads\/1995\/07\/Krzysztof-Jasiurkowski.jpg 225w, https:\/\/lfsportevents.pl\/ligaorlika2025\/wp-content\/uploads\/1995\/07\/Krzysztof-Jasiurkowski-96x128.jpg 96w, https:\/\/lfsportevents.pl\/ligaorlika2025\/wp-content\/uploads\/1995\/07\/Krzysztof-Jasiurkowski-24x32.jpg 24w\" sizes=\"(max-width: 25px) 100vw, 25px\" \/>Krzysztof Jasiurkowski<\/span><\/a><span style=\"color: #993300;\">\u00a0<\/span><\/td>\n<td width=\"209\">Gad\u017cet Team<\/td>\n<td width=\"84\">48<\/td>\n<\/tr>\n<tr>\n<td width=\"59\"><strong>2018<\/strong><\/td>\n<td style=\"text-align: left;\" width=\"170\"><img loading=\"lazy\" class=\"wp-image-13828 alignleft\" src=\"https:\/\/lfsportevents.pl\/ligaorlika2025\/wp-content\/uploads\/1991\/01\/Krzysztof-Jasiurkowski-1.jpg\" alt=\"\" width=\"25\" height=\"33\" srcset=\"https:\/\/lfsportevents.pl\/ligaorlika2025\/wp-content\/uploads\/1991\/01\/Krzysztof-Jasiurkowski-1.jpg 225w, https:\/\/lfsportevents.pl\/ligaorlika2025\/wp-content\/uploads\/1991\/01\/Krzysztof-Jasiurkowski-1-96x128.jpg 96w, https:\/\/lfsportevents.pl\/ligaorlika2025\/wp-content\/uploads\/1991\/01\/Krzysztof-Jasiurkowski-1-24x32.jpg 24w\" sizes=\"(max-width: 25px) 100vw, 25px\" \/><span style=\"color: #993300;\"><a style=\"color: #993300;\" href=\"https:\/\/lfsportevents.pl\/ligaorlika2025\/player\/krzysztof-jasiurkowski\/\">Krzysztof Jasiurkowski<\/a>\u00a0<\/span><\/td>\n<td width=\"209\">Gad\u017cet Team<\/td>\n<td width=\"84\">51<\/td>\n<\/tr>\n<tr>\n<td width=\"59\"><strong>2017<\/strong><\/td>\n<td style=\"text-align: left;\" width=\"170\"><span style=\"color: #993300;\"><img loading=\"lazy\" class=\"wp-image-15061 alignleft\" src=\"https:\/\/lfsportevents.pl\/ligaorlika2025\/wp-content\/uploads\/1975\/03\/Arkadiusz-Aleksander-2.jpg\" alt=\"\" width=\"25\" height=\"33\" srcset=\"https:\/\/lfsportevents.pl\/ligaorlika2025\/wp-content\/uploads\/1975\/03\/Arkadiusz-Aleksander-2.jpg 225w, https:\/\/lfsportevents.pl\/ligaorlika2025\/wp-content\/uploads\/1975\/03\/Arkadiusz-Aleksander-2-96x128.jpg 96w, https:\/\/lfsportevents.pl\/ligaorlika2025\/wp-content\/uploads\/1975\/03\/Arkadiusz-Aleksander-2-24x32.jpg 24w\" sizes=\"(max-width: 25px) 100vw, 25px\" \/><a style=\"color: #993300;\" href=\"https:\/\/lfsportevents.pl\/ligaorlika2025\/player\/arkadiusz-aleksander\/\">Arkadiusz Aleksander<\/a><\/span><\/td>\n<td width=\"209\">Sandecja Old Boys<\/td>\n<td>65<\/td>\n<\/tr>\n<\/tbody>\n<\/table>\n<h4 class=\"sp-table-caption\">NAJLEPSI BRAMKARZE &#8211; I LIGA<\/h4>\n<table width=\"438\">\n<tbody>\n<tr>\n<td width=\"59\"><strong>Sezon<\/strong><\/td>\n<td width=\"170\"><strong>Imi\u0119 i Nazwisko<\/strong><\/td>\n<td width=\"209\"><strong>Klub<\/strong><\/td>\n<\/tr>\n<tr>\n<td width=\"59\"><strong>2020<\/strong><\/td>\n<td style=\"text-align: left;\" width=\"170\"><span style=\"color: #993300;\"><a style=\"color: #993300;\" href=\"https:\/\/lfsportevents.pl\/ligaorlika2025\/player\/krzysztof-madziarczyk\/\"><img loading=\"lazy\" class=\"attachment-sportspress-fit-medium wp-post-image alignleft\" src=\"https:\/\/lfsportevents.pl\/ligafutsalu\/wp-content\/uploads\/1988\/07\/Krzysztof-Magdziarczyk.jpg\" sizes=\"(max-width: 225px) 100vw, 225px\" srcset=\"https:\/\/lfsportevents.pl\/ligafutsalu\/wp-content\/uploads\/1988\/07\/Krzysztof-Magdziarczyk.jpg 225w, https:\/\/lfsportevents.pl\/ligafutsalu\/wp-content\/uploads\/1988\/07\/Krzysztof-Magdziarczyk-96x128.jpg 96w, https:\/\/lfsportevents.pl\/ligafutsalu\/wp-content\/uploads\/1988\/07\/Krzysztof-Magdziarczyk-24x32.jpg 24w\" alt=\"\" width=\"25\" height=\"33\" \/>Krzysztof Magdziarczyk<\/a>\u00a0<\/span><\/td>\n<td width=\"209\">Gad\u017cet Team<\/td>\n<\/tr>\n<tr>\n<td width=\"59\"><strong>2019<\/strong><\/td>\n<td style=\"text-align: left;\" width=\"170\"><img loading=\"lazy\" class=\"wp-image-19067 alignleft\" src=\"https:\/\/lfsportevents.pl\/ligaorlika2025\/wp-content\/uploads\/1978\/05\/Jan-Rosiek.jpg\" alt=\"\" width=\"25\" height=\"33\" srcset=\"https:\/\/lfsportevents.pl\/ligaorlika2025\/wp-content\/uploads\/1978\/05\/Jan-Rosiek.jpg 225w, https:\/\/lfsportevents.pl\/ligaorlika2025\/wp-content\/uploads\/1978\/05\/Jan-Rosiek-96x128.jpg 96w, https:\/\/lfsportevents.pl\/ligaorlika2025\/wp-content\/uploads\/1978\/05\/Jan-Rosiek-24x32.jpg 24w\" sizes=\"(max-width: 25px) 100vw, 25px\" \/><span style=\"color: #993300;\"><a style=\"color: #993300;\" href=\"https:\/\/lfsportevents.pl\/ligaorlika2025\/player\/jan-rosiek\/\">Jan Rosiek<\/a><\/span><\/td>\n<td width=\"209\">Walczyk Optyk<\/td>\n<\/tr>\n<tr>\n<td width=\"59\"><strong>2018<\/strong><\/td>\n<td style=\"text-align: left;\" width=\"170\"><a href=\"https:\/\/lfsportevents.pl\/ligaorlika2025\/player\/krystian-skoczen\/\"><img loading=\"lazy\" class=\"wp-image-13748 alignleft\" src=\"https:\/\/lfsportevents.pl\/ligaorlika2025\/wp-content\/uploads\/1999\/12\/Krystian-Skocze\u0144.jpg\" alt=\"\" width=\"25\" height=\"33\" \/> <span style=\"color: #993300;\">Krystian Skocze\u0144<\/span><\/a><\/td>\n<td width=\"209\">Stal-Bud Nawojowa<\/td>\n<\/tr>\n<tr>\n<td width=\"59\"><strong>2017<\/strong><\/td>\n<td style=\"text-align: left;\" width=\"170\"><img loading=\"lazy\" class=\"wp-image-7028 alignleft\" src=\"https:\/\/lfsportevents.pl\/ligaorlika2025\/wp-content\/uploads\/1988\/11\/Mariusz-Mordarski-1.jpg\" alt=\"\" width=\"25\" height=\"33\" srcset=\"https:\/\/lfsportevents.pl\/ligaorlika2025\/wp-content\/uploads\/1988\/11\/Mariusz-Mordarski-1.jpg 2268w, https:\/\/lfsportevents.pl\/ligaorlika2025\/wp-content\/uploads\/1988\/11\/Mariusz-Mordarski-1-225x300.jpg 225w, https:\/\/lfsportevents.pl\/ligaorlika2025\/wp-content\/uploads\/1988\/11\/Mariusz-Mordarski-1-768x1024.jpg 768w, https:\/\/lfsportevents.pl\/ligaorlika2025\/wp-content\/uploads\/1988\/11\/Mariusz-Mordarski-1-96x128.jpg 96w, https:\/\/lfsportevents.pl\/ligaorlika2025\/wp-content\/uploads\/1988\/11\/Mariusz-Mordarski-1-24x32.jpg 24w, https:\/\/lfsportevents.pl\/ligaorlika2025\/wp-content\/uploads\/1988\/11\/Mariusz-Mordarski-1-250x333.jpg 250w, https:\/\/lfsportevents.pl\/ligaorlika2025\/wp-content\/uploads\/1988\/11\/Mariusz-Mordarski-1-550x733.jpg 550w, https:\/\/lfsportevents.pl\/ligaorlika2025\/wp-content\/uploads\/1988\/11\/Mariusz-Mordarski-1-800x1066.jpg 800w, https:\/\/lfsportevents.pl\/ligaorlika2025\/wp-content\/uploads\/1988\/11\/Mariusz-Mordarski-1-135x180.jpg 135w, https:\/\/lfsportevents.pl\/ligaorlika2025\/wp-content\/uploads\/1988\/11\/Mariusz-Mordarski-1-375x500.jpg 375w\" sizes=\"(max-width: 25px) 100vw, 25px\" \/><span style=\"color: #993300;\"><a style=\"color: #993300;\" href=\"https:\/\/lfsportevents.pl\/ligaorlika2025\/player\/mariusz-mordarski\/\">Mariusz Mordarski<\/a><\/span><\/td>\n<td width=\"209\">Brzezna<\/td>\n<\/tr>\n<\/tbody>\n<\/table>\n<h4 class=\"sp-table-caption\">NAJLEPSI OBRO\u0143CY &#8211; I LIGA<\/h4>\n<table width=\"438\">\n<tbody>\n<tr>\n<td width=\"59\"><strong>Sezon<\/strong><\/td>\n<td width=\"170\"><strong>Imi\u0119 i Nazwisko<\/strong><\/td>\n<td width=\"209\"><strong>Klub<\/strong><\/td>\n<\/tr>\n<tr>\n<td width=\"59\"><strong>2020<\/strong><\/td>\n<td style=\"text-align: left;\" width=\"170\"><span style=\"color: #993300;\"><a style=\"color: #993300;\" href=\"https:\/\/lfsportevents.pl\/ligaorlika2025\/player\/lukasz-falowski\/\"><img loading=\"lazy\" class=\"attachment-sportspress-fit-medium wp-post-image alignleft\" src=\"https:\/\/lfsportevents.pl\/ligaorlika2025\/wp-content\/uploads\/1984\/10\/\u0141ukasz-Fa\u0142owski.jpg\" sizes=\"(max-width: 225px) 100vw, 225px\" srcset=\"https:\/\/lfsportevents.pl\/ligaorlika2025\/wp-content\/uploads\/1984\/10\/\u0141ukasz-Fa\u0142owski.jpg 225w, https:\/\/lfsportevents.pl\/ligaorlika2025\/wp-content\/uploads\/1984\/10\/\u0141ukasz-Fa\u0142owski-96x128.jpg 96w, https:\/\/lfsportevents.pl\/ligaorlika2025\/wp-content\/uploads\/1984\/10\/\u0141ukasz-Fa\u0142owski-24x32.jpg 24w\" alt=\"\" width=\"25\" height=\"33\" \/>\u0141ukasz Fa\u0142owski<\/a><\/span><\/td>\n<td width=\"209\">Sebet Kostka Brukowa<\/td>\n<\/tr>\n<tr>\n<td width=\"59\"><strong>2019<\/strong><\/td>\n<td style=\"text-align: left;\" width=\"170\"><img loading=\"lazy\" class=\"wp-image-19077 alignleft\" src=\"https:\/\/lfsportevents.pl\/ligaorlika2025\/wp-content\/uploads\/1986\/06\/Daniel-W\u00f3jcik.jpg\" alt=\"\" width=\"25\" height=\"33\" srcset=\"https:\/\/lfsportevents.pl\/ligaorlika2025\/wp-content\/uploads\/1986\/06\/Daniel-W\u00f3jcik.jpg 225w, https:\/\/lfsportevents.pl\/ligaorlika2025\/wp-content\/uploads\/1986\/06\/Daniel-W\u00f3jcik-96x128.jpg 96w, https:\/\/lfsportevents.pl\/ligaorlika2025\/wp-content\/uploads\/1986\/06\/Daniel-W\u00f3jcik-24x32.jpg 24w\" sizes=\"(max-width: 25px) 100vw, 25px\" \/><a href=\"https:\/\/lfsportevents.pl\/ligaorlika2025\/player\/daniel-wojcik\/\"><span style=\"color: #993300;\">Daniel W\u00f3jcik<\/span><\/a><\/td>\n<td width=\"209\">Walczyk Optyk<\/td>\n<\/tr>\n<tr>\n<td width=\"59\"><strong>2018<\/strong><\/td>\n<td style=\"text-align: left;\" width=\"170\"><img loading=\"lazy\" class=\"wp-image-13811 alignleft\" src=\"https:\/\/lfsportevents.pl\/ligaorlika2025\/wp-content\/uploads\/1985\/09\/Igor-Kalinowski.jpg\" alt=\"\" width=\"25\" height=\"33\" srcset=\"https:\/\/lfsportevents.pl\/ligaorlika2025\/wp-content\/uploads\/1985\/09\/Igor-Kalinowski.jpg 225w, https:\/\/lfsportevents.pl\/ligaorlika2025\/wp-content\/uploads\/1985\/09\/Igor-Kalinowski-96x128.jpg 96w, https:\/\/lfsportevents.pl\/ligaorlika2025\/wp-content\/uploads\/1985\/09\/Igor-Kalinowski-24x32.jpg 24w\" sizes=\"(max-width: 25px) 100vw, 25px\" \/><a href=\"https:\/\/lfsportevents.pl\/ligaorlika2025\/player\/igor-kalinowski\/\"><span style=\"color: #993300;\">Igor Kalinowski<\/span><\/a><\/td>\n<td width=\"209\">The Reds Inter-Jack<\/td>\n<\/tr>\n<\/tbody>\n<\/table>\n<p>&nbsp;<\/p>\n","protected":false},"excerpt":{"rendered":"<p>NAJLEPSI STRZELCY &#8211; I LIGA Sezon Imi\u0119 i Nazwisko Klub Ilo\u015b\u0107 Goli 2020 Krzysztof Jasiurkowski Gad\u017cet Team 28 2019 Krzysztof Jasiurkowski Gad\u017cet Team 36 2018 Krzysztof Jasiurkowski Gad\u017cet Team 33 2017 Arkadiusz Aleksander Sandecja Old Boys 52 NAJLEPSI ASYSTENCI &#8211; I LIGA Sezon Imi\u0119 i Nazwisko Klub Ilo\u015b\u0107 Asyst 2020 Dominik G\u00f3rka Gad\u017cet Team 15 [&hellip;]<\/p>\n","protected":false},"author":1,"featured_media":0,"parent":0,"menu_order":0,"comment_status":"closed","ping_status":"closed","template":"","meta":[],"_links":{"self":[{"href":"https:\/\/lfsportevents.pl\/ligaorlika2025\/wp-json\/wp\/v2\/pages\/20547"}],"collection":[{"href":"https:\/\/lfsportevents.pl\/ligaorlika2025\/wp-json\/wp\/v2\/pages"}],"about":[{"href":"https:\/\/lfsportevents.pl\/ligaorlika2025\/wp-json\/wp\/v2\/types\/page"}],"author":[{"embeddable":true,"href":"https:\/\/lfsportevents.pl\/ligaorlika2025\/wp-json\/wp\/v2\/users\/1"}],"replies":[{"embeddable":true,"href":"https:\/\/lfsportevents.pl\/ligaorlika2025\/wp-json\/wp\/v2\/comments?post=20547"}],"version-history":[{"count":3,"href":"https:\/\/lfsportevents.pl\/ligaorlika2025\/wp-json\/wp\/v2\/pages\/20547\/revisions"}],"predecessor-version":[{"id":23543,"href":"https:\/\/lfsportevents.pl\/ligaorlika2025\/wp-json\/wp\/v2\/pages\/20547\/revisions\/23543"}],"wp:attachment":[{"href":"https:\/\/lfsportevents.pl\/ligaorlika2025\/wp-json\/wp\/v2\/media?parent=20547"}],"curies":[{"name":"wp","href":"https:\/\/api.w.org\/{rel}","templated":true}]}}