{"id":11156,"date":"2017-07-26T23:35:06","date_gmt":"2017-07-26T21:35:06","guid":{"rendered":"https:\/\/lfsportevents.pl\/ligaorlika2025\/?page_id=11156"},"modified":"2025-08-20T16:14:48","modified_gmt":"2025-08-20T14:14:48","slug":"regulamin","status":"publish","type":"page","link":"https:\/\/lfsportevents.pl\/ligaorlika2025\/regulamin\/","title":{"rendered":"Okienko transferowe"},"content":{"rendered":"<h1 style=\"text-align: center;\"><strong><span style=\"color: #993300;\">OKIENKO TRANSFEROWE\u00a0<\/span><\/strong><\/h1>\n<h2 style=\"text-align: center;\"><span style=\"color: #339966;\"><strong>otwarcie okienka &#8211; 13.06.2025<\/strong><br \/>\n<\/span><\/h2>\n<h2 style=\"text-align: center;\"><span style=\"color: #ff0000;\"><strong>Zamkni\u0119cie okienka &#8211; 10.08.2025<\/strong><\/span><\/h2>\n<p>&nbsp;<\/p>\n<h3><strong>LISTA TRANSFEROWA:<\/strong><span style=\"color: #993300;\"><strong>\u00a0<\/strong><\/span><\/h3>\n<p><span style=\"color: #ff0000;\"><strong>ODSZED\u0141 <\/strong><span style=\"color: #000000;\">&#8211; Jaros\u0142aw Filipowicz &#8211; ARK Group<\/span><\/span><br \/>\n<strong><span style=\"color: #ff0000;\">ODSZED\u0141 <\/span><\/strong><span style=\"color: #000000;\">&#8211; Kacper Bieniek &#8211; ARK Group<\/span><br \/>\n<span style=\"color: #339966;\"><strong>PRZYSZED\u0141 <\/strong><span style=\"color: #000000;\">&#8211; Arkadiusz Nowak &#8211; ARK Group<\/span><\/span><br \/>\n<span style=\"color: #339966;\"><strong>PRZYSZED\u0141 <\/strong><span style=\"color: #000000;\">&#8211; Pawe\u0142 Ko\u017cuch &#8211; ARK Group<\/span><\/span><br \/>\n<span style=\"color: #ff0000;\"><strong>ODSZED\u0141<\/strong><\/span> &#8211;\u00a0 Pawe\u0142 Ko\u017cuch &#8211; Rolbud Instal<br \/>\n<span style=\"color: #339966;\"><strong>PRZYSZED\u0141 <\/strong><span style=\"color: #000000;\">&#8211; Jakub Baziak &#8211; Koko Szanel<\/span><\/span><br \/>\n<span style=\"color: #339966;\"><strong>PRZYSZED\u0141 <\/strong><span style=\"color: #000000;\">&#8211; Tomasz Motak &#8211; Koko Szanel<\/span><\/span><br \/>\n<span style=\"color: #ff0000;\"><strong>ODSZED\u0141 <\/strong><span style=\"color: #000000;\">&#8211; Miko\u0142aj Kulak &#8211; Ogropark<\/span><\/span><br \/>\n<strong><span style=\"color: #ff0000;\">ODSZED\u0141 <\/span><\/strong><span style=\"color: #000000;\">&#8211; Samuel Nowak &#8211; Ogropark<\/span><br \/>\n<span style=\"color: #339966;\"><strong>PRZYSZED\u0141 <\/strong><span style=\"color: #000000;\">&#8211; Konrad Kogut &#8211; Ogropark<\/span><\/span><br \/>\n<span style=\"color: #339966;\"><strong>PRZYSZED\u0141 <\/strong><span style=\"color: #000000;\">&#8211; Sylwester Horowski &#8211; Ogropark<\/span><\/span><br \/>\n<span style=\"color: #ff0000;\"><strong>ODSZED\u0141 <\/strong><span style=\"color: #000000;\">&#8211; S\u0142awomir Le\u015bniak &#8211; Merx<\/span><\/span><br \/>\n<span style=\"color: #ff0000;\"><strong>ODSZED\u0141 <\/strong><span style=\"color: #000000;\">&#8211; Miko\u0142aj Boche\u0144ski &#8211; Merx<\/span><\/span><br \/>\n<strong><span style=\"color: #ff0000;\">ODSZED\u0141 <\/span><\/strong><span style=\"color: #000000;\">&#8211; Jerzy Smoro\u0144 &#8211; Merx<\/span><br \/>\n<span style=\"color: #339966;\"><strong>PRZYSZED\u0141 <\/strong><span style=\"color: #000000;\">&#8211; Kamil Mikulski &#8211; Merx<\/span><\/span><br \/>\n<span style=\"color: #339966;\"><strong>PRZYSZED\u0141 <\/strong><span style=\"color: #000000;\">&#8211; Jaros\u0142aw Le\u015bniak &#8211; Merx<\/span><\/span><br \/>\n<span style=\"color: #339966;\"><strong>PRZYSZED\u0141 <\/strong><span style=\"color: #000000;\">&#8211; Szymon Boche\u0144ski &#8211; Merx<\/span><\/span><br \/>\n<span style=\"color: #ff0000;\"><strong>ODSZED\u0141 <\/strong><span style=\"color: #000000;\">&#8211; Jakub Oleksy &#8211; Classic4you<\/span><\/span><br \/>\n<span style=\"color: #ff0000;\"><strong>ODSZED\u0141 <\/strong><span style=\"color: #000000;\">&#8211; Ryszard Grybo\u015b &#8211; Classic4you<\/span><\/span><br \/>\n<strong><span style=\"color: #ff0000;\">ODSZED\u0141 <\/span><\/strong><span style=\"color: #000000;\">&#8211; Janusz Grybo\u015b &#8211; Classic4you<\/span><br \/>\n<span style=\"color: #000000;\"><span style=\"color: #339966;\"><strong>PRZYSZED\u0141\u00a0<\/strong><span style=\"color: #000000;\">&#8211; Micha\u0142 Olszewski &#8211; Classic4you<\/span><\/span><\/span><br \/>\n<strong><span style=\"color: #ff0000;\">ODSZED\u0141 <\/span><\/strong><span style=\"color: #000000;\">&#8211; Mariusz Bochenek &#8211; Rolbud Team<\/span><br \/>\n<span style=\"color: #339966;\"><strong>PRZYSZED\u0141 <\/strong><span style=\"color: #000000;\">&#8211; Marcin \u0141atka &#8211; Rolbud Team<\/span><\/span><br \/>\n<span style=\"color: #339966;\"><strong>PRZYSZED\u0141 <\/strong><span style=\"color: #000000;\">&#8211; Pawe\u0142 Wi\u0119c\u0142awek &#8211; Rolbud Team<\/span><\/span><br \/>\n<span style=\"color: #ff0000;\"><strong>ODSZED\u0141 <\/strong><span style=\"color: #000000;\">&#8211; Kacper Pacholski &#8211; Libella Truck FC<\/span><\/span><br \/>\n<span style=\"color: #ff0000;\"><strong>ODSZED\u0141 <\/strong><span style=\"color: #000000;\">&#8211; Mieszko Janicki &#8211; Libella Truck FC<\/span><\/span><br \/>\n<strong><span style=\"color: #ff0000;\">ODSZED\u0141 <\/span><\/strong><span style=\"color: #000000;\">&#8211; Dawid Pa\u0142ka &#8211; Libella Truck FC<\/span><br \/>\n<span style=\"color: #339966;\"><strong>PRZYSZED\u0141 <\/strong><span style=\"color: #000000;\">&#8211; Mariusz Mr\u00f3z &#8211; Libella Truck FC<\/span><\/span><br \/>\n<span style=\"color: #339966;\"><strong>PRZYSZED\u0141 <\/strong><span style=\"color: #000000;\">&#8211; Sebastian Janczura &#8211; Libella Truck FC<\/span><\/span><br \/>\n<span style=\"color: #ff0000;\"><strong>ODSZED\u0141 <\/strong><span style=\"color: #000000;\">&#8211; Mariusz Mr\u00f3z &#8211; S\u0105czersi<\/span><\/span><br \/>\n<strong><span style=\"color: #ff0000;\">ODSZED\u0141 <\/span><\/strong><span style=\"color: #000000;\">&#8211; Sebastian Janczura &#8211; S\u0105czersi<\/span><br \/>\n<strong><span style=\"color: #ff0000;\">ODSZED\u0141 <\/span><\/strong><span style=\"color: #000000;\">&#8211; Andrzej Kumor &#8211; Rolbud Team<\/span><br \/>\n<strong><span style=\"color: #ff0000;\">ODSZED\u0141 <\/span><\/strong><span style=\"color: #000000;\">&#8211; Piotr Gargas &#8211; KKS Stava<\/span><br \/>\n<span style=\"color: #339966;\"><strong>PRZYSZED\u0141 <\/strong><span style=\"color: #000000;\">&#8211; Przemys\u0142aw \u0141ukaszczyk &#8211; KKS Stava<\/span><\/span><br \/>\n<span style=\"color: #339966;\"><strong>PRZYSZED\u0141 <\/strong><span style=\"color: #000000;\">&#8211; Krzysztof Szkar\u0142at &#8211; Batimowcy<\/span><\/span><br \/>\n<strong><span style=\"color: #ff0000;\">ODSZED\u0141 <\/span><\/strong><span style=\"color: #000000;\">&#8211; Micha\u0142 Gargas &#8211; Batimowcy<\/span><br \/>\n<strong><span style=\"color: #ff0000;\">ODSZED\u0141<\/span><\/strong> <span style=\"color: #000000;\">&#8211; Krystian Dobosz &#8211; Stal-Bud<\/span><strong><br \/>\n<span style=\"color: #339966;\">PRZYSZED\u0141 <\/span><\/strong><span style=\"color: #339966;\"><span style=\"color: #000000;\">&#8211; Krystian Dobosz &#8211; Baz Pal<\/span><\/span><br \/>\n<strong><span style=\"color: #ff0000;\">ODSZED\u0141<\/span><\/strong> <span style=\"color: #000000;\">&#8211; Piotr Fa\u0142owski &#8211; Baz Pal<\/span><br \/>\n<strong><span style=\"color: #ff0000;\">ODSZED\u0141<\/span><\/strong> <span style=\"color: #000000;\">&#8211; Mateusz Szkar\u0142at &#8211; Auto Spa Greenpowerns<\/span><strong><br \/>\n<span style=\"color: #339966;\">PRZYSZED\u0141 <\/span><\/strong><span style=\"color: #339966;\"><span style=\"color: #000000;\">&#8211; Pawe\u0142 Krzak &#8211; Auto Spa Greenpowerns<\/span><\/span><br \/>\n<strong><span style=\"color: #339966;\">PRZYSZED\u0141 <\/span><\/strong><span style=\"color: #339966;\"><span style=\"color: #000000;\">&#8211; Jan Michalik &#8211; Mawa Wyko\u0144czenia Wn\u0119trz<\/span><\/span><br \/>\n<strong><span style=\"color: #339966;\">PRZYSZED\u0141 <\/span><\/strong><span style=\"color: #339966;\"><span style=\"color: #000000;\">&#8211; Konrad Krasi\u0144ski &#8211; Pabud<\/span><\/span><br \/>\n<strong><span style=\"color: #339966;\">PRZYSZED\u0141 <\/span><\/strong><span style=\"color: #339966;\"><span style=\"color: #000000;\">&#8211; Miko\u0142aj Wygo\u0144ski &#8211; Pabud<\/span><\/span><br \/>\n<strong><span style=\"color: #ff0000;\">ODSZED\u0141<\/span><\/strong> <span style=\"color: #000000;\">&#8211; Miko\u0142aj Wygo\u0144ski &#8211; Iron Team<\/span><br \/>\n<strong><span style=\"color: #ff0000;\">ODSZED\u0141<\/span><\/strong> <span style=\"color: #000000;\">&#8211; \u0141ukasz Kr\u00f3l &#8211; Bruk Ogr\u00f3d Nowak<\/span><strong><br \/>\n<span style=\"color: #339966;\">PRZYSZED\u0141 <\/span><\/strong><span style=\"color: #339966;\"><span style=\"color: #000000;\">&#8211; Wiktor Mrozek &#8211; Bruk Ogr\u00f3d Nowak<\/span><\/span><br \/>\n<strong><span style=\"color: #ff0000;\">ODSZED\u0141<\/span><\/strong> <span style=\"color: #000000;\">&#8211; Emil Che\u0142mecki &#8211; KS Podegrodzie<\/span><strong><br \/>\n<span style=\"color: #339966;\">PRZYSZED\u0141 <\/span><\/strong><span style=\"color: #339966;\"><span style=\"color: #000000;\">&#8211; Oskaw Sawicki &#8211; KS Podegrodzie<\/span><\/span><br \/>\n<strong><span style=\"color: #ff0000;\">ODSZED\u0141<\/span><\/strong> <span style=\"color: #000000;\">&#8211; Maciej Rucha\u0142a &#8211; S\u0105czersi<\/span><strong><br \/>\n<span style=\"color: #339966;\">PRZYSZED\u0141 <\/span><\/strong><span style=\"color: #339966;\"><span style=\"color: #000000;\">&#8211; Maciej Rucha\u0142a &#8211; Dom Weselny Sylwia<\/span><\/span><br \/>\n<strong><span style=\"color: #339966;\">PRZYSZED\u0141 <\/span><\/strong><span style=\"color: #339966;\"><span style=\"color: #000000;\">&#8211; Marek Ma\u015blejak &#8211; Dom Weselny Sylwia<\/span><\/span><br \/>\n<strong><span style=\"color: #339966;\">PRZYSZED\u0141 <\/span><\/strong><span style=\"color: #339966;\"><span style=\"color: #000000;\">&#8211; Dariusz \u0141ukasik &#8211; Galacticos Team<\/span><\/span><br \/>\n<strong><span style=\"color: #339966;\">PRZYSZED\u0141 <\/span><\/strong><span style=\"color: #339966;\"><span style=\"color: #000000;\">&#8211; Piotr Godo\u0144 &#8211; Karpater<\/span><\/span><br \/>\n<strong><span style=\"color: #339966;\">PRZYSZED\u0141 <\/span><\/strong><span style=\"color: #339966;\"><span style=\"color: #000000;\">&#8211; Kacper Homoncik &#8211; Karpater<\/span><\/span><br \/>\n<strong><span style=\"color: #ff0000;\">ODSZED\u0141<\/span><\/strong> <span style=\"color: #000000;\">&#8211; \u0141ukasz Borek &#8211; Dromader<\/span><strong><br \/>\n<span style=\"color: #339966;\">PRZYSZED\u0141 <\/span><\/strong><span style=\"color: #339966;\"><span style=\"color: #000000;\">&#8211; Grzegorz Kulpa &#8211; Dromader<\/span><\/span><br \/>\n<strong><span style=\"color: #ff0000;\">ODSZED\u0141<\/span><\/strong> <span style=\"color: #000000;\">&#8211; Grzegorz Kulpa &#8211; Ibis Styles N.S.<\/span><br \/>\n<strong><span style=\"color: #ff0000;\">ODSZED\u0141<\/span><\/strong> <span style=\"color: #000000;\">&#8211; Bartosz Zaj\u0105c &#8211; Dromader<\/span><br \/>\n<strong><span style=\"color: #ff0000;\">ODSZED\u0141<\/span><\/strong> <span style=\"color: #000000;\">&#8211; Kamil W\u00f3js &#8211; Essa x Greenpowerns<\/span><br \/>\n<strong><span style=\"color: #339966;\">PRZYSZED\u0141 <\/span><\/strong><span style=\"color: #339966;\"><span style=\"color: #000000;\">&#8211; Wojciech Trochim &#8211; Essa x Greenpowerns<\/span><\/span><br \/>\n<strong><span style=\"color: #339966;\">PRZYSZED\u0141 <\/span><\/strong><span style=\"color: #339966;\"><span style=\"color: #000000;\">&#8211; Andrzej Kumor &#8211; Essa x Greenpowerns<\/span><\/span><br \/>\n<strong><span style=\"color: #339966;\">PRZYSZED\u0141 <\/span><\/strong><span style=\"color: #339966;\"><span style=\"color: #000000;\">&#8211; Pawe\u0142 Wojtas &#8211; Ibis Styles N.S.<\/span><\/span><br \/>\n<strong><span style=\"color: #339966;\">PRZYSZED\u0141 <\/span><\/strong><span style=\"color: #339966;\"><span style=\"color: #000000;\">&#8211; Jakub \u017buchowicz &#8211; Ibis Styles N.S.<\/span><\/span><br \/>\n<strong><span style=\"color: #ff0000;\">ODSZED\u0141<\/span><\/strong> <span style=\"color: #000000;\">&#8211; Dawid Kos &#8211; Ibis Styles N.S.<\/span><br \/>\n<strong><span style=\"color: #339966;\">PRZYSZED\u0141 <\/span><\/strong><span style=\"color: #339966;\"><span style=\"color: #000000;\">&#8211; Dawid Kos &#8211; Prestige House<\/span><\/span><br \/>\n<strong><span style=\"color: #ff0000;\">ODSZED\u0141<\/span><\/strong> <span style=\"color: #000000;\">&#8211; Jan Zelek &#8211; Drip Shop &amp; Pakersi<\/span><br \/>\n<strong><span style=\"color: #ff0000;\">ODSZED\u0141<\/span><\/strong> <span style=\"color: #000000;\">&#8211; Miko\u0142aj Ledniowski &#8211; DripShop &amp; Pakersi<\/span><br \/>\n<strong><span style=\"color: #ff0000;\">ODSZED\u0141<\/span><\/strong> <span style=\"color: #000000;\">&#8211; Arkadiusz Laciuga &#8211; DripShop &amp; Pakersi<\/span><br \/>\n<strong><span style=\"color: #ff0000;\">ODSZED\u0141<\/span><\/strong> <span style=\"color: #000000;\">&#8211; Marcin Wawruszczak &#8211; Gold Team\/Meble Lorek<\/span><br \/>\n<strong><span style=\"color: #ff0000;\">ODSZED\u0141<\/span><\/strong> <span style=\"color: #000000;\">&#8211; Dawid Mitu\u015b &#8211; Rolbud Instal<\/span><br \/>\n<strong><span style=\"color: #ff0000;\">ODSZED\u0141<\/span><\/strong> <span style=\"color: #000000;\">&#8211; J\u00f3zef Por\u0119ba &#8211; Rolbud Instal<\/span><br \/>\n<strong><span style=\"color: #ff0000;\">ODSZED\u0141<\/span><\/strong> <span style=\"color: #000000;\">&#8211; Grzegorz Kordek &#8211; Rolbud Team<\/span><br \/>\n<strong><span style=\"color: #ff0000;\">ODSZED\u0141<\/span><\/strong> <span style=\"color: #000000;\">&#8211; Oskar Plata &#8211; Iron Team<\/span><br \/>\n<span style=\"color: #339966;\"><strong>PRZYSZED\u0141<\/strong> <\/span><span style=\"color: #000000;\">&#8211; Oskar Plata &#8211; Inter-Styl<\/span><br \/>\n<strong><span style=\"color: #ff0000;\">ODSZED\u0141 <\/span><\/strong><span style=\"color: #000000;\">&#8211; Artur Che\u0142miecki &#8211; Inter-Styl<\/span><br \/>\n<strong><span style=\"color: #339966;\">PRZYSZED\u0141 <\/span><\/strong><span style=\"color: #339966;\"><span style=\"color: #000000;\">&#8211; Kamil Tokarczyk &#8211; Iron Team<\/span><\/span><br \/>\n<strong><span style=\"color: #ff0000;\">ODSZED\u0141 <\/span><\/strong><span style=\"color: #000000;\">&#8211; Damian Dzi\u0119cio\u0142owski &#8211; Batimowcy<\/span><br \/>\n<span style=\"color: #339966;\"><strong>PRZYSZED\u0141 <\/strong><span style=\"color: #000000;\">&#8211; Damian Dzi\u0119cio\u0142owski &#8211; ARK Group<\/span><\/span><br \/>\n<strong><span style=\"color: #ff0000;\">ODSZED\u0141<\/span><\/strong> <span style=\"color: #000000;\">&#8211; Bartosz Dziadu\u0142a &#8211; KKS Stava<\/span><br \/>\n<strong><span style=\"color: #ff0000;\">ODSZED\u0141 <\/span><\/strong><span style=\"color: #000000;\">&#8211; Patryk Chomoncik &#8211; Batimowcy<\/span><br \/>\n<span style=\"color: #339966;\"><strong>PRZYSZED\u0141 <\/strong><span style=\"color: #000000;\">&#8211; Marcin W\u00f3jtowicz &#8211; Batimowcy<\/span><\/span><br \/>\n<strong><span style=\"color: #ff0000;\">ODSZED\u0141<\/span><\/strong> <span style=\"color: #000000;\">&#8211; Karol Cisowski &#8211; Baz Pal<\/span><br \/>\n<strong><span style=\"color: #ff0000;\">ODSZED\u0141<\/span><\/strong> <span style=\"color: #000000;\">&#8211; Karol Policht &#8211; Baz Pal<\/span><br \/>\n<strong><span style=\"color: #ff0000;\">ODSZED\u0141<\/span><\/strong> <span style=\"color: #000000;\">&#8211; Kamil Zygmunt &#8211; Bastek Garnitury<\/span><br \/>\n<span style=\"color: #339966;\"><strong>PRZYSZED\u0141 <\/strong><span style=\"color: #000000;\">&#8211; Kamil Zygmunt &#8211; Baz Pal<\/span><\/span><br \/>\n<strong><span style=\"color: #ff0000;\">ODSZED\u0141<\/span><\/strong> <span style=\"color: #000000;\">&#8211; Pawe\u0142 Krzak &#8211; Auto Spa Greenpowerns<\/span><strong><br \/>\n<span style=\"color: #339966;\">PRZYSZED\u0141 <\/span><\/strong><span style=\"color: #339966;\"><span style=\"color: #000000;\">&#8211; Mateusz Szkar\u0142at &#8211; Auto Spa Greenpowerns<\/span><\/span><br \/>\n<strong><span style=\"color: #ff0000;\">ODSZED\u0141<\/span><\/strong> <span style=\"color: #000000;\">&#8211; Mi\u0142osz Jasiurkowski &#8211; Karpater<\/span><br \/>\n<strong><span style=\"color: #ff0000;\">ODSZED\u0141<\/span><\/strong> <span style=\"color: #000000;\">&#8211; Kacper \u017buchowicz &#8211; Ibis Styles N.S.<\/span><br \/>\n<span style=\"color: #339966;\"><span style=\"color: #ff0000;\"><strong>ODSZED\u0141 <\/strong><\/span><span style=\"color: #000000;\">&#8211; Konrad Kogut &#8211; Ogropark<\/span><\/span><\/p>\n<h3><span style=\"color: #993300;\"><strong>Regulamin Okienka Transferowego.<\/strong><\/span><\/h3>\n<ul>\n<li>Mo\u017cliwe jest dopisanie 3 zawodnik\u00f3w do listy, maksymalnie do 18 os\u00f3b<\/li>\n<li>Je\u015bli dru\u017cyna posiada pe\u0142n\u0105 list\u0119 18 os\u00f3b, to mo\u017cemy skre\u015bli\u0107 pi\u0142karzy nieaktywnych i w zamian za ich miejsce zakontraktowa\u0107 nowych.<\/li>\n<li>Mo\u017cemy zrobi\u0107 3 transfery mi\u0119dzy dru\u017cynami.<\/li>\n<li>Nale\u017cy pami\u0119ta\u0107 by nie przekroczy\u0107 limit zawodnik\u00f3w czynnych na dru\u017cyn\u0119.<\/li>\n<li>Mo\u017cna dopisa\u0107 lub wymieni\u0107 zawodnika amatora i czynnego, zgodnie z regulaminem punktu\u00a0V ZESPO\u0141Y I ZAWODNICY\u00a0 podpunktu 4<\/li>\n<li>Amator\u00f3w mo\u017cna wymieni\u0107 dowolnie, czynnych dw\u00f3ch<\/li>\n<li>Ch\u0119\u0107 skorzystania z okienka transferowego, nale\u017cy zg\u0142osi\u0107 tylko i wy\u0142\u0105cznie w formie pisemnej na adres mailowy:\u00a0biuro@lfsportevents.pl lub w razie pyta\u0144 prosimy dzwoni\u0107 na nr tel: 500-758-968<\/li>\n<li>Na stronie www.lfsportevents.pl pojawi\u0142a si\u0119 zak\u0142adka\u00a0<strong>OKIENKO TRANSFEROWE<\/strong>\u00a0gdzie b\u0119d\u0105 podawane informacje o nowych zawodnikach i transferach.<\/li>\n<\/ul>\n","protected":false},"excerpt":{"rendered":"<p>OKIENKO TRANSFEROWE\u00a0 otwarcie okienka &#8211; 13.06.2025 Zamkni\u0119cie okienka &#8211; 10.08.2025 &nbsp; LISTA TRANSFEROWA:\u00a0 ODSZED\u0141 &#8211; Jaros\u0142aw Filipowicz &#8211; ARK Group ODSZED\u0141 &#8211; Kacper Bieniek &#8211; ARK Group PRZYSZED\u0141 &#8211; Arkadiusz Nowak &#8211; ARK Group PRZYSZED\u0141 &#8211; Pawe\u0142 Ko\u017cuch &#8211; ARK Group ODSZED\u0141 &#8211;\u00a0 Pawe\u0142 Ko\u017cuch &#8211; Rolbud Instal PRZYSZED\u0141 &#8211; Jakub Baziak &#8211; Koko Szanel [&hellip;]<\/p>\n","protected":false},"author":1,"featured_media":0,"parent":0,"menu_order":0,"comment_status":"closed","ping_status":"closed","template":"","meta":[],"_links":{"self":[{"href":"https:\/\/lfsportevents.pl\/ligaorlika2025\/wp-json\/wp\/v2\/pages\/11156"}],"collection":[{"href":"https:\/\/lfsportevents.pl\/ligaorlika2025\/wp-json\/wp\/v2\/pages"}],"about":[{"href":"https:\/\/lfsportevents.pl\/ligaorlika2025\/wp-json\/wp\/v2\/types\/page"}],"author":[{"embeddable":true,"href":"https:\/\/lfsportevents.pl\/ligaorlika2025\/wp-json\/wp\/v2\/users\/1"}],"replies":[{"embeddable":true,"href":"https:\/\/lfsportevents.pl\/ligaorlika2025\/wp-json\/wp\/v2\/comments?post=11156"}],"version-history":[{"count":3,"href":"https:\/\/lfsportevents.pl\/ligaorlika2025\/wp-json\/wp\/v2\/pages\/11156\/revisions"}],"predecessor-version":[{"id":11162,"href":"https:\/\/lfsportevents.pl\/ligaorlika2025\/wp-json\/wp\/v2\/pages\/11156\/revisions\/11162"}],"wp:attachment":[{"href":"https:\/\/lfsportevents.pl\/ligaorlika2025\/wp-json\/wp\/v2\/media?parent=11156"}],"curies":[{"name":"wp","href":"https:\/\/api.w.org\/{rel}","templated":true}]}}