{"id":17925,"date":"2018-10-31T21:52:01","date_gmt":"2018-10-31T20:52:01","guid":{"rendered":"https:\/\/lfsportevents.pl\/ligaorlika2024\/?page_id=17925"},"modified":"2024-05-17T21:49:47","modified_gmt":"2024-05-17T19:49:47","slug":"gala","status":"publish","type":"page","link":"https:\/\/lfsportevents.pl\/ligaorlika2024\/gala\/","title":{"rendered":"Gala"},"content":{"rendered":"<h3 style=\"text-align: center;\"><strong><span style=\"color: #ff0000;\">GALA ZAKO\u0143CZENIA SUFIGS LIGI ORLIKA 2024<\/span><\/strong><\/h3>\n<h1 style=\"text-align: center;\"><strong><span style=\"color: #ff0000;\">\u00a021 WRZESIE\u0143 2024<\/span><\/strong><\/h1>\n<h3 style=\"text-align: center;\"><span style=\"color: #339966;\"><strong>HOTEL IBIS STYLES NOWY S\u0104CZ<\/strong><\/span><\/h3>\n<h3><\/h3>\n<h6><span style=\"color: #ff0000;\">zOBACZ PONI\u017bEJ JAK BY\u0141O W 2023 ROKU\u00a0<\/span><\/h6>\n<h3 style=\"text-align: left;\"><a href=\"https:\/\/www.facebook.com\/lfsportevents\/videos\/379358808379332\" target=\"_blank\" rel=\"noopener\"><span style=\"color: #993300;\">FILM Z GALI ZAKO\u0143CZENIA 2023<\/span><\/a><\/h3>\n<h3><a href=\"https:\/\/www.facebook.com\/media\/set\/?set=a.1054824895627331&amp;type=3\" target=\"_blank\" rel=\"noopener\"><span style=\"color: #993300;\">Gala Zako\u0144czenia Sufigs Ligi Orlika 2023. Cz.1 &#8211; Wr\u0119czenie nagr\u00f3d<\/span>\u00a0<\/a><\/h3>\n<h3><a href=\"https:\/\/www.facebook.com\/media\/set\/?set=a.1055170465592774&amp;type=3\" target=\"_blank\" rel=\"noopener\"><span style=\"color: #993300;\">Gala Zako\u0144czenia Sufigs Ligi Orlika 2023. Cz.2 &#8211; Zabawa<\/span><\/a><\/h3>\n<p>&nbsp;<\/p>\n<p>&nbsp;<\/p>\n","protected":false},"excerpt":{"rendered":"<p>GALA ZAKO\u0143CZENIA SUFIGS LIGI ORLIKA 2024 \u00a021 WRZESIE\u0143 2024 HOTEL IBIS STYLES NOWY S\u0104CZ zOBACZ PONI\u017bEJ JAK BY\u0141O W 2023 ROKU\u00a0 FILM Z GALI ZAKO\u0143CZENIA 2023 Gala Zako\u0144czenia Sufigs Ligi Orlika 2023. Cz.1 &#8211; Wr\u0119czenie nagr\u00f3d\u00a0 Gala Zako\u0144czenia Sufigs Ligi Orlika 2023. Cz.2 &#8211; Zabawa &nbsp; &nbsp;<\/p>\n","protected":false},"author":1,"featured_media":0,"parent":0,"menu_order":0,"comment_status":"closed","ping_status":"closed","template":"","meta":[],"_links":{"self":[{"href":"https:\/\/lfsportevents.pl\/ligaorlika2024\/wp-json\/wp\/v2\/pages\/17925"}],"collection":[{"href":"https:\/\/lfsportevents.pl\/ligaorlika2024\/wp-json\/wp\/v2\/pages"}],"about":[{"href":"https:\/\/lfsportevents.pl\/ligaorlika2024\/wp-json\/wp\/v2\/types\/page"}],"author":[{"embeddable":true,"href":"https:\/\/lfsportevents.pl\/ligaorlika2024\/wp-json\/wp\/v2\/users\/1"}],"replies":[{"embeddable":true,"href":"https:\/\/lfsportevents.pl\/ligaorlika2024\/wp-json\/wp\/v2\/comments?post=17925"}],"version-history":[{"count":3,"href":"https:\/\/lfsportevents.pl\/ligaorlika2024\/wp-json\/wp\/v2\/pages\/17925\/revisions"}],"predecessor-version":[{"id":32905,"href":"https:\/\/lfsportevents.pl\/ligaorlika2024\/wp-json\/wp\/v2\/pages\/17925\/revisions\/32905"}],"wp:attachment":[{"href":"https:\/\/lfsportevents.pl\/ligaorlika2024\/wp-json\/wp\/v2\/media?parent=17925"}],"curies":[{"name":"wp","href":"https:\/\/api.w.org\/{rel}","templated":true}]}}