{"id":5305,"date":"2017-03-15T11:07:29","date_gmt":"2017-03-15T10:07:29","guid":{"rendered":"https:\/\/lfsportevents.pl\/ligaorlika2023\/?page_id=5305"},"modified":"2023-09-16T00:05:09","modified_gmt":"2023-09-15T22:05:09","slug":"video","status":"publish","type":"page","link":"https:\/\/lfsportevents.pl\/ligaorlika2023\/ii-liga\/video\/","title":{"rendered":"Video"},"content":{"rendered":"<p><iframe loading=\"lazy\" title=\"Prestige House wygrywa Sufigs II Lig\u0119 Orlika 2023\" width=\"620\" height=\"349\" src=\"https:\/\/www.youtube.com\/embed\/2_qCFwzSwWY?feature=oembed\" frameborder=\"0\" allow=\"accelerometer; autoplay; clipboard-write; encrypted-media; gyroscope; picture-in-picture; web-share\" allowfullscreen><\/iframe><\/p>\n<p><iframe loading=\"lazy\" title=\"Micha\u0142 Rumin (Nuevo Galactico)\" width=\"620\" height=\"349\" src=\"https:\/\/www.youtube.com\/embed\/zDVDWN72X3o?feature=oembed\" frameborder=\"0\" allow=\"accelerometer; autoplay; clipboard-write; encrypted-media; gyroscope; picture-in-picture; web-share\" allowfullscreen><\/iframe><\/p>\n<p><iframe loading=\"lazy\" title=\"Marek W\u00f3jcik (Whisky Bar)\" width=\"620\" height=\"349\" src=\"https:\/\/www.youtube.com\/embed\/W2yUkA9eUiM?feature=oembed\" frameborder=\"0\" allow=\"accelerometer; autoplay; clipboard-write; encrypted-media; gyroscope; picture-in-picture; web-share\" allowfullscreen><\/iframe><\/p>\n<p><iframe loading=\"lazy\" title=\"Daniel Kope\u0107 (Nuevo Galactico)\" width=\"620\" height=\"349\" src=\"https:\/\/www.youtube.com\/embed\/3BXr0d_m4OI?feature=oembed\" frameborder=\"0\" allow=\"accelerometer; autoplay; clipboard-write; encrypted-media; gyroscope; picture-in-picture; web-share\" allowfullscreen><\/iframe><\/p>\n<p><iframe loading=\"lazy\" title=\"Mariusz Zieli\u0144ski (Stal-Bud Nawojowa)\" width=\"620\" height=\"349\" src=\"https:\/\/www.youtube.com\/embed\/A-ilMFFVGBQ?feature=oembed\" frameborder=\"0\" allow=\"accelerometer; autoplay; clipboard-write; encrypted-media; gyroscope; picture-in-picture; web-share\" allowfullscreen><\/iframe><\/p>\n<p><iframe loading=\"lazy\" title=\"Mateusz Szczecina (Prestige House)\" width=\"620\" height=\"349\" src=\"https:\/\/www.youtube.com\/embed\/P2s9hSUSvhU?feature=oembed\" frameborder=\"0\" allow=\"accelerometer; autoplay; clipboard-write; encrypted-media; gyroscope; picture-in-picture; web-share\" allowfullscreen><\/iframe><\/p>\n<p><iframe loading=\"lazy\" title=\"\u0141ukasz Michalik (Gad\u017cet Team\/Janczosad)\" width=\"620\" height=\"349\" src=\"https:\/\/www.youtube.com\/embed\/SNj9LSVqSfo?feature=oembed\" frameborder=\"0\" allow=\"accelerometer; autoplay; clipboard-write; encrypted-media; gyroscope; picture-in-picture; web-share\" allowfullscreen><\/iframe><\/p>\n<p><iframe loading=\"lazy\" title=\"Szczepan Rosiek (Wi\u015bniowski)\" width=\"620\" height=\"349\" src=\"https:\/\/www.youtube.com\/embed\/TAdWu8PyrOk?feature=oembed\" frameborder=\"0\" allow=\"accelerometer; autoplay; clipboard-write; encrypted-media; gyroscope; picture-in-picture; web-share\" allowfullscreen><\/iframe><\/p>\n<p><iframe loading=\"lazy\" title=\"Adam Kocemba (Bruk Ogr\u00f3d Nowak)\" width=\"620\" height=\"349\" src=\"https:\/\/www.youtube.com\/embed\/SNHN7a8R-HE?feature=oembed\" frameborder=\"0\" allow=\"accelerometer; autoplay; clipboard-write; encrypted-media; gyroscope; picture-in-picture; web-share\" allowfullscreen><\/iframe><\/p>\n<p><iframe loading=\"lazy\" title=\"Maciej Bartkowiak (Mak-Bud)\" width=\"620\" height=\"349\" src=\"https:\/\/www.youtube.com\/embed\/5rK9R8NWC_4?feature=oembed\" frameborder=\"0\" allow=\"accelerometer; autoplay; clipboard-write; encrypted-media; gyroscope; picture-in-picture; web-share\" allowfullscreen><\/iframe><\/p>\n<p><iframe loading=\"lazy\" title=\"Kamil Cabak (Whisky Bar)\" width=\"620\" height=\"349\" src=\"https:\/\/www.youtube.com\/embed\/8jxrww8yU9g?feature=oembed\" frameborder=\"0\" allow=\"accelerometer; autoplay; clipboard-write; encrypted-media; gyroscope; picture-in-picture; web-share\" allowfullscreen><\/iframe><\/p>\n<p><iframe loading=\"lazy\" title=\"Mariusz Sromek (Bruk Ogr\u00f3d Nowak)\" width=\"620\" height=\"349\" src=\"https:\/\/www.youtube.com\/embed\/pLPJ2FEekQI?feature=oembed\" frameborder=\"0\" allow=\"accelerometer; autoplay; clipboard-write; encrypted-media; gyroscope; picture-in-picture; web-share\" allowfullscreen><\/iframe><\/p>\n<p><iframe loading=\"lazy\" title=\"Mateusz Fortuna (Nuevo Galactico)\" width=\"620\" height=\"349\" src=\"https:\/\/www.youtube.com\/embed\/c4e63-p1ovo?feature=oembed\" frameborder=\"0\" allow=\"accelerometer; autoplay; clipboard-write; encrypted-media; gyroscope; picture-in-picture; web-share\" allowfullscreen><\/iframe><\/p>\n<p><iframe loading=\"lazy\" title=\"Jan Chru\u015blicki (Mak-Bud)\" width=\"620\" height=\"349\" src=\"https:\/\/www.youtube.com\/embed\/DOtQ4hi-ysQ?feature=oembed\" frameborder=\"0\" allow=\"accelerometer; autoplay; clipboard-write; encrypted-media; gyroscope; picture-in-picture; web-share\" allowfullscreen><\/iframe><\/p>\n<p><iframe loading=\"lazy\" title=\"Bart\u0142omiej Michalik (Gad\u017cet Team\/Janczosad)\" width=\"620\" height=\"349\" src=\"https:\/\/www.youtube.com\/embed\/-kFGZQOHVMM?feature=oembed\" frameborder=\"0\" allow=\"accelerometer; autoplay; clipboard-write; encrypted-media; gyroscope; picture-in-picture; web-share\" allowfullscreen><\/iframe><\/p>\n<p><iframe loading=\"lazy\" title=\"Adrian Musia\u0142 (Wi\u015bniowski)\" width=\"620\" height=\"349\" src=\"https:\/\/www.youtube.com\/embed\/duhKQ7noeBw?feature=oembed\" frameborder=\"0\" allow=\"accelerometer; autoplay; clipboard-write; encrypted-media; gyroscope; picture-in-picture; web-share\" allowfullscreen><\/iframe><\/p>\n<p><iframe loading=\"lazy\" title=\"Kamil Machowski (Wi\u015bniowski)\" width=\"620\" height=\"349\" src=\"https:\/\/www.youtube.com\/embed\/WhASgK-q-1E?feature=oembed\" frameborder=\"0\" allow=\"accelerometer; autoplay; clipboard-write; encrypted-media; gyroscope; picture-in-picture; web-share\" allowfullscreen><\/iframe><\/p>\n<p><iframe loading=\"lazy\" title=\"Marcin Pa\u0142ka (Mawa Wyko\u0144czenia Wn\u0119trz)\" width=\"620\" height=\"349\" src=\"https:\/\/www.youtube.com\/embed\/7bMT1ScVUwc?feature=oembed\" frameborder=\"0\" allow=\"accelerometer; autoplay; clipboard-write; encrypted-media; gyroscope; picture-in-picture; web-share\" allowfullscreen><\/iframe><\/p>\n<p><iframe loading=\"lazy\" title=\"Jakub Olchawa (Prestige House)\" width=\"620\" height=\"349\" src=\"https:\/\/www.youtube.com\/embed\/bo18xzjHZiU?feature=oembed\" frameborder=\"0\" allow=\"accelerometer; autoplay; clipboard-write; encrypted-media; gyroscope; picture-in-picture; web-share\" allowfullscreen><\/iframe><\/p>\n<p><iframe loading=\"lazy\" title=\"Micha\u0142 Dyrek (Bysek Team)\" width=\"620\" height=\"349\" src=\"https:\/\/www.youtube.com\/embed\/a08nmBMHero?feature=oembed\" frameborder=\"0\" allow=\"accelerometer; autoplay; clipboard-write; encrypted-media; gyroscope; picture-in-picture; web-share\" allowfullscreen><\/iframe><\/p>\n<p><iframe loading=\"lazy\" title=\"Micha\u0142 Rymarczyk (Stal-Bud Nawojowa)\" width=\"620\" height=\"349\" src=\"https:\/\/www.youtube.com\/embed\/bEEqiecTeP8?feature=oembed\" frameborder=\"0\" allow=\"accelerometer; autoplay; clipboard-write; encrypted-media; gyroscope; picture-in-picture; web-share\" allowfullscreen><\/iframe><\/p>\n<p><iframe loading=\"lazy\" title=\"Daniel Skrzypiec (Bruk Ogr\u00f3d Nowak)\" width=\"620\" height=\"349\" src=\"https:\/\/www.youtube.com\/embed\/04w0fJByQxs?feature=oembed\" frameborder=\"0\" allow=\"accelerometer; autoplay; clipboard-write; encrypted-media; gyroscope; picture-in-picture; web-share\" allowfullscreen><\/iframe><\/p>\n<p><iframe loading=\"lazy\" title=\"Kacper Kropiwnicki (Nuevo Galactico)\" width=\"620\" height=\"349\" src=\"https:\/\/www.youtube.com\/embed\/1ITvAlM7rDs?feature=oembed\" frameborder=\"0\" allow=\"accelerometer; autoplay; clipboard-write; encrypted-media; gyroscope; picture-in-picture; web-share\" allowfullscreen><\/iframe><\/p>\n<p><iframe loading=\"lazy\" title=\"Kamil Gieniec (Gad\u017cet Team\/Janczosad)\" width=\"620\" height=\"349\" src=\"https:\/\/www.youtube.com\/embed\/Uy12TiL7zsw?feature=oembed\" frameborder=\"0\" allow=\"accelerometer; autoplay; clipboard-write; encrypted-media; gyroscope; picture-in-picture; web-share\" allowfullscreen><\/iframe><\/p>\n<p><iframe loading=\"lazy\" title=\"Bart\u0142omiej Dusza (Mawa Wyko\u0144czenia Wn\u0119trz)\" width=\"620\" height=\"349\" src=\"https:\/\/www.youtube.com\/embed\/vkj-LLpgbas?feature=oembed\" frameborder=\"0\" allow=\"accelerometer; autoplay; clipboard-write; encrypted-media; gyroscope; picture-in-picture; web-share\" allowfullscreen><\/iframe><\/p>\n<p><iframe loading=\"lazy\" title=\"Adrian Miarczy\u0144ski (Prestige House)\" width=\"620\" height=\"349\" src=\"https:\/\/www.youtube.com\/embed\/-u_833n1O-M?feature=oembed\" frameborder=\"0\" allow=\"accelerometer; autoplay; clipboard-write; encrypted-media; gyroscope; picture-in-picture; web-share\" allowfullscreen><\/iframe><\/p>\n<p><iframe loading=\"lazy\" title=\"Marcin Jasiurkowski (Whisky Bar)\" width=\"620\" height=\"349\" src=\"https:\/\/www.youtube.com\/embed\/mpQWFM5IRsI?feature=oembed\" frameborder=\"0\" allow=\"accelerometer; autoplay; clipboard-write; encrypted-media; gyroscope; picture-in-picture; web-share\" allowfullscreen><\/iframe><\/p>\n<p><iframe loading=\"lazy\" title=\"Krzysztof Jasiurkowski (Whisky Bar)\" width=\"620\" height=\"349\" src=\"https:\/\/www.youtube.com\/embed\/In3ycc5o2IA?feature=oembed\" frameborder=\"0\" allow=\"accelerometer; autoplay; clipboard-write; encrypted-media; gyroscope; picture-in-picture; web-share\" allowfullscreen><\/iframe><\/p>\n<p><iframe loading=\"lazy\" title=\"Dawid Kie\u0142basa (Mak-Bud)\" width=\"620\" height=\"349\" src=\"https:\/\/www.youtube.com\/embed\/zb6Fm_A0KL4?feature=oembed\" frameborder=\"0\" allow=\"accelerometer; autoplay; clipboard-write; encrypted-media; gyroscope; picture-in-picture; web-share\" allowfullscreen><\/iframe><\/p>\n<p><iframe loading=\"lazy\" title=\"Krystian Janus (Wi\u015bniowski)\" width=\"620\" height=\"349\" src=\"https:\/\/www.youtube.com\/embed\/jl566pwydk8?feature=oembed\" frameborder=\"0\" allow=\"accelerometer; autoplay; clipboard-write; encrypted-media; gyroscope; picture-in-picture; web-share\" allowfullscreen><\/iframe><\/p>\n<p><iframe loading=\"lazy\" title=\"Andrzej Kumor (Bysek Team)\" width=\"620\" height=\"349\" src=\"https:\/\/www.youtube.com\/embed\/3LBwvPqR_YE?feature=oembed\" frameborder=\"0\" allow=\"accelerometer; autoplay; clipboard-write; encrypted-media; gyroscope; picture-in-picture; web-share\" allowfullscreen><\/iframe><\/p>\n<p><iframe loading=\"lazy\" title=\"S\u0142awomir Zi\u0119cina (Stal-Bud Nawojowa)\" width=\"620\" height=\"349\" src=\"https:\/\/www.youtube.com\/embed\/eqMoKLScfqY?feature=oembed\" frameborder=\"0\" allow=\"accelerometer; autoplay; clipboard-write; encrypted-media; gyroscope; picture-in-picture; web-share\" allowfullscreen><\/iframe><\/p>\n<p><iframe loading=\"lazy\" title=\"Mateusz \u0141agosz (Bruk-Ogr\u00f3d-Nowak)\" width=\"620\" height=\"349\" src=\"https:\/\/www.youtube.com\/embed\/ZWZUOPBE7h0?feature=oembed\" frameborder=\"0\" allow=\"accelerometer; autoplay; clipboard-write; encrypted-media; gyroscope; picture-in-picture; web-share\" allowfullscreen><\/iframe><\/p>\n<p><iframe loading=\"lazy\" title=\"Dariusz Witek (Gad\u017cet Team\/Janczosad\" width=\"620\" height=\"349\" src=\"https:\/\/www.youtube.com\/embed\/EQuANMiccV0?feature=oembed\" frameborder=\"0\" allow=\"accelerometer; autoplay; clipboard-write; encrypted-media; gyroscope; picture-in-picture; web-share\" allowfullscreen><\/iframe><\/p>\n<p><iframe loading=\"lazy\" title=\"Kamil Kami\u0144ski (Mawa Wyko\u0144czenia Wn\u0119trz)\" width=\"620\" height=\"349\" src=\"https:\/\/www.youtube.com\/embed\/MIjw0eeq1h4?feature=oembed\" frameborder=\"0\" allow=\"accelerometer; autoplay; clipboard-write; encrypted-media; gyroscope; picture-in-picture; web-share\" allowfullscreen><\/iframe><\/p>\n<p><iframe loading=\"lazy\" title=\"Wojciech Cebula (Nuevo Galactico)\" width=\"620\" height=\"349\" src=\"https:\/\/www.youtube.com\/embed\/K1432hLUIdc?feature=oembed\" frameborder=\"0\" allow=\"accelerometer; autoplay; clipboard-write; encrypted-media; gyroscope; picture-in-picture; web-share\" allowfullscreen><\/iframe><\/p>\n<p><iframe loading=\"lazy\" title=\"Pawe\u0142 Marsza\u0142ek (Whisky Bar)\" width=\"620\" height=\"349\" src=\"https:\/\/www.youtube.com\/embed\/RzhwZklF0yo?feature=oembed\" frameborder=\"0\" allow=\"accelerometer; autoplay; clipboard-write; encrypted-media; gyroscope; picture-in-picture; web-share\" allowfullscreen><\/iframe><\/p>\n<p><iframe loading=\"lazy\" title=\"Jaros\u0142aw Witowski (Gad\u017cet Team\/Janczosad)\" width=\"620\" height=\"349\" src=\"https:\/\/www.youtube.com\/embed\/9yGJas0dV0Q?feature=oembed\" frameborder=\"0\" allow=\"accelerometer; autoplay; clipboard-write; encrypted-media; gyroscope; picture-in-picture; web-share\" allowfullscreen><\/iframe><\/p>\n<p><iframe loading=\"lazy\" title=\"Marcin Dobosz (Mak-Bud)\" width=\"620\" height=\"349\" src=\"https:\/\/www.youtube.com\/embed\/64hOLrv2kgc?feature=oembed\" frameborder=\"0\" allow=\"accelerometer; autoplay; clipboard-write; encrypted-media; gyroscope; picture-in-picture; web-share\" allowfullscreen><\/iframe><\/p>\n<p><iframe loading=\"lazy\" title=\"Jan Kie\u0142basa (Stal-Bud Nawojowa)\" width=\"620\" height=\"349\" src=\"https:\/\/www.youtube.com\/embed\/AIG-1VGIm0s?feature=oembed\" frameborder=\"0\" allow=\"accelerometer; autoplay; clipboard-write; encrypted-media; gyroscope; picture-in-picture; web-share\" allowfullscreen><\/iframe><\/p>\n<p><iframe loading=\"lazy\" title=\"Pawe\u0142 Nie\u0107 (Bysek Team)\" width=\"620\" height=\"349\" src=\"https:\/\/www.youtube.com\/embed\/v2yPNd9iEHM?feature=oembed\" frameborder=\"0\" allow=\"accelerometer; autoplay; clipboard-write; encrypted-media; gyroscope; picture-in-picture; web-share\" allowfullscreen><\/iframe><\/p>\n<p><iframe loading=\"lazy\" title=\"Adam Kocemba (Bruk-Ogr\u00f3d-Nowak)\" width=\"620\" height=\"349\" src=\"https:\/\/www.youtube.com\/embed\/jRGxW5ea48s?feature=oembed\" frameborder=\"0\" allow=\"accelerometer; autoplay; clipboard-write; encrypted-media; gyroscope; picture-in-picture; web-share\" allowfullscreen><\/iframe><\/p>\n<p><iframe loading=\"lazy\" title=\"Waldemar Nowak (Prestige House)\" width=\"620\" height=\"349\" src=\"https:\/\/www.youtube.com\/embed\/ICUxAfMvBwE?feature=oembed\" frameborder=\"0\" allow=\"accelerometer; autoplay; clipboard-write; encrypted-media; gyroscope; picture-in-picture; web-share\" allowfullscreen><\/iframe><\/p>\n<p><iframe loading=\"lazy\" title=\"Kacper Chru\u015blicki (Mak-Bud)\" width=\"620\" height=\"349\" src=\"https:\/\/www.youtube.com\/embed\/yWo1Bdmpnz0?feature=oembed\" frameborder=\"0\" allow=\"accelerometer; autoplay; clipboard-write; encrypted-media; gyroscope; picture-in-picture; web-share\" allowfullscreen><\/iframe><\/p>\n<p><iframe loading=\"lazy\" title=\"Adrian Musia\u0142 (Wi\u015bniowski)\" width=\"620\" height=\"349\" src=\"https:\/\/www.youtube.com\/embed\/iPnnIrnT-GY?feature=oembed\" frameborder=\"0\" allow=\"accelerometer; autoplay; clipboard-write; encrypted-media; gyroscope; picture-in-picture; web-share\" allowfullscreen><\/iframe><\/p>\n<p><iframe loading=\"lazy\" title=\"Witold Janisz (Nuevo Galactico)\" width=\"620\" height=\"349\" src=\"https:\/\/www.youtube.com\/embed\/qn4zCfEneuY?feature=oembed\" frameborder=\"0\" allow=\"accelerometer; autoplay; clipboard-write; encrypted-media; gyroscope; picture-in-picture; web-share\" allowfullscreen><\/iframe><\/p>\n<p><iframe loading=\"lazy\" title=\"Kamil Cabak (Whisky Bar)\" width=\"620\" height=\"349\" src=\"https:\/\/www.youtube.com\/embed\/d-qSPbP7x5o?feature=oembed\" frameborder=\"0\" allow=\"accelerometer; autoplay; clipboard-write; encrypted-media; gyroscope; picture-in-picture; web-share\" allowfullscreen><\/iframe><\/p>\n<p><iframe loading=\"lazy\" title=\"Mateusz Bisaga (Gad\u017cet Team\/Janczosad)\" width=\"620\" height=\"349\" src=\"https:\/\/www.youtube.com\/embed\/K2mgcDxYmi0?feature=oembed\" frameborder=\"0\" allow=\"accelerometer; autoplay; clipboard-write; encrypted-media; gyroscope; picture-in-picture; web-share\" allowfullscreen><\/iframe><\/p>\n<p><iframe loading=\"lazy\" title=\"Karol Farun (Mawa Wyko\u0144czenia Wn\u0119trz)\" width=\"620\" height=\"349\" src=\"https:\/\/www.youtube.com\/embed\/60AtGCXLtPI?feature=oembed\" frameborder=\"0\" allow=\"accelerometer; autoplay; clipboard-write; encrypted-media; gyroscope; picture-in-picture; web-share\" allowfullscreen><\/iframe><\/p>\n<p><iframe loading=\"lazy\" title=\"Tomasz Antkowicz (Bruk Ogr\u00f3d Nowak)\" width=\"620\" height=\"349\" src=\"https:\/\/www.youtube.com\/embed\/x807_aQwIJc?feature=oembed\" frameborder=\"0\" allow=\"accelerometer; autoplay; clipboard-write; encrypted-media; gyroscope; picture-in-picture; web-share\" allowfullscreen><\/iframe><\/p>\n<p><iframe loading=\"lazy\" title=\"Fabian Kie\u0142basa (Prestige House)\" width=\"620\" height=\"349\" src=\"https:\/\/www.youtube.com\/embed\/x8qGes6TRA4?feature=oembed\" frameborder=\"0\" allow=\"accelerometer; autoplay; clipboard-write; encrypted-media; gyroscope; picture-in-picture; web-share\" allowfullscreen><\/iframe><\/p>\n<p><iframe loading=\"lazy\" title=\"Pawe\u0142 Krok (Stal-Bud Nawojowa)\" width=\"620\" height=\"349\" src=\"https:\/\/www.youtube.com\/embed\/StoricdfPBQ?feature=oembed\" frameborder=\"0\" allow=\"accelerometer; autoplay; clipboard-write; encrypted-media; gyroscope; picture-in-picture; web-share\" allowfullscreen><\/iframe><\/p>\n","protected":false},"excerpt":{"rendered":"","protected":false},"author":1,"featured_media":0,"parent":5277,"menu_order":0,"comment_status":"closed","ping_status":"closed","template":"","meta":[],"_links":{"self":[{"href":"https:\/\/lfsportevents.pl\/ligaorlika2023\/wp-json\/wp\/v2\/pages\/5305"}],"collection":[{"href":"https:\/\/lfsportevents.pl\/ligaorlika2023\/wp-json\/wp\/v2\/pages"}],"about":[{"href":"https:\/\/lfsportevents.pl\/ligaorlika2023\/wp-json\/wp\/v2\/types\/page"}],"author":[{"embeddable":true,"href":"https:\/\/lfsportevents.pl\/ligaorlika2023\/wp-json\/wp\/v2\/users\/1"}],"replies":[{"embeddable":true,"href":"https:\/\/lfsportevents.pl\/ligaorlika2023\/wp-json\/wp\/v2\/comments?post=5305"}],"version-history":[{"count":2,"href":"https:\/\/lfsportevents.pl\/ligaorlika2023\/wp-json\/wp\/v2\/pages\/5305\/revisions"}],"predecessor-version":[{"id":31485,"href":"https:\/\/lfsportevents.pl\/ligaorlika2023\/wp-json\/wp\/v2\/pages\/5305\/revisions\/31485"}],"up":[{"embeddable":true,"href":"https:\/\/lfsportevents.pl\/ligaorlika2023\/wp-json\/wp\/v2\/pages\/5277"}],"wp:attachment":[{"href":"https:\/\/lfsportevents.pl\/ligaorlika2023\/wp-json\/wp\/v2\/media?parent=5305"}],"curies":[{"name":"wp","href":"https:\/\/api.w.org\/{rel}","templated":true}]}}