{"id":5032,"date":"2017-03-01T13:32:13","date_gmt":"2017-03-01T12:32:13","guid":{"rendered":"https:\/\/lfsportevents.pl\/ligaorlika2023\/?page_id=5032"},"modified":"2023-09-29T13:21:21","modified_gmt":"2023-09-29T11:21:21","slug":"stat-kolejki","status":"publish","type":"page","link":"https:\/\/lfsportevents.pl\/ligaorlika2023\/sufigs-ekstraklasa\/stat-kolejki\/","title":{"rendered":"Stat. kolejki"},"content":{"rendered":"<h1><span style=\"color: #993300;\">1 KOLEJKA (20 KWIECIE\u0143 2023)<\/span><\/h1>\n<p><strong>Liczba meczy:<\/strong><strong>\u00a0<span style=\"color: #993300;\">5<\/span><\/strong><br \/>\n<strong>Liczba goli:<\/strong><strong>\u00a0<span style=\"color: #993300;\">31<\/span><\/strong><br \/>\n<strong>\u015arednia ilo\u015b\u0107 goli na mecz:\u00a0<span style=\"color: #993300;\">6,2<\/span><\/strong><br \/>\n<strong>Wygrane:<\/strong><strong>\u00a0<span style=\"color: #993300;\">4<\/span><\/strong><br \/>\n<strong>Remisy:\u00a0<\/strong><span style=\"color: #993300;\"><strong>1<\/strong><\/span><br \/>\n<strong>Walkowery:<\/strong><strong>\u00a0<\/strong><span style=\"color: #993300;\"><strong>0<\/strong><\/span><br \/>\n<strong>Najwi\u0119cej goli strzelonych w meczu: <span style=\"color: #993300;\">12 goli<\/span><\/strong><strong> (Dom Weselny Sylwia &#8211; Drip Shop &amp; Pakersi 9:3)\u00a0<\/strong><br \/>\n<strong>Najwy\u017csza wygrana:<\/strong><strong><span style=\"color: #993300;\"> 9:3<\/span> (Dom Weselny Sylwia &#8211; Drip Shop &amp; Pakersi)<\/strong><br \/>\n<strong>Ilo\u015b\u0107 \u017c\u00f3\u0142tych kartek:\u00a0<\/strong><span style=\"color: #993300;\"><strong>1<\/strong><\/span><br \/>\n<strong>Ilo\u015b\u0107 czerwonych kartek:<\/strong><strong>\u00a0<span style=\"color: #993300;\">0<\/span><\/strong><\/p>\n<h1><span style=\"color: #993300;\">2 KOLEJKA (27 KWIECIE\u0143 2023)<\/span><\/h1>\n<p><strong>Liczba meczy:<\/strong><strong>\u00a0<span style=\"color: #993300;\">5<\/span><\/strong><br \/>\n<strong>Liczba goli:<\/strong><strong>\u00a0<span style=\"color: #993300;\">28<\/span><\/strong><br \/>\n<strong>\u015arednia ilo\u015b\u0107 goli na mecz:\u00a0<span style=\"color: #993300;\">5,6<\/span><\/strong><br \/>\n<strong>Wygrane:<\/strong><strong>\u00a0<span style=\"color: #993300;\">5<\/span><\/strong><br \/>\n<strong>Remisy:\u00a0<\/strong><span style=\"color: #993300;\"><strong>0<\/strong><\/span><br \/>\n<strong>Walkowery:<\/strong><strong>\u00a0<\/strong><span style=\"color: #993300;\"><strong>0<\/strong><\/span><br \/>\n<strong>Najwi\u0119cej goli strzelonych w meczu: <span style=\"color: #993300;\">7 goli<\/span><\/strong><strong> (Gold Team\/Meble Lorek &#8211; Gr\u00f3d Czop Podegrodzie 6:1), (Tylicz.Ski &#8211; S\u0105czersi 0:7)\u00a0<\/strong><br \/>\n<strong>Najwy\u017csza wygrana:<\/strong><strong><span style=\"color: #993300;\"> 0:7<\/span> (Tylicz.Ski &#8211; S\u0105czersi)<\/strong><br \/>\n<strong>Ilo\u015b\u0107 \u017c\u00f3\u0142tych kartek:\u00a0<\/strong><span style=\"color: #993300;\"><strong>4<\/strong><\/span><br \/>\n<strong>Ilo\u015b\u0107 czerwonych kartek:<\/strong><strong>\u00a0<span style=\"color: #993300;\">0<\/span><\/strong><\/p>\n<h1><span style=\"color: #993300;\">3 KOLEJKA (11 maj 2023)<\/span><\/h1>\n<p><strong>Liczba meczy:<\/strong><strong>\u00a0<span style=\"color: #993300;\">5<\/span><\/strong><br \/>\n<strong>Liczba goli:<\/strong><strong>\u00a0<span style=\"color: #993300;\">25<\/span><\/strong><br \/>\n<strong>\u015arednia ilo\u015b\u0107 goli na mecz:\u00a0<span style=\"color: #993300;\">5,0<\/span><\/strong><br \/>\n<strong>Wygrane:<\/strong><strong>\u00a0<span style=\"color: #993300;\">4<\/span><\/strong><br \/>\n<strong>Remisy:\u00a0<\/strong><span style=\"color: #993300;\"><strong>1<\/strong><\/span><br \/>\n<strong>Walkowery:<\/strong><strong>\u00a0<\/strong><span style=\"color: #993300;\"><strong>0<\/strong><\/span><br \/>\n<strong>Najwi\u0119cej goli strzelonych w meczu: <span style=\"color: #993300;\">8\u00a0goli<\/span><\/strong><strong> (Bastek Garnitury &#8211; Gr\u00f3d Czop Podegrodzie 6:2), (Tylicz.Ski &#8211; G\u0142odzik i Smajdor Team 4:4)\u00a0<\/strong><br \/>\n<strong>Najwy\u017csza wygrana:<\/strong><strong><span style=\"color: #993300;\"> 6:2<\/span> (Bastek Garnitury &#8211; Gr\u00f3d Czop Podegrodzie ), (Sandecja Old Boys &#8211; Gold Team\/Meble Lorek 0:4)<\/strong><br \/>\n<strong>Ilo\u015b\u0107 \u017c\u00f3\u0142tych kartek:\u00a0<\/strong><span style=\"color: #993300;\"><strong>5<\/strong><\/span><br \/>\n<strong>Ilo\u015b\u0107 czerwonych kartek:<\/strong><strong>\u00a0<span style=\"color: #993300;\">0<\/span><\/strong><\/p>\n<h1><span style=\"color: #993300;\">4 KOLEJKA (18 maj 2023)<\/span><\/h1>\n<p><strong>Liczba meczy:<\/strong><strong>\u00a0<span style=\"color: #993300;\">5<\/span><\/strong><br \/>\n<strong>Liczba goli:<\/strong><strong>\u00a0<span style=\"color: #993300;\">31<\/span><\/strong><br \/>\n<strong>\u015arednia ilo\u015b\u0107 goli na mecz:\u00a0<span style=\"color: #993300;\">6,2<\/span><\/strong><br \/>\n<strong>Wygrane:<\/strong><strong>\u00a0<span style=\"color: #993300;\">5<\/span><\/strong><br \/>\n<strong>Remisy:\u00a0<\/strong><span style=\"color: #993300;\"><strong>0<\/strong><\/span><br \/>\n<strong>Walkowery:<\/strong><strong>\u00a0<\/strong><span style=\"color: #993300;\"><strong>0<\/strong><\/span><br \/>\n<strong>Najwi\u0119cej goli strzelonych w meczu: <span style=\"color: #993300;\">8\u00a0goli<\/span><\/strong><strong> (Dom Weselny Sylwia &#8211; Gr\u00f3d Czop Podegrodzie 6:2), (Tylicz.Ski &#8211; Drip Shop &amp; Pakersi 3:5)\u00a0<\/strong><br \/>\n<strong>Najwy\u017csza wygrana:<\/strong><strong><span style=\"color: #993300;\"> 6:2<\/span> (Dom Weselny Sylwia &#8211; Gr\u00f3d Czop Podegrodzie )<\/strong><br \/>\n<strong>Ilo\u015b\u0107 \u017c\u00f3\u0142tych kartek:\u00a0<\/strong><span style=\"color: #993300;\"><strong>1<\/strong><\/span><br \/>\n<strong>Ilo\u015b\u0107 czerwonych kartek:<\/strong><strong>\u00a0<span style=\"color: #993300;\">0<\/span><\/strong><\/p>\n<h1><span style=\"color: #993300;\">5 KOLEJKA (25 maj 2023)<\/span><\/h1>\n<p><strong>Liczba meczy:<\/strong><strong>\u00a0<span style=\"color: #993300;\">5<\/span><\/strong><br \/>\n<strong>Liczba goli:<\/strong><strong>\u00a0<span style=\"color: #993300;\">30<\/span><\/strong><br \/>\n<strong>\u015arednia ilo\u015b\u0107 goli na mecz:\u00a0<span style=\"color: #993300;\">6,0<\/span><\/strong><br \/>\n<strong>Wygrane:<\/strong><strong>\u00a0<span style=\"color: #993300;\">3<\/span><\/strong><br \/>\n<strong>Remisy:\u00a0<\/strong><span style=\"color: #993300;\"><strong>2<\/strong><\/span><br \/>\n<strong>Walkowery:<\/strong><strong>\u00a0<\/strong><span style=\"color: #993300;\"><strong>0<\/strong><\/span><br \/>\n<strong>Najwi\u0119cej goli strzelonych w meczu: <span style=\"color: #993300;\">9 goli<\/span><\/strong><strong> (Drip Shop &amp; Pakersi &#8211; Gr\u00f3d Czop Podegrodzie 8:1)\u00a0<\/strong><br \/>\n<strong>Najwy\u017csza wygrana:<\/strong><strong><span style=\"color: #993300;\"> 7:0<\/span> (Gold Team\/Meble Lorek &#8211; Tylicz.Ski)<\/strong><br \/>\n<strong>Ilo\u015b\u0107 \u017c\u00f3\u0142tych kartek:\u00a0<\/strong><span style=\"color: #993300;\"><strong>10<\/strong><\/span><br \/>\n<strong>Ilo\u015b\u0107 czerwonych kartek:<\/strong><strong>\u00a0<span style=\"color: #993300;\">0<\/span><\/strong><\/p>\n<h1><span style=\"color: #993300;\">6 KOLEJKA (1 czerwiec 2023)<\/span><\/h1>\n<p><strong>Liczba meczy:<\/strong><strong>\u00a0<span style=\"color: #993300;\">5<\/span><\/strong><br \/>\n<strong>Liczba goli:<\/strong><strong>\u00a0<span style=\"color: #993300;\">35<\/span><\/strong><br \/>\n<strong>\u015arednia ilo\u015b\u0107 goli na mecz:\u00a0<span style=\"color: #993300;\">7<\/span><\/strong><br \/>\n<strong>Wygrane:<\/strong><strong>\u00a0<span style=\"color: #993300;\">5<\/span><\/strong><br \/>\n<strong>Remisy:\u00a0<\/strong><span style=\"color: #993300;\"><strong>0<\/strong><\/span><br \/>\n<strong>Walkowery:<\/strong><strong>\u00a0<\/strong><span style=\"color: #993300;\"><strong>0<\/strong><\/span><br \/>\n<strong>Najwi\u0119cej goli strzelonych w meczu: <span style=\"color: #993300;\">11 goli<\/span><\/strong><strong> (Bastek Garnitury &#8211; Dom Weselny Sylwia)\u00a0<\/strong><br \/>\n<strong>Najwy\u017csza wygrana:<\/strong><strong><span style=\"color: #993300;\"> 6:1<\/span> (S\u0105czersi &#8211; Gr\u00f3d Czop Podegrodzie)<\/strong><br \/>\n<strong>Ilo\u015b\u0107 \u017c\u00f3\u0142tych kartek:\u00a0<\/strong><span style=\"color: #993300;\"><strong>4<\/strong><\/span><br \/>\n<strong>Ilo\u015b\u0107 czerwonych kartek:<\/strong><strong>\u00a0<span style=\"color: #993300;\">0<\/span><\/strong><\/p>\n<h1><span style=\"color: #993300;\">7 KOLEJKA (15 czerwiec 2023)<\/span><\/h1>\n<p><strong>Liczba meczy:<\/strong><strong>\u00a0<span style=\"color: #993300;\">5<\/span><\/strong><br \/>\n<strong>Liczba goli:<\/strong><strong>\u00a0<span style=\"color: #993300;\">49<\/span><\/strong><br \/>\n<strong>\u015arednia ilo\u015b\u0107 goli na mecz: <span style=\"color: #993300;\">9,8<\/span><\/strong><br \/>\n<strong>Wygrane:<\/strong><strong>\u00a0<span style=\"color: #993300;\">5<\/span><\/strong><br \/>\n<strong>Remisy:\u00a0<\/strong><span style=\"color: #993300;\"><strong>0<\/strong><\/span><br \/>\n<strong>Walkowery:<\/strong><strong>\u00a0<\/strong><span style=\"color: #993300;\"><strong>0<\/strong><\/span><br \/>\n<strong>Najwi\u0119cej goli strzelonych w meczu: <span style=\"color: #993300;\">14 goli<\/span><\/strong><strong> (Gr\u00f3d Czop Podegrodzie &#8211; Sandecja Old Boys)\u00a0<\/strong><br \/>\n<strong>Najwy\u017csza wygrana:<\/strong><strong><span style=\"color: #993300;\"> 2:11<\/span> (S\u0105czersi &#8211; Gold Team\/Meble Lorek)<\/strong><br \/>\n<strong>Ilo\u015b\u0107 \u017c\u00f3\u0142tych kartek:\u00a0<\/strong><span style=\"color: #993300;\"><strong>5<\/strong><\/span><br \/>\n<strong>Ilo\u015b\u0107 czerwonych kartek:<\/strong><strong>\u00a0<span style=\"color: #993300;\">0<\/span><\/strong><\/p>\n<h1><span style=\"color: #993300;\">8 KOLEJKA (22 czerwiec 2023)<\/span><\/h1>\n<p><strong>Liczba meczy:<\/strong><strong>\u00a0<span style=\"color: #993300;\">5<\/span><\/strong><br \/>\n<strong>Liczba goli:<\/strong><strong>\u00a0<span style=\"color: #993300;\">32<\/span><\/strong><br \/>\n<strong>\u015arednia ilo\u015b\u0107 goli na mecz:\u00a0<span style=\"color: #993300;\">6,4<\/span><\/strong><br \/>\n<strong>Wygrane:<\/strong><strong>\u00a0<span style=\"color: #993300;\">3<\/span><\/strong><br \/>\n<strong>Remisy:\u00a0<\/strong><span style=\"color: #993300;\"><strong>2<\/strong><\/span><br \/>\n<strong>Walkowery:<\/strong><strong>\u00a0<\/strong><span style=\"color: #993300;\"><strong>0<\/strong><\/span><br \/>\n<strong>Najwi\u0119cej goli strzelonych w meczu: <span style=\"color: #993300;\">14 goli<\/span><\/strong><strong> (Tylicz.Ski &#8211; Dom Weselny Sylwia)\u00a0<\/strong><br \/>\n<strong>Najwy\u017csza wygrana:<\/strong><strong><span style=\"color: #993300;\"> 4:10<\/span> (Tylicz.Ski &#8211; Dom Weselny Sylwia)<\/strong><br \/>\n<strong>Ilo\u015b\u0107 \u017c\u00f3\u0142tych kartek:\u00a0<\/strong><span style=\"color: #993300;\"><strong>6<\/strong><\/span><br \/>\n<strong>Ilo\u015b\u0107 czerwonych kartek:<\/strong><strong>\u00a0<span style=\"color: #993300;\">0<\/span><\/strong><\/p>\n<h1><span style=\"color: #993300;\">9 KOLEJKA (29 czerwiec 2023)<\/span><\/h1>\n<p><strong>Liczba meczy:<\/strong><strong>\u00a0<span style=\"color: #993300;\">5<\/span><\/strong><br \/>\n<strong>Liczba goli:<\/strong><strong>\u00a0<span style=\"color: #993300;\">32<\/span><\/strong><br \/>\n<strong>\u015arednia ilo\u015b\u0107 goli na mecz:\u00a0<span style=\"color: #993300;\">6,4<\/span><\/strong><br \/>\n<strong>Wygrane:<\/strong><strong>\u00a0<span style=\"color: #993300;\">3<\/span><\/strong><br \/>\n<strong>Remisy:\u00a0<\/strong><span style=\"color: #993300;\"><strong>2<\/strong><\/span><br \/>\n<strong>Walkowery:<\/strong><strong>\u00a0<\/strong><span style=\"color: #993300;\"><strong>0<\/strong><\/span><br \/>\n<strong>Najwi\u0119cej goli strzelonych w meczu: <span style=\"color: #993300;\">8 goli<\/span><\/strong><strong> (Tylicz.Ski &#8211; Gr\u00f3d Czop Podegrodzie 3:5)\u00a0<\/strong><br \/>\n<strong>Najwy\u017csza wygrana:<\/strong><strong><span style=\"color: #993300;\"> 3:5<\/span> (Tylicz.Ski &#8211; Gr\u00f3d Czop Podegrodzie)<\/strong><br \/>\n<strong>Ilo\u015b\u0107 \u017c\u00f3\u0142tych kartek:\u00a0<\/strong><span style=\"color: #993300;\"><strong>10<\/strong><\/span><br \/>\n<strong>Ilo\u015b\u0107 czerwonych kartek:<\/strong><strong>\u00a0<span style=\"color: #993300;\">0<\/span><\/strong><\/p>\n<h1><span style=\"color: #993300;\">10 KOLEJKA (10 sierpie\u0144 2023)<\/span><\/h1>\n<p><strong>Liczba meczy:<\/strong><strong>\u00a0<span style=\"color: #993300;\">4<\/span><\/strong><br \/>\n<strong>Liczba goli:<\/strong><strong>\u00a0<span style=\"color: #993300;\">22<\/span><\/strong><br \/>\n<strong>\u015arednia ilo\u015b\u0107 goli na mecz:\u00a0<span style=\"color: #993300;\">5,5<\/span><\/strong><br \/>\n<strong>Wygrane:<\/strong><strong>\u00a0<span style=\"color: #993300;\">3<\/span><\/strong><br \/>\n<strong>Remisy:\u00a0<\/strong><span style=\"color: #993300;\"><strong>1<\/strong><\/span><br \/>\n<strong>Walkowery:<\/strong><strong>\u00a0<\/strong><span style=\"color: #993300;\"><strong>0<\/strong><\/span><br \/>\n<strong>Najwi\u0119cej goli strzelonych w meczu: <span style=\"color: #993300;\">8 goli<\/span><\/strong><strong> (G\u0142odzik i Smajdor Team &#8211; Gr\u00f3d Czop Podegrodzie 5:3)\u00a0<\/strong><br \/>\n<strong>Najwy\u017csza wygrana:<\/strong><strong><span style=\"color: #993300;\"> 6:1<\/span> (Drip Shop &amp; Pakersi &#8211; S\u0105czersi)<\/strong><br \/>\n<strong>Ilo\u015b\u0107 \u017c\u00f3\u0142tych kartek:\u00a0<\/strong><span style=\"color: #993300;\"><strong>4<\/strong><\/span><br \/>\n<strong>Ilo\u015b\u0107 czerwonych kartek:<\/strong><strong>\u00a0<span style=\"color: #993300;\">1<\/span><\/strong><\/p>\n<h1><span style=\"color: #993300;\">11 KOLEJKA (24 sierpie\u0144 2023)<\/span><\/h1>\n<p><strong>Liczba meczy:<\/strong><strong>\u00a0<span style=\"color: #993300;\">4<\/span><\/strong><br \/>\n<strong>Liczba goli:<\/strong><strong>\u00a0<span style=\"color: #993300;\">23<\/span><\/strong><br \/>\n<strong>\u015arednia ilo\u015b\u0107 goli na mecz:\u00a0<span style=\"color: #993300;\">5,75<\/span><\/strong><br \/>\n<strong>Wygrane:<\/strong><strong>\u00a0<span style=\"color: #993300;\">3<\/span><\/strong><br \/>\n<strong>Remisy:\u00a0<\/strong><span style=\"color: #993300;\"><strong>1<\/strong><\/span><br \/>\n<strong>Walkowery:<\/strong><strong>\u00a0<\/strong><span style=\"color: #993300;\"><strong>2<\/strong><\/span><br \/>\n<strong>Najwi\u0119cej goli strzelonych w meczu: <span style=\"color: #993300;\">10 goli<\/span><\/strong><strong> (G\u0142odzik i Smajdor Team &#8211; Tylicz.Ski 5:5)\u00a0<\/strong><br \/>\n<strong>Najwy\u017csza wygrana:<span style=\"color: #993300;\"> 5:2<\/span><\/strong><strong> (Dom Weselny Sylwia &#8211; Honer)<\/strong><br \/>\n<strong>Ilo\u015b\u0107 \u017c\u00f3\u0142tych kartek:\u00a0<\/strong><span style=\"color: #993300;\"><strong>2<\/strong><\/span><br \/>\n<strong>Ilo\u015b\u0107 czerwonych kartek:<\/strong><strong>\u00a0<span style=\"color: #993300;\">1<\/span><\/strong><\/p>\n<h1><span style=\"color: #993300;\">12 KOLEJKA (31 sierpie\u0144 2023)<\/span><\/h1>\n<p><strong>Liczba meczy:<\/strong><strong>\u00a0<span style=\"color: #993300;\">4<\/span><\/strong><br \/>\n<strong>Liczba goli:<\/strong><strong>\u00a0<span style=\"color: #993300;\">26<\/span><\/strong><br \/>\n<strong>\u015arednia ilo\u015b\u0107 goli na mecz:\u00a0<span style=\"color: #993300;\">6,5<\/span><\/strong><br \/>\n<strong>Wygrane:<\/strong><strong>\u00a0<span style=\"color: #993300;\">3<\/span><\/strong><br \/>\n<strong>Remisy:\u00a0<\/strong><span style=\"color: #993300;\"><strong>1<\/strong><\/span><br \/>\n<strong>Walkowery:<\/strong><strong>\u00a0<\/strong><span style=\"color: #993300;\"><strong>1<\/strong><\/span><br \/>\n<strong>Najwi\u0119cej goli strzelonych w meczu: <span style=\"color: #993300;\">12<\/span> <span style=\"color: #993300;\">goli<\/span><\/strong><strong> (G\u0142odzik i Smajdor Team &#8211; Tylicz.Ski 5:5)\u00a0<\/strong><br \/>\n<strong>Najwy\u017csza wygrana:<span style=\"color: #993300;\"> 3:0<\/span><\/strong><strong> (Tylicz.Ski &#8211; Gr\u00f3d Czop Podegrodzie)<\/strong><br \/>\n<strong>Ilo\u015b\u0107 \u017c\u00f3\u0142tych kartek:\u00a0<\/strong><span style=\"color: #993300;\"><strong>3<\/strong><\/span><br \/>\n<strong>Ilo\u015b\u0107 czerwonych kartek:<\/strong><strong>\u00a0<span style=\"color: #993300;\">0<\/span><\/strong><\/p>\n<h1><span style=\"color: #993300;\">13 KOLEJKA (7 wrzesie\u0144 2023)<\/span><\/h1>\n<p><strong>Liczba meczy:<\/strong><strong>\u00a0<span style=\"color: #993300;\">4<\/span><\/strong><br \/>\n<strong>Liczba goli:<\/strong><strong>\u00a0<span style=\"color: #993300;\">28<\/span><\/strong><br \/>\n<strong>\u015arednia ilo\u015b\u0107 goli na mecz:\u00a0<span style=\"color: #993300;\">7<\/span><\/strong><br \/>\n<strong>Wygrane:<\/strong><strong>\u00a0<span style=\"color: #993300;\">4<\/span><\/strong><br \/>\n<strong>Remisy:\u00a0<\/strong><span style=\"color: #993300;\"><strong>0<\/strong><\/span><br \/>\n<strong>Walkowery:<\/strong><strong>\u00a0<\/strong><span style=\"color: #993300;\"><strong>0<\/strong><\/span><br \/>\n<strong>Najwi\u0119cej goli strzelonych w meczu: <span style=\"color: #993300;\">9<\/span> <span style=\"color: #993300;\">goli<\/span><\/strong><strong> (G\u0142odzik i Smajdor Team &#8211; Sandecja Old Boys 1:8)\u00a0<\/strong><br \/>\n<strong>Najwy\u017csza wygrana:<span style=\"color: #993300;\"> 1:8<\/span><\/strong><strong> (G\u0142odzik i Smajdor Team &#8211; Sandecja Old Boys)<\/strong><br \/>\n<strong>Ilo\u015b\u0107 \u017c\u00f3\u0142tych kartek:\u00a0<\/strong><span style=\"color: #993300;\"><strong>1<\/strong><\/span><br \/>\n<strong>Ilo\u015b\u0107 czerwonych kartek:<\/strong><strong>\u00a0<span style=\"color: #993300;\">0<\/span><\/strong><\/p>\n<h1><span style=\"color: #993300;\">14 KOLEJKA (14 wrzesie\u0144 2023)<\/span><\/h1>\n<p><strong>Liczba meczy:<\/strong><strong>\u00a0<span style=\"color: #993300;\">4<\/span><\/strong><br \/>\n<strong>Liczba goli:<\/strong><strong> <span style=\"color: #993300;\">14<\/span><\/strong><br \/>\n<strong>\u015arednia ilo\u015b\u0107 goli na mecz:\u00a0<span style=\"color: #993300;\">3,5<\/span><\/strong><br \/>\n<strong>Wygrane:<\/strong><strong>\u00a0<span style=\"color: #993300;\">4<\/span><\/strong><br \/>\n<strong>Remisy:\u00a0<\/strong><span style=\"color: #993300;\"><strong>0<\/strong><\/span><br \/>\n<strong>Walkowery:<\/strong><strong>\u00a0<\/strong><span style=\"color: #993300;\"><strong>2<\/strong><\/span><br \/>\n<strong>Najwi\u0119cej goli strzelonych w meczu: <span style=\"color: #993300;\">5<\/span> <span style=\"color: #993300;\">goli<\/span><\/strong><strong> (Honer &#8211; Pakersi 4:1)\u00a0<\/strong><br \/>\n<strong>Najwy\u017csza wygrana:<span style=\"color: #993300;\"> 4:1<\/span><\/strong><strong> (Honer &#8211; Pakersi)<\/strong><br \/>\n<strong>Ilo\u015b\u0107 \u017c\u00f3\u0142tych kartek:\u00a0<\/strong><span style=\"color: #993300;\"><strong>1<\/strong><\/span><br \/>\n<strong>Ilo\u015b\u0107 czerwonych kartek:<\/strong><strong>\u00a0<span style=\"color: #993300;\">0<\/span><\/strong><\/p>\n","protected":false},"excerpt":{"rendered":"<p>1 KOLEJKA (20 KWIECIE\u0143 2023) Liczba meczy:\u00a05 Liczba goli:\u00a031 \u015arednia ilo\u015b\u0107 goli na mecz:\u00a06,2 Wygrane:\u00a04 Remisy:\u00a01 Walkowery:\u00a00 Najwi\u0119cej goli strzelonych w meczu: 12 goli (Dom Weselny Sylwia &#8211; Drip Shop &amp; Pakersi 9:3)\u00a0 Najwy\u017csza wygrana: 9:3 (Dom Weselny Sylwia &#8211; Drip Shop &amp; Pakersi) Ilo\u015b\u0107 \u017c\u00f3\u0142tych kartek:\u00a01 Ilo\u015b\u0107 czerwonych kartek:\u00a00 2 KOLEJKA (27 KWIECIE\u0143 2023) [&hellip;]<\/p>\n","protected":false},"author":1,"featured_media":0,"parent":4982,"menu_order":0,"comment_status":"closed","ping_status":"closed","template":"","meta":[],"_links":{"self":[{"href":"https:\/\/lfsportevents.pl\/ligaorlika2023\/wp-json\/wp\/v2\/pages\/5032"}],"collection":[{"href":"https:\/\/lfsportevents.pl\/ligaorlika2023\/wp-json\/wp\/v2\/pages"}],"about":[{"href":"https:\/\/lfsportevents.pl\/ligaorlika2023\/wp-json\/wp\/v2\/types\/page"}],"author":[{"embeddable":true,"href":"https:\/\/lfsportevents.pl\/ligaorlika2023\/wp-json\/wp\/v2\/users\/1"}],"replies":[{"embeddable":true,"href":"https:\/\/lfsportevents.pl\/ligaorlika2023\/wp-json\/wp\/v2\/comments?post=5032"}],"version-history":[{"count":2,"href":"https:\/\/lfsportevents.pl\/ligaorlika2023\/wp-json\/wp\/v2\/pages\/5032\/revisions"}],"predecessor-version":[{"id":31613,"href":"https:\/\/lfsportevents.pl\/ligaorlika2023\/wp-json\/wp\/v2\/pages\/5032\/revisions\/31613"}],"up":[{"embeddable":true,"href":"https:\/\/lfsportevents.pl\/ligaorlika2023\/wp-json\/wp\/v2\/pages\/4982"}],"wp:attachment":[{"href":"https:\/\/lfsportevents.pl\/ligaorlika2023\/wp-json\/wp\/v2\/media?parent=5032"}],"curies":[{"name":"wp","href":"https:\/\/api.w.org\/{rel}","templated":true}]}}