{"id":27736,"date":"2022-06-08T10:55:13","date_gmt":"2022-06-08T08:55:13","guid":{"rendered":"https:\/\/lfsportevents.pl\/ligaorlika2023\/?page_id=27736"},"modified":"2023-08-29T17:47:20","modified_gmt":"2023-08-29T15:47:20","slug":"rekordy-ligi-oldboy","status":"publish","type":"page","link":"https:\/\/lfsportevents.pl\/ligaorlika2023\/rekordy-ligi-oldboy\/","title":{"rendered":"Rekordy Ligi Oldboy"},"content":{"rendered":"<header class=\"entry-header\">\n<h4 class=\"sp-table-caption\">\u00a0NAJWY\u017bSZE zwyci\u0119stwa:<\/h4>\n<\/header>\n<div class=\"entry-content\">\n<div class=\"sportspress\">\n<div class=\"sp-template sp-template-event-list\">\n<div class=\"sp-table-wrapper\">\n<div class=\"dataTables_wrapper no-footer\">\n<div class=\"sp-scrollable-table-wrapper\">\n<div class=\"sp-scrollable-table-wrapper\">\n<table width=\"665\">\n<tbody>\n<tr>\n<td width=\"49\"><strong><span style=\"color: #993300;\">Lp.<\/span><\/strong><\/td>\n<td width=\"155\"><strong><span style=\"color: #993300;\">Data<\/span><\/strong><\/td>\n<td width=\"317\"><strong><span style=\"color: #993300;\">Mecz<\/span><\/strong><\/td>\n<td width=\"144\"><strong><span style=\"color: #993300;\">Wynik<\/span><\/strong><\/td>\n<\/tr>\n<tr>\n<td width=\"49\"><strong><span style=\"color: #993300;\">1.<\/span><\/strong><\/td>\n<td width=\"155\">20 czerwiec 2022<\/td>\n<td width=\"317\">Gorc Ochotnica &#8211; Planet Car<\/td>\n<td width=\"144\">2:14 (0:7) + 12 goli<\/td>\n<\/tr>\n<tr>\n<td width=\"49\"><strong><span style=\"color: #993300;\">2.<\/span><\/strong><\/td>\n<td width=\"155\">24 kwiecie\u0144 2023<\/td>\n<td width=\"317\">Oldboje \u0141\u0105cko &#8211; Olimp Team Oldboys<\/td>\n<td width=\"144\">13:1 (8:1) + 12 goli<\/td>\n<\/tr>\n<tr>\n<td width=\"49\"><strong><span style=\"color: #993300;\">3.<\/span><\/strong><\/td>\n<td width=\"155\">28 sierpie\u0144 2023<\/td>\n<td width=\"317\">Rejs Nowy S\u0105cz &#8211; Oldboje \u0141\u0105cko<\/td>\n<td width=\"144\">11:0 (6:0) + 11 goli<\/td>\n<\/tr>\n<tr>\n<td width=\"49\"><strong><span style=\"color: #993300;\">4.<\/span><\/strong><\/td>\n<td width=\"155\">13 czerwiec 2022<\/td>\n<td width=\"317\">Bruno &#8211; Techbis The Reds<\/td>\n<td width=\"144\">0:10 (0:3) + 10 goli<\/td>\n<\/tr>\n<tr>\n<td width=\"49\"><strong><span style=\"color: #993300;\">5.<\/span><\/strong><\/td>\n<td width=\"155\">13 czerwiec 2022<\/td>\n<td width=\"317\">Olimp Team Oldboys &#8211; Gorc Ochotnica<\/td>\n<td width=\"144\">0:8 (0:5) + 8 goli<\/td>\n<\/tr>\n<tr>\n<td width=\"49\"><strong><span style=\"color: #993300;\">6.<\/span><\/strong><\/td>\n<td width=\"155\">24 kwiecie\u0144 2023<\/td>\n<td width=\"317\">Bruno &#8211; Rejs Nowy S\u0105cz<\/td>\n<td width=\"144\">1:9 (0:3) + 8 goli<\/td>\n<\/tr>\n<tr>\n<td width=\"49\"><strong><span style=\"color: #993300;\">7.<\/span><\/strong><\/td>\n<td width=\"155\">24 kwiecie\u0144 2023<\/td>\n<td width=\"317\">Gorc Ochotnica &#8211; Planet Car<\/td>\n<td width=\"144\">10:2 (5:1) + 8 goli<\/td>\n<\/tr>\n<tr>\n<td width=\"49\"><strong><span style=\"color: #993300;\">8.<\/span><\/strong><\/td>\n<td width=\"155\">16 maj 2022<\/td>\n<td width=\"317\">Gorc Ochotnica &#8211; Planet Car<\/td>\n<td width=\"144\">0:8 (0:5) + 8 goli<\/td>\n<\/tr>\n<tr>\n<td width=\"49\"><strong><span style=\"color: #993300;\">9.<\/span><\/strong><\/td>\n<td width=\"155\">21 czerwiec 2023<\/td>\n<td width=\"317\">Olimp Team Oldboys &#8211; Bruno<\/td>\n<td width=\"144\">3:11 (1:4) + 8 goli<\/td>\n<\/tr>\n<tr>\n<td width=\"49\"><strong><span style=\"color: #993300;\">10.<\/span><\/strong><\/td>\n<td width=\"155\">6 czerwiec 2022<\/td>\n<td width=\"317\">Rejs Nowy S\u0105cz &#8211; Gorc Ochotnica<\/td>\n<td width=\"144\">9:1 (6:0) + 8 goli<\/td>\n<\/tr>\n<tr>\n<td width=\"49\"><strong><span style=\"color: #993300;\">11.<\/span><\/strong><\/td>\n<td width=\"155\">20 czerwiec 2022<\/td>\n<td width=\"317\">Bruno &#8211; Olimp Team<\/td>\n<td width=\"144\">2:9 (1:5) + 7 goli<\/td>\n<\/tr>\n<tr>\n<td width=\"49\"><strong><span style=\"color: #993300;\">12.<\/span><\/strong><\/td>\n<td width=\"155\">15 maj 2023<\/td>\n<td width=\"317\">Olimp Team Oldboys &#8211; Bruno<\/td>\n<td width=\"144\">7:0 (6:0) + 7 goli<\/td>\n<\/tr>\n<tr>\n<td width=\"49\"><strong><span style=\"color: #993300;\">13.<\/span><\/strong><\/td>\n<td width=\"155\">12 wrzesie\u0144 2022<\/td>\n<td width=\"317\">Rejs Nowy S\u0105cz &#8211; Gorc Ochotnica<\/td>\n<td width=\"144\">1:8 (0:2) + 7 goli<\/td>\n<\/tr>\n<tr>\n<td width=\"49\"><strong><span style=\"color: #993300;\">14.<\/span><\/strong><\/td>\n<td width=\"155\">17 kwiecie\u0144 2023<\/td>\n<td width=\"317\">Bruno &#8211; Planet Car<\/td>\n<td width=\"144\">8:1 (3:1) + 7 goli<\/td>\n<\/tr>\n<tr>\n<td width=\"49\"><strong><span style=\"color: #993300;\">15.<\/span><\/strong><\/td>\n<td width=\"155\"><\/td>\n<td width=\"317\"><\/td>\n<td width=\"144\">9:3 (4:3) + 6 goli<\/td>\n<\/tr>\n<\/tbody>\n<\/table>\n<\/div>\n<\/div>\n<\/div>\n<\/div>\n<\/div>\n<div class=\"sportspress\">\n<div class=\"sp-template sp-template-event-list\">\n<h4 class=\"sp-table-caption\">\u00a0NAJWY\u017bSZE REMISY:<\/h4>\n<div class=\"sp-table-wrapper\">\n<div class=\"dataTables_wrapper no-footer\">\n<div class=\"sp-scrollable-table-wrapper\">\n<div class=\"sp-scrollable-table-wrapper\">\n<table width=\"665\">\n<tbody>\n<tr>\n<td width=\"49\"><strong><span style=\"color: #993300;\">Lp.<\/span><\/strong><\/td>\n<td width=\"155\"><strong><span style=\"color: #993300;\">Data<\/span><\/strong><\/td>\n<td width=\"317\"><strong><span style=\"color: #993300;\">Mecz<\/span><\/strong><\/td>\n<td width=\"144\"><strong><span style=\"color: #993300;\">Wynik<\/span><\/strong><\/td>\n<\/tr>\n<tr>\n<td width=\"49\"><strong><span style=\"color: #993300;\">1.<\/span><\/strong><\/td>\n<td width=\"155\">1 sierpie\u0144 2022<\/td>\n<td width=\"317\">Planet Car &#8211; Techbis The Reds<\/td>\n<td width=\"144\">4:4 (2:0)<\/td>\n<\/tr>\n<tr>\n<td width=\"49\"><strong><span style=\"color: #993300;\">2.<\/span><\/strong><\/td>\n<td width=\"155\">7 sierpie\u0144 2023<\/td>\n<td width=\"317\">Mar-Hom &#8211; Olimp Team Oldboys<\/td>\n<td width=\"144\">4:4 (0:2)<\/td>\n<\/tr>\n<tr>\n<td width=\"49\"><strong><span style=\"color: #993300;\">3.<\/span><\/strong><\/td>\n<td width=\"155\">21 sierpie\u0144 2023<\/td>\n<td width=\"317\">Rejs Nowy S\u0105cz &#8211; Techbis The Reds<\/td>\n<td width=\"144\">4:4 (2:3)<\/td>\n<\/tr>\n<tr>\n<td width=\"49\"><strong><span style=\"color: #993300;\">4.<\/span><\/strong><\/td>\n<td width=\"155\">21 sierpie\u0144 2023<\/td>\n<td width=\"317\">Gorc Ochotnica &#8211; Mar-Hom<\/td>\n<td width=\"144\">3:3 (1:0)<\/td>\n<\/tr>\n<tr>\n<td width=\"49\"><strong><span style=\"color: #993300;\">5.<\/span><\/strong><\/td>\n<td width=\"155\">28 sierpie\u0144 2023<\/td>\n<td width=\"317\">Planet Car &#8211; Mar-Hom<\/td>\n<td width=\"144\">3:3 (2:1)<\/td>\n<\/tr>\n<tr>\n<td width=\"49\"><strong><span style=\"color: #993300;\">6.<\/span><\/strong><\/td>\n<td width=\"155\">28 sierpie\u0144 2023<\/td>\n<td width=\"317\">Techbis The Reds &#8211; Bruno<\/td>\n<td width=\"144\">3:3 (2:1)<\/td>\n<\/tr>\n<tr>\n<td width=\"49\"><strong><span style=\"color: #993300;\">7.<\/span><\/strong><\/td>\n<td width=\"155\">1 sierpie\u0144 2022<\/td>\n<td width=\"317\">Rejs Nowy S\u0105cz &#8211; Olimp Team Oldboys<\/td>\n<td width=\"144\">2:2 (1:2)<\/td>\n<\/tr>\n<tr>\n<td width=\"49\"><strong><span style=\"color: #993300;\">8.<\/span><\/strong><\/td>\n<td width=\"155\">17 kwiecie\u0144 2023<\/td>\n<td width=\"317\">Olimp Team Oldboys &#8211; Rejs Nowy S\u0105cz<\/td>\n<td width=\"144\">1:1 (0:1)<\/td>\n<\/tr>\n<tr>\n<td width=\"49\"><strong><span style=\"color: #993300;\">9.<\/span><\/strong><\/td>\n<td width=\"155\">29 maj 2023<\/td>\n<td width=\"317\">Olimp Team Oldboys &#8211; Planet Car<\/td>\n<td width=\"144\">1:1 (0:1)<\/td>\n<\/tr>\n<tr>\n<td width=\"49\"><strong><span style=\"color: #993300;\">10.<\/span><\/strong><\/td>\n<td width=\"155\">12 czerwiec 2023<\/td>\n<td width=\"317\">Olimp Team Oldboys &#8211; Techbis The Reds<\/td>\n<td width=\"144\">1:1 (1:1)<\/td>\n<\/tr>\n<tr>\n<td width=\"49\"><strong><span style=\"color: #993300;\">11.<\/span><\/strong><\/td>\n<td width=\"155\"><\/td>\n<td width=\"317\"><\/td>\n<td width=\"144\"><\/td>\n<\/tr>\n<tr>\n<td width=\"49\"><strong><span style=\"color: #993300;\">12.<\/span><\/strong><\/td>\n<td width=\"155\"><\/td>\n<td width=\"317\"><\/td>\n<td width=\"144\"><\/td>\n<\/tr>\n<tr>\n<td width=\"49\"><strong><span style=\"color: #993300;\">13.<\/span><\/strong><\/td>\n<td width=\"155\"><\/td>\n<td width=\"317\"><\/td>\n<td width=\"144\"><\/td>\n<\/tr>\n<tr>\n<td width=\"49\"><strong><span style=\"color: #993300;\">14.<\/span><\/strong><\/td>\n<td width=\"155\"><\/td>\n<td width=\"317\"><\/td>\n<td width=\"144\"><\/td>\n<\/tr>\n<tr>\n<td width=\"49\"><strong><span style=\"color: #993300;\">15.<\/span><\/strong><\/td>\n<td width=\"155\"><\/td>\n<td width=\"317\"><\/td>\n<td width=\"144\"><\/td>\n<\/tr>\n<\/tbody>\n<\/table>\n<\/div>\n<\/div>\n<\/div>\n<\/div>\n<\/div>\n<\/div>\n<div class=\"sportspress\">\n<div class=\"sp-template sp-template-event-list\">\n<h4 class=\"sp-table-caption\">NAJWI\u0118CEJ ZDOBYTYCH GOLI W JEDNYM MECZU:<\/h4>\n<div class=\"sp-table-wrapper\">\n<div class=\"dataTables_wrapper no-footer\">\n<div class=\"sp-scrollable-table-wrapper\">\n<div class=\"sp-scrollable-table-wrapper\">\n<table width=\"665\">\n<tbody>\n<tr>\n<td width=\"49\"><strong><span style=\"color: #993300;\">Lp.<\/span><\/strong><\/td>\n<td width=\"155\"><strong><span style=\"color: #993300;\">Data<\/span><\/strong><\/td>\n<td width=\"317\"><strong><span style=\"color: #993300;\">Mecz<\/span><\/strong><\/td>\n<td width=\"144\"><strong><span style=\"color: #993300;\">Wynik<\/span><\/strong><\/td>\n<\/tr>\n<tr>\n<td width=\"49\"><strong><span style=\"color: #993300;\">1.<\/span><\/strong><\/td>\n<td width=\"155\">20 czerwiec 2022<\/td>\n<td width=\"317\">Gorc Ochotnica &#8211; Planet Cars<\/td>\n<td width=\"144\">16 goli<\/td>\n<\/tr>\n<tr>\n<td width=\"49\"><strong><span style=\"color: #993300;\">2.<\/span><\/strong><\/td>\n<td width=\"155\">30 maj 2022<\/td>\n<td width=\"317\">Techbis The Reds &#8211; Gorc Ochotnica<\/td>\n<td width=\"144\">15 goli<\/td>\n<\/tr>\n<tr>\n<td width=\"49\"><strong><span style=\"color: #993300;\">3.<\/span><\/strong><\/td>\n<td width=\"155\">24 kwiecie\u0144 2023<\/td>\n<td width=\"317\">Gorc Ochotnica &#8211; Planet Car<\/td>\n<td width=\"144\">14 goli<\/td>\n<\/tr>\n<tr>\n<td width=\"49\"><strong><span style=\"color: #993300;\">4.<\/span><\/strong><\/td>\n<td width=\"155\">22 maj 2023<\/td>\n<td width=\"317\">Planet Car &#8211; Mar-Hom<\/td>\n<td width=\"144\">14 goli<\/td>\n<\/tr>\n<tr>\n<td width=\"49\"><strong><span style=\"color: #993300;\">5.<\/span><\/strong><\/td>\n<td width=\"155\">21 sierpie\u0144 2023<\/td>\n<td width=\"317\">Planet Car &#8211; Oldboje \u0141\u0105cko<\/td>\n<td width=\"144\">14 goli<\/td>\n<\/tr>\n<tr>\n<td width=\"49\"><strong><span style=\"color: #993300;\">6.<\/span><\/strong><\/td>\n<td width=\"155\">29 sierpie\u0144 2022<\/td>\n<td width=\"317\">Rejs Nowy S\u0105cz &#8211; Gorc Ochotnica<\/td>\n<td width=\"144\">13 goli<\/td>\n<\/tr>\n<tr>\n<td width=\"49\"><strong><span style=\"color: #993300;\">7.<\/span><\/strong><\/td>\n<td width=\"155\">12 wrzesie\u0144 2022<\/td>\n<td width=\"317\">Olimp Team Oldboys &#8211; Planet Car<\/td>\n<td width=\"144\">13 goli<\/td>\n<\/tr>\n<tr>\n<td width=\"49\"><strong><span style=\"color: #993300;\">8.<\/span><\/strong><\/td>\n<td width=\"155\">13 czerwiec 2022<\/td>\n<td width=\"317\">Olimp Team &#8211; Gorc Ochotnica<\/td>\n<td width=\"144\">12 goli<\/td>\n<\/tr>\n<tr>\n<td width=\"49\"><strong><span style=\"color: #993300;\">9.<\/span><\/strong><\/td>\n<td width=\"155\">12 wrzesie\u0144 2022<\/td>\n<td width=\"317\">Rejs Nowy S\u0105cz &#8211; Gorc Ochotnica<\/td>\n<td width=\"144\">12 goli<\/td>\n<\/tr>\n<tr>\n<td width=\"49\"><strong><span style=\"color: #993300;\">10.<\/span><\/strong><\/td>\n<td width=\"155\">15 maj 2023<\/td>\n<td width=\"317\">Planet Car &#8211; Oldboje \u0141\u0105cko<\/td>\n<td width=\"144\">12 goli<\/td>\n<\/tr>\n<tr>\n<td width=\"49\"><strong><span style=\"color: #993300;\">11.<\/span><\/strong><\/td>\n<td width=\"155\">22 maj 2023<\/td>\n<td width=\"317\">Rejs Nowy S\u0105cz &#8211; Oldboje \u0141\u0105cko<\/td>\n<td width=\"144\">12 goli<\/td>\n<\/tr>\n<tr>\n<td width=\"49\"><strong><span style=\"color: #993300;\">12.<\/span><\/strong><\/td>\n<td width=\"155\">19 czerwiec 2023<\/td>\n<td width=\"317\">Planet Car &#8211; Bruno<\/td>\n<td width=\"144\">12 goli<\/td>\n<\/tr>\n<tr>\n<td width=\"49\"><strong><span style=\"color: #993300;\">13.<\/span><\/strong><\/td>\n<td width=\"155\">16 maj 2022<\/td>\n<td width=\"317\">Gorc Ochotnica &#8211; Planet Car<\/td>\n<td width=\"144\">11 goli<\/td>\n<\/tr>\n<tr>\n<td width=\"49\"><strong><span style=\"color: #993300;\">14.<\/span><\/strong><\/td>\n<td width=\"155\">16 maj 2022<\/td>\n<td width=\"317\">Techbis The Reds &#8211; Rejs Nowy S\u0105cz<\/td>\n<td width=\"144\">11 goli<\/td>\n<\/tr>\n<tr>\n<td width=\"49\"><strong><span style=\"color: #993300;\">15.<\/span><\/strong><\/td>\n<td width=\"155\">8 sierpie\u0144 2022<\/td>\n<td width=\"317\">Techbis The Reds &#8211; Gorc Ochotnica<\/td>\n<td width=\"144\">11 goli<\/td>\n<\/tr>\n<\/tbody>\n<\/table>\n<\/div>\n<\/div>\n<\/div>\n<\/div>\n<\/div>\n<\/div>\n<div class=\"sportspress\">\n<div class=\"sp-template sp-template-event-list\">\n<h4 class=\"sp-table-caption\">NAJWI\u0118CEJ ZDOBYTYCH GOLI JEDNEGO ZAWODNIKA W JEDNYM MECZU:<\/h4>\n<div class=\"sp-table-wrapper\">\n<div class=\"dataTables_wrapper no-footer\">\n<div class=\"sp-scrollable-table-wrapper\">\n<div class=\"sp-scrollable-table-wrapper\">\n<table width=\"665\">\n<tbody>\n<tr>\n<td width=\"49\"><strong><span style=\"color: #993300;\">Lp.<\/span><\/strong><\/td>\n<td width=\"155\"><strong><span style=\"color: #993300;\">Data<\/span><\/strong><\/td>\n<td width=\"317\"><strong><span style=\"color: #993300;\">Zawodnik<\/span><\/strong><\/td>\n<td width=\"144\"><strong><span style=\"color: #993300;\">Wynik<\/span><\/strong><\/td>\n<\/tr>\n<tr>\n<td width=\"49\"><strong><span style=\"color: #993300;\">1.<\/span><\/strong><\/td>\n<td width=\"155\">12 wrzesie\u0144 2022<\/td>\n<td width=\"317\">Tomasz Kuc (Olimp Team)<\/td>\n<td width=\"144\">6 goli<\/td>\n<\/tr>\n<tr>\n<td width=\"49\"><strong><span style=\"color: #993300;\">2.<\/span><\/strong><\/td>\n<td width=\"155\">13 czerwiec 2022<\/td>\n<td width=\"317\">Tomasz Kuc (Olimp Team Oldboys)<\/td>\n<td width=\"144\">5 goli<\/td>\n<\/tr>\n<tr>\n<td width=\"49\"><strong><span style=\"color: #993300;\">3.<\/span><\/strong><\/td>\n<td width=\"155\">8 sierpie\u0144 2022<\/td>\n<td width=\"317\">Mateusz Polak (Techbis The Reds)<\/td>\n<td width=\"144\">5 goli<\/td>\n<\/tr>\n<tr>\n<td width=\"49\"><strong><span style=\"color: #993300;\">4.<\/span><\/strong><\/td>\n<td width=\"155\">22 maj 2023<\/td>\n<td width=\"317\">Aleksander Mrzyg\u0142\u00f3d (Planet Car)<\/td>\n<td width=\"144\">5 goli<\/td>\n<\/tr>\n<tr>\n<td width=\"49\"><strong><span style=\"color: #993300;\">5.<\/span><\/strong><\/td>\n<td width=\"155\">16 maj 2022<\/td>\n<td width=\"317\">Maciej \u015alazyk (Olimp Team Oldboys)<\/td>\n<td width=\"144\">4 gole<\/td>\n<\/tr>\n<tr>\n<td width=\"49\"><strong><span style=\"color: #993300;\">6.<\/span><\/strong><\/td>\n<td width=\"155\">6 czerwiec 2022<\/td>\n<td width=\"317\">Mariusz Dziedzina (Rejs Nowy S\u0105cz)<\/td>\n<td width=\"144\">4 gole<\/td>\n<\/tr>\n<tr>\n<td width=\"49\"><strong><span style=\"color: #993300;\">7.<\/span><\/strong><\/td>\n<td width=\"155\">8 sierpie\u0144 2022<\/td>\n<td width=\"317\">Tomasz Kuc (Olimp Team Oldboys)<\/td>\n<td width=\"144\">4 gole<\/td>\n<\/tr>\n<tr>\n<td width=\"49\"><strong><span style=\"color: #993300;\">8.<\/span><\/strong><\/td>\n<td width=\"155\">15 maj 2023<\/td>\n<td width=\"317\">Tadeusz Zasadni (Olimp Team Oldboys)<\/td>\n<td width=\"144\">4 gole<\/td>\n<\/tr>\n<tr>\n<td width=\"49\"><strong><span style=\"color: #993300;\">9.<\/span><\/strong><\/td>\n<td width=\"155\">21 sierpie\u0144 2023<\/td>\n<td width=\"317\">Tadeusz Zasadni (Olimp Team Oldboys)<\/td>\n<td width=\"144\">4 gole<\/td>\n<\/tr>\n<tr>\n<td width=\"49\"><strong><span style=\"color: #993300;\">10.<\/span><\/strong><\/td>\n<td width=\"155\">16 maj 2022<\/td>\n<td width=\"317\">Wojciech Konstanty (Planec Car)<\/td>\n<td width=\"144\">3 gole<\/td>\n<\/tr>\n<tr>\n<td width=\"49\"><strong><span style=\"color: #993300;\">11.<\/span><\/strong><\/td>\n<td width=\"155\">16 maj 2022<\/td>\n<td width=\"317\">Mateusz Polak (Techbis The Reds)<\/td>\n<td width=\"144\">3 gole<\/td>\n<\/tr>\n<tr>\n<td width=\"49\"><strong><span style=\"color: #993300;\">12.<\/span><\/strong><\/td>\n<td width=\"155\">23 maj 2022<\/td>\n<td width=\"317\">Krzysztof Tomczak (Bruno)<\/td>\n<td width=\"144\">3 gole<\/td>\n<\/tr>\n<tr>\n<td width=\"49\"><strong><span style=\"color: #993300;\">13.<\/span><\/strong><\/td>\n<td width=\"155\">23 maj 2022<\/td>\n<td width=\"317\">Maciej \u015alazyk (Olimp Team Oldboys)<\/td>\n<td width=\"144\">3 gole<\/td>\n<\/tr>\n<tr>\n<td width=\"49\"><strong><span style=\"color: #993300;\">14.<\/span><\/strong><\/td>\n<td width=\"155\">23 maj 2022<\/td>\n<td width=\"317\">Tomasz Kuc (Olimp Team Oldboys)<\/td>\n<td width=\"144\">3 gole<\/td>\n<\/tr>\n<tr>\n<td width=\"49\"><strong><span style=\"color: #993300;\">15.<\/span><\/strong><\/td>\n<td width=\"155\">30 maj 2022<\/td>\n<td width=\"317\">Mateusz Polak (Techbis The Reds)<\/td>\n<td width=\"144\">3 gole<\/td>\n<\/tr>\n<\/tbody>\n<\/table>\n<\/div>\n<\/div>\n<\/div>\n<\/div>\n<\/div>\n<\/div>\n<div class=\"sportspress\">\n<div class=\"sp-template sp-template-event-list\">\n<h4 class=\"sp-table-caption\">NAJWI\u0118CEJ ZDOBYTYCH ASYST JEDNEGO ZAWODNIKA W JEDNYM MECZU:<\/h4>\n<div class=\"sp-table-wrapper\">\n<div class=\"dataTables_wrapper no-footer\">\n<div class=\"sp-scrollable-table-wrapper\">\n<div class=\"sp-scrollable-table-wrapper\">\n<table width=\"665\">\n<tbody>\n<tr>\n<td width=\"49\"><strong><span style=\"color: #993300;\">Lp.<\/span><\/strong><\/td>\n<td width=\"155\"><strong><span style=\"color: #993300;\">Data<\/span><\/strong><\/td>\n<td width=\"317\"><span style=\"color: #993300;\"><b>Zawodnik<\/b><\/span><\/td>\n<td width=\"144\"><strong><span style=\"color: #993300;\">Wynik<\/span><\/strong><\/td>\n<\/tr>\n<tr>\n<td width=\"49\"><strong><span style=\"color: #993300;\">1.<\/span><\/strong><\/td>\n<td width=\"155\">20 czerwiec 2022<\/td>\n<td width=\"317\">Grzegorz Konstanty (Planet Car)<\/td>\n<td width=\"144\">5 asyst<\/td>\n<\/tr>\n<tr>\n<td width=\"49\"><strong><span style=\"color: #993300;\">2.<\/span><\/strong><\/td>\n<td width=\"155\">21 sierpie\u0144 2023<\/td>\n<td width=\"317\">Grzegorz Konstanty (Planet Car)<\/td>\n<td width=\"144\">4 asysty<\/td>\n<\/tr>\n<tr>\n<td width=\"49\"><strong><span style=\"color: #993300;\">3.<\/span><\/strong><\/td>\n<td width=\"155\">16 maj 2022<\/td>\n<td width=\"317\">Grzegorz Konstanty (Planet Car)<\/td>\n<td width=\"144\">3 asysty<\/td>\n<\/tr>\n<tr>\n<td width=\"49\"><strong><span style=\"color: #993300;\">4.<\/span><\/strong><\/td>\n<td width=\"155\">23 maj 2022<\/td>\n<td width=\"317\">Sebastian Mamala (Olimp Team Oldboys)<\/td>\n<td width=\"144\">3 asysty<\/td>\n<\/tr>\n<tr>\n<td width=\"49\"><strong><span style=\"color: #993300;\">5.<\/span><\/strong><\/td>\n<td width=\"155\">30 maj 2022<\/td>\n<td width=\"317\">Mateusz Polak (Techbis The Reds)<\/td>\n<td width=\"144\">3 asysty<\/td>\n<\/tr>\n<tr>\n<td width=\"49\"><strong><span style=\"color: #993300;\">6.<\/span><\/strong><\/td>\n<td width=\"155\">29 sierpie\u0144 2022<\/td>\n<td width=\"317\">Adam Wysowski (Rejs Nowy S\u0105cz)<\/td>\n<td width=\"144\">3 asysty<\/td>\n<\/tr>\n<tr>\n<td width=\"49\"><strong><span style=\"color: #993300;\">7.<\/span><\/strong><\/td>\n<td width=\"155\">12 wrzesie\u0144 2022<\/td>\n<td width=\"317\">Sebastian Mamala (Olimp Team)<\/td>\n<td width=\"144\">3 asysty<\/td>\n<\/tr>\n<tr>\n<td width=\"49\"><strong><span style=\"color: #993300;\">8.<\/span><\/strong><\/td>\n<td width=\"155\">12 wrzesie\u0144 2022<\/td>\n<td width=\"317\">Adam Wysowski (Rejs Nowy S\u0105cz)<\/td>\n<td width=\"144\">3 asysty<\/td>\n<\/tr>\n<tr>\n<td width=\"49\"><strong><span style=\"color: #993300;\">9.<\/span><\/strong><\/td>\n<td width=\"155\">24 kwiecie\u0144 2023<\/td>\n<td width=\"317\">Dawid S\u0142owik (Olimp Team Oldboys)<\/td>\n<td width=\"144\">3 asysty<\/td>\n<\/tr>\n<tr>\n<td width=\"49\"><strong><span style=\"color: #993300;\">10.<\/span><\/strong><\/td>\n<td width=\"155\">24 kwiecie\u0144 2023<\/td>\n<td width=\"317\">S\u0142awomir Zi\u0119cina (Techbis The Reds)<\/td>\n<td width=\"144\">3 asysty<\/td>\n<\/tr>\n<tr>\n<td width=\"49\"><strong><span style=\"color: #993300;\">11.<\/span><\/strong><\/td>\n<td width=\"155\">20 maj 2023<\/td>\n<td width=\"317\">Rafa\u0142 Pie\u0144ko (Planet Car)<\/td>\n<td width=\"144\">3 asysty<\/td>\n<\/tr>\n<tr>\n<td width=\"49\"><strong><span style=\"color: #993300;\">12.<\/span><\/strong><\/td>\n<td width=\"155\">20 maj 2023<\/td>\n<td width=\"317\">Tomasz Szczurek (Planet Car)<\/td>\n<td width=\"144\">3 asysty<\/td>\n<\/tr>\n<tr>\n<td width=\"49\"><strong><span style=\"color: #993300;\">13.<\/span><\/strong><\/td>\n<td width=\"155\">20 maj 2023<\/td>\n<td width=\"317\">Mariusz Dziedzina (Rejs Nowy S\u0105cz)<\/td>\n<td width=\"144\">3 asysty<\/td>\n<\/tr>\n<tr>\n<td width=\"49\"><strong><span style=\"color: #993300;\">14.<\/span><\/strong><\/td>\n<td width=\"155\">12 czerwiec 2023<\/td>\n<td width=\"317\">Bogdan Zgrzeblak (Planet Car)<\/td>\n<td width=\"144\">3 asysty<\/td>\n<\/tr>\n<tr>\n<td width=\"49\"><strong><span style=\"color: #993300;\">15.<\/span><\/strong><\/td>\n<td width=\"155\">7 sierpie\u0144 2023<\/td>\n<td width=\"317\">Grzegorz Konstanty (Planet Car)<\/td>\n<td width=\"144\">3 asysty<\/td>\n<\/tr>\n<\/tbody>\n<\/table>\n<\/div>\n<\/div>\n<\/div>\n<\/div>\n<\/div>\n<\/div>\n<\/div>\n<\/div>\n<p>3<\/p>\n","protected":false},"excerpt":{"rendered":"<p>\u00a0NAJWY\u017bSZE zwyci\u0119stwa: Lp. Data Mecz Wynik 1. 20 czerwiec 2022 Gorc Ochotnica &#8211; Planet Car 2:14 (0:7) + 12 goli 2. 24 kwiecie\u0144 2023 Oldboje \u0141\u0105cko &#8211; Olimp Team Oldboys 13:1 (8:1) + 12 goli 3. 28 sierpie\u0144 2023 Rejs Nowy S\u0105cz &#8211; Oldboje \u0141\u0105cko 11:0 (6:0) + 11 goli 4. 13 czerwiec 2022 Bruno [&hellip;]<\/p>\n","protected":false},"author":1,"featured_media":0,"parent":0,"menu_order":0,"comment_status":"closed","ping_status":"closed","template":"","meta":[],"_links":{"self":[{"href":"https:\/\/lfsportevents.pl\/ligaorlika2023\/wp-json\/wp\/v2\/pages\/27736"}],"collection":[{"href":"https:\/\/lfsportevents.pl\/ligaorlika2023\/wp-json\/wp\/v2\/pages"}],"about":[{"href":"https:\/\/lfsportevents.pl\/ligaorlika2023\/wp-json\/wp\/v2\/types\/page"}],"author":[{"embeddable":true,"href":"https:\/\/lfsportevents.pl\/ligaorlika2023\/wp-json\/wp\/v2\/users\/1"}],"replies":[{"embeddable":true,"href":"https:\/\/lfsportevents.pl\/ligaorlika2023\/wp-json\/wp\/v2\/comments?post=27736"}],"version-history":[{"count":2,"href":"https:\/\/lfsportevents.pl\/ligaorlika2023\/wp-json\/wp\/v2\/pages\/27736\/revisions"}],"predecessor-version":[{"id":31261,"href":"https:\/\/lfsportevents.pl\/ligaorlika2023\/wp-json\/wp\/v2\/pages\/27736\/revisions\/31261"}],"wp:attachment":[{"href":"https:\/\/lfsportevents.pl\/ligaorlika2023\/wp-json\/wp\/v2\/media?parent=27736"}],"curies":[{"name":"wp","href":"https:\/\/api.w.org\/{rel}","templated":true}]}}