{"id":27732,"date":"2022-06-08T10:55:13","date_gmt":"2022-06-08T08:55:13","guid":{"rendered":"https:\/\/lfsportevents.pl\/ligaorlika2023\/?page_id=27732"},"modified":"2023-10-05T22:15:08","modified_gmt":"2023-10-05T20:15:08","slug":"wyroznieni-zawodnicy-6","status":"publish","type":"page","link":"https:\/\/lfsportevents.pl\/ligaorlika2023\/wyroznieni-zawodnicy-6\/","title":{"rendered":"Wyr\u00f3\u017cnieni zawodnicy"},"content":{"rendered":"<h4 class=\"sp-table-caption\">NAJLEPSI STRZELCY &#8211; LIGA OLDBOY<\/h4>\n<table width=\"522\">\n<tbody>\n<tr>\n<td width=\"59\"><strong>Sezon<\/strong><\/td>\n<td width=\"170\"><strong>Imi\u0119 i Nazwisko<\/strong><\/td>\n<td width=\"209\"><strong>Klub<\/strong><\/td>\n<td width=\"84\"><strong>Ilo\u015b\u0107 Goli<\/strong><\/td>\n<\/tr>\n<tr>\n<td width=\"59\"><span style=\"color: #333333;\"><strong>2023<\/strong><\/span><\/td>\n<td style=\"text-align: left;\" width=\"170\"><span style=\"color: #993300;\"><img loading=\"lazy\" class=\"wp-image-27326 alignleft\" src=\"https:\/\/lfsportevents.pl\/ligaorlika2023\/wp-content\/uploads\/1984\/12\/Tadeusz-Zasadni.jpg\" alt=\"\" width=\"25\" height=\"33\" srcset=\"https:\/\/lfsportevents.pl\/ligaorlika2023\/wp-content\/uploads\/1984\/12\/Tadeusz-Zasadni.jpg 225w, https:\/\/lfsportevents.pl\/ligaorlika2023\/wp-content\/uploads\/1984\/12\/Tadeusz-Zasadni-96x128.jpg 96w, https:\/\/lfsportevents.pl\/ligaorlika2023\/wp-content\/uploads\/1984\/12\/Tadeusz-Zasadni-24x32.jpg 24w\" sizes=\"(max-width: 25px) 100vw, 25px\" \/>Tadeusz Zasadni<\/span><\/td>\n<td style=\"text-align: center;\" width=\"209\"><span style=\"color: #993300;\">Olimp Team Oldboys<\/span><\/td>\n<td width=\"84\"><span style=\"color: #993300;\">22<\/span><\/td>\n<\/tr>\n<tr>\n<td width=\"59\"><span style=\"color: #333333;\"><strong>2022<\/strong><\/span><\/td>\n<td style=\"text-align: left;\" width=\"170\"><span style=\"color: #993300;\"><img loading=\"lazy\" class=\"wp-image-27327 alignleft\" src=\"https:\/\/lfsportevents.pl\/ligaorlika2023\/wp-content\/uploads\/1984\/12\/Tomasz-Kuc.jpg\" alt=\"\" width=\"25\" height=\"33\" srcset=\"https:\/\/lfsportevents.pl\/ligaorlika2023\/wp-content\/uploads\/1984\/12\/Tomasz-Kuc.jpg 225w, https:\/\/lfsportevents.pl\/ligaorlika2023\/wp-content\/uploads\/1984\/12\/Tomasz-Kuc-96x128.jpg 96w, https:\/\/lfsportevents.pl\/ligaorlika2023\/wp-content\/uploads\/1984\/12\/Tomasz-Kuc-24x32.jpg 24w\" sizes=\"(max-width: 25px) 100vw, 25px\" \/>Tomasz Kuc<\/span><\/td>\n<td style=\"text-align: center;\" width=\"209\"><span style=\"color: #993300;\">Olimp Team Oldboys<\/span><\/td>\n<td width=\"84\"><span style=\"color: #993300;\">32<\/span><\/td>\n<\/tr>\n<\/tbody>\n<\/table>\n<h4 class=\"sp-table-caption\" style=\"text-align: left;\">NAJLEPSI ASYSTENCI &#8211; LIGA OLDBOY<\/h4>\n<table width=\"522\">\n<tbody>\n<tr>\n<td width=\"59\"><strong>Sezon<\/strong><\/td>\n<td width=\"170\"><strong>Imi\u0119 i Nazwisko<\/strong><\/td>\n<td width=\"209\"><strong>Klub<\/strong><\/td>\n<td width=\"84\"><strong>Ilo\u015b\u0107 Asyst<\/strong><\/td>\n<\/tr>\n<tr>\n<td width=\"59\"><span style=\"color: #333333;\"><strong>2023<\/strong><\/span><\/td>\n<td style=\"text-align: left;\" width=\"170\"><span style=\"color: #993300;\"><img loading=\"lazy\" class=\"wp-image-27016 alignleft\" src=\"https:\/\/lfsportevents.pl\/ligaorlika2023\/wp-content\/uploads\/2022\/05\/Dawid-Slowik.jpg\" alt=\"\" width=\"26\" height=\"35\" srcset=\"https:\/\/lfsportevents.pl\/ligaorlika2023\/wp-content\/uploads\/2022\/05\/Dawid-Slowik.jpg 225w, https:\/\/lfsportevents.pl\/ligaorlika2023\/wp-content\/uploads\/2022\/05\/Dawid-Slowik-96x128.jpg 96w, https:\/\/lfsportevents.pl\/ligaorlika2023\/wp-content\/uploads\/2022\/05\/Dawid-Slowik-24x32.jpg 24w\" sizes=\"(max-width: 26px) 100vw, 26px\" \/>Dawid S\u0142owik<\/span><\/td>\n<td style=\"text-align: center;\" width=\"209\"><span style=\"color: #993300;\">Olimp Team Oldboys<\/span><\/td>\n<td width=\"84\"><span style=\"color: #993300;\">12<\/span><\/td>\n<\/tr>\n<tr>\n<td width=\"59\"><span style=\"color: #333333;\"><strong>2022<\/strong><\/span><\/td>\n<td style=\"text-align: left;\" width=\"170\"><span style=\"color: #993300;\"><img loading=\"lazy\" class=\"wp-image-27806 alignleft\" src=\"https:\/\/lfsportevents.pl\/ligaorlika2023\/wp-content\/uploads\/1973\/08\/Rafal-Smolen-1.jpg\" alt=\"\" width=\"26\" height=\"35\" srcset=\"https:\/\/lfsportevents.pl\/ligaorlika2023\/wp-content\/uploads\/1973\/08\/Rafal-Smolen-1.jpg 225w, https:\/\/lfsportevents.pl\/ligaorlika2023\/wp-content\/uploads\/1973\/08\/Rafal-Smolen-1-96x128.jpg 96w, https:\/\/lfsportevents.pl\/ligaorlika2023\/wp-content\/uploads\/1973\/08\/Rafal-Smolen-1-24x32.jpg 24w\" sizes=\"(max-width: 26px) 100vw, 26px\" \/>Rafa\u0142 Smole\u0144<\/span><\/td>\n<td style=\"text-align: center;\" width=\"209\"><span style=\"color: #993300;\">Rejs Nowy S\u0105cz<\/span><\/td>\n<td width=\"84\"><span style=\"color: #993300;\">17<\/span><\/td>\n<\/tr>\n<\/tbody>\n<\/table>\n<h4 class=\"sp-table-caption\">NAJLEPSI W KL. KANADYJSKIEJ &#8211; LIGA OLDBOY<\/h4>\n<table width=\"522\">\n<tbody>\n<tr>\n<td width=\"59\"><strong>Sezon<\/strong><\/td>\n<td width=\"170\"><strong>Imi\u0119 i Nazwisko<\/strong><\/td>\n<td width=\"209\"><strong>Klub<\/strong><\/td>\n<td width=\"84\"><strong>Ilo\u015b\u0107 Punkt\u00f3w<\/strong><\/td>\n<\/tr>\n<tr>\n<td width=\"59\"><span style=\"color: #333333;\"><strong>2023<\/strong><\/span><\/td>\n<td style=\"text-align: left;\" width=\"170\"><span style=\"color: #993300;\"><img loading=\"lazy\" class=\"wp-image-27326 alignleft\" src=\"https:\/\/lfsportevents.pl\/ligaorlika2023\/wp-content\/uploads\/1984\/12\/Tadeusz-Zasadni.jpg\" alt=\"\" width=\"25\" height=\"33\" srcset=\"https:\/\/lfsportevents.pl\/ligaorlika2023\/wp-content\/uploads\/1984\/12\/Tadeusz-Zasadni.jpg 225w, https:\/\/lfsportevents.pl\/ligaorlika2023\/wp-content\/uploads\/1984\/12\/Tadeusz-Zasadni-96x128.jpg 96w, https:\/\/lfsportevents.pl\/ligaorlika2023\/wp-content\/uploads\/1984\/12\/Tadeusz-Zasadni-24x32.jpg 24w\" sizes=\"(max-width: 25px) 100vw, 25px\" \/>Tadeusz Zasadni<\/span><\/td>\n<td style=\"text-align: center;\" width=\"209\"><span style=\"color: #993300;\">Olimp Team Oldboys<\/span><\/td>\n<td width=\"84\"><span style=\"color: #993300;\">31<\/span><\/td>\n<\/tr>\n<tr>\n<td width=\"59\"><span style=\"color: #333333;\"><strong>2022<\/strong><\/span><\/td>\n<td style=\"text-align: left;\" width=\"170\"><span style=\"color: #993300;\"><img loading=\"lazy\" class=\"wp-image-27327 alignleft\" src=\"https:\/\/lfsportevents.pl\/ligaorlika2023\/wp-content\/uploads\/1984\/12\/Tomasz-Kuc.jpg\" alt=\"\" width=\"25\" height=\"33\" srcset=\"https:\/\/lfsportevents.pl\/ligaorlika2023\/wp-content\/uploads\/1984\/12\/Tomasz-Kuc.jpg 225w, https:\/\/lfsportevents.pl\/ligaorlika2023\/wp-content\/uploads\/1984\/12\/Tomasz-Kuc-96x128.jpg 96w, https:\/\/lfsportevents.pl\/ligaorlika2023\/wp-content\/uploads\/1984\/12\/Tomasz-Kuc-24x32.jpg 24w\" sizes=\"(max-width: 25px) 100vw, 25px\" \/>Tomasz Kuc<\/span><\/td>\n<td style=\"text-align: center;\" width=\"209\"><span style=\"color: #993300;\">Olimp Team Oldboys<\/span><\/td>\n<td width=\"84\"><span style=\"color: #993300;\">38<\/span><\/td>\n<\/tr>\n<\/tbody>\n<\/table>\n<h4 class=\"sp-table-caption\">NAJLEPSI BRAMKARZE &#8211; LIGA OLDBOY<\/h4>\n<table width=\"438\">\n<tbody>\n<tr>\n<td width=\"59\"><strong>Sezon<\/strong><\/td>\n<td width=\"170\"><strong>Imi\u0119 i Nazwisko<\/strong><\/td>\n<td width=\"209\"><strong>Klub<\/strong><\/td>\n<\/tr>\n<tr>\n<td width=\"59\"><strong>2023<\/strong><\/td>\n<td style=\"text-align: left;\" width=\"170\"><span style=\"color: #993300;\"><img loading=\"lazy\" class=\"wp-image-13718 alignleft\" src=\"https:\/\/lfsportevents.pl\/ligaorlika2023\/wp-content\/uploads\/1979\/10\/Grzegorz-Wo\u017aniak.jpg\" alt=\"\" width=\"25\" height=\"33\" srcset=\"https:\/\/lfsportevents.pl\/ligaorlika2023\/wp-content\/uploads\/1979\/10\/Grzegorz-Wo\u017aniak.jpg 225w, https:\/\/lfsportevents.pl\/ligaorlika2023\/wp-content\/uploads\/1979\/10\/Grzegorz-Wo\u017aniak-96x128.jpg 96w, https:\/\/lfsportevents.pl\/ligaorlika2023\/wp-content\/uploads\/1979\/10\/Grzegorz-Wo\u017aniak-24x32.jpg 24w\" sizes=\"(max-width: 25px) 100vw, 25px\" \/>Grzegorz Wo\u017aniak<\/span><\/td>\n<td width=\"209\"><span style=\"color: #993300;\">Rejs Nowy S\u0105cz<\/span><\/td>\n<\/tr>\n<tr>\n<td width=\"59\"><strong>2022<\/strong><\/td>\n<td style=\"text-align: left;\" width=\"170\"><span style=\"color: #993300;\"><img loading=\"lazy\" class=\"wp-image-30207 alignleft\" src=\"https:\/\/lfsportevents.pl\/ligaorlika2023\/wp-content\/uploads\/1978\/02\/Fabian-Kielbasa-1.jpg\" alt=\"\" width=\"25\" height=\"33\" srcset=\"https:\/\/lfsportevents.pl\/ligaorlika2023\/wp-content\/uploads\/1978\/02\/Fabian-Kielbasa-1.jpg 225w, https:\/\/lfsportevents.pl\/ligaorlika2023\/wp-content\/uploads\/1978\/02\/Fabian-Kielbasa-1-96x128.jpg 96w, https:\/\/lfsportevents.pl\/ligaorlika2023\/wp-content\/uploads\/1978\/02\/Fabian-Kielbasa-1-24x32.jpg 24w\" sizes=\"(max-width: 25px) 100vw, 25px\" \/>Fabian Kie\u0142basa<\/span><\/td>\n<td width=\"209\"><span style=\"color: #993300;\">Olimp Team Oldboys<\/span><\/td>\n<\/tr>\n<\/tbody>\n<\/table>\n<h4 class=\"sp-table-caption\">NAJLEPSI OBRO\u0143CY &#8211; LIGA OLDBOY<\/h4>\n<table width=\"438\">\n<tbody>\n<tr>\n<td width=\"59\"><strong>Sezon<\/strong><\/td>\n<td width=\"170\"><strong>Imi\u0119 i Nazwisko<\/strong><\/td>\n<td width=\"209\"><strong>Klub<\/strong><\/td>\n<\/tr>\n<tr>\n<td width=\"59\"><strong>2023<\/strong><\/td>\n<td style=\"text-align: left;\" width=\"170\"><span style=\"color: #993300;\"><img loading=\"lazy\" class=\"wp-image-27332 alignleft\" src=\"https:\/\/lfsportevents.pl\/ligaorlika2023\/wp-content\/uploads\/2022\/04\/Pawel-Czernecki.jpg\" alt=\"\" width=\"25\" height=\"33\" srcset=\"https:\/\/lfsportevents.pl\/ligaorlika2023\/wp-content\/uploads\/2022\/04\/Pawel-Czernecki.jpg 225w, https:\/\/lfsportevents.pl\/ligaorlika2023\/wp-content\/uploads\/2022\/04\/Pawel-Czernecki-96x128.jpg 96w, https:\/\/lfsportevents.pl\/ligaorlika2023\/wp-content\/uploads\/2022\/04\/Pawel-Czernecki-24x32.jpg 24w\" sizes=\"(max-width: 25px) 100vw, 25px\" \/>Pawe\u0142 Czernecki<\/span><\/td>\n<td style=\"text-align: center;\" width=\"209\"><span style=\"color: #993300;\">Rejs Nowy S\u0105cz<\/span><\/td>\n<\/tr>\n<tr>\n<td width=\"59\"><strong>2022<\/strong><\/td>\n<td style=\"text-align: left;\" width=\"170\"><span style=\"color: #993300;\"><img loading=\"lazy\" class=\"wp-image-27260 alignleft\" src=\"https:\/\/lfsportevents.pl\/ligaorlika2023\/wp-content\/uploads\/1987\/08\/Grzegorz-Konstanty.jpg\" alt=\"\" width=\"25\" height=\"33\" srcset=\"https:\/\/lfsportevents.pl\/ligaorlika2023\/wp-content\/uploads\/1987\/08\/Grzegorz-Konstanty.jpg 225w, https:\/\/lfsportevents.pl\/ligaorlika2023\/wp-content\/uploads\/1987\/08\/Grzegorz-Konstanty-96x128.jpg 96w, https:\/\/lfsportevents.pl\/ligaorlika2023\/wp-content\/uploads\/1987\/08\/Grzegorz-Konstanty-24x32.jpg 24w\" sizes=\"(max-width: 25px) 100vw, 25px\" \/>Grzegorz Konstanty<\/span><\/td>\n<td style=\"text-align: center;\" width=\"209\"><span style=\"color: #993300;\">Planet Car<\/span><\/td>\n<\/tr>\n<\/tbody>\n<\/table>\n<p>&nbsp;<\/p>\n","protected":false},"excerpt":{"rendered":"<p>NAJLEPSI STRZELCY &#8211; LIGA OLDBOY Sezon Imi\u0119 i Nazwisko Klub Ilo\u015b\u0107 Goli 2023 Tadeusz Zasadni Olimp Team Oldboys 22 2022 Tomasz Kuc Olimp Team Oldboys 32 NAJLEPSI ASYSTENCI &#8211; LIGA OLDBOY Sezon Imi\u0119 i Nazwisko Klub Ilo\u015b\u0107 Asyst 2023 Dawid S\u0142owik Olimp Team Oldboys 12 2022 Rafa\u0142 Smole\u0144 Rejs Nowy S\u0105cz 17 NAJLEPSI W KL. [&hellip;]<\/p>\n","protected":false},"author":1,"featured_media":0,"parent":0,"menu_order":0,"comment_status":"closed","ping_status":"closed","template":"","meta":[],"_links":{"self":[{"href":"https:\/\/lfsportevents.pl\/ligaorlika2023\/wp-json\/wp\/v2\/pages\/27732"}],"collection":[{"href":"https:\/\/lfsportevents.pl\/ligaorlika2023\/wp-json\/wp\/v2\/pages"}],"about":[{"href":"https:\/\/lfsportevents.pl\/ligaorlika2023\/wp-json\/wp\/v2\/types\/page"}],"author":[{"embeddable":true,"href":"https:\/\/lfsportevents.pl\/ligaorlika2023\/wp-json\/wp\/v2\/users\/1"}],"replies":[{"embeddable":true,"href":"https:\/\/lfsportevents.pl\/ligaorlika2023\/wp-json\/wp\/v2\/comments?post=27732"}],"version-history":[{"count":2,"href":"https:\/\/lfsportevents.pl\/ligaorlika2023\/wp-json\/wp\/v2\/pages\/27732\/revisions"}],"predecessor-version":[{"id":31628,"href":"https:\/\/lfsportevents.pl\/ligaorlika2023\/wp-json\/wp\/v2\/pages\/27732\/revisions\/31628"}],"wp:attachment":[{"href":"https:\/\/lfsportevents.pl\/ligaorlika2023\/wp-json\/wp\/v2\/media?parent=27732"}],"curies":[{"name":"wp","href":"https:\/\/api.w.org\/{rel}","templated":true}]}}